{"id":255824,"date":"2026-03-15T00:57:15","date_gmt":"2026-03-14T23:57:15","guid":{"rendered":"https:\/\/schweizversand.ch\/produkt\/hudora-schaukel-vario-ergaenzungsmodul-zeltanbau\/"},"modified":"2026-04-20T02:06:08","modified_gmt":"2026-04-20T00:06:08","slug":"hudora-schaukel-vario-ergaenzungsmodul-zeltanbau","status":"publish","type":"product","link":"https:\/\/schweizversand.ch\/it\/produkt\/hudora-schaukel-vario-ergaenzungsmodul-zeltanbau\/","title":{"rendered":"Modulo di estensione Hudora Swing Vario per tenda"},"content":{"rendered":"<p>Tenda da fissare al telaio dell&#8217;altalena Vario<\/p>\n<p>Dimensioni circa 223 x 150 x 210 cm<\/p>\n<p>Include borsa per il trasporto<\/p>\n<p>Dimensioni da imballata: 20 x 20 x 49 cm<\/p>\n<p>Peso circa 2 kg<\/p>\n<p>Tessuto esterno con protezione UPF 50+<\/p>\n<p>Impermeabile con una colonna d&#8217;acqua di 1500 mm<\/p>\n<p>Telo da terra e visiera della tenda in robusto materiale PE impermeabile, cuciture saldate<\/p>\n<p>Parete posteriore con imbottitura integrata per la traversa dell&#8217;altalena<\/p>\n<p>2 finestre laterali con zanzariera e copertura avvolgibile<\/p>\n<p>Costruzione completamente senza pali<\/p>\n<p>Ancoraggio al suolo con 5 picchetti<\/p>\n<p>IMPORTANTE: per montare il modulo aggiuntivo per altalena \u00e8 necessario il modulo base 64024!<\/p>\n","protected":false},"excerpt":{"rendered":"<p>Tenda da fissare al telaio dell&#8217;altalena Vario Dimensioni circa 223 x 150 x 210 cm Include borsa per il trasporto Dimensioni da imballata: 20 x 20 x 49 cm Peso circa 2 kg Tessuto esterno con protezione UPF 50+ Impermeabile con una colonna d&#8217;acqua di 1500 mm Telo da terra e visiera della tenda in robusto materiale PE impermeabile, cuciture saldate Parete posteriore con imbottitura integrata per la traversa dell&#8217;altalena 2 finestre laterali con zanzariera&hellip;<\/p>\n","protected":false},"featured_media":165380,"comment_status":"open","ping_status":"closed","template":"","meta":[],"product_brand":[],"product_cat":[38558],"product_tag":[],"class_list":{"0":"post-255824","1":"product","2":"type-product","3":"status-publish","4":"has-post-thumbnail","6":"product_cat-gartenspielgeraete","7":"product_shipping_class-global_methods","9":"first","10":"instock","11":"taxable","12":"shipping-taxable","13":"purchasable","14":"product-type-simple"},"yoast_head":"<!-- This site is optimized with the Yoast SEO plugin v27.4 - https:\/\/yoast.com\/product\/yoast-seo-wordpress\/ -->\n<title>Hudora Schaukel Vario Erg\u00e4nzungsmodul Zeltanbau | Jetzt kaufen | Schweizversand.ch<\/title>\n<meta name=\"description\" content=\"Hudora Schaukel Vario Erg\u00e4nzungsmodul Zeltanbau g\u00fcnstig kaufen bei Schweizversand.ch. Schnelle Lieferung in der Schweiz. Gratisversand ab CHF 50.\" \/>\n<meta name=\"robots\" content=\"index, follow, max-snippet:-1, max-image-preview:large, max-video-preview:-1\" \/>\n<link rel=\"canonical\" href=\"https:\/\/schweizversand.ch\/it\/produkt\/hudora-schaukel-vario-ergaenzungsmodul-zeltanbau\/\" \/>\n<meta property=\"og:locale\" content=\"it_IT\" \/>\n<meta property=\"og:type\" content=\"article\" \/>\n<meta property=\"og:title\" content=\"Hudora Schaukel Vario Erg\u00e4nzungsmodul Zeltanbau | Jetzt kaufen | Schweizversand.ch\" \/>\n<meta property=\"og:description\" content=\"Hudora Schaukel Vario Erg\u00e4nzungsmodul Zeltanbau g\u00fcnstig kaufen bei Schweizversand.ch. Schnelle Lieferung in der Schweiz. Gratisversand ab CHF 50.\" \/>\n<meta property=\"og:url\" content=\"https:\/\/schweizversand.ch\/it\/produkt\/hudora-schaukel-vario-ergaenzungsmodul-zeltanbau\/\" \/>\n<meta property=\"og:site_name\" content=\"Schweizer Shop f\u00fcr Sport, Spiel und Freizeit\" \/>\n<meta property=\"article:publisher\" content=\"https:\/\/www.facebook.com\/Schweizversand\" \/>\n<meta property=\"article:modified_time\" content=\"2026-04-20T00:06:08+00:00\" \/>\n<meta property=\"og:image\" content=\"https:\/\/schweizversand.ch\/wp-content\/uploads\/2026\/02\/5471594267.jpg\" \/>\n\t<meta property=\"og:image:width\" content=\"1024\" \/>\n\t<meta property=\"og:image:height\" content=\"682\" \/>\n\t<meta property=\"og:image:type\" content=\"image\/jpeg\" \/>\n<meta name=\"twitter:card\" content=\"summary_large_image\" \/>\n<script type=\"application\/ld+json\" class=\"yoast-schema-graph\">{\"@context\":\"https:\\\/\\\/schema.org\",\"@graph\":[{\"@type\":\"WebPage\",\"@id\":\"https:\\\/\\\/schweizversand.ch\\\/it\\\/produkt\\\/hudora-schaukel-vario-ergaenzungsmodul-zeltanbau\\\/\",\"url\":\"https:\\\/\\\/schweizversand.ch\\\/it\\\/produkt\\\/hudora-schaukel-vario-ergaenzungsmodul-zeltanbau\\\/\",\"name\":\"Hudora Schaukel Vario Erg\u00e4nzungsmodul Zeltanbau | Jetzt kaufen | Schweizversand.ch\",\"isPartOf\":{\"@id\":\"https:\\\/\\\/schweizversand.ch\\\/it\\\/#website\"},\"primaryImageOfPage\":{\"@id\":\"https:\\\/\\\/schweizversand.ch\\\/it\\\/produkt\\\/hudora-schaukel-vario-ergaenzungsmodul-zeltanbau\\\/#primaryimage\"},\"image\":{\"@id\":\"https:\\\/\\\/schweizversand.ch\\\/it\\\/produkt\\\/hudora-schaukel-vario-ergaenzungsmodul-zeltanbau\\\/#primaryimage\"},\"thumbnailUrl\":\"https:\\\/\\\/schweizversand.ch\\\/wp-content\\\/uploads\\\/2026\\\/02\\\/5471594267.jpg\",\"datePublished\":\"2026-03-14T23:57:15+00:00\",\"dateModified\":\"2026-04-20T00:06:08+00:00\",\"description\":\"Hudora Schaukel Vario Erg\u00e4nzungsmodul Zeltanbau g\u00fcnstig kaufen bei Schweizversand.ch. Schnelle Lieferung in der Schweiz. Gratisversand ab CHF 50.\",\"breadcrumb\":{\"@id\":\"https:\\\/\\\/schweizversand.ch\\\/it\\\/produkt\\\/hudora-schaukel-vario-ergaenzungsmodul-zeltanbau\\\/#breadcrumb\"},\"inLanguage\":\"it-IT\",\"potentialAction\":[{\"@type\":\"ReadAction\",\"target\":[\"https:\\\/\\\/schweizversand.ch\\\/it\\\/produkt\\\/hudora-schaukel-vario-ergaenzungsmodul-zeltanbau\\\/\"]}]},{\"@type\":\"ImageObject\",\"inLanguage\":\"it-IT\",\"@id\":\"https:\\\/\\\/schweizversand.ch\\\/it\\\/produkt\\\/hudora-schaukel-vario-ergaenzungsmodul-zeltanbau\\\/#primaryimage\",\"url\":\"https:\\\/\\\/schweizversand.ch\\\/wp-content\\\/uploads\\\/2026\\\/02\\\/5471594267.jpg\",\"contentUrl\":\"https:\\\/\\\/schweizversand.ch\\\/wp-content\\\/uploads\\\/2026\\\/02\\\/5471594267.jpg\",\"width\":1024,\"height\":682},{\"@type\":\"BreadcrumbList\",\"@id\":\"https:\\\/\\\/schweizversand.ch\\\/it\\\/produkt\\\/hudora-schaukel-vario-ergaenzungsmodul-zeltanbau\\\/#breadcrumb\",\"itemListElement\":[{\"@type\":\"ListItem\",\"position\":1,\"name\":\"Startseite\",\"item\":\"https:\\\/\\\/schweizversand.ch\\\/it\\\/home\\\/\"},{\"@type\":\"ListItem\",\"position\":2,\"name\":\"Shop\",\"item\":\"https:\\\/\\\/schweizversand.ch\\\/it\\\/shop\\\/\"},{\"@type\":\"ListItem\",\"position\":3,\"name\":\"Giocattoli e giochi\",\"item\":\"https:\\\/\\\/schweizversand.ch\\\/it\\\/produkt-kategorie\\\/giocattoli-e-giochi\\\/\"},{\"@type\":\"ListItem\",\"position\":4,\"name\":\"Giochi all'aperto\",\"item\":\"https:\\\/\\\/schweizversand.ch\\\/it\\\/produkt-kategorie\\\/giocattoli-e-giochi\\\/giochi-allaperto\\\/\"},{\"@type\":\"ListItem\",\"position\":5,\"name\":\"Attrezzature da gioco da giardino\",\"item\":\"https:\\\/\\\/schweizversand.ch\\\/it\\\/produkt-kategorie\\\/giocattoli-e-giochi\\\/giochi-allaperto\\\/gartenspielgeraete\\\/\"},{\"@type\":\"ListItem\",\"position\":6,\"name\":\"Modulo di estensione Hudora Swing Vario per tenda\"}]},{\"@type\":\"WebSite\",\"@id\":\"https:\\\/\\\/schweizversand.ch\\\/it\\\/#website\",\"url\":\"https:\\\/\\\/schweizversand.ch\\\/it\\\/\",\"name\":\"Schweizer Shop f\u00fcr Sport, Spiel und Freizeit\",\"description\":\"Gratisversand ab 50.- (netto), ab eigenem schweizer Lager, Lieferung innert 48h\",\"publisher\":{\"@id\":\"https:\\\/\\\/schweizversand.ch\\\/it\\\/#organization\"},\"alternateName\":\"Schweizversand.ch\",\"potentialAction\":[{\"@type\":\"SearchAction\",\"target\":{\"@type\":\"EntryPoint\",\"urlTemplate\":\"https:\\\/\\\/schweizversand.ch\\\/it\\\/?s={search_term_string}\"},\"query-input\":{\"@type\":\"PropertyValueSpecification\",\"valueRequired\":true,\"valueName\":\"search_term_string\"}}],\"inLanguage\":\"it-IT\"},{\"@type\":\"Organization\",\"@id\":\"https:\\\/\\\/schweizversand.ch\\\/it\\\/#organization\",\"name\":\"Schweizversand.ch\",\"url\":\"https:\\\/\\\/schweizversand.ch\\\/it\\\/\",\"logo\":{\"@type\":\"ImageObject\",\"inLanguage\":\"it-IT\",\"@id\":\"https:\\\/\\\/schweizversand.ch\\\/it\\\/#\\\/schema\\\/logo\\\/image\\\/\",\"url\":\"https:\\\/\\\/schweizversand.ch\\\/wp-content\\\/uploads\\\/2026\\\/03\\\/Logo_Rund_Final-1.png\",\"contentUrl\":\"https:\\\/\\\/schweizversand.ch\\\/wp-content\\\/uploads\\\/2026\\\/03\\\/Logo_Rund_Final-1.png\",\"width\":404,\"height\":404,\"caption\":\"Schweizversand.ch\"},\"image\":{\"@id\":\"https:\\\/\\\/schweizversand.ch\\\/it\\\/#\\\/schema\\\/logo\\\/image\\\/\"},\"sameAs\":[\"https:\\\/\\\/www.facebook.com\\\/Schweizversand\",\"https:\\\/\\\/www.instagram.com\\\/schweizversand.ch\\\/\"]}]}<\/script>\n<!-- \/ Yoast SEO plugin. -->","yoast_head_json":{"title":"Hudora Schaukel Vario Erg\u00e4nzungsmodul Zeltanbau | Jetzt kaufen | Schweizversand.ch","description":"Hudora Schaukel Vario Erg\u00e4nzungsmodul Zeltanbau g\u00fcnstig kaufen bei Schweizversand.ch. Schnelle Lieferung in der Schweiz. Gratisversand ab CHF 50.","robots":{"index":"index","follow":"follow","max-snippet":"max-snippet:-1","max-image-preview":"max-image-preview:large","max-video-preview":"max-video-preview:-1"},"canonical":"https:\/\/schweizversand.ch\/it\/produkt\/hudora-schaukel-vario-ergaenzungsmodul-zeltanbau\/","og_locale":"it_IT","og_type":"article","og_title":"Hudora Schaukel Vario Erg\u00e4nzungsmodul Zeltanbau | Jetzt kaufen | Schweizversand.ch","og_description":"Hudora Schaukel Vario Erg\u00e4nzungsmodul Zeltanbau g\u00fcnstig kaufen bei Schweizversand.ch. Schnelle Lieferung in der Schweiz. Gratisversand ab CHF 50.","og_url":"https:\/\/schweizversand.ch\/it\/produkt\/hudora-schaukel-vario-ergaenzungsmodul-zeltanbau\/","og_site_name":"Schweizer Shop f\u00fcr Sport, Spiel und Freizeit","article_publisher":"https:\/\/www.facebook.com\/Schweizversand","article_modified_time":"2026-04-20T00:06:08+00:00","og_image":[{"width":1024,"height":682,"url":"https:\/\/schweizversand.ch\/wp-content\/uploads\/2026\/02\/5471594267.jpg","type":"image\/jpeg"}],"twitter_card":"summary_large_image","schema":{"@context":"https:\/\/schema.org","@graph":[{"@type":"WebPage","@id":"https:\/\/schweizversand.ch\/it\/produkt\/hudora-schaukel-vario-ergaenzungsmodul-zeltanbau\/","url":"https:\/\/schweizversand.ch\/it\/produkt\/hudora-schaukel-vario-ergaenzungsmodul-zeltanbau\/","name":"Hudora Schaukel Vario Erg\u00e4nzungsmodul Zeltanbau | Jetzt kaufen | Schweizversand.ch","isPartOf":{"@id":"https:\/\/schweizversand.ch\/it\/#website"},"primaryImageOfPage":{"@id":"https:\/\/schweizversand.ch\/it\/produkt\/hudora-schaukel-vario-ergaenzungsmodul-zeltanbau\/#primaryimage"},"image":{"@id":"https:\/\/schweizversand.ch\/it\/produkt\/hudora-schaukel-vario-ergaenzungsmodul-zeltanbau\/#primaryimage"},"thumbnailUrl":"https:\/\/schweizversand.ch\/wp-content\/uploads\/2026\/02\/5471594267.jpg","datePublished":"2026-03-14T23:57:15+00:00","dateModified":"2026-04-20T00:06:08+00:00","description":"Hudora Schaukel Vario Erg\u00e4nzungsmodul Zeltanbau g\u00fcnstig kaufen bei Schweizversand.ch. Schnelle Lieferung in der Schweiz. Gratisversand ab CHF 50.","breadcrumb":{"@id":"https:\/\/schweizversand.ch\/it\/produkt\/hudora-schaukel-vario-ergaenzungsmodul-zeltanbau\/#breadcrumb"},"inLanguage":"it-IT","potentialAction":[{"@type":"ReadAction","target":["https:\/\/schweizversand.ch\/it\/produkt\/hudora-schaukel-vario-ergaenzungsmodul-zeltanbau\/"]}]},{"@type":"ImageObject","inLanguage":"it-IT","@id":"https:\/\/schweizversand.ch\/it\/produkt\/hudora-schaukel-vario-ergaenzungsmodul-zeltanbau\/#primaryimage","url":"https:\/\/schweizversand.ch\/wp-content\/uploads\/2026\/02\/5471594267.jpg","contentUrl":"https:\/\/schweizversand.ch\/wp-content\/uploads\/2026\/02\/5471594267.jpg","width":1024,"height":682},{"@type":"BreadcrumbList","@id":"https:\/\/schweizversand.ch\/it\/produkt\/hudora-schaukel-vario-ergaenzungsmodul-zeltanbau\/#breadcrumb","itemListElement":[{"@type":"ListItem","position":1,"name":"Startseite","item":"https:\/\/schweizversand.ch\/it\/home\/"},{"@type":"ListItem","position":2,"name":"Shop","item":"https:\/\/schweizversand.ch\/it\/shop\/"},{"@type":"ListItem","position":3,"name":"Giocattoli e giochi","item":"https:\/\/schweizversand.ch\/it\/produkt-kategorie\/giocattoli-e-giochi\/"},{"@type":"ListItem","position":4,"name":"Giochi all'aperto","item":"https:\/\/schweizversand.ch\/it\/produkt-kategorie\/giocattoli-e-giochi\/giochi-allaperto\/"},{"@type":"ListItem","position":5,"name":"Attrezzature da gioco da giardino","item":"https:\/\/schweizversand.ch\/it\/produkt-kategorie\/giocattoli-e-giochi\/giochi-allaperto\/gartenspielgeraete\/"},{"@type":"ListItem","position":6,"name":"Modulo di estensione Hudora Swing Vario per tenda"}]},{"@type":"WebSite","@id":"https:\/\/schweizversand.ch\/it\/#website","url":"https:\/\/schweizversand.ch\/it\/","name":"Schweizer Shop f\u00fcr Sport, Spiel und Freizeit","description":"Gratisversand ab 50.- (netto), ab eigenem schweizer Lager, Lieferung innert 48h","publisher":{"@id":"https:\/\/schweizversand.ch\/it\/#organization"},"alternateName":"Schweizversand.ch","potentialAction":[{"@type":"SearchAction","target":{"@type":"EntryPoint","urlTemplate":"https:\/\/schweizversand.ch\/it\/?s={search_term_string}"},"query-input":{"@type":"PropertyValueSpecification","valueRequired":true,"valueName":"search_term_string"}}],"inLanguage":"it-IT"},{"@type":"Organization","@id":"https:\/\/schweizversand.ch\/it\/#organization","name":"Schweizversand.ch","url":"https:\/\/schweizversand.ch\/it\/","logo":{"@type":"ImageObject","inLanguage":"it-IT","@id":"https:\/\/schweizversand.ch\/it\/#\/schema\/logo\/image\/","url":"https:\/\/schweizversand.ch\/wp-content\/uploads\/2026\/03\/Logo_Rund_Final-1.png","contentUrl":"https:\/\/schweizversand.ch\/wp-content\/uploads\/2026\/03\/Logo_Rund_Final-1.png","width":404,"height":404,"caption":"Schweizversand.ch"},"image":{"@id":"https:\/\/schweizversand.ch\/it\/#\/schema\/logo\/image\/"},"sameAs":["https:\/\/www.facebook.com\/Schweizversand","https:\/\/www.instagram.com\/schweizversand.ch\/"]}]}},"jetpack_sharing_enabled":true,"_links":{"self":[{"href":"https:\/\/schweizversand.ch\/it\/wp-json\/wp\/v2\/product\/255824","targetHints":{"allow":["GET"]}}],"collection":[{"href":"https:\/\/schweizversand.ch\/it\/wp-json\/wp\/v2\/product"}],"about":[{"href":"https:\/\/schweizversand.ch\/it\/wp-json\/wp\/v2\/types\/product"}],"replies":[{"embeddable":true,"href":"https:\/\/schweizversand.ch\/it\/wp-json\/wp\/v2\/comments?post=255824"}],"wp:featuredmedia":[{"embeddable":true,"href":"https:\/\/schweizversand.ch\/it\/wp-json\/wp\/v2\/media\/165380"}],"wp:attachment":[{"href":"https:\/\/schweizversand.ch\/it\/wp-json\/wp\/v2\/media?parent=255824"}],"wp:term":[{"taxonomy":"product_brand","embeddable":true,"href":"https:\/\/schweizversand.ch\/it\/wp-json\/wp\/v2\/product_brand?post=255824"},{"taxonomy":"product_cat","embeddable":true,"href":"https:\/\/schweizversand.ch\/it\/wp-json\/wp\/v2\/product_cat?post=255824"},{"taxonomy":"product_tag","embeddable":true,"href":"https:\/\/schweizversand.ch\/it\/wp-json\/wp\/v2\/product_tag?post=255824"}],"curies":[{"name":"wp","href":"https:\/\/api.w.org\/{rel}","templated":true}]}}