{"id":255830,"date":"2026-03-15T00:57:16","date_gmt":"2026-03-14T23:57:16","guid":{"rendered":"https:\/\/schweizversand.ch\/produkt\/hudora-laufrad-classic-sv\/"},"modified":"2026-04-20T02:06:08","modified_gmt":"2026-04-20T00:06:08","slug":"hudora-laufrad-classic-sv","status":"publish","type":"product","link":"https:\/\/schweizversand.ch\/it\/produkt\/hudora-laufrad-classic-sv\/","title":{"rendered":"Bici da equilibrio classica Hudora (SV)"},"content":{"rendered":"<p>Informazioni sul prodotto &#8220;Bicicletta senza pedali HUDORA Classic, Bordeaux&#8221;<\/p>\n<p>Il classico tra le bici senza pedali<\/p>\n<p>I bambini amano l&#8217;azione e il movimento, e la bici senza pedali HUDORA Classic \u00e8 il mezzo perfetto per loro!<\/p>\n<p>Le bici senza pedali sono dei veri classici, e questa \u00e8 il classico tra le bici senza pedali. Le ruote da 12&#8243; con cerchi sportivi in \u200b\u200bplastica a 3 razze portano i bambini dai 3 anni in su da A a B in modo rapido e sicuro: il telaio in tubi d&#8217;acciaio verniciati a polvere \u00e8 robusto e stabile, mentre gli pneumatici larghi in EVA a bassa manutenzione della bici senza pedali HUDORA Classic garantiscono un&#8217;eccellente stabilit\u00e0 laterale, anche quando si guida a zigzag. Le forature appartengono al passato. Il manubrio imbottito con protezione dagli urti in neoprene completa perfettamente il sistema di sicurezza di guida. La bici senza pedali HUDORA Classic \u00e8 sempre stata estremamente popolare, perch\u00e9 permette ai pi\u00f9 piccoli di esplorare meravigliosamente il mondo. I bambini possono usarla per esplorare strade di gioco, parchi o persino il cortile di casa. Grazie al suo peso leggero di 3,4 chilogrammi, la bici senza pedali HUDORA Classic \u00e8 facile da maneggiare, anche per i bambini stessi. La bici senza pedali pu\u00f2 supportare un peso massimo di 35 chilogrammi ed \u00e8 adatta a bambini di altezza compresa tra 90 e 115 cm. Sia l&#8217;altezza del manubrio che quella della sella sono regolabili. Regolabile. E se vuoi portarla con te, la bici senza pedali si adatta facilmente all&#8217;auto di famiglia. Grazie alle sue dimensioni compatte.<\/p>\n<p>Ulteriori dettagli:<\/p>\n<p>Attenzione! Indossare dispositivi di protezione individuale!<\/p>\n<p>Non utilizzare nel traffico.<\/p>\n<p>35 kg max.<\/p>\n<p>Attenzione! Questo giocattolo non ha freni.<\/p>\n<p>Attenzione! Non adatto a bambini di et\u00e0 inferiore a 36 mesi. Piccole parti. Pericolo di soffocamento!<\/p>\n<p>Caratteristiche<\/p>\n<p>Confezione: No<\/p>\n<p>Et\u00e0: dai 3 anni in su<\/p>\n<p>Serie: Classic<\/p>\n<p>Peso (kg): 3,4<\/p>\n<p>Altezza consigliata: 90 &#8211; 115 cm<\/p>\n<p>Lunghezza del passo consigliata: 35 &#8211; 50 cm<\/p>\n<p>Colore: Rosso<\/p>\n<p>Materiale: Telaio in tubo di acciaio verniciato a polvere<\/p>\n<p>Dimensioni del telaio (pollici): 12<\/p>\n<p>Pneumatici: EVA<\/p>\n<p>Peso massimo utente (kg): 35<\/p>\n","protected":false},"excerpt":{"rendered":"<p>Informazioni sul prodotto &#8220;Bicicletta senza pedali HUDORA Classic, Bordeaux&#8221; Il classico tra le bici senza pedali I bambini amano l&#8217;azione e il movimento, e la bici senza pedali HUDORA Classic \u00e8 il mezzo perfetto per loro! Le bici senza pedali sono dei veri classici, e questa \u00e8 il classico tra le bici senza pedali. Le ruote da 12&#8243; con cerchi sportivi in \u200b\u200bplastica a 3 razze portano i bambini dai 3 anni in su da&hellip;<\/p>\n","protected":false},"featured_media":165413,"comment_status":"open","ping_status":"closed","template":"","meta":[],"product_brand":[],"product_cat":[38573],"product_tag":[],"class_list":{"0":"post-255830","1":"product","2":"type-product","3":"status-publish","4":"has-post-thumbnail","6":"product_cat-kinderfahrzeuge","7":"product_shipping_class-global_methods","9":"first","10":"instock","11":"taxable","12":"shipping-taxable","13":"purchasable","14":"product-type-simple"},"yoast_head":"<!-- This site is optimized with the Yoast SEO plugin v27.4 - https:\/\/yoast.com\/product\/yoast-seo-wordpress\/ -->\n<title>Hudora Laufrad Classic (SV) | Jetzt kaufen | Schweizversand.ch<\/title>\n<meta name=\"description\" content=\"Hudora Laufrad Classic (SV) g\u00fcnstig kaufen bei Schweizversand.ch. Schnelle Lieferung in der Schweiz. Gratisversand ab CHF 50.\" \/>\n<meta name=\"robots\" content=\"index, follow, max-snippet:-1, max-image-preview:large, max-video-preview:-1\" \/>\n<link rel=\"canonical\" href=\"https:\/\/schweizversand.ch\/it\/produkt\/hudora-laufrad-classic-sv\/\" \/>\n<meta property=\"og:locale\" content=\"it_IT\" \/>\n<meta property=\"og:type\" content=\"article\" \/>\n<meta property=\"og:title\" content=\"Hudora Laufrad Classic (SV) | Jetzt kaufen | Schweizversand.ch\" \/>\n<meta property=\"og:description\" content=\"Hudora Laufrad Classic (SV) g\u00fcnstig kaufen bei Schweizversand.ch. Schnelle Lieferung in der Schweiz. Gratisversand ab CHF 50.\" \/>\n<meta property=\"og:url\" content=\"https:\/\/schweizversand.ch\/it\/produkt\/hudora-laufrad-classic-sv\/\" \/>\n<meta property=\"og:site_name\" content=\"Schweizer Shop f\u00fcr Sport, Spiel und Freizeit\" \/>\n<meta property=\"article:publisher\" content=\"https:\/\/www.facebook.com\/Schweizversand\" \/>\n<meta property=\"article:modified_time\" content=\"2026-04-20T00:06:08+00:00\" \/>\n<meta property=\"og:image\" content=\"https:\/\/schweizversand.ch\/wp-content\/uploads\/2026\/02\/5471538937.jpg\" \/>\n\t<meta property=\"og:image:width\" content=\"1024\" \/>\n\t<meta property=\"og:image:height\" content=\"1024\" \/>\n\t<meta property=\"og:image:type\" content=\"image\/jpeg\" \/>\n<meta name=\"twitter:card\" content=\"summary_large_image\" \/>\n<meta name=\"twitter:label1\" content=\"Tempo di lettura stimato\" \/>\n\t<meta name=\"twitter:data1\" content=\"2 minuto\" \/>\n<script type=\"application\/ld+json\" class=\"yoast-schema-graph\">{\"@context\":\"https:\\\/\\\/schema.org\",\"@graph\":[{\"@type\":\"WebPage\",\"@id\":\"https:\\\/\\\/schweizversand.ch\\\/it\\\/produkt\\\/hudora-laufrad-classic-sv\\\/\",\"url\":\"https:\\\/\\\/schweizversand.ch\\\/it\\\/produkt\\\/hudora-laufrad-classic-sv\\\/\",\"name\":\"Hudora Laufrad Classic (SV) | Jetzt kaufen | Schweizversand.ch\",\"isPartOf\":{\"@id\":\"https:\\\/\\\/schweizversand.ch\\\/it\\\/#website\"},\"primaryImageOfPage\":{\"@id\":\"https:\\\/\\\/schweizversand.ch\\\/it\\\/produkt\\\/hudora-laufrad-classic-sv\\\/#primaryimage\"},\"image\":{\"@id\":\"https:\\\/\\\/schweizversand.ch\\\/it\\\/produkt\\\/hudora-laufrad-classic-sv\\\/#primaryimage\"},\"thumbnailUrl\":\"https:\\\/\\\/schweizversand.ch\\\/wp-content\\\/uploads\\\/2026\\\/02\\\/5471538937.jpg\",\"datePublished\":\"2026-03-14T23:57:16+00:00\",\"dateModified\":\"2026-04-20T00:06:08+00:00\",\"description\":\"Hudora Laufrad Classic (SV) g\u00fcnstig kaufen bei Schweizversand.ch. Schnelle Lieferung in der Schweiz. Gratisversand ab CHF 50.\",\"breadcrumb\":{\"@id\":\"https:\\\/\\\/schweizversand.ch\\\/it\\\/produkt\\\/hudora-laufrad-classic-sv\\\/#breadcrumb\"},\"inLanguage\":\"it-IT\",\"potentialAction\":[{\"@type\":\"ReadAction\",\"target\":[\"https:\\\/\\\/schweizversand.ch\\\/it\\\/produkt\\\/hudora-laufrad-classic-sv\\\/\"]}]},{\"@type\":\"ImageObject\",\"inLanguage\":\"it-IT\",\"@id\":\"https:\\\/\\\/schweizversand.ch\\\/it\\\/produkt\\\/hudora-laufrad-classic-sv\\\/#primaryimage\",\"url\":\"https:\\\/\\\/schweizversand.ch\\\/wp-content\\\/uploads\\\/2026\\\/02\\\/5471538937.jpg\",\"contentUrl\":\"https:\\\/\\\/schweizversand.ch\\\/wp-content\\\/uploads\\\/2026\\\/02\\\/5471538937.jpg\",\"width\":1024,\"height\":1024},{\"@type\":\"BreadcrumbList\",\"@id\":\"https:\\\/\\\/schweizversand.ch\\\/it\\\/produkt\\\/hudora-laufrad-classic-sv\\\/#breadcrumb\",\"itemListElement\":[{\"@type\":\"ListItem\",\"position\":1,\"name\":\"Startseite\",\"item\":\"https:\\\/\\\/schweizversand.ch\\\/it\\\/home\\\/\"},{\"@type\":\"ListItem\",\"position\":2,\"name\":\"Shop\",\"item\":\"https:\\\/\\\/schweizversand.ch\\\/it\\\/shop\\\/\"},{\"@type\":\"ListItem\",\"position\":3,\"name\":\"Giocattoli e giochi\",\"item\":\"https:\\\/\\\/schweizversand.ch\\\/it\\\/produkt-kategorie\\\/giocattoli-e-giochi\\\/\"},{\"@type\":\"ListItem\",\"position\":4,\"name\":\"Giochi all'aperto\",\"item\":\"https:\\\/\\\/schweizversand.ch\\\/it\\\/produkt-kategorie\\\/giocattoli-e-giochi\\\/giochi-allaperto\\\/\"},{\"@type\":\"ListItem\",\"position\":5,\"name\":\"Veicoli per bambini\",\"item\":\"https:\\\/\\\/schweizversand.ch\\\/it\\\/produkt-kategorie\\\/giocattoli-e-giochi\\\/giochi-allaperto\\\/kinderfahrzeuge\\\/\"},{\"@type\":\"ListItem\",\"position\":6,\"name\":\"Bici da equilibrio classica Hudora (SV)\"}]},{\"@type\":\"WebSite\",\"@id\":\"https:\\\/\\\/schweizversand.ch\\\/it\\\/#website\",\"url\":\"https:\\\/\\\/schweizversand.ch\\\/it\\\/\",\"name\":\"Schweizer Shop f\u00fcr Sport, Spiel und Freizeit\",\"description\":\"Gratisversand ab 50.- (netto), ab eigenem schweizer Lager, Lieferung innert 48h\",\"publisher\":{\"@id\":\"https:\\\/\\\/schweizversand.ch\\\/it\\\/#organization\"},\"alternateName\":\"Schweizversand.ch\",\"potentialAction\":[{\"@type\":\"SearchAction\",\"target\":{\"@type\":\"EntryPoint\",\"urlTemplate\":\"https:\\\/\\\/schweizversand.ch\\\/it\\\/?s={search_term_string}\"},\"query-input\":{\"@type\":\"PropertyValueSpecification\",\"valueRequired\":true,\"valueName\":\"search_term_string\"}}],\"inLanguage\":\"it-IT\"},{\"@type\":\"Organization\",\"@id\":\"https:\\\/\\\/schweizversand.ch\\\/it\\\/#organization\",\"name\":\"Schweizversand.ch\",\"url\":\"https:\\\/\\\/schweizversand.ch\\\/it\\\/\",\"logo\":{\"@type\":\"ImageObject\",\"inLanguage\":\"it-IT\",\"@id\":\"https:\\\/\\\/schweizversand.ch\\\/it\\\/#\\\/schema\\\/logo\\\/image\\\/\",\"url\":\"https:\\\/\\\/schweizversand.ch\\\/wp-content\\\/uploads\\\/2026\\\/03\\\/Logo_Rund_Final-1.png\",\"contentUrl\":\"https:\\\/\\\/schweizversand.ch\\\/wp-content\\\/uploads\\\/2026\\\/03\\\/Logo_Rund_Final-1.png\",\"width\":404,\"height\":404,\"caption\":\"Schweizversand.ch\"},\"image\":{\"@id\":\"https:\\\/\\\/schweizversand.ch\\\/it\\\/#\\\/schema\\\/logo\\\/image\\\/\"},\"sameAs\":[\"https:\\\/\\\/www.facebook.com\\\/Schweizversand\",\"https:\\\/\\\/www.instagram.com\\\/schweizversand.ch\\\/\"]}]}<\/script>\n<!-- \/ Yoast SEO plugin. -->","yoast_head_json":{"title":"Hudora Laufrad Classic (SV) | Jetzt kaufen | Schweizversand.ch","description":"Hudora Laufrad Classic (SV) g\u00fcnstig kaufen bei Schweizversand.ch. Schnelle Lieferung in der Schweiz. Gratisversand ab CHF 50.","robots":{"index":"index","follow":"follow","max-snippet":"max-snippet:-1","max-image-preview":"max-image-preview:large","max-video-preview":"max-video-preview:-1"},"canonical":"https:\/\/schweizversand.ch\/it\/produkt\/hudora-laufrad-classic-sv\/","og_locale":"it_IT","og_type":"article","og_title":"Hudora Laufrad Classic (SV) | Jetzt kaufen | Schweizversand.ch","og_description":"Hudora Laufrad Classic (SV) g\u00fcnstig kaufen bei Schweizversand.ch. Schnelle Lieferung in der Schweiz. Gratisversand ab CHF 50.","og_url":"https:\/\/schweizversand.ch\/it\/produkt\/hudora-laufrad-classic-sv\/","og_site_name":"Schweizer Shop f\u00fcr Sport, Spiel und Freizeit","article_publisher":"https:\/\/www.facebook.com\/Schweizversand","article_modified_time":"2026-04-20T00:06:08+00:00","og_image":[{"width":1024,"height":1024,"url":"https:\/\/schweizversand.ch\/wp-content\/uploads\/2026\/02\/5471538937.jpg","type":"image\/jpeg"}],"twitter_card":"summary_large_image","twitter_misc":{"Tempo di lettura stimato":"2 minuto"},"schema":{"@context":"https:\/\/schema.org","@graph":[{"@type":"WebPage","@id":"https:\/\/schweizversand.ch\/it\/produkt\/hudora-laufrad-classic-sv\/","url":"https:\/\/schweizversand.ch\/it\/produkt\/hudora-laufrad-classic-sv\/","name":"Hudora Laufrad Classic (SV) | Jetzt kaufen | Schweizversand.ch","isPartOf":{"@id":"https:\/\/schweizversand.ch\/it\/#website"},"primaryImageOfPage":{"@id":"https:\/\/schweizversand.ch\/it\/produkt\/hudora-laufrad-classic-sv\/#primaryimage"},"image":{"@id":"https:\/\/schweizversand.ch\/it\/produkt\/hudora-laufrad-classic-sv\/#primaryimage"},"thumbnailUrl":"https:\/\/schweizversand.ch\/wp-content\/uploads\/2026\/02\/5471538937.jpg","datePublished":"2026-03-14T23:57:16+00:00","dateModified":"2026-04-20T00:06:08+00:00","description":"Hudora Laufrad Classic (SV) g\u00fcnstig kaufen bei Schweizversand.ch. Schnelle Lieferung in der Schweiz. Gratisversand ab CHF 50.","breadcrumb":{"@id":"https:\/\/schweizversand.ch\/it\/produkt\/hudora-laufrad-classic-sv\/#breadcrumb"},"inLanguage":"it-IT","potentialAction":[{"@type":"ReadAction","target":["https:\/\/schweizversand.ch\/it\/produkt\/hudora-laufrad-classic-sv\/"]}]},{"@type":"ImageObject","inLanguage":"it-IT","@id":"https:\/\/schweizversand.ch\/it\/produkt\/hudora-laufrad-classic-sv\/#primaryimage","url":"https:\/\/schweizversand.ch\/wp-content\/uploads\/2026\/02\/5471538937.jpg","contentUrl":"https:\/\/schweizversand.ch\/wp-content\/uploads\/2026\/02\/5471538937.jpg","width":1024,"height":1024},{"@type":"BreadcrumbList","@id":"https:\/\/schweizversand.ch\/it\/produkt\/hudora-laufrad-classic-sv\/#breadcrumb","itemListElement":[{"@type":"ListItem","position":1,"name":"Startseite","item":"https:\/\/schweizversand.ch\/it\/home\/"},{"@type":"ListItem","position":2,"name":"Shop","item":"https:\/\/schweizversand.ch\/it\/shop\/"},{"@type":"ListItem","position":3,"name":"Giocattoli e giochi","item":"https:\/\/schweizversand.ch\/it\/produkt-kategorie\/giocattoli-e-giochi\/"},{"@type":"ListItem","position":4,"name":"Giochi all'aperto","item":"https:\/\/schweizversand.ch\/it\/produkt-kategorie\/giocattoli-e-giochi\/giochi-allaperto\/"},{"@type":"ListItem","position":5,"name":"Veicoli per bambini","item":"https:\/\/schweizversand.ch\/it\/produkt-kategorie\/giocattoli-e-giochi\/giochi-allaperto\/kinderfahrzeuge\/"},{"@type":"ListItem","position":6,"name":"Bici da equilibrio classica Hudora (SV)"}]},{"@type":"WebSite","@id":"https:\/\/schweizversand.ch\/it\/#website","url":"https:\/\/schweizversand.ch\/it\/","name":"Schweizer Shop f\u00fcr Sport, Spiel und Freizeit","description":"Gratisversand ab 50.- (netto), ab eigenem schweizer Lager, Lieferung innert 48h","publisher":{"@id":"https:\/\/schweizversand.ch\/it\/#organization"},"alternateName":"Schweizversand.ch","potentialAction":[{"@type":"SearchAction","target":{"@type":"EntryPoint","urlTemplate":"https:\/\/schweizversand.ch\/it\/?s={search_term_string}"},"query-input":{"@type":"PropertyValueSpecification","valueRequired":true,"valueName":"search_term_string"}}],"inLanguage":"it-IT"},{"@type":"Organization","@id":"https:\/\/schweizversand.ch\/it\/#organization","name":"Schweizversand.ch","url":"https:\/\/schweizversand.ch\/it\/","logo":{"@type":"ImageObject","inLanguage":"it-IT","@id":"https:\/\/schweizversand.ch\/it\/#\/schema\/logo\/image\/","url":"https:\/\/schweizversand.ch\/wp-content\/uploads\/2026\/03\/Logo_Rund_Final-1.png","contentUrl":"https:\/\/schweizversand.ch\/wp-content\/uploads\/2026\/03\/Logo_Rund_Final-1.png","width":404,"height":404,"caption":"Schweizversand.ch"},"image":{"@id":"https:\/\/schweizversand.ch\/it\/#\/schema\/logo\/image\/"},"sameAs":["https:\/\/www.facebook.com\/Schweizversand","https:\/\/www.instagram.com\/schweizversand.ch\/"]}]}},"jetpack_sharing_enabled":true,"_links":{"self":[{"href":"https:\/\/schweizversand.ch\/it\/wp-json\/wp\/v2\/product\/255830","targetHints":{"allow":["GET"]}}],"collection":[{"href":"https:\/\/schweizversand.ch\/it\/wp-json\/wp\/v2\/product"}],"about":[{"href":"https:\/\/schweizversand.ch\/it\/wp-json\/wp\/v2\/types\/product"}],"replies":[{"embeddable":true,"href":"https:\/\/schweizversand.ch\/it\/wp-json\/wp\/v2\/comments?post=255830"}],"wp:featuredmedia":[{"embeddable":true,"href":"https:\/\/schweizversand.ch\/it\/wp-json\/wp\/v2\/media\/165413"}],"wp:attachment":[{"href":"https:\/\/schweizversand.ch\/it\/wp-json\/wp\/v2\/media?parent=255830"}],"wp:term":[{"taxonomy":"product_brand","embeddable":true,"href":"https:\/\/schweizversand.ch\/it\/wp-json\/wp\/v2\/product_brand?post=255830"},{"taxonomy":"product_cat","embeddable":true,"href":"https:\/\/schweizversand.ch\/it\/wp-json\/wp\/v2\/product_cat?post=255830"},{"taxonomy":"product_tag","embeddable":true,"href":"https:\/\/schweizversand.ch\/it\/wp-json\/wp\/v2\/product_tag?post=255830"}],"curies":[{"name":"wp","href":"https:\/\/api.w.org\/{rel}","templated":true}]}}