{"id":255842,"date":"2026-03-15T00:54:18","date_gmt":"2026-03-14T23:54:18","guid":{"rendered":"https:\/\/schweizversand.ch\/produkt\/hudora-1-rahmenpolsterung-fuer-4square-trampolin-244-x-366-cm\/"},"modified":"2026-04-19T15:36:41","modified_gmt":"2026-04-19T13:36:41","slug":"hudora-1-rahmenpolsterung-fuer-4square-trampolin-244-x-366-cm","status":"publish","type":"product","link":"https:\/\/schweizversand.ch\/it\/produkt\/hudora-1-rahmenpolsterung-fuer-4square-trampolin-244-x-366-cm\/","title":{"rendered":"Imbottitura per telaio Hudora 1 per trampolino 4Square 244 x 366 cm"},"content":{"rendered":"<h1><strong>Imbottitura per telaio per trampolino 4Square 244 x 366 cm<\/strong><\/h1>\n<div>Assicurati la durata e la sicurezza del tuo trampolino 4Square con questa <strong>imbottitura per telaio da 250 cm<\/strong> di alta qualit\u00e0. Questa imbottitura di ricambio essenziale per il trampolino \u00e8 appositamente progettata per coprire in modo ottimale le molle e il telaio, garantendo cos\u00ec la massima protezione durante il salto. Nota importante sulla compatibilit\u00e0: questa copertura per bordo trampolino 250 \u00e8 adatta esclusivamente al trampolino 4Square da 244 x 366 cm (compatibile solo con il nostro articolo 65810). Sicurezza e qualit\u00e0 dei materiali: grazie alla sua struttura robusta, l&#8217;imbottitura offre una protezione affidabile contro il contatto diretto con le molle e il telaio del trampolino. La combinazione di nero e rosso conferisce inoltre al tuo trampolino un aspetto sportivo e accattivante. Investi in questa <strong>imbottitura per trampolino da 250 cm di diametro<\/strong> per garantire la sicurezza della tua famiglia.<\/p>\n<\/div>\n<div><strong>Caratteristiche del prodotto<\/strong><br \/>&#8211; <strong>Pezzi di ricambio per trampolino<\/strong> di alta qualit\u00e0 per il modello 4Square<br \/>&#8211; Dimensioni: 244 x 366 cm<br \/>&#8211; Colore: Nero\/Rosso<br \/>&#8211; Offre una protezione completa per il telaio e le molle del trampolino<br \/>&#8211; Compatibile solo con l&#8217;articolo numero 65810<\/p>\n<\/div>\n<div>Sostituisci le parti usurate in modo rapido e semplice per mantenere il piacere di saltare. Ordina questa speciale imbottitura per il telaio per massimizzare la sicurezza e il divertimento sul tuo trampolino.<\/div>\n<div><\/div>\n","protected":false},"excerpt":{"rendered":"<p>Imbottitura per telaio per trampolino 4Square 244 x 366 cm Assicurati la durata e la sicurezza del tuo trampolino 4Square con questa imbottitura per telaio da 250 cm di alta qualit\u00e0. Questa imbottitura di ricambio essenziale per il trampolino \u00e8 appositamente progettata per coprire in modo ottimale le molle e il telaio, garantendo cos\u00ec la massima protezione durante il salto. Nota importante sulla compatibilit\u00e0: questa copertura per bordo trampolino 250 \u00e8 adatta esclusivamente al trampolino&hellip;<\/p>\n","protected":false},"featured_media":158845,"comment_status":"open","ping_status":"closed","template":"","meta":[],"product_brand":[],"product_cat":[38658],"product_tag":[],"class_list":{"0":"post-255842","1":"product","2":"type-product","3":"status-publish","4":"has-post-thumbnail","6":"product_cat-trampolin","7":"product_shipping_class-global_methods","9":"first","10":"instock","11":"taxable","12":"shipping-taxable","13":"purchasable","14":"product-type-simple"},"yoast_head":"<!-- This site is optimized with the Yoast SEO plugin v27.4 - https:\/\/yoast.com\/product\/yoast-seo-wordpress\/ -->\n<title>Hudora 1 Rahmenpolsterung f\u00fcr 4Square Trampolin 244 x 366 cm | Jetzt kaufen | Schweizversand.ch<\/title>\n<meta name=\"description\" content=\"Hudora 1 Rahmenpolsterung f\u00fcr 4Square Trampolin 244 x 366 cm g\u00fcnstig kaufen bei Schweizversand.ch. Schnelle Lieferung in der Schweiz. Gratisversand ab CHF 50.\" \/>\n<meta name=\"robots\" content=\"index, follow, max-snippet:-1, max-image-preview:large, max-video-preview:-1\" \/>\n<link rel=\"canonical\" href=\"https:\/\/schweizversand.ch\/it\/produkt\/hudora-1-rahmenpolsterung-fuer-4square-trampolin-244-x-366-cm\/\" \/>\n<meta property=\"og:locale\" content=\"it_IT\" \/>\n<meta property=\"og:type\" content=\"article\" \/>\n<meta property=\"og:title\" content=\"Hudora 1 Rahmenpolsterung f\u00fcr 4Square Trampolin 244 x 366 cm | Jetzt kaufen | Schweizversand.ch\" \/>\n<meta property=\"og:description\" content=\"Hudora 1 Rahmenpolsterung f\u00fcr 4Square Trampolin 244 x 366 cm g\u00fcnstig kaufen bei Schweizversand.ch. Schnelle Lieferung in der Schweiz. Gratisversand ab CHF 50.\" \/>\n<meta property=\"og:url\" content=\"https:\/\/schweizversand.ch\/it\/produkt\/hudora-1-rahmenpolsterung-fuer-4square-trampolin-244-x-366-cm\/\" \/>\n<meta property=\"og:site_name\" content=\"Schweizer Shop f\u00fcr Sport, Spiel und Freizeit\" \/>\n<meta property=\"article:publisher\" content=\"https:\/\/www.facebook.com\/Schweizversand\" \/>\n<meta property=\"article:modified_time\" content=\"2026-04-19T13:36:41+00:00\" \/>\n<meta property=\"og:image\" content=\"https:\/\/schweizversand.ch\/wp-content\/uploads\/2026\/02\/5471677002.png\" \/>\n\t<meta property=\"og:image:width\" content=\"1024\" \/>\n\t<meta property=\"og:image:height\" content=\"508\" \/>\n\t<meta property=\"og:image:type\" content=\"image\/png\" \/>\n<meta name=\"twitter:card\" content=\"summary_large_image\" \/>\n<meta name=\"twitter:label1\" content=\"Tempo di lettura stimato\" \/>\n\t<meta name=\"twitter:data1\" content=\"1 minuto\" \/>\n<script type=\"application\/ld+json\" class=\"yoast-schema-graph\">{\"@context\":\"https:\\\/\\\/schema.org\",\"@graph\":[{\"@type\":\"WebPage\",\"@id\":\"https:\\\/\\\/schweizversand.ch\\\/it\\\/produkt\\\/hudora-1-rahmenpolsterung-fuer-4square-trampolin-244-x-366-cm\\\/\",\"url\":\"https:\\\/\\\/schweizversand.ch\\\/it\\\/produkt\\\/hudora-1-rahmenpolsterung-fuer-4square-trampolin-244-x-366-cm\\\/\",\"name\":\"Hudora 1 Rahmenpolsterung f\u00fcr 4Square Trampolin 244 x 366 cm | Jetzt kaufen | Schweizversand.ch\",\"isPartOf\":{\"@id\":\"https:\\\/\\\/schweizversand.ch\\\/it\\\/#website\"},\"primaryImageOfPage\":{\"@id\":\"https:\\\/\\\/schweizversand.ch\\\/it\\\/produkt\\\/hudora-1-rahmenpolsterung-fuer-4square-trampolin-244-x-366-cm\\\/#primaryimage\"},\"image\":{\"@id\":\"https:\\\/\\\/schweizversand.ch\\\/it\\\/produkt\\\/hudora-1-rahmenpolsterung-fuer-4square-trampolin-244-x-366-cm\\\/#primaryimage\"},\"thumbnailUrl\":\"https:\\\/\\\/schweizversand.ch\\\/wp-content\\\/uploads\\\/2026\\\/02\\\/5471677002.png\",\"datePublished\":\"2026-03-14T23:54:18+00:00\",\"dateModified\":\"2026-04-19T13:36:41+00:00\",\"description\":\"Hudora 1 Rahmenpolsterung f\u00fcr 4Square Trampolin 244 x 366 cm g\u00fcnstig kaufen bei Schweizversand.ch. Schnelle Lieferung in der Schweiz. Gratisversand ab CHF 50.\",\"breadcrumb\":{\"@id\":\"https:\\\/\\\/schweizversand.ch\\\/it\\\/produkt\\\/hudora-1-rahmenpolsterung-fuer-4square-trampolin-244-x-366-cm\\\/#breadcrumb\"},\"inLanguage\":\"it-IT\",\"potentialAction\":[{\"@type\":\"ReadAction\",\"target\":[\"https:\\\/\\\/schweizversand.ch\\\/it\\\/produkt\\\/hudora-1-rahmenpolsterung-fuer-4square-trampolin-244-x-366-cm\\\/\"]}]},{\"@type\":\"ImageObject\",\"inLanguage\":\"it-IT\",\"@id\":\"https:\\\/\\\/schweizversand.ch\\\/it\\\/produkt\\\/hudora-1-rahmenpolsterung-fuer-4square-trampolin-244-x-366-cm\\\/#primaryimage\",\"url\":\"https:\\\/\\\/schweizversand.ch\\\/wp-content\\\/uploads\\\/2026\\\/02\\\/5471677002.png\",\"contentUrl\":\"https:\\\/\\\/schweizversand.ch\\\/wp-content\\\/uploads\\\/2026\\\/02\\\/5471677002.png\",\"width\":1024,\"height\":508},{\"@type\":\"BreadcrumbList\",\"@id\":\"https:\\\/\\\/schweizversand.ch\\\/it\\\/produkt\\\/hudora-1-rahmenpolsterung-fuer-4square-trampolin-244-x-366-cm\\\/#breadcrumb\",\"itemListElement\":[{\"@type\":\"ListItem\",\"position\":1,\"name\":\"Startseite\",\"item\":\"https:\\\/\\\/schweizversand.ch\\\/it\\\/home\\\/\"},{\"@type\":\"ListItem\",\"position\":2,\"name\":\"Shop\",\"item\":\"https:\\\/\\\/schweizversand.ch\\\/it\\\/shop\\\/\"},{\"@type\":\"ListItem\",\"position\":3,\"name\":\"Ricambi\",\"item\":\"https:\\\/\\\/schweizversand.ch\\\/it\\\/produkt-kategorie\\\/ricambi\\\/\"},{\"@type\":\"ListItem\",\"position\":4,\"name\":\"Hudora\",\"item\":\"https:\\\/\\\/schweizversand.ch\\\/it\\\/produkt-kategorie\\\/ricambi\\\/hudora\\\/\"},{\"@type\":\"ListItem\",\"position\":5,\"name\":\"Trampolino\",\"item\":\"https:\\\/\\\/schweizversand.ch\\\/it\\\/produkt-kategorie\\\/ricambi\\\/hudora\\\/trampolin\\\/\"},{\"@type\":\"ListItem\",\"position\":6,\"name\":\"Imbottitura per telaio Hudora 1 per trampolino 4Square 244 x 366 cm\"}]},{\"@type\":\"WebSite\",\"@id\":\"https:\\\/\\\/schweizversand.ch\\\/it\\\/#website\",\"url\":\"https:\\\/\\\/schweizversand.ch\\\/it\\\/\",\"name\":\"Schweizer Shop f\u00fcr Sport, Spiel und Freizeit\",\"description\":\"Gratisversand ab 50.- (netto), ab eigenem schweizer Lager, Lieferung innert 48h\",\"publisher\":{\"@id\":\"https:\\\/\\\/schweizversand.ch\\\/it\\\/#organization\"},\"alternateName\":\"Schweizversand.ch\",\"potentialAction\":[{\"@type\":\"SearchAction\",\"target\":{\"@type\":\"EntryPoint\",\"urlTemplate\":\"https:\\\/\\\/schweizversand.ch\\\/it\\\/?s={search_term_string}\"},\"query-input\":{\"@type\":\"PropertyValueSpecification\",\"valueRequired\":true,\"valueName\":\"search_term_string\"}}],\"inLanguage\":\"it-IT\"},{\"@type\":\"Organization\",\"@id\":\"https:\\\/\\\/schweizversand.ch\\\/it\\\/#organization\",\"name\":\"Schweizversand.ch\",\"url\":\"https:\\\/\\\/schweizversand.ch\\\/it\\\/\",\"logo\":{\"@type\":\"ImageObject\",\"inLanguage\":\"it-IT\",\"@id\":\"https:\\\/\\\/schweizversand.ch\\\/it\\\/#\\\/schema\\\/logo\\\/image\\\/\",\"url\":\"https:\\\/\\\/schweizversand.ch\\\/wp-content\\\/uploads\\\/2026\\\/03\\\/Logo_Rund_Final-1.png\",\"contentUrl\":\"https:\\\/\\\/schweizversand.ch\\\/wp-content\\\/uploads\\\/2026\\\/03\\\/Logo_Rund_Final-1.png\",\"width\":404,\"height\":404,\"caption\":\"Schweizversand.ch\"},\"image\":{\"@id\":\"https:\\\/\\\/schweizversand.ch\\\/it\\\/#\\\/schema\\\/logo\\\/image\\\/\"},\"sameAs\":[\"https:\\\/\\\/www.facebook.com\\\/Schweizversand\",\"https:\\\/\\\/www.instagram.com\\\/schweizversand.ch\\\/\"]}]}<\/script>\n<!-- \/ Yoast SEO plugin. -->","yoast_head_json":{"title":"Hudora 1 Rahmenpolsterung f\u00fcr 4Square Trampolin 244 x 366 cm | Jetzt kaufen | Schweizversand.ch","description":"Hudora 1 Rahmenpolsterung f\u00fcr 4Square Trampolin 244 x 366 cm g\u00fcnstig kaufen bei Schweizversand.ch. Schnelle Lieferung in der Schweiz. Gratisversand ab CHF 50.","robots":{"index":"index","follow":"follow","max-snippet":"max-snippet:-1","max-image-preview":"max-image-preview:large","max-video-preview":"max-video-preview:-1"},"canonical":"https:\/\/schweizversand.ch\/it\/produkt\/hudora-1-rahmenpolsterung-fuer-4square-trampolin-244-x-366-cm\/","og_locale":"it_IT","og_type":"article","og_title":"Hudora 1 Rahmenpolsterung f\u00fcr 4Square Trampolin 244 x 366 cm | Jetzt kaufen | Schweizversand.ch","og_description":"Hudora 1 Rahmenpolsterung f\u00fcr 4Square Trampolin 244 x 366 cm g\u00fcnstig kaufen bei Schweizversand.ch. Schnelle Lieferung in der Schweiz. Gratisversand ab CHF 50.","og_url":"https:\/\/schweizversand.ch\/it\/produkt\/hudora-1-rahmenpolsterung-fuer-4square-trampolin-244-x-366-cm\/","og_site_name":"Schweizer Shop f\u00fcr Sport, Spiel und Freizeit","article_publisher":"https:\/\/www.facebook.com\/Schweizversand","article_modified_time":"2026-04-19T13:36:41+00:00","og_image":[{"width":1024,"height":508,"url":"https:\/\/schweizversand.ch\/wp-content\/uploads\/2026\/02\/5471677002.png","type":"image\/png"}],"twitter_card":"summary_large_image","twitter_misc":{"Tempo di lettura stimato":"1 minuto"},"schema":{"@context":"https:\/\/schema.org","@graph":[{"@type":"WebPage","@id":"https:\/\/schweizversand.ch\/it\/produkt\/hudora-1-rahmenpolsterung-fuer-4square-trampolin-244-x-366-cm\/","url":"https:\/\/schweizversand.ch\/it\/produkt\/hudora-1-rahmenpolsterung-fuer-4square-trampolin-244-x-366-cm\/","name":"Hudora 1 Rahmenpolsterung f\u00fcr 4Square Trampolin 244 x 366 cm | Jetzt kaufen | Schweizversand.ch","isPartOf":{"@id":"https:\/\/schweizversand.ch\/it\/#website"},"primaryImageOfPage":{"@id":"https:\/\/schweizversand.ch\/it\/produkt\/hudora-1-rahmenpolsterung-fuer-4square-trampolin-244-x-366-cm\/#primaryimage"},"image":{"@id":"https:\/\/schweizversand.ch\/it\/produkt\/hudora-1-rahmenpolsterung-fuer-4square-trampolin-244-x-366-cm\/#primaryimage"},"thumbnailUrl":"https:\/\/schweizversand.ch\/wp-content\/uploads\/2026\/02\/5471677002.png","datePublished":"2026-03-14T23:54:18+00:00","dateModified":"2026-04-19T13:36:41+00:00","description":"Hudora 1 Rahmenpolsterung f\u00fcr 4Square Trampolin 244 x 366 cm g\u00fcnstig kaufen bei Schweizversand.ch. Schnelle Lieferung in der Schweiz. Gratisversand ab CHF 50.","breadcrumb":{"@id":"https:\/\/schweizversand.ch\/it\/produkt\/hudora-1-rahmenpolsterung-fuer-4square-trampolin-244-x-366-cm\/#breadcrumb"},"inLanguage":"it-IT","potentialAction":[{"@type":"ReadAction","target":["https:\/\/schweizversand.ch\/it\/produkt\/hudora-1-rahmenpolsterung-fuer-4square-trampolin-244-x-366-cm\/"]}]},{"@type":"ImageObject","inLanguage":"it-IT","@id":"https:\/\/schweizversand.ch\/it\/produkt\/hudora-1-rahmenpolsterung-fuer-4square-trampolin-244-x-366-cm\/#primaryimage","url":"https:\/\/schweizversand.ch\/wp-content\/uploads\/2026\/02\/5471677002.png","contentUrl":"https:\/\/schweizversand.ch\/wp-content\/uploads\/2026\/02\/5471677002.png","width":1024,"height":508},{"@type":"BreadcrumbList","@id":"https:\/\/schweizversand.ch\/it\/produkt\/hudora-1-rahmenpolsterung-fuer-4square-trampolin-244-x-366-cm\/#breadcrumb","itemListElement":[{"@type":"ListItem","position":1,"name":"Startseite","item":"https:\/\/schweizversand.ch\/it\/home\/"},{"@type":"ListItem","position":2,"name":"Shop","item":"https:\/\/schweizversand.ch\/it\/shop\/"},{"@type":"ListItem","position":3,"name":"Ricambi","item":"https:\/\/schweizversand.ch\/it\/produkt-kategorie\/ricambi\/"},{"@type":"ListItem","position":4,"name":"Hudora","item":"https:\/\/schweizversand.ch\/it\/produkt-kategorie\/ricambi\/hudora\/"},{"@type":"ListItem","position":5,"name":"Trampolino","item":"https:\/\/schweizversand.ch\/it\/produkt-kategorie\/ricambi\/hudora\/trampolin\/"},{"@type":"ListItem","position":6,"name":"Imbottitura per telaio Hudora 1 per trampolino 4Square 244 x 366 cm"}]},{"@type":"WebSite","@id":"https:\/\/schweizversand.ch\/it\/#website","url":"https:\/\/schweizversand.ch\/it\/","name":"Schweizer Shop f\u00fcr Sport, Spiel und Freizeit","description":"Gratisversand ab 50.- (netto), ab eigenem schweizer Lager, Lieferung innert 48h","publisher":{"@id":"https:\/\/schweizversand.ch\/it\/#organization"},"alternateName":"Schweizversand.ch","potentialAction":[{"@type":"SearchAction","target":{"@type":"EntryPoint","urlTemplate":"https:\/\/schweizversand.ch\/it\/?s={search_term_string}"},"query-input":{"@type":"PropertyValueSpecification","valueRequired":true,"valueName":"search_term_string"}}],"inLanguage":"it-IT"},{"@type":"Organization","@id":"https:\/\/schweizversand.ch\/it\/#organization","name":"Schweizversand.ch","url":"https:\/\/schweizversand.ch\/it\/","logo":{"@type":"ImageObject","inLanguage":"it-IT","@id":"https:\/\/schweizversand.ch\/it\/#\/schema\/logo\/image\/","url":"https:\/\/schweizversand.ch\/wp-content\/uploads\/2026\/03\/Logo_Rund_Final-1.png","contentUrl":"https:\/\/schweizversand.ch\/wp-content\/uploads\/2026\/03\/Logo_Rund_Final-1.png","width":404,"height":404,"caption":"Schweizversand.ch"},"image":{"@id":"https:\/\/schweizversand.ch\/it\/#\/schema\/logo\/image\/"},"sameAs":["https:\/\/www.facebook.com\/Schweizversand","https:\/\/www.instagram.com\/schweizversand.ch\/"]}]}},"jetpack_sharing_enabled":true,"_links":{"self":[{"href":"https:\/\/schweizversand.ch\/it\/wp-json\/wp\/v2\/product\/255842","targetHints":{"allow":["GET"]}}],"collection":[{"href":"https:\/\/schweizversand.ch\/it\/wp-json\/wp\/v2\/product"}],"about":[{"href":"https:\/\/schweizversand.ch\/it\/wp-json\/wp\/v2\/types\/product"}],"replies":[{"embeddable":true,"href":"https:\/\/schweizversand.ch\/it\/wp-json\/wp\/v2\/comments?post=255842"}],"wp:featuredmedia":[{"embeddable":true,"href":"https:\/\/schweizversand.ch\/it\/wp-json\/wp\/v2\/media\/158845"}],"wp:attachment":[{"href":"https:\/\/schweizversand.ch\/it\/wp-json\/wp\/v2\/media?parent=255842"}],"wp:term":[{"taxonomy":"product_brand","embeddable":true,"href":"https:\/\/schweizversand.ch\/it\/wp-json\/wp\/v2\/product_brand?post=255842"},{"taxonomy":"product_cat","embeddable":true,"href":"https:\/\/schweizversand.ch\/it\/wp-json\/wp\/v2\/product_cat?post=255842"},{"taxonomy":"product_tag","embeddable":true,"href":"https:\/\/schweizversand.ch\/it\/wp-json\/wp\/v2\/product_tag?post=255842"}],"curies":[{"name":"wp","href":"https:\/\/api.w.org\/{rel}","templated":true}]}}