{"id":255884,"date":"2026-03-15T00:54:23","date_gmt":"2026-03-14T23:54:23","guid":{"rendered":"https:\/\/schweizversand.ch\/produkt\/hudora-1-sprungtuch-zu-trampolin-4square-215-x-305\/"},"modified":"2026-04-20T02:05:00","modified_gmt":"2026-04-20T00:05:00","slug":"hudora-1-sprungtuch-zu-trampolin-4square-215-x-305","status":"publish","type":"product","link":"https:\/\/schweizversand.ch\/it\/produkt\/hudora-1-sprungtuch-zu-trampolin-4square-215-x-305\/","title":{"rendered":"Hudora 1 tappeto elastico per trampolino 4Square 215 x 305"},"content":{"rendered":"<p>Telo da salto per trampolino 4Square 215 x 305 cm Questo telo da salto di alta qualit\u00e0 \u00e8 il ricambio essenziale per ripristinare le prestazioni di rimbalzo del tuo trampolino 4Square. \u00c8 stato progettato specificamente per il modello 215 x 305 cm e garantisce la massima sicurezza e durata. Investi in questo ricambio per prolungare il divertimento sul tuo trampolino. Vestibilit\u00e0 e qualit\u00e0 perfette Il telo da salto \u00e8 realizzato su misura per le dimensioni del tuo trampolino 4Square. Realizzato in resistente tessuto di polipropilene, questo telo \u00e8 particolarmente resistente ai raggi UV e alle intemperie. Resiste anche all&#8217;uso intensivo e garantisce un rimbalzo ottimale a ogni salto. Sicurezza e durata: la struttura robusta garantisce che il telo da salto possa resistere alle elevate sollecitazioni del salto. Come importante ricambio per trampolino, contribuisce in modo significativo alla sicurezza fornendo una superficie affidabile e resistente agli strappi. La sostituzione \u00e8 semplice e prolunga notevolmente la durata dell&#8217;intero trampolino.<\/p>\n<\/div>\n<div><strong>Dettagli del prodotto e compatibilit\u00e0<\/strong><br \/>&#8211; Tipo di prodotto: Telo da salto \/ Telo da salto di ricambio<br \/>&#8211; Adatto per: Trampolino 4Square<br \/>&#8211; Dimensioni: 215 x 305 cm (rettangolare)<br \/>&#8211; Materiale: Tessuto in polipropilene di alta qualit\u00e0, resistente ai raggi UV<br \/>&#8211; Compatibile con l&#8217;articolo: 6580<\/p>\n<\/div>\n<div>Acquista subito questo <strong>ricambio per trampolino<\/strong> per rinnovare in modo rapido ed efficiente la superficie di salto del tuo trampolino 4Square e continuare a divertirti senza interruzioni nel tuo giardino.<\/p>\n<\/div>\n","protected":false},"excerpt":{"rendered":"<p>Telo da salto per trampolino 4Square 215 x 305 cm Questo telo da salto di alta qualit\u00e0 \u00e8 il ricambio essenziale per ripristinare le prestazioni di rimbalzo del tuo trampolino 4Square. \u00c8 stato progettato specificamente per il modello 215 x 305 cm e garantisce la massima sicurezza e durata. Investi in questo ricambio per prolungare il divertimento sul tuo trampolino. Vestibilit\u00e0 e qualit\u00e0 perfette Il telo da salto \u00e8 realizzato su misura per le dimensioni&hellip;<\/p>\n","protected":false},"featured_media":158923,"comment_status":"open","ping_status":"closed","template":"","meta":[],"product_brand":[],"product_cat":[38658],"product_tag":[],"class_list":{"0":"post-255884","1":"product","2":"type-product","3":"status-publish","4":"has-post-thumbnail","6":"product_cat-trampolin","7":"product_shipping_class-global_methods","9":"first","10":"instock","11":"taxable","12":"shipping-taxable","13":"purchasable","14":"product-type-simple"},"yoast_head":"<!-- This site is optimized with the Yoast SEO plugin v27.4 - https:\/\/yoast.com\/product\/yoast-seo-wordpress\/ -->\n<title>Hudora 1 Sprungtuch zu Trampolin 4Square 215 x 305 | Jetzt kaufen | Schweizversand.ch<\/title>\n<meta name=\"description\" content=\"Hudora 1 Sprungtuch zu Trampolin 4Square 215 x 305 g\u00fcnstig kaufen bei Schweizversand.ch. Schnelle Lieferung in der Schweiz. Gratisversand ab CHF 50.\" \/>\n<meta name=\"robots\" content=\"index, follow, max-snippet:-1, max-image-preview:large, max-video-preview:-1\" \/>\n<link rel=\"canonical\" href=\"https:\/\/schweizversand.ch\/it\/produkt\/hudora-1-sprungtuch-zu-trampolin-4square-215-x-305\/\" \/>\n<meta property=\"og:locale\" content=\"it_IT\" \/>\n<meta property=\"og:type\" content=\"article\" \/>\n<meta property=\"og:title\" content=\"Hudora 1 Sprungtuch zu Trampolin 4Square 215 x 305 | Jetzt kaufen | Schweizversand.ch\" \/>\n<meta property=\"og:description\" content=\"Hudora 1 Sprungtuch zu Trampolin 4Square 215 x 305 g\u00fcnstig kaufen bei Schweizversand.ch. Schnelle Lieferung in der Schweiz. Gratisversand ab CHF 50.\" \/>\n<meta property=\"og:url\" content=\"https:\/\/schweizversand.ch\/it\/produkt\/hudora-1-sprungtuch-zu-trampolin-4square-215-x-305\/\" \/>\n<meta property=\"og:site_name\" content=\"Schweizer Shop f\u00fcr Sport, Spiel und Freizeit\" \/>\n<meta property=\"article:publisher\" content=\"https:\/\/www.facebook.com\/Schweizversand\" \/>\n<meta property=\"article:modified_time\" content=\"2026-04-20T00:05:00+00:00\" \/>\n<meta property=\"og:image\" content=\"https:\/\/schweizversand.ch\/wp-content\/uploads\/2026\/02\/5471641452.png\" \/>\n\t<meta property=\"og:image:width\" content=\"1024\" \/>\n\t<meta property=\"og:image:height\" content=\"742\" \/>\n\t<meta property=\"og:image:type\" content=\"image\/png\" \/>\n<meta name=\"twitter:card\" content=\"summary_large_image\" \/>\n<meta name=\"twitter:label1\" content=\"Tempo di lettura stimato\" \/>\n\t<meta name=\"twitter:data1\" content=\"1 minuto\" \/>\n<script type=\"application\/ld+json\" class=\"yoast-schema-graph\">{\"@context\":\"https:\\\/\\\/schema.org\",\"@graph\":[{\"@type\":\"WebPage\",\"@id\":\"https:\\\/\\\/schweizversand.ch\\\/it\\\/produkt\\\/hudora-1-sprungtuch-zu-trampolin-4square-215-x-305\\\/\",\"url\":\"https:\\\/\\\/schweizversand.ch\\\/it\\\/produkt\\\/hudora-1-sprungtuch-zu-trampolin-4square-215-x-305\\\/\",\"name\":\"Hudora 1 Sprungtuch zu Trampolin 4Square 215 x 305 | Jetzt kaufen | Schweizversand.ch\",\"isPartOf\":{\"@id\":\"https:\\\/\\\/schweizversand.ch\\\/it\\\/#website\"},\"primaryImageOfPage\":{\"@id\":\"https:\\\/\\\/schweizversand.ch\\\/it\\\/produkt\\\/hudora-1-sprungtuch-zu-trampolin-4square-215-x-305\\\/#primaryimage\"},\"image\":{\"@id\":\"https:\\\/\\\/schweizversand.ch\\\/it\\\/produkt\\\/hudora-1-sprungtuch-zu-trampolin-4square-215-x-305\\\/#primaryimage\"},\"thumbnailUrl\":\"https:\\\/\\\/schweizversand.ch\\\/wp-content\\\/uploads\\\/2026\\\/02\\\/5471641452.png\",\"datePublished\":\"2026-03-14T23:54:23+00:00\",\"dateModified\":\"2026-04-20T00:05:00+00:00\",\"description\":\"Hudora 1 Sprungtuch zu Trampolin 4Square 215 x 305 g\u00fcnstig kaufen bei Schweizversand.ch. Schnelle Lieferung in der Schweiz. Gratisversand ab CHF 50.\",\"breadcrumb\":{\"@id\":\"https:\\\/\\\/schweizversand.ch\\\/it\\\/produkt\\\/hudora-1-sprungtuch-zu-trampolin-4square-215-x-305\\\/#breadcrumb\"},\"inLanguage\":\"it-IT\",\"potentialAction\":[{\"@type\":\"ReadAction\",\"target\":[\"https:\\\/\\\/schweizversand.ch\\\/it\\\/produkt\\\/hudora-1-sprungtuch-zu-trampolin-4square-215-x-305\\\/\"]}]},{\"@type\":\"ImageObject\",\"inLanguage\":\"it-IT\",\"@id\":\"https:\\\/\\\/schweizversand.ch\\\/it\\\/produkt\\\/hudora-1-sprungtuch-zu-trampolin-4square-215-x-305\\\/#primaryimage\",\"url\":\"https:\\\/\\\/schweizversand.ch\\\/wp-content\\\/uploads\\\/2026\\\/02\\\/5471641452.png\",\"contentUrl\":\"https:\\\/\\\/schweizversand.ch\\\/wp-content\\\/uploads\\\/2026\\\/02\\\/5471641452.png\",\"width\":1024,\"height\":742},{\"@type\":\"BreadcrumbList\",\"@id\":\"https:\\\/\\\/schweizversand.ch\\\/it\\\/produkt\\\/hudora-1-sprungtuch-zu-trampolin-4square-215-x-305\\\/#breadcrumb\",\"itemListElement\":[{\"@type\":\"ListItem\",\"position\":1,\"name\":\"Startseite\",\"item\":\"https:\\\/\\\/schweizversand.ch\\\/it\\\/home\\\/\"},{\"@type\":\"ListItem\",\"position\":2,\"name\":\"Shop\",\"item\":\"https:\\\/\\\/schweizversand.ch\\\/it\\\/shop\\\/\"},{\"@type\":\"ListItem\",\"position\":3,\"name\":\"Ricambi\",\"item\":\"https:\\\/\\\/schweizversand.ch\\\/it\\\/produkt-kategorie\\\/ricambi\\\/\"},{\"@type\":\"ListItem\",\"position\":4,\"name\":\"Hudora\",\"item\":\"https:\\\/\\\/schweizversand.ch\\\/it\\\/produkt-kategorie\\\/ricambi\\\/hudora\\\/\"},{\"@type\":\"ListItem\",\"position\":5,\"name\":\"Trampolino\",\"item\":\"https:\\\/\\\/schweizversand.ch\\\/it\\\/produkt-kategorie\\\/ricambi\\\/hudora\\\/trampolin\\\/\"},{\"@type\":\"ListItem\",\"position\":6,\"name\":\"Hudora 1 tappeto elastico per trampolino 4Square 215 x 305\"}]},{\"@type\":\"WebSite\",\"@id\":\"https:\\\/\\\/schweizversand.ch\\\/it\\\/#website\",\"url\":\"https:\\\/\\\/schweizversand.ch\\\/it\\\/\",\"name\":\"Schweizer Shop f\u00fcr Sport, Spiel und Freizeit\",\"description\":\"Gratisversand ab 50.- (netto), ab eigenem schweizer Lager, Lieferung innert 48h\",\"publisher\":{\"@id\":\"https:\\\/\\\/schweizversand.ch\\\/it\\\/#organization\"},\"alternateName\":\"Schweizversand.ch\",\"potentialAction\":[{\"@type\":\"SearchAction\",\"target\":{\"@type\":\"EntryPoint\",\"urlTemplate\":\"https:\\\/\\\/schweizversand.ch\\\/it\\\/?s={search_term_string}\"},\"query-input\":{\"@type\":\"PropertyValueSpecification\",\"valueRequired\":true,\"valueName\":\"search_term_string\"}}],\"inLanguage\":\"it-IT\"},{\"@type\":\"Organization\",\"@id\":\"https:\\\/\\\/schweizversand.ch\\\/it\\\/#organization\",\"name\":\"Schweizversand.ch\",\"url\":\"https:\\\/\\\/schweizversand.ch\\\/it\\\/\",\"logo\":{\"@type\":\"ImageObject\",\"inLanguage\":\"it-IT\",\"@id\":\"https:\\\/\\\/schweizversand.ch\\\/it\\\/#\\\/schema\\\/logo\\\/image\\\/\",\"url\":\"https:\\\/\\\/schweizversand.ch\\\/wp-content\\\/uploads\\\/2026\\\/03\\\/Logo_Rund_Final-1.png\",\"contentUrl\":\"https:\\\/\\\/schweizversand.ch\\\/wp-content\\\/uploads\\\/2026\\\/03\\\/Logo_Rund_Final-1.png\",\"width\":404,\"height\":404,\"caption\":\"Schweizversand.ch\"},\"image\":{\"@id\":\"https:\\\/\\\/schweizversand.ch\\\/it\\\/#\\\/schema\\\/logo\\\/image\\\/\"},\"sameAs\":[\"https:\\\/\\\/www.facebook.com\\\/Schweizversand\",\"https:\\\/\\\/www.instagram.com\\\/schweizversand.ch\\\/\"]}]}<\/script>\n<!-- \/ Yoast SEO plugin. -->","yoast_head_json":{"title":"Hudora 1 Sprungtuch zu Trampolin 4Square 215 x 305 | Jetzt kaufen | Schweizversand.ch","description":"Hudora 1 Sprungtuch zu Trampolin 4Square 215 x 305 g\u00fcnstig kaufen bei Schweizversand.ch. Schnelle Lieferung in der Schweiz. Gratisversand ab CHF 50.","robots":{"index":"index","follow":"follow","max-snippet":"max-snippet:-1","max-image-preview":"max-image-preview:large","max-video-preview":"max-video-preview:-1"},"canonical":"https:\/\/schweizversand.ch\/it\/produkt\/hudora-1-sprungtuch-zu-trampolin-4square-215-x-305\/","og_locale":"it_IT","og_type":"article","og_title":"Hudora 1 Sprungtuch zu Trampolin 4Square 215 x 305 | Jetzt kaufen | Schweizversand.ch","og_description":"Hudora 1 Sprungtuch zu Trampolin 4Square 215 x 305 g\u00fcnstig kaufen bei Schweizversand.ch. Schnelle Lieferung in der Schweiz. Gratisversand ab CHF 50.","og_url":"https:\/\/schweizversand.ch\/it\/produkt\/hudora-1-sprungtuch-zu-trampolin-4square-215-x-305\/","og_site_name":"Schweizer Shop f\u00fcr Sport, Spiel und Freizeit","article_publisher":"https:\/\/www.facebook.com\/Schweizversand","article_modified_time":"2026-04-20T00:05:00+00:00","og_image":[{"width":1024,"height":742,"url":"https:\/\/schweizversand.ch\/wp-content\/uploads\/2026\/02\/5471641452.png","type":"image\/png"}],"twitter_card":"summary_large_image","twitter_misc":{"Tempo di lettura stimato":"1 minuto"},"schema":{"@context":"https:\/\/schema.org","@graph":[{"@type":"WebPage","@id":"https:\/\/schweizversand.ch\/it\/produkt\/hudora-1-sprungtuch-zu-trampolin-4square-215-x-305\/","url":"https:\/\/schweizversand.ch\/it\/produkt\/hudora-1-sprungtuch-zu-trampolin-4square-215-x-305\/","name":"Hudora 1 Sprungtuch zu Trampolin 4Square 215 x 305 | Jetzt kaufen | Schweizversand.ch","isPartOf":{"@id":"https:\/\/schweizversand.ch\/it\/#website"},"primaryImageOfPage":{"@id":"https:\/\/schweizversand.ch\/it\/produkt\/hudora-1-sprungtuch-zu-trampolin-4square-215-x-305\/#primaryimage"},"image":{"@id":"https:\/\/schweizversand.ch\/it\/produkt\/hudora-1-sprungtuch-zu-trampolin-4square-215-x-305\/#primaryimage"},"thumbnailUrl":"https:\/\/schweizversand.ch\/wp-content\/uploads\/2026\/02\/5471641452.png","datePublished":"2026-03-14T23:54:23+00:00","dateModified":"2026-04-20T00:05:00+00:00","description":"Hudora 1 Sprungtuch zu Trampolin 4Square 215 x 305 g\u00fcnstig kaufen bei Schweizversand.ch. Schnelle Lieferung in der Schweiz. Gratisversand ab CHF 50.","breadcrumb":{"@id":"https:\/\/schweizversand.ch\/it\/produkt\/hudora-1-sprungtuch-zu-trampolin-4square-215-x-305\/#breadcrumb"},"inLanguage":"it-IT","potentialAction":[{"@type":"ReadAction","target":["https:\/\/schweizversand.ch\/it\/produkt\/hudora-1-sprungtuch-zu-trampolin-4square-215-x-305\/"]}]},{"@type":"ImageObject","inLanguage":"it-IT","@id":"https:\/\/schweizversand.ch\/it\/produkt\/hudora-1-sprungtuch-zu-trampolin-4square-215-x-305\/#primaryimage","url":"https:\/\/schweizversand.ch\/wp-content\/uploads\/2026\/02\/5471641452.png","contentUrl":"https:\/\/schweizversand.ch\/wp-content\/uploads\/2026\/02\/5471641452.png","width":1024,"height":742},{"@type":"BreadcrumbList","@id":"https:\/\/schweizversand.ch\/it\/produkt\/hudora-1-sprungtuch-zu-trampolin-4square-215-x-305\/#breadcrumb","itemListElement":[{"@type":"ListItem","position":1,"name":"Startseite","item":"https:\/\/schweizversand.ch\/it\/home\/"},{"@type":"ListItem","position":2,"name":"Shop","item":"https:\/\/schweizversand.ch\/it\/shop\/"},{"@type":"ListItem","position":3,"name":"Ricambi","item":"https:\/\/schweizversand.ch\/it\/produkt-kategorie\/ricambi\/"},{"@type":"ListItem","position":4,"name":"Hudora","item":"https:\/\/schweizversand.ch\/it\/produkt-kategorie\/ricambi\/hudora\/"},{"@type":"ListItem","position":5,"name":"Trampolino","item":"https:\/\/schweizversand.ch\/it\/produkt-kategorie\/ricambi\/hudora\/trampolin\/"},{"@type":"ListItem","position":6,"name":"Hudora 1 tappeto elastico per trampolino 4Square 215 x 305"}]},{"@type":"WebSite","@id":"https:\/\/schweizversand.ch\/it\/#website","url":"https:\/\/schweizversand.ch\/it\/","name":"Schweizer Shop f\u00fcr Sport, Spiel und Freizeit","description":"Gratisversand ab 50.- (netto), ab eigenem schweizer Lager, Lieferung innert 48h","publisher":{"@id":"https:\/\/schweizversand.ch\/it\/#organization"},"alternateName":"Schweizversand.ch","potentialAction":[{"@type":"SearchAction","target":{"@type":"EntryPoint","urlTemplate":"https:\/\/schweizversand.ch\/it\/?s={search_term_string}"},"query-input":{"@type":"PropertyValueSpecification","valueRequired":true,"valueName":"search_term_string"}}],"inLanguage":"it-IT"},{"@type":"Organization","@id":"https:\/\/schweizversand.ch\/it\/#organization","name":"Schweizversand.ch","url":"https:\/\/schweizversand.ch\/it\/","logo":{"@type":"ImageObject","inLanguage":"it-IT","@id":"https:\/\/schweizversand.ch\/it\/#\/schema\/logo\/image\/","url":"https:\/\/schweizversand.ch\/wp-content\/uploads\/2026\/03\/Logo_Rund_Final-1.png","contentUrl":"https:\/\/schweizversand.ch\/wp-content\/uploads\/2026\/03\/Logo_Rund_Final-1.png","width":404,"height":404,"caption":"Schweizversand.ch"},"image":{"@id":"https:\/\/schweizversand.ch\/it\/#\/schema\/logo\/image\/"},"sameAs":["https:\/\/www.facebook.com\/Schweizversand","https:\/\/www.instagram.com\/schweizversand.ch\/"]}]}},"jetpack_sharing_enabled":true,"_links":{"self":[{"href":"https:\/\/schweizversand.ch\/it\/wp-json\/wp\/v2\/product\/255884","targetHints":{"allow":["GET"]}}],"collection":[{"href":"https:\/\/schweizversand.ch\/it\/wp-json\/wp\/v2\/product"}],"about":[{"href":"https:\/\/schweizversand.ch\/it\/wp-json\/wp\/v2\/types\/product"}],"replies":[{"embeddable":true,"href":"https:\/\/schweizversand.ch\/it\/wp-json\/wp\/v2\/comments?post=255884"}],"wp:featuredmedia":[{"embeddable":true,"href":"https:\/\/schweizversand.ch\/it\/wp-json\/wp\/v2\/media\/158923"}],"wp:attachment":[{"href":"https:\/\/schweizversand.ch\/it\/wp-json\/wp\/v2\/media?parent=255884"}],"wp:term":[{"taxonomy":"product_brand","embeddable":true,"href":"https:\/\/schweizversand.ch\/it\/wp-json\/wp\/v2\/product_brand?post=255884"},{"taxonomy":"product_cat","embeddable":true,"href":"https:\/\/schweizversand.ch\/it\/wp-json\/wp\/v2\/product_cat?post=255884"},{"taxonomy":"product_tag","embeddable":true,"href":"https:\/\/schweizversand.ch\/it\/wp-json\/wp\/v2\/product_tag?post=255884"}],"curies":[{"name":"wp","href":"https:\/\/api.w.org\/{rel}","templated":true}]}}