{"id":255927,"date":"2026-03-15T00:55:10","date_gmt":"2026-03-14T23:55:10","guid":{"rendered":"https:\/\/schweizversand.ch\/produkt\/on-herren-schuh-cloudsurfer-2\/"},"modified":"2026-04-06T02:10:25","modified_gmt":"2026-04-06T00:10:25","slug":"on-herren-schuh-cloudsurfer-2","status":"publish","type":"product","link":"https:\/\/schweizversand.ch\/it\/produkt\/on-herren-schuh-cloudsurfer-2\/","title":{"rendered":"ON Scarpe da uomo Cloudsurfer 2"},"content":{"rendered":"<p>On Cloudsurfer 2 \u2013 Corri senza sforzo nella vita di tutti i giorni<\/p>\n<p>L&#8217;esperienza di corsa pi\u00f9 morbida di sempre, ora ancora pi\u00f9 resistente, traspirante e sostenibile.<\/p>\n<\/p>\n<p>Inizia ogni corsa con facilit\u00e0 con le On Cloudsurfer 2. La combinazione di ammortizzazione intelligente, materiali riciclati e una calzata riprogettata rende questa scarpa da running la scelta ideale per la tua vita quotidiana, che sia sull&#8217;asfalto, al parco o mentre vai al lavoro.<\/p>\n<\/p>\n<p>L&#8217;esperienza di corsa definitiva grazie a CloudTec\u00ae Phase<\/p>\n<\/p>\n<p>Sperimenta transizioni fluide e morbide dal tallone alla punta: la raffinata ammortizzazione CloudTec\u00ae Phase, sviluppata con l&#8217;analisi degli elementi finiti (FEA), si adatta perfettamente al tuo movimento e offre un&#8217;esperienza di corsa incredibilmente fluida e reattiva, il tutto senza Speedboard.<\/p>\n<\/p>\n<p>Ammortizzazione migliorata e suola resistente<\/p>\n<\/p>\n<p>La nuova intersuola in superschiuma Helion\u2122 offre ancora pi\u00f9 comfort a ogni passo. Una suola riprogettata con un battistrada pi\u00f9 robusto offre maggiore aderenza e durata, indipendentemente dal numero di chilometri percorsi.<\/p>\n<\/p>\n<p>Traspirante e sostenibile<\/p>\n<\/p>\n<p>La tomaia in mesh traspirante garantisce una ventilazione ottimale, anche nelle giornate pi\u00f9 calde. Allo stesso tempo, la Cloudsurfer 2 \u00e8 un esempio di sostenibilit\u00e0: materiali riciclati, occhielli ricamati e una finitura tinta ecologica preservano le risorse.<\/p>\n<\/p>\n<p>Caratteristiche principali del prodotto:<\/p>\n<\/p>\n<p>\u2022 Tecnologia CloudTec\u00ae Phase per una falcata fluida e naturale<\/p>\n<\/p>\n<p>\u2022 Tomaia in mesh riciclato: traspirante ed ecologica<\/p>\n<\/p>\n<p>\u2022 Linguetta con struttura ottimizzata per una calzata ancora migliore<\/p>\n<\/p>\n<p>\u2022 Occhielli ricamati e dettagli realizzati con filato riciclato<\/p>\n<\/p>\n<p>\u2022 Intersuola in superschiuma Helion\u2122 per una sensazione di morbidezza e ammortizzazione<\/p>\n<\/p>\n<p>\u2022 Suola resistente con battistrada migliorato<\/p>\n","protected":false},"excerpt":{"rendered":"<p>On Cloudsurfer 2 \u2013 Corri senza sforzo nella vita di tutti i giorni L&#8217;esperienza di corsa pi\u00f9 morbida di sempre, ora ancora pi\u00f9 resistente, traspirante e sostenibile. Inizia ogni corsa con facilit\u00e0 con le On Cloudsurfer 2. La combinazione di ammortizzazione intelligente, materiali riciclati e una calzata riprogettata rende questa scarpa da running la scelta ideale per la tua vita quotidiana, che sia sull&#8217;asfalto, al parco o mentre vai al lavoro. L&#8217;esperienza di corsa definitiva&hellip;<\/p>\n","protected":false},"featured_media":159933,"comment_status":"open","ping_status":"closed","template":"","meta":[],"product_brand":[],"product_cat":[38546],"product_tag":[],"class_list":{"0":"post-255927","1":"product","2":"type-product","3":"status-publish","4":"has-post-thumbnail","6":"product_cat-herrenschuhe","7":"product_shipping_class-global_methods","9":"first","10":"instock","11":"taxable","12":"shipping-taxable","13":"purchasable","14":"product-type-simple"},"yoast_head":"<!-- This site is optimized with the Yoast SEO plugin v27.3 - https:\/\/yoast.com\/product\/yoast-seo-wordpress\/ -->\n<title>ON Herren Schuh Cloudsurfer 2 | Jetzt kaufen | Schweizversand.ch<\/title>\n<meta name=\"description\" content=\"ON Herren Schuh Cloudsurfer 2 g\u00fcnstig kaufen bei Schweizversand.ch. Schnelle Lieferung in der Schweiz. Gratisversand ab CHF 50.\" \/>\n<meta name=\"robots\" content=\"index, follow, max-snippet:-1, max-image-preview:large, max-video-preview:-1\" \/>\n<link rel=\"canonical\" href=\"https:\/\/schweizversand.ch\/it\/produkt\/on-herren-schuh-cloudsurfer-2\/\" \/>\n<meta property=\"og:locale\" content=\"it_IT\" \/>\n<meta property=\"og:type\" content=\"article\" \/>\n<meta property=\"og:title\" content=\"ON Herren Schuh Cloudsurfer 2 | Jetzt kaufen | Schweizversand.ch\" \/>\n<meta property=\"og:description\" content=\"ON Herren Schuh Cloudsurfer 2 g\u00fcnstig kaufen bei Schweizversand.ch. Schnelle Lieferung in der Schweiz. Gratisversand ab CHF 50.\" \/>\n<meta property=\"og:url\" content=\"https:\/\/schweizversand.ch\/it\/produkt\/on-herren-schuh-cloudsurfer-2\/\" \/>\n<meta property=\"og:site_name\" content=\"Schweizer Shop f\u00fcr Sport, Spiel und Freizeit\" \/>\n<meta property=\"article:publisher\" content=\"https:\/\/www.facebook.com\/Schweizversand\" \/>\n<meta property=\"article:modified_time\" content=\"2026-04-06T00:10:25+00:00\" \/>\n<meta property=\"og:image\" content=\"https:\/\/schweizversand.ch\/wp-content\/uploads\/2026\/02\/5471954391.jpg\" \/>\n\t<meta property=\"og:image:width\" content=\"1024\" \/>\n\t<meta property=\"og:image:height\" content=\"443\" \/>\n\t<meta property=\"og:image:type\" content=\"image\/jpeg\" \/>\n<meta name=\"twitter:card\" content=\"summary_large_image\" \/>\n<meta name=\"twitter:label1\" content=\"Tempo di lettura stimato\" \/>\n\t<meta name=\"twitter:data1\" content=\"1 minuto\" \/>\n<script type=\"application\/ld+json\" class=\"yoast-schema-graph\">{\"@context\":\"https:\\\/\\\/schema.org\",\"@graph\":[{\"@type\":\"WebPage\",\"@id\":\"https:\\\/\\\/schweizversand.ch\\\/it\\\/produkt\\\/on-herren-schuh-cloudsurfer-2\\\/\",\"url\":\"https:\\\/\\\/schweizversand.ch\\\/it\\\/produkt\\\/on-herren-schuh-cloudsurfer-2\\\/\",\"name\":\"ON Herren Schuh Cloudsurfer 2 | Jetzt kaufen | Schweizversand.ch\",\"isPartOf\":{\"@id\":\"https:\\\/\\\/schweizversand.ch\\\/it\\\/#website\"},\"primaryImageOfPage\":{\"@id\":\"https:\\\/\\\/schweizversand.ch\\\/it\\\/produkt\\\/on-herren-schuh-cloudsurfer-2\\\/#primaryimage\"},\"image\":{\"@id\":\"https:\\\/\\\/schweizversand.ch\\\/it\\\/produkt\\\/on-herren-schuh-cloudsurfer-2\\\/#primaryimage\"},\"thumbnailUrl\":\"https:\\\/\\\/schweizversand.ch\\\/wp-content\\\/uploads\\\/2026\\\/02\\\/5471954391.jpg\",\"datePublished\":\"2026-03-14T23:55:10+00:00\",\"dateModified\":\"2026-04-06T00:10:25+00:00\",\"description\":\"ON Herren Schuh Cloudsurfer 2 g\u00fcnstig kaufen bei Schweizversand.ch. Schnelle Lieferung in der Schweiz. Gratisversand ab CHF 50.\",\"breadcrumb\":{\"@id\":\"https:\\\/\\\/schweizversand.ch\\\/it\\\/produkt\\\/on-herren-schuh-cloudsurfer-2\\\/#breadcrumb\"},\"inLanguage\":\"it-IT\",\"potentialAction\":[{\"@type\":\"ReadAction\",\"target\":[\"https:\\\/\\\/schweizversand.ch\\\/it\\\/produkt\\\/on-herren-schuh-cloudsurfer-2\\\/\"]}]},{\"@type\":\"ImageObject\",\"inLanguage\":\"it-IT\",\"@id\":\"https:\\\/\\\/schweizversand.ch\\\/it\\\/produkt\\\/on-herren-schuh-cloudsurfer-2\\\/#primaryimage\",\"url\":\"https:\\\/\\\/schweizversand.ch\\\/wp-content\\\/uploads\\\/2026\\\/02\\\/5471954391.jpg\",\"contentUrl\":\"https:\\\/\\\/schweizversand.ch\\\/wp-content\\\/uploads\\\/2026\\\/02\\\/5471954391.jpg\",\"width\":1024,\"height\":443},{\"@type\":\"BreadcrumbList\",\"@id\":\"https:\\\/\\\/schweizversand.ch\\\/it\\\/produkt\\\/on-herren-schuh-cloudsurfer-2\\\/#breadcrumb\",\"itemListElement\":[{\"@type\":\"ListItem\",\"position\":1,\"name\":\"Startseite\",\"item\":\"https:\\\/\\\/schweizversand.ch\\\/it\\\/\"},{\"@type\":\"ListItem\",\"position\":2,\"name\":\"Shop\",\"item\":\"https:\\\/\\\/schweizversand.ch\\\/it\\\/shop\\\/\"},{\"@type\":\"ListItem\",\"position\":3,\"name\":\"ON Scarpe da uomo Cloudsurfer 2\"}]},{\"@type\":\"WebSite\",\"@id\":\"https:\\\/\\\/schweizversand.ch\\\/it\\\/#website\",\"url\":\"https:\\\/\\\/schweizversand.ch\\\/it\\\/\",\"name\":\"Schweizer Shop f\u00fcr Sport, Spiel und Freizeit\",\"description\":\"Gratisversand ab 50.- (netto), ab eigenem schweizer Lager, Lieferung innert 48h\",\"publisher\":{\"@id\":\"https:\\\/\\\/schweizversand.ch\\\/it\\\/#organization\"},\"alternateName\":\"Schweizversand.ch\",\"potentialAction\":[{\"@type\":\"SearchAction\",\"target\":{\"@type\":\"EntryPoint\",\"urlTemplate\":\"https:\\\/\\\/schweizversand.ch\\\/it\\\/?s={search_term_string}\"},\"query-input\":{\"@type\":\"PropertyValueSpecification\",\"valueRequired\":true,\"valueName\":\"search_term_string\"}}],\"inLanguage\":\"it-IT\"},{\"@type\":\"Organization\",\"@id\":\"https:\\\/\\\/schweizversand.ch\\\/it\\\/#organization\",\"name\":\"Schweizversand.ch\",\"url\":\"https:\\\/\\\/schweizversand.ch\\\/it\\\/\",\"logo\":{\"@type\":\"ImageObject\",\"inLanguage\":\"it-IT\",\"@id\":\"https:\\\/\\\/schweizversand.ch\\\/it\\\/#\\\/schema\\\/logo\\\/image\\\/\",\"url\":\"https:\\\/\\\/schweizversand.ch\\\/wp-content\\\/uploads\\\/2026\\\/03\\\/Logo_Rund_Final-1.png\",\"contentUrl\":\"https:\\\/\\\/schweizversand.ch\\\/wp-content\\\/uploads\\\/2026\\\/03\\\/Logo_Rund_Final-1.png\",\"width\":404,\"height\":404,\"caption\":\"Schweizversand.ch\"},\"image\":{\"@id\":\"https:\\\/\\\/schweizversand.ch\\\/it\\\/#\\\/schema\\\/logo\\\/image\\\/\"},\"sameAs\":[\"https:\\\/\\\/www.facebook.com\\\/Schweizversand\",\"https:\\\/\\\/www.instagram.com\\\/schweizversand.ch\\\/\"]}]}<\/script>\n<!-- \/ Yoast SEO plugin. -->","yoast_head_json":{"title":"ON Herren Schuh Cloudsurfer 2 | Jetzt kaufen | Schweizversand.ch","description":"ON Herren Schuh Cloudsurfer 2 g\u00fcnstig kaufen bei Schweizversand.ch. Schnelle Lieferung in der Schweiz. Gratisversand ab CHF 50.","robots":{"index":"index","follow":"follow","max-snippet":"max-snippet:-1","max-image-preview":"max-image-preview:large","max-video-preview":"max-video-preview:-1"},"canonical":"https:\/\/schweizversand.ch\/it\/produkt\/on-herren-schuh-cloudsurfer-2\/","og_locale":"it_IT","og_type":"article","og_title":"ON Herren Schuh Cloudsurfer 2 | Jetzt kaufen | Schweizversand.ch","og_description":"ON Herren Schuh Cloudsurfer 2 g\u00fcnstig kaufen bei Schweizversand.ch. Schnelle Lieferung in der Schweiz. Gratisversand ab CHF 50.","og_url":"https:\/\/schweizversand.ch\/it\/produkt\/on-herren-schuh-cloudsurfer-2\/","og_site_name":"Schweizer Shop f\u00fcr Sport, Spiel und Freizeit","article_publisher":"https:\/\/www.facebook.com\/Schweizversand","article_modified_time":"2026-04-06T00:10:25+00:00","og_image":[{"width":1024,"height":443,"url":"https:\/\/schweizversand.ch\/wp-content\/uploads\/2026\/02\/5471954391.jpg","type":"image\/jpeg"}],"twitter_card":"summary_large_image","twitter_misc":{"Tempo di lettura stimato":"1 minuto"},"schema":{"@context":"https:\/\/schema.org","@graph":[{"@type":"WebPage","@id":"https:\/\/schweizversand.ch\/it\/produkt\/on-herren-schuh-cloudsurfer-2\/","url":"https:\/\/schweizversand.ch\/it\/produkt\/on-herren-schuh-cloudsurfer-2\/","name":"ON Herren Schuh Cloudsurfer 2 | Jetzt kaufen | Schweizversand.ch","isPartOf":{"@id":"https:\/\/schweizversand.ch\/it\/#website"},"primaryImageOfPage":{"@id":"https:\/\/schweizversand.ch\/it\/produkt\/on-herren-schuh-cloudsurfer-2\/#primaryimage"},"image":{"@id":"https:\/\/schweizversand.ch\/it\/produkt\/on-herren-schuh-cloudsurfer-2\/#primaryimage"},"thumbnailUrl":"https:\/\/schweizversand.ch\/wp-content\/uploads\/2026\/02\/5471954391.jpg","datePublished":"2026-03-14T23:55:10+00:00","dateModified":"2026-04-06T00:10:25+00:00","description":"ON Herren Schuh Cloudsurfer 2 g\u00fcnstig kaufen bei Schweizversand.ch. Schnelle Lieferung in der Schweiz. Gratisversand ab CHF 50.","breadcrumb":{"@id":"https:\/\/schweizversand.ch\/it\/produkt\/on-herren-schuh-cloudsurfer-2\/#breadcrumb"},"inLanguage":"it-IT","potentialAction":[{"@type":"ReadAction","target":["https:\/\/schweizversand.ch\/it\/produkt\/on-herren-schuh-cloudsurfer-2\/"]}]},{"@type":"ImageObject","inLanguage":"it-IT","@id":"https:\/\/schweizversand.ch\/it\/produkt\/on-herren-schuh-cloudsurfer-2\/#primaryimage","url":"https:\/\/schweizversand.ch\/wp-content\/uploads\/2026\/02\/5471954391.jpg","contentUrl":"https:\/\/schweizversand.ch\/wp-content\/uploads\/2026\/02\/5471954391.jpg","width":1024,"height":443},{"@type":"BreadcrumbList","@id":"https:\/\/schweizversand.ch\/it\/produkt\/on-herren-schuh-cloudsurfer-2\/#breadcrumb","itemListElement":[{"@type":"ListItem","position":1,"name":"Startseite","item":"https:\/\/schweizversand.ch\/it\/"},{"@type":"ListItem","position":2,"name":"Shop","item":"https:\/\/schweizversand.ch\/it\/shop\/"},{"@type":"ListItem","position":3,"name":"ON Scarpe da uomo Cloudsurfer 2"}]},{"@type":"WebSite","@id":"https:\/\/schweizversand.ch\/it\/#website","url":"https:\/\/schweizversand.ch\/it\/","name":"Schweizer Shop f\u00fcr Sport, Spiel und Freizeit","description":"Gratisversand ab 50.- (netto), ab eigenem schweizer Lager, Lieferung innert 48h","publisher":{"@id":"https:\/\/schweizversand.ch\/it\/#organization"},"alternateName":"Schweizversand.ch","potentialAction":[{"@type":"SearchAction","target":{"@type":"EntryPoint","urlTemplate":"https:\/\/schweizversand.ch\/it\/?s={search_term_string}"},"query-input":{"@type":"PropertyValueSpecification","valueRequired":true,"valueName":"search_term_string"}}],"inLanguage":"it-IT"},{"@type":"Organization","@id":"https:\/\/schweizversand.ch\/it\/#organization","name":"Schweizversand.ch","url":"https:\/\/schweizversand.ch\/it\/","logo":{"@type":"ImageObject","inLanguage":"it-IT","@id":"https:\/\/schweizversand.ch\/it\/#\/schema\/logo\/image\/","url":"https:\/\/schweizversand.ch\/wp-content\/uploads\/2026\/03\/Logo_Rund_Final-1.png","contentUrl":"https:\/\/schweizversand.ch\/wp-content\/uploads\/2026\/03\/Logo_Rund_Final-1.png","width":404,"height":404,"caption":"Schweizversand.ch"},"image":{"@id":"https:\/\/schweizversand.ch\/it\/#\/schema\/logo\/image\/"},"sameAs":["https:\/\/www.facebook.com\/Schweizversand","https:\/\/www.instagram.com\/schweizversand.ch\/"]}]}},"jetpack_sharing_enabled":true,"_links":{"self":[{"href":"https:\/\/schweizversand.ch\/it\/wp-json\/wp\/v2\/product\/255927","targetHints":{"allow":["GET"]}}],"collection":[{"href":"https:\/\/schweizversand.ch\/it\/wp-json\/wp\/v2\/product"}],"about":[{"href":"https:\/\/schweizversand.ch\/it\/wp-json\/wp\/v2\/types\/product"}],"replies":[{"embeddable":true,"href":"https:\/\/schweizversand.ch\/it\/wp-json\/wp\/v2\/comments?post=255927"}],"wp:featuredmedia":[{"embeddable":true,"href":"https:\/\/schweizversand.ch\/it\/wp-json\/wp\/v2\/media\/159933"}],"wp:attachment":[{"href":"https:\/\/schweizversand.ch\/it\/wp-json\/wp\/v2\/media?parent=255927"}],"wp:term":[{"taxonomy":"product_brand","embeddable":true,"href":"https:\/\/schweizversand.ch\/it\/wp-json\/wp\/v2\/product_brand?post=255927"},{"taxonomy":"product_cat","embeddable":true,"href":"https:\/\/schweizversand.ch\/it\/wp-json\/wp\/v2\/product_cat?post=255927"},{"taxonomy":"product_tag","embeddable":true,"href":"https:\/\/schweizversand.ch\/it\/wp-json\/wp\/v2\/product_tag?post=255927"}],"curies":[{"name":"wp","href":"https:\/\/api.w.org\/{rel}","templated":true}]}}