{"id":255957,"date":"2026-03-15T00:55:14","date_gmt":"2026-03-14T23:55:14","guid":{"rendered":"https:\/\/schweizversand.ch\/produkt\/on-damen-schuh-cloud-x-11\/"},"modified":"2026-04-17T02:05:41","modified_gmt":"2026-04-17T00:05:41","slug":"on-damen-schuh-cloud-x-11","status":"publish","type":"product","link":"https:\/\/schweizversand.ch\/it\/produkt\/on-damen-schuh-cloud-x-11\/","title":{"rendered":"ON Scarpa da donna Cloud X"},"content":{"rendered":"<p>On Cloud X da donna \u2013 Feather | Nero<\/p>\n<\/p>\n<p>Pi\u00f9 energia. Pi\u00f9 controllo. Pi\u00f9 risultati dal tuo allenamento.<\/p>\n<\/p>\n<p>Che si tratti di HIIT, allenamento funzionale, cardio o core, le On Cloud X da donna sono le tue compagne di allenamento ideali per ogni sessione. Progettate per la massima agilit\u00e0 e stabilit\u00e0, ti accompagneranno in ogni allenamento con potenza, flessibilit\u00e0 e sicurezza.<\/p>\n<\/p>\n<p>La Speedboard\u00ae a forma di X offre spinte esplosive e pieno controllo durante burpees, jump squat o mountain climber. Grazie alla struttura flessibile dell&#8217;avampiede, reagisci istantaneamente a ogni movimento: ideale per l&#8217;allenamento multidirezionale.<\/p>\n<\/p>\n<p>L&#8217;intersuola in superschiuma Helion\u2122 offre ammortizzazione mirata e ritorno di energia. Il rinforzo dell&#8217;arco plantare, il forte supporto del tallone e la suola in gomma antiscivolo garantiscono una stabilit\u00e0 ottimale, perfetta per i rapidi cambi di direzione.<\/p>\n<\/p>\n<p>La tomaia traspirante in mesh riciclato avvolge il piede in modo confortevole e offre una sensazione di freschezza, tinta con un processo di tintura in massa ecologico e a risparmio idrico.<\/p>\n<\/p>\n<p>Punti salienti del prodotto:<\/p>\n<\/p>\n<p>\u2022 Speedboard\u00ae a forma di X: flessibile, elastica e reattiva<\/p>\n<\/p>\n<p>\u2022 Superschiuma Helion\u2122: ammortizza, sostiene e restituisce energia<\/p>\n<\/p>\n<p>\u2022 Supporto forte: rinforzo nell&#8217;area mediale e zona del tallone stabile<\/p>\n<\/p>\n<p>\u2022 Tomaia traspirante: almeno il 90% di poliestere riciclato<\/p>\n<\/p>\n<p>\u2022 Tintura in massa: consente di risparmiare fino al 90% di acqua<\/p>\n<\/p>\n<p>\u2022 Trazione perfetta: suola in gomma per movimenti multidirezionali<\/p>\n","protected":false},"excerpt":{"rendered":"<p>On Cloud X da donna \u2013 Feather | Nero Pi\u00f9 energia. Pi\u00f9 controllo. Pi\u00f9 risultati dal tuo allenamento. Che si tratti di HIIT, allenamento funzionale, cardio o core, le On Cloud X da donna sono le tue compagne di allenamento ideali per ogni sessione. Progettate per la massima agilit\u00e0 e stabilit\u00e0, ti accompagneranno in ogni allenamento con potenza, flessibilit\u00e0 e sicurezza. La Speedboard\u00ae a forma di X offre spinte esplosive e pieno controllo durante burpees,&hellip;<\/p>\n","protected":false},"featured_media":160086,"comment_status":"open","ping_status":"closed","template":"","meta":[],"product_brand":[],"product_cat":[38190],"product_tag":[],"class_list":{"0":"post-255957","1":"product","2":"type-product","3":"status-publish","4":"has-post-thumbnail","6":"product_cat-damenschuhe","7":"product_shipping_class-global_methods","9":"first","10":"instock","11":"taxable","12":"shipping-taxable","13":"purchasable","14":"product-type-simple"},"yoast_head":"<!-- This site is optimized with the Yoast SEO plugin v27.4 - https:\/\/yoast.com\/product\/yoast-seo-wordpress\/ -->\n<title>ON Damen Schuh Cloud X | Jetzt kaufen | Schweizversand.ch<\/title>\n<meta name=\"description\" content=\"ON Damen Schuh Cloud X g\u00fcnstig kaufen bei Schweizversand.ch. Schnelle Lieferung in der Schweiz. Gratisversand ab CHF 50.\" \/>\n<meta name=\"robots\" content=\"index, follow, max-snippet:-1, max-image-preview:large, max-video-preview:-1\" \/>\n<link rel=\"canonical\" href=\"https:\/\/schweizversand.ch\/it\/produkt\/on-damen-schuh-cloud-x-11\/\" \/>\n<meta property=\"og:locale\" content=\"it_IT\" \/>\n<meta property=\"og:type\" content=\"article\" \/>\n<meta property=\"og:title\" content=\"ON Damen Schuh Cloud X | Jetzt kaufen | Schweizversand.ch\" \/>\n<meta property=\"og:description\" content=\"ON Damen Schuh Cloud X g\u00fcnstig kaufen bei Schweizversand.ch. Schnelle Lieferung in der Schweiz. Gratisversand ab CHF 50.\" \/>\n<meta property=\"og:url\" content=\"https:\/\/schweizversand.ch\/it\/produkt\/on-damen-schuh-cloud-x-11\/\" \/>\n<meta property=\"og:site_name\" content=\"Schweizer Shop f\u00fcr Sport, Spiel und Freizeit\" \/>\n<meta property=\"article:publisher\" content=\"https:\/\/www.facebook.com\/Schweizversand\" \/>\n<meta property=\"article:modified_time\" content=\"2026-04-17T00:05:41+00:00\" \/>\n<meta property=\"og:image\" content=\"https:\/\/schweizversand.ch\/wp-content\/uploads\/2026\/02\/5471949970.jpg\" \/>\n\t<meta property=\"og:image:width\" content=\"1024\" \/>\n\t<meta property=\"og:image:height\" content=\"1024\" \/>\n\t<meta property=\"og:image:type\" content=\"image\/jpeg\" \/>\n<meta name=\"twitter:card\" content=\"summary_large_image\" \/>\n<meta name=\"twitter:label1\" content=\"Tempo di lettura stimato\" \/>\n\t<meta name=\"twitter:data1\" content=\"1 minuto\" \/>\n<script type=\"application\/ld+json\" class=\"yoast-schema-graph\">{\"@context\":\"https:\\\/\\\/schema.org\",\"@graph\":[{\"@type\":\"WebPage\",\"@id\":\"https:\\\/\\\/schweizversand.ch\\\/it\\\/produkt\\\/on-damen-schuh-cloud-x-11\\\/\",\"url\":\"https:\\\/\\\/schweizversand.ch\\\/it\\\/produkt\\\/on-damen-schuh-cloud-x-11\\\/\",\"name\":\"ON Damen Schuh Cloud X | Jetzt kaufen | Schweizversand.ch\",\"isPartOf\":{\"@id\":\"https:\\\/\\\/schweizversand.ch\\\/it\\\/#website\"},\"primaryImageOfPage\":{\"@id\":\"https:\\\/\\\/schweizversand.ch\\\/it\\\/produkt\\\/on-damen-schuh-cloud-x-11\\\/#primaryimage\"},\"image\":{\"@id\":\"https:\\\/\\\/schweizversand.ch\\\/it\\\/produkt\\\/on-damen-schuh-cloud-x-11\\\/#primaryimage\"},\"thumbnailUrl\":\"https:\\\/\\\/schweizversand.ch\\\/wp-content\\\/uploads\\\/2026\\\/02\\\/5471949970.jpg\",\"datePublished\":\"2026-03-14T23:55:14+00:00\",\"dateModified\":\"2026-04-17T00:05:41+00:00\",\"description\":\"ON Damen Schuh Cloud X g\u00fcnstig kaufen bei Schweizversand.ch. Schnelle Lieferung in der Schweiz. Gratisversand ab CHF 50.\",\"breadcrumb\":{\"@id\":\"https:\\\/\\\/schweizversand.ch\\\/it\\\/produkt\\\/on-damen-schuh-cloud-x-11\\\/#breadcrumb\"},\"inLanguage\":\"it-IT\",\"potentialAction\":[{\"@type\":\"ReadAction\",\"target\":[\"https:\\\/\\\/schweizversand.ch\\\/it\\\/produkt\\\/on-damen-schuh-cloud-x-11\\\/\"]}]},{\"@type\":\"ImageObject\",\"inLanguage\":\"it-IT\",\"@id\":\"https:\\\/\\\/schweizversand.ch\\\/it\\\/produkt\\\/on-damen-schuh-cloud-x-11\\\/#primaryimage\",\"url\":\"https:\\\/\\\/schweizversand.ch\\\/wp-content\\\/uploads\\\/2026\\\/02\\\/5471949970.jpg\",\"contentUrl\":\"https:\\\/\\\/schweizversand.ch\\\/wp-content\\\/uploads\\\/2026\\\/02\\\/5471949970.jpg\",\"width\":1024,\"height\":1024},{\"@type\":\"BreadcrumbList\",\"@id\":\"https:\\\/\\\/schweizversand.ch\\\/it\\\/produkt\\\/on-damen-schuh-cloud-x-11\\\/#breadcrumb\",\"itemListElement\":[{\"@type\":\"ListItem\",\"position\":1,\"name\":\"Startseite\",\"item\":\"https:\\\/\\\/schweizversand.ch\\\/it\\\/\"},{\"@type\":\"ListItem\",\"position\":2,\"name\":\"Shop\",\"item\":\"https:\\\/\\\/schweizversand.ch\\\/it\\\/shop\\\/\"},{\"@type\":\"ListItem\",\"position\":3,\"name\":\"Moda\",\"item\":\"https:\\\/\\\/schweizversand.ch\\\/it\\\/produkt-kategorie\\\/moda\\\/\"},{\"@type\":\"ListItem\",\"position\":4,\"name\":\"Moda femminile\",\"item\":\"https:\\\/\\\/schweizversand.ch\\\/it\\\/produkt-kategorie\\\/moda\\\/moda-femminile\\\/\"},{\"@type\":\"ListItem\",\"position\":5,\"name\":\"Scarpe da donna\",\"item\":\"https:\\\/\\\/schweizversand.ch\\\/it\\\/produkt-kategorie\\\/moda\\\/moda-femminile\\\/damenschuhe\\\/\"},{\"@type\":\"ListItem\",\"position\":6,\"name\":\"ON Scarpa da donna Cloud X\"}]},{\"@type\":\"WebSite\",\"@id\":\"https:\\\/\\\/schweizversand.ch\\\/it\\\/#website\",\"url\":\"https:\\\/\\\/schweizversand.ch\\\/it\\\/\",\"name\":\"Schweizer Shop f\u00fcr Sport, Spiel und Freizeit\",\"description\":\"Gratisversand ab 50.- (netto), ab eigenem schweizer Lager, Lieferung innert 48h\",\"publisher\":{\"@id\":\"https:\\\/\\\/schweizversand.ch\\\/it\\\/#organization\"},\"alternateName\":\"Schweizversand.ch\",\"potentialAction\":[{\"@type\":\"SearchAction\",\"target\":{\"@type\":\"EntryPoint\",\"urlTemplate\":\"https:\\\/\\\/schweizversand.ch\\\/it\\\/?s={search_term_string}\"},\"query-input\":{\"@type\":\"PropertyValueSpecification\",\"valueRequired\":true,\"valueName\":\"search_term_string\"}}],\"inLanguage\":\"it-IT\"},{\"@type\":\"Organization\",\"@id\":\"https:\\\/\\\/schweizversand.ch\\\/it\\\/#organization\",\"name\":\"Schweizversand.ch\",\"url\":\"https:\\\/\\\/schweizversand.ch\\\/it\\\/\",\"logo\":{\"@type\":\"ImageObject\",\"inLanguage\":\"it-IT\",\"@id\":\"https:\\\/\\\/schweizversand.ch\\\/it\\\/#\\\/schema\\\/logo\\\/image\\\/\",\"url\":\"https:\\\/\\\/schweizversand.ch\\\/wp-content\\\/uploads\\\/2026\\\/03\\\/Logo_Rund_Final-1.png\",\"contentUrl\":\"https:\\\/\\\/schweizversand.ch\\\/wp-content\\\/uploads\\\/2026\\\/03\\\/Logo_Rund_Final-1.png\",\"width\":404,\"height\":404,\"caption\":\"Schweizversand.ch\"},\"image\":{\"@id\":\"https:\\\/\\\/schweizversand.ch\\\/it\\\/#\\\/schema\\\/logo\\\/image\\\/\"},\"sameAs\":[\"https:\\\/\\\/www.facebook.com\\\/Schweizversand\",\"https:\\\/\\\/www.instagram.com\\\/schweizversand.ch\\\/\"]}]}<\/script>\n<!-- \/ Yoast SEO plugin. -->","yoast_head_json":{"title":"ON Damen Schuh Cloud X | Jetzt kaufen | Schweizversand.ch","description":"ON Damen Schuh Cloud X g\u00fcnstig kaufen bei Schweizversand.ch. Schnelle Lieferung in der Schweiz. Gratisversand ab CHF 50.","robots":{"index":"index","follow":"follow","max-snippet":"max-snippet:-1","max-image-preview":"max-image-preview:large","max-video-preview":"max-video-preview:-1"},"canonical":"https:\/\/schweizversand.ch\/it\/produkt\/on-damen-schuh-cloud-x-11\/","og_locale":"it_IT","og_type":"article","og_title":"ON Damen Schuh Cloud X | Jetzt kaufen | Schweizversand.ch","og_description":"ON Damen Schuh Cloud X g\u00fcnstig kaufen bei Schweizversand.ch. Schnelle Lieferung in der Schweiz. Gratisversand ab CHF 50.","og_url":"https:\/\/schweizversand.ch\/it\/produkt\/on-damen-schuh-cloud-x-11\/","og_site_name":"Schweizer Shop f\u00fcr Sport, Spiel und Freizeit","article_publisher":"https:\/\/www.facebook.com\/Schweizversand","article_modified_time":"2026-04-17T00:05:41+00:00","og_image":[{"width":1024,"height":1024,"url":"https:\/\/schweizversand.ch\/wp-content\/uploads\/2026\/02\/5471949970.jpg","type":"image\/jpeg"}],"twitter_card":"summary_large_image","twitter_misc":{"Tempo di lettura stimato":"1 minuto"},"schema":{"@context":"https:\/\/schema.org","@graph":[{"@type":"WebPage","@id":"https:\/\/schweizversand.ch\/it\/produkt\/on-damen-schuh-cloud-x-11\/","url":"https:\/\/schweizversand.ch\/it\/produkt\/on-damen-schuh-cloud-x-11\/","name":"ON Damen Schuh Cloud X | Jetzt kaufen | Schweizversand.ch","isPartOf":{"@id":"https:\/\/schweizversand.ch\/it\/#website"},"primaryImageOfPage":{"@id":"https:\/\/schweizversand.ch\/it\/produkt\/on-damen-schuh-cloud-x-11\/#primaryimage"},"image":{"@id":"https:\/\/schweizversand.ch\/it\/produkt\/on-damen-schuh-cloud-x-11\/#primaryimage"},"thumbnailUrl":"https:\/\/schweizversand.ch\/wp-content\/uploads\/2026\/02\/5471949970.jpg","datePublished":"2026-03-14T23:55:14+00:00","dateModified":"2026-04-17T00:05:41+00:00","description":"ON Damen Schuh Cloud X g\u00fcnstig kaufen bei Schweizversand.ch. Schnelle Lieferung in der Schweiz. Gratisversand ab CHF 50.","breadcrumb":{"@id":"https:\/\/schweizversand.ch\/it\/produkt\/on-damen-schuh-cloud-x-11\/#breadcrumb"},"inLanguage":"it-IT","potentialAction":[{"@type":"ReadAction","target":["https:\/\/schweizversand.ch\/it\/produkt\/on-damen-schuh-cloud-x-11\/"]}]},{"@type":"ImageObject","inLanguage":"it-IT","@id":"https:\/\/schweizversand.ch\/it\/produkt\/on-damen-schuh-cloud-x-11\/#primaryimage","url":"https:\/\/schweizversand.ch\/wp-content\/uploads\/2026\/02\/5471949970.jpg","contentUrl":"https:\/\/schweizversand.ch\/wp-content\/uploads\/2026\/02\/5471949970.jpg","width":1024,"height":1024},{"@type":"BreadcrumbList","@id":"https:\/\/schweizversand.ch\/it\/produkt\/on-damen-schuh-cloud-x-11\/#breadcrumb","itemListElement":[{"@type":"ListItem","position":1,"name":"Startseite","item":"https:\/\/schweizversand.ch\/it\/"},{"@type":"ListItem","position":2,"name":"Shop","item":"https:\/\/schweizversand.ch\/it\/shop\/"},{"@type":"ListItem","position":3,"name":"Moda","item":"https:\/\/schweizversand.ch\/it\/produkt-kategorie\/moda\/"},{"@type":"ListItem","position":4,"name":"Moda femminile","item":"https:\/\/schweizversand.ch\/it\/produkt-kategorie\/moda\/moda-femminile\/"},{"@type":"ListItem","position":5,"name":"Scarpe da donna","item":"https:\/\/schweizversand.ch\/it\/produkt-kategorie\/moda\/moda-femminile\/damenschuhe\/"},{"@type":"ListItem","position":6,"name":"ON Scarpa da donna Cloud X"}]},{"@type":"WebSite","@id":"https:\/\/schweizversand.ch\/it\/#website","url":"https:\/\/schweizversand.ch\/it\/","name":"Schweizer Shop f\u00fcr Sport, Spiel und Freizeit","description":"Gratisversand ab 50.- (netto), ab eigenem schweizer Lager, Lieferung innert 48h","publisher":{"@id":"https:\/\/schweizversand.ch\/it\/#organization"},"alternateName":"Schweizversand.ch","potentialAction":[{"@type":"SearchAction","target":{"@type":"EntryPoint","urlTemplate":"https:\/\/schweizversand.ch\/it\/?s={search_term_string}"},"query-input":{"@type":"PropertyValueSpecification","valueRequired":true,"valueName":"search_term_string"}}],"inLanguage":"it-IT"},{"@type":"Organization","@id":"https:\/\/schweizversand.ch\/it\/#organization","name":"Schweizversand.ch","url":"https:\/\/schweizversand.ch\/it\/","logo":{"@type":"ImageObject","inLanguage":"it-IT","@id":"https:\/\/schweizversand.ch\/it\/#\/schema\/logo\/image\/","url":"https:\/\/schweizversand.ch\/wp-content\/uploads\/2026\/03\/Logo_Rund_Final-1.png","contentUrl":"https:\/\/schweizversand.ch\/wp-content\/uploads\/2026\/03\/Logo_Rund_Final-1.png","width":404,"height":404,"caption":"Schweizversand.ch"},"image":{"@id":"https:\/\/schweizversand.ch\/it\/#\/schema\/logo\/image\/"},"sameAs":["https:\/\/www.facebook.com\/Schweizversand","https:\/\/www.instagram.com\/schweizversand.ch\/"]}]}},"jetpack_sharing_enabled":true,"_links":{"self":[{"href":"https:\/\/schweizversand.ch\/it\/wp-json\/wp\/v2\/product\/255957","targetHints":{"allow":["GET"]}}],"collection":[{"href":"https:\/\/schweizversand.ch\/it\/wp-json\/wp\/v2\/product"}],"about":[{"href":"https:\/\/schweizversand.ch\/it\/wp-json\/wp\/v2\/types\/product"}],"replies":[{"embeddable":true,"href":"https:\/\/schweizversand.ch\/it\/wp-json\/wp\/v2\/comments?post=255957"}],"wp:featuredmedia":[{"embeddable":true,"href":"https:\/\/schweizversand.ch\/it\/wp-json\/wp\/v2\/media\/160086"}],"wp:attachment":[{"href":"https:\/\/schweizversand.ch\/it\/wp-json\/wp\/v2\/media?parent=255957"}],"wp:term":[{"taxonomy":"product_brand","embeddable":true,"href":"https:\/\/schweizversand.ch\/it\/wp-json\/wp\/v2\/product_brand?post=255957"},{"taxonomy":"product_cat","embeddable":true,"href":"https:\/\/schweizversand.ch\/it\/wp-json\/wp\/v2\/product_cat?post=255957"},{"taxonomy":"product_tag","embeddable":true,"href":"https:\/\/schweizversand.ch\/it\/wp-json\/wp\/v2\/product_tag?post=255957"}],"curies":[{"name":"wp","href":"https:\/\/api.w.org\/{rel}","templated":true}]}}