{"id":255969,"date":"2026-03-15T00:55:16","date_gmt":"2026-03-14T23:55:16","guid":{"rendered":"https:\/\/schweizversand.ch\/produkt\/spielba-puzzle-schweiz-7-teilig-mit-griffli\/"},"modified":"2026-04-19T15:36:59","modified_gmt":"2026-04-19T13:36:59","slug":"spielba-puzzle-schweiz-7-teilig-mit-griffli","status":"publish","type":"product","link":"https:\/\/schweizversand.ch\/it\/produkt\/spielba-puzzle-schweiz-7-teilig-mit-griffli\/","title":{"rendered":"Puzzle &#8220;Svizzera&#8221; da 7 pezzi con manici"},"content":{"rendered":"<h1><strong>Puzzle per bambini piccoli &#8211; Puzzle in legno con 7 figure con manico<\/strong><\/h1>\n<div>Questo <strong>puzzle per bambini piccoli<\/strong> di alta qualit\u00e0 \u00e8 l&#8217;introduzione ideale al mondo dei puzzle e dell&#8217;apprendimento. Combina l&#8217;esplorazione giocosa con un supporto efficace per lo sviluppo della prima infanzia ed \u00e8 appositamente progettato per le manine dei pi\u00f9 piccoli.<\/p>\n<\/div>\n<div><strong>Imparare le forme e le capacit\u00e0 motorie giocando<\/strong><br \/>Il set di puzzle \u00e8 composto da 7 figure diverse che incoraggiano i bambini a riconoscere e abbinare le forme. Essendo un versatile <strong>giocattolo per le capacit\u00e0 motorie da 1 anno in su<\/strong>, promuove specificamente le capacit\u00e0 motorie fini e il ragionamento spaziale. Il tuo bambino impara come incastrare i pezzi, il che \u00e8 essenziale per lo sviluppo cognitivo.<\/p>\n<\/div>\n<div><strong>Design ergonomico per manine<\/strong><br \/>Ogni figura \u00e8 dotata di un pratico <strong>puzzle in legno con manico<\/strong>. Questi manici permettono anche ai bambini pi\u00f9 piccoli di rimuovere i pezzi dallo stampo e rimetterli a posto senza sforzo. Questo favorisce l&#8217;indipendenza e migliora la coordinazione occhio-mano in modo giocoso. Giocattolo didattico ideale a partire dai 18 mesi. Questo stampo per puzzle \u00e8 perfetto come primo puzzle per bambini dai 18 mesi in su. Offre un gioco sicuro e durevole che garantisce un divertimento duraturo. I colori vivaci e le forme chiare catturano l&#8217;attenzione del bambino e rendono l&#8217;apprendimento divertente.<\/p>\n<\/div>\n<div><strong>Caratteristiche del prodotto<\/strong><br \/>&#8211; Numero di pezzi: 7 figure diverse<br \/>&#8211; Materiale: Legno robusto e di alta qualit\u00e0<br \/>&#8211; Benefici per lo sviluppo: Motricit\u00e0 fine, riconoscimento delle forme, coordinazione occhio-mano<strong>Giocattolo<\/strong><br \/>&#8211; Fascia d&#8217;et\u00e0: Ideale per puzzle a partire dai 18 mesi<br \/><\/strong><\/div>\n<div>Investi in questo giocattolo educativo che prepara in modo ottimale il tuo bambino ai successivi passi di apprendimento e offre ore di divertimento sicuro.<\/p>\n<\/div>\n<div><\/div>\n","protected":false},"excerpt":{"rendered":"<p>Puzzle per bambini piccoli &#8211; Puzzle in legno con 7 figure con manico Questo puzzle per bambini piccoli di alta qualit\u00e0 \u00e8 l&#8217;introduzione ideale al mondo dei puzzle e dell&#8217;apprendimento. Combina l&#8217;esplorazione giocosa con un supporto efficace per lo sviluppo della prima infanzia ed \u00e8 appositamente progettato per le manine dei pi\u00f9 piccoli. Imparare le forme e le capacit\u00e0 motorie giocandoIl set di puzzle \u00e8 composto da 7 figure diverse che incoraggiano i bambini a&hellip;<\/p>\n","protected":false},"featured_media":160172,"comment_status":"open","ping_status":"closed","template":"","meta":[],"product_brand":[],"product_cat":[38918],"product_tag":[],"class_list":{"0":"post-255969","1":"product","2":"type-product","3":"status-publish","4":"has-post-thumbnail","6":"product_cat-puzzle","7":"product_shipping_class-global_methods","9":"first","10":"instock","11":"taxable","12":"shipping-taxable","13":"purchasable","14":"product-type-simple"},"yoast_head":"<!-- This site is optimized with the Yoast SEO plugin v27.4 - https:\/\/yoast.com\/product\/yoast-seo-wordpress\/ -->\n<title>Spielba Puzzle &quot;Schweiz&quot; 7-teilig mit Griffli | Jetzt kaufen | Schweizversand.ch<\/title>\n<meta name=\"description\" content=\"Spielba Puzzle &quot;Schweiz&quot; 7-teilig mit Griffli g\u00fcnstig kaufen bei Schweizversand.ch. Schnelle Lieferung in der Schweiz. Gratisversand ab CHF 50.\" \/>\n<meta name=\"robots\" content=\"index, follow, max-snippet:-1, max-image-preview:large, max-video-preview:-1\" \/>\n<link rel=\"canonical\" href=\"https:\/\/schweizversand.ch\/it\/produkt\/spielba-puzzle-schweiz-7-teilig-mit-griffli\/\" \/>\n<meta property=\"og:locale\" content=\"it_IT\" \/>\n<meta property=\"og:type\" content=\"article\" \/>\n<meta property=\"og:title\" content=\"Spielba Puzzle &quot;Schweiz&quot; 7-teilig mit Griffli | Jetzt kaufen | Schweizversand.ch\" \/>\n<meta property=\"og:description\" content=\"Spielba Puzzle &quot;Schweiz&quot; 7-teilig mit Griffli g\u00fcnstig kaufen bei Schweizversand.ch. Schnelle Lieferung in der Schweiz. Gratisversand ab CHF 50.\" \/>\n<meta property=\"og:url\" content=\"https:\/\/schweizversand.ch\/it\/produkt\/spielba-puzzle-schweiz-7-teilig-mit-griffli\/\" \/>\n<meta property=\"og:site_name\" content=\"Schweizer Shop f\u00fcr Sport, Spiel und Freizeit\" \/>\n<meta property=\"article:publisher\" content=\"https:\/\/www.facebook.com\/Schweizversand\" \/>\n<meta property=\"article:modified_time\" content=\"2026-04-19T13:36:59+00:00\" \/>\n<meta property=\"og:image\" content=\"https:\/\/schweizversand.ch\/wp-content\/uploads\/2026\/02\/5471827989.jpg\" \/>\n\t<meta property=\"og:image:width\" content=\"1024\" \/>\n\t<meta property=\"og:image:height\" content=\"756\" \/>\n\t<meta property=\"og:image:type\" content=\"image\/jpeg\" \/>\n<meta name=\"twitter:card\" content=\"summary_large_image\" \/>\n<meta name=\"twitter:label1\" content=\"Tempo di lettura stimato\" \/>\n\t<meta name=\"twitter:data1\" content=\"1 minuto\" \/>\n<script type=\"application\/ld+json\" class=\"yoast-schema-graph\">{\"@context\":\"https:\\\/\\\/schema.org\",\"@graph\":[{\"@type\":\"WebPage\",\"@id\":\"https:\\\/\\\/schweizversand.ch\\\/it\\\/produkt\\\/spielba-puzzle-schweiz-7-teilig-mit-griffli\\\/\",\"url\":\"https:\\\/\\\/schweizversand.ch\\\/it\\\/produkt\\\/spielba-puzzle-schweiz-7-teilig-mit-griffli\\\/\",\"name\":\"Spielba Puzzle \\\"Schweiz\\\" 7-teilig mit Griffli | Jetzt kaufen | Schweizversand.ch\",\"isPartOf\":{\"@id\":\"https:\\\/\\\/schweizversand.ch\\\/it\\\/#website\"},\"primaryImageOfPage\":{\"@id\":\"https:\\\/\\\/schweizversand.ch\\\/it\\\/produkt\\\/spielba-puzzle-schweiz-7-teilig-mit-griffli\\\/#primaryimage\"},\"image\":{\"@id\":\"https:\\\/\\\/schweizversand.ch\\\/it\\\/produkt\\\/spielba-puzzle-schweiz-7-teilig-mit-griffli\\\/#primaryimage\"},\"thumbnailUrl\":\"https:\\\/\\\/schweizversand.ch\\\/wp-content\\\/uploads\\\/2026\\\/02\\\/5471827989.jpg\",\"datePublished\":\"2026-03-14T23:55:16+00:00\",\"dateModified\":\"2026-04-19T13:36:59+00:00\",\"description\":\"Spielba Puzzle \\\"Schweiz\\\" 7-teilig mit Griffli g\u00fcnstig kaufen bei Schweizversand.ch. Schnelle Lieferung in der Schweiz. Gratisversand ab CHF 50.\",\"breadcrumb\":{\"@id\":\"https:\\\/\\\/schweizversand.ch\\\/it\\\/produkt\\\/spielba-puzzle-schweiz-7-teilig-mit-griffli\\\/#breadcrumb\"},\"inLanguage\":\"it-IT\",\"potentialAction\":[{\"@type\":\"ReadAction\",\"target\":[\"https:\\\/\\\/schweizversand.ch\\\/it\\\/produkt\\\/spielba-puzzle-schweiz-7-teilig-mit-griffli\\\/\"]}]},{\"@type\":\"ImageObject\",\"inLanguage\":\"it-IT\",\"@id\":\"https:\\\/\\\/schweizversand.ch\\\/it\\\/produkt\\\/spielba-puzzle-schweiz-7-teilig-mit-griffli\\\/#primaryimage\",\"url\":\"https:\\\/\\\/schweizversand.ch\\\/wp-content\\\/uploads\\\/2026\\\/02\\\/5471827989.jpg\",\"contentUrl\":\"https:\\\/\\\/schweizversand.ch\\\/wp-content\\\/uploads\\\/2026\\\/02\\\/5471827989.jpg\",\"width\":1024,\"height\":756},{\"@type\":\"BreadcrumbList\",\"@id\":\"https:\\\/\\\/schweizversand.ch\\\/it\\\/produkt\\\/spielba-puzzle-schweiz-7-teilig-mit-griffli\\\/#breadcrumb\",\"itemListElement\":[{\"@type\":\"ListItem\",\"position\":1,\"name\":\"Startseite\",\"item\":\"https:\\\/\\\/schweizversand.ch\\\/it\\\/home\\\/\"},{\"@type\":\"ListItem\",\"position\":2,\"name\":\"Shop\",\"item\":\"https:\\\/\\\/schweizversand.ch\\\/it\\\/shop\\\/\"},{\"@type\":\"ListItem\",\"position\":3,\"name\":\"Giocattoli e giochi\",\"item\":\"https:\\\/\\\/schweizversand.ch\\\/it\\\/produkt-kategorie\\\/giocattoli-e-giochi\\\/\"},{\"@type\":\"ListItem\",\"position\":4,\"name\":\"Giochi e puzzle\",\"item\":\"https:\\\/\\\/schweizversand.ch\\\/it\\\/produkt-kategorie\\\/giocattoli-e-giochi\\\/giochi-e-puzzle\\\/\"},{\"@type\":\"ListItem\",\"position\":5,\"name\":\"Puzzle\",\"item\":\"https:\\\/\\\/schweizversand.ch\\\/en\\\/produkt-kategorie\\\/puzzle\\\/\"},{\"@type\":\"ListItem\",\"position\":6,\"name\":\"Puzzle &#8222;Svizzera&#8220; da 7 pezzi con manici\"}]},{\"@type\":\"WebSite\",\"@id\":\"https:\\\/\\\/schweizversand.ch\\\/it\\\/#website\",\"url\":\"https:\\\/\\\/schweizversand.ch\\\/it\\\/\",\"name\":\"Schweizer Shop f\u00fcr Sport, Spiel und Freizeit\",\"description\":\"Gratisversand ab 50.- (netto), ab eigenem schweizer Lager, Lieferung innert 48h\",\"publisher\":{\"@id\":\"https:\\\/\\\/schweizversand.ch\\\/it\\\/#organization\"},\"alternateName\":\"Schweizversand.ch\",\"potentialAction\":[{\"@type\":\"SearchAction\",\"target\":{\"@type\":\"EntryPoint\",\"urlTemplate\":\"https:\\\/\\\/schweizversand.ch\\\/it\\\/?s={search_term_string}\"},\"query-input\":{\"@type\":\"PropertyValueSpecification\",\"valueRequired\":true,\"valueName\":\"search_term_string\"}}],\"inLanguage\":\"it-IT\"},{\"@type\":\"Organization\",\"@id\":\"https:\\\/\\\/schweizversand.ch\\\/it\\\/#organization\",\"name\":\"Schweizversand.ch\",\"url\":\"https:\\\/\\\/schweizversand.ch\\\/it\\\/\",\"logo\":{\"@type\":\"ImageObject\",\"inLanguage\":\"it-IT\",\"@id\":\"https:\\\/\\\/schweizversand.ch\\\/it\\\/#\\\/schema\\\/logo\\\/image\\\/\",\"url\":\"https:\\\/\\\/schweizversand.ch\\\/wp-content\\\/uploads\\\/2026\\\/03\\\/Logo_Rund_Final-1.png\",\"contentUrl\":\"https:\\\/\\\/schweizversand.ch\\\/wp-content\\\/uploads\\\/2026\\\/03\\\/Logo_Rund_Final-1.png\",\"width\":404,\"height\":404,\"caption\":\"Schweizversand.ch\"},\"image\":{\"@id\":\"https:\\\/\\\/schweizversand.ch\\\/it\\\/#\\\/schema\\\/logo\\\/image\\\/\"},\"sameAs\":[\"https:\\\/\\\/www.facebook.com\\\/Schweizversand\",\"https:\\\/\\\/www.instagram.com\\\/schweizversand.ch\\\/\"]}]}<\/script>\n<!-- \/ Yoast SEO plugin. -->","yoast_head_json":{"title":"Spielba Puzzle \"Schweiz\" 7-teilig mit Griffli | Jetzt kaufen | Schweizversand.ch","description":"Spielba Puzzle \"Schweiz\" 7-teilig mit Griffli g\u00fcnstig kaufen bei Schweizversand.ch. Schnelle Lieferung in der Schweiz. Gratisversand ab CHF 50.","robots":{"index":"index","follow":"follow","max-snippet":"max-snippet:-1","max-image-preview":"max-image-preview:large","max-video-preview":"max-video-preview:-1"},"canonical":"https:\/\/schweizversand.ch\/it\/produkt\/spielba-puzzle-schweiz-7-teilig-mit-griffli\/","og_locale":"it_IT","og_type":"article","og_title":"Spielba Puzzle \"Schweiz\" 7-teilig mit Griffli | Jetzt kaufen | Schweizversand.ch","og_description":"Spielba Puzzle \"Schweiz\" 7-teilig mit Griffli g\u00fcnstig kaufen bei Schweizversand.ch. Schnelle Lieferung in der Schweiz. Gratisversand ab CHF 50.","og_url":"https:\/\/schweizversand.ch\/it\/produkt\/spielba-puzzle-schweiz-7-teilig-mit-griffli\/","og_site_name":"Schweizer Shop f\u00fcr Sport, Spiel und Freizeit","article_publisher":"https:\/\/www.facebook.com\/Schweizversand","article_modified_time":"2026-04-19T13:36:59+00:00","og_image":[{"width":1024,"height":756,"url":"https:\/\/schweizversand.ch\/wp-content\/uploads\/2026\/02\/5471827989.jpg","type":"image\/jpeg"}],"twitter_card":"summary_large_image","twitter_misc":{"Tempo di lettura stimato":"1 minuto"},"schema":{"@context":"https:\/\/schema.org","@graph":[{"@type":"WebPage","@id":"https:\/\/schweizversand.ch\/it\/produkt\/spielba-puzzle-schweiz-7-teilig-mit-griffli\/","url":"https:\/\/schweizversand.ch\/it\/produkt\/spielba-puzzle-schweiz-7-teilig-mit-griffli\/","name":"Spielba Puzzle \"Schweiz\" 7-teilig mit Griffli | Jetzt kaufen | Schweizversand.ch","isPartOf":{"@id":"https:\/\/schweizversand.ch\/it\/#website"},"primaryImageOfPage":{"@id":"https:\/\/schweizversand.ch\/it\/produkt\/spielba-puzzle-schweiz-7-teilig-mit-griffli\/#primaryimage"},"image":{"@id":"https:\/\/schweizversand.ch\/it\/produkt\/spielba-puzzle-schweiz-7-teilig-mit-griffli\/#primaryimage"},"thumbnailUrl":"https:\/\/schweizversand.ch\/wp-content\/uploads\/2026\/02\/5471827989.jpg","datePublished":"2026-03-14T23:55:16+00:00","dateModified":"2026-04-19T13:36:59+00:00","description":"Spielba Puzzle \"Schweiz\" 7-teilig mit Griffli g\u00fcnstig kaufen bei Schweizversand.ch. Schnelle Lieferung in der Schweiz. Gratisversand ab CHF 50.","breadcrumb":{"@id":"https:\/\/schweizversand.ch\/it\/produkt\/spielba-puzzle-schweiz-7-teilig-mit-griffli\/#breadcrumb"},"inLanguage":"it-IT","potentialAction":[{"@type":"ReadAction","target":["https:\/\/schweizversand.ch\/it\/produkt\/spielba-puzzle-schweiz-7-teilig-mit-griffli\/"]}]},{"@type":"ImageObject","inLanguage":"it-IT","@id":"https:\/\/schweizversand.ch\/it\/produkt\/spielba-puzzle-schweiz-7-teilig-mit-griffli\/#primaryimage","url":"https:\/\/schweizversand.ch\/wp-content\/uploads\/2026\/02\/5471827989.jpg","contentUrl":"https:\/\/schweizversand.ch\/wp-content\/uploads\/2026\/02\/5471827989.jpg","width":1024,"height":756},{"@type":"BreadcrumbList","@id":"https:\/\/schweizversand.ch\/it\/produkt\/spielba-puzzle-schweiz-7-teilig-mit-griffli\/#breadcrumb","itemListElement":[{"@type":"ListItem","position":1,"name":"Startseite","item":"https:\/\/schweizversand.ch\/it\/home\/"},{"@type":"ListItem","position":2,"name":"Shop","item":"https:\/\/schweizversand.ch\/it\/shop\/"},{"@type":"ListItem","position":3,"name":"Giocattoli e giochi","item":"https:\/\/schweizversand.ch\/it\/produkt-kategorie\/giocattoli-e-giochi\/"},{"@type":"ListItem","position":4,"name":"Giochi e puzzle","item":"https:\/\/schweizversand.ch\/it\/produkt-kategorie\/giocattoli-e-giochi\/giochi-e-puzzle\/"},{"@type":"ListItem","position":5,"name":"Puzzle","item":"https:\/\/schweizversand.ch\/en\/produkt-kategorie\/puzzle\/"},{"@type":"ListItem","position":6,"name":"Puzzle &#8222;Svizzera&#8220; da 7 pezzi con manici"}]},{"@type":"WebSite","@id":"https:\/\/schweizversand.ch\/it\/#website","url":"https:\/\/schweizversand.ch\/it\/","name":"Schweizer Shop f\u00fcr Sport, Spiel und Freizeit","description":"Gratisversand ab 50.- (netto), ab eigenem schweizer Lager, Lieferung innert 48h","publisher":{"@id":"https:\/\/schweizversand.ch\/it\/#organization"},"alternateName":"Schweizversand.ch","potentialAction":[{"@type":"SearchAction","target":{"@type":"EntryPoint","urlTemplate":"https:\/\/schweizversand.ch\/it\/?s={search_term_string}"},"query-input":{"@type":"PropertyValueSpecification","valueRequired":true,"valueName":"search_term_string"}}],"inLanguage":"it-IT"},{"@type":"Organization","@id":"https:\/\/schweizversand.ch\/it\/#organization","name":"Schweizversand.ch","url":"https:\/\/schweizversand.ch\/it\/","logo":{"@type":"ImageObject","inLanguage":"it-IT","@id":"https:\/\/schweizversand.ch\/it\/#\/schema\/logo\/image\/","url":"https:\/\/schweizversand.ch\/wp-content\/uploads\/2026\/03\/Logo_Rund_Final-1.png","contentUrl":"https:\/\/schweizversand.ch\/wp-content\/uploads\/2026\/03\/Logo_Rund_Final-1.png","width":404,"height":404,"caption":"Schweizversand.ch"},"image":{"@id":"https:\/\/schweizversand.ch\/it\/#\/schema\/logo\/image\/"},"sameAs":["https:\/\/www.facebook.com\/Schweizversand","https:\/\/www.instagram.com\/schweizversand.ch\/"]}]}},"jetpack_sharing_enabled":true,"_links":{"self":[{"href":"https:\/\/schweizversand.ch\/it\/wp-json\/wp\/v2\/product\/255969","targetHints":{"allow":["GET"]}}],"collection":[{"href":"https:\/\/schweizversand.ch\/it\/wp-json\/wp\/v2\/product"}],"about":[{"href":"https:\/\/schweizversand.ch\/it\/wp-json\/wp\/v2\/types\/product"}],"replies":[{"embeddable":true,"href":"https:\/\/schweizversand.ch\/it\/wp-json\/wp\/v2\/comments?post=255969"}],"wp:featuredmedia":[{"embeddable":true,"href":"https:\/\/schweizversand.ch\/it\/wp-json\/wp\/v2\/media\/160172"}],"wp:attachment":[{"href":"https:\/\/schweizversand.ch\/it\/wp-json\/wp\/v2\/media?parent=255969"}],"wp:term":[{"taxonomy":"product_brand","embeddable":true,"href":"https:\/\/schweizversand.ch\/it\/wp-json\/wp\/v2\/product_brand?post=255969"},{"taxonomy":"product_cat","embeddable":true,"href":"https:\/\/schweizversand.ch\/it\/wp-json\/wp\/v2\/product_cat?post=255969"},{"taxonomy":"product_tag","embeddable":true,"href":"https:\/\/schweizversand.ch\/it\/wp-json\/wp\/v2\/product_tag?post=255969"}],"curies":[{"name":"wp","href":"https:\/\/api.w.org\/{rel}","templated":true}]}}