{"id":255976,"date":"2026-03-15T00:55:17","date_gmt":"2026-03-14T23:55:17","guid":{"rendered":"https:\/\/schweizversand.ch\/produkt\/dufco-visitenkarten-sammeltaschen\/"},"modified":"2026-04-20T02:05:14","modified_gmt":"2026-04-20T00:05:14","slug":"dufco-visitenkarten-sammeltaschen","status":"publish","type":"product","link":"https:\/\/schweizversand.ch\/it\/produkt\/dufco-visitenkarten-sammeltaschen\/","title":{"rendered":"Porta biglietti da visita Dufco"},"content":{"rendered":"<h1><strong>Porta biglietti da visita A4 &#8211; Set da 10, buste trasparenti in PVC<\/strong><\/h1>\n<div>Organizza la tua rete di contatti in modo efficiente e professionale. Questo <strong>porta biglietti da visita A4<\/strong> extra resistente offre la soluzione ideale per un&#8217;archiviazione sicura e organizzata dei biglietti da visita.<\/p>\n<\/div>\n<div><strong>Massima visibilit\u00e0 e capacit\u00e0<\/strong><br \/>Con queste <strong>buste trasparenti in PVC<\/strong>, tieni traccia dei tuoi contatti. Ogni busta \u00e8 dotata di 16 scomparti e offre spazio per biglietti da visita fino a una dimensione di 109 x 70 mm. Questo rende l&#8217;archiviazione dei biglietti da visita un gioco da ragazzi, poich\u00e9 puoi vedere tutte le informazioni importanti a colpo d&#8217;occhio. Robusto e pratico: i porta biglietti da visita sono realizzati in PVC extra resistente, che protegge in modo affidabile i tuoi biglietti da visita da pieghe, sporco e umidit\u00e0. Grazie alla perforazione standard, le buste porta biglietti A4 sono preforate e possono essere facilmente archiviate in qualsiasi raccoglitore o raccoglitore ad anelli standard: perfette per l&#8217;uso in ufficio o in viaggio d&#8217;affari. Dettagli del prodotto e contenuto della confezione: &#8211; Formato: A4 (perforato) &#8211; Materiale: PVC trasparente extra resistente &#8211; Tasche per busta: 16 (per biglietti fino a 109 x 70 mm) &#8211; Ideale per il porta biglietti da visita a 16 tasche &#8211; Contenuto della confezione: 10 buste porta biglietti. Acquista questo pratico set da 10 per organizzare in modo professionale il tuo archivio di biglietti da visita e tenere i tuoi contatti sempre a portata di mano.<\/p>\n","protected":false},"excerpt":{"rendered":"<p>Porta biglietti da visita A4 &#8211; Set da 10, buste trasparenti in PVC Organizza la tua rete di contatti in modo efficiente e professionale. Questo porta biglietti da visita A4 extra resistente offre la soluzione ideale per un&#8217;archiviazione sicura e organizzata dei biglietti da visita. Massima visibilit\u00e0 e capacit\u00e0Con queste buste trasparenti in PVC, tieni traccia dei tuoi contatti. Ogni busta \u00e8 dotata di 16 scomparti e offre spazio per biglietti da visita fino a&hellip;<\/p>\n","protected":false},"featured_media":244025,"comment_status":"open","ping_status":"closed","template":"","meta":[],"product_brand":[],"product_cat":[38970],"product_tag":[],"class_list":{"0":"post-255976","1":"product","2":"type-product","3":"status-publish","4":"has-post-thumbnail","6":"product_cat-diverses","7":"product_shipping_class-global_methods","9":"first","10":"instock","11":"taxable","12":"shipping-taxable","13":"purchasable","14":"product-type-simple"},"yoast_head":"<!-- This site is optimized with the Yoast SEO plugin v27.4 - https:\/\/yoast.com\/product\/yoast-seo-wordpress\/ -->\n<title>Dufco Visitenkarten-Sammeltaschen | Jetzt kaufen | Schweizversand.ch<\/title>\n<meta name=\"description\" content=\"Dufco Visitenkarten-Sammeltaschen g\u00fcnstig kaufen bei Schweizversand.ch. Schnelle Lieferung in der Schweiz. Gratisversand ab CHF 50.\" \/>\n<meta name=\"robots\" content=\"index, follow, max-snippet:-1, max-image-preview:large, max-video-preview:-1\" \/>\n<link rel=\"canonical\" href=\"https:\/\/schweizversand.ch\/it\/produkt\/dufco-visitenkarten-sammeltaschen\/\" \/>\n<meta property=\"og:locale\" content=\"it_IT\" \/>\n<meta property=\"og:type\" content=\"article\" \/>\n<meta property=\"og:title\" content=\"Dufco Visitenkarten-Sammeltaschen | Jetzt kaufen | Schweizversand.ch\" \/>\n<meta property=\"og:description\" content=\"Dufco Visitenkarten-Sammeltaschen g\u00fcnstig kaufen bei Schweizversand.ch. Schnelle Lieferung in der Schweiz. Gratisversand ab CHF 50.\" \/>\n<meta property=\"og:url\" content=\"https:\/\/schweizversand.ch\/it\/produkt\/dufco-visitenkarten-sammeltaschen\/\" \/>\n<meta property=\"og:site_name\" content=\"Schweizer Shop f\u00fcr Sport, Spiel und Freizeit\" \/>\n<meta property=\"article:publisher\" content=\"https:\/\/www.facebook.com\/Schweizversand\" \/>\n<meta property=\"article:modified_time\" content=\"2026-04-20T00:05:14+00:00\" \/>\n<meta property=\"og:image\" content=\"https:\/\/schweizversand.ch\/wp-content\/uploads\/2026\/03\/5643468056.png\" \/>\n\t<meta property=\"og:image:width\" content=\"768\" \/>\n\t<meta property=\"og:image:height\" content=\"1024\" \/>\n\t<meta property=\"og:image:type\" content=\"image\/png\" \/>\n<meta name=\"twitter:card\" content=\"summary_large_image\" \/>\n<meta name=\"twitter:label1\" content=\"Tempo di lettura stimato\" \/>\n\t<meta name=\"twitter:data1\" content=\"1 minuto\" \/>\n<script type=\"application\/ld+json\" class=\"yoast-schema-graph\">{\"@context\":\"https:\\\/\\\/schema.org\",\"@graph\":[{\"@type\":\"WebPage\",\"@id\":\"https:\\\/\\\/schweizversand.ch\\\/it\\\/produkt\\\/dufco-visitenkarten-sammeltaschen\\\/\",\"url\":\"https:\\\/\\\/schweizversand.ch\\\/it\\\/produkt\\\/dufco-visitenkarten-sammeltaschen\\\/\",\"name\":\"Dufco Visitenkarten-Sammeltaschen | Jetzt kaufen | Schweizversand.ch\",\"isPartOf\":{\"@id\":\"https:\\\/\\\/schweizversand.ch\\\/it\\\/#website\"},\"primaryImageOfPage\":{\"@id\":\"https:\\\/\\\/schweizversand.ch\\\/it\\\/produkt\\\/dufco-visitenkarten-sammeltaschen\\\/#primaryimage\"},\"image\":{\"@id\":\"https:\\\/\\\/schweizversand.ch\\\/it\\\/produkt\\\/dufco-visitenkarten-sammeltaschen\\\/#primaryimage\"},\"thumbnailUrl\":\"https:\\\/\\\/schweizversand.ch\\\/wp-content\\\/uploads\\\/2026\\\/03\\\/5643468056.png\",\"datePublished\":\"2026-03-14T23:55:17+00:00\",\"dateModified\":\"2026-04-20T00:05:14+00:00\",\"description\":\"Dufco Visitenkarten-Sammeltaschen g\u00fcnstig kaufen bei Schweizversand.ch. Schnelle Lieferung in der Schweiz. Gratisversand ab CHF 50.\",\"breadcrumb\":{\"@id\":\"https:\\\/\\\/schweizversand.ch\\\/it\\\/produkt\\\/dufco-visitenkarten-sammeltaschen\\\/#breadcrumb\"},\"inLanguage\":\"it-IT\",\"potentialAction\":[{\"@type\":\"ReadAction\",\"target\":[\"https:\\\/\\\/schweizversand.ch\\\/it\\\/produkt\\\/dufco-visitenkarten-sammeltaschen\\\/\"]}]},{\"@type\":\"ImageObject\",\"inLanguage\":\"it-IT\",\"@id\":\"https:\\\/\\\/schweizversand.ch\\\/it\\\/produkt\\\/dufco-visitenkarten-sammeltaschen\\\/#primaryimage\",\"url\":\"https:\\\/\\\/schweizversand.ch\\\/wp-content\\\/uploads\\\/2026\\\/03\\\/5643468056.png\",\"contentUrl\":\"https:\\\/\\\/schweizversand.ch\\\/wp-content\\\/uploads\\\/2026\\\/03\\\/5643468056.png\",\"width\":768,\"height\":1024},{\"@type\":\"BreadcrumbList\",\"@id\":\"https:\\\/\\\/schweizversand.ch\\\/it\\\/produkt\\\/dufco-visitenkarten-sammeltaschen\\\/#breadcrumb\",\"itemListElement\":[{\"@type\":\"ListItem\",\"position\":1,\"name\":\"Startseite\",\"item\":\"https:\\\/\\\/schweizversand.ch\\\/it\\\/home\\\/\"},{\"@type\":\"ListItem\",\"position\":2,\"name\":\"Shop\",\"item\":\"https:\\\/\\\/schweizversand.ch\\\/it\\\/shop\\\/\"},{\"@type\":\"ListItem\",\"position\":3,\"name\":\"Ufficio e cancelleria\",\"item\":\"https:\\\/\\\/schweizversand.ch\\\/it\\\/produkt-kategorie\\\/ufficio-e-cancelleria\\\/\"},{\"@type\":\"ListItem\",\"position\":4,\"name\":\"Posto di lavoro\",\"item\":\"https:\\\/\\\/schweizversand.ch\\\/it\\\/produkt-kategorie\\\/ufficio-e-cancelleria\\\/posto-di-lavoro\\\/\"},{\"@type\":\"ListItem\",\"position\":5,\"name\":\"Varie\",\"item\":\"https:\\\/\\\/schweizversand.ch\\\/it\\\/produkt-kategorie\\\/ufficio-e-cancelleria\\\/posto-di-lavoro\\\/diverses\\\/\"},{\"@type\":\"ListItem\",\"position\":6,\"name\":\"Porta biglietti da visita Dufco\"}]},{\"@type\":\"WebSite\",\"@id\":\"https:\\\/\\\/schweizversand.ch\\\/it\\\/#website\",\"url\":\"https:\\\/\\\/schweizversand.ch\\\/it\\\/\",\"name\":\"Schweizer Shop f\u00fcr Sport, Spiel und Freizeit\",\"description\":\"Gratisversand ab 50.- (netto), ab eigenem schweizer Lager, Lieferung innert 48h\",\"publisher\":{\"@id\":\"https:\\\/\\\/schweizversand.ch\\\/it\\\/#organization\"},\"alternateName\":\"Schweizversand.ch\",\"potentialAction\":[{\"@type\":\"SearchAction\",\"target\":{\"@type\":\"EntryPoint\",\"urlTemplate\":\"https:\\\/\\\/schweizversand.ch\\\/it\\\/?s={search_term_string}\"},\"query-input\":{\"@type\":\"PropertyValueSpecification\",\"valueRequired\":true,\"valueName\":\"search_term_string\"}}],\"inLanguage\":\"it-IT\"},{\"@type\":\"Organization\",\"@id\":\"https:\\\/\\\/schweizversand.ch\\\/it\\\/#organization\",\"name\":\"Schweizversand.ch\",\"url\":\"https:\\\/\\\/schweizversand.ch\\\/it\\\/\",\"logo\":{\"@type\":\"ImageObject\",\"inLanguage\":\"it-IT\",\"@id\":\"https:\\\/\\\/schweizversand.ch\\\/it\\\/#\\\/schema\\\/logo\\\/image\\\/\",\"url\":\"https:\\\/\\\/schweizversand.ch\\\/wp-content\\\/uploads\\\/2026\\\/03\\\/Logo_Rund_Final-1.png\",\"contentUrl\":\"https:\\\/\\\/schweizversand.ch\\\/wp-content\\\/uploads\\\/2026\\\/03\\\/Logo_Rund_Final-1.png\",\"width\":404,\"height\":404,\"caption\":\"Schweizversand.ch\"},\"image\":{\"@id\":\"https:\\\/\\\/schweizversand.ch\\\/it\\\/#\\\/schema\\\/logo\\\/image\\\/\"},\"sameAs\":[\"https:\\\/\\\/www.facebook.com\\\/Schweizversand\",\"https:\\\/\\\/www.instagram.com\\\/schweizversand.ch\\\/\"]}]}<\/script>\n<!-- \/ Yoast SEO plugin. -->","yoast_head_json":{"title":"Dufco Visitenkarten-Sammeltaschen | Jetzt kaufen | Schweizversand.ch","description":"Dufco Visitenkarten-Sammeltaschen g\u00fcnstig kaufen bei Schweizversand.ch. Schnelle Lieferung in der Schweiz. Gratisversand ab CHF 50.","robots":{"index":"index","follow":"follow","max-snippet":"max-snippet:-1","max-image-preview":"max-image-preview:large","max-video-preview":"max-video-preview:-1"},"canonical":"https:\/\/schweizversand.ch\/it\/produkt\/dufco-visitenkarten-sammeltaschen\/","og_locale":"it_IT","og_type":"article","og_title":"Dufco Visitenkarten-Sammeltaschen | Jetzt kaufen | Schweizversand.ch","og_description":"Dufco Visitenkarten-Sammeltaschen g\u00fcnstig kaufen bei Schweizversand.ch. Schnelle Lieferung in der Schweiz. Gratisversand ab CHF 50.","og_url":"https:\/\/schweizversand.ch\/it\/produkt\/dufco-visitenkarten-sammeltaschen\/","og_site_name":"Schweizer Shop f\u00fcr Sport, Spiel und Freizeit","article_publisher":"https:\/\/www.facebook.com\/Schweizversand","article_modified_time":"2026-04-20T00:05:14+00:00","og_image":[{"width":768,"height":1024,"url":"https:\/\/schweizversand.ch\/wp-content\/uploads\/2026\/03\/5643468056.png","type":"image\/png"}],"twitter_card":"summary_large_image","twitter_misc":{"Tempo di lettura stimato":"1 minuto"},"schema":{"@context":"https:\/\/schema.org","@graph":[{"@type":"WebPage","@id":"https:\/\/schweizversand.ch\/it\/produkt\/dufco-visitenkarten-sammeltaschen\/","url":"https:\/\/schweizversand.ch\/it\/produkt\/dufco-visitenkarten-sammeltaschen\/","name":"Dufco Visitenkarten-Sammeltaschen | Jetzt kaufen | Schweizversand.ch","isPartOf":{"@id":"https:\/\/schweizversand.ch\/it\/#website"},"primaryImageOfPage":{"@id":"https:\/\/schweizversand.ch\/it\/produkt\/dufco-visitenkarten-sammeltaschen\/#primaryimage"},"image":{"@id":"https:\/\/schweizversand.ch\/it\/produkt\/dufco-visitenkarten-sammeltaschen\/#primaryimage"},"thumbnailUrl":"https:\/\/schweizversand.ch\/wp-content\/uploads\/2026\/03\/5643468056.png","datePublished":"2026-03-14T23:55:17+00:00","dateModified":"2026-04-20T00:05:14+00:00","description":"Dufco Visitenkarten-Sammeltaschen g\u00fcnstig kaufen bei Schweizversand.ch. Schnelle Lieferung in der Schweiz. Gratisversand ab CHF 50.","breadcrumb":{"@id":"https:\/\/schweizversand.ch\/it\/produkt\/dufco-visitenkarten-sammeltaschen\/#breadcrumb"},"inLanguage":"it-IT","potentialAction":[{"@type":"ReadAction","target":["https:\/\/schweizversand.ch\/it\/produkt\/dufco-visitenkarten-sammeltaschen\/"]}]},{"@type":"ImageObject","inLanguage":"it-IT","@id":"https:\/\/schweizversand.ch\/it\/produkt\/dufco-visitenkarten-sammeltaschen\/#primaryimage","url":"https:\/\/schweizversand.ch\/wp-content\/uploads\/2026\/03\/5643468056.png","contentUrl":"https:\/\/schweizversand.ch\/wp-content\/uploads\/2026\/03\/5643468056.png","width":768,"height":1024},{"@type":"BreadcrumbList","@id":"https:\/\/schweizversand.ch\/it\/produkt\/dufco-visitenkarten-sammeltaschen\/#breadcrumb","itemListElement":[{"@type":"ListItem","position":1,"name":"Startseite","item":"https:\/\/schweizversand.ch\/it\/home\/"},{"@type":"ListItem","position":2,"name":"Shop","item":"https:\/\/schweizversand.ch\/it\/shop\/"},{"@type":"ListItem","position":3,"name":"Ufficio e cancelleria","item":"https:\/\/schweizversand.ch\/it\/produkt-kategorie\/ufficio-e-cancelleria\/"},{"@type":"ListItem","position":4,"name":"Posto di lavoro","item":"https:\/\/schweizversand.ch\/it\/produkt-kategorie\/ufficio-e-cancelleria\/posto-di-lavoro\/"},{"@type":"ListItem","position":5,"name":"Varie","item":"https:\/\/schweizversand.ch\/it\/produkt-kategorie\/ufficio-e-cancelleria\/posto-di-lavoro\/diverses\/"},{"@type":"ListItem","position":6,"name":"Porta biglietti da visita Dufco"}]},{"@type":"WebSite","@id":"https:\/\/schweizversand.ch\/it\/#website","url":"https:\/\/schweizversand.ch\/it\/","name":"Schweizer Shop f\u00fcr Sport, Spiel und Freizeit","description":"Gratisversand ab 50.- (netto), ab eigenem schweizer Lager, Lieferung innert 48h","publisher":{"@id":"https:\/\/schweizversand.ch\/it\/#organization"},"alternateName":"Schweizversand.ch","potentialAction":[{"@type":"SearchAction","target":{"@type":"EntryPoint","urlTemplate":"https:\/\/schweizversand.ch\/it\/?s={search_term_string}"},"query-input":{"@type":"PropertyValueSpecification","valueRequired":true,"valueName":"search_term_string"}}],"inLanguage":"it-IT"},{"@type":"Organization","@id":"https:\/\/schweizversand.ch\/it\/#organization","name":"Schweizversand.ch","url":"https:\/\/schweizversand.ch\/it\/","logo":{"@type":"ImageObject","inLanguage":"it-IT","@id":"https:\/\/schweizversand.ch\/it\/#\/schema\/logo\/image\/","url":"https:\/\/schweizversand.ch\/wp-content\/uploads\/2026\/03\/Logo_Rund_Final-1.png","contentUrl":"https:\/\/schweizversand.ch\/wp-content\/uploads\/2026\/03\/Logo_Rund_Final-1.png","width":404,"height":404,"caption":"Schweizversand.ch"},"image":{"@id":"https:\/\/schweizversand.ch\/it\/#\/schema\/logo\/image\/"},"sameAs":["https:\/\/www.facebook.com\/Schweizversand","https:\/\/www.instagram.com\/schweizversand.ch\/"]}]}},"jetpack_sharing_enabled":true,"_links":{"self":[{"href":"https:\/\/schweizversand.ch\/it\/wp-json\/wp\/v2\/product\/255976","targetHints":{"allow":["GET"]}}],"collection":[{"href":"https:\/\/schweizversand.ch\/it\/wp-json\/wp\/v2\/product"}],"about":[{"href":"https:\/\/schweizversand.ch\/it\/wp-json\/wp\/v2\/types\/product"}],"replies":[{"embeddable":true,"href":"https:\/\/schweizversand.ch\/it\/wp-json\/wp\/v2\/comments?post=255976"}],"wp:featuredmedia":[{"embeddable":true,"href":"https:\/\/schweizversand.ch\/it\/wp-json\/wp\/v2\/media\/244025"}],"wp:attachment":[{"href":"https:\/\/schweizversand.ch\/it\/wp-json\/wp\/v2\/media?parent=255976"}],"wp:term":[{"taxonomy":"product_brand","embeddable":true,"href":"https:\/\/schweizversand.ch\/it\/wp-json\/wp\/v2\/product_brand?post=255976"},{"taxonomy":"product_cat","embeddable":true,"href":"https:\/\/schweizversand.ch\/it\/wp-json\/wp\/v2\/product_cat?post=255976"},{"taxonomy":"product_tag","embeddable":true,"href":"https:\/\/schweizversand.ch\/it\/wp-json\/wp\/v2\/product_tag?post=255976"}],"curies":[{"name":"wp","href":"https:\/\/api.w.org\/{rel}","templated":true}]}}