{"id":255977,"date":"2026-03-15T00:55:17","date_gmt":"2026-03-14T23:55:17","guid":{"rendered":"https:\/\/schweizversand.ch\/produkt\/balthasar-duftkerze-im-glas-citronella\/"},"modified":"2026-04-30T15:35:56","modified_gmt":"2026-04-30T13:35:56","slug":"balthasar-duftkerze-im-glas-citronella","status":"publish","type":"product","link":"https:\/\/schweizversand.ch\/it\/produkt\/balthasar-duftkerze-im-glas-citronella\/","title":{"rendered":"Candela profumata Balthasar in vetro &#8220;Citronella&#8221;"},"content":{"rendered":"<h1><strong>Candela profumata alla citronella in vetro, arancione<\/strong><\/h1>\n<div>Cerchi un modo elegante ed efficace per goderti le tiepide serate estive all&#8217;aperto indisturbati? Questa <strong>candela profumata alla citronella<\/strong> in vetro trasparente unisce un design accattivante alla praticit\u00e0 e crea un&#8217;atmosfera piacevole sul tuo balcone, patio o in giardino.<\/p>\n<\/div>\n<div><strong>Design ed estetica<\/strong><br \/>La candela \u00e8 presentata in un contenitore di vetro trasparente di alta qualit\u00e0, che, grazie al vivace colore arancione della cera, crea un attraente punto focale. Con le sue dimensioni compatte di circa 9&#215;9 cm, questa <strong>candela da esterno arancione<\/strong> si integra armoniosamente in qualsiasi tavola. Il design semplice ed elegante del vetro alla citronella lo rende un accessorio indispensabile per le tue serate estive. Efficace protezione contro le zanzare con una fragranza naturale. Il caratteristico profumo agrumato della citronella \u00e8 noto da tempo per le sue propriet\u00e0 repellenti per gli insetti. Candela antizanzare altamente efficace, aiuta a tenere lontani gli insetti fastidiosi in modo naturale, senza bisogno di sostanze chimiche aggressive. Godetevi il profumo fresco e rinvigorente della candela profumata all&#8217;arancia, beneficiando al contempo di una protezione affidabile contro le zanzare. La candela brucia in modo uniforme, rilasciando costantemente la sua fragranza protettiva. Ideale per uso esterno. Questa candela antizanzare \u00e8 appositamente progettata per l&#8217;uso esterno. Che si tratti di un barbecue, di una cena all&#8217;aperto o semplicemente di rilassarsi su un lettino da giardino, questa candela crea una barriera profumata, permettendovi di godervi ore indisturbate. Posizionate strategicamente diverse di queste candele per coprire un&#8217;area pi\u00f9 ampia e massimizzare l&#8217;effetto. Il vetro robusto protegge la fiamma dal vento e garantisce una combustione pi\u00f9 lunga.<\/p>\n<\/div>\n<div><strong>Dettagli e dimensioni del prodotto<\/strong><br \/>&#8211; Tipo di prodotto: Candela profumata alla citronella<br \/>&#8211; Colore della cera: Arancione brillante<br \/>&#8211; Contenitore: Vetro trasparente<br \/>&#8211; Dimensioni (circa): 9 cm x 9 cm (diametro x altezza)<br \/>&#8211; Ideale per: Patio, Balcone, Giardino e tutte le attivit\u00e0 all&#8217;aperto<br \/>&#8211; Durata: circa 22 ore<\/p>\n<\/div>\n<div>Acquista questa elegante e pratica <strong>Candela profumata alla citronella<\/strong> per goderti appieno le tue serate estive all&#8217;aperto senza fastidiose interruzioni. Ordinala subito e rendi il tuo prossimo evento all&#8217;aperto un successo!<\/p>\n<\/div>\n<div><\/div>\n","protected":false},"excerpt":{"rendered":"<p>Candela profumata alla citronella in vetro, arancione Cerchi un modo elegante ed efficace per goderti le tiepide serate estive all&#8217;aperto indisturbati? Questa candela profumata alla citronella in vetro trasparente unisce un design accattivante alla praticit\u00e0 e crea un&#8217;atmosfera piacevole sul tuo balcone, patio o in giardino. Design ed esteticaLa candela \u00e8 presentata in un contenitore di vetro trasparente di alta qualit\u00e0, che, grazie al vivace colore arancione della cera, crea un attraente punto focale. Con&hellip;<\/p>\n","protected":false},"featured_media":160195,"comment_status":"open","ping_status":"closed","template":"","meta":[],"product_brand":[],"product_cat":[38236],"product_tag":[],"class_list":{"0":"post-255977","1":"product","2":"type-product","3":"status-publish","4":"has-post-thumbnail","6":"product_cat-kerzen-feuer","7":"product_shipping_class-global_methods","9":"first","10":"instock","11":"taxable","12":"shipping-taxable","13":"purchasable","14":"product-type-simple"},"yoast_head":"<!-- This site is optimized with the Yoast SEO plugin v27.5 - https:\/\/yoast.com\/product\/yoast-seo-wordpress\/ -->\n<title>Balthasar Duftkerze im Glas &quot;Citronella&quot; | Jetzt kaufen | Schweizversand.ch<\/title>\n<meta name=\"description\" content=\"Balthasar Duftkerze im Glas &quot;Citronella&quot; g\u00fcnstig kaufen bei Schweizversand.ch. Schnelle Lieferung in der Schweiz. Gratisversand ab CHF 50.\" \/>\n<meta name=\"robots\" content=\"index, follow, max-snippet:-1, max-image-preview:large, max-video-preview:-1\" \/>\n<link rel=\"canonical\" href=\"https:\/\/schweizversand.ch\/it\/produkt\/balthasar-duftkerze-im-glas-citronella\/\" \/>\n<meta property=\"og:locale\" content=\"it_IT\" \/>\n<meta property=\"og:type\" content=\"article\" \/>\n<meta property=\"og:title\" content=\"Balthasar Duftkerze im Glas &quot;Citronella&quot; | Jetzt kaufen | Schweizversand.ch\" \/>\n<meta property=\"og:description\" content=\"Balthasar Duftkerze im Glas &quot;Citronella&quot; g\u00fcnstig kaufen bei Schweizversand.ch. Schnelle Lieferung in der Schweiz. Gratisversand ab CHF 50.\" \/>\n<meta property=\"og:url\" content=\"https:\/\/schweizversand.ch\/it\/produkt\/balthasar-duftkerze-im-glas-citronella\/\" \/>\n<meta property=\"og:site_name\" content=\"Schweizer Shop f\u00fcr Sport, Spiel und Freizeit\" \/>\n<meta property=\"article:publisher\" content=\"https:\/\/www.facebook.com\/Schweizversand\" \/>\n<meta property=\"article:modified_time\" content=\"2026-04-30T13:35:56+00:00\" \/>\n<meta property=\"og:image\" content=\"https:\/\/schweizversand.ch\/wp-content\/uploads\/2026\/02\/5472101215.png\" \/>\n\t<meta property=\"og:image:width\" content=\"969\" \/>\n\t<meta property=\"og:image:height\" content=\"1024\" \/>\n\t<meta property=\"og:image:type\" content=\"image\/png\" \/>\n<meta name=\"twitter:card\" content=\"summary_large_image\" \/>\n<meta name=\"twitter:label1\" content=\"Tempo di lettura stimato\" \/>\n\t<meta name=\"twitter:data1\" content=\"2 minuto\" \/>\n<script type=\"application\/ld+json\" class=\"yoast-schema-graph\">{\"@context\":\"https:\\\/\\\/schema.org\",\"@graph\":[{\"@type\":\"WebPage\",\"@id\":\"https:\\\/\\\/schweizversand.ch\\\/it\\\/produkt\\\/balthasar-duftkerze-im-glas-citronella\\\/\",\"url\":\"https:\\\/\\\/schweizversand.ch\\\/it\\\/produkt\\\/balthasar-duftkerze-im-glas-citronella\\\/\",\"name\":\"Balthasar Duftkerze im Glas \\\"Citronella\\\" | Jetzt kaufen | Schweizversand.ch\",\"isPartOf\":{\"@id\":\"https:\\\/\\\/schweizversand.ch\\\/it\\\/#website\"},\"primaryImageOfPage\":{\"@id\":\"https:\\\/\\\/schweizversand.ch\\\/it\\\/produkt\\\/balthasar-duftkerze-im-glas-citronella\\\/#primaryimage\"},\"image\":{\"@id\":\"https:\\\/\\\/schweizversand.ch\\\/it\\\/produkt\\\/balthasar-duftkerze-im-glas-citronella\\\/#primaryimage\"},\"thumbnailUrl\":\"https:\\\/\\\/schweizversand.ch\\\/wp-content\\\/uploads\\\/2026\\\/02\\\/5472101215.png\",\"datePublished\":\"2026-03-14T23:55:17+00:00\",\"dateModified\":\"2026-04-30T13:35:56+00:00\",\"description\":\"Balthasar Duftkerze im Glas \\\"Citronella\\\" g\u00fcnstig kaufen bei Schweizversand.ch. Schnelle Lieferung in der Schweiz. Gratisversand ab CHF 50.\",\"breadcrumb\":{\"@id\":\"https:\\\/\\\/schweizversand.ch\\\/it\\\/produkt\\\/balthasar-duftkerze-im-glas-citronella\\\/#breadcrumb\"},\"inLanguage\":\"it-IT\",\"potentialAction\":[{\"@type\":\"ReadAction\",\"target\":[\"https:\\\/\\\/schweizversand.ch\\\/it\\\/produkt\\\/balthasar-duftkerze-im-glas-citronella\\\/\"]}]},{\"@type\":\"ImageObject\",\"inLanguage\":\"it-IT\",\"@id\":\"https:\\\/\\\/schweizversand.ch\\\/it\\\/produkt\\\/balthasar-duftkerze-im-glas-citronella\\\/#primaryimage\",\"url\":\"https:\\\/\\\/schweizversand.ch\\\/wp-content\\\/uploads\\\/2026\\\/02\\\/5472101215.png\",\"contentUrl\":\"https:\\\/\\\/schweizversand.ch\\\/wp-content\\\/uploads\\\/2026\\\/02\\\/5472101215.png\",\"width\":969,\"height\":1024},{\"@type\":\"BreadcrumbList\",\"@id\":\"https:\\\/\\\/schweizversand.ch\\\/it\\\/produkt\\\/balthasar-duftkerze-im-glas-citronella\\\/#breadcrumb\",\"itemListElement\":[{\"@type\":\"ListItem\",\"position\":1,\"name\":\"Startseite\",\"item\":\"https:\\\/\\\/schweizversand.ch\\\/it\\\/home\\\/\"},{\"@type\":\"ListItem\",\"position\":2,\"name\":\"Shop\",\"item\":\"https:\\\/\\\/schweizversand.ch\\\/it\\\/shop\\\/\"},{\"@type\":\"ListItem\",\"position\":3,\"name\":\"Home\",\"item\":\"https:\\\/\\\/schweizversand.ch\\\/it\\\/produkt-kategorie\\\/home\\\/\"},{\"@type\":\"ListItem\",\"position\":4,\"name\":\"Decorazioni e accessori\",\"item\":\"https:\\\/\\\/schweizversand.ch\\\/it\\\/produkt-kategorie\\\/home\\\/decorazioni-e-accessori\\\/\"},{\"@type\":\"ListItem\",\"position\":5,\"name\":\"Candele e fuoco\",\"item\":\"https:\\\/\\\/schweizversand.ch\\\/it\\\/produkt-kategorie\\\/home\\\/decorazioni-e-accessori\\\/kerzen-feuer\\\/\"},{\"@type\":\"ListItem\",\"position\":6,\"name\":\"Candela profumata Balthasar in vetro &#8222;Citronella&#8220;\"}]},{\"@type\":\"WebSite\",\"@id\":\"https:\\\/\\\/schweizversand.ch\\\/it\\\/#website\",\"url\":\"https:\\\/\\\/schweizversand.ch\\\/it\\\/\",\"name\":\"Schweizer Shop f\u00fcr Sport, Spiel und Freizeit\",\"description\":\"Gratisversand ab 50.- (netto), ab eigenem schweizer Lager, Lieferung innert 48h\",\"publisher\":{\"@id\":\"https:\\\/\\\/schweizversand.ch\\\/it\\\/#organization\"},\"alternateName\":\"Schweizversand.ch\",\"potentialAction\":[{\"@type\":\"SearchAction\",\"target\":{\"@type\":\"EntryPoint\",\"urlTemplate\":\"https:\\\/\\\/schweizversand.ch\\\/it\\\/?s={search_term_string}\"},\"query-input\":{\"@type\":\"PropertyValueSpecification\",\"valueRequired\":true,\"valueName\":\"search_term_string\"}}],\"inLanguage\":\"it-IT\"},{\"@type\":\"Organization\",\"@id\":\"https:\\\/\\\/schweizversand.ch\\\/it\\\/#organization\",\"name\":\"Schweizversand.ch\",\"url\":\"https:\\\/\\\/schweizversand.ch\\\/it\\\/\",\"logo\":{\"@type\":\"ImageObject\",\"inLanguage\":\"it-IT\",\"@id\":\"https:\\\/\\\/schweizversand.ch\\\/it\\\/#\\\/schema\\\/logo\\\/image\\\/\",\"url\":\"https:\\\/\\\/schweizversand.ch\\\/wp-content\\\/uploads\\\/2026\\\/03\\\/Logo_Rund_Final-1.png\",\"contentUrl\":\"https:\\\/\\\/schweizversand.ch\\\/wp-content\\\/uploads\\\/2026\\\/03\\\/Logo_Rund_Final-1.png\",\"width\":404,\"height\":404,\"caption\":\"Schweizversand.ch\"},\"image\":{\"@id\":\"https:\\\/\\\/schweizversand.ch\\\/it\\\/#\\\/schema\\\/logo\\\/image\\\/\"},\"sameAs\":[\"https:\\\/\\\/www.facebook.com\\\/Schweizversand\",\"https:\\\/\\\/www.instagram.com\\\/schweizversand.ch\\\/\"]}]}<\/script>\n<!-- \/ Yoast SEO plugin. -->","yoast_head_json":{"title":"Balthasar Duftkerze im Glas \"Citronella\" | Jetzt kaufen | Schweizversand.ch","description":"Balthasar Duftkerze im Glas \"Citronella\" g\u00fcnstig kaufen bei Schweizversand.ch. Schnelle Lieferung in der Schweiz. Gratisversand ab CHF 50.","robots":{"index":"index","follow":"follow","max-snippet":"max-snippet:-1","max-image-preview":"max-image-preview:large","max-video-preview":"max-video-preview:-1"},"canonical":"https:\/\/schweizversand.ch\/it\/produkt\/balthasar-duftkerze-im-glas-citronella\/","og_locale":"it_IT","og_type":"article","og_title":"Balthasar Duftkerze im Glas \"Citronella\" | Jetzt kaufen | Schweizversand.ch","og_description":"Balthasar Duftkerze im Glas \"Citronella\" g\u00fcnstig kaufen bei Schweizversand.ch. Schnelle Lieferung in der Schweiz. Gratisversand ab CHF 50.","og_url":"https:\/\/schweizversand.ch\/it\/produkt\/balthasar-duftkerze-im-glas-citronella\/","og_site_name":"Schweizer Shop f\u00fcr Sport, Spiel und Freizeit","article_publisher":"https:\/\/www.facebook.com\/Schweizversand","article_modified_time":"2026-04-30T13:35:56+00:00","og_image":[{"width":969,"height":1024,"url":"https:\/\/schweizversand.ch\/wp-content\/uploads\/2026\/02\/5472101215.png","type":"image\/png"}],"twitter_card":"summary_large_image","twitter_misc":{"Tempo di lettura stimato":"2 minuto"},"schema":{"@context":"https:\/\/schema.org","@graph":[{"@type":"WebPage","@id":"https:\/\/schweizversand.ch\/it\/produkt\/balthasar-duftkerze-im-glas-citronella\/","url":"https:\/\/schweizversand.ch\/it\/produkt\/balthasar-duftkerze-im-glas-citronella\/","name":"Balthasar Duftkerze im Glas \"Citronella\" | Jetzt kaufen | Schweizversand.ch","isPartOf":{"@id":"https:\/\/schweizversand.ch\/it\/#website"},"primaryImageOfPage":{"@id":"https:\/\/schweizversand.ch\/it\/produkt\/balthasar-duftkerze-im-glas-citronella\/#primaryimage"},"image":{"@id":"https:\/\/schweizversand.ch\/it\/produkt\/balthasar-duftkerze-im-glas-citronella\/#primaryimage"},"thumbnailUrl":"https:\/\/schweizversand.ch\/wp-content\/uploads\/2026\/02\/5472101215.png","datePublished":"2026-03-14T23:55:17+00:00","dateModified":"2026-04-30T13:35:56+00:00","description":"Balthasar Duftkerze im Glas \"Citronella\" g\u00fcnstig kaufen bei Schweizversand.ch. Schnelle Lieferung in der Schweiz. Gratisversand ab CHF 50.","breadcrumb":{"@id":"https:\/\/schweizversand.ch\/it\/produkt\/balthasar-duftkerze-im-glas-citronella\/#breadcrumb"},"inLanguage":"it-IT","potentialAction":[{"@type":"ReadAction","target":["https:\/\/schweizversand.ch\/it\/produkt\/balthasar-duftkerze-im-glas-citronella\/"]}]},{"@type":"ImageObject","inLanguage":"it-IT","@id":"https:\/\/schweizversand.ch\/it\/produkt\/balthasar-duftkerze-im-glas-citronella\/#primaryimage","url":"https:\/\/schweizversand.ch\/wp-content\/uploads\/2026\/02\/5472101215.png","contentUrl":"https:\/\/schweizversand.ch\/wp-content\/uploads\/2026\/02\/5472101215.png","width":969,"height":1024},{"@type":"BreadcrumbList","@id":"https:\/\/schweizversand.ch\/it\/produkt\/balthasar-duftkerze-im-glas-citronella\/#breadcrumb","itemListElement":[{"@type":"ListItem","position":1,"name":"Startseite","item":"https:\/\/schweizversand.ch\/it\/home\/"},{"@type":"ListItem","position":2,"name":"Shop","item":"https:\/\/schweizversand.ch\/it\/shop\/"},{"@type":"ListItem","position":3,"name":"Home","item":"https:\/\/schweizversand.ch\/it\/produkt-kategorie\/home\/"},{"@type":"ListItem","position":4,"name":"Decorazioni e accessori","item":"https:\/\/schweizversand.ch\/it\/produkt-kategorie\/home\/decorazioni-e-accessori\/"},{"@type":"ListItem","position":5,"name":"Candele e fuoco","item":"https:\/\/schweizversand.ch\/it\/produkt-kategorie\/home\/decorazioni-e-accessori\/kerzen-feuer\/"},{"@type":"ListItem","position":6,"name":"Candela profumata Balthasar in vetro &#8222;Citronella&#8220;"}]},{"@type":"WebSite","@id":"https:\/\/schweizversand.ch\/it\/#website","url":"https:\/\/schweizversand.ch\/it\/","name":"Schweizer Shop f\u00fcr Sport, Spiel und Freizeit","description":"Gratisversand ab 50.- (netto), ab eigenem schweizer Lager, Lieferung innert 48h","publisher":{"@id":"https:\/\/schweizversand.ch\/it\/#organization"},"alternateName":"Schweizversand.ch","potentialAction":[{"@type":"SearchAction","target":{"@type":"EntryPoint","urlTemplate":"https:\/\/schweizversand.ch\/it\/?s={search_term_string}"},"query-input":{"@type":"PropertyValueSpecification","valueRequired":true,"valueName":"search_term_string"}}],"inLanguage":"it-IT"},{"@type":"Organization","@id":"https:\/\/schweizversand.ch\/it\/#organization","name":"Schweizversand.ch","url":"https:\/\/schweizversand.ch\/it\/","logo":{"@type":"ImageObject","inLanguage":"it-IT","@id":"https:\/\/schweizversand.ch\/it\/#\/schema\/logo\/image\/","url":"https:\/\/schweizversand.ch\/wp-content\/uploads\/2026\/03\/Logo_Rund_Final-1.png","contentUrl":"https:\/\/schweizversand.ch\/wp-content\/uploads\/2026\/03\/Logo_Rund_Final-1.png","width":404,"height":404,"caption":"Schweizversand.ch"},"image":{"@id":"https:\/\/schweizversand.ch\/it\/#\/schema\/logo\/image\/"},"sameAs":["https:\/\/www.facebook.com\/Schweizversand","https:\/\/www.instagram.com\/schweizversand.ch\/"]}]}},"jetpack_sharing_enabled":true,"_links":{"self":[{"href":"https:\/\/schweizversand.ch\/it\/wp-json\/wp\/v2\/product\/255977","targetHints":{"allow":["GET"]}}],"collection":[{"href":"https:\/\/schweizversand.ch\/it\/wp-json\/wp\/v2\/product"}],"about":[{"href":"https:\/\/schweizversand.ch\/it\/wp-json\/wp\/v2\/types\/product"}],"replies":[{"embeddable":true,"href":"https:\/\/schweizversand.ch\/it\/wp-json\/wp\/v2\/comments?post=255977"}],"wp:featuredmedia":[{"embeddable":true,"href":"https:\/\/schweizversand.ch\/it\/wp-json\/wp\/v2\/media\/160195"}],"wp:attachment":[{"href":"https:\/\/schweizversand.ch\/it\/wp-json\/wp\/v2\/media?parent=255977"}],"wp:term":[{"taxonomy":"product_brand","embeddable":true,"href":"https:\/\/schweizversand.ch\/it\/wp-json\/wp\/v2\/product_brand?post=255977"},{"taxonomy":"product_cat","embeddable":true,"href":"https:\/\/schweizversand.ch\/it\/wp-json\/wp\/v2\/product_cat?post=255977"},{"taxonomy":"product_tag","embeddable":true,"href":"https:\/\/schweizversand.ch\/it\/wp-json\/wp\/v2\/product_tag?post=255977"}],"curies":[{"name":"wp","href":"https:\/\/api.w.org\/{rel}","templated":true}]}}