{"id":255978,"date":"2026-03-15T00:55:18","date_gmt":"2026-03-14T23:55:18","guid":{"rendered":"https:\/\/schweizversand.ch\/produkt\/balthasar-windlicht-mit-35-teelichtern\/"},"modified":"2026-04-19T02:06:26","modified_gmt":"2026-04-19T00:06:26","slug":"balthasar-windlicht-mit-35-teelichtern","status":"publish","type":"product","link":"https:\/\/schweizversand.ch\/it\/produkt\/balthasar-windlicht-mit-35-teelichtern\/","title":{"rendered":"Lanterna Balthasar con 35 lumini"},"content":{"rendered":"<h1><strong>Lanterna in vetro trasparente con cavo e 35 lumini<\/strong><\/h1>\n<div>Regala alla tua casa o al tuo giardino un&#8217;atmosfera <strong>accogliente ed elegante<\/strong> con questo splendido set di lanterne. La lanterna in vetro trasparente, abbinata al cavo rustico, crea un elemento di design senza tempo, perfetto sia per interni che per esterni.<\/p>\n<\/div>\n<div><strong>Design e versatilit\u00e0<\/strong><br \/>Questa attraente <strong>lanterna<\/strong> colpisce per la sua forma cilindrica trasparente e il cavo decorativo in iuta, che conferisce al <strong>vetro<\/strong> un fascino nautico o rustico.<br \/>Questa lanterna in vetro crea un&#8217;atmosfera incantevole.<\/p>\n<\/div>\n<div><strong>Set di lumini pronto all&#8217;uso<\/strong><br \/>Sono inclusi <strong>35 lumini di alta qualit\u00e0<\/strong> che forniscono circa 4 ore di luce calda e tremolante. Questo set completo di lumini rende la lanterna un&#8217;idea regalo ideale o un&#8217;aggiunta rapida alle tue decorazioni esistenti. Materiali di alta qualit\u00e0 e stabilit\u00e0: la lanterna \u00e8 realizzata in robusto vetro trasparente, che protegge in modo ottimale la fiamma dal vento e riflette brillantemente la luce. La struttura stabile garantisce una posizione sicura, mentre la lanterna decorativa con cordino pu\u00f2 fungere da pratica maniglia. L&#8217;altezza della <strong>lanterna a uragano in vetro<\/strong> (17 cm) offre ampio spazio per lumini da t\u00e8 standard o candele a colonna pi\u00f9 piccole.<\/p>\n<\/div>\n<div><strong>Caratteristiche del prodotto e contenuto della confezione<\/strong><br \/>&#8211; Materiale: vetro trasparente di alta qualit\u00e0 e cordino di iuta<br \/>&#8211; Altezza: circa 17 cm<br \/>&#8211; Diametro: circa 10 cm<br \/>&#8211; Stile: moderno, con un tocco rustico grazie al cordino<br \/>&#8211; Contenuto della confezione: 1 lanterna a uragano in vetro trasparente, 35 lumini da t\u00e8<\/p>\n<\/div>\n<div><strong>Il tuo vantaggio<\/strong><br \/>Con questo set, riceverai una soluzione completa per un&#8217;illuminazione d&#8217;atmosfera. La combinazione di funzionalit\u00e0 e design estetico rende questa <strong>lanterna a forma di uragano in vetro trasparente<\/strong> un elemento indispensabile del tuo arredamento. Ordinala subito e scopri quanto \u00e8 facile creare un&#8217;atmosfera accogliente.<\/p>\n<\/div>\n<div><\/div>\n","protected":false},"excerpt":{"rendered":"<p>Lanterna in vetro trasparente con cavo e 35 lumini Regala alla tua casa o al tuo giardino un&#8217;atmosfera accogliente ed elegante con questo splendido set di lanterne. La lanterna in vetro trasparente, abbinata al cavo rustico, crea un elemento di design senza tempo, perfetto sia per interni che per esterni. Design e versatilit\u00e0Questa attraente lanterna colpisce per la sua forma cilindrica trasparente e il cavo decorativo in iuta, che conferisce al vetro un fascino nautico&hellip;<\/p>\n","protected":false},"featured_media":160196,"comment_status":"open","ping_status":"closed","template":"","meta":[],"product_brand":[],"product_cat":[38236],"product_tag":[],"class_list":{"0":"post-255978","1":"product","2":"type-product","3":"status-publish","4":"has-post-thumbnail","6":"product_cat-kerzen-feuer","7":"product_shipping_class-global_methods","9":"first","10":"instock","11":"taxable","12":"shipping-taxable","13":"purchasable","14":"product-type-simple"},"yoast_head":"<!-- This site is optimized with the Yoast SEO plugin v27.4 - https:\/\/yoast.com\/product\/yoast-seo-wordpress\/ -->\n<title>Balthasar Windlicht mit 35 Teelichtern | Jetzt kaufen | Schweizversand.ch<\/title>\n<meta name=\"description\" content=\"Balthasar Windlicht mit 35 Teelichtern g\u00fcnstig kaufen bei Schweizversand.ch. Schnelle Lieferung in der Schweiz. Gratisversand ab CHF 50.\" \/>\n<meta name=\"robots\" content=\"index, follow, max-snippet:-1, max-image-preview:large, max-video-preview:-1\" \/>\n<link rel=\"canonical\" href=\"https:\/\/schweizversand.ch\/it\/produkt\/balthasar-windlicht-mit-35-teelichtern\/\" \/>\n<meta property=\"og:locale\" content=\"it_IT\" \/>\n<meta property=\"og:type\" content=\"article\" \/>\n<meta property=\"og:title\" content=\"Balthasar Windlicht mit 35 Teelichtern | Jetzt kaufen | Schweizversand.ch\" \/>\n<meta property=\"og:description\" content=\"Balthasar Windlicht mit 35 Teelichtern g\u00fcnstig kaufen bei Schweizversand.ch. Schnelle Lieferung in der Schweiz. Gratisversand ab CHF 50.\" \/>\n<meta property=\"og:url\" content=\"https:\/\/schweizversand.ch\/it\/produkt\/balthasar-windlicht-mit-35-teelichtern\/\" \/>\n<meta property=\"og:site_name\" content=\"Schweizer Shop f\u00fcr Sport, Spiel und Freizeit\" \/>\n<meta property=\"article:publisher\" content=\"https:\/\/www.facebook.com\/Schweizversand\" \/>\n<meta property=\"article:modified_time\" content=\"2026-04-19T00:06:26+00:00\" \/>\n<meta property=\"og:image\" content=\"https:\/\/schweizversand.ch\/wp-content\/uploads\/2026\/02\/5472107365.png\" \/>\n\t<meta property=\"og:image:width\" content=\"1024\" \/>\n\t<meta property=\"og:image:height\" content=\"1024\" \/>\n\t<meta property=\"og:image:type\" content=\"image\/png\" \/>\n<meta name=\"twitter:card\" content=\"summary_large_image\" \/>\n<meta name=\"twitter:label1\" content=\"Tempo di lettura stimato\" \/>\n\t<meta name=\"twitter:data1\" content=\"1 minuto\" \/>\n<script type=\"application\/ld+json\" class=\"yoast-schema-graph\">{\"@context\":\"https:\\\/\\\/schema.org\",\"@graph\":[{\"@type\":\"WebPage\",\"@id\":\"https:\\\/\\\/schweizversand.ch\\\/it\\\/produkt\\\/balthasar-windlicht-mit-35-teelichtern\\\/\",\"url\":\"https:\\\/\\\/schweizversand.ch\\\/it\\\/produkt\\\/balthasar-windlicht-mit-35-teelichtern\\\/\",\"name\":\"Balthasar Windlicht mit 35 Teelichtern | Jetzt kaufen | Schweizversand.ch\",\"isPartOf\":{\"@id\":\"https:\\\/\\\/schweizversand.ch\\\/it\\\/#website\"},\"primaryImageOfPage\":{\"@id\":\"https:\\\/\\\/schweizversand.ch\\\/it\\\/produkt\\\/balthasar-windlicht-mit-35-teelichtern\\\/#primaryimage\"},\"image\":{\"@id\":\"https:\\\/\\\/schweizversand.ch\\\/it\\\/produkt\\\/balthasar-windlicht-mit-35-teelichtern\\\/#primaryimage\"},\"thumbnailUrl\":\"https:\\\/\\\/schweizversand.ch\\\/wp-content\\\/uploads\\\/2026\\\/02\\\/5472107365.png\",\"datePublished\":\"2026-03-14T23:55:18+00:00\",\"dateModified\":\"2026-04-19T00:06:26+00:00\",\"description\":\"Balthasar Windlicht mit 35 Teelichtern g\u00fcnstig kaufen bei Schweizversand.ch. Schnelle Lieferung in der Schweiz. Gratisversand ab CHF 50.\",\"breadcrumb\":{\"@id\":\"https:\\\/\\\/schweizversand.ch\\\/it\\\/produkt\\\/balthasar-windlicht-mit-35-teelichtern\\\/#breadcrumb\"},\"inLanguage\":\"it-IT\",\"potentialAction\":[{\"@type\":\"ReadAction\",\"target\":[\"https:\\\/\\\/schweizversand.ch\\\/it\\\/produkt\\\/balthasar-windlicht-mit-35-teelichtern\\\/\"]}]},{\"@type\":\"ImageObject\",\"inLanguage\":\"it-IT\",\"@id\":\"https:\\\/\\\/schweizversand.ch\\\/it\\\/produkt\\\/balthasar-windlicht-mit-35-teelichtern\\\/#primaryimage\",\"url\":\"https:\\\/\\\/schweizversand.ch\\\/wp-content\\\/uploads\\\/2026\\\/02\\\/5472107365.png\",\"contentUrl\":\"https:\\\/\\\/schweizversand.ch\\\/wp-content\\\/uploads\\\/2026\\\/02\\\/5472107365.png\",\"width\":1024,\"height\":1024},{\"@type\":\"BreadcrumbList\",\"@id\":\"https:\\\/\\\/schweizversand.ch\\\/it\\\/produkt\\\/balthasar-windlicht-mit-35-teelichtern\\\/#breadcrumb\",\"itemListElement\":[{\"@type\":\"ListItem\",\"position\":1,\"name\":\"Startseite\",\"item\":\"https:\\\/\\\/schweizversand.ch\\\/it\\\/home\\\/\"},{\"@type\":\"ListItem\",\"position\":2,\"name\":\"Shop\",\"item\":\"https:\\\/\\\/schweizversand.ch\\\/it\\\/shop\\\/\"},{\"@type\":\"ListItem\",\"position\":3,\"name\":\"Home\",\"item\":\"https:\\\/\\\/schweizversand.ch\\\/it\\\/produkt-kategorie\\\/home\\\/\"},{\"@type\":\"ListItem\",\"position\":4,\"name\":\"Decorazioni e accessori\",\"item\":\"https:\\\/\\\/schweizversand.ch\\\/it\\\/produkt-kategorie\\\/home\\\/decorazioni-e-accessori\\\/\"},{\"@type\":\"ListItem\",\"position\":5,\"name\":\"Candele e fuoco\",\"item\":\"https:\\\/\\\/schweizversand.ch\\\/it\\\/produkt-kategorie\\\/home\\\/decorazioni-e-accessori\\\/kerzen-feuer\\\/\"},{\"@type\":\"ListItem\",\"position\":6,\"name\":\"Lanterna Balthasar con 35 lumini\"}]},{\"@type\":\"WebSite\",\"@id\":\"https:\\\/\\\/schweizversand.ch\\\/it\\\/#website\",\"url\":\"https:\\\/\\\/schweizversand.ch\\\/it\\\/\",\"name\":\"Schweizer Shop f\u00fcr Sport, Spiel und Freizeit\",\"description\":\"Gratisversand ab 50.- (netto), ab eigenem schweizer Lager, Lieferung innert 48h\",\"publisher\":{\"@id\":\"https:\\\/\\\/schweizversand.ch\\\/it\\\/#organization\"},\"alternateName\":\"Schweizversand.ch\",\"potentialAction\":[{\"@type\":\"SearchAction\",\"target\":{\"@type\":\"EntryPoint\",\"urlTemplate\":\"https:\\\/\\\/schweizversand.ch\\\/it\\\/?s={search_term_string}\"},\"query-input\":{\"@type\":\"PropertyValueSpecification\",\"valueRequired\":true,\"valueName\":\"search_term_string\"}}],\"inLanguage\":\"it-IT\"},{\"@type\":\"Organization\",\"@id\":\"https:\\\/\\\/schweizversand.ch\\\/it\\\/#organization\",\"name\":\"Schweizversand.ch\",\"url\":\"https:\\\/\\\/schweizversand.ch\\\/it\\\/\",\"logo\":{\"@type\":\"ImageObject\",\"inLanguage\":\"it-IT\",\"@id\":\"https:\\\/\\\/schweizversand.ch\\\/it\\\/#\\\/schema\\\/logo\\\/image\\\/\",\"url\":\"https:\\\/\\\/schweizversand.ch\\\/wp-content\\\/uploads\\\/2026\\\/03\\\/Logo_Rund_Final-1.png\",\"contentUrl\":\"https:\\\/\\\/schweizversand.ch\\\/wp-content\\\/uploads\\\/2026\\\/03\\\/Logo_Rund_Final-1.png\",\"width\":404,\"height\":404,\"caption\":\"Schweizversand.ch\"},\"image\":{\"@id\":\"https:\\\/\\\/schweizversand.ch\\\/it\\\/#\\\/schema\\\/logo\\\/image\\\/\"},\"sameAs\":[\"https:\\\/\\\/www.facebook.com\\\/Schweizversand\",\"https:\\\/\\\/www.instagram.com\\\/schweizversand.ch\\\/\"]}]}<\/script>\n<!-- \/ Yoast SEO plugin. -->","yoast_head_json":{"title":"Balthasar Windlicht mit 35 Teelichtern | Jetzt kaufen | Schweizversand.ch","description":"Balthasar Windlicht mit 35 Teelichtern g\u00fcnstig kaufen bei Schweizversand.ch. Schnelle Lieferung in der Schweiz. Gratisversand ab CHF 50.","robots":{"index":"index","follow":"follow","max-snippet":"max-snippet:-1","max-image-preview":"max-image-preview:large","max-video-preview":"max-video-preview:-1"},"canonical":"https:\/\/schweizversand.ch\/it\/produkt\/balthasar-windlicht-mit-35-teelichtern\/","og_locale":"it_IT","og_type":"article","og_title":"Balthasar Windlicht mit 35 Teelichtern | Jetzt kaufen | Schweizversand.ch","og_description":"Balthasar Windlicht mit 35 Teelichtern g\u00fcnstig kaufen bei Schweizversand.ch. Schnelle Lieferung in der Schweiz. Gratisversand ab CHF 50.","og_url":"https:\/\/schweizversand.ch\/it\/produkt\/balthasar-windlicht-mit-35-teelichtern\/","og_site_name":"Schweizer Shop f\u00fcr Sport, Spiel und Freizeit","article_publisher":"https:\/\/www.facebook.com\/Schweizversand","article_modified_time":"2026-04-19T00:06:26+00:00","og_image":[{"width":1024,"height":1024,"url":"https:\/\/schweizversand.ch\/wp-content\/uploads\/2026\/02\/5472107365.png","type":"image\/png"}],"twitter_card":"summary_large_image","twitter_misc":{"Tempo di lettura stimato":"1 minuto"},"schema":{"@context":"https:\/\/schema.org","@graph":[{"@type":"WebPage","@id":"https:\/\/schweizversand.ch\/it\/produkt\/balthasar-windlicht-mit-35-teelichtern\/","url":"https:\/\/schweizversand.ch\/it\/produkt\/balthasar-windlicht-mit-35-teelichtern\/","name":"Balthasar Windlicht mit 35 Teelichtern | Jetzt kaufen | Schweizversand.ch","isPartOf":{"@id":"https:\/\/schweizversand.ch\/it\/#website"},"primaryImageOfPage":{"@id":"https:\/\/schweizversand.ch\/it\/produkt\/balthasar-windlicht-mit-35-teelichtern\/#primaryimage"},"image":{"@id":"https:\/\/schweizversand.ch\/it\/produkt\/balthasar-windlicht-mit-35-teelichtern\/#primaryimage"},"thumbnailUrl":"https:\/\/schweizversand.ch\/wp-content\/uploads\/2026\/02\/5472107365.png","datePublished":"2026-03-14T23:55:18+00:00","dateModified":"2026-04-19T00:06:26+00:00","description":"Balthasar Windlicht mit 35 Teelichtern g\u00fcnstig kaufen bei Schweizversand.ch. Schnelle Lieferung in der Schweiz. Gratisversand ab CHF 50.","breadcrumb":{"@id":"https:\/\/schweizversand.ch\/it\/produkt\/balthasar-windlicht-mit-35-teelichtern\/#breadcrumb"},"inLanguage":"it-IT","potentialAction":[{"@type":"ReadAction","target":["https:\/\/schweizversand.ch\/it\/produkt\/balthasar-windlicht-mit-35-teelichtern\/"]}]},{"@type":"ImageObject","inLanguage":"it-IT","@id":"https:\/\/schweizversand.ch\/it\/produkt\/balthasar-windlicht-mit-35-teelichtern\/#primaryimage","url":"https:\/\/schweizversand.ch\/wp-content\/uploads\/2026\/02\/5472107365.png","contentUrl":"https:\/\/schweizversand.ch\/wp-content\/uploads\/2026\/02\/5472107365.png","width":1024,"height":1024},{"@type":"BreadcrumbList","@id":"https:\/\/schweizversand.ch\/it\/produkt\/balthasar-windlicht-mit-35-teelichtern\/#breadcrumb","itemListElement":[{"@type":"ListItem","position":1,"name":"Startseite","item":"https:\/\/schweizversand.ch\/it\/home\/"},{"@type":"ListItem","position":2,"name":"Shop","item":"https:\/\/schweizversand.ch\/it\/shop\/"},{"@type":"ListItem","position":3,"name":"Home","item":"https:\/\/schweizversand.ch\/it\/produkt-kategorie\/home\/"},{"@type":"ListItem","position":4,"name":"Decorazioni e accessori","item":"https:\/\/schweizversand.ch\/it\/produkt-kategorie\/home\/decorazioni-e-accessori\/"},{"@type":"ListItem","position":5,"name":"Candele e fuoco","item":"https:\/\/schweizversand.ch\/it\/produkt-kategorie\/home\/decorazioni-e-accessori\/kerzen-feuer\/"},{"@type":"ListItem","position":6,"name":"Lanterna Balthasar con 35 lumini"}]},{"@type":"WebSite","@id":"https:\/\/schweizversand.ch\/it\/#website","url":"https:\/\/schweizversand.ch\/it\/","name":"Schweizer Shop f\u00fcr Sport, Spiel und Freizeit","description":"Gratisversand ab 50.- (netto), ab eigenem schweizer Lager, Lieferung innert 48h","publisher":{"@id":"https:\/\/schweizversand.ch\/it\/#organization"},"alternateName":"Schweizversand.ch","potentialAction":[{"@type":"SearchAction","target":{"@type":"EntryPoint","urlTemplate":"https:\/\/schweizversand.ch\/it\/?s={search_term_string}"},"query-input":{"@type":"PropertyValueSpecification","valueRequired":true,"valueName":"search_term_string"}}],"inLanguage":"it-IT"},{"@type":"Organization","@id":"https:\/\/schweizversand.ch\/it\/#organization","name":"Schweizversand.ch","url":"https:\/\/schweizversand.ch\/it\/","logo":{"@type":"ImageObject","inLanguage":"it-IT","@id":"https:\/\/schweizversand.ch\/it\/#\/schema\/logo\/image\/","url":"https:\/\/schweizversand.ch\/wp-content\/uploads\/2026\/03\/Logo_Rund_Final-1.png","contentUrl":"https:\/\/schweizversand.ch\/wp-content\/uploads\/2026\/03\/Logo_Rund_Final-1.png","width":404,"height":404,"caption":"Schweizversand.ch"},"image":{"@id":"https:\/\/schweizversand.ch\/it\/#\/schema\/logo\/image\/"},"sameAs":["https:\/\/www.facebook.com\/Schweizversand","https:\/\/www.instagram.com\/schweizversand.ch\/"]}]}},"jetpack_sharing_enabled":true,"_links":{"self":[{"href":"https:\/\/schweizversand.ch\/it\/wp-json\/wp\/v2\/product\/255978","targetHints":{"allow":["GET"]}}],"collection":[{"href":"https:\/\/schweizversand.ch\/it\/wp-json\/wp\/v2\/product"}],"about":[{"href":"https:\/\/schweizversand.ch\/it\/wp-json\/wp\/v2\/types\/product"}],"replies":[{"embeddable":true,"href":"https:\/\/schweizversand.ch\/it\/wp-json\/wp\/v2\/comments?post=255978"}],"wp:featuredmedia":[{"embeddable":true,"href":"https:\/\/schweizversand.ch\/it\/wp-json\/wp\/v2\/media\/160196"}],"wp:attachment":[{"href":"https:\/\/schweizversand.ch\/it\/wp-json\/wp\/v2\/media?parent=255978"}],"wp:term":[{"taxonomy":"product_brand","embeddable":true,"href":"https:\/\/schweizversand.ch\/it\/wp-json\/wp\/v2\/product_brand?post=255978"},{"taxonomy":"product_cat","embeddable":true,"href":"https:\/\/schweizversand.ch\/it\/wp-json\/wp\/v2\/product_cat?post=255978"},{"taxonomy":"product_tag","embeddable":true,"href":"https:\/\/schweizversand.ch\/it\/wp-json\/wp\/v2\/product_tag?post=255978"}],"curies":[{"name":"wp","href":"https:\/\/api.w.org\/{rel}","templated":true}]}}