{"id":256076,"date":"2026-03-15T00:57:21","date_gmt":"2026-03-14T23:57:21","guid":{"rendered":"https:\/\/schweizversand.ch\/produkt\/disco-girl-frauenkostuem-im-70er-jahre-stil\/"},"modified":"2026-04-15T02:05:50","modified_gmt":"2026-04-15T00:05:50","slug":"disco-girl-frauenkostuem-im-70er-jahre-stil","status":"publish","type":"product","link":"https:\/\/schweizversand.ch\/it\/produkt\/disco-girl-frauenkostuem-im-70er-jahre-stil\/","title":{"rendered":"Vestito per divertimento costume da donna &#8220;Disco Queen&#8221;"},"content":{"rendered":"<h1><strong>Costume da Regina della Discoteca<\/strong><\/h1>\n<div>Preparati per un indimenticabile viaggio negli anni &#8217;70! Con il nostro <strong>Costume da Regina della Discoteca<\/strong>, sarai al centro dell&#8217;attenzione a ogni festa, irradiando pura atmosfera disco. Questo <strong>costume anni &#8217;70<\/strong> \u00e8 la scelta perfetta per riportare in vita la magia di quell&#8217;epoca leggendaria.<\/p>\n<\/div>\n<div><strong>Il tuo aspetto da icona della discoteca<\/strong><br \/>Questo accattivante <strong>costume da carnevale da donna<\/strong> ti catapulta direttamente nell&#8217;entusiasmante mondo degli anni &#8217;70. Che sia per Carnevale, una festa a tema o una serata danzante, con questo look sarai la regina indiscussa della pista da ballo. Vivi luci scintillanti, ritmi contagiosi e passi di danza leggendari con un outfit autentico.<\/p>\n<\/div>\n<div><strong>Design e comfort<\/strong><br \/>Questo completo in due pezzi \u00e8 composto da un elegante tailleur pantalone svasato<\/strong> e da un top accattivante, entrambi caratterizzati dai tipici elementi di design anni &#8217;70. I pantaloni a gamba larga con pieghe alla moda sono comodi e fluidi, creando una silhouette meravigliosa. La vita alta e il taglio aderente accentuano la figura, mentre le gambe svasate conferiscono l&#8217;iconico look retr\u00f2. Grazie alla sua vestibilit\u00e0 comoda ma aderente, offre la massima libert\u00e0 di movimento: ideale per esilaranti passi di danza sotto la palla da discoteca! Top elegante: questo top colpisce per la sua abbottonatura accattivante e il caratteristico colletto in stile anni &#8217;70 che sottolinea il tipico stile retr\u00f2. Il tessuto leggero e confortevole garantisce un elevato livello di comfort, permettendoti di fare festa spensieratamente per tutta la notte. La vestibilit\u00e0 aderente accentua la figura femminile, mentre le maniche lunghe aggiungono un tocco elegante al look. Questo <strong>costume da discoteca per donna<\/strong> unisce glamour e stile: perfetto per tutte le dive della disco!<\/p>\n<\/div>\n<div><strong>Perfeziona il tuo look<\/strong><br \/>Per rendere il tuo <strong>costume di Carnevale anni &#8217;70<\/strong> ancora pi\u00f9 autentico, ti consigliamo di abbinarlo a grandi occhiali da sole, scarpe con la zeppa o accessori scintillanti. Un&#8217;acconciatura voluminosa e riccia o una fascia in stile retr\u00f2 completano il look e ti fanno sembrare una vera icona della disco. Un trucco scintillante con labbra lucide e ombretto vibrante ti dar\u00e0 la sensazione definitiva degli anni &#8217;70.<\/p>\n<\/div>\n<div><strong>Materiale<\/strong><br \/>&#8211; 100% poliestere<\/p>\n<\/div>\n<div><strong>Caratteristiche del costume da regina della discoteca<\/strong><br \/>&#8211; Costume da discoteca in due pezzi<br \/>&#8211; Elevato comfort grazie al tessuto leggero<br \/>&#8211; Pieghe sui pantaloni<br \/>&#8211; Abbottonatura accattivante sulla parte superiore<br \/>&#8211; Tipico colletto anni &#8217;70<\/p>\n<p><\/div>\n<div><strong>Confezione<\/strong><br \/>&#8211; Pantaloni<br \/>&#8211; Parte superiore<\/p>\n<\/div>\n<div>Immergiti nel mondo glamour degli anni &#8217;70 e celebra momenti indimenticabili con questo costume unico.<\/p>\n<\/div>\n<div><\/div>\n","protected":false},"excerpt":{"rendered":"<p>Costume da Regina della Discoteca Preparati per un indimenticabile viaggio negli anni &#8217;70! Con il nostro Costume da Regina della Discoteca, sarai al centro dell&#8217;attenzione a ogni festa, irradiando pura atmosfera disco. Questo costume anni &#8217;70 \u00e8 la scelta perfetta per riportare in vita la magia di quell&#8217;epoca leggendaria. Il tuo aspetto da icona della discotecaQuesto accattivante costume da carnevale da donna ti catapulta direttamente nell&#8217;entusiasmante mondo degli anni &#8217;70. Che sia per Carnevale, una&hellip;<\/p>\n","protected":false},"featured_media":243524,"comment_status":"open","ping_status":"closed","template":"","meta":[],"product_brand":[],"product_cat":[38202,37899,38991],"product_tag":[],"class_list":{"0":"post-256076","1":"product","2":"type-product","3":"status-publish","4":"has-post-thumbnail","6":"product_cat-kostueme","9":"product_shipping_class-global_methods","11":"first","12":"instock","13":"taxable","14":"shipping-taxable","15":"purchasable","16":"product-type-simple"},"yoast_head":"<!-- This site is optimized with the Yoast SEO plugin v27.4 - https:\/\/yoast.com\/product\/yoast-seo-wordpress\/ -->\n<title>\u200bDisco Girl \u2013 Frauenkost\u00fcm im 70er-Jahre-Stil | Jetzt kaufen | Schweizversand.ch<\/title>\n<meta name=\"description\" content=\"\u200bDisco Girl \u2013 Frauenkost\u00fcm im 70er-Jahre-Stil g\u00fcnstig kaufen bei Schweizversand.ch. Schnelle Lieferung in der Schweiz. Gratisversand ab CHF 50.\" \/>\n<meta name=\"robots\" content=\"index, follow, max-snippet:-1, max-image-preview:large, max-video-preview:-1\" \/>\n<link rel=\"canonical\" href=\"https:\/\/schweizversand.ch\/it\/produkt\/disco-girl-frauenkostuem-im-70er-jahre-stil\/\" \/>\n<meta property=\"og:locale\" content=\"it_IT\" \/>\n<meta property=\"og:type\" content=\"article\" \/>\n<meta property=\"og:title\" content=\"\u200bDisco Girl \u2013 Frauenkost\u00fcm im 70er-Jahre-Stil | Jetzt kaufen | Schweizversand.ch\" \/>\n<meta property=\"og:description\" content=\"\u200bDisco Girl \u2013 Frauenkost\u00fcm im 70er-Jahre-Stil g\u00fcnstig kaufen bei Schweizversand.ch. Schnelle Lieferung in der Schweiz. Gratisversand ab CHF 50.\" \/>\n<meta property=\"og:url\" content=\"https:\/\/schweizversand.ch\/it\/produkt\/disco-girl-frauenkostuem-im-70er-jahre-stil\/\" \/>\n<meta property=\"og:site_name\" content=\"Schweizer Shop f\u00fcr Sport, Spiel und Freizeit\" \/>\n<meta property=\"article:publisher\" content=\"https:\/\/www.facebook.com\/Schweizversand\" \/>\n<meta property=\"article:modified_time\" content=\"2026-04-15T00:05:50+00:00\" \/>\n<meta property=\"og:image\" content=\"https:\/\/schweizversand.ch\/wp-content\/uploads\/2026\/03\/5488659559.jpg\" \/>\n\t<meta property=\"og:image:width\" content=\"200\" \/>\n\t<meta property=\"og:image:height\" content=\"200\" \/>\n\t<meta property=\"og:image:type\" content=\"image\/jpeg\" \/>\n<meta name=\"twitter:card\" content=\"summary_large_image\" \/>\n<meta name=\"twitter:label1\" content=\"Tempo di lettura stimato\" \/>\n\t<meta name=\"twitter:data1\" content=\"2 minuto\" \/>\n<script type=\"application\/ld+json\" class=\"yoast-schema-graph\">{\"@context\":\"https:\\\/\\\/schema.org\",\"@graph\":[{\"@type\":\"WebPage\",\"@id\":\"https:\\\/\\\/schweizversand.ch\\\/it\\\/produkt\\\/disco-girl-frauenkostuem-im-70er-jahre-stil\\\/\",\"url\":\"https:\\\/\\\/schweizversand.ch\\\/it\\\/produkt\\\/disco-girl-frauenkostuem-im-70er-jahre-stil\\\/\",\"name\":\"\u200bDisco Girl \u2013 Frauenkost\u00fcm im 70er-Jahre-Stil | Jetzt kaufen | Schweizversand.ch\",\"isPartOf\":{\"@id\":\"https:\\\/\\\/schweizversand.ch\\\/it\\\/#website\"},\"primaryImageOfPage\":{\"@id\":\"https:\\\/\\\/schweizversand.ch\\\/it\\\/produkt\\\/disco-girl-frauenkostuem-im-70er-jahre-stil\\\/#primaryimage\"},\"image\":{\"@id\":\"https:\\\/\\\/schweizversand.ch\\\/it\\\/produkt\\\/disco-girl-frauenkostuem-im-70er-jahre-stil\\\/#primaryimage\"},\"thumbnailUrl\":\"https:\\\/\\\/schweizversand.ch\\\/wp-content\\\/uploads\\\/2026\\\/03\\\/5488659559.jpg\",\"datePublished\":\"2026-03-14T23:57:21+00:00\",\"dateModified\":\"2026-04-15T00:05:50+00:00\",\"description\":\"\u200bDisco Girl \u2013 Frauenkost\u00fcm im 70er-Jahre-Stil g\u00fcnstig kaufen bei Schweizversand.ch. Schnelle Lieferung in der Schweiz. Gratisversand ab CHF 50.\",\"breadcrumb\":{\"@id\":\"https:\\\/\\\/schweizversand.ch\\\/it\\\/produkt\\\/disco-girl-frauenkostuem-im-70er-jahre-stil\\\/#breadcrumb\"},\"inLanguage\":\"it-IT\",\"potentialAction\":[{\"@type\":\"ReadAction\",\"target\":[\"https:\\\/\\\/schweizversand.ch\\\/it\\\/produkt\\\/disco-girl-frauenkostuem-im-70er-jahre-stil\\\/\"]}]},{\"@type\":\"ImageObject\",\"inLanguage\":\"it-IT\",\"@id\":\"https:\\\/\\\/schweizversand.ch\\\/it\\\/produkt\\\/disco-girl-frauenkostuem-im-70er-jahre-stil\\\/#primaryimage\",\"url\":\"https:\\\/\\\/schweizversand.ch\\\/wp-content\\\/uploads\\\/2026\\\/03\\\/5488659559.jpg\",\"contentUrl\":\"https:\\\/\\\/schweizversand.ch\\\/wp-content\\\/uploads\\\/2026\\\/03\\\/5488659559.jpg\",\"width\":200,\"height\":200},{\"@type\":\"BreadcrumbList\",\"@id\":\"https:\\\/\\\/schweizversand.ch\\\/it\\\/produkt\\\/disco-girl-frauenkostuem-im-70er-jahre-stil\\\/#breadcrumb\",\"itemListElement\":[{\"@type\":\"ListItem\",\"position\":1,\"name\":\"Startseite\",\"item\":\"https:\\\/\\\/schweizversand.ch\\\/it\\\/\"},{\"@type\":\"ListItem\",\"position\":2,\"name\":\"Shop\",\"item\":\"https:\\\/\\\/schweizversand.ch\\\/it\\\/shop\\\/\"},{\"@type\":\"ListItem\",\"position\":3,\"name\":\"Moda\",\"item\":\"https:\\\/\\\/schweizversand.ch\\\/it\\\/produkt-kategorie\\\/moda\\\/\"},{\"@type\":\"ListItem\",\"position\":4,\"name\":\"Moda unisex\",\"item\":\"https:\\\/\\\/schweizversand.ch\\\/it\\\/produkt-kategorie\\\/moda\\\/moda-unisex\\\/\"},{\"@type\":\"ListItem\",\"position\":5,\"name\":\"Costumi\",\"item\":\"https:\\\/\\\/schweizversand.ch\\\/it\\\/produkt-kategorie\\\/moda\\\/moda-unisex\\\/kostueme\\\/\"},{\"@type\":\"ListItem\",\"position\":6,\"name\":\"Vestito per divertimento costume da donna &#8220;Disco Queen&#8221;\"}]},{\"@type\":\"WebSite\",\"@id\":\"https:\\\/\\\/schweizversand.ch\\\/it\\\/#website\",\"url\":\"https:\\\/\\\/schweizversand.ch\\\/it\\\/\",\"name\":\"Schweizer Shop f\u00fcr Sport, Spiel und Freizeit\",\"description\":\"Gratisversand ab 50.- (netto), ab eigenem schweizer Lager, Lieferung innert 48h\",\"publisher\":{\"@id\":\"https:\\\/\\\/schweizversand.ch\\\/it\\\/#organization\"},\"alternateName\":\"Schweizversand.ch\",\"potentialAction\":[{\"@type\":\"SearchAction\",\"target\":{\"@type\":\"EntryPoint\",\"urlTemplate\":\"https:\\\/\\\/schweizversand.ch\\\/it\\\/?s={search_term_string}\"},\"query-input\":{\"@type\":\"PropertyValueSpecification\",\"valueRequired\":true,\"valueName\":\"search_term_string\"}}],\"inLanguage\":\"it-IT\"},{\"@type\":\"Organization\",\"@id\":\"https:\\\/\\\/schweizversand.ch\\\/it\\\/#organization\",\"name\":\"Schweizversand.ch\",\"url\":\"https:\\\/\\\/schweizversand.ch\\\/it\\\/\",\"logo\":{\"@type\":\"ImageObject\",\"inLanguage\":\"it-IT\",\"@id\":\"https:\\\/\\\/schweizversand.ch\\\/it\\\/#\\\/schema\\\/logo\\\/image\\\/\",\"url\":\"https:\\\/\\\/schweizversand.ch\\\/wp-content\\\/uploads\\\/2026\\\/03\\\/Logo_Rund_Final-1.png\",\"contentUrl\":\"https:\\\/\\\/schweizversand.ch\\\/wp-content\\\/uploads\\\/2026\\\/03\\\/Logo_Rund_Final-1.png\",\"width\":404,\"height\":404,\"caption\":\"Schweizversand.ch\"},\"image\":{\"@id\":\"https:\\\/\\\/schweizversand.ch\\\/it\\\/#\\\/schema\\\/logo\\\/image\\\/\"},\"sameAs\":[\"https:\\\/\\\/www.facebook.com\\\/Schweizversand\",\"https:\\\/\\\/www.instagram.com\\\/schweizversand.ch\\\/\"]}]}<\/script>\n<!-- \/ Yoast SEO plugin. -->","yoast_head_json":{"title":"\u200bDisco Girl \u2013 Frauenkost\u00fcm im 70er-Jahre-Stil | Jetzt kaufen | Schweizversand.ch","description":"\u200bDisco Girl \u2013 Frauenkost\u00fcm im 70er-Jahre-Stil g\u00fcnstig kaufen bei Schweizversand.ch. Schnelle Lieferung in der Schweiz. Gratisversand ab CHF 50.","robots":{"index":"index","follow":"follow","max-snippet":"max-snippet:-1","max-image-preview":"max-image-preview:large","max-video-preview":"max-video-preview:-1"},"canonical":"https:\/\/schweizversand.ch\/it\/produkt\/disco-girl-frauenkostuem-im-70er-jahre-stil\/","og_locale":"it_IT","og_type":"article","og_title":"\u200bDisco Girl \u2013 Frauenkost\u00fcm im 70er-Jahre-Stil | Jetzt kaufen | Schweizversand.ch","og_description":"\u200bDisco Girl \u2013 Frauenkost\u00fcm im 70er-Jahre-Stil g\u00fcnstig kaufen bei Schweizversand.ch. Schnelle Lieferung in der Schweiz. Gratisversand ab CHF 50.","og_url":"https:\/\/schweizversand.ch\/it\/produkt\/disco-girl-frauenkostuem-im-70er-jahre-stil\/","og_site_name":"Schweizer Shop f\u00fcr Sport, Spiel und Freizeit","article_publisher":"https:\/\/www.facebook.com\/Schweizversand","article_modified_time":"2026-04-15T00:05:50+00:00","og_image":[{"width":200,"height":200,"url":"https:\/\/schweizversand.ch\/wp-content\/uploads\/2026\/03\/5488659559.jpg","type":"image\/jpeg"}],"twitter_card":"summary_large_image","twitter_misc":{"Tempo di lettura stimato":"2 minuto"},"schema":{"@context":"https:\/\/schema.org","@graph":[{"@type":"WebPage","@id":"https:\/\/schweizversand.ch\/it\/produkt\/disco-girl-frauenkostuem-im-70er-jahre-stil\/","url":"https:\/\/schweizversand.ch\/it\/produkt\/disco-girl-frauenkostuem-im-70er-jahre-stil\/","name":"\u200bDisco Girl \u2013 Frauenkost\u00fcm im 70er-Jahre-Stil | Jetzt kaufen | Schweizversand.ch","isPartOf":{"@id":"https:\/\/schweizversand.ch\/it\/#website"},"primaryImageOfPage":{"@id":"https:\/\/schweizversand.ch\/it\/produkt\/disco-girl-frauenkostuem-im-70er-jahre-stil\/#primaryimage"},"image":{"@id":"https:\/\/schweizversand.ch\/it\/produkt\/disco-girl-frauenkostuem-im-70er-jahre-stil\/#primaryimage"},"thumbnailUrl":"https:\/\/schweizversand.ch\/wp-content\/uploads\/2026\/03\/5488659559.jpg","datePublished":"2026-03-14T23:57:21+00:00","dateModified":"2026-04-15T00:05:50+00:00","description":"\u200bDisco Girl \u2013 Frauenkost\u00fcm im 70er-Jahre-Stil g\u00fcnstig kaufen bei Schweizversand.ch. Schnelle Lieferung in der Schweiz. Gratisversand ab CHF 50.","breadcrumb":{"@id":"https:\/\/schweizversand.ch\/it\/produkt\/disco-girl-frauenkostuem-im-70er-jahre-stil\/#breadcrumb"},"inLanguage":"it-IT","potentialAction":[{"@type":"ReadAction","target":["https:\/\/schweizversand.ch\/it\/produkt\/disco-girl-frauenkostuem-im-70er-jahre-stil\/"]}]},{"@type":"ImageObject","inLanguage":"it-IT","@id":"https:\/\/schweizversand.ch\/it\/produkt\/disco-girl-frauenkostuem-im-70er-jahre-stil\/#primaryimage","url":"https:\/\/schweizversand.ch\/wp-content\/uploads\/2026\/03\/5488659559.jpg","contentUrl":"https:\/\/schweizversand.ch\/wp-content\/uploads\/2026\/03\/5488659559.jpg","width":200,"height":200},{"@type":"BreadcrumbList","@id":"https:\/\/schweizversand.ch\/it\/produkt\/disco-girl-frauenkostuem-im-70er-jahre-stil\/#breadcrumb","itemListElement":[{"@type":"ListItem","position":1,"name":"Startseite","item":"https:\/\/schweizversand.ch\/it\/"},{"@type":"ListItem","position":2,"name":"Shop","item":"https:\/\/schweizversand.ch\/it\/shop\/"},{"@type":"ListItem","position":3,"name":"Moda","item":"https:\/\/schweizversand.ch\/it\/produkt-kategorie\/moda\/"},{"@type":"ListItem","position":4,"name":"Moda unisex","item":"https:\/\/schweizversand.ch\/it\/produkt-kategorie\/moda\/moda-unisex\/"},{"@type":"ListItem","position":5,"name":"Costumi","item":"https:\/\/schweizversand.ch\/it\/produkt-kategorie\/moda\/moda-unisex\/kostueme\/"},{"@type":"ListItem","position":6,"name":"Vestito per divertimento costume da donna &#8220;Disco Queen&#8221;"}]},{"@type":"WebSite","@id":"https:\/\/schweizversand.ch\/it\/#website","url":"https:\/\/schweizversand.ch\/it\/","name":"Schweizer Shop f\u00fcr Sport, Spiel und Freizeit","description":"Gratisversand ab 50.- (netto), ab eigenem schweizer Lager, Lieferung innert 48h","publisher":{"@id":"https:\/\/schweizversand.ch\/it\/#organization"},"alternateName":"Schweizversand.ch","potentialAction":[{"@type":"SearchAction","target":{"@type":"EntryPoint","urlTemplate":"https:\/\/schweizversand.ch\/it\/?s={search_term_string}"},"query-input":{"@type":"PropertyValueSpecification","valueRequired":true,"valueName":"search_term_string"}}],"inLanguage":"it-IT"},{"@type":"Organization","@id":"https:\/\/schweizversand.ch\/it\/#organization","name":"Schweizversand.ch","url":"https:\/\/schweizversand.ch\/it\/","logo":{"@type":"ImageObject","inLanguage":"it-IT","@id":"https:\/\/schweizversand.ch\/it\/#\/schema\/logo\/image\/","url":"https:\/\/schweizversand.ch\/wp-content\/uploads\/2026\/03\/Logo_Rund_Final-1.png","contentUrl":"https:\/\/schweizversand.ch\/wp-content\/uploads\/2026\/03\/Logo_Rund_Final-1.png","width":404,"height":404,"caption":"Schweizversand.ch"},"image":{"@id":"https:\/\/schweizversand.ch\/it\/#\/schema\/logo\/image\/"},"sameAs":["https:\/\/www.facebook.com\/Schweizversand","https:\/\/www.instagram.com\/schweizversand.ch\/"]}]}},"jetpack_sharing_enabled":true,"_links":{"self":[{"href":"https:\/\/schweizversand.ch\/it\/wp-json\/wp\/v2\/product\/256076","targetHints":{"allow":["GET"]}}],"collection":[{"href":"https:\/\/schweizversand.ch\/it\/wp-json\/wp\/v2\/product"}],"about":[{"href":"https:\/\/schweizversand.ch\/it\/wp-json\/wp\/v2\/types\/product"}],"replies":[{"embeddable":true,"href":"https:\/\/schweizversand.ch\/it\/wp-json\/wp\/v2\/comments?post=256076"}],"wp:featuredmedia":[{"embeddable":true,"href":"https:\/\/schweizversand.ch\/it\/wp-json\/wp\/v2\/media\/243524"}],"wp:attachment":[{"href":"https:\/\/schweizversand.ch\/it\/wp-json\/wp\/v2\/media?parent=256076"}],"wp:term":[{"taxonomy":"product_brand","embeddable":true,"href":"https:\/\/schweizversand.ch\/it\/wp-json\/wp\/v2\/product_brand?post=256076"},{"taxonomy":"product_cat","embeddable":true,"href":"https:\/\/schweizversand.ch\/it\/wp-json\/wp\/v2\/product_cat?post=256076"},{"taxonomy":"product_tag","embeddable":true,"href":"https:\/\/schweizversand.ch\/it\/wp-json\/wp\/v2\/product_tag?post=256076"}],"curies":[{"name":"wp","href":"https:\/\/api.w.org\/{rel}","templated":true}]}}