{"id":256093,"date":"2026-03-15T00:57:27","date_gmt":"2026-03-14T23:57:27","guid":{"rendered":"https:\/\/schweizversand.ch\/produkt\/hudora-flitzkids-2-0-skate-wonders-2\/"},"modified":"2026-04-07T15:37:05","modified_gmt":"2026-04-07T13:37:05","slug":"hudora-flitzkids-2-0-skate-wonders-2","status":"publish","type":"product","link":"https:\/\/schweizversand.ch\/it\/produkt\/hudora-flitzkids-2-0-skate-wonders-2\/","title":{"rendered":"Hudora Flitzkids 2.0 Skate Wonders"},"content":{"rendered":"<h1><strong>Monopattino per bambini HUDORA Flitzkids 2.0 Skate Wonders<\/strong><\/h1>\n<div>Cerchi l&#8217;introduzione perfetta al mondo della mobilit\u00e0 per il tuo bambino? Il monopattino per bambini HUDORA Flitzkids 2.0 Skate Wonders offre la massima sicurezza e un grande divertimento per i pi\u00f9 piccoli. Questo robusto monopattino per bambini \u00e8 ideale per promuovere equilibrio e coordinazione in modo giocoso.<\/p>\n<\/div>\n<div><strong>Sicurezza e stabilit\u00e0<\/strong><br \/>Il monopattino per bambini HUDORA Flitzkids 2.0 \u00e8 stato sviluppato appositamente per i pi\u00f9 piccoli. Il design a tre ruote (due anteriori e una posteriore) facilita la salita e la discesa e garantisce un&#8217;elevata stabilit\u00e0. La robusta pedana bicomponente offre ulteriore stabilit\u00e0, mentre lo sterzo di sicurezza regolabile rende la guida pi\u00f9 sicura. Comfort e caratteristiche: questo monopattino per bambini a 3 ruote colpisce per i suoi dettagli ben studiati. Il manubrio anodizzato \u00e8 rimovibile grazie a un meccanismo di bloccaggio a scatto, semplificando il trasporto e lo stoccaggio. Le impugnature di sicurezza e un freno a frizione in due parti garantiscono il massimo controllo. Il nastro antiscivolo sulla pedana garantisce una posizione sicura.<\/p>\n<\/div>\n<div><strong>Dettagli tecnici e caratteristiche<\/strong><br \/>&#8211; Max. Peso massimo utente: 50 kg<br \/>&#8211; Manubrio regolabile in altezza: 51 &#8211; 66 cm<br \/>&#8211; Dimensioni pedana: 29,5 cm x 11,5 cm<br \/>&#8211; Freno: Freno a frizione in due parti<br \/>&#8211; Ruote: 80 mm anteriori, 120 mm posteriori (PU)<br \/>&#8211; Cuscinetti a sfera: ABEC 5<br \/>&#8211; Peso: 2,125 kg<\/p>\n<\/div>\n<div><strong>Nota importante<\/strong><br \/>Si prega di notare che questo <strong>monopattino<\/strong> deve essere utilizzato solo con adeguati dispositivi di protezione da bambini di et\u00e0 pari o superiore a 2 anni e non \u00e8 omologato per l&#8217;uso su strada. Offri al tuo bambino un&#8217;esperienza di guida sicura e colorata con l&#8217;HUDORA Flitzkids 2.0.<\/p>\n","protected":false},"excerpt":{"rendered":"<p>Monopattino per bambini HUDORA Flitzkids 2.0 Skate Wonders Cerchi l&#8217;introduzione perfetta al mondo della mobilit\u00e0 per il tuo bambino? Il monopattino per bambini HUDORA Flitzkids 2.0 Skate Wonders offre la massima sicurezza e un grande divertimento per i pi\u00f9 piccoli. Questo robusto monopattino per bambini \u00e8 ideale per promuovere equilibrio e coordinazione in modo giocoso. Sicurezza e stabilit\u00e0Il monopattino per bambini HUDORA Flitzkids 2.0 \u00e8 stato sviluppato appositamente per i pi\u00f9 piccoli. Il design a&hellip;<\/p>\n","protected":false},"featured_media":257575,"comment_status":"open","ping_status":"closed","template":"","meta":[],"product_brand":[],"product_cat":[39061,38573],"product_tag":[],"class_list":{"0":"post-256093","1":"product","2":"type-product","3":"status-publish","4":"has-post-thumbnail","6":"product_cat-sport-sui-pattini-a-rotelle","7":"product_cat-kinderfahrzeuge","8":"product_shipping_class-global_methods","10":"first","11":"instock","12":"taxable","13":"shipping-taxable","14":"purchasable","15":"product-type-simple"},"yoast_head":"<!-- This site is optimized with the Yoast SEO plugin v27.3 - https:\/\/yoast.com\/product\/yoast-seo-wordpress\/ -->\n<title>Hudora Flitzkids 2.0 Skate Wonders | Jetzt kaufen | Schweizversand.ch<\/title>\n<meta name=\"description\" content=\"Hudora Flitzkids 2.0 Skate Wonders g\u00fcnstig kaufen bei Schweizversand.ch. Schnelle Lieferung in der Schweiz. Gratisversand ab CHF 50.\" \/>\n<meta name=\"robots\" content=\"index, follow, max-snippet:-1, max-image-preview:large, max-video-preview:-1\" \/>\n<link rel=\"canonical\" href=\"https:\/\/schweizversand.ch\/it\/produkt\/hudora-flitzkids-2-0-skate-wonders-2\/\" \/>\n<meta property=\"og:locale\" content=\"it_IT\" \/>\n<meta property=\"og:type\" content=\"article\" \/>\n<meta property=\"og:title\" content=\"Hudora Flitzkids 2.0 Skate Wonders | Jetzt kaufen | Schweizversand.ch\" \/>\n<meta property=\"og:description\" content=\"Hudora Flitzkids 2.0 Skate Wonders g\u00fcnstig kaufen bei Schweizversand.ch. Schnelle Lieferung in der Schweiz. Gratisversand ab CHF 50.\" \/>\n<meta property=\"og:url\" content=\"https:\/\/schweizversand.ch\/it\/produkt\/hudora-flitzkids-2-0-skate-wonders-2\/\" \/>\n<meta property=\"og:site_name\" content=\"Schweizer Shop f\u00fcr Sport, Spiel und Freizeit\" \/>\n<meta property=\"article:publisher\" content=\"https:\/\/www.facebook.com\/Schweizversand\" \/>\n<meta property=\"article:modified_time\" content=\"2026-04-07T13:37:05+00:00\" \/>\n<meta property=\"og:image\" content=\"https:\/\/schweizversand.ch\/wp-content\/uploads\/2026\/03\/5473309507-scaled.jpg\" \/>\n\t<meta property=\"og:image:width\" content=\"1707\" \/>\n\t<meta property=\"og:image:height\" content=\"2560\" \/>\n\t<meta property=\"og:image:type\" content=\"image\/jpeg\" \/>\n<meta name=\"twitter:card\" content=\"summary_large_image\" \/>\n<meta name=\"twitter:label1\" content=\"Tempo di lettura stimato\" \/>\n\t<meta name=\"twitter:data1\" content=\"1 minuto\" \/>\n<script type=\"application\/ld+json\" class=\"yoast-schema-graph\">{\"@context\":\"https:\\\/\\\/schema.org\",\"@graph\":[{\"@type\":\"WebPage\",\"@id\":\"https:\\\/\\\/schweizversand.ch\\\/it\\\/produkt\\\/hudora-flitzkids-2-0-skate-wonders-2\\\/\",\"url\":\"https:\\\/\\\/schweizversand.ch\\\/it\\\/produkt\\\/hudora-flitzkids-2-0-skate-wonders-2\\\/\",\"name\":\"Hudora Flitzkids 2.0 Skate Wonders | Jetzt kaufen | Schweizversand.ch\",\"isPartOf\":{\"@id\":\"https:\\\/\\\/schweizversand.ch\\\/it\\\/#website\"},\"primaryImageOfPage\":{\"@id\":\"https:\\\/\\\/schweizversand.ch\\\/it\\\/produkt\\\/hudora-flitzkids-2-0-skate-wonders-2\\\/#primaryimage\"},\"image\":{\"@id\":\"https:\\\/\\\/schweizversand.ch\\\/it\\\/produkt\\\/hudora-flitzkids-2-0-skate-wonders-2\\\/#primaryimage\"},\"thumbnailUrl\":\"https:\\\/\\\/schweizversand.ch\\\/wp-content\\\/uploads\\\/2026\\\/03\\\/5473309507-scaled.jpg\",\"datePublished\":\"2026-03-14T23:57:27+00:00\",\"dateModified\":\"2026-04-07T13:37:05+00:00\",\"description\":\"Hudora Flitzkids 2.0 Skate Wonders g\u00fcnstig kaufen bei Schweizversand.ch. Schnelle Lieferung in der Schweiz. Gratisversand ab CHF 50.\",\"breadcrumb\":{\"@id\":\"https:\\\/\\\/schweizversand.ch\\\/it\\\/produkt\\\/hudora-flitzkids-2-0-skate-wonders-2\\\/#breadcrumb\"},\"inLanguage\":\"it-IT\",\"potentialAction\":[{\"@type\":\"ReadAction\",\"target\":[\"https:\\\/\\\/schweizversand.ch\\\/it\\\/produkt\\\/hudora-flitzkids-2-0-skate-wonders-2\\\/\"]}]},{\"@type\":\"ImageObject\",\"inLanguage\":\"it-IT\",\"@id\":\"https:\\\/\\\/schweizversand.ch\\\/it\\\/produkt\\\/hudora-flitzkids-2-0-skate-wonders-2\\\/#primaryimage\",\"url\":\"https:\\\/\\\/schweizversand.ch\\\/wp-content\\\/uploads\\\/2026\\\/03\\\/5473309507-scaled.jpg\",\"contentUrl\":\"https:\\\/\\\/schweizversand.ch\\\/wp-content\\\/uploads\\\/2026\\\/03\\\/5473309507-scaled.jpg\",\"width\":1707,\"height\":2560},{\"@type\":\"BreadcrumbList\",\"@id\":\"https:\\\/\\\/schweizversand.ch\\\/it\\\/produkt\\\/hudora-flitzkids-2-0-skate-wonders-2\\\/#breadcrumb\",\"itemListElement\":[{\"@type\":\"ListItem\",\"position\":1,\"name\":\"Startseite\",\"item\":\"https:\\\/\\\/schweizversand.ch\\\/it\\\/\"},{\"@type\":\"ListItem\",\"position\":2,\"name\":\"Shop\",\"item\":\"https:\\\/\\\/schweizversand.ch\\\/it\\\/shop\\\/\"},{\"@type\":\"ListItem\",\"position\":3,\"name\":\"Hudora Flitzkids 2.0 Skate Wonders\"}]},{\"@type\":\"WebSite\",\"@id\":\"https:\\\/\\\/schweizversand.ch\\\/it\\\/#website\",\"url\":\"https:\\\/\\\/schweizversand.ch\\\/it\\\/\",\"name\":\"Schweizer Shop f\u00fcr Sport, Spiel und Freizeit\",\"description\":\"Gratisversand ab 50.- (netto), ab eigenem schweizer Lager, Lieferung innert 48h\",\"publisher\":{\"@id\":\"https:\\\/\\\/schweizversand.ch\\\/it\\\/#organization\"},\"alternateName\":\"Schweizversand.ch\",\"potentialAction\":[{\"@type\":\"SearchAction\",\"target\":{\"@type\":\"EntryPoint\",\"urlTemplate\":\"https:\\\/\\\/schweizversand.ch\\\/it\\\/?s={search_term_string}\"},\"query-input\":{\"@type\":\"PropertyValueSpecification\",\"valueRequired\":true,\"valueName\":\"search_term_string\"}}],\"inLanguage\":\"it-IT\"},{\"@type\":\"Organization\",\"@id\":\"https:\\\/\\\/schweizversand.ch\\\/it\\\/#organization\",\"name\":\"Schweizversand.ch\",\"url\":\"https:\\\/\\\/schweizversand.ch\\\/it\\\/\",\"logo\":{\"@type\":\"ImageObject\",\"inLanguage\":\"it-IT\",\"@id\":\"https:\\\/\\\/schweizversand.ch\\\/it\\\/#\\\/schema\\\/logo\\\/image\\\/\",\"url\":\"https:\\\/\\\/schweizversand.ch\\\/wp-content\\\/uploads\\\/2026\\\/03\\\/Logo_Rund_Final-1.png\",\"contentUrl\":\"https:\\\/\\\/schweizversand.ch\\\/wp-content\\\/uploads\\\/2026\\\/03\\\/Logo_Rund_Final-1.png\",\"width\":404,\"height\":404,\"caption\":\"Schweizversand.ch\"},\"image\":{\"@id\":\"https:\\\/\\\/schweizversand.ch\\\/it\\\/#\\\/schema\\\/logo\\\/image\\\/\"},\"sameAs\":[\"https:\\\/\\\/www.facebook.com\\\/Schweizversand\",\"https:\\\/\\\/www.instagram.com\\\/schweizversand.ch\\\/\"]}]}<\/script>\n<!-- \/ Yoast SEO plugin. -->","yoast_head_json":{"title":"Hudora Flitzkids 2.0 Skate Wonders | Jetzt kaufen | Schweizversand.ch","description":"Hudora Flitzkids 2.0 Skate Wonders g\u00fcnstig kaufen bei Schweizversand.ch. Schnelle Lieferung in der Schweiz. Gratisversand ab CHF 50.","robots":{"index":"index","follow":"follow","max-snippet":"max-snippet:-1","max-image-preview":"max-image-preview:large","max-video-preview":"max-video-preview:-1"},"canonical":"https:\/\/schweizversand.ch\/it\/produkt\/hudora-flitzkids-2-0-skate-wonders-2\/","og_locale":"it_IT","og_type":"article","og_title":"Hudora Flitzkids 2.0 Skate Wonders | Jetzt kaufen | Schweizversand.ch","og_description":"Hudora Flitzkids 2.0 Skate Wonders g\u00fcnstig kaufen bei Schweizversand.ch. Schnelle Lieferung in der Schweiz. Gratisversand ab CHF 50.","og_url":"https:\/\/schweizversand.ch\/it\/produkt\/hudora-flitzkids-2-0-skate-wonders-2\/","og_site_name":"Schweizer Shop f\u00fcr Sport, Spiel und Freizeit","article_publisher":"https:\/\/www.facebook.com\/Schweizversand","article_modified_time":"2026-04-07T13:37:05+00:00","og_image":[{"width":1707,"height":2560,"url":"https:\/\/schweizversand.ch\/wp-content\/uploads\/2026\/03\/5473309507-scaled.jpg","type":"image\/jpeg"}],"twitter_card":"summary_large_image","twitter_misc":{"Tempo di lettura stimato":"1 minuto"},"schema":{"@context":"https:\/\/schema.org","@graph":[{"@type":"WebPage","@id":"https:\/\/schweizversand.ch\/it\/produkt\/hudora-flitzkids-2-0-skate-wonders-2\/","url":"https:\/\/schweizversand.ch\/it\/produkt\/hudora-flitzkids-2-0-skate-wonders-2\/","name":"Hudora Flitzkids 2.0 Skate Wonders | Jetzt kaufen | Schweizversand.ch","isPartOf":{"@id":"https:\/\/schweizversand.ch\/it\/#website"},"primaryImageOfPage":{"@id":"https:\/\/schweizversand.ch\/it\/produkt\/hudora-flitzkids-2-0-skate-wonders-2\/#primaryimage"},"image":{"@id":"https:\/\/schweizversand.ch\/it\/produkt\/hudora-flitzkids-2-0-skate-wonders-2\/#primaryimage"},"thumbnailUrl":"https:\/\/schweizversand.ch\/wp-content\/uploads\/2026\/03\/5473309507-scaled.jpg","datePublished":"2026-03-14T23:57:27+00:00","dateModified":"2026-04-07T13:37:05+00:00","description":"Hudora Flitzkids 2.0 Skate Wonders g\u00fcnstig kaufen bei Schweizversand.ch. Schnelle Lieferung in der Schweiz. Gratisversand ab CHF 50.","breadcrumb":{"@id":"https:\/\/schweizversand.ch\/it\/produkt\/hudora-flitzkids-2-0-skate-wonders-2\/#breadcrumb"},"inLanguage":"it-IT","potentialAction":[{"@type":"ReadAction","target":["https:\/\/schweizversand.ch\/it\/produkt\/hudora-flitzkids-2-0-skate-wonders-2\/"]}]},{"@type":"ImageObject","inLanguage":"it-IT","@id":"https:\/\/schweizversand.ch\/it\/produkt\/hudora-flitzkids-2-0-skate-wonders-2\/#primaryimage","url":"https:\/\/schweizversand.ch\/wp-content\/uploads\/2026\/03\/5473309507-scaled.jpg","contentUrl":"https:\/\/schweizversand.ch\/wp-content\/uploads\/2026\/03\/5473309507-scaled.jpg","width":1707,"height":2560},{"@type":"BreadcrumbList","@id":"https:\/\/schweizversand.ch\/it\/produkt\/hudora-flitzkids-2-0-skate-wonders-2\/#breadcrumb","itemListElement":[{"@type":"ListItem","position":1,"name":"Startseite","item":"https:\/\/schweizversand.ch\/it\/"},{"@type":"ListItem","position":2,"name":"Shop","item":"https:\/\/schweizversand.ch\/it\/shop\/"},{"@type":"ListItem","position":3,"name":"Hudora Flitzkids 2.0 Skate Wonders"}]},{"@type":"WebSite","@id":"https:\/\/schweizversand.ch\/it\/#website","url":"https:\/\/schweizversand.ch\/it\/","name":"Schweizer Shop f\u00fcr Sport, Spiel und Freizeit","description":"Gratisversand ab 50.- (netto), ab eigenem schweizer Lager, Lieferung innert 48h","publisher":{"@id":"https:\/\/schweizversand.ch\/it\/#organization"},"alternateName":"Schweizversand.ch","potentialAction":[{"@type":"SearchAction","target":{"@type":"EntryPoint","urlTemplate":"https:\/\/schweizversand.ch\/it\/?s={search_term_string}"},"query-input":{"@type":"PropertyValueSpecification","valueRequired":true,"valueName":"search_term_string"}}],"inLanguage":"it-IT"},{"@type":"Organization","@id":"https:\/\/schweizversand.ch\/it\/#organization","name":"Schweizversand.ch","url":"https:\/\/schweizversand.ch\/it\/","logo":{"@type":"ImageObject","inLanguage":"it-IT","@id":"https:\/\/schweizversand.ch\/it\/#\/schema\/logo\/image\/","url":"https:\/\/schweizversand.ch\/wp-content\/uploads\/2026\/03\/Logo_Rund_Final-1.png","contentUrl":"https:\/\/schweizversand.ch\/wp-content\/uploads\/2026\/03\/Logo_Rund_Final-1.png","width":404,"height":404,"caption":"Schweizversand.ch"},"image":{"@id":"https:\/\/schweizversand.ch\/it\/#\/schema\/logo\/image\/"},"sameAs":["https:\/\/www.facebook.com\/Schweizversand","https:\/\/www.instagram.com\/schweizversand.ch\/"]}]}},"jetpack_sharing_enabled":true,"_links":{"self":[{"href":"https:\/\/schweizversand.ch\/it\/wp-json\/wp\/v2\/product\/256093","targetHints":{"allow":["GET"]}}],"collection":[{"href":"https:\/\/schweizversand.ch\/it\/wp-json\/wp\/v2\/product"}],"about":[{"href":"https:\/\/schweizversand.ch\/it\/wp-json\/wp\/v2\/types\/product"}],"replies":[{"embeddable":true,"href":"https:\/\/schweizversand.ch\/it\/wp-json\/wp\/v2\/comments?post=256093"}],"wp:featuredmedia":[{"embeddable":true,"href":"https:\/\/schweizversand.ch\/it\/wp-json\/wp\/v2\/media\/257575"}],"wp:attachment":[{"href":"https:\/\/schweizversand.ch\/it\/wp-json\/wp\/v2\/media?parent=256093"}],"wp:term":[{"taxonomy":"product_brand","embeddable":true,"href":"https:\/\/schweizversand.ch\/it\/wp-json\/wp\/v2\/product_brand?post=256093"},{"taxonomy":"product_cat","embeddable":true,"href":"https:\/\/schweizversand.ch\/it\/wp-json\/wp\/v2\/product_cat?post=256093"},{"taxonomy":"product_tag","embeddable":true,"href":"https:\/\/schweizversand.ch\/it\/wp-json\/wp\/v2\/product_tag?post=256093"}],"curies":[{"name":"wp","href":"https:\/\/api.w.org\/{rel}","templated":true}]}}