{"id":256099,"date":"2026-03-15T00:57:29","date_gmt":"2026-03-14T23:57:29","guid":{"rendered":"https:\/\/schweizversand.ch\/produkt\/mattel-mini-barbieland-puppenhaus-sets\/"},"modified":"2026-04-20T02:06:18","modified_gmt":"2026-04-20T00:06:18","slug":"mattel-mini-barbieland-puppenhaus-sets","status":"publish","type":"product","link":"https:\/\/schweizversand.ch\/it\/produkt\/mattel-mini-barbieland-puppenhaus-sets\/","title":{"rendered":"Mattel Mini BarbieLand Dollhouse Sets"},"content":{"rendered":"<h1><strong>Set Casa delle Bambole Mini BarbieLand &#8211; La Casa dei Sogni in Miniatura<\/strong><\/h1>\n<div>Benvenuti a <strong>Mini BarbieLand<\/strong>, dove l&#8217;immaginazione non conosce limiti e la leggendaria Casa dei Sogni prende vita in un incantevole formato in miniatura. Questo esclusivo <strong>set casa delle bambole in miniatura<\/strong> offre ore di divertimento ed \u00e8 un must per tutti i fan e i collezionisti di Barbie.<\/p>\n<\/div>\n<div><strong>Il Concetto: Grande Divertimento in Miniatura<\/strong><br \/>Immergiti nel mondo di <strong>Mini Barbie La Casa dei Sogni<\/strong>. Ogni playset \u00e8 una replica dettagliata dell&#8217;iconica Casa dei Sogni di Barbie, perfettamente in scala per la <strong>Barbie Mini Doll<\/strong> alta circa 4 cm. Scopri le numerose funzionalit\u00e0 nascoste e vivi avventure ancora pi\u00f9 emozionanti in miniatura.<\/p>\n<\/div>\n<div><strong>Contenuto e Sorprese<\/strong><br \/>Ogni set contiene un&#8217;entusiasmante scatola piena di sorprese che consentono di iniziare subito a giocare. Non riceverai solo la mini Casa dei Sogni, ma anche personaggi esclusivi da collezione di Barbie disponibili solo in questi set. Contenuto del set Mini BarbieLand: &#8211; Una mini Casa dei Sogni (replica dell&#8217;iconica villa di Barbie) &#8211; Una mini bambola Barbie alta circa 4 cm &#8211; Un animale domestico abbinato alla bambola &#8211; Un accessorio per animale domestico specifico per la villa &#8211; Mobili e accessori aggiuntivi. Caratteristiche della lussuosa mini villa: Nonostante le sue piccole dimensioni, la miniatura Casa dei Sogni di Barbie \u00e8 dotata di tutti i comfort che conosci dalla versione a grandezza naturale. Questi dettagli rendono l&#8217;esperienza di gioco particolarmente realistica e accattivante.<\/p>\n<\/div>\n<div><strong>Caratteristiche speciali<\/strong><br \/>&#8211; Un ascensore funzionante per cambiare livello<br \/>&#8211; Un emozionante scivolo per il tuo animale domestico o la tua bambola<br \/>&#8211; Un&#8217;area piscina integrata per il divertimento estivo<br \/>&#8211; La bambola pu\u00f2 essere piegata in vita per farla sedere<\/p>\n<\/div>\n<div><strong>Gioco interattivo e visualizzazione<\/strong><br \/>La bambola <strong>Mini BarbieLand<\/strong> \u00e8 fissata a una base a forma di cuore. Questa base facilita il posizionamento della bambola in diverse aree della villa, facilitando il gioco e l&#8217;esposizione. Colleziona tutti i set per creare il tuo vasto mondo in miniatura e arricchire le tue avventure.<\/p>\n<\/div>\n<div><strong>Per collezionisti e piccoli architetti<\/strong><br \/>Questa <strong>mini casa delle bambole<\/strong> \u00e8 perfetta per bambini dai 4 anni in su che vogliono liberare la propria creativit\u00e0, cos\u00ec come per adulti che desiderano ampliare la propria collezione con esclusive <strong>figure collezionabili di Barbie<\/strong>. Scopri come <strong>Mini BarbieLand<\/strong> d\u00e0 vita ai tuoi sogni in miniatura.<\/p>\n<\/div>\n<div>Acquista subito il tuo set per casa delle bambole <strong>Mini BarbieLand<\/strong> e parti per una grande avventura con la tua piccola mini bambola Barbie.<\/p>\n<\/div>\n<div><\/div>\n","protected":false},"excerpt":{"rendered":"<p>Set Casa delle Bambole Mini BarbieLand &#8211; La Casa dei Sogni in Miniatura Benvenuti a Mini BarbieLand, dove l&#8217;immaginazione non conosce limiti e la leggendaria Casa dei Sogni prende vita in un incantevole formato in miniatura. Questo esclusivo set casa delle bambole in miniatura offre ore di divertimento ed \u00e8 un must per tutti i fan e i collezionisti di Barbie. Il Concetto: Grande Divertimento in MiniaturaImmergiti nel mondo di Mini Barbie La Casa dei&hellip;<\/p>\n","protected":false},"featured_media":166079,"comment_status":"open","ping_status":"closed","template":"","meta":[],"product_brand":[],"product_cat":[38929],"product_tag":[],"class_list":{"0":"post-256099","1":"product","2":"type-product","3":"status-publish","4":"has-post-thumbnail","6":"product_cat-puppenzubehoer","7":"product_shipping_class-global_methods","9":"first","10":"instock","11":"taxable","12":"shipping-taxable","13":"purchasable","14":"product-type-simple"},"yoast_head":"<!-- This site is optimized with the Yoast SEO plugin v27.4 - https:\/\/yoast.com\/product\/yoast-seo-wordpress\/ -->\n<title>Mattel Mini BarbieLand Puppenhaus-Sets | Jetzt kaufen | Schweizversand.ch<\/title>\n<meta name=\"description\" content=\"Mattel Mini BarbieLand Puppenhaus-Sets g\u00fcnstig kaufen bei Schweizversand.ch. Schnelle Lieferung in der Schweiz. Gratisversand ab CHF 50.\" \/>\n<meta name=\"robots\" content=\"index, follow, max-snippet:-1, max-image-preview:large, max-video-preview:-1\" \/>\n<link rel=\"canonical\" href=\"https:\/\/schweizversand.ch\/it\/produkt\/mattel-mini-barbieland-puppenhaus-sets\/\" \/>\n<meta property=\"og:locale\" content=\"it_IT\" \/>\n<meta property=\"og:type\" content=\"article\" \/>\n<meta property=\"og:title\" content=\"Mattel Mini BarbieLand Puppenhaus-Sets | Jetzt kaufen | Schweizversand.ch\" \/>\n<meta property=\"og:description\" content=\"Mattel Mini BarbieLand Puppenhaus-Sets g\u00fcnstig kaufen bei Schweizversand.ch. Schnelle Lieferung in der Schweiz. Gratisversand ab CHF 50.\" \/>\n<meta property=\"og:url\" content=\"https:\/\/schweizversand.ch\/it\/produkt\/mattel-mini-barbieland-puppenhaus-sets\/\" \/>\n<meta property=\"og:site_name\" content=\"Schweizer Shop f\u00fcr Sport, Spiel und Freizeit\" \/>\n<meta property=\"article:publisher\" content=\"https:\/\/www.facebook.com\/Schweizversand\" \/>\n<meta property=\"article:modified_time\" content=\"2026-04-20T00:06:18+00:00\" \/>\n<meta property=\"og:image\" content=\"https:\/\/schweizversand.ch\/wp-content\/uploads\/2026\/02\/5472098403.jpg\" \/>\n\t<meta property=\"og:image:width\" content=\"1024\" \/>\n\t<meta property=\"og:image:height\" content=\"675\" \/>\n\t<meta property=\"og:image:type\" content=\"image\/jpeg\" \/>\n<meta name=\"twitter:card\" content=\"summary_large_image\" \/>\n<meta name=\"twitter:label1\" content=\"Tempo di lettura stimato\" \/>\n\t<meta name=\"twitter:data1\" content=\"2 minuto\" \/>\n<script type=\"application\/ld+json\" class=\"yoast-schema-graph\">{\"@context\":\"https:\\\/\\\/schema.org\",\"@graph\":[{\"@type\":\"WebPage\",\"@id\":\"https:\\\/\\\/schweizversand.ch\\\/it\\\/produkt\\\/mattel-mini-barbieland-puppenhaus-sets\\\/\",\"url\":\"https:\\\/\\\/schweizversand.ch\\\/it\\\/produkt\\\/mattel-mini-barbieland-puppenhaus-sets\\\/\",\"name\":\"Mattel Mini BarbieLand Puppenhaus-Sets | Jetzt kaufen | Schweizversand.ch\",\"isPartOf\":{\"@id\":\"https:\\\/\\\/schweizversand.ch\\\/it\\\/#website\"},\"primaryImageOfPage\":{\"@id\":\"https:\\\/\\\/schweizversand.ch\\\/it\\\/produkt\\\/mattel-mini-barbieland-puppenhaus-sets\\\/#primaryimage\"},\"image\":{\"@id\":\"https:\\\/\\\/schweizversand.ch\\\/it\\\/produkt\\\/mattel-mini-barbieland-puppenhaus-sets\\\/#primaryimage\"},\"thumbnailUrl\":\"https:\\\/\\\/schweizversand.ch\\\/wp-content\\\/uploads\\\/2026\\\/02\\\/5472098403.jpg\",\"datePublished\":\"2026-03-14T23:57:29+00:00\",\"dateModified\":\"2026-04-20T00:06:18+00:00\",\"description\":\"Mattel Mini BarbieLand Puppenhaus-Sets g\u00fcnstig kaufen bei Schweizversand.ch. Schnelle Lieferung in der Schweiz. Gratisversand ab CHF 50.\",\"breadcrumb\":{\"@id\":\"https:\\\/\\\/schweizversand.ch\\\/it\\\/produkt\\\/mattel-mini-barbieland-puppenhaus-sets\\\/#breadcrumb\"},\"inLanguage\":\"it-IT\",\"potentialAction\":[{\"@type\":\"ReadAction\",\"target\":[\"https:\\\/\\\/schweizversand.ch\\\/it\\\/produkt\\\/mattel-mini-barbieland-puppenhaus-sets\\\/\"]}]},{\"@type\":\"ImageObject\",\"inLanguage\":\"it-IT\",\"@id\":\"https:\\\/\\\/schweizversand.ch\\\/it\\\/produkt\\\/mattel-mini-barbieland-puppenhaus-sets\\\/#primaryimage\",\"url\":\"https:\\\/\\\/schweizversand.ch\\\/wp-content\\\/uploads\\\/2026\\\/02\\\/5472098403.jpg\",\"contentUrl\":\"https:\\\/\\\/schweizversand.ch\\\/wp-content\\\/uploads\\\/2026\\\/02\\\/5472098403.jpg\",\"width\":1024,\"height\":675},{\"@type\":\"BreadcrumbList\",\"@id\":\"https:\\\/\\\/schweizversand.ch\\\/it\\\/produkt\\\/mattel-mini-barbieland-puppenhaus-sets\\\/#breadcrumb\",\"itemListElement\":[{\"@type\":\"ListItem\",\"position\":1,\"name\":\"Startseite\",\"item\":\"https:\\\/\\\/schweizversand.ch\\\/it\\\/home\\\/\"},{\"@type\":\"ListItem\",\"position\":2,\"name\":\"Shop\",\"item\":\"https:\\\/\\\/schweizversand.ch\\\/it\\\/shop\\\/\"},{\"@type\":\"ListItem\",\"position\":3,\"name\":\"Accessori per bambole\",\"item\":\"https:\\\/\\\/schweizversand.ch\\\/en\\\/produkt-kategorie\\\/puppenzubehoer\\\/\"},{\"@type\":\"ListItem\",\"position\":4,\"name\":\"Mattel Mini BarbieLand Dollhouse Sets\"}]},{\"@type\":\"WebSite\",\"@id\":\"https:\\\/\\\/schweizversand.ch\\\/it\\\/#website\",\"url\":\"https:\\\/\\\/schweizversand.ch\\\/it\\\/\",\"name\":\"Schweizer Shop f\u00fcr Sport, Spiel und Freizeit\",\"description\":\"Gratisversand ab 50.- (netto), ab eigenem schweizer Lager, Lieferung innert 48h\",\"publisher\":{\"@id\":\"https:\\\/\\\/schweizversand.ch\\\/it\\\/#organization\"},\"alternateName\":\"Schweizversand.ch\",\"potentialAction\":[{\"@type\":\"SearchAction\",\"target\":{\"@type\":\"EntryPoint\",\"urlTemplate\":\"https:\\\/\\\/schweizversand.ch\\\/it\\\/?s={search_term_string}\"},\"query-input\":{\"@type\":\"PropertyValueSpecification\",\"valueRequired\":true,\"valueName\":\"search_term_string\"}}],\"inLanguage\":\"it-IT\"},{\"@type\":\"Organization\",\"@id\":\"https:\\\/\\\/schweizversand.ch\\\/it\\\/#organization\",\"name\":\"Schweizversand.ch\",\"url\":\"https:\\\/\\\/schweizversand.ch\\\/it\\\/\",\"logo\":{\"@type\":\"ImageObject\",\"inLanguage\":\"it-IT\",\"@id\":\"https:\\\/\\\/schweizversand.ch\\\/it\\\/#\\\/schema\\\/logo\\\/image\\\/\",\"url\":\"https:\\\/\\\/schweizversand.ch\\\/wp-content\\\/uploads\\\/2026\\\/03\\\/Logo_Rund_Final-1.png\",\"contentUrl\":\"https:\\\/\\\/schweizversand.ch\\\/wp-content\\\/uploads\\\/2026\\\/03\\\/Logo_Rund_Final-1.png\",\"width\":404,\"height\":404,\"caption\":\"Schweizversand.ch\"},\"image\":{\"@id\":\"https:\\\/\\\/schweizversand.ch\\\/it\\\/#\\\/schema\\\/logo\\\/image\\\/\"},\"sameAs\":[\"https:\\\/\\\/www.facebook.com\\\/Schweizversand\",\"https:\\\/\\\/www.instagram.com\\\/schweizversand.ch\\\/\"]}]}<\/script>\n<!-- \/ Yoast SEO plugin. -->","yoast_head_json":{"title":"Mattel Mini BarbieLand Puppenhaus-Sets | Jetzt kaufen | Schweizversand.ch","description":"Mattel Mini BarbieLand Puppenhaus-Sets g\u00fcnstig kaufen bei Schweizversand.ch. Schnelle Lieferung in der Schweiz. Gratisversand ab CHF 50.","robots":{"index":"index","follow":"follow","max-snippet":"max-snippet:-1","max-image-preview":"max-image-preview:large","max-video-preview":"max-video-preview:-1"},"canonical":"https:\/\/schweizversand.ch\/it\/produkt\/mattel-mini-barbieland-puppenhaus-sets\/","og_locale":"it_IT","og_type":"article","og_title":"Mattel Mini BarbieLand Puppenhaus-Sets | Jetzt kaufen | Schweizversand.ch","og_description":"Mattel Mini BarbieLand Puppenhaus-Sets g\u00fcnstig kaufen bei Schweizversand.ch. Schnelle Lieferung in der Schweiz. Gratisversand ab CHF 50.","og_url":"https:\/\/schweizversand.ch\/it\/produkt\/mattel-mini-barbieland-puppenhaus-sets\/","og_site_name":"Schweizer Shop f\u00fcr Sport, Spiel und Freizeit","article_publisher":"https:\/\/www.facebook.com\/Schweizversand","article_modified_time":"2026-04-20T00:06:18+00:00","og_image":[{"width":1024,"height":675,"url":"https:\/\/schweizversand.ch\/wp-content\/uploads\/2026\/02\/5472098403.jpg","type":"image\/jpeg"}],"twitter_card":"summary_large_image","twitter_misc":{"Tempo di lettura stimato":"2 minuto"},"schema":{"@context":"https:\/\/schema.org","@graph":[{"@type":"WebPage","@id":"https:\/\/schweizversand.ch\/it\/produkt\/mattel-mini-barbieland-puppenhaus-sets\/","url":"https:\/\/schweizversand.ch\/it\/produkt\/mattel-mini-barbieland-puppenhaus-sets\/","name":"Mattel Mini BarbieLand Puppenhaus-Sets | Jetzt kaufen | Schweizversand.ch","isPartOf":{"@id":"https:\/\/schweizversand.ch\/it\/#website"},"primaryImageOfPage":{"@id":"https:\/\/schweizversand.ch\/it\/produkt\/mattel-mini-barbieland-puppenhaus-sets\/#primaryimage"},"image":{"@id":"https:\/\/schweizversand.ch\/it\/produkt\/mattel-mini-barbieland-puppenhaus-sets\/#primaryimage"},"thumbnailUrl":"https:\/\/schweizversand.ch\/wp-content\/uploads\/2026\/02\/5472098403.jpg","datePublished":"2026-03-14T23:57:29+00:00","dateModified":"2026-04-20T00:06:18+00:00","description":"Mattel Mini BarbieLand Puppenhaus-Sets g\u00fcnstig kaufen bei Schweizversand.ch. Schnelle Lieferung in der Schweiz. Gratisversand ab CHF 50.","breadcrumb":{"@id":"https:\/\/schweizversand.ch\/it\/produkt\/mattel-mini-barbieland-puppenhaus-sets\/#breadcrumb"},"inLanguage":"it-IT","potentialAction":[{"@type":"ReadAction","target":["https:\/\/schweizversand.ch\/it\/produkt\/mattel-mini-barbieland-puppenhaus-sets\/"]}]},{"@type":"ImageObject","inLanguage":"it-IT","@id":"https:\/\/schweizversand.ch\/it\/produkt\/mattel-mini-barbieland-puppenhaus-sets\/#primaryimage","url":"https:\/\/schweizversand.ch\/wp-content\/uploads\/2026\/02\/5472098403.jpg","contentUrl":"https:\/\/schweizversand.ch\/wp-content\/uploads\/2026\/02\/5472098403.jpg","width":1024,"height":675},{"@type":"BreadcrumbList","@id":"https:\/\/schweizversand.ch\/it\/produkt\/mattel-mini-barbieland-puppenhaus-sets\/#breadcrumb","itemListElement":[{"@type":"ListItem","position":1,"name":"Startseite","item":"https:\/\/schweizversand.ch\/it\/home\/"},{"@type":"ListItem","position":2,"name":"Shop","item":"https:\/\/schweizversand.ch\/it\/shop\/"},{"@type":"ListItem","position":3,"name":"Accessori per bambole","item":"https:\/\/schweizversand.ch\/en\/produkt-kategorie\/puppenzubehoer\/"},{"@type":"ListItem","position":4,"name":"Mattel Mini BarbieLand Dollhouse Sets"}]},{"@type":"WebSite","@id":"https:\/\/schweizversand.ch\/it\/#website","url":"https:\/\/schweizversand.ch\/it\/","name":"Schweizer Shop f\u00fcr Sport, Spiel und Freizeit","description":"Gratisversand ab 50.- (netto), ab eigenem schweizer Lager, Lieferung innert 48h","publisher":{"@id":"https:\/\/schweizversand.ch\/it\/#organization"},"alternateName":"Schweizversand.ch","potentialAction":[{"@type":"SearchAction","target":{"@type":"EntryPoint","urlTemplate":"https:\/\/schweizversand.ch\/it\/?s={search_term_string}"},"query-input":{"@type":"PropertyValueSpecification","valueRequired":true,"valueName":"search_term_string"}}],"inLanguage":"it-IT"},{"@type":"Organization","@id":"https:\/\/schweizversand.ch\/it\/#organization","name":"Schweizversand.ch","url":"https:\/\/schweizversand.ch\/it\/","logo":{"@type":"ImageObject","inLanguage":"it-IT","@id":"https:\/\/schweizversand.ch\/it\/#\/schema\/logo\/image\/","url":"https:\/\/schweizversand.ch\/wp-content\/uploads\/2026\/03\/Logo_Rund_Final-1.png","contentUrl":"https:\/\/schweizversand.ch\/wp-content\/uploads\/2026\/03\/Logo_Rund_Final-1.png","width":404,"height":404,"caption":"Schweizversand.ch"},"image":{"@id":"https:\/\/schweizversand.ch\/it\/#\/schema\/logo\/image\/"},"sameAs":["https:\/\/www.facebook.com\/Schweizversand","https:\/\/www.instagram.com\/schweizversand.ch\/"]}]}},"jetpack_sharing_enabled":true,"_links":{"self":[{"href":"https:\/\/schweizversand.ch\/it\/wp-json\/wp\/v2\/product\/256099","targetHints":{"allow":["GET"]}}],"collection":[{"href":"https:\/\/schweizversand.ch\/it\/wp-json\/wp\/v2\/product"}],"about":[{"href":"https:\/\/schweizversand.ch\/it\/wp-json\/wp\/v2\/types\/product"}],"replies":[{"embeddable":true,"href":"https:\/\/schweizversand.ch\/it\/wp-json\/wp\/v2\/comments?post=256099"}],"wp:featuredmedia":[{"embeddable":true,"href":"https:\/\/schweizversand.ch\/it\/wp-json\/wp\/v2\/media\/166079"}],"wp:attachment":[{"href":"https:\/\/schweizversand.ch\/it\/wp-json\/wp\/v2\/media?parent=256099"}],"wp:term":[{"taxonomy":"product_brand","embeddable":true,"href":"https:\/\/schweizversand.ch\/it\/wp-json\/wp\/v2\/product_brand?post=256099"},{"taxonomy":"product_cat","embeddable":true,"href":"https:\/\/schweizversand.ch\/it\/wp-json\/wp\/v2\/product_cat?post=256099"},{"taxonomy":"product_tag","embeddable":true,"href":"https:\/\/schweizversand.ch\/it\/wp-json\/wp\/v2\/product_tag?post=256099"}],"curies":[{"name":"wp","href":"https:\/\/api.w.org\/{rel}","templated":true}]}}