{"id":256106,"date":"2026-03-15T00:57:30","date_gmt":"2026-03-14T23:57:30","guid":{"rendered":"https:\/\/schweizversand.ch\/produkt\/mattel-mini-barbieland-spielset-traumboot\/"},"modified":"2026-04-20T02:06:18","modified_gmt":"2026-04-20T00:06:18","slug":"mattel-mini-barbieland-spielset-traumboot","status":"publish","type":"product","link":"https:\/\/schweizversand.ch\/it\/produkt\/mattel-mini-barbieland-spielset-traumboot\/","title":{"rendered":"Mattel Mini BarbieLand Playset: Barca dei sogni"},"content":{"rendered":"<h1><strong>Mini BarbieLand Playset: Barca dei Sogni con Sorpresa Cambia Colore<\/strong><\/h1>\n<div>Immergiti nell&#8217;incantevole mondo di <strong>Mini BarbieLand<\/strong>! Questo playset unico porta la magia della Casa dei Sogni di Barbie in dimensioni compatte, offrendo ore di divertimento. Scopri l&#8217;iconica Barca dei Sogni in miniatura, completa di una bambola da 3,8 cm e uno straordinario effetto cambia colore.<\/p>\n<\/div>\n<div><strong>L&#8217;esperienza in miniatura definitiva<\/strong><br \/>Con questo set, entrerai in un mondo in cui i grandi sogni diventano realt\u00e0 in miniatura. La Barca dei Sogni di <strong>Mini BarbieLand<\/strong> \u00e8 una replica dettagliata che ispira i bambini a sviluppare scenari di gioco di ruolo creativi. \u00c8 il set perfetto per una piccola casa delle bambole da giocare in viaggio o come aggiunta alla tua collezione di personaggi Barbie da collezione. Magico effetto cambia colore: il fattore &#8220;wow&#8221; centrale di questo playset \u00e8 il cambio colore dinamico. Guarda come la barca si trasforma magicamente semplicemente cambiando la temperatura. Usa acqua ghiacciata per cambiare il colore della barca e acqua calda per riportarla alla sua tonalit\u00e0 originale. Questo effetto interattivo aggiunge ulteriore sorpresa e profondit\u00e0 al gioco. Ampia gamma di accessori per il gioco di ruolo: il set include tutto ci\u00f2 di cui la tua mini bambola Barbie ha bisogno per una crociera di lusso. Gli accessori sono progettati per stimolare l&#8217;immaginazione e consentire una variet\u00e0 di scenari. Attacca lo scivolo e la piscina a forma di cuore inclusi alla cima della mini barca dei sogni per massimizzare il divertimento.<\/p>\n<\/div>\n<div><strong>Dettagli della mini bambola Barbie<\/strong><br \/>La bambola da 3,8 cm inclusa \u00e8 snodabile e pu\u00f2 essere posizionata in vari modi. Pu\u00f2 sedersi sul sedile del capitano o salire sul ponte per un&#8217;indimenticabile mini gita in barca a vela a BarbieLand. La mini bambola Barbie \u00e8 dotata anche di una base a forma di cuore che pu\u00f2 essere inserita in altri playset Mini BarbieLand per un&#8217;esposizione stabile (set venduti separatamente). Caratteristiche e contenuto del prodotto: &#8211; Include una Barbie Mini Doll (1,5 pollici) con base a forma di cuore &#8211; Replica dell&#8217;iconica Barca dei Sogni di Barbie &#8211; Effetto interattivo che cambia colore con acqua calda e fredda &#8211; Include accessori come uno scivolo rimovibile e una piscina a forma di cuore &#8211; Ideale come mini casa delle bambole giocattolo e per collezionisti &#8211; Incoraggia la narrazione creativa e il gioco di ruolo. Espandi il tuo universo Mini BarbieLand collezionando tutte le bambole, i veicoli e i set disponibili. Scopri la miniatura della Casa dei Sogni di Barbie e altri mondi di gioco che aprono infinite possibilit\u00e0. Assicurati subito questo esclusivo set Barca dei Sogni e che le avventure abbiano inizio!<\/p>\n","protected":false},"excerpt":{"rendered":"<p>Mini BarbieLand Playset: Barca dei Sogni con Sorpresa Cambia Colore Immergiti nell&#8217;incantevole mondo di Mini BarbieLand! Questo playset unico porta la magia della Casa dei Sogni di Barbie in dimensioni compatte, offrendo ore di divertimento. Scopri l&#8217;iconica Barca dei Sogni in miniatura, completa di una bambola da 3,8 cm e uno straordinario effetto cambia colore. L&#8217;esperienza in miniatura definitivaCon questo set, entrerai in un mondo in cui i grandi sogni diventano realt\u00e0 in miniatura. La&hellip;<\/p>\n","protected":false},"featured_media":166119,"comment_status":"open","ping_status":"closed","template":"","meta":[],"product_brand":[],"product_cat":[38929],"product_tag":[],"class_list":{"0":"post-256106","1":"product","2":"type-product","3":"status-publish","4":"has-post-thumbnail","6":"product_cat-puppenzubehoer","7":"product_shipping_class-global_methods","9":"first","10":"instock","11":"taxable","12":"shipping-taxable","13":"purchasable","14":"product-type-simple"},"yoast_head":"<!-- This site is optimized with the Yoast SEO plugin v27.4 - https:\/\/yoast.com\/product\/yoast-seo-wordpress\/ -->\n<title>Mattel Mini BarbieLand Spielset: Traumboot | Jetzt kaufen | Schweizversand.ch<\/title>\n<meta name=\"description\" content=\"Mattel Mini BarbieLand Spielset: Traumboot g\u00fcnstig kaufen bei Schweizversand.ch. Schnelle Lieferung in der Schweiz. Gratisversand ab CHF 50.\" \/>\n<meta name=\"robots\" content=\"index, follow, max-snippet:-1, max-image-preview:large, max-video-preview:-1\" \/>\n<link rel=\"canonical\" href=\"https:\/\/schweizversand.ch\/it\/produkt\/mattel-mini-barbieland-spielset-traumboot\/\" \/>\n<meta property=\"og:locale\" content=\"it_IT\" \/>\n<meta property=\"og:type\" content=\"article\" \/>\n<meta property=\"og:title\" content=\"Mattel Mini BarbieLand Spielset: Traumboot | Jetzt kaufen | Schweizversand.ch\" \/>\n<meta property=\"og:description\" content=\"Mattel Mini BarbieLand Spielset: Traumboot g\u00fcnstig kaufen bei Schweizversand.ch. Schnelle Lieferung in der Schweiz. Gratisversand ab CHF 50.\" \/>\n<meta property=\"og:url\" content=\"https:\/\/schweizversand.ch\/it\/produkt\/mattel-mini-barbieland-spielset-traumboot\/\" \/>\n<meta property=\"og:site_name\" content=\"Schweizer Shop f\u00fcr Sport, Spiel und Freizeit\" \/>\n<meta property=\"article:publisher\" content=\"https:\/\/www.facebook.com\/Schweizversand\" \/>\n<meta property=\"article:modified_time\" content=\"2026-04-20T00:06:18+00:00\" \/>\n<meta property=\"og:image\" content=\"https:\/\/schweizversand.ch\/wp-content\/uploads\/2026\/02\/5472098582.jpg\" \/>\n\t<meta property=\"og:image:width\" content=\"1024\" \/>\n\t<meta property=\"og:image:height\" content=\"1024\" \/>\n\t<meta property=\"og:image:type\" content=\"image\/jpeg\" \/>\n<meta name=\"twitter:card\" content=\"summary_large_image\" \/>\n<meta name=\"twitter:label1\" content=\"Tempo di lettura stimato\" \/>\n\t<meta name=\"twitter:data1\" content=\"2 minuto\" \/>\n<script type=\"application\/ld+json\" class=\"yoast-schema-graph\">{\"@context\":\"https:\\\/\\\/schema.org\",\"@graph\":[{\"@type\":\"WebPage\",\"@id\":\"https:\\\/\\\/schweizversand.ch\\\/it\\\/produkt\\\/mattel-mini-barbieland-spielset-traumboot\\\/\",\"url\":\"https:\\\/\\\/schweizversand.ch\\\/it\\\/produkt\\\/mattel-mini-barbieland-spielset-traumboot\\\/\",\"name\":\"Mattel Mini BarbieLand Spielset: Traumboot | Jetzt kaufen | Schweizversand.ch\",\"isPartOf\":{\"@id\":\"https:\\\/\\\/schweizversand.ch\\\/it\\\/#website\"},\"primaryImageOfPage\":{\"@id\":\"https:\\\/\\\/schweizversand.ch\\\/it\\\/produkt\\\/mattel-mini-barbieland-spielset-traumboot\\\/#primaryimage\"},\"image\":{\"@id\":\"https:\\\/\\\/schweizversand.ch\\\/it\\\/produkt\\\/mattel-mini-barbieland-spielset-traumboot\\\/#primaryimage\"},\"thumbnailUrl\":\"https:\\\/\\\/schweizversand.ch\\\/wp-content\\\/uploads\\\/2026\\\/02\\\/5472098582.jpg\",\"datePublished\":\"2026-03-14T23:57:30+00:00\",\"dateModified\":\"2026-04-20T00:06:18+00:00\",\"description\":\"Mattel Mini BarbieLand Spielset: Traumboot g\u00fcnstig kaufen bei Schweizversand.ch. Schnelle Lieferung in der Schweiz. Gratisversand ab CHF 50.\",\"breadcrumb\":{\"@id\":\"https:\\\/\\\/schweizversand.ch\\\/it\\\/produkt\\\/mattel-mini-barbieland-spielset-traumboot\\\/#breadcrumb\"},\"inLanguage\":\"it-IT\",\"potentialAction\":[{\"@type\":\"ReadAction\",\"target\":[\"https:\\\/\\\/schweizversand.ch\\\/it\\\/produkt\\\/mattel-mini-barbieland-spielset-traumboot\\\/\"]}]},{\"@type\":\"ImageObject\",\"inLanguage\":\"it-IT\",\"@id\":\"https:\\\/\\\/schweizversand.ch\\\/it\\\/produkt\\\/mattel-mini-barbieland-spielset-traumboot\\\/#primaryimage\",\"url\":\"https:\\\/\\\/schweizversand.ch\\\/wp-content\\\/uploads\\\/2026\\\/02\\\/5472098582.jpg\",\"contentUrl\":\"https:\\\/\\\/schweizversand.ch\\\/wp-content\\\/uploads\\\/2026\\\/02\\\/5472098582.jpg\",\"width\":1024,\"height\":1024},{\"@type\":\"BreadcrumbList\",\"@id\":\"https:\\\/\\\/schweizversand.ch\\\/it\\\/produkt\\\/mattel-mini-barbieland-spielset-traumboot\\\/#breadcrumb\",\"itemListElement\":[{\"@type\":\"ListItem\",\"position\":1,\"name\":\"Startseite\",\"item\":\"https:\\\/\\\/schweizversand.ch\\\/it\\\/home\\\/\"},{\"@type\":\"ListItem\",\"position\":2,\"name\":\"Shop\",\"item\":\"https:\\\/\\\/schweizversand.ch\\\/it\\\/shop\\\/\"},{\"@type\":\"ListItem\",\"position\":3,\"name\":\"Giocattoli e giochi\",\"item\":\"https:\\\/\\\/schweizversand.ch\\\/it\\\/produkt-kategorie\\\/giocattoli-e-giochi\\\/\"},{\"@type\":\"ListItem\",\"position\":4,\"name\":\"Personaggi e bambole\",\"item\":\"https:\\\/\\\/schweizversand.ch\\\/it\\\/produkt-kategorie\\\/giocattoli-e-giochi\\\/personaggi-e-bambole\\\/\"},{\"@type\":\"ListItem\",\"position\":5,\"name\":\"Accessori per bambole\",\"item\":\"https:\\\/\\\/schweizversand.ch\\\/en\\\/produkt-kategorie\\\/puppenzubehoer\\\/\"},{\"@type\":\"ListItem\",\"position\":6,\"name\":\"Mattel Mini BarbieLand Playset: Barca dei sogni\"}]},{\"@type\":\"WebSite\",\"@id\":\"https:\\\/\\\/schweizversand.ch\\\/it\\\/#website\",\"url\":\"https:\\\/\\\/schweizversand.ch\\\/it\\\/\",\"name\":\"Schweizer Shop f\u00fcr Sport, Spiel und Freizeit\",\"description\":\"Gratisversand ab 50.- (netto), ab eigenem schweizer Lager, Lieferung innert 48h\",\"publisher\":{\"@id\":\"https:\\\/\\\/schweizversand.ch\\\/it\\\/#organization\"},\"alternateName\":\"Schweizversand.ch\",\"potentialAction\":[{\"@type\":\"SearchAction\",\"target\":{\"@type\":\"EntryPoint\",\"urlTemplate\":\"https:\\\/\\\/schweizversand.ch\\\/it\\\/?s={search_term_string}\"},\"query-input\":{\"@type\":\"PropertyValueSpecification\",\"valueRequired\":true,\"valueName\":\"search_term_string\"}}],\"inLanguage\":\"it-IT\"},{\"@type\":\"Organization\",\"@id\":\"https:\\\/\\\/schweizversand.ch\\\/it\\\/#organization\",\"name\":\"Schweizversand.ch\",\"url\":\"https:\\\/\\\/schweizversand.ch\\\/it\\\/\",\"logo\":{\"@type\":\"ImageObject\",\"inLanguage\":\"it-IT\",\"@id\":\"https:\\\/\\\/schweizversand.ch\\\/it\\\/#\\\/schema\\\/logo\\\/image\\\/\",\"url\":\"https:\\\/\\\/schweizversand.ch\\\/wp-content\\\/uploads\\\/2026\\\/03\\\/Logo_Rund_Final-1.png\",\"contentUrl\":\"https:\\\/\\\/schweizversand.ch\\\/wp-content\\\/uploads\\\/2026\\\/03\\\/Logo_Rund_Final-1.png\",\"width\":404,\"height\":404,\"caption\":\"Schweizversand.ch\"},\"image\":{\"@id\":\"https:\\\/\\\/schweizversand.ch\\\/it\\\/#\\\/schema\\\/logo\\\/image\\\/\"},\"sameAs\":[\"https:\\\/\\\/www.facebook.com\\\/Schweizversand\",\"https:\\\/\\\/www.instagram.com\\\/schweizversand.ch\\\/\"]}]}<\/script>\n<!-- \/ Yoast SEO plugin. -->","yoast_head_json":{"title":"Mattel Mini BarbieLand Spielset: Traumboot | Jetzt kaufen | Schweizversand.ch","description":"Mattel Mini BarbieLand Spielset: Traumboot g\u00fcnstig kaufen bei Schweizversand.ch. Schnelle Lieferung in der Schweiz. Gratisversand ab CHF 50.","robots":{"index":"index","follow":"follow","max-snippet":"max-snippet:-1","max-image-preview":"max-image-preview:large","max-video-preview":"max-video-preview:-1"},"canonical":"https:\/\/schweizversand.ch\/it\/produkt\/mattel-mini-barbieland-spielset-traumboot\/","og_locale":"it_IT","og_type":"article","og_title":"Mattel Mini BarbieLand Spielset: Traumboot | Jetzt kaufen | Schweizversand.ch","og_description":"Mattel Mini BarbieLand Spielset: Traumboot g\u00fcnstig kaufen bei Schweizversand.ch. Schnelle Lieferung in der Schweiz. Gratisversand ab CHF 50.","og_url":"https:\/\/schweizversand.ch\/it\/produkt\/mattel-mini-barbieland-spielset-traumboot\/","og_site_name":"Schweizer Shop f\u00fcr Sport, Spiel und Freizeit","article_publisher":"https:\/\/www.facebook.com\/Schweizversand","article_modified_time":"2026-04-20T00:06:18+00:00","og_image":[{"width":1024,"height":1024,"url":"https:\/\/schweizversand.ch\/wp-content\/uploads\/2026\/02\/5472098582.jpg","type":"image\/jpeg"}],"twitter_card":"summary_large_image","twitter_misc":{"Tempo di lettura stimato":"2 minuto"},"schema":{"@context":"https:\/\/schema.org","@graph":[{"@type":"WebPage","@id":"https:\/\/schweizversand.ch\/it\/produkt\/mattel-mini-barbieland-spielset-traumboot\/","url":"https:\/\/schweizversand.ch\/it\/produkt\/mattel-mini-barbieland-spielset-traumboot\/","name":"Mattel Mini BarbieLand Spielset: Traumboot | Jetzt kaufen | Schweizversand.ch","isPartOf":{"@id":"https:\/\/schweizversand.ch\/it\/#website"},"primaryImageOfPage":{"@id":"https:\/\/schweizversand.ch\/it\/produkt\/mattel-mini-barbieland-spielset-traumboot\/#primaryimage"},"image":{"@id":"https:\/\/schweizversand.ch\/it\/produkt\/mattel-mini-barbieland-spielset-traumboot\/#primaryimage"},"thumbnailUrl":"https:\/\/schweizversand.ch\/wp-content\/uploads\/2026\/02\/5472098582.jpg","datePublished":"2026-03-14T23:57:30+00:00","dateModified":"2026-04-20T00:06:18+00:00","description":"Mattel Mini BarbieLand Spielset: Traumboot g\u00fcnstig kaufen bei Schweizversand.ch. Schnelle Lieferung in der Schweiz. Gratisversand ab CHF 50.","breadcrumb":{"@id":"https:\/\/schweizversand.ch\/it\/produkt\/mattel-mini-barbieland-spielset-traumboot\/#breadcrumb"},"inLanguage":"it-IT","potentialAction":[{"@type":"ReadAction","target":["https:\/\/schweizversand.ch\/it\/produkt\/mattel-mini-barbieland-spielset-traumboot\/"]}]},{"@type":"ImageObject","inLanguage":"it-IT","@id":"https:\/\/schweizversand.ch\/it\/produkt\/mattel-mini-barbieland-spielset-traumboot\/#primaryimage","url":"https:\/\/schweizversand.ch\/wp-content\/uploads\/2026\/02\/5472098582.jpg","contentUrl":"https:\/\/schweizversand.ch\/wp-content\/uploads\/2026\/02\/5472098582.jpg","width":1024,"height":1024},{"@type":"BreadcrumbList","@id":"https:\/\/schweizversand.ch\/it\/produkt\/mattel-mini-barbieland-spielset-traumboot\/#breadcrumb","itemListElement":[{"@type":"ListItem","position":1,"name":"Startseite","item":"https:\/\/schweizversand.ch\/it\/home\/"},{"@type":"ListItem","position":2,"name":"Shop","item":"https:\/\/schweizversand.ch\/it\/shop\/"},{"@type":"ListItem","position":3,"name":"Giocattoli e giochi","item":"https:\/\/schweizversand.ch\/it\/produkt-kategorie\/giocattoli-e-giochi\/"},{"@type":"ListItem","position":4,"name":"Personaggi e bambole","item":"https:\/\/schweizversand.ch\/it\/produkt-kategorie\/giocattoli-e-giochi\/personaggi-e-bambole\/"},{"@type":"ListItem","position":5,"name":"Accessori per bambole","item":"https:\/\/schweizversand.ch\/en\/produkt-kategorie\/puppenzubehoer\/"},{"@type":"ListItem","position":6,"name":"Mattel Mini BarbieLand Playset: Barca dei sogni"}]},{"@type":"WebSite","@id":"https:\/\/schweizversand.ch\/it\/#website","url":"https:\/\/schweizversand.ch\/it\/","name":"Schweizer Shop f\u00fcr Sport, Spiel und Freizeit","description":"Gratisversand ab 50.- (netto), ab eigenem schweizer Lager, Lieferung innert 48h","publisher":{"@id":"https:\/\/schweizversand.ch\/it\/#organization"},"alternateName":"Schweizversand.ch","potentialAction":[{"@type":"SearchAction","target":{"@type":"EntryPoint","urlTemplate":"https:\/\/schweizversand.ch\/it\/?s={search_term_string}"},"query-input":{"@type":"PropertyValueSpecification","valueRequired":true,"valueName":"search_term_string"}}],"inLanguage":"it-IT"},{"@type":"Organization","@id":"https:\/\/schweizversand.ch\/it\/#organization","name":"Schweizversand.ch","url":"https:\/\/schweizversand.ch\/it\/","logo":{"@type":"ImageObject","inLanguage":"it-IT","@id":"https:\/\/schweizversand.ch\/it\/#\/schema\/logo\/image\/","url":"https:\/\/schweizversand.ch\/wp-content\/uploads\/2026\/03\/Logo_Rund_Final-1.png","contentUrl":"https:\/\/schweizversand.ch\/wp-content\/uploads\/2026\/03\/Logo_Rund_Final-1.png","width":404,"height":404,"caption":"Schweizversand.ch"},"image":{"@id":"https:\/\/schweizversand.ch\/it\/#\/schema\/logo\/image\/"},"sameAs":["https:\/\/www.facebook.com\/Schweizversand","https:\/\/www.instagram.com\/schweizversand.ch\/"]}]}},"jetpack_sharing_enabled":true,"_links":{"self":[{"href":"https:\/\/schweizversand.ch\/it\/wp-json\/wp\/v2\/product\/256106","targetHints":{"allow":["GET"]}}],"collection":[{"href":"https:\/\/schweizversand.ch\/it\/wp-json\/wp\/v2\/product"}],"about":[{"href":"https:\/\/schweizversand.ch\/it\/wp-json\/wp\/v2\/types\/product"}],"replies":[{"embeddable":true,"href":"https:\/\/schweizversand.ch\/it\/wp-json\/wp\/v2\/comments?post=256106"}],"wp:featuredmedia":[{"embeddable":true,"href":"https:\/\/schweizversand.ch\/it\/wp-json\/wp\/v2\/media\/166119"}],"wp:attachment":[{"href":"https:\/\/schweizversand.ch\/it\/wp-json\/wp\/v2\/media?parent=256106"}],"wp:term":[{"taxonomy":"product_brand","embeddable":true,"href":"https:\/\/schweizversand.ch\/it\/wp-json\/wp\/v2\/product_brand?post=256106"},{"taxonomy":"product_cat","embeddable":true,"href":"https:\/\/schweizversand.ch\/it\/wp-json\/wp\/v2\/product_cat?post=256106"},{"taxonomy":"product_tag","embeddable":true,"href":"https:\/\/schweizversand.ch\/it\/wp-json\/wp\/v2\/product_tag?post=256106"}],"curies":[{"name":"wp","href":"https:\/\/api.w.org\/{rel}","templated":true}]}}