{"id":256107,"date":"2026-03-15T00:57:30","date_gmt":"2026-03-14T23:57:30","guid":{"rendered":"https:\/\/schweizversand.ch\/produkt\/fisher-price-holzspielzeug-set-kraeutergarten-werkzeuge\/"},"modified":"2026-04-19T02:07:13","modified_gmt":"2026-04-19T00:07:13","slug":"fisher-price-holzspielzeug-set-kraeutergarten-werkzeuge","status":"publish","type":"product","link":"https:\/\/schweizversand.ch\/it\/produkt\/fisher-price-holzspielzeug-set-kraeutergarten-werkzeuge\/","title":{"rendered":"Fisher Price Set di giocattoli in legno &#8220;Giardino delle erbe aromatiche e attrezzi&#8221;"},"content":{"rendered":"<h1><strong>Set di giocattoli in legno Fisher-Price &#8220;Orto delle erbe aromatiche e attrezzi&#8221;<\/strong><\/h1>\n<div>Immergiti nel meraviglioso mondo del giardinaggio con l&#8217;incantevole set di giardinaggio in legno Fisher-Price. Questo set da 12 pezzi stimola la creativit\u00e0 e il gioco di ruolo del tuo bambino, permettendogli di imitare la cura del suo piccolo orto. Un must per tutti i piccoli esploratori dai 3 anni in su.<\/p>\n<\/div>\n<div><strong>Gioco di ruolo fantasioso in giardino<\/strong><br \/>Con questo set dal design curato, i bambini in et\u00e0 prescolare possono inventare le proprie storie e assumere il ruolo di giardinieri. Il <strong>set di gioco per l&#8217;orto delle erbe aromatiche<\/strong> fornisce tutto il necessario per prendersi cura delle erbe aromatiche giocattolo. Imitare le attivit\u00e0 quotidiane rafforza le abilit\u00e0 sociali e stimola l&#8217;immaginazione. Guarda il tuo bambino imparare ad assumersi le proprie responsabilit\u00e0, in modo giocoso e sicuro.<\/p>\n<\/div>\n<div><strong>Giocattolo in legno Fisher-Price di alta qualit\u00e0<\/strong><br \/>Questo playset rappresenta la qualit\u00e0 affidabile di Fisher-Price. L&#8217;intero set \u00e8 realizzato in legno proveniente da fonti certificate FSC (FSC-N004566), a garanzia della sostenibilit\u00e0. Le vernici utilizzate sono atossiche e a base d&#8217;acqua, quindi non devi preoccuparti della sicurezza del tuo bambino. Questo robusto <strong>giocattolo in legno per bambini dai 3 anni in su<\/strong> \u00e8 progettato per un divertimento duraturo.<\/p>\n<\/div>\n<div><strong>Funzionalit\u00e0 interattive e possibilit\u00e0 di gioco<\/strong><br \/>Il set offre ai bambini diverse modalit\u00e0 di interazione. Possono piantare le <strong>erbe aromatiche giocattolo<\/strong> nei vasi ed etichettarle con le lavagnette incluse per organizzare il loro giardino (gessetti non inclusi). Il flacone spray giocattolo e gli attrezzi da giardinaggio giocattolo permettono ai bambini di &#8220;prendersi cura&#8221; delle piante in modo realistico. Queste attivit\u00e0 promuovono le capacit\u00e0 motorie fini e la comprensione del rapporto causa-effetto. Ampia gamma di accessori: questo set da 12 pezzi offre tutto ci\u00f2 di cui un piccolo giardiniere ha bisogno: &#8211; 2 vasi per erbe aromatiche &#8211; 2 attrezzi da giardinaggio (pala e rastrello) &#8211; 1 flacone spray giocattolo &#8211; 2 lavagne per etichettare le piante &#8211; 5 erbe aromatiche giocattolo da piantare. Valore educativo: il set da giardino in legno per erbe aromatiche Fisher-Price \u00e8 ideale per introdurre i bambini alla natura in modo giocoso e supportare il loro sviluppo cognitivo. Selezionare, piantare e prendersi cura delle erbe aromatiche promuove abilit\u00e0 importanti come la coordinazione occhio-mano e la risoluzione dei problemi. \u00c8 il regalo perfetto per intrattenere i bambini dai 3 anni in su per ore e liberare la loro creativit\u00e0. Acquista subito questo giocattolo in legno Fisher-Price sostenibile ed educativo e regala al tuo bambino la gioia del suo orto di erbe aromatiche.<\/p>\n","protected":false},"excerpt":{"rendered":"<p>Set di giocattoli in legno Fisher-Price &#8220;Orto delle erbe aromatiche e attrezzi&#8221; Immergiti nel meraviglioso mondo del giardinaggio con l&#8217;incantevole set di giardinaggio in legno Fisher-Price. Questo set da 12 pezzi stimola la creativit\u00e0 e il gioco di ruolo del tuo bambino, permettendogli di imitare la cura del suo piccolo orto. Un must per tutti i piccoli esploratori dai 3 anni in su. Gioco di ruolo fantasioso in giardinoCon questo set dal design curato, i&hellip;<\/p>\n","protected":false},"featured_media":257581,"comment_status":"open","ping_status":"closed","template":"","meta":[],"product_brand":[],"product_cat":[38200],"product_tag":[],"class_list":{"0":"post-256107","1":"product","2":"type-product","3":"status-publish","4":"has-post-thumbnail","6":"product_cat-lernspiel","7":"product_shipping_class-global_methods","9":"first","10":"instock","11":"taxable","12":"shipping-taxable","13":"purchasable","14":"product-type-simple"},"yoast_head":"<!-- This site is optimized with the Yoast SEO plugin v27.4 - https:\/\/yoast.com\/product\/yoast-seo-wordpress\/ -->\n<title>Fisher Price Holzspielzeug-Set \u201eKr\u00e4utergarten &amp; Werkzeuge\u201c | Jetzt kaufen | Schweizversand.ch<\/title>\n<meta name=\"description\" content=\"Fisher Price Holzspielzeug-Set \u201eKr\u00e4utergarten &amp; Werkzeuge\u201c g\u00fcnstig kaufen bei Schweizversand.ch. Schnelle Lieferung in der Schweiz. Gratisversand ab CHF 50.\" \/>\n<meta name=\"robots\" content=\"index, follow, max-snippet:-1, max-image-preview:large, max-video-preview:-1\" \/>\n<link rel=\"canonical\" href=\"https:\/\/schweizversand.ch\/it\/produkt\/fisher-price-holzspielzeug-set-kraeutergarten-werkzeuge\/\" \/>\n<meta property=\"og:locale\" content=\"it_IT\" \/>\n<meta property=\"og:type\" content=\"article\" \/>\n<meta property=\"og:title\" content=\"Fisher Price Holzspielzeug-Set \u201eKr\u00e4utergarten &amp; Werkzeuge\u201c | Jetzt kaufen | Schweizversand.ch\" \/>\n<meta property=\"og:description\" content=\"Fisher Price Holzspielzeug-Set \u201eKr\u00e4utergarten &amp; Werkzeuge\u201c g\u00fcnstig kaufen bei Schweizversand.ch. Schnelle Lieferung in der Schweiz. Gratisversand ab CHF 50.\" \/>\n<meta property=\"og:url\" content=\"https:\/\/schweizversand.ch\/it\/produkt\/fisher-price-holzspielzeug-set-kraeutergarten-werkzeuge\/\" \/>\n<meta property=\"og:site_name\" content=\"Schweizer Shop f\u00fcr Sport, Spiel und Freizeit\" \/>\n<meta property=\"article:publisher\" content=\"https:\/\/www.facebook.com\/Schweizversand\" \/>\n<meta property=\"article:modified_time\" content=\"2026-04-19T00:07:13+00:00\" \/>\n<meta property=\"og:image\" content=\"https:\/\/schweizversand.ch\/wp-content\/uploads\/2026\/02\/5476926489.jpg\" \/>\n\t<meta property=\"og:image:width\" content=\"1004\" \/>\n\t<meta property=\"og:image:height\" content=\"1024\" \/>\n\t<meta property=\"og:image:type\" content=\"image\/jpeg\" \/>\n<meta name=\"twitter:card\" content=\"summary_large_image\" \/>\n<meta name=\"twitter:label1\" content=\"Tempo di lettura stimato\" \/>\n\t<meta name=\"twitter:data1\" content=\"2 minuto\" \/>\n<script type=\"application\/ld+json\" class=\"yoast-schema-graph\">{\"@context\":\"https:\\\/\\\/schema.org\",\"@graph\":[{\"@type\":\"WebPage\",\"@id\":\"https:\\\/\\\/schweizversand.ch\\\/it\\\/produkt\\\/fisher-price-holzspielzeug-set-kraeutergarten-werkzeuge\\\/\",\"url\":\"https:\\\/\\\/schweizversand.ch\\\/it\\\/produkt\\\/fisher-price-holzspielzeug-set-kraeutergarten-werkzeuge\\\/\",\"name\":\"Fisher Price Holzspielzeug-Set \u201eKr\u00e4utergarten & Werkzeuge\u201c | Jetzt kaufen | Schweizversand.ch\",\"isPartOf\":{\"@id\":\"https:\\\/\\\/schweizversand.ch\\\/it\\\/#website\"},\"primaryImageOfPage\":{\"@id\":\"https:\\\/\\\/schweizversand.ch\\\/it\\\/produkt\\\/fisher-price-holzspielzeug-set-kraeutergarten-werkzeuge\\\/#primaryimage\"},\"image\":{\"@id\":\"https:\\\/\\\/schweizversand.ch\\\/it\\\/produkt\\\/fisher-price-holzspielzeug-set-kraeutergarten-werkzeuge\\\/#primaryimage\"},\"thumbnailUrl\":\"https:\\\/\\\/schweizversand.ch\\\/wp-content\\\/uploads\\\/2026\\\/02\\\/5476926489.jpg\",\"datePublished\":\"2026-03-14T23:57:30+00:00\",\"dateModified\":\"2026-04-19T00:07:13+00:00\",\"description\":\"Fisher Price Holzspielzeug-Set \u201eKr\u00e4utergarten & Werkzeuge\u201c g\u00fcnstig kaufen bei Schweizversand.ch. Schnelle Lieferung in der Schweiz. Gratisversand ab CHF 50.\",\"breadcrumb\":{\"@id\":\"https:\\\/\\\/schweizversand.ch\\\/it\\\/produkt\\\/fisher-price-holzspielzeug-set-kraeutergarten-werkzeuge\\\/#breadcrumb\"},\"inLanguage\":\"it-IT\",\"potentialAction\":[{\"@type\":\"ReadAction\",\"target\":[\"https:\\\/\\\/schweizversand.ch\\\/it\\\/produkt\\\/fisher-price-holzspielzeug-set-kraeutergarten-werkzeuge\\\/\"]}]},{\"@type\":\"ImageObject\",\"inLanguage\":\"it-IT\",\"@id\":\"https:\\\/\\\/schweizversand.ch\\\/it\\\/produkt\\\/fisher-price-holzspielzeug-set-kraeutergarten-werkzeuge\\\/#primaryimage\",\"url\":\"https:\\\/\\\/schweizversand.ch\\\/wp-content\\\/uploads\\\/2026\\\/02\\\/5476926489.jpg\",\"contentUrl\":\"https:\\\/\\\/schweizversand.ch\\\/wp-content\\\/uploads\\\/2026\\\/02\\\/5476926489.jpg\",\"width\":1004,\"height\":1024},{\"@type\":\"BreadcrumbList\",\"@id\":\"https:\\\/\\\/schweizversand.ch\\\/it\\\/produkt\\\/fisher-price-holzspielzeug-set-kraeutergarten-werkzeuge\\\/#breadcrumb\",\"itemListElement\":[{\"@type\":\"ListItem\",\"position\":1,\"name\":\"Startseite\",\"item\":\"https:\\\/\\\/schweizversand.ch\\\/it\\\/home\\\/\"},{\"@type\":\"ListItem\",\"position\":2,\"name\":\"Shop\",\"item\":\"https:\\\/\\\/schweizversand.ch\\\/it\\\/shop\\\/\"},{\"@type\":\"ListItem\",\"position\":3,\"name\":\"Giocattoli e giochi\",\"item\":\"https:\\\/\\\/schweizversand.ch\\\/it\\\/produkt-kategorie\\\/giocattoli-e-giochi\\\/\"},{\"@type\":\"ListItem\",\"position\":4,\"name\":\"Spiele &amp; Puzzles\",\"item\":\"https:\\\/\\\/schweizversand.ch\\\/produkt-kategorie\\\/spielzeuge-spiele\\\/spiele-puzzles-spielzeuge-spiele\\\/\"},{\"@type\":\"ListItem\",\"position\":5,\"name\":\"Lernspiel\",\"item\":\"https:\\\/\\\/schweizversand.ch\\\/produkt-kategorie\\\/spielzeuge-spiele\\\/spiele-puzzles-spielzeuge-spiele\\\/lernspiel\\\/\"},{\"@type\":\"ListItem\",\"position\":6,\"name\":\"Fisher Price Set di giocattoli in legno &#8220;Giardino delle erbe aromatiche e attrezzi&#8221;\"}]},{\"@type\":\"WebSite\",\"@id\":\"https:\\\/\\\/schweizversand.ch\\\/it\\\/#website\",\"url\":\"https:\\\/\\\/schweizversand.ch\\\/it\\\/\",\"name\":\"Schweizer Shop f\u00fcr Sport, Spiel und Freizeit\",\"description\":\"Gratisversand ab 50.- (netto), ab eigenem schweizer Lager, Lieferung innert 48h\",\"publisher\":{\"@id\":\"https:\\\/\\\/schweizversand.ch\\\/it\\\/#organization\"},\"alternateName\":\"Schweizversand.ch\",\"potentialAction\":[{\"@type\":\"SearchAction\",\"target\":{\"@type\":\"EntryPoint\",\"urlTemplate\":\"https:\\\/\\\/schweizversand.ch\\\/it\\\/?s={search_term_string}\"},\"query-input\":{\"@type\":\"PropertyValueSpecification\",\"valueRequired\":true,\"valueName\":\"search_term_string\"}}],\"inLanguage\":\"it-IT\"},{\"@type\":\"Organization\",\"@id\":\"https:\\\/\\\/schweizversand.ch\\\/it\\\/#organization\",\"name\":\"Schweizversand.ch\",\"url\":\"https:\\\/\\\/schweizversand.ch\\\/it\\\/\",\"logo\":{\"@type\":\"ImageObject\",\"inLanguage\":\"it-IT\",\"@id\":\"https:\\\/\\\/schweizversand.ch\\\/it\\\/#\\\/schema\\\/logo\\\/image\\\/\",\"url\":\"https:\\\/\\\/schweizversand.ch\\\/wp-content\\\/uploads\\\/2026\\\/03\\\/Logo_Rund_Final-1.png\",\"contentUrl\":\"https:\\\/\\\/schweizversand.ch\\\/wp-content\\\/uploads\\\/2026\\\/03\\\/Logo_Rund_Final-1.png\",\"width\":404,\"height\":404,\"caption\":\"Schweizversand.ch\"},\"image\":{\"@id\":\"https:\\\/\\\/schweizversand.ch\\\/it\\\/#\\\/schema\\\/logo\\\/image\\\/\"},\"sameAs\":[\"https:\\\/\\\/www.facebook.com\\\/Schweizversand\",\"https:\\\/\\\/www.instagram.com\\\/schweizversand.ch\\\/\"]}]}<\/script>\n<!-- \/ Yoast SEO plugin. -->","yoast_head_json":{"title":"Fisher Price Holzspielzeug-Set \u201eKr\u00e4utergarten & Werkzeuge\u201c | Jetzt kaufen | Schweizversand.ch","description":"Fisher Price Holzspielzeug-Set \u201eKr\u00e4utergarten & Werkzeuge\u201c g\u00fcnstig kaufen bei Schweizversand.ch. Schnelle Lieferung in der Schweiz. Gratisversand ab CHF 50.","robots":{"index":"index","follow":"follow","max-snippet":"max-snippet:-1","max-image-preview":"max-image-preview:large","max-video-preview":"max-video-preview:-1"},"canonical":"https:\/\/schweizversand.ch\/it\/produkt\/fisher-price-holzspielzeug-set-kraeutergarten-werkzeuge\/","og_locale":"it_IT","og_type":"article","og_title":"Fisher Price Holzspielzeug-Set \u201eKr\u00e4utergarten & Werkzeuge\u201c | Jetzt kaufen | Schweizversand.ch","og_description":"Fisher Price Holzspielzeug-Set \u201eKr\u00e4utergarten & Werkzeuge\u201c g\u00fcnstig kaufen bei Schweizversand.ch. Schnelle Lieferung in der Schweiz. Gratisversand ab CHF 50.","og_url":"https:\/\/schweizversand.ch\/it\/produkt\/fisher-price-holzspielzeug-set-kraeutergarten-werkzeuge\/","og_site_name":"Schweizer Shop f\u00fcr Sport, Spiel und Freizeit","article_publisher":"https:\/\/www.facebook.com\/Schweizversand","article_modified_time":"2026-04-19T00:07:13+00:00","og_image":[{"width":1004,"height":1024,"url":"https:\/\/schweizversand.ch\/wp-content\/uploads\/2026\/02\/5476926489.jpg","type":"image\/jpeg"}],"twitter_card":"summary_large_image","twitter_misc":{"Tempo di lettura stimato":"2 minuto"},"schema":{"@context":"https:\/\/schema.org","@graph":[{"@type":"WebPage","@id":"https:\/\/schweizversand.ch\/it\/produkt\/fisher-price-holzspielzeug-set-kraeutergarten-werkzeuge\/","url":"https:\/\/schweizversand.ch\/it\/produkt\/fisher-price-holzspielzeug-set-kraeutergarten-werkzeuge\/","name":"Fisher Price Holzspielzeug-Set \u201eKr\u00e4utergarten & Werkzeuge\u201c | Jetzt kaufen | Schweizversand.ch","isPartOf":{"@id":"https:\/\/schweizversand.ch\/it\/#website"},"primaryImageOfPage":{"@id":"https:\/\/schweizversand.ch\/it\/produkt\/fisher-price-holzspielzeug-set-kraeutergarten-werkzeuge\/#primaryimage"},"image":{"@id":"https:\/\/schweizversand.ch\/it\/produkt\/fisher-price-holzspielzeug-set-kraeutergarten-werkzeuge\/#primaryimage"},"thumbnailUrl":"https:\/\/schweizversand.ch\/wp-content\/uploads\/2026\/02\/5476926489.jpg","datePublished":"2026-03-14T23:57:30+00:00","dateModified":"2026-04-19T00:07:13+00:00","description":"Fisher Price Holzspielzeug-Set \u201eKr\u00e4utergarten & Werkzeuge\u201c g\u00fcnstig kaufen bei Schweizversand.ch. Schnelle Lieferung in der Schweiz. Gratisversand ab CHF 50.","breadcrumb":{"@id":"https:\/\/schweizversand.ch\/it\/produkt\/fisher-price-holzspielzeug-set-kraeutergarten-werkzeuge\/#breadcrumb"},"inLanguage":"it-IT","potentialAction":[{"@type":"ReadAction","target":["https:\/\/schweizversand.ch\/it\/produkt\/fisher-price-holzspielzeug-set-kraeutergarten-werkzeuge\/"]}]},{"@type":"ImageObject","inLanguage":"it-IT","@id":"https:\/\/schweizversand.ch\/it\/produkt\/fisher-price-holzspielzeug-set-kraeutergarten-werkzeuge\/#primaryimage","url":"https:\/\/schweizversand.ch\/wp-content\/uploads\/2026\/02\/5476926489.jpg","contentUrl":"https:\/\/schweizversand.ch\/wp-content\/uploads\/2026\/02\/5476926489.jpg","width":1004,"height":1024},{"@type":"BreadcrumbList","@id":"https:\/\/schweizversand.ch\/it\/produkt\/fisher-price-holzspielzeug-set-kraeutergarten-werkzeuge\/#breadcrumb","itemListElement":[{"@type":"ListItem","position":1,"name":"Startseite","item":"https:\/\/schweizversand.ch\/it\/home\/"},{"@type":"ListItem","position":2,"name":"Shop","item":"https:\/\/schweizversand.ch\/it\/shop\/"},{"@type":"ListItem","position":3,"name":"Giocattoli e giochi","item":"https:\/\/schweizversand.ch\/it\/produkt-kategorie\/giocattoli-e-giochi\/"},{"@type":"ListItem","position":4,"name":"Spiele &amp; Puzzles","item":"https:\/\/schweizversand.ch\/produkt-kategorie\/spielzeuge-spiele\/spiele-puzzles-spielzeuge-spiele\/"},{"@type":"ListItem","position":5,"name":"Lernspiel","item":"https:\/\/schweizversand.ch\/produkt-kategorie\/spielzeuge-spiele\/spiele-puzzles-spielzeuge-spiele\/lernspiel\/"},{"@type":"ListItem","position":6,"name":"Fisher Price Set di giocattoli in legno &#8220;Giardino delle erbe aromatiche e attrezzi&#8221;"}]},{"@type":"WebSite","@id":"https:\/\/schweizversand.ch\/it\/#website","url":"https:\/\/schweizversand.ch\/it\/","name":"Schweizer Shop f\u00fcr Sport, Spiel und Freizeit","description":"Gratisversand ab 50.- (netto), ab eigenem schweizer Lager, Lieferung innert 48h","publisher":{"@id":"https:\/\/schweizversand.ch\/it\/#organization"},"alternateName":"Schweizversand.ch","potentialAction":[{"@type":"SearchAction","target":{"@type":"EntryPoint","urlTemplate":"https:\/\/schweizversand.ch\/it\/?s={search_term_string}"},"query-input":{"@type":"PropertyValueSpecification","valueRequired":true,"valueName":"search_term_string"}}],"inLanguage":"it-IT"},{"@type":"Organization","@id":"https:\/\/schweizversand.ch\/it\/#organization","name":"Schweizversand.ch","url":"https:\/\/schweizversand.ch\/it\/","logo":{"@type":"ImageObject","inLanguage":"it-IT","@id":"https:\/\/schweizversand.ch\/it\/#\/schema\/logo\/image\/","url":"https:\/\/schweizversand.ch\/wp-content\/uploads\/2026\/03\/Logo_Rund_Final-1.png","contentUrl":"https:\/\/schweizversand.ch\/wp-content\/uploads\/2026\/03\/Logo_Rund_Final-1.png","width":404,"height":404,"caption":"Schweizversand.ch"},"image":{"@id":"https:\/\/schweizversand.ch\/it\/#\/schema\/logo\/image\/"},"sameAs":["https:\/\/www.facebook.com\/Schweizversand","https:\/\/www.instagram.com\/schweizversand.ch\/"]}]}},"jetpack_sharing_enabled":true,"_links":{"self":[{"href":"https:\/\/schweizversand.ch\/it\/wp-json\/wp\/v2\/product\/256107","targetHints":{"allow":["GET"]}}],"collection":[{"href":"https:\/\/schweizversand.ch\/it\/wp-json\/wp\/v2\/product"}],"about":[{"href":"https:\/\/schweizversand.ch\/it\/wp-json\/wp\/v2\/types\/product"}],"replies":[{"embeddable":true,"href":"https:\/\/schweizversand.ch\/it\/wp-json\/wp\/v2\/comments?post=256107"}],"wp:featuredmedia":[{"embeddable":true,"href":"https:\/\/schweizversand.ch\/it\/wp-json\/wp\/v2\/media\/257581"}],"wp:attachment":[{"href":"https:\/\/schweizversand.ch\/it\/wp-json\/wp\/v2\/media?parent=256107"}],"wp:term":[{"taxonomy":"product_brand","embeddable":true,"href":"https:\/\/schweizversand.ch\/it\/wp-json\/wp\/v2\/product_brand?post=256107"},{"taxonomy":"product_cat","embeddable":true,"href":"https:\/\/schweizversand.ch\/it\/wp-json\/wp\/v2\/product_cat?post=256107"},{"taxonomy":"product_tag","embeddable":true,"href":"https:\/\/schweizversand.ch\/it\/wp-json\/wp\/v2\/product_tag?post=256107"}],"curies":[{"name":"wp","href":"https:\/\/api.w.org\/{rel}","templated":true}]}}