{"id":256339,"date":"2026-03-15T00:05:51","date_gmt":"2026-03-14T23:05:51","guid":{"rendered":"https:\/\/schweizversand.ch\/produkt\/boland-deko-wirbel-fruechte\/"},"modified":"2026-04-21T02:04:26","modified_gmt":"2026-04-21T00:04:26","slug":"boland-deko-wirbel-fruechte","status":"publish","type":"product","link":"https:\/\/schweizversand.ch\/it\/produkt\/boland-deko-wirbel-fruechte\/","title":{"rendered":"Frutta decorativa a spirale Boland"},"content":{"rendered":"<div>Frutta a spirale decorativa &#8211; Set di 3 decorazioni colorate da appendere per feste estive<\/div>\n<div><\/div>\n<div>Porta un tocco tropicale alle decorazioni delle tue feste!<\/div>\n<div>Questo set di 3 decorazioni decorative a spirale con frutta crea all&#8217;istante un&#8217;allegra atmosfera estiva, perfetta per feste in giardino, barbecue, compleanni o feste a tema spiaggia.<\/div>\n<div><\/div>\n<div>I motivi di frutta colorati &#8211; angurie, limoni e fragole &#8211; pendono da spirali lucide che si muovono dolcemente nella brezza, creando un effetto vivace. Basta appenderli e gustarli!<\/div>\n<div><\/div>\n<div>Dettagli del prodotto<\/div>\n<div>Contenuto del set: 3 spirali decorative con motivi di frutta<\/div>\n<div>Lunghezza: ca. 60\u201370 cm per spirale<\/div>\n<div>Materiale: Plastica \/ Cartone<\/div>\n<div>Facile da appendere &#8211; con gancio integrato<\/div>\n<div>Adatto per: Uso interno ed esterno<\/div>\n<div><\/div>\n<div>Vantaggi a colpo d&#8217;occhio<\/div>\n<div>Motivi freschi estivi &#8211; perfetti per qualsiasi festa estiva o compleanno<\/div>\n<div>Facile da usare &#8211; appeso in un attimo e decorativo<\/div>\n<div>Decorazione sospesa mobile &#8211; ruota delicatamente nella brezza<\/div>\n<div>Riutilizzabile &#8211; basta piegarlo e riutilizzarlo alla prossima festa<\/div>\n<div>Ottima aggiunta ad altre decorazioni di frutta o tropicali<\/div>\n<div><\/div>\n<div>Ideale per<\/div>\n<div>Feste estive e barbecue<\/div>\n<div>Compleanni dei bambini<\/div>\n<div>Feste in giardino e in piscina<\/div>\n<div>Hawaiane, spiaggia e tropicali Feste a tema<\/div>\n<div><\/div>\n<div>Conclusione<\/div>\n<div>Il set di decorazioni Fruit Swirl da 3 pezzi porta colore, divertimento e un&#8217;atmosfera vacanziera in qualsiasi ambiente. Che sia all&#8217;interno o all&#8217;esterno, le decorazioni a forma di frutta da appendere rendono ogni festa un vero momento clou dell&#8217;estate!<\/div>\n<div><\/div>\n","protected":false},"excerpt":{"rendered":"<p>Frutta a spirale decorativa &#8211; Set di 3 decorazioni colorate da appendere per feste estive Porta un tocco tropicale alle decorazioni delle tue feste! Questo set di 3 decorazioni decorative a spirale con frutta crea all&#8217;istante un&#8217;allegra atmosfera estiva, perfetta per feste in giardino, barbecue, compleanni o feste a tema spiaggia. I motivi di frutta colorati &#8211; angurie, limoni e fragole &#8211; pendono da spirali lucide che si muovono dolcemente nella brezza, creando un effetto&hellip;<\/p>\n","protected":false},"featured_media":157737,"comment_status":"open","ping_status":"closed","template":"","meta":[],"product_brand":[],"product_cat":[38538],"product_tag":[],"class_list":{"0":"post-256339","1":"product","2":"type-product","3":"status-publish","4":"has-post-thumbnail","6":"product_cat-wanddekoration","7":"product_shipping_class-global_methods","9":"first","10":"instock","11":"taxable","12":"shipping-taxable","13":"purchasable","14":"product-type-simple"},"yoast_head":"<!-- This site is optimized with the Yoast SEO plugin v27.4 - https:\/\/yoast.com\/product\/yoast-seo-wordpress\/ -->\n<title>Boland Deko-Wirbel Fr\u00fcchte | Jetzt kaufen | Schweizversand.ch<\/title>\n<meta name=\"description\" content=\"Boland Deko-Wirbel Fr\u00fcchte g\u00fcnstig kaufen bei Schweizversand.ch. Schnelle Lieferung in der Schweiz. Gratisversand ab CHF 50.\" \/>\n<meta name=\"robots\" content=\"index, follow, max-snippet:-1, max-image-preview:large, max-video-preview:-1\" \/>\n<link rel=\"canonical\" href=\"https:\/\/schweizversand.ch\/it\/produkt\/boland-deko-wirbel-fruechte\/\" \/>\n<meta property=\"og:locale\" content=\"it_IT\" \/>\n<meta property=\"og:type\" content=\"article\" \/>\n<meta property=\"og:title\" content=\"Boland Deko-Wirbel Fr\u00fcchte | Jetzt kaufen | Schweizversand.ch\" \/>\n<meta property=\"og:description\" content=\"Boland Deko-Wirbel Fr\u00fcchte g\u00fcnstig kaufen bei Schweizversand.ch. Schnelle Lieferung in der Schweiz. Gratisversand ab CHF 50.\" \/>\n<meta property=\"og:url\" content=\"https:\/\/schweizversand.ch\/it\/produkt\/boland-deko-wirbel-fruechte\/\" \/>\n<meta property=\"og:site_name\" content=\"Schweizer Shop f\u00fcr Sport, Spiel und Freizeit\" \/>\n<meta property=\"article:publisher\" content=\"https:\/\/www.facebook.com\/Schweizversand\" \/>\n<meta property=\"article:modified_time\" content=\"2026-04-21T00:04:26+00:00\" \/>\n<meta property=\"og:image\" content=\"https:\/\/schweizversand.ch\/wp-content\/uploads\/2026\/02\/5472037397.jpg\" \/>\n\t<meta property=\"og:image:width\" content=\"1024\" \/>\n\t<meta property=\"og:image:height\" content=\"1024\" \/>\n\t<meta property=\"og:image:type\" content=\"image\/jpeg\" \/>\n<meta name=\"twitter:card\" content=\"summary_large_image\" \/>\n<meta name=\"twitter:label1\" content=\"Tempo di lettura stimato\" \/>\n\t<meta name=\"twitter:data1\" content=\"1 minuto\" \/>\n<script type=\"application\/ld+json\" class=\"yoast-schema-graph\">{\"@context\":\"https:\\\/\\\/schema.org\",\"@graph\":[{\"@type\":\"WebPage\",\"@id\":\"https:\\\/\\\/schweizversand.ch\\\/it\\\/produkt\\\/boland-deko-wirbel-fruechte\\\/\",\"url\":\"https:\\\/\\\/schweizversand.ch\\\/it\\\/produkt\\\/boland-deko-wirbel-fruechte\\\/\",\"name\":\"Boland Deko-Wirbel Fr\u00fcchte | Jetzt kaufen | Schweizversand.ch\",\"isPartOf\":{\"@id\":\"https:\\\/\\\/schweizversand.ch\\\/it\\\/#website\"},\"primaryImageOfPage\":{\"@id\":\"https:\\\/\\\/schweizversand.ch\\\/it\\\/produkt\\\/boland-deko-wirbel-fruechte\\\/#primaryimage\"},\"image\":{\"@id\":\"https:\\\/\\\/schweizversand.ch\\\/it\\\/produkt\\\/boland-deko-wirbel-fruechte\\\/#primaryimage\"},\"thumbnailUrl\":\"https:\\\/\\\/schweizversand.ch\\\/wp-content\\\/uploads\\\/2026\\\/02\\\/5472037397.jpg\",\"datePublished\":\"2026-03-14T23:05:51+00:00\",\"dateModified\":\"2026-04-21T00:04:26+00:00\",\"description\":\"Boland Deko-Wirbel Fr\u00fcchte g\u00fcnstig kaufen bei Schweizversand.ch. Schnelle Lieferung in der Schweiz. Gratisversand ab CHF 50.\",\"breadcrumb\":{\"@id\":\"https:\\\/\\\/schweizversand.ch\\\/it\\\/produkt\\\/boland-deko-wirbel-fruechte\\\/#breadcrumb\"},\"inLanguage\":\"it-IT\",\"potentialAction\":[{\"@type\":\"ReadAction\",\"target\":[\"https:\\\/\\\/schweizversand.ch\\\/it\\\/produkt\\\/boland-deko-wirbel-fruechte\\\/\"]}]},{\"@type\":\"ImageObject\",\"inLanguage\":\"it-IT\",\"@id\":\"https:\\\/\\\/schweizversand.ch\\\/it\\\/produkt\\\/boland-deko-wirbel-fruechte\\\/#primaryimage\",\"url\":\"https:\\\/\\\/schweizversand.ch\\\/wp-content\\\/uploads\\\/2026\\\/02\\\/5472037397.jpg\",\"contentUrl\":\"https:\\\/\\\/schweizversand.ch\\\/wp-content\\\/uploads\\\/2026\\\/02\\\/5472037397.jpg\",\"width\":1024,\"height\":1024},{\"@type\":\"BreadcrumbList\",\"@id\":\"https:\\\/\\\/schweizversand.ch\\\/it\\\/produkt\\\/boland-deko-wirbel-fruechte\\\/#breadcrumb\",\"itemListElement\":[{\"@type\":\"ListItem\",\"position\":1,\"name\":\"Startseite\",\"item\":\"https:\\\/\\\/schweizversand.ch\\\/it\\\/home\\\/\"},{\"@type\":\"ListItem\",\"position\":2,\"name\":\"Shop\",\"item\":\"https:\\\/\\\/schweizversand.ch\\\/it\\\/shop\\\/\"},{\"@type\":\"ListItem\",\"position\":3,\"name\":\"Home\",\"item\":\"https:\\\/\\\/schweizversand.ch\\\/it\\\/produkt-kategorie\\\/home\\\/\"},{\"@type\":\"ListItem\",\"position\":4,\"name\":\"Decorazioni e accessori\",\"item\":\"https:\\\/\\\/schweizversand.ch\\\/it\\\/produkt-kategorie\\\/home\\\/decorazioni-e-accessori\\\/\"},{\"@type\":\"ListItem\",\"position\":5,\"name\":\"Decorazioni murali\",\"item\":\"https:\\\/\\\/schweizversand.ch\\\/en\\\/produkt-kategorie\\\/wanddekoration\\\/\"},{\"@type\":\"ListItem\",\"position\":6,\"name\":\"Frutta decorativa a spirale Boland\"}]},{\"@type\":\"WebSite\",\"@id\":\"https:\\\/\\\/schweizversand.ch\\\/it\\\/#website\",\"url\":\"https:\\\/\\\/schweizversand.ch\\\/it\\\/\",\"name\":\"Schweizer Shop f\u00fcr Sport, Spiel und Freizeit\",\"description\":\"Gratisversand ab 50.- (netto), ab eigenem schweizer Lager, Lieferung innert 48h\",\"publisher\":{\"@id\":\"https:\\\/\\\/schweizversand.ch\\\/it\\\/#organization\"},\"alternateName\":\"Schweizversand.ch\",\"potentialAction\":[{\"@type\":\"SearchAction\",\"target\":{\"@type\":\"EntryPoint\",\"urlTemplate\":\"https:\\\/\\\/schweizversand.ch\\\/it\\\/?s={search_term_string}\"},\"query-input\":{\"@type\":\"PropertyValueSpecification\",\"valueRequired\":true,\"valueName\":\"search_term_string\"}}],\"inLanguage\":\"it-IT\"},{\"@type\":\"Organization\",\"@id\":\"https:\\\/\\\/schweizversand.ch\\\/it\\\/#organization\",\"name\":\"Schweizversand.ch\",\"url\":\"https:\\\/\\\/schweizversand.ch\\\/it\\\/\",\"logo\":{\"@type\":\"ImageObject\",\"inLanguage\":\"it-IT\",\"@id\":\"https:\\\/\\\/schweizversand.ch\\\/it\\\/#\\\/schema\\\/logo\\\/image\\\/\",\"url\":\"https:\\\/\\\/schweizversand.ch\\\/wp-content\\\/uploads\\\/2026\\\/03\\\/Logo_Rund_Final-1.png\",\"contentUrl\":\"https:\\\/\\\/schweizversand.ch\\\/wp-content\\\/uploads\\\/2026\\\/03\\\/Logo_Rund_Final-1.png\",\"width\":404,\"height\":404,\"caption\":\"Schweizversand.ch\"},\"image\":{\"@id\":\"https:\\\/\\\/schweizversand.ch\\\/it\\\/#\\\/schema\\\/logo\\\/image\\\/\"},\"sameAs\":[\"https:\\\/\\\/www.facebook.com\\\/Schweizversand\",\"https:\\\/\\\/www.instagram.com\\\/schweizversand.ch\\\/\"]}]}<\/script>\n<!-- \/ Yoast SEO plugin. -->","yoast_head_json":{"title":"Boland Deko-Wirbel Fr\u00fcchte | Jetzt kaufen | Schweizversand.ch","description":"Boland Deko-Wirbel Fr\u00fcchte g\u00fcnstig kaufen bei Schweizversand.ch. Schnelle Lieferung in der Schweiz. Gratisversand ab CHF 50.","robots":{"index":"index","follow":"follow","max-snippet":"max-snippet:-1","max-image-preview":"max-image-preview:large","max-video-preview":"max-video-preview:-1"},"canonical":"https:\/\/schweizversand.ch\/it\/produkt\/boland-deko-wirbel-fruechte\/","og_locale":"it_IT","og_type":"article","og_title":"Boland Deko-Wirbel Fr\u00fcchte | Jetzt kaufen | Schweizversand.ch","og_description":"Boland Deko-Wirbel Fr\u00fcchte g\u00fcnstig kaufen bei Schweizversand.ch. Schnelle Lieferung in der Schweiz. Gratisversand ab CHF 50.","og_url":"https:\/\/schweizversand.ch\/it\/produkt\/boland-deko-wirbel-fruechte\/","og_site_name":"Schweizer Shop f\u00fcr Sport, Spiel und Freizeit","article_publisher":"https:\/\/www.facebook.com\/Schweizversand","article_modified_time":"2026-04-21T00:04:26+00:00","og_image":[{"width":1024,"height":1024,"url":"https:\/\/schweizversand.ch\/wp-content\/uploads\/2026\/02\/5472037397.jpg","type":"image\/jpeg"}],"twitter_card":"summary_large_image","twitter_misc":{"Tempo di lettura stimato":"1 minuto"},"schema":{"@context":"https:\/\/schema.org","@graph":[{"@type":"WebPage","@id":"https:\/\/schweizversand.ch\/it\/produkt\/boland-deko-wirbel-fruechte\/","url":"https:\/\/schweizversand.ch\/it\/produkt\/boland-deko-wirbel-fruechte\/","name":"Boland Deko-Wirbel Fr\u00fcchte | Jetzt kaufen | Schweizversand.ch","isPartOf":{"@id":"https:\/\/schweizversand.ch\/it\/#website"},"primaryImageOfPage":{"@id":"https:\/\/schweizversand.ch\/it\/produkt\/boland-deko-wirbel-fruechte\/#primaryimage"},"image":{"@id":"https:\/\/schweizversand.ch\/it\/produkt\/boland-deko-wirbel-fruechte\/#primaryimage"},"thumbnailUrl":"https:\/\/schweizversand.ch\/wp-content\/uploads\/2026\/02\/5472037397.jpg","datePublished":"2026-03-14T23:05:51+00:00","dateModified":"2026-04-21T00:04:26+00:00","description":"Boland Deko-Wirbel Fr\u00fcchte g\u00fcnstig kaufen bei Schweizversand.ch. Schnelle Lieferung in der Schweiz. Gratisversand ab CHF 50.","breadcrumb":{"@id":"https:\/\/schweizversand.ch\/it\/produkt\/boland-deko-wirbel-fruechte\/#breadcrumb"},"inLanguage":"it-IT","potentialAction":[{"@type":"ReadAction","target":["https:\/\/schweizversand.ch\/it\/produkt\/boland-deko-wirbel-fruechte\/"]}]},{"@type":"ImageObject","inLanguage":"it-IT","@id":"https:\/\/schweizversand.ch\/it\/produkt\/boland-deko-wirbel-fruechte\/#primaryimage","url":"https:\/\/schweizversand.ch\/wp-content\/uploads\/2026\/02\/5472037397.jpg","contentUrl":"https:\/\/schweizversand.ch\/wp-content\/uploads\/2026\/02\/5472037397.jpg","width":1024,"height":1024},{"@type":"BreadcrumbList","@id":"https:\/\/schweizversand.ch\/it\/produkt\/boland-deko-wirbel-fruechte\/#breadcrumb","itemListElement":[{"@type":"ListItem","position":1,"name":"Startseite","item":"https:\/\/schweizversand.ch\/it\/home\/"},{"@type":"ListItem","position":2,"name":"Shop","item":"https:\/\/schweizversand.ch\/it\/shop\/"},{"@type":"ListItem","position":3,"name":"Home","item":"https:\/\/schweizversand.ch\/it\/produkt-kategorie\/home\/"},{"@type":"ListItem","position":4,"name":"Decorazioni e accessori","item":"https:\/\/schweizversand.ch\/it\/produkt-kategorie\/home\/decorazioni-e-accessori\/"},{"@type":"ListItem","position":5,"name":"Decorazioni murali","item":"https:\/\/schweizversand.ch\/en\/produkt-kategorie\/wanddekoration\/"},{"@type":"ListItem","position":6,"name":"Frutta decorativa a spirale Boland"}]},{"@type":"WebSite","@id":"https:\/\/schweizversand.ch\/it\/#website","url":"https:\/\/schweizversand.ch\/it\/","name":"Schweizer Shop f\u00fcr Sport, Spiel und Freizeit","description":"Gratisversand ab 50.- (netto), ab eigenem schweizer Lager, Lieferung innert 48h","publisher":{"@id":"https:\/\/schweizversand.ch\/it\/#organization"},"alternateName":"Schweizversand.ch","potentialAction":[{"@type":"SearchAction","target":{"@type":"EntryPoint","urlTemplate":"https:\/\/schweizversand.ch\/it\/?s={search_term_string}"},"query-input":{"@type":"PropertyValueSpecification","valueRequired":true,"valueName":"search_term_string"}}],"inLanguage":"it-IT"},{"@type":"Organization","@id":"https:\/\/schweizversand.ch\/it\/#organization","name":"Schweizversand.ch","url":"https:\/\/schweizversand.ch\/it\/","logo":{"@type":"ImageObject","inLanguage":"it-IT","@id":"https:\/\/schweizversand.ch\/it\/#\/schema\/logo\/image\/","url":"https:\/\/schweizversand.ch\/wp-content\/uploads\/2026\/03\/Logo_Rund_Final-1.png","contentUrl":"https:\/\/schweizversand.ch\/wp-content\/uploads\/2026\/03\/Logo_Rund_Final-1.png","width":404,"height":404,"caption":"Schweizversand.ch"},"image":{"@id":"https:\/\/schweizversand.ch\/it\/#\/schema\/logo\/image\/"},"sameAs":["https:\/\/www.facebook.com\/Schweizversand","https:\/\/www.instagram.com\/schweizversand.ch\/"]}]}},"jetpack_sharing_enabled":true,"_links":{"self":[{"href":"https:\/\/schweizversand.ch\/it\/wp-json\/wp\/v2\/product\/256339","targetHints":{"allow":["GET"]}}],"collection":[{"href":"https:\/\/schweizversand.ch\/it\/wp-json\/wp\/v2\/product"}],"about":[{"href":"https:\/\/schweizversand.ch\/it\/wp-json\/wp\/v2\/types\/product"}],"replies":[{"embeddable":true,"href":"https:\/\/schweizversand.ch\/it\/wp-json\/wp\/v2\/comments?post=256339"}],"wp:featuredmedia":[{"embeddable":true,"href":"https:\/\/schweizversand.ch\/it\/wp-json\/wp\/v2\/media\/157737"}],"wp:attachment":[{"href":"https:\/\/schweizversand.ch\/it\/wp-json\/wp\/v2\/media?parent=256339"}],"wp:term":[{"taxonomy":"product_brand","embeddable":true,"href":"https:\/\/schweizversand.ch\/it\/wp-json\/wp\/v2\/product_brand?post=256339"},{"taxonomy":"product_cat","embeddable":true,"href":"https:\/\/schweizversand.ch\/it\/wp-json\/wp\/v2\/product_cat?post=256339"},{"taxonomy":"product_tag","embeddable":true,"href":"https:\/\/schweizversand.ch\/it\/wp-json\/wp\/v2\/product_tag?post=256339"}],"curies":[{"name":"wp","href":"https:\/\/api.w.org\/{rel}","templated":true}]}}