{"id":256350,"date":"2026-03-15T00:06:09","date_gmt":"2026-03-14T23:06:09","guid":{"rendered":"https:\/\/schweizversand.ch\/produkt\/dunlop-spiralkabelschloss-mit-schluessel\/"},"modified":"2026-04-19T02:05:56","modified_gmt":"2026-04-19T00:05:56","slug":"dunlop-spiralkabelschloss-mit-schluessel","status":"publish","type":"product","link":"https:\/\/schweizversand.ch\/it\/produkt\/dunlop-spiralkabelschloss-mit-schluessel\/","title":{"rendered":"Lucchetto a spirale Dunlop con chiave"},"content":{"rendered":"<p>Cerchi un lucchetto per bici universale e resistente? Questo lucchetto a cavo a spirale con chiavi protegger\u00e0 la tua bici dai furti!<\/p>\n<\/p>\n<p>Il lucchetto a cavo spesso protegge la tua bici dai furti ed \u00e8 resistente grazie al suo diametro di 6 mm. La copertura in plastica colorata protegge la bici dai graffi. Ideale per tutti i tipi di bici, pu\u00f2 essere chiuso con una chiave. Il lucchetto a cavo a spirale \u00e8 un accessorio molto pratico per la tua bici.<\/p>\n<\/p>\n<p>\u00c8 adatto sia per brevi che per lunghe gite in bicicletta fuori citt\u00e0. Non solo riduce il rischio di furto della tua bici o del tuo scooter, ma ti permette anche di chiudere qualsiasi cancello. La sua forma a spirale permette di arrotolarlo per riporlo in modo compatto. L&#8217;anima \u00e8 un cavo d&#8217;acciaio rivestito in plastica morbida per evitare graffi sul telaio della bici. Con una lunghezza totale di 90 cm, \u00e8 facile da fissare a strutture fisse come ringhiere o portabici. Il cavo ha un diametro di 6 mm, offrendo una buona protezione contro i furti. Il lucchetto \u00e8 facile da aprire e chiudere, sia sbloccandolo che tirandolo con la chiave.<\/p>\n<\/p>\n<p>Dettagli:<\/p>\n<\/p>\n<p>\u2022 Lunghezza totale circa: 90 cm<\/p>\n<\/p>\n<p>\u2022 Spessore maglia: 6 mm<\/p>\n<\/p>\n<p>\u2022 Materiale: Acciaio, plastica<\/p>\n<\/p>\n<p>\u2022 Peso netto circa: 0,113 kg<\/p>\n<\/p>\n<p>\u2022 Meccanismo di chiusura: Serratura a chiave<\/p>\n<\/p>\n<p>\u2022 Chiave di ricambio: S\u00ec<\/p>\n<\/p>\n<p>\u2022 Colore: Giallo, nero, rosso, verde<\/p>\n<\/p>\n<p>Il colore non \u00e8 selezionabile. La spedizione viene effettuata in assortiti ove possibile, fino a esaurimento scorte.<\/p>\n<\/p>\n<p>Prezzo al pezzo<\/p>\n","protected":false},"excerpt":{"rendered":"<p>Cerchi un lucchetto per bici universale e resistente? Questo lucchetto a cavo a spirale con chiavi protegger\u00e0 la tua bici dai furti! Il lucchetto a cavo spesso protegge la tua bici dai furti ed \u00e8 resistente grazie al suo diametro di 6 mm. La copertura in plastica colorata protegge la bici dai graffi. Ideale per tutti i tipi di bici, pu\u00f2 essere chiuso con una chiave. Il lucchetto a cavo a spirale \u00e8 un accessorio&hellip;<\/p>\n","protected":false},"featured_media":158207,"comment_status":"open","ping_status":"closed","template":"","meta":[],"product_brand":[],"product_cat":[38664,38665],"product_tag":[],"class_list":{"0":"post-256350","1":"product","2":"type-product","3":"status-publish","4":"has-post-thumbnail","6":"product_cat-veloausruestung","7":"product_cat-attrezzatura-da-ciclismo","8":"product_shipping_class-global_methods","10":"first","11":"instock","12":"taxable","13":"shipping-taxable","14":"purchasable","15":"product-type-simple"},"yoast_head":"<!-- This site is optimized with the Yoast SEO plugin v27.4 - https:\/\/yoast.com\/product\/yoast-seo-wordpress\/ -->\n<title>Dunlop Spiralkabelschloss mit Schl\u00fcssel | Jetzt kaufen | Schweizversand.ch<\/title>\n<meta name=\"description\" content=\"Dunlop Spiralkabelschloss mit Schl\u00fcssel g\u00fcnstig kaufen bei Schweizversand.ch. Schnelle Lieferung in der Schweiz. Gratisversand ab CHF 50.\" \/>\n<meta name=\"robots\" content=\"index, follow, max-snippet:-1, max-image-preview:large, max-video-preview:-1\" \/>\n<link rel=\"canonical\" href=\"https:\/\/schweizversand.ch\/it\/produkt\/dunlop-spiralkabelschloss-mit-schluessel\/\" \/>\n<meta property=\"og:locale\" content=\"it_IT\" \/>\n<meta property=\"og:type\" content=\"article\" \/>\n<meta property=\"og:title\" content=\"Dunlop Spiralkabelschloss mit Schl\u00fcssel | Jetzt kaufen | Schweizversand.ch\" \/>\n<meta property=\"og:description\" content=\"Dunlop Spiralkabelschloss mit Schl\u00fcssel g\u00fcnstig kaufen bei Schweizversand.ch. Schnelle Lieferung in der Schweiz. Gratisversand ab CHF 50.\" \/>\n<meta property=\"og:url\" content=\"https:\/\/schweizversand.ch\/it\/produkt\/dunlop-spiralkabelschloss-mit-schluessel\/\" \/>\n<meta property=\"og:site_name\" content=\"Schweizer Shop f\u00fcr Sport, Spiel und Freizeit\" \/>\n<meta property=\"article:publisher\" content=\"https:\/\/www.facebook.com\/Schweizversand\" \/>\n<meta property=\"article:modified_time\" content=\"2026-04-19T00:05:56+00:00\" \/>\n<meta property=\"og:image\" content=\"https:\/\/schweizversand.ch\/wp-content\/uploads\/2026\/02\/5471524145.jpg\" \/>\n\t<meta property=\"og:image:width\" content=\"1024\" \/>\n\t<meta property=\"og:image:height\" content=\"768\" \/>\n\t<meta property=\"og:image:type\" content=\"image\/jpeg\" \/>\n<meta name=\"twitter:card\" content=\"summary_large_image\" \/>\n<meta name=\"twitter:label1\" content=\"Tempo di lettura stimato\" \/>\n\t<meta name=\"twitter:data1\" content=\"1 minuto\" \/>\n<script type=\"application\/ld+json\" class=\"yoast-schema-graph\">{\"@context\":\"https:\\\/\\\/schema.org\",\"@graph\":[{\"@type\":\"WebPage\",\"@id\":\"https:\\\/\\\/schweizversand.ch\\\/it\\\/produkt\\\/dunlop-spiralkabelschloss-mit-schluessel\\\/\",\"url\":\"https:\\\/\\\/schweizversand.ch\\\/it\\\/produkt\\\/dunlop-spiralkabelschloss-mit-schluessel\\\/\",\"name\":\"Dunlop Spiralkabelschloss mit Schl\u00fcssel | Jetzt kaufen | Schweizversand.ch\",\"isPartOf\":{\"@id\":\"https:\\\/\\\/schweizversand.ch\\\/it\\\/#website\"},\"primaryImageOfPage\":{\"@id\":\"https:\\\/\\\/schweizversand.ch\\\/it\\\/produkt\\\/dunlop-spiralkabelschloss-mit-schluessel\\\/#primaryimage\"},\"image\":{\"@id\":\"https:\\\/\\\/schweizversand.ch\\\/it\\\/produkt\\\/dunlop-spiralkabelschloss-mit-schluessel\\\/#primaryimage\"},\"thumbnailUrl\":\"https:\\\/\\\/schweizversand.ch\\\/wp-content\\\/uploads\\\/2026\\\/02\\\/5471524145.jpg\",\"datePublished\":\"2026-03-14T23:06:09+00:00\",\"dateModified\":\"2026-04-19T00:05:56+00:00\",\"description\":\"Dunlop Spiralkabelschloss mit Schl\u00fcssel g\u00fcnstig kaufen bei Schweizversand.ch. Schnelle Lieferung in der Schweiz. Gratisversand ab CHF 50.\",\"breadcrumb\":{\"@id\":\"https:\\\/\\\/schweizversand.ch\\\/it\\\/produkt\\\/dunlop-spiralkabelschloss-mit-schluessel\\\/#breadcrumb\"},\"inLanguage\":\"it-IT\",\"potentialAction\":[{\"@type\":\"ReadAction\",\"target\":[\"https:\\\/\\\/schweizversand.ch\\\/it\\\/produkt\\\/dunlop-spiralkabelschloss-mit-schluessel\\\/\"]}]},{\"@type\":\"ImageObject\",\"inLanguage\":\"it-IT\",\"@id\":\"https:\\\/\\\/schweizversand.ch\\\/it\\\/produkt\\\/dunlop-spiralkabelschloss-mit-schluessel\\\/#primaryimage\",\"url\":\"https:\\\/\\\/schweizversand.ch\\\/wp-content\\\/uploads\\\/2026\\\/02\\\/5471524145.jpg\",\"contentUrl\":\"https:\\\/\\\/schweizversand.ch\\\/wp-content\\\/uploads\\\/2026\\\/02\\\/5471524145.jpg\",\"width\":1024,\"height\":768},{\"@type\":\"BreadcrumbList\",\"@id\":\"https:\\\/\\\/schweizversand.ch\\\/it\\\/produkt\\\/dunlop-spiralkabelschloss-mit-schluessel\\\/#breadcrumb\",\"itemListElement\":[{\"@type\":\"ListItem\",\"position\":1,\"name\":\"Startseite\",\"item\":\"https:\\\/\\\/schweizversand.ch\\\/it\\\/home\\\/\"},{\"@type\":\"ListItem\",\"position\":2,\"name\":\"Shop\",\"item\":\"https:\\\/\\\/schweizversand.ch\\\/it\\\/shop\\\/\"},{\"@type\":\"ListItem\",\"position\":3,\"name\":\"Sport\",\"item\":\"https:\\\/\\\/schweizversand.ch\\\/it\\\/produkt-kategorie\\\/sport-it\\\/\"},{\"@type\":\"ListItem\",\"position\":4,\"name\":\"Bici\",\"item\":\"https:\\\/\\\/schweizversand.ch\\\/it\\\/produkt-kategorie\\\/sport-it\\\/bici\\\/\"},{\"@type\":\"ListItem\",\"position\":5,\"name\":\"Attrezzatura da ciclismo\",\"item\":\"https:\\\/\\\/schweizversand.ch\\\/it\\\/produkt-kategorie\\\/sport-it\\\/bici\\\/veloausruestung\\\/\"},{\"@type\":\"ListItem\",\"position\":6,\"name\":\"Lucchetto a spirale Dunlop con chiave\"}]},{\"@type\":\"WebSite\",\"@id\":\"https:\\\/\\\/schweizversand.ch\\\/it\\\/#website\",\"url\":\"https:\\\/\\\/schweizversand.ch\\\/it\\\/\",\"name\":\"Schweizer Shop f\u00fcr Sport, Spiel und Freizeit\",\"description\":\"Gratisversand ab 50.- (netto), ab eigenem schweizer Lager, Lieferung innert 48h\",\"publisher\":{\"@id\":\"https:\\\/\\\/schweizversand.ch\\\/it\\\/#organization\"},\"alternateName\":\"Schweizversand.ch\",\"potentialAction\":[{\"@type\":\"SearchAction\",\"target\":{\"@type\":\"EntryPoint\",\"urlTemplate\":\"https:\\\/\\\/schweizversand.ch\\\/it\\\/?s={search_term_string}\"},\"query-input\":{\"@type\":\"PropertyValueSpecification\",\"valueRequired\":true,\"valueName\":\"search_term_string\"}}],\"inLanguage\":\"it-IT\"},{\"@type\":\"Organization\",\"@id\":\"https:\\\/\\\/schweizversand.ch\\\/it\\\/#organization\",\"name\":\"Schweizversand.ch\",\"url\":\"https:\\\/\\\/schweizversand.ch\\\/it\\\/\",\"logo\":{\"@type\":\"ImageObject\",\"inLanguage\":\"it-IT\",\"@id\":\"https:\\\/\\\/schweizversand.ch\\\/it\\\/#\\\/schema\\\/logo\\\/image\\\/\",\"url\":\"https:\\\/\\\/schweizversand.ch\\\/wp-content\\\/uploads\\\/2026\\\/03\\\/Logo_Rund_Final-1.png\",\"contentUrl\":\"https:\\\/\\\/schweizversand.ch\\\/wp-content\\\/uploads\\\/2026\\\/03\\\/Logo_Rund_Final-1.png\",\"width\":404,\"height\":404,\"caption\":\"Schweizversand.ch\"},\"image\":{\"@id\":\"https:\\\/\\\/schweizversand.ch\\\/it\\\/#\\\/schema\\\/logo\\\/image\\\/\"},\"sameAs\":[\"https:\\\/\\\/www.facebook.com\\\/Schweizversand\",\"https:\\\/\\\/www.instagram.com\\\/schweizversand.ch\\\/\"]}]}<\/script>\n<!-- \/ Yoast SEO plugin. -->","yoast_head_json":{"title":"Dunlop Spiralkabelschloss mit Schl\u00fcssel | Jetzt kaufen | Schweizversand.ch","description":"Dunlop Spiralkabelschloss mit Schl\u00fcssel g\u00fcnstig kaufen bei Schweizversand.ch. Schnelle Lieferung in der Schweiz. Gratisversand ab CHF 50.","robots":{"index":"index","follow":"follow","max-snippet":"max-snippet:-1","max-image-preview":"max-image-preview:large","max-video-preview":"max-video-preview:-1"},"canonical":"https:\/\/schweizversand.ch\/it\/produkt\/dunlop-spiralkabelschloss-mit-schluessel\/","og_locale":"it_IT","og_type":"article","og_title":"Dunlop Spiralkabelschloss mit Schl\u00fcssel | Jetzt kaufen | Schweizversand.ch","og_description":"Dunlop Spiralkabelschloss mit Schl\u00fcssel g\u00fcnstig kaufen bei Schweizversand.ch. Schnelle Lieferung in der Schweiz. Gratisversand ab CHF 50.","og_url":"https:\/\/schweizversand.ch\/it\/produkt\/dunlop-spiralkabelschloss-mit-schluessel\/","og_site_name":"Schweizer Shop f\u00fcr Sport, Spiel und Freizeit","article_publisher":"https:\/\/www.facebook.com\/Schweizversand","article_modified_time":"2026-04-19T00:05:56+00:00","og_image":[{"width":1024,"height":768,"url":"https:\/\/schweizversand.ch\/wp-content\/uploads\/2026\/02\/5471524145.jpg","type":"image\/jpeg"}],"twitter_card":"summary_large_image","twitter_misc":{"Tempo di lettura stimato":"1 minuto"},"schema":{"@context":"https:\/\/schema.org","@graph":[{"@type":"WebPage","@id":"https:\/\/schweizversand.ch\/it\/produkt\/dunlop-spiralkabelschloss-mit-schluessel\/","url":"https:\/\/schweizversand.ch\/it\/produkt\/dunlop-spiralkabelschloss-mit-schluessel\/","name":"Dunlop Spiralkabelschloss mit Schl\u00fcssel | Jetzt kaufen | Schweizversand.ch","isPartOf":{"@id":"https:\/\/schweizversand.ch\/it\/#website"},"primaryImageOfPage":{"@id":"https:\/\/schweizversand.ch\/it\/produkt\/dunlop-spiralkabelschloss-mit-schluessel\/#primaryimage"},"image":{"@id":"https:\/\/schweizversand.ch\/it\/produkt\/dunlop-spiralkabelschloss-mit-schluessel\/#primaryimage"},"thumbnailUrl":"https:\/\/schweizversand.ch\/wp-content\/uploads\/2026\/02\/5471524145.jpg","datePublished":"2026-03-14T23:06:09+00:00","dateModified":"2026-04-19T00:05:56+00:00","description":"Dunlop Spiralkabelschloss mit Schl\u00fcssel g\u00fcnstig kaufen bei Schweizversand.ch. Schnelle Lieferung in der Schweiz. Gratisversand ab CHF 50.","breadcrumb":{"@id":"https:\/\/schweizversand.ch\/it\/produkt\/dunlop-spiralkabelschloss-mit-schluessel\/#breadcrumb"},"inLanguage":"it-IT","potentialAction":[{"@type":"ReadAction","target":["https:\/\/schweizversand.ch\/it\/produkt\/dunlop-spiralkabelschloss-mit-schluessel\/"]}]},{"@type":"ImageObject","inLanguage":"it-IT","@id":"https:\/\/schweizversand.ch\/it\/produkt\/dunlop-spiralkabelschloss-mit-schluessel\/#primaryimage","url":"https:\/\/schweizversand.ch\/wp-content\/uploads\/2026\/02\/5471524145.jpg","contentUrl":"https:\/\/schweizversand.ch\/wp-content\/uploads\/2026\/02\/5471524145.jpg","width":1024,"height":768},{"@type":"BreadcrumbList","@id":"https:\/\/schweizversand.ch\/it\/produkt\/dunlop-spiralkabelschloss-mit-schluessel\/#breadcrumb","itemListElement":[{"@type":"ListItem","position":1,"name":"Startseite","item":"https:\/\/schweizversand.ch\/it\/home\/"},{"@type":"ListItem","position":2,"name":"Shop","item":"https:\/\/schweizversand.ch\/it\/shop\/"},{"@type":"ListItem","position":3,"name":"Sport","item":"https:\/\/schweizversand.ch\/it\/produkt-kategorie\/sport-it\/"},{"@type":"ListItem","position":4,"name":"Bici","item":"https:\/\/schweizversand.ch\/it\/produkt-kategorie\/sport-it\/bici\/"},{"@type":"ListItem","position":5,"name":"Attrezzatura da ciclismo","item":"https:\/\/schweizversand.ch\/it\/produkt-kategorie\/sport-it\/bici\/veloausruestung\/"},{"@type":"ListItem","position":6,"name":"Lucchetto a spirale Dunlop con chiave"}]},{"@type":"WebSite","@id":"https:\/\/schweizversand.ch\/it\/#website","url":"https:\/\/schweizversand.ch\/it\/","name":"Schweizer Shop f\u00fcr Sport, Spiel und Freizeit","description":"Gratisversand ab 50.- (netto), ab eigenem schweizer Lager, Lieferung innert 48h","publisher":{"@id":"https:\/\/schweizversand.ch\/it\/#organization"},"alternateName":"Schweizversand.ch","potentialAction":[{"@type":"SearchAction","target":{"@type":"EntryPoint","urlTemplate":"https:\/\/schweizversand.ch\/it\/?s={search_term_string}"},"query-input":{"@type":"PropertyValueSpecification","valueRequired":true,"valueName":"search_term_string"}}],"inLanguage":"it-IT"},{"@type":"Organization","@id":"https:\/\/schweizversand.ch\/it\/#organization","name":"Schweizversand.ch","url":"https:\/\/schweizversand.ch\/it\/","logo":{"@type":"ImageObject","inLanguage":"it-IT","@id":"https:\/\/schweizversand.ch\/it\/#\/schema\/logo\/image\/","url":"https:\/\/schweizversand.ch\/wp-content\/uploads\/2026\/03\/Logo_Rund_Final-1.png","contentUrl":"https:\/\/schweizversand.ch\/wp-content\/uploads\/2026\/03\/Logo_Rund_Final-1.png","width":404,"height":404,"caption":"Schweizversand.ch"},"image":{"@id":"https:\/\/schweizversand.ch\/it\/#\/schema\/logo\/image\/"},"sameAs":["https:\/\/www.facebook.com\/Schweizversand","https:\/\/www.instagram.com\/schweizversand.ch\/"]}]}},"jetpack_sharing_enabled":true,"_links":{"self":[{"href":"https:\/\/schweizversand.ch\/it\/wp-json\/wp\/v2\/product\/256350","targetHints":{"allow":["GET"]}}],"collection":[{"href":"https:\/\/schweizversand.ch\/it\/wp-json\/wp\/v2\/product"}],"about":[{"href":"https:\/\/schweizversand.ch\/it\/wp-json\/wp\/v2\/types\/product"}],"replies":[{"embeddable":true,"href":"https:\/\/schweizversand.ch\/it\/wp-json\/wp\/v2\/comments?post=256350"}],"wp:featuredmedia":[{"embeddable":true,"href":"https:\/\/schweizversand.ch\/it\/wp-json\/wp\/v2\/media\/158207"}],"wp:attachment":[{"href":"https:\/\/schweizversand.ch\/it\/wp-json\/wp\/v2\/media?parent=256350"}],"wp:term":[{"taxonomy":"product_brand","embeddable":true,"href":"https:\/\/schweizversand.ch\/it\/wp-json\/wp\/v2\/product_brand?post=256350"},{"taxonomy":"product_cat","embeddable":true,"href":"https:\/\/schweizversand.ch\/it\/wp-json\/wp\/v2\/product_cat?post=256350"},{"taxonomy":"product_tag","embeddable":true,"href":"https:\/\/schweizversand.ch\/it\/wp-json\/wp\/v2\/product_tag?post=256350"}],"curies":[{"name":"wp","href":"https:\/\/api.w.org\/{rel}","templated":true}]}}