{"id":256354,"date":"2026-03-15T00:06:17","date_gmt":"2026-03-14T23:06:17","guid":{"rendered":"https:\/\/schweizversand.ch\/produkt\/pierre-cardin-herren-unterwaesche-t-shirt-3-er-pack-2\/"},"modified":"2026-04-19T15:36:34","modified_gmt":"2026-04-19T13:36:34","slug":"pierre-cardin-herren-unterwaesche-t-shirt-3-er-pack-2","status":"publish","type":"product","link":"https:\/\/schweizversand.ch\/it\/produkt\/pierre-cardin-herren-unterwaesche-t-shirt-3-er-pack-2\/","title":{"rendered":"Confezione da 3 magliette intime da uomo Pierre Cardin"},"content":{"rendered":"<h1><strong>T-shirt intima da uomo, confezione da 3<\/strong><\/h1>\n<div>Scopri il massimo comfort e la vestibilit\u00e0 perfetta con la nostra confezione da 3 magliette intime da uomo. Queste magliette girocollo di alta qualit\u00e0 sono un&#8217;aggiunta essenziale a qualsiasi guardaroba e ti offrono una sensazione di comfort per tutto il giorno.<\/p>\n<\/div>\n<div><strong>Comfort e materiale<\/strong><br \/>Ogni canottiera da uomo in questa confezione da 3 \u00e8 realizzata in <strong>cotone<\/strong>, che garantisce morbidezza e traspirabilit\u00e0 eccezionali. Il cotone di alta qualit\u00e0 \u00e8 particolarmente delicato sulla pelle e ideale per le pelli sensibili, cos\u00ec ti sentirai sempre fresco e a tuo agio. Questo set da uomo in cotone \u00e8 perfetto per l&#8217;uso quotidiano.<\/p>\n<\/div>\n<div><strong>Design e versatilit\u00e0<\/strong><br \/>Il classico design da uomo con <strong>t-shirt girocollo<\/strong> rende queste magliette un compagno versatile. Che si tratti di uno strato di base invisibile sotto camicie e maglioni o di un comodo top per rilassarsi a casa, queste t-shirt da uomo in cotone sono sempre la scelta giusta. Il taglio \u00e8 progettato per adattarsi perfettamente alla forma del tuo corpo senza risultare costrittivo. Il tuo vantaggio con la confezione multipla: con questa confezione multipla di t-shirt da uomo, ricevi tre t-shirt di alta qualit\u00e0 che potrai indossare a lungo. La struttura resistente garantisce longevit\u00e0; anche dopo numerosi lavaggi, le magliette mantengono la loro forma e il loro colore. Approfitta di questo pratico set di intimo e t-shirt da uomo e rinnova in modo intelligente il tuo guardaroba. Istruzioni per la cura: &#8211; Lavare in lavatrice a 40 \u00b0C &#8211; Non candeggiare &#8211; Asciugare in asciugatrice a bassa temperatura &#8211; Stirare a media temperatura &#8211; Non lavare a secco. Investi in questa confezione da 3 e scopri la combinazione di qualit\u00e0, comfort e design senza tempo che migliora significativamente il tuo benessere quotidiano.<\/p>\n","protected":false},"excerpt":{"rendered":"<p>T-shirt intima da uomo, confezione da 3 Scopri il massimo comfort e la vestibilit\u00e0 perfetta con la nostra confezione da 3 magliette intime da uomo. Queste magliette girocollo di alta qualit\u00e0 sono un&#8217;aggiunta essenziale a qualsiasi guardaroba e ti offrono una sensazione di comfort per tutto il giorno. Comfort e materialeOgni canottiera da uomo in questa confezione da 3 \u00e8 realizzata in cotone, che garantisce morbidezza e traspirabilit\u00e0 eccezionali. Il cotone di alta qualit\u00e0 \u00e8&hellip;<\/p>\n","protected":false},"featured_media":167133,"comment_status":"open","ping_status":"closed","template":"","meta":[],"product_brand":[],"product_cat":[38376],"product_tag":[],"class_list":{"0":"post-256354","1":"product","2":"type-product","3":"status-publish","4":"has-post-thumbnail","6":"product_cat-herrenwaesche","7":"product_shipping_class-global_methods","9":"first","10":"instock","11":"taxable","12":"shipping-taxable","13":"purchasable","14":"product-type-simple"},"yoast_head":"<!-- This site is optimized with the Yoast SEO plugin v27.4 - https:\/\/yoast.com\/product\/yoast-seo-wordpress\/ -->\n<title>Pierre Cardin Herren Unterw\u00e4sche T-Shirt 3-er Pack | Jetzt kaufen | Schweizversand.ch<\/title>\n<meta name=\"description\" content=\"Pierre Cardin Herren Unterw\u00e4sche T-Shirt 3-er Pack g\u00fcnstig kaufen bei Schweizversand.ch. Schnelle Lieferung in der Schweiz. Gratisversand ab CHF 50.\" \/>\n<meta name=\"robots\" content=\"index, follow, max-snippet:-1, max-image-preview:large, max-video-preview:-1\" \/>\n<link rel=\"canonical\" href=\"https:\/\/schweizversand.ch\/it\/produkt\/pierre-cardin-herren-unterwaesche-t-shirt-3-er-pack-2\/\" \/>\n<meta property=\"og:locale\" content=\"it_IT\" \/>\n<meta property=\"og:type\" content=\"article\" \/>\n<meta property=\"og:title\" content=\"Pierre Cardin Herren Unterw\u00e4sche T-Shirt 3-er Pack | Jetzt kaufen | Schweizversand.ch\" \/>\n<meta property=\"og:description\" content=\"Pierre Cardin Herren Unterw\u00e4sche T-Shirt 3-er Pack g\u00fcnstig kaufen bei Schweizversand.ch. Schnelle Lieferung in der Schweiz. Gratisversand ab CHF 50.\" \/>\n<meta property=\"og:url\" content=\"https:\/\/schweizversand.ch\/it\/produkt\/pierre-cardin-herren-unterwaesche-t-shirt-3-er-pack-2\/\" \/>\n<meta property=\"og:site_name\" content=\"Schweizer Shop f\u00fcr Sport, Spiel und Freizeit\" \/>\n<meta property=\"article:publisher\" content=\"https:\/\/www.facebook.com\/Schweizversand\" \/>\n<meta property=\"article:modified_time\" content=\"2026-04-19T13:36:34+00:00\" \/>\n<meta name=\"twitter:card\" content=\"summary_large_image\" \/>\n<meta name=\"twitter:label1\" content=\"Tempo di lettura stimato\" \/>\n\t<meta name=\"twitter:data1\" content=\"1 minuto\" \/>\n<script type=\"application\/ld+json\" class=\"yoast-schema-graph\">{\"@context\":\"https:\\\/\\\/schema.org\",\"@graph\":[{\"@type\":\"WebPage\",\"@id\":\"https:\\\/\\\/schweizversand.ch\\\/it\\\/produkt\\\/pierre-cardin-herren-unterwaesche-t-shirt-3-er-pack-2\\\/\",\"url\":\"https:\\\/\\\/schweizversand.ch\\\/it\\\/produkt\\\/pierre-cardin-herren-unterwaesche-t-shirt-3-er-pack-2\\\/\",\"name\":\"Pierre Cardin Herren Unterw\u00e4sche T-Shirt 3-er Pack | Jetzt kaufen | Schweizversand.ch\",\"isPartOf\":{\"@id\":\"https:\\\/\\\/schweizversand.ch\\\/it\\\/#website\"},\"primaryImageOfPage\":{\"@id\":\"https:\\\/\\\/schweizversand.ch\\\/it\\\/produkt\\\/pierre-cardin-herren-unterwaesche-t-shirt-3-er-pack-2\\\/#primaryimage\"},\"image\":{\"@id\":\"https:\\\/\\\/schweizversand.ch\\\/it\\\/produkt\\\/pierre-cardin-herren-unterwaesche-t-shirt-3-er-pack-2\\\/#primaryimage\"},\"thumbnailUrl\":\"https:\\\/\\\/schweizversand.ch\\\/wp-content\\\/uploads\\\/2026\\\/02\\\/5593928520.jpg\",\"datePublished\":\"2026-03-14T23:06:17+00:00\",\"dateModified\":\"2026-04-19T13:36:34+00:00\",\"description\":\"Pierre Cardin Herren Unterw\u00e4sche T-Shirt 3-er Pack g\u00fcnstig kaufen bei Schweizversand.ch. Schnelle Lieferung in der Schweiz. Gratisversand ab CHF 50.\",\"breadcrumb\":{\"@id\":\"https:\\\/\\\/schweizversand.ch\\\/it\\\/produkt\\\/pierre-cardin-herren-unterwaesche-t-shirt-3-er-pack-2\\\/#breadcrumb\"},\"inLanguage\":\"it-IT\",\"potentialAction\":[{\"@type\":\"ReadAction\",\"target\":[\"https:\\\/\\\/schweizversand.ch\\\/it\\\/produkt\\\/pierre-cardin-herren-unterwaesche-t-shirt-3-er-pack-2\\\/\"]}]},{\"@type\":\"ImageObject\",\"inLanguage\":\"it-IT\",\"@id\":\"https:\\\/\\\/schweizversand.ch\\\/it\\\/produkt\\\/pierre-cardin-herren-unterwaesche-t-shirt-3-er-pack-2\\\/#primaryimage\",\"url\":\"https:\\\/\\\/schweizversand.ch\\\/wp-content\\\/uploads\\\/2026\\\/02\\\/5593928520.jpg\",\"contentUrl\":\"https:\\\/\\\/schweizversand.ch\\\/wp-content\\\/uploads\\\/2026\\\/02\\\/5593928520.jpg\",\"width\":1024,\"height\":1024},{\"@type\":\"BreadcrumbList\",\"@id\":\"https:\\\/\\\/schweizversand.ch\\\/it\\\/produkt\\\/pierre-cardin-herren-unterwaesche-t-shirt-3-er-pack-2\\\/#breadcrumb\",\"itemListElement\":[{\"@type\":\"ListItem\",\"position\":1,\"name\":\"Startseite\",\"item\":\"https:\\\/\\\/schweizversand.ch\\\/it\\\/home\\\/\"},{\"@type\":\"ListItem\",\"position\":2,\"name\":\"Shop\",\"item\":\"https:\\\/\\\/schweizversand.ch\\\/it\\\/shop\\\/\"},{\"@type\":\"ListItem\",\"position\":3,\"name\":\"Moda\",\"item\":\"https:\\\/\\\/schweizversand.ch\\\/it\\\/produkt-kategorie\\\/moda\\\/\"},{\"@type\":\"ListItem\",\"position\":4,\"name\":\"Moda maschile\",\"item\":\"https:\\\/\\\/schweizversand.ch\\\/it\\\/produkt-kategorie\\\/moda\\\/moda-maschile\\\/\"},{\"@type\":\"ListItem\",\"position\":5,\"name\":\"Intimo maschile\",\"item\":\"https:\\\/\\\/schweizversand.ch\\\/it\\\/produkt-kategorie\\\/moda\\\/moda-maschile\\\/herrenwaesche\\\/\"},{\"@type\":\"ListItem\",\"position\":6,\"name\":\"Confezione da 3 magliette intime da uomo Pierre Cardin\"}]},{\"@type\":\"WebSite\",\"@id\":\"https:\\\/\\\/schweizversand.ch\\\/it\\\/#website\",\"url\":\"https:\\\/\\\/schweizversand.ch\\\/it\\\/\",\"name\":\"Schweizer Shop f\u00fcr Sport, Spiel und Freizeit\",\"description\":\"Gratisversand ab 50.- (netto), ab eigenem schweizer Lager, Lieferung innert 48h\",\"publisher\":{\"@id\":\"https:\\\/\\\/schweizversand.ch\\\/it\\\/#organization\"},\"alternateName\":\"Schweizversand.ch\",\"potentialAction\":[{\"@type\":\"SearchAction\",\"target\":{\"@type\":\"EntryPoint\",\"urlTemplate\":\"https:\\\/\\\/schweizversand.ch\\\/it\\\/?s={search_term_string}\"},\"query-input\":{\"@type\":\"PropertyValueSpecification\",\"valueRequired\":true,\"valueName\":\"search_term_string\"}}],\"inLanguage\":\"it-IT\"},{\"@type\":\"Organization\",\"@id\":\"https:\\\/\\\/schweizversand.ch\\\/it\\\/#organization\",\"name\":\"Schweizversand.ch\",\"url\":\"https:\\\/\\\/schweizversand.ch\\\/it\\\/\",\"logo\":{\"@type\":\"ImageObject\",\"inLanguage\":\"it-IT\",\"@id\":\"https:\\\/\\\/schweizversand.ch\\\/it\\\/#\\\/schema\\\/logo\\\/image\\\/\",\"url\":\"https:\\\/\\\/schweizversand.ch\\\/wp-content\\\/uploads\\\/2026\\\/03\\\/Logo_Rund_Final-1.png\",\"contentUrl\":\"https:\\\/\\\/schweizversand.ch\\\/wp-content\\\/uploads\\\/2026\\\/03\\\/Logo_Rund_Final-1.png\",\"width\":404,\"height\":404,\"caption\":\"Schweizversand.ch\"},\"image\":{\"@id\":\"https:\\\/\\\/schweizversand.ch\\\/it\\\/#\\\/schema\\\/logo\\\/image\\\/\"},\"sameAs\":[\"https:\\\/\\\/www.facebook.com\\\/Schweizversand\",\"https:\\\/\\\/www.instagram.com\\\/schweizversand.ch\\\/\"]}]}<\/script>\n<!-- \/ Yoast SEO plugin. -->","yoast_head_json":{"title":"Pierre Cardin Herren Unterw\u00e4sche T-Shirt 3-er Pack | Jetzt kaufen | Schweizversand.ch","description":"Pierre Cardin Herren Unterw\u00e4sche T-Shirt 3-er Pack g\u00fcnstig kaufen bei Schweizversand.ch. Schnelle Lieferung in der Schweiz. Gratisversand ab CHF 50.","robots":{"index":"index","follow":"follow","max-snippet":"max-snippet:-1","max-image-preview":"max-image-preview:large","max-video-preview":"max-video-preview:-1"},"canonical":"https:\/\/schweizversand.ch\/it\/produkt\/pierre-cardin-herren-unterwaesche-t-shirt-3-er-pack-2\/","og_locale":"it_IT","og_type":"article","og_title":"Pierre Cardin Herren Unterw\u00e4sche T-Shirt 3-er Pack | Jetzt kaufen | Schweizversand.ch","og_description":"Pierre Cardin Herren Unterw\u00e4sche T-Shirt 3-er Pack g\u00fcnstig kaufen bei Schweizversand.ch. Schnelle Lieferung in der Schweiz. Gratisversand ab CHF 50.","og_url":"https:\/\/schweizversand.ch\/it\/produkt\/pierre-cardin-herren-unterwaesche-t-shirt-3-er-pack-2\/","og_site_name":"Schweizer Shop f\u00fcr Sport, Spiel und Freizeit","article_publisher":"https:\/\/www.facebook.com\/Schweizversand","article_modified_time":"2026-04-19T13:36:34+00:00","twitter_card":"summary_large_image","twitter_misc":{"Tempo di lettura stimato":"1 minuto"},"schema":{"@context":"https:\/\/schema.org","@graph":[{"@type":"WebPage","@id":"https:\/\/schweizversand.ch\/it\/produkt\/pierre-cardin-herren-unterwaesche-t-shirt-3-er-pack-2\/","url":"https:\/\/schweizversand.ch\/it\/produkt\/pierre-cardin-herren-unterwaesche-t-shirt-3-er-pack-2\/","name":"Pierre Cardin Herren Unterw\u00e4sche T-Shirt 3-er Pack | Jetzt kaufen | Schweizversand.ch","isPartOf":{"@id":"https:\/\/schweizversand.ch\/it\/#website"},"primaryImageOfPage":{"@id":"https:\/\/schweizversand.ch\/it\/produkt\/pierre-cardin-herren-unterwaesche-t-shirt-3-er-pack-2\/#primaryimage"},"image":{"@id":"https:\/\/schweizversand.ch\/it\/produkt\/pierre-cardin-herren-unterwaesche-t-shirt-3-er-pack-2\/#primaryimage"},"thumbnailUrl":"https:\/\/schweizversand.ch\/wp-content\/uploads\/2026\/02\/5593928520.jpg","datePublished":"2026-03-14T23:06:17+00:00","dateModified":"2026-04-19T13:36:34+00:00","description":"Pierre Cardin Herren Unterw\u00e4sche T-Shirt 3-er Pack g\u00fcnstig kaufen bei Schweizversand.ch. Schnelle Lieferung in der Schweiz. Gratisversand ab CHF 50.","breadcrumb":{"@id":"https:\/\/schweizversand.ch\/it\/produkt\/pierre-cardin-herren-unterwaesche-t-shirt-3-er-pack-2\/#breadcrumb"},"inLanguage":"it-IT","potentialAction":[{"@type":"ReadAction","target":["https:\/\/schweizversand.ch\/it\/produkt\/pierre-cardin-herren-unterwaesche-t-shirt-3-er-pack-2\/"]}]},{"@type":"ImageObject","inLanguage":"it-IT","@id":"https:\/\/schweizversand.ch\/it\/produkt\/pierre-cardin-herren-unterwaesche-t-shirt-3-er-pack-2\/#primaryimage","url":"https:\/\/schweizversand.ch\/wp-content\/uploads\/2026\/02\/5593928520.jpg","contentUrl":"https:\/\/schweizversand.ch\/wp-content\/uploads\/2026\/02\/5593928520.jpg","width":1024,"height":1024},{"@type":"BreadcrumbList","@id":"https:\/\/schweizversand.ch\/it\/produkt\/pierre-cardin-herren-unterwaesche-t-shirt-3-er-pack-2\/#breadcrumb","itemListElement":[{"@type":"ListItem","position":1,"name":"Startseite","item":"https:\/\/schweizversand.ch\/it\/home\/"},{"@type":"ListItem","position":2,"name":"Shop","item":"https:\/\/schweizversand.ch\/it\/shop\/"},{"@type":"ListItem","position":3,"name":"Moda","item":"https:\/\/schweizversand.ch\/it\/produkt-kategorie\/moda\/"},{"@type":"ListItem","position":4,"name":"Moda maschile","item":"https:\/\/schweizversand.ch\/it\/produkt-kategorie\/moda\/moda-maschile\/"},{"@type":"ListItem","position":5,"name":"Intimo maschile","item":"https:\/\/schweizversand.ch\/it\/produkt-kategorie\/moda\/moda-maschile\/herrenwaesche\/"},{"@type":"ListItem","position":6,"name":"Confezione da 3 magliette intime da uomo Pierre Cardin"}]},{"@type":"WebSite","@id":"https:\/\/schweizversand.ch\/it\/#website","url":"https:\/\/schweizversand.ch\/it\/","name":"Schweizer Shop f\u00fcr Sport, Spiel und Freizeit","description":"Gratisversand ab 50.- (netto), ab eigenem schweizer Lager, Lieferung innert 48h","publisher":{"@id":"https:\/\/schweizversand.ch\/it\/#organization"},"alternateName":"Schweizversand.ch","potentialAction":[{"@type":"SearchAction","target":{"@type":"EntryPoint","urlTemplate":"https:\/\/schweizversand.ch\/it\/?s={search_term_string}"},"query-input":{"@type":"PropertyValueSpecification","valueRequired":true,"valueName":"search_term_string"}}],"inLanguage":"it-IT"},{"@type":"Organization","@id":"https:\/\/schweizversand.ch\/it\/#organization","name":"Schweizversand.ch","url":"https:\/\/schweizversand.ch\/it\/","logo":{"@type":"ImageObject","inLanguage":"it-IT","@id":"https:\/\/schweizversand.ch\/it\/#\/schema\/logo\/image\/","url":"https:\/\/schweizversand.ch\/wp-content\/uploads\/2026\/03\/Logo_Rund_Final-1.png","contentUrl":"https:\/\/schweizversand.ch\/wp-content\/uploads\/2026\/03\/Logo_Rund_Final-1.png","width":404,"height":404,"caption":"Schweizversand.ch"},"image":{"@id":"https:\/\/schweizversand.ch\/it\/#\/schema\/logo\/image\/"},"sameAs":["https:\/\/www.facebook.com\/Schweizversand","https:\/\/www.instagram.com\/schweizversand.ch\/"]}]}},"jetpack_sharing_enabled":true,"_links":{"self":[{"href":"https:\/\/schweizversand.ch\/it\/wp-json\/wp\/v2\/product\/256354","targetHints":{"allow":["GET"]}}],"collection":[{"href":"https:\/\/schweizversand.ch\/it\/wp-json\/wp\/v2\/product"}],"about":[{"href":"https:\/\/schweizversand.ch\/it\/wp-json\/wp\/v2\/types\/product"}],"replies":[{"embeddable":true,"href":"https:\/\/schweizversand.ch\/it\/wp-json\/wp\/v2\/comments?post=256354"}],"wp:featuredmedia":[{"embeddable":true,"href":"https:\/\/schweizversand.ch\/it\/wp-json\/wp\/v2\/media\/167133"}],"wp:attachment":[{"href":"https:\/\/schweizversand.ch\/it\/wp-json\/wp\/v2\/media?parent=256354"}],"wp:term":[{"taxonomy":"product_brand","embeddable":true,"href":"https:\/\/schweizversand.ch\/it\/wp-json\/wp\/v2\/product_brand?post=256354"},{"taxonomy":"product_cat","embeddable":true,"href":"https:\/\/schweizversand.ch\/it\/wp-json\/wp\/v2\/product_cat?post=256354"},{"taxonomy":"product_tag","embeddable":true,"href":"https:\/\/schweizversand.ch\/it\/wp-json\/wp\/v2\/product_tag?post=256354"}],"curies":[{"name":"wp","href":"https:\/\/api.w.org\/{rel}","templated":true}]}}