{"id":256370,"date":"2026-03-15T00:54:17","date_gmt":"2026-03-14T23:54:17","guid":{"rendered":"https:\/\/schweizversand.ch\/produkt\/aqua-marina-wave-surf-center-finnenhalter-snap-system\/"},"modified":"2026-04-19T02:06:06","modified_gmt":"2026-04-19T00:06:06","slug":"aqua-marina-wave-surf-center-finnenhalter-snap-system","status":"publish","type":"product","link":"https:\/\/schweizversand.ch\/it\/produkt\/aqua-marina-wave-surf-center-finnenhalter-snap-system\/","title":{"rendered":"Sistema di fissaggio a scatto per pinne Aqua Marina Wave Surf Center"},"content":{"rendered":"<p>Scopri il futuro del surf con il nostro sistema di fissaggio a scatto Wave Surf Center Fin Holder! Questo sistema rivoluzionario porter\u00e0 le tue avventure di surf a un livello completamente nuovo. Non importa quanto siano impetuose le onde, la nostra soluzione garantisce che le tue pinne rimangano saldamente in posizione.<\/p>\n<\/p>\n<p>Grazie all&#8217;innovativo sistema a scatto, agganciare le pinne \u00e8 un gioco da ragazzi. Niente pi\u00f9 viti complicate o procedure noiose. Basta agganciare le pinne al sistema e sei pronto a partire! Questo consente un cambio pinne pi\u00f9 rapido e un migliore adattamento alle mutevoli condizioni del surf.<\/p>\n<\/p>\n<p>Il nostro sistema di fissaggio a scatto Wave Surf Center Fin Holder \u00e8 progettato per massimizzare la tua esperienza di surf. Niente pi\u00f9 fastidiosi slittamenti delle pinne, niente pi\u00f9 compromessi sulle prestazioni. Puoi concentrarti esclusivamente sulla cavalcata delle onde.<\/p>\n","protected":false},"excerpt":{"rendered":"<p>Scopri il futuro del surf con il nostro sistema di fissaggio a scatto Wave Surf Center Fin Holder! Questo sistema rivoluzionario porter\u00e0 le tue avventure di surf a un livello completamente nuovo. Non importa quanto siano impetuose le onde, la nostra soluzione garantisce che le tue pinne rimangano saldamente in posizione. Grazie all&#8217;innovativo sistema a scatto, agganciare le pinne \u00e8 un gioco da ragazzi. Niente pi\u00f9 viti complicate o procedure noiose. Basta agganciare le pinne&hellip;<\/p>\n","protected":false},"featured_media":158830,"comment_status":"open","ping_status":"closed","template":"","meta":[],"product_brand":[],"product_cat":[38756,38974],"product_tag":[],"class_list":{"0":"post-256370","1":"product","2":"type-product","3":"status-publish","4":"has-post-thumbnail","6":"product_cat-stand-up-paddle","7":"product_cat-stand-up-paddle-2","8":"product_shipping_class-global_methods","10":"first","11":"instock","12":"taxable","13":"shipping-taxable","14":"purchasable","15":"product-type-simple"},"yoast_head":"<!-- This site is optimized with the Yoast SEO plugin v27.4 - https:\/\/yoast.com\/product\/yoast-seo-wordpress\/ -->\n<title>Aqua Marina Wave Surf Center Finnenhalter Snap System | Jetzt kaufen | Schweizversand.ch<\/title>\n<meta name=\"description\" content=\"Aqua Marina Wave Surf Center Finnenhalter Snap System g\u00fcnstig kaufen bei Schweizversand.ch. Schnelle Lieferung in der Schweiz. Gratisversand ab CHF 50.\" \/>\n<meta name=\"robots\" content=\"index, follow, max-snippet:-1, max-image-preview:large, max-video-preview:-1\" \/>\n<link rel=\"canonical\" href=\"https:\/\/schweizversand.ch\/it\/produkt\/aqua-marina-wave-surf-center-finnenhalter-snap-system\/\" \/>\n<meta property=\"og:locale\" content=\"it_IT\" \/>\n<meta property=\"og:type\" content=\"article\" \/>\n<meta property=\"og:title\" content=\"Aqua Marina Wave Surf Center Finnenhalter Snap System | Jetzt kaufen | Schweizversand.ch\" \/>\n<meta property=\"og:description\" content=\"Aqua Marina Wave Surf Center Finnenhalter Snap System g\u00fcnstig kaufen bei Schweizversand.ch. Schnelle Lieferung in der Schweiz. Gratisversand ab CHF 50.\" \/>\n<meta property=\"og:url\" content=\"https:\/\/schweizversand.ch\/it\/produkt\/aqua-marina-wave-surf-center-finnenhalter-snap-system\/\" \/>\n<meta property=\"og:site_name\" content=\"Schweizer Shop f\u00fcr Sport, Spiel und Freizeit\" \/>\n<meta property=\"article:publisher\" content=\"https:\/\/www.facebook.com\/Schweizversand\" \/>\n<meta property=\"article:modified_time\" content=\"2026-04-19T00:06:06+00:00\" \/>\n<meta property=\"og:image\" content=\"https:\/\/schweizversand.ch\/wp-content\/uploads\/2026\/02\/5471684671.jpg\" \/>\n\t<meta property=\"og:image:width\" content=\"1024\" \/>\n\t<meta property=\"og:image:height\" content=\"581\" \/>\n\t<meta property=\"og:image:type\" content=\"image\/jpeg\" \/>\n<meta name=\"twitter:card\" content=\"summary_large_image\" \/>\n<meta name=\"twitter:label1\" content=\"Tempo di lettura stimato\" \/>\n\t<meta name=\"twitter:data1\" content=\"1 minuto\" \/>\n<script type=\"application\/ld+json\" class=\"yoast-schema-graph\">{\"@context\":\"https:\\\/\\\/schema.org\",\"@graph\":[{\"@type\":\"WebPage\",\"@id\":\"https:\\\/\\\/schweizversand.ch\\\/it\\\/produkt\\\/aqua-marina-wave-surf-center-finnenhalter-snap-system\\\/\",\"url\":\"https:\\\/\\\/schweizversand.ch\\\/it\\\/produkt\\\/aqua-marina-wave-surf-center-finnenhalter-snap-system\\\/\",\"name\":\"Aqua Marina Wave Surf Center Finnenhalter Snap System | Jetzt kaufen | Schweizversand.ch\",\"isPartOf\":{\"@id\":\"https:\\\/\\\/schweizversand.ch\\\/it\\\/#website\"},\"primaryImageOfPage\":{\"@id\":\"https:\\\/\\\/schweizversand.ch\\\/it\\\/produkt\\\/aqua-marina-wave-surf-center-finnenhalter-snap-system\\\/#primaryimage\"},\"image\":{\"@id\":\"https:\\\/\\\/schweizversand.ch\\\/it\\\/produkt\\\/aqua-marina-wave-surf-center-finnenhalter-snap-system\\\/#primaryimage\"},\"thumbnailUrl\":\"https:\\\/\\\/schweizversand.ch\\\/wp-content\\\/uploads\\\/2026\\\/02\\\/5471684671.jpg\",\"datePublished\":\"2026-03-14T23:54:17+00:00\",\"dateModified\":\"2026-04-19T00:06:06+00:00\",\"description\":\"Aqua Marina Wave Surf Center Finnenhalter Snap System g\u00fcnstig kaufen bei Schweizversand.ch. Schnelle Lieferung in der Schweiz. Gratisversand ab CHF 50.\",\"breadcrumb\":{\"@id\":\"https:\\\/\\\/schweizversand.ch\\\/it\\\/produkt\\\/aqua-marina-wave-surf-center-finnenhalter-snap-system\\\/#breadcrumb\"},\"inLanguage\":\"it-IT\",\"potentialAction\":[{\"@type\":\"ReadAction\",\"target\":[\"https:\\\/\\\/schweizversand.ch\\\/it\\\/produkt\\\/aqua-marina-wave-surf-center-finnenhalter-snap-system\\\/\"]}]},{\"@type\":\"ImageObject\",\"inLanguage\":\"it-IT\",\"@id\":\"https:\\\/\\\/schweizversand.ch\\\/it\\\/produkt\\\/aqua-marina-wave-surf-center-finnenhalter-snap-system\\\/#primaryimage\",\"url\":\"https:\\\/\\\/schweizversand.ch\\\/wp-content\\\/uploads\\\/2026\\\/02\\\/5471684671.jpg\",\"contentUrl\":\"https:\\\/\\\/schweizversand.ch\\\/wp-content\\\/uploads\\\/2026\\\/02\\\/5471684671.jpg\",\"width\":1024,\"height\":581},{\"@type\":\"BreadcrumbList\",\"@id\":\"https:\\\/\\\/schweizversand.ch\\\/it\\\/produkt\\\/aqua-marina-wave-surf-center-finnenhalter-snap-system\\\/#breadcrumb\",\"itemListElement\":[{\"@type\":\"ListItem\",\"position\":1,\"name\":\"Startseite\",\"item\":\"https:\\\/\\\/schweizversand.ch\\\/it\\\/home\\\/\"},{\"@type\":\"ListItem\",\"position\":2,\"name\":\"Shop\",\"item\":\"https:\\\/\\\/schweizversand.ch\\\/it\\\/shop\\\/\"},{\"@type\":\"ListItem\",\"position\":3,\"name\":\"Ricambi\",\"item\":\"https:\\\/\\\/schweizversand.ch\\\/it\\\/produkt-kategorie\\\/ricambi\\\/\"},{\"@type\":\"ListItem\",\"position\":4,\"name\":\"Aqua Marina\",\"item\":\"https:\\\/\\\/schweizversand.ch\\\/it\\\/produkt-kategorie\\\/ricambi\\\/aqua-marina\\\/\"},{\"@type\":\"ListItem\",\"position\":5,\"name\":\"Stand Up Paddle\",\"item\":\"https:\\\/\\\/schweizversand.ch\\\/it\\\/produkt-kategorie\\\/ricambi\\\/aqua-marina\\\/stand-up-paddle\\\/\"},{\"@type\":\"ListItem\",\"position\":6,\"name\":\"Sistema di fissaggio a scatto per pinne Aqua Marina Wave Surf Center\"}]},{\"@type\":\"WebSite\",\"@id\":\"https:\\\/\\\/schweizversand.ch\\\/it\\\/#website\",\"url\":\"https:\\\/\\\/schweizversand.ch\\\/it\\\/\",\"name\":\"Schweizer Shop f\u00fcr Sport, Spiel und Freizeit\",\"description\":\"Gratisversand ab 50.- (netto), ab eigenem schweizer Lager, Lieferung innert 48h\",\"publisher\":{\"@id\":\"https:\\\/\\\/schweizversand.ch\\\/it\\\/#organization\"},\"alternateName\":\"Schweizversand.ch\",\"potentialAction\":[{\"@type\":\"SearchAction\",\"target\":{\"@type\":\"EntryPoint\",\"urlTemplate\":\"https:\\\/\\\/schweizversand.ch\\\/it\\\/?s={search_term_string}\"},\"query-input\":{\"@type\":\"PropertyValueSpecification\",\"valueRequired\":true,\"valueName\":\"search_term_string\"}}],\"inLanguage\":\"it-IT\"},{\"@type\":\"Organization\",\"@id\":\"https:\\\/\\\/schweizversand.ch\\\/it\\\/#organization\",\"name\":\"Schweizversand.ch\",\"url\":\"https:\\\/\\\/schweizversand.ch\\\/it\\\/\",\"logo\":{\"@type\":\"ImageObject\",\"inLanguage\":\"it-IT\",\"@id\":\"https:\\\/\\\/schweizversand.ch\\\/it\\\/#\\\/schema\\\/logo\\\/image\\\/\",\"url\":\"https:\\\/\\\/schweizversand.ch\\\/wp-content\\\/uploads\\\/2026\\\/03\\\/Logo_Rund_Final-1.png\",\"contentUrl\":\"https:\\\/\\\/schweizversand.ch\\\/wp-content\\\/uploads\\\/2026\\\/03\\\/Logo_Rund_Final-1.png\",\"width\":404,\"height\":404,\"caption\":\"Schweizversand.ch\"},\"image\":{\"@id\":\"https:\\\/\\\/schweizversand.ch\\\/it\\\/#\\\/schema\\\/logo\\\/image\\\/\"},\"sameAs\":[\"https:\\\/\\\/www.facebook.com\\\/Schweizversand\",\"https:\\\/\\\/www.instagram.com\\\/schweizversand.ch\\\/\"]}]}<\/script>\n<!-- \/ Yoast SEO plugin. -->","yoast_head_json":{"title":"Aqua Marina Wave Surf Center Finnenhalter Snap System | Jetzt kaufen | Schweizversand.ch","description":"Aqua Marina Wave Surf Center Finnenhalter Snap System g\u00fcnstig kaufen bei Schweizversand.ch. Schnelle Lieferung in der Schweiz. Gratisversand ab CHF 50.","robots":{"index":"index","follow":"follow","max-snippet":"max-snippet:-1","max-image-preview":"max-image-preview:large","max-video-preview":"max-video-preview:-1"},"canonical":"https:\/\/schweizversand.ch\/it\/produkt\/aqua-marina-wave-surf-center-finnenhalter-snap-system\/","og_locale":"it_IT","og_type":"article","og_title":"Aqua Marina Wave Surf Center Finnenhalter Snap System | Jetzt kaufen | Schweizversand.ch","og_description":"Aqua Marina Wave Surf Center Finnenhalter Snap System g\u00fcnstig kaufen bei Schweizversand.ch. Schnelle Lieferung in der Schweiz. Gratisversand ab CHF 50.","og_url":"https:\/\/schweizversand.ch\/it\/produkt\/aqua-marina-wave-surf-center-finnenhalter-snap-system\/","og_site_name":"Schweizer Shop f\u00fcr Sport, Spiel und Freizeit","article_publisher":"https:\/\/www.facebook.com\/Schweizversand","article_modified_time":"2026-04-19T00:06:06+00:00","og_image":[{"width":1024,"height":581,"url":"https:\/\/schweizversand.ch\/wp-content\/uploads\/2026\/02\/5471684671.jpg","type":"image\/jpeg"}],"twitter_card":"summary_large_image","twitter_misc":{"Tempo di lettura stimato":"1 minuto"},"schema":{"@context":"https:\/\/schema.org","@graph":[{"@type":"WebPage","@id":"https:\/\/schweizversand.ch\/it\/produkt\/aqua-marina-wave-surf-center-finnenhalter-snap-system\/","url":"https:\/\/schweizversand.ch\/it\/produkt\/aqua-marina-wave-surf-center-finnenhalter-snap-system\/","name":"Aqua Marina Wave Surf Center Finnenhalter Snap System | Jetzt kaufen | Schweizversand.ch","isPartOf":{"@id":"https:\/\/schweizversand.ch\/it\/#website"},"primaryImageOfPage":{"@id":"https:\/\/schweizversand.ch\/it\/produkt\/aqua-marina-wave-surf-center-finnenhalter-snap-system\/#primaryimage"},"image":{"@id":"https:\/\/schweizversand.ch\/it\/produkt\/aqua-marina-wave-surf-center-finnenhalter-snap-system\/#primaryimage"},"thumbnailUrl":"https:\/\/schweizversand.ch\/wp-content\/uploads\/2026\/02\/5471684671.jpg","datePublished":"2026-03-14T23:54:17+00:00","dateModified":"2026-04-19T00:06:06+00:00","description":"Aqua Marina Wave Surf Center Finnenhalter Snap System g\u00fcnstig kaufen bei Schweizversand.ch. Schnelle Lieferung in der Schweiz. Gratisversand ab CHF 50.","breadcrumb":{"@id":"https:\/\/schweizversand.ch\/it\/produkt\/aqua-marina-wave-surf-center-finnenhalter-snap-system\/#breadcrumb"},"inLanguage":"it-IT","potentialAction":[{"@type":"ReadAction","target":["https:\/\/schweizversand.ch\/it\/produkt\/aqua-marina-wave-surf-center-finnenhalter-snap-system\/"]}]},{"@type":"ImageObject","inLanguage":"it-IT","@id":"https:\/\/schweizversand.ch\/it\/produkt\/aqua-marina-wave-surf-center-finnenhalter-snap-system\/#primaryimage","url":"https:\/\/schweizversand.ch\/wp-content\/uploads\/2026\/02\/5471684671.jpg","contentUrl":"https:\/\/schweizversand.ch\/wp-content\/uploads\/2026\/02\/5471684671.jpg","width":1024,"height":581},{"@type":"BreadcrumbList","@id":"https:\/\/schweizversand.ch\/it\/produkt\/aqua-marina-wave-surf-center-finnenhalter-snap-system\/#breadcrumb","itemListElement":[{"@type":"ListItem","position":1,"name":"Startseite","item":"https:\/\/schweizversand.ch\/it\/home\/"},{"@type":"ListItem","position":2,"name":"Shop","item":"https:\/\/schweizversand.ch\/it\/shop\/"},{"@type":"ListItem","position":3,"name":"Ricambi","item":"https:\/\/schweizversand.ch\/it\/produkt-kategorie\/ricambi\/"},{"@type":"ListItem","position":4,"name":"Aqua Marina","item":"https:\/\/schweizversand.ch\/it\/produkt-kategorie\/ricambi\/aqua-marina\/"},{"@type":"ListItem","position":5,"name":"Stand Up Paddle","item":"https:\/\/schweizversand.ch\/it\/produkt-kategorie\/ricambi\/aqua-marina\/stand-up-paddle\/"},{"@type":"ListItem","position":6,"name":"Sistema di fissaggio a scatto per pinne Aqua Marina Wave Surf Center"}]},{"@type":"WebSite","@id":"https:\/\/schweizversand.ch\/it\/#website","url":"https:\/\/schweizversand.ch\/it\/","name":"Schweizer Shop f\u00fcr Sport, Spiel und Freizeit","description":"Gratisversand ab 50.- (netto), ab eigenem schweizer Lager, Lieferung innert 48h","publisher":{"@id":"https:\/\/schweizversand.ch\/it\/#organization"},"alternateName":"Schweizversand.ch","potentialAction":[{"@type":"SearchAction","target":{"@type":"EntryPoint","urlTemplate":"https:\/\/schweizversand.ch\/it\/?s={search_term_string}"},"query-input":{"@type":"PropertyValueSpecification","valueRequired":true,"valueName":"search_term_string"}}],"inLanguage":"it-IT"},{"@type":"Organization","@id":"https:\/\/schweizversand.ch\/it\/#organization","name":"Schweizversand.ch","url":"https:\/\/schweizversand.ch\/it\/","logo":{"@type":"ImageObject","inLanguage":"it-IT","@id":"https:\/\/schweizversand.ch\/it\/#\/schema\/logo\/image\/","url":"https:\/\/schweizversand.ch\/wp-content\/uploads\/2026\/03\/Logo_Rund_Final-1.png","contentUrl":"https:\/\/schweizversand.ch\/wp-content\/uploads\/2026\/03\/Logo_Rund_Final-1.png","width":404,"height":404,"caption":"Schweizversand.ch"},"image":{"@id":"https:\/\/schweizversand.ch\/it\/#\/schema\/logo\/image\/"},"sameAs":["https:\/\/www.facebook.com\/Schweizversand","https:\/\/www.instagram.com\/schweizversand.ch\/"]}]}},"jetpack_sharing_enabled":true,"_links":{"self":[{"href":"https:\/\/schweizversand.ch\/it\/wp-json\/wp\/v2\/product\/256370","targetHints":{"allow":["GET"]}}],"collection":[{"href":"https:\/\/schweizversand.ch\/it\/wp-json\/wp\/v2\/product"}],"about":[{"href":"https:\/\/schweizversand.ch\/it\/wp-json\/wp\/v2\/types\/product"}],"replies":[{"embeddable":true,"href":"https:\/\/schweizversand.ch\/it\/wp-json\/wp\/v2\/comments?post=256370"}],"wp:featuredmedia":[{"embeddable":true,"href":"https:\/\/schweizversand.ch\/it\/wp-json\/wp\/v2\/media\/158830"}],"wp:attachment":[{"href":"https:\/\/schweizversand.ch\/it\/wp-json\/wp\/v2\/media?parent=256370"}],"wp:term":[{"taxonomy":"product_brand","embeddable":true,"href":"https:\/\/schweizversand.ch\/it\/wp-json\/wp\/v2\/product_brand?post=256370"},{"taxonomy":"product_cat","embeddable":true,"href":"https:\/\/schweizversand.ch\/it\/wp-json\/wp\/v2\/product_cat?post=256370"},{"taxonomy":"product_tag","embeddable":true,"href":"https:\/\/schweizversand.ch\/it\/wp-json\/wp\/v2\/product_tag?post=256370"}],"curies":[{"name":"wp","href":"https:\/\/api.w.org\/{rel}","templated":true}]}}