{"id":256451,"date":"2026-03-15T00:54:35","date_gmt":"2026-03-14T23:54:35","guid":{"rendered":"https:\/\/schweizversand.ch\/produkt\/hudora-1-korbbrett-fuer-basketballstaender-chicago\/"},"modified":"2026-04-15T02:04:52","modified_gmt":"2026-04-15T00:04:52","slug":"hudora-1-korbbrett-fuer-basketballstaender-chicago","status":"publish","type":"product","link":"https:\/\/schweizversand.ch\/it\/produkt\/hudora-1-korbbrett-fuer-basketballstaender-chicago\/","title":{"rendered":"Tabellone da basket Hudora 1 per il campo da basket di Chicago"},"content":{"rendered":"<h1><strong>Tabellone da basket Chicago (90&#215;60 cm)<\/strong><\/h1>\n<div>Cerchi un <strong>tabellone di ricambio<\/strong> di alta qualit\u00e0 per il tuo tabellone da basket? Questo robusto <strong>tabellone da basket<\/strong>, noto anche come <strong>tabellone di rimbalzo<\/strong>, \u00e8 la soluzione ideale per riportare la tua attrezzatura in condizioni ottimali. Offre la perfetta combinazione di stabilit\u00e0 e caratteristiche di gioco ottimali.<\/p>\n<\/div>\n<div><strong>Sostituzione perfetta per la tua attrezzatura<\/strong><br \/>Questo tabellone \u00e8 progettato specificamente come parte di ricambio per i popolari tabelloni da basket della serie Chicago. Garantisce una vestibilit\u00e0 precisa e garantisce che il tuo tabellone da basket sia rapidamente pronto per l&#8217;uso. Il design bianco con stampa trasparente garantisce inoltre un aspetto professionale.<\/p>\n<\/div>\n<div><strong>Specifiche tecniche e compatibilit\u00e0<\/strong><br \/>Il <strong>tabellone da basket 90&#215;60<\/strong> \u00e8 conforme alle dimensioni standard per un&#8217;esperienza di gioco autentica. \u00c8 un pezzo di ricambio essenziale per i modelli 71663, 71664 e 71658. La spaziatura precisa dei fori garantisce un fissaggio facile e sicuro del cerchio.<\/p>\n<\/div>\n<div><strong>Dettagli del prodotto a colpo d&#8217;occhio<\/strong><br \/>&#8211; Nome prodotto: Rebound Board per Chicago Basketball Stand<br \/>&#8211; Colore: Bianco con stampa<br \/>&#8211; Dimensioni: 90 x 60 cm<br \/>&#8211; Spaziatura fori (orizzontale): 80 mm<br \/>&#8211; Spaziatura fori (verticale): 70 mm<br \/>&#8211; Compatibile con: 71663 (ad esempio, <strong>Rebound Board 71663<\/strong>), 71664, 71658<\/p>\n<\/div>\n<div>Investi in questo resistente <strong>Chicago Rebound Board<\/strong> per prolungare la durata del tuo basket stand e garantire un&#8217;esperienza di gioco impeccabile. Ordina ora e porta il tuo gioco a un livello superiore!<\/p>\n<\/div>\n<div><\/div>\n","protected":false},"excerpt":{"rendered":"<p>Tabellone da basket Chicago (90&#215;60 cm) Cerchi un tabellone di ricambio di alta qualit\u00e0 per il tuo tabellone da basket? Questo robusto tabellone da basket, noto anche come tabellone di rimbalzo, \u00e8 la soluzione ideale per riportare la tua attrezzatura in condizioni ottimali. Offre la perfetta combinazione di stabilit\u00e0 e caratteristiche di gioco ottimali. Sostituzione perfetta per la tua attrezzaturaQuesto tabellone \u00e8 progettato specificamente come parte di ricambio per i popolari tabelloni da basket della&hellip;<\/p>\n","protected":false},"featured_media":245224,"comment_status":"open","ping_status":"closed","template":"","meta":[],"product_brand":[],"product_cat":[38917],"product_tag":[],"class_list":{"0":"post-256451","1":"product","2":"type-product","3":"status-publish","4":"has-post-thumbnail","6":"product_cat-basketballstaender","7":"product_shipping_class-global_methods","9":"first","10":"instock","11":"taxable","12":"shipping-taxable","13":"purchasable","14":"product-type-simple"},"yoast_head":"<!-- This site is optimized with the Yoast SEO plugin v27.4 - https:\/\/yoast.com\/product\/yoast-seo-wordpress\/ -->\n<title>Hudora 1 Korbbrett f\u00fcr Basketballst\u00e4nder Chicago | Jetzt kaufen | Schweizversand.ch<\/title>\n<meta name=\"description\" content=\"Hudora 1 Korbbrett f\u00fcr Basketballst\u00e4nder Chicago g\u00fcnstig kaufen bei Schweizversand.ch. Schnelle Lieferung in der Schweiz. Gratisversand ab CHF 50.\" \/>\n<meta name=\"robots\" content=\"index, follow, max-snippet:-1, max-image-preview:large, max-video-preview:-1\" \/>\n<link rel=\"canonical\" href=\"https:\/\/schweizversand.ch\/it\/produkt\/hudora-1-korbbrett-fuer-basketballstaender-chicago\/\" \/>\n<meta property=\"og:locale\" content=\"it_IT\" \/>\n<meta property=\"og:type\" content=\"article\" \/>\n<meta property=\"og:title\" content=\"Hudora 1 Korbbrett f\u00fcr Basketballst\u00e4nder Chicago | Jetzt kaufen | Schweizversand.ch\" \/>\n<meta property=\"og:description\" content=\"Hudora 1 Korbbrett f\u00fcr Basketballst\u00e4nder Chicago g\u00fcnstig kaufen bei Schweizversand.ch. Schnelle Lieferung in der Schweiz. Gratisversand ab CHF 50.\" \/>\n<meta property=\"og:url\" content=\"https:\/\/schweizversand.ch\/it\/produkt\/hudora-1-korbbrett-fuer-basketballstaender-chicago\/\" \/>\n<meta property=\"og:site_name\" content=\"Schweizer Shop f\u00fcr Sport, Spiel und Freizeit\" \/>\n<meta property=\"article:publisher\" content=\"https:\/\/www.facebook.com\/Schweizversand\" \/>\n<meta property=\"article:modified_time\" content=\"2026-04-15T00:04:52+00:00\" \/>\n<meta property=\"og:image\" content=\"https:\/\/schweizversand.ch\/wp-content\/uploads\/2026\/03\/5471515890.jpg\" \/>\n\t<meta property=\"og:image:width\" content=\"1024\" \/>\n\t<meta property=\"og:image:height\" content=\"706\" \/>\n\t<meta property=\"og:image:type\" content=\"image\/jpeg\" \/>\n<meta name=\"twitter:card\" content=\"summary_large_image\" \/>\n<meta name=\"twitter:label1\" content=\"Tempo di lettura stimato\" \/>\n\t<meta name=\"twitter:data1\" content=\"1 minuto\" \/>\n<script type=\"application\/ld+json\" class=\"yoast-schema-graph\">{\"@context\":\"https:\\\/\\\/schema.org\",\"@graph\":[{\"@type\":\"WebPage\",\"@id\":\"https:\\\/\\\/schweizversand.ch\\\/it\\\/produkt\\\/hudora-1-korbbrett-fuer-basketballstaender-chicago\\\/\",\"url\":\"https:\\\/\\\/schweizversand.ch\\\/it\\\/produkt\\\/hudora-1-korbbrett-fuer-basketballstaender-chicago\\\/\",\"name\":\"Hudora 1 Korbbrett f\u00fcr Basketballst\u00e4nder Chicago | Jetzt kaufen | Schweizversand.ch\",\"isPartOf\":{\"@id\":\"https:\\\/\\\/schweizversand.ch\\\/it\\\/#website\"},\"primaryImageOfPage\":{\"@id\":\"https:\\\/\\\/schweizversand.ch\\\/it\\\/produkt\\\/hudora-1-korbbrett-fuer-basketballstaender-chicago\\\/#primaryimage\"},\"image\":{\"@id\":\"https:\\\/\\\/schweizversand.ch\\\/it\\\/produkt\\\/hudora-1-korbbrett-fuer-basketballstaender-chicago\\\/#primaryimage\"},\"thumbnailUrl\":\"https:\\\/\\\/schweizversand.ch\\\/wp-content\\\/uploads\\\/2026\\\/03\\\/5471515890.jpg\",\"datePublished\":\"2026-03-14T23:54:35+00:00\",\"dateModified\":\"2026-04-15T00:04:52+00:00\",\"description\":\"Hudora 1 Korbbrett f\u00fcr Basketballst\u00e4nder Chicago g\u00fcnstig kaufen bei Schweizversand.ch. Schnelle Lieferung in der Schweiz. Gratisversand ab CHF 50.\",\"breadcrumb\":{\"@id\":\"https:\\\/\\\/schweizversand.ch\\\/it\\\/produkt\\\/hudora-1-korbbrett-fuer-basketballstaender-chicago\\\/#breadcrumb\"},\"inLanguage\":\"it-IT\",\"potentialAction\":[{\"@type\":\"ReadAction\",\"target\":[\"https:\\\/\\\/schweizversand.ch\\\/it\\\/produkt\\\/hudora-1-korbbrett-fuer-basketballstaender-chicago\\\/\"]}]},{\"@type\":\"ImageObject\",\"inLanguage\":\"it-IT\",\"@id\":\"https:\\\/\\\/schweizversand.ch\\\/it\\\/produkt\\\/hudora-1-korbbrett-fuer-basketballstaender-chicago\\\/#primaryimage\",\"url\":\"https:\\\/\\\/schweizversand.ch\\\/wp-content\\\/uploads\\\/2026\\\/03\\\/5471515890.jpg\",\"contentUrl\":\"https:\\\/\\\/schweizversand.ch\\\/wp-content\\\/uploads\\\/2026\\\/03\\\/5471515890.jpg\",\"width\":1024,\"height\":706},{\"@type\":\"BreadcrumbList\",\"@id\":\"https:\\\/\\\/schweizversand.ch\\\/it\\\/produkt\\\/hudora-1-korbbrett-fuer-basketballstaender-chicago\\\/#breadcrumb\",\"itemListElement\":[{\"@type\":\"ListItem\",\"position\":1,\"name\":\"Startseite\",\"item\":\"https:\\\/\\\/schweizversand.ch\\\/it\\\/\"},{\"@type\":\"ListItem\",\"position\":2,\"name\":\"Shop\",\"item\":\"https:\\\/\\\/schweizversand.ch\\\/it\\\/shop\\\/\"},{\"@type\":\"ListItem\",\"position\":3,\"name\":\"Ricambi\",\"item\":\"https:\\\/\\\/schweizversand.ch\\\/it\\\/produkt-kategorie\\\/ricambi\\\/\"},{\"@type\":\"ListItem\",\"position\":4,\"name\":\"Hudora\",\"item\":\"https:\\\/\\\/schweizversand.ch\\\/it\\\/produkt-kategorie\\\/ricambi\\\/hudora\\\/\"},{\"@type\":\"ListItem\",\"position\":5,\"name\":\"Supporto per canestro da basket\",\"item\":\"https:\\\/\\\/schweizversand.ch\\\/it\\\/produkt-kategorie\\\/ricambi\\\/hudora\\\/basketballstaender\\\/\"},{\"@type\":\"ListItem\",\"position\":6,\"name\":\"Tabellone da basket Hudora 1 per il campo da basket di Chicago\"}]},{\"@type\":\"WebSite\",\"@id\":\"https:\\\/\\\/schweizversand.ch\\\/it\\\/#website\",\"url\":\"https:\\\/\\\/schweizversand.ch\\\/it\\\/\",\"name\":\"Schweizer Shop f\u00fcr Sport, Spiel und Freizeit\",\"description\":\"Gratisversand ab 50.- (netto), ab eigenem schweizer Lager, Lieferung innert 48h\",\"publisher\":{\"@id\":\"https:\\\/\\\/schweizversand.ch\\\/it\\\/#organization\"},\"alternateName\":\"Schweizversand.ch\",\"potentialAction\":[{\"@type\":\"SearchAction\",\"target\":{\"@type\":\"EntryPoint\",\"urlTemplate\":\"https:\\\/\\\/schweizversand.ch\\\/it\\\/?s={search_term_string}\"},\"query-input\":{\"@type\":\"PropertyValueSpecification\",\"valueRequired\":true,\"valueName\":\"search_term_string\"}}],\"inLanguage\":\"it-IT\"},{\"@type\":\"Organization\",\"@id\":\"https:\\\/\\\/schweizversand.ch\\\/it\\\/#organization\",\"name\":\"Schweizversand.ch\",\"url\":\"https:\\\/\\\/schweizversand.ch\\\/it\\\/\",\"logo\":{\"@type\":\"ImageObject\",\"inLanguage\":\"it-IT\",\"@id\":\"https:\\\/\\\/schweizversand.ch\\\/it\\\/#\\\/schema\\\/logo\\\/image\\\/\",\"url\":\"https:\\\/\\\/schweizversand.ch\\\/wp-content\\\/uploads\\\/2026\\\/03\\\/Logo_Rund_Final-1.png\",\"contentUrl\":\"https:\\\/\\\/schweizversand.ch\\\/wp-content\\\/uploads\\\/2026\\\/03\\\/Logo_Rund_Final-1.png\",\"width\":404,\"height\":404,\"caption\":\"Schweizversand.ch\"},\"image\":{\"@id\":\"https:\\\/\\\/schweizversand.ch\\\/it\\\/#\\\/schema\\\/logo\\\/image\\\/\"},\"sameAs\":[\"https:\\\/\\\/www.facebook.com\\\/Schweizversand\",\"https:\\\/\\\/www.instagram.com\\\/schweizversand.ch\\\/\"]}]}<\/script>\n<!-- \/ Yoast SEO plugin. -->","yoast_head_json":{"title":"Hudora 1 Korbbrett f\u00fcr Basketballst\u00e4nder Chicago | Jetzt kaufen | Schweizversand.ch","description":"Hudora 1 Korbbrett f\u00fcr Basketballst\u00e4nder Chicago g\u00fcnstig kaufen bei Schweizversand.ch. Schnelle Lieferung in der Schweiz. Gratisversand ab CHF 50.","robots":{"index":"index","follow":"follow","max-snippet":"max-snippet:-1","max-image-preview":"max-image-preview:large","max-video-preview":"max-video-preview:-1"},"canonical":"https:\/\/schweizversand.ch\/it\/produkt\/hudora-1-korbbrett-fuer-basketballstaender-chicago\/","og_locale":"it_IT","og_type":"article","og_title":"Hudora 1 Korbbrett f\u00fcr Basketballst\u00e4nder Chicago | Jetzt kaufen | Schweizversand.ch","og_description":"Hudora 1 Korbbrett f\u00fcr Basketballst\u00e4nder Chicago g\u00fcnstig kaufen bei Schweizversand.ch. Schnelle Lieferung in der Schweiz. Gratisversand ab CHF 50.","og_url":"https:\/\/schweizversand.ch\/it\/produkt\/hudora-1-korbbrett-fuer-basketballstaender-chicago\/","og_site_name":"Schweizer Shop f\u00fcr Sport, Spiel und Freizeit","article_publisher":"https:\/\/www.facebook.com\/Schweizversand","article_modified_time":"2026-04-15T00:04:52+00:00","og_image":[{"width":1024,"height":706,"url":"https:\/\/schweizversand.ch\/wp-content\/uploads\/2026\/03\/5471515890.jpg","type":"image\/jpeg"}],"twitter_card":"summary_large_image","twitter_misc":{"Tempo di lettura stimato":"1 minuto"},"schema":{"@context":"https:\/\/schema.org","@graph":[{"@type":"WebPage","@id":"https:\/\/schweizversand.ch\/it\/produkt\/hudora-1-korbbrett-fuer-basketballstaender-chicago\/","url":"https:\/\/schweizversand.ch\/it\/produkt\/hudora-1-korbbrett-fuer-basketballstaender-chicago\/","name":"Hudora 1 Korbbrett f\u00fcr Basketballst\u00e4nder Chicago | Jetzt kaufen | Schweizversand.ch","isPartOf":{"@id":"https:\/\/schweizversand.ch\/it\/#website"},"primaryImageOfPage":{"@id":"https:\/\/schweizversand.ch\/it\/produkt\/hudora-1-korbbrett-fuer-basketballstaender-chicago\/#primaryimage"},"image":{"@id":"https:\/\/schweizversand.ch\/it\/produkt\/hudora-1-korbbrett-fuer-basketballstaender-chicago\/#primaryimage"},"thumbnailUrl":"https:\/\/schweizversand.ch\/wp-content\/uploads\/2026\/03\/5471515890.jpg","datePublished":"2026-03-14T23:54:35+00:00","dateModified":"2026-04-15T00:04:52+00:00","description":"Hudora 1 Korbbrett f\u00fcr Basketballst\u00e4nder Chicago g\u00fcnstig kaufen bei Schweizversand.ch. Schnelle Lieferung in der Schweiz. Gratisversand ab CHF 50.","breadcrumb":{"@id":"https:\/\/schweizversand.ch\/it\/produkt\/hudora-1-korbbrett-fuer-basketballstaender-chicago\/#breadcrumb"},"inLanguage":"it-IT","potentialAction":[{"@type":"ReadAction","target":["https:\/\/schweizversand.ch\/it\/produkt\/hudora-1-korbbrett-fuer-basketballstaender-chicago\/"]}]},{"@type":"ImageObject","inLanguage":"it-IT","@id":"https:\/\/schweizversand.ch\/it\/produkt\/hudora-1-korbbrett-fuer-basketballstaender-chicago\/#primaryimage","url":"https:\/\/schweizversand.ch\/wp-content\/uploads\/2026\/03\/5471515890.jpg","contentUrl":"https:\/\/schweizversand.ch\/wp-content\/uploads\/2026\/03\/5471515890.jpg","width":1024,"height":706},{"@type":"BreadcrumbList","@id":"https:\/\/schweizversand.ch\/it\/produkt\/hudora-1-korbbrett-fuer-basketballstaender-chicago\/#breadcrumb","itemListElement":[{"@type":"ListItem","position":1,"name":"Startseite","item":"https:\/\/schweizversand.ch\/it\/"},{"@type":"ListItem","position":2,"name":"Shop","item":"https:\/\/schweizversand.ch\/it\/shop\/"},{"@type":"ListItem","position":3,"name":"Ricambi","item":"https:\/\/schweizversand.ch\/it\/produkt-kategorie\/ricambi\/"},{"@type":"ListItem","position":4,"name":"Hudora","item":"https:\/\/schweizversand.ch\/it\/produkt-kategorie\/ricambi\/hudora\/"},{"@type":"ListItem","position":5,"name":"Supporto per canestro da basket","item":"https:\/\/schweizversand.ch\/it\/produkt-kategorie\/ricambi\/hudora\/basketballstaender\/"},{"@type":"ListItem","position":6,"name":"Tabellone da basket Hudora 1 per il campo da basket di Chicago"}]},{"@type":"WebSite","@id":"https:\/\/schweizversand.ch\/it\/#website","url":"https:\/\/schweizversand.ch\/it\/","name":"Schweizer Shop f\u00fcr Sport, Spiel und Freizeit","description":"Gratisversand ab 50.- (netto), ab eigenem schweizer Lager, Lieferung innert 48h","publisher":{"@id":"https:\/\/schweizversand.ch\/it\/#organization"},"alternateName":"Schweizversand.ch","potentialAction":[{"@type":"SearchAction","target":{"@type":"EntryPoint","urlTemplate":"https:\/\/schweizversand.ch\/it\/?s={search_term_string}"},"query-input":{"@type":"PropertyValueSpecification","valueRequired":true,"valueName":"search_term_string"}}],"inLanguage":"it-IT"},{"@type":"Organization","@id":"https:\/\/schweizversand.ch\/it\/#organization","name":"Schweizversand.ch","url":"https:\/\/schweizversand.ch\/it\/","logo":{"@type":"ImageObject","inLanguage":"it-IT","@id":"https:\/\/schweizversand.ch\/it\/#\/schema\/logo\/image\/","url":"https:\/\/schweizversand.ch\/wp-content\/uploads\/2026\/03\/Logo_Rund_Final-1.png","contentUrl":"https:\/\/schweizversand.ch\/wp-content\/uploads\/2026\/03\/Logo_Rund_Final-1.png","width":404,"height":404,"caption":"Schweizversand.ch"},"image":{"@id":"https:\/\/schweizversand.ch\/it\/#\/schema\/logo\/image\/"},"sameAs":["https:\/\/www.facebook.com\/Schweizversand","https:\/\/www.instagram.com\/schweizversand.ch\/"]}]}},"jetpack_sharing_enabled":true,"_links":{"self":[{"href":"https:\/\/schweizversand.ch\/it\/wp-json\/wp\/v2\/product\/256451","targetHints":{"allow":["GET"]}}],"collection":[{"href":"https:\/\/schweizversand.ch\/it\/wp-json\/wp\/v2\/product"}],"about":[{"href":"https:\/\/schweizversand.ch\/it\/wp-json\/wp\/v2\/types\/product"}],"replies":[{"embeddable":true,"href":"https:\/\/schweizversand.ch\/it\/wp-json\/wp\/v2\/comments?post=256451"}],"wp:featuredmedia":[{"embeddable":true,"href":"https:\/\/schweizversand.ch\/it\/wp-json\/wp\/v2\/media\/245224"}],"wp:attachment":[{"href":"https:\/\/schweizversand.ch\/it\/wp-json\/wp\/v2\/media?parent=256451"}],"wp:term":[{"taxonomy":"product_brand","embeddable":true,"href":"https:\/\/schweizversand.ch\/it\/wp-json\/wp\/v2\/product_brand?post=256451"},{"taxonomy":"product_cat","embeddable":true,"href":"https:\/\/schweizversand.ch\/it\/wp-json\/wp\/v2\/product_cat?post=256451"},{"taxonomy":"product_tag","embeddable":true,"href":"https:\/\/schweizversand.ch\/it\/wp-json\/wp\/v2\/product_tag?post=256451"}],"curies":[{"name":"wp","href":"https:\/\/api.w.org\/{rel}","templated":true}]}}