{"id":256519,"date":"2026-03-15T00:54:45","date_gmt":"2026-03-14T23:54:45","guid":{"rendered":"https:\/\/schweizversand.ch\/produkt\/hudora-1-ersatzachse-inkl-arretierung-fuer-hudora-ueberlaender-wb\/"},"modified":"2026-04-19T15:36:50","modified_gmt":"2026-04-19T13:36:50","slug":"hudora-1-ersatzachse-inkl-arretierung-fuer-hudora-ueberlaender-wb","status":"publish","type":"product","link":"https:\/\/schweizversand.ch\/it\/produkt\/hudora-1-ersatzachse-inkl-arretierung-fuer-hudora-ueberlaender-wb\/","title":{"rendered":"Assale di ricambio Hudora 1 con meccanismo di bloccaggio per HUDORA cross-country (WB)"},"content":{"rendered":"<p>Un asse di ricambio con pomello di bloccaggio per HUDORA \u00dcberl\u00e4nder. L&#8217;asse \u00e8 adatto sia per le ruote anteriori che per quelle posteriori.<\/p>\n<p>Ricambio per: 10321, 10321\/01, 10322, 10325\n<\/p>\n<p>ATTENZIONE: Adatto solo ai modelli \u00dcberl\u00e4nder con data di consegna fino ad aprile 2017. La data di consegna \u00e8 identificabile dal numero di lotto, riportato su un adesivo sul telaio. Le ultime quattro cifre indicano la data di consegna (anno\/settimana). Questo asse pu\u00f2 quindi essere utilizzato con tutti i modelli \u00dcberl\u00e4nder consegnati fino alla settimana di calendario 17 (-17\/17).<\/p>\n","protected":false},"excerpt":{"rendered":"<p>Un asse di ricambio con pomello di bloccaggio per HUDORA \u00dcberl\u00e4nder. L&#8217;asse \u00e8 adatto sia per le ruote anteriori che per quelle posteriori. Ricambio per: 10321, 10321\/01, 10322, 10325 ATTENZIONE: Adatto solo ai modelli \u00dcberl\u00e4nder con data di consegna fino ad aprile 2017. La data di consegna \u00e8 identificabile dal numero di lotto, riportato su un adesivo sul telaio. Le ultime quattro cifre indicano la data di consegna (anno\/settimana). Questo asse pu\u00f2 quindi essere utilizzato&hellip;<\/p>\n","protected":false},"featured_media":159199,"comment_status":"open","ping_status":"closed","template":"","meta":[],"product_brand":[],"product_cat":[38561],"product_tag":[],"class_list":{"0":"post-256519","1":"product","2":"type-product","3":"status-publish","4":"has-post-thumbnail","6":"product_cat-diverses","7":"product_shipping_class-global_methods","9":"first","10":"instock","11":"taxable","12":"shipping-taxable","13":"purchasable","14":"product-type-simple"},"yoast_head":"<!-- This site is optimized with the Yoast SEO plugin v27.4 - https:\/\/yoast.com\/product\/yoast-seo-wordpress\/ -->\n<title>Hudora 1 Ersatzachse inkl. Arretierung f\u00fcr HUDORA \u00dcberl\u00e4nder (WB) | Jetzt kaufen | Schweizversand.ch<\/title>\n<meta name=\"description\" content=\"Hudora 1 Ersatzachse inkl. Arretierung f\u00fcr HUDORA \u00dcberl\u00e4nder (WB) g\u00fcnstig kaufen bei Schweizversand.ch. Schnelle Lieferung in der Schweiz. Gratisversand ab CHF 50.\" \/>\n<meta name=\"robots\" content=\"index, follow, max-snippet:-1, max-image-preview:large, max-video-preview:-1\" \/>\n<link rel=\"canonical\" href=\"https:\/\/schweizversand.ch\/it\/produkt\/hudora-1-ersatzachse-inkl-arretierung-fuer-hudora-ueberlaender-wb\/\" \/>\n<meta property=\"og:locale\" content=\"it_IT\" \/>\n<meta property=\"og:type\" content=\"article\" \/>\n<meta property=\"og:title\" content=\"Hudora 1 Ersatzachse inkl. Arretierung f\u00fcr HUDORA \u00dcberl\u00e4nder (WB) | Jetzt kaufen | Schweizversand.ch\" \/>\n<meta property=\"og:description\" content=\"Hudora 1 Ersatzachse inkl. Arretierung f\u00fcr HUDORA \u00dcberl\u00e4nder (WB) g\u00fcnstig kaufen bei Schweizversand.ch. Schnelle Lieferung in der Schweiz. Gratisversand ab CHF 50.\" \/>\n<meta property=\"og:url\" content=\"https:\/\/schweizversand.ch\/it\/produkt\/hudora-1-ersatzachse-inkl-arretierung-fuer-hudora-ueberlaender-wb\/\" \/>\n<meta property=\"og:site_name\" content=\"Schweizer Shop f\u00fcr Sport, Spiel und Freizeit\" \/>\n<meta property=\"article:publisher\" content=\"https:\/\/www.facebook.com\/Schweizversand\" \/>\n<meta property=\"article:modified_time\" content=\"2026-04-19T13:36:50+00:00\" \/>\n<meta property=\"og:image\" content=\"https:\/\/schweizversand.ch\/wp-content\/uploads\/2026\/02\/5471482362.jpg\" \/>\n\t<meta property=\"og:image:width\" content=\"1024\" \/>\n\t<meta property=\"og:image:height\" content=\"829\" \/>\n\t<meta property=\"og:image:type\" content=\"image\/jpeg\" \/>\n<meta name=\"twitter:card\" content=\"summary_large_image\" \/>\n<script type=\"application\/ld+json\" class=\"yoast-schema-graph\">{\"@context\":\"https:\\\/\\\/schema.org\",\"@graph\":[{\"@type\":\"WebPage\",\"@id\":\"https:\\\/\\\/schweizversand.ch\\\/it\\\/produkt\\\/hudora-1-ersatzachse-inkl-arretierung-fuer-hudora-ueberlaender-wb\\\/\",\"url\":\"https:\\\/\\\/schweizversand.ch\\\/it\\\/produkt\\\/hudora-1-ersatzachse-inkl-arretierung-fuer-hudora-ueberlaender-wb\\\/\",\"name\":\"Hudora 1 Ersatzachse inkl. Arretierung f\u00fcr HUDORA \u00dcberl\u00e4nder (WB) | Jetzt kaufen | Schweizversand.ch\",\"isPartOf\":{\"@id\":\"https:\\\/\\\/schweizversand.ch\\\/it\\\/#website\"},\"primaryImageOfPage\":{\"@id\":\"https:\\\/\\\/schweizversand.ch\\\/it\\\/produkt\\\/hudora-1-ersatzachse-inkl-arretierung-fuer-hudora-ueberlaender-wb\\\/#primaryimage\"},\"image\":{\"@id\":\"https:\\\/\\\/schweizversand.ch\\\/it\\\/produkt\\\/hudora-1-ersatzachse-inkl-arretierung-fuer-hudora-ueberlaender-wb\\\/#primaryimage\"},\"thumbnailUrl\":\"https:\\\/\\\/schweizversand.ch\\\/wp-content\\\/uploads\\\/2026\\\/02\\\/5471482362.jpg\",\"datePublished\":\"2026-03-14T23:54:45+00:00\",\"dateModified\":\"2026-04-19T13:36:50+00:00\",\"description\":\"Hudora 1 Ersatzachse inkl. Arretierung f\u00fcr HUDORA \u00dcberl\u00e4nder (WB) g\u00fcnstig kaufen bei Schweizversand.ch. Schnelle Lieferung in der Schweiz. Gratisversand ab CHF 50.\",\"breadcrumb\":{\"@id\":\"https:\\\/\\\/schweizversand.ch\\\/it\\\/produkt\\\/hudora-1-ersatzachse-inkl-arretierung-fuer-hudora-ueberlaender-wb\\\/#breadcrumb\"},\"inLanguage\":\"it-IT\",\"potentialAction\":[{\"@type\":\"ReadAction\",\"target\":[\"https:\\\/\\\/schweizversand.ch\\\/it\\\/produkt\\\/hudora-1-ersatzachse-inkl-arretierung-fuer-hudora-ueberlaender-wb\\\/\"]}]},{\"@type\":\"ImageObject\",\"inLanguage\":\"it-IT\",\"@id\":\"https:\\\/\\\/schweizversand.ch\\\/it\\\/produkt\\\/hudora-1-ersatzachse-inkl-arretierung-fuer-hudora-ueberlaender-wb\\\/#primaryimage\",\"url\":\"https:\\\/\\\/schweizversand.ch\\\/wp-content\\\/uploads\\\/2026\\\/02\\\/5471482362.jpg\",\"contentUrl\":\"https:\\\/\\\/schweizversand.ch\\\/wp-content\\\/uploads\\\/2026\\\/02\\\/5471482362.jpg\",\"width\":1024,\"height\":829},{\"@type\":\"BreadcrumbList\",\"@id\":\"https:\\\/\\\/schweizversand.ch\\\/it\\\/produkt\\\/hudora-1-ersatzachse-inkl-arretierung-fuer-hudora-ueberlaender-wb\\\/#breadcrumb\",\"itemListElement\":[{\"@type\":\"ListItem\",\"position\":1,\"name\":\"Startseite\",\"item\":\"https:\\\/\\\/schweizversand.ch\\\/it\\\/home\\\/\"},{\"@type\":\"ListItem\",\"position\":2,\"name\":\"Shop\",\"item\":\"https:\\\/\\\/schweizversand.ch\\\/it\\\/shop\\\/\"},{\"@type\":\"ListItem\",\"position\":3,\"name\":\"Ricambi\",\"item\":\"https:\\\/\\\/schweizversand.ch\\\/it\\\/produkt-kategorie\\\/ricambi\\\/\"},{\"@type\":\"ListItem\",\"position\":4,\"name\":\"Hudora\",\"item\":\"https:\\\/\\\/schweizversand.ch\\\/it\\\/produkt-kategorie\\\/ricambi\\\/hudora\\\/\"},{\"@type\":\"ListItem\",\"position\":5,\"name\":\"Varie\",\"item\":\"https:\\\/\\\/schweizversand.ch\\\/it\\\/produkt-kategorie\\\/ricambi\\\/hudora\\\/diverses\\\/\"},{\"@type\":\"ListItem\",\"position\":6,\"name\":\"Assale di ricambio Hudora 1 con meccanismo di bloccaggio per HUDORA cross-country (WB)\"}]},{\"@type\":\"WebSite\",\"@id\":\"https:\\\/\\\/schweizversand.ch\\\/it\\\/#website\",\"url\":\"https:\\\/\\\/schweizversand.ch\\\/it\\\/\",\"name\":\"Schweizer Shop f\u00fcr Sport, Spiel und Freizeit\",\"description\":\"Gratisversand ab 50.- (netto), ab eigenem schweizer Lager, Lieferung innert 48h\",\"publisher\":{\"@id\":\"https:\\\/\\\/schweizversand.ch\\\/it\\\/#organization\"},\"alternateName\":\"Schweizversand.ch\",\"potentialAction\":[{\"@type\":\"SearchAction\",\"target\":{\"@type\":\"EntryPoint\",\"urlTemplate\":\"https:\\\/\\\/schweizversand.ch\\\/it\\\/?s={search_term_string}\"},\"query-input\":{\"@type\":\"PropertyValueSpecification\",\"valueRequired\":true,\"valueName\":\"search_term_string\"}}],\"inLanguage\":\"it-IT\"},{\"@type\":\"Organization\",\"@id\":\"https:\\\/\\\/schweizversand.ch\\\/it\\\/#organization\",\"name\":\"Schweizversand.ch\",\"url\":\"https:\\\/\\\/schweizversand.ch\\\/it\\\/\",\"logo\":{\"@type\":\"ImageObject\",\"inLanguage\":\"it-IT\",\"@id\":\"https:\\\/\\\/schweizversand.ch\\\/it\\\/#\\\/schema\\\/logo\\\/image\\\/\",\"url\":\"https:\\\/\\\/schweizversand.ch\\\/wp-content\\\/uploads\\\/2026\\\/03\\\/Logo_Rund_Final-1.png\",\"contentUrl\":\"https:\\\/\\\/schweizversand.ch\\\/wp-content\\\/uploads\\\/2026\\\/03\\\/Logo_Rund_Final-1.png\",\"width\":404,\"height\":404,\"caption\":\"Schweizversand.ch\"},\"image\":{\"@id\":\"https:\\\/\\\/schweizversand.ch\\\/it\\\/#\\\/schema\\\/logo\\\/image\\\/\"},\"sameAs\":[\"https:\\\/\\\/www.facebook.com\\\/Schweizversand\",\"https:\\\/\\\/www.instagram.com\\\/schweizversand.ch\\\/\"]}]}<\/script>\n<!-- \/ Yoast SEO plugin. -->","yoast_head_json":{"title":"Hudora 1 Ersatzachse inkl. Arretierung f\u00fcr HUDORA \u00dcberl\u00e4nder (WB) | Jetzt kaufen | Schweizversand.ch","description":"Hudora 1 Ersatzachse inkl. Arretierung f\u00fcr HUDORA \u00dcberl\u00e4nder (WB) g\u00fcnstig kaufen bei Schweizversand.ch. Schnelle Lieferung in der Schweiz. Gratisversand ab CHF 50.","robots":{"index":"index","follow":"follow","max-snippet":"max-snippet:-1","max-image-preview":"max-image-preview:large","max-video-preview":"max-video-preview:-1"},"canonical":"https:\/\/schweizversand.ch\/it\/produkt\/hudora-1-ersatzachse-inkl-arretierung-fuer-hudora-ueberlaender-wb\/","og_locale":"it_IT","og_type":"article","og_title":"Hudora 1 Ersatzachse inkl. Arretierung f\u00fcr HUDORA \u00dcberl\u00e4nder (WB) | Jetzt kaufen | Schweizversand.ch","og_description":"Hudora 1 Ersatzachse inkl. Arretierung f\u00fcr HUDORA \u00dcberl\u00e4nder (WB) g\u00fcnstig kaufen bei Schweizversand.ch. Schnelle Lieferung in der Schweiz. Gratisversand ab CHF 50.","og_url":"https:\/\/schweizversand.ch\/it\/produkt\/hudora-1-ersatzachse-inkl-arretierung-fuer-hudora-ueberlaender-wb\/","og_site_name":"Schweizer Shop f\u00fcr Sport, Spiel und Freizeit","article_publisher":"https:\/\/www.facebook.com\/Schweizversand","article_modified_time":"2026-04-19T13:36:50+00:00","og_image":[{"width":1024,"height":829,"url":"https:\/\/schweizversand.ch\/wp-content\/uploads\/2026\/02\/5471482362.jpg","type":"image\/jpeg"}],"twitter_card":"summary_large_image","schema":{"@context":"https:\/\/schema.org","@graph":[{"@type":"WebPage","@id":"https:\/\/schweizversand.ch\/it\/produkt\/hudora-1-ersatzachse-inkl-arretierung-fuer-hudora-ueberlaender-wb\/","url":"https:\/\/schweizversand.ch\/it\/produkt\/hudora-1-ersatzachse-inkl-arretierung-fuer-hudora-ueberlaender-wb\/","name":"Hudora 1 Ersatzachse inkl. Arretierung f\u00fcr HUDORA \u00dcberl\u00e4nder (WB) | Jetzt kaufen | Schweizversand.ch","isPartOf":{"@id":"https:\/\/schweizversand.ch\/it\/#website"},"primaryImageOfPage":{"@id":"https:\/\/schweizversand.ch\/it\/produkt\/hudora-1-ersatzachse-inkl-arretierung-fuer-hudora-ueberlaender-wb\/#primaryimage"},"image":{"@id":"https:\/\/schweizversand.ch\/it\/produkt\/hudora-1-ersatzachse-inkl-arretierung-fuer-hudora-ueberlaender-wb\/#primaryimage"},"thumbnailUrl":"https:\/\/schweizversand.ch\/wp-content\/uploads\/2026\/02\/5471482362.jpg","datePublished":"2026-03-14T23:54:45+00:00","dateModified":"2026-04-19T13:36:50+00:00","description":"Hudora 1 Ersatzachse inkl. Arretierung f\u00fcr HUDORA \u00dcberl\u00e4nder (WB) g\u00fcnstig kaufen bei Schweizversand.ch. Schnelle Lieferung in der Schweiz. Gratisversand ab CHF 50.","breadcrumb":{"@id":"https:\/\/schweizversand.ch\/it\/produkt\/hudora-1-ersatzachse-inkl-arretierung-fuer-hudora-ueberlaender-wb\/#breadcrumb"},"inLanguage":"it-IT","potentialAction":[{"@type":"ReadAction","target":["https:\/\/schweizversand.ch\/it\/produkt\/hudora-1-ersatzachse-inkl-arretierung-fuer-hudora-ueberlaender-wb\/"]}]},{"@type":"ImageObject","inLanguage":"it-IT","@id":"https:\/\/schweizversand.ch\/it\/produkt\/hudora-1-ersatzachse-inkl-arretierung-fuer-hudora-ueberlaender-wb\/#primaryimage","url":"https:\/\/schweizversand.ch\/wp-content\/uploads\/2026\/02\/5471482362.jpg","contentUrl":"https:\/\/schweizversand.ch\/wp-content\/uploads\/2026\/02\/5471482362.jpg","width":1024,"height":829},{"@type":"BreadcrumbList","@id":"https:\/\/schweizversand.ch\/it\/produkt\/hudora-1-ersatzachse-inkl-arretierung-fuer-hudora-ueberlaender-wb\/#breadcrumb","itemListElement":[{"@type":"ListItem","position":1,"name":"Startseite","item":"https:\/\/schweizversand.ch\/it\/home\/"},{"@type":"ListItem","position":2,"name":"Shop","item":"https:\/\/schweizversand.ch\/it\/shop\/"},{"@type":"ListItem","position":3,"name":"Ricambi","item":"https:\/\/schweizversand.ch\/it\/produkt-kategorie\/ricambi\/"},{"@type":"ListItem","position":4,"name":"Hudora","item":"https:\/\/schweizversand.ch\/it\/produkt-kategorie\/ricambi\/hudora\/"},{"@type":"ListItem","position":5,"name":"Varie","item":"https:\/\/schweizversand.ch\/it\/produkt-kategorie\/ricambi\/hudora\/diverses\/"},{"@type":"ListItem","position":6,"name":"Assale di ricambio Hudora 1 con meccanismo di bloccaggio per HUDORA cross-country (WB)"}]},{"@type":"WebSite","@id":"https:\/\/schweizversand.ch\/it\/#website","url":"https:\/\/schweizversand.ch\/it\/","name":"Schweizer Shop f\u00fcr Sport, Spiel und Freizeit","description":"Gratisversand ab 50.- (netto), ab eigenem schweizer Lager, Lieferung innert 48h","publisher":{"@id":"https:\/\/schweizversand.ch\/it\/#organization"},"alternateName":"Schweizversand.ch","potentialAction":[{"@type":"SearchAction","target":{"@type":"EntryPoint","urlTemplate":"https:\/\/schweizversand.ch\/it\/?s={search_term_string}"},"query-input":{"@type":"PropertyValueSpecification","valueRequired":true,"valueName":"search_term_string"}}],"inLanguage":"it-IT"},{"@type":"Organization","@id":"https:\/\/schweizversand.ch\/it\/#organization","name":"Schweizversand.ch","url":"https:\/\/schweizversand.ch\/it\/","logo":{"@type":"ImageObject","inLanguage":"it-IT","@id":"https:\/\/schweizversand.ch\/it\/#\/schema\/logo\/image\/","url":"https:\/\/schweizversand.ch\/wp-content\/uploads\/2026\/03\/Logo_Rund_Final-1.png","contentUrl":"https:\/\/schweizversand.ch\/wp-content\/uploads\/2026\/03\/Logo_Rund_Final-1.png","width":404,"height":404,"caption":"Schweizversand.ch"},"image":{"@id":"https:\/\/schweizversand.ch\/it\/#\/schema\/logo\/image\/"},"sameAs":["https:\/\/www.facebook.com\/Schweizversand","https:\/\/www.instagram.com\/schweizversand.ch\/"]}]}},"jetpack_sharing_enabled":true,"_links":{"self":[{"href":"https:\/\/schweizversand.ch\/it\/wp-json\/wp\/v2\/product\/256519","targetHints":{"allow":["GET"]}}],"collection":[{"href":"https:\/\/schweizversand.ch\/it\/wp-json\/wp\/v2\/product"}],"about":[{"href":"https:\/\/schweizversand.ch\/it\/wp-json\/wp\/v2\/types\/product"}],"replies":[{"embeddable":true,"href":"https:\/\/schweizversand.ch\/it\/wp-json\/wp\/v2\/comments?post=256519"}],"wp:featuredmedia":[{"embeddable":true,"href":"https:\/\/schweizversand.ch\/it\/wp-json\/wp\/v2\/media\/159199"}],"wp:attachment":[{"href":"https:\/\/schweizversand.ch\/it\/wp-json\/wp\/v2\/media?parent=256519"}],"wp:term":[{"taxonomy":"product_brand","embeddable":true,"href":"https:\/\/schweizversand.ch\/it\/wp-json\/wp\/v2\/product_brand?post=256519"},{"taxonomy":"product_cat","embeddable":true,"href":"https:\/\/schweizversand.ch\/it\/wp-json\/wp\/v2\/product_cat?post=256519"},{"taxonomy":"product_tag","embeddable":true,"href":"https:\/\/schweizversand.ch\/it\/wp-json\/wp\/v2\/product_tag?post=256519"}],"curies":[{"name":"wp","href":"https:\/\/api.w.org\/{rel}","templated":true}]}}