{"id":256537,"date":"2026-03-15T00:54:53","date_gmt":"2026-03-14T23:54:53","guid":{"rendered":"https:\/\/schweizversand.ch\/produkt\/hudora-2-transportraeder-zur-befestigung-an-rohren-mit-oe-38-mm-wb\/"},"modified":"2026-04-20T15:36:09","modified_gmt":"2026-04-20T13:36:09","slug":"hudora-2-transportraeder-zur-befestigung-an-rohren-mit-oe-38-mm-wb","status":"publish","type":"product","link":"https:\/\/schweizversand.ch\/it\/produkt\/hudora-2-transportraeder-zur-befestigung-an-rohren-mit-oe-38-mm-wb\/","title":{"rendered":"Ruote di trasporto Hudora 2 per il montaggio su tubi con \u00f8 38 mm (WB)"},"content":{"rendered":"<p>Informazioni sul prodotto &#8220;2 ruote di trasporto, ruote per trampolino da montare su tubi&#8221;<\/p>\n<p>Pratico accessorio per lo spostamento di attrezzature di grandi dimensioni come i trampolini da giardino. Le innovative ruote di trasporto HUDORA convincono per la loro maneggevolezza e l&#8217;elevata capacit\u00e0 di carico.<\/p>\n<p>Ruote per il montaggio successivo su tutti i trampolini da giardino, porte da gioco e altre attrezzature con un diametro massimo del tubo di 38 mm.<\/p>\n<p>Realizzate in resistente ABS HQ. Diametro ruote: 135 mm, larghezza ruote: 45 mm.<\/p>\n<p>Con queste ruote, puoi spostare il tuo trampolino in modo rapido e semplice. Che tu voglia tagliare l&#8217;erba o trasportare il tuo trampolino per l&#8217;inverno, con questo pratico accessorio puoi spostarlo in modo sicuro e confortevole senza assistenza.<\/p>\n<p>Dimensioni: 130 x 45 mm<\/p>\n<p>Pezzo di ricambio per l&#8217;articolo n. 65007, 65031, 65032, 65033, 65034, 65041, 65086, 65151, 65153, 65153\/02, 65185, 65185\/02, 65195, 65500, 65510, 65592<\/p>\n","protected":false},"excerpt":{"rendered":"<p>Informazioni sul prodotto &#8220;2 ruote di trasporto, ruote per trampolino da montare su tubi&#8221; Pratico accessorio per lo spostamento di attrezzature di grandi dimensioni come i trampolini da giardino. Le innovative ruote di trasporto HUDORA convincono per la loro maneggevolezza e l&#8217;elevata capacit\u00e0 di carico. Ruote per il montaggio successivo su tutti i trampolini da giardino, porte da gioco e altre attrezzature con un diametro massimo del tubo di 38 mm. Realizzate in resistente ABS&hellip;<\/p>\n","protected":false},"featured_media":159299,"comment_status":"open","ping_status":"closed","template":"","meta":[],"product_brand":[],"product_cat":[38561],"product_tag":[],"class_list":{"0":"post-256537","1":"product","2":"type-product","3":"status-publish","4":"has-post-thumbnail","6":"product_cat-diverses","7":"product_shipping_class-global_methods","9":"first","10":"instock","11":"taxable","12":"shipping-taxable","13":"purchasable","14":"product-type-simple"},"yoast_head":"<!-- This site is optimized with the Yoast SEO plugin v27.4 - https:\/\/yoast.com\/product\/yoast-seo-wordpress\/ -->\n<title>Hudora 2 Transportr\u00e4der zur Befestigung an Rohren mit \u00f8 38 mm (WB) | Jetzt kaufen | Schweizversand.ch<\/title>\n<meta name=\"description\" content=\"Hudora 2 Transportr\u00e4der zur Befestigung an Rohren mit \u00f8 38 mm (WB) g\u00fcnstig kaufen bei Schweizversand.ch. Schnelle Lieferung in der Schweiz. Gratisversand ab CHF 50.\" \/>\n<meta name=\"robots\" content=\"index, follow, max-snippet:-1, max-image-preview:large, max-video-preview:-1\" \/>\n<link rel=\"canonical\" href=\"https:\/\/schweizversand.ch\/it\/produkt\/hudora-2-transportraeder-zur-befestigung-an-rohren-mit-oe-38-mm-wb\/\" \/>\n<meta property=\"og:locale\" content=\"it_IT\" \/>\n<meta property=\"og:type\" content=\"article\" \/>\n<meta property=\"og:title\" content=\"Hudora 2 Transportr\u00e4der zur Befestigung an Rohren mit \u00f8 38 mm (WB) | Jetzt kaufen | Schweizversand.ch\" \/>\n<meta property=\"og:description\" content=\"Hudora 2 Transportr\u00e4der zur Befestigung an Rohren mit \u00f8 38 mm (WB) g\u00fcnstig kaufen bei Schweizversand.ch. Schnelle Lieferung in der Schweiz. Gratisversand ab CHF 50.\" \/>\n<meta property=\"og:url\" content=\"https:\/\/schweizversand.ch\/it\/produkt\/hudora-2-transportraeder-zur-befestigung-an-rohren-mit-oe-38-mm-wb\/\" \/>\n<meta property=\"og:site_name\" content=\"Schweizer Shop f\u00fcr Sport, Spiel und Freizeit\" \/>\n<meta property=\"article:publisher\" content=\"https:\/\/www.facebook.com\/Schweizversand\" \/>\n<meta property=\"article:modified_time\" content=\"2026-04-20T13:36:09+00:00\" \/>\n<meta property=\"og:image\" content=\"https:\/\/schweizversand.ch\/wp-content\/uploads\/2026\/02\/5471468714.jpg\" \/>\n\t<meta property=\"og:image:width\" content=\"1024\" \/>\n\t<meta property=\"og:image:height\" content=\"565\" \/>\n\t<meta property=\"og:image:type\" content=\"image\/jpeg\" \/>\n<meta name=\"twitter:card\" content=\"summary_large_image\" \/>\n<meta name=\"twitter:label1\" content=\"Tempo di lettura stimato\" \/>\n\t<meta name=\"twitter:data1\" content=\"1 minuto\" \/>\n<script type=\"application\/ld+json\" class=\"yoast-schema-graph\">{\"@context\":\"https:\\\/\\\/schema.org\",\"@graph\":[{\"@type\":\"WebPage\",\"@id\":\"https:\\\/\\\/schweizversand.ch\\\/it\\\/produkt\\\/hudora-2-transportraeder-zur-befestigung-an-rohren-mit-oe-38-mm-wb\\\/\",\"url\":\"https:\\\/\\\/schweizversand.ch\\\/it\\\/produkt\\\/hudora-2-transportraeder-zur-befestigung-an-rohren-mit-oe-38-mm-wb\\\/\",\"name\":\"Hudora 2 Transportr\u00e4der zur Befestigung an Rohren mit \u00f8 38 mm (WB) | Jetzt kaufen | Schweizversand.ch\",\"isPartOf\":{\"@id\":\"https:\\\/\\\/schweizversand.ch\\\/it\\\/#website\"},\"primaryImageOfPage\":{\"@id\":\"https:\\\/\\\/schweizversand.ch\\\/it\\\/produkt\\\/hudora-2-transportraeder-zur-befestigung-an-rohren-mit-oe-38-mm-wb\\\/#primaryimage\"},\"image\":{\"@id\":\"https:\\\/\\\/schweizversand.ch\\\/it\\\/produkt\\\/hudora-2-transportraeder-zur-befestigung-an-rohren-mit-oe-38-mm-wb\\\/#primaryimage\"},\"thumbnailUrl\":\"https:\\\/\\\/schweizversand.ch\\\/wp-content\\\/uploads\\\/2026\\\/02\\\/5471468714.jpg\",\"datePublished\":\"2026-03-14T23:54:53+00:00\",\"dateModified\":\"2026-04-20T13:36:09+00:00\",\"description\":\"Hudora 2 Transportr\u00e4der zur Befestigung an Rohren mit \u00f8 38 mm (WB) g\u00fcnstig kaufen bei Schweizversand.ch. Schnelle Lieferung in der Schweiz. Gratisversand ab CHF 50.\",\"breadcrumb\":{\"@id\":\"https:\\\/\\\/schweizversand.ch\\\/it\\\/produkt\\\/hudora-2-transportraeder-zur-befestigung-an-rohren-mit-oe-38-mm-wb\\\/#breadcrumb\"},\"inLanguage\":\"it-IT\",\"potentialAction\":[{\"@type\":\"ReadAction\",\"target\":[\"https:\\\/\\\/schweizversand.ch\\\/it\\\/produkt\\\/hudora-2-transportraeder-zur-befestigung-an-rohren-mit-oe-38-mm-wb\\\/\"]}]},{\"@type\":\"ImageObject\",\"inLanguage\":\"it-IT\",\"@id\":\"https:\\\/\\\/schweizversand.ch\\\/it\\\/produkt\\\/hudora-2-transportraeder-zur-befestigung-an-rohren-mit-oe-38-mm-wb\\\/#primaryimage\",\"url\":\"https:\\\/\\\/schweizversand.ch\\\/wp-content\\\/uploads\\\/2026\\\/02\\\/5471468714.jpg\",\"contentUrl\":\"https:\\\/\\\/schweizversand.ch\\\/wp-content\\\/uploads\\\/2026\\\/02\\\/5471468714.jpg\",\"width\":1024,\"height\":565},{\"@type\":\"BreadcrumbList\",\"@id\":\"https:\\\/\\\/schweizversand.ch\\\/it\\\/produkt\\\/hudora-2-transportraeder-zur-befestigung-an-rohren-mit-oe-38-mm-wb\\\/#breadcrumb\",\"itemListElement\":[{\"@type\":\"ListItem\",\"position\":1,\"name\":\"Startseite\",\"item\":\"https:\\\/\\\/schweizversand.ch\\\/it\\\/home\\\/\"},{\"@type\":\"ListItem\",\"position\":2,\"name\":\"Shop\",\"item\":\"https:\\\/\\\/schweizversand.ch\\\/it\\\/shop\\\/\"},{\"@type\":\"ListItem\",\"position\":3,\"name\":\"Ricambi\",\"item\":\"https:\\\/\\\/schweizversand.ch\\\/it\\\/produkt-kategorie\\\/ricambi\\\/\"},{\"@type\":\"ListItem\",\"position\":4,\"name\":\"Hudora\",\"item\":\"https:\\\/\\\/schweizversand.ch\\\/it\\\/produkt-kategorie\\\/ricambi\\\/hudora\\\/\"},{\"@type\":\"ListItem\",\"position\":5,\"name\":\"Varie\",\"item\":\"https:\\\/\\\/schweizversand.ch\\\/it\\\/produkt-kategorie\\\/ricambi\\\/hudora\\\/diverses\\\/\"},{\"@type\":\"ListItem\",\"position\":6,\"name\":\"Ruote di trasporto Hudora 2 per il montaggio su tubi con \u00f8 38 mm (WB)\"}]},{\"@type\":\"WebSite\",\"@id\":\"https:\\\/\\\/schweizversand.ch\\\/it\\\/#website\",\"url\":\"https:\\\/\\\/schweizversand.ch\\\/it\\\/\",\"name\":\"Schweizer Shop f\u00fcr Sport, Spiel und Freizeit\",\"description\":\"Gratisversand ab 50.- (netto), ab eigenem schweizer Lager, Lieferung innert 48h\",\"publisher\":{\"@id\":\"https:\\\/\\\/schweizversand.ch\\\/it\\\/#organization\"},\"alternateName\":\"Schweizversand.ch\",\"potentialAction\":[{\"@type\":\"SearchAction\",\"target\":{\"@type\":\"EntryPoint\",\"urlTemplate\":\"https:\\\/\\\/schweizversand.ch\\\/it\\\/?s={search_term_string}\"},\"query-input\":{\"@type\":\"PropertyValueSpecification\",\"valueRequired\":true,\"valueName\":\"search_term_string\"}}],\"inLanguage\":\"it-IT\"},{\"@type\":\"Organization\",\"@id\":\"https:\\\/\\\/schweizversand.ch\\\/it\\\/#organization\",\"name\":\"Schweizversand.ch\",\"url\":\"https:\\\/\\\/schweizversand.ch\\\/it\\\/\",\"logo\":{\"@type\":\"ImageObject\",\"inLanguage\":\"it-IT\",\"@id\":\"https:\\\/\\\/schweizversand.ch\\\/it\\\/#\\\/schema\\\/logo\\\/image\\\/\",\"url\":\"https:\\\/\\\/schweizversand.ch\\\/wp-content\\\/uploads\\\/2026\\\/03\\\/Logo_Rund_Final-1.png\",\"contentUrl\":\"https:\\\/\\\/schweizversand.ch\\\/wp-content\\\/uploads\\\/2026\\\/03\\\/Logo_Rund_Final-1.png\",\"width\":404,\"height\":404,\"caption\":\"Schweizversand.ch\"},\"image\":{\"@id\":\"https:\\\/\\\/schweizversand.ch\\\/it\\\/#\\\/schema\\\/logo\\\/image\\\/\"},\"sameAs\":[\"https:\\\/\\\/www.facebook.com\\\/Schweizversand\",\"https:\\\/\\\/www.instagram.com\\\/schweizversand.ch\\\/\"]}]}<\/script>\n<!-- \/ Yoast SEO plugin. -->","yoast_head_json":{"title":"Hudora 2 Transportr\u00e4der zur Befestigung an Rohren mit \u00f8 38 mm (WB) | Jetzt kaufen | Schweizversand.ch","description":"Hudora 2 Transportr\u00e4der zur Befestigung an Rohren mit \u00f8 38 mm (WB) g\u00fcnstig kaufen bei Schweizversand.ch. Schnelle Lieferung in der Schweiz. Gratisversand ab CHF 50.","robots":{"index":"index","follow":"follow","max-snippet":"max-snippet:-1","max-image-preview":"max-image-preview:large","max-video-preview":"max-video-preview:-1"},"canonical":"https:\/\/schweizversand.ch\/it\/produkt\/hudora-2-transportraeder-zur-befestigung-an-rohren-mit-oe-38-mm-wb\/","og_locale":"it_IT","og_type":"article","og_title":"Hudora 2 Transportr\u00e4der zur Befestigung an Rohren mit \u00f8 38 mm (WB) | Jetzt kaufen | Schweizversand.ch","og_description":"Hudora 2 Transportr\u00e4der zur Befestigung an Rohren mit \u00f8 38 mm (WB) g\u00fcnstig kaufen bei Schweizversand.ch. Schnelle Lieferung in der Schweiz. Gratisversand ab CHF 50.","og_url":"https:\/\/schweizversand.ch\/it\/produkt\/hudora-2-transportraeder-zur-befestigung-an-rohren-mit-oe-38-mm-wb\/","og_site_name":"Schweizer Shop f\u00fcr Sport, Spiel und Freizeit","article_publisher":"https:\/\/www.facebook.com\/Schweizversand","article_modified_time":"2026-04-20T13:36:09+00:00","og_image":[{"width":1024,"height":565,"url":"https:\/\/schweizversand.ch\/wp-content\/uploads\/2026\/02\/5471468714.jpg","type":"image\/jpeg"}],"twitter_card":"summary_large_image","twitter_misc":{"Tempo di lettura stimato":"1 minuto"},"schema":{"@context":"https:\/\/schema.org","@graph":[{"@type":"WebPage","@id":"https:\/\/schweizversand.ch\/it\/produkt\/hudora-2-transportraeder-zur-befestigung-an-rohren-mit-oe-38-mm-wb\/","url":"https:\/\/schweizversand.ch\/it\/produkt\/hudora-2-transportraeder-zur-befestigung-an-rohren-mit-oe-38-mm-wb\/","name":"Hudora 2 Transportr\u00e4der zur Befestigung an Rohren mit \u00f8 38 mm (WB) | Jetzt kaufen | Schweizversand.ch","isPartOf":{"@id":"https:\/\/schweizversand.ch\/it\/#website"},"primaryImageOfPage":{"@id":"https:\/\/schweizversand.ch\/it\/produkt\/hudora-2-transportraeder-zur-befestigung-an-rohren-mit-oe-38-mm-wb\/#primaryimage"},"image":{"@id":"https:\/\/schweizversand.ch\/it\/produkt\/hudora-2-transportraeder-zur-befestigung-an-rohren-mit-oe-38-mm-wb\/#primaryimage"},"thumbnailUrl":"https:\/\/schweizversand.ch\/wp-content\/uploads\/2026\/02\/5471468714.jpg","datePublished":"2026-03-14T23:54:53+00:00","dateModified":"2026-04-20T13:36:09+00:00","description":"Hudora 2 Transportr\u00e4der zur Befestigung an Rohren mit \u00f8 38 mm (WB) g\u00fcnstig kaufen bei Schweizversand.ch. Schnelle Lieferung in der Schweiz. Gratisversand ab CHF 50.","breadcrumb":{"@id":"https:\/\/schweizversand.ch\/it\/produkt\/hudora-2-transportraeder-zur-befestigung-an-rohren-mit-oe-38-mm-wb\/#breadcrumb"},"inLanguage":"it-IT","potentialAction":[{"@type":"ReadAction","target":["https:\/\/schweizversand.ch\/it\/produkt\/hudora-2-transportraeder-zur-befestigung-an-rohren-mit-oe-38-mm-wb\/"]}]},{"@type":"ImageObject","inLanguage":"it-IT","@id":"https:\/\/schweizversand.ch\/it\/produkt\/hudora-2-transportraeder-zur-befestigung-an-rohren-mit-oe-38-mm-wb\/#primaryimage","url":"https:\/\/schweizversand.ch\/wp-content\/uploads\/2026\/02\/5471468714.jpg","contentUrl":"https:\/\/schweizversand.ch\/wp-content\/uploads\/2026\/02\/5471468714.jpg","width":1024,"height":565},{"@type":"BreadcrumbList","@id":"https:\/\/schweizversand.ch\/it\/produkt\/hudora-2-transportraeder-zur-befestigung-an-rohren-mit-oe-38-mm-wb\/#breadcrumb","itemListElement":[{"@type":"ListItem","position":1,"name":"Startseite","item":"https:\/\/schweizversand.ch\/it\/home\/"},{"@type":"ListItem","position":2,"name":"Shop","item":"https:\/\/schweizversand.ch\/it\/shop\/"},{"@type":"ListItem","position":3,"name":"Ricambi","item":"https:\/\/schweizversand.ch\/it\/produkt-kategorie\/ricambi\/"},{"@type":"ListItem","position":4,"name":"Hudora","item":"https:\/\/schweizversand.ch\/it\/produkt-kategorie\/ricambi\/hudora\/"},{"@type":"ListItem","position":5,"name":"Varie","item":"https:\/\/schweizversand.ch\/it\/produkt-kategorie\/ricambi\/hudora\/diverses\/"},{"@type":"ListItem","position":6,"name":"Ruote di trasporto Hudora 2 per il montaggio su tubi con \u00f8 38 mm (WB)"}]},{"@type":"WebSite","@id":"https:\/\/schweizversand.ch\/it\/#website","url":"https:\/\/schweizversand.ch\/it\/","name":"Schweizer Shop f\u00fcr Sport, Spiel und Freizeit","description":"Gratisversand ab 50.- (netto), ab eigenem schweizer Lager, Lieferung innert 48h","publisher":{"@id":"https:\/\/schweizversand.ch\/it\/#organization"},"alternateName":"Schweizversand.ch","potentialAction":[{"@type":"SearchAction","target":{"@type":"EntryPoint","urlTemplate":"https:\/\/schweizversand.ch\/it\/?s={search_term_string}"},"query-input":{"@type":"PropertyValueSpecification","valueRequired":true,"valueName":"search_term_string"}}],"inLanguage":"it-IT"},{"@type":"Organization","@id":"https:\/\/schweizversand.ch\/it\/#organization","name":"Schweizversand.ch","url":"https:\/\/schweizversand.ch\/it\/","logo":{"@type":"ImageObject","inLanguage":"it-IT","@id":"https:\/\/schweizversand.ch\/it\/#\/schema\/logo\/image\/","url":"https:\/\/schweizversand.ch\/wp-content\/uploads\/2026\/03\/Logo_Rund_Final-1.png","contentUrl":"https:\/\/schweizversand.ch\/wp-content\/uploads\/2026\/03\/Logo_Rund_Final-1.png","width":404,"height":404,"caption":"Schweizversand.ch"},"image":{"@id":"https:\/\/schweizversand.ch\/it\/#\/schema\/logo\/image\/"},"sameAs":["https:\/\/www.facebook.com\/Schweizversand","https:\/\/www.instagram.com\/schweizversand.ch\/"]}]}},"jetpack_sharing_enabled":true,"_links":{"self":[{"href":"https:\/\/schweizversand.ch\/it\/wp-json\/wp\/v2\/product\/256537","targetHints":{"allow":["GET"]}}],"collection":[{"href":"https:\/\/schweizversand.ch\/it\/wp-json\/wp\/v2\/product"}],"about":[{"href":"https:\/\/schweizversand.ch\/it\/wp-json\/wp\/v2\/types\/product"}],"replies":[{"embeddable":true,"href":"https:\/\/schweizversand.ch\/it\/wp-json\/wp\/v2\/comments?post=256537"}],"wp:featuredmedia":[{"embeddable":true,"href":"https:\/\/schweizversand.ch\/it\/wp-json\/wp\/v2\/media\/159299"}],"wp:attachment":[{"href":"https:\/\/schweizversand.ch\/it\/wp-json\/wp\/v2\/media?parent=256537"}],"wp:term":[{"taxonomy":"product_brand","embeddable":true,"href":"https:\/\/schweizversand.ch\/it\/wp-json\/wp\/v2\/product_brand?post=256537"},{"taxonomy":"product_cat","embeddable":true,"href":"https:\/\/schweizversand.ch\/it\/wp-json\/wp\/v2\/product_cat?post=256537"},{"taxonomy":"product_tag","embeddable":true,"href":"https:\/\/schweizversand.ch\/it\/wp-json\/wp\/v2\/product_tag?post=256537"}],"curies":[{"name":"wp","href":"https:\/\/api.w.org\/{rel}","templated":true}]}}