{"id":256547,"date":"2026-03-15T00:55:03","date_gmt":"2026-03-14T23:55:03","guid":{"rendered":"https:\/\/schweizversand.ch\/produkt\/on-damen-schuh-cloudsurfer-waterproof-2\/"},"modified":"2026-04-22T15:36:18","modified_gmt":"2026-04-22T13:36:18","slug":"on-damen-schuh-cloudsurfer-waterproof-2","status":"publish","type":"product","link":"https:\/\/schweizversand.ch\/it\/produkt\/on-damen-schuh-cloudsurfer-waterproof-2\/","title":{"rendered":"Scarpe impermeabili ON Cloudsurfer da donna"},"content":{"rendered":"<p>On Cloudsurfer Waterproof da donna \u2013 Scarpe da trail running impermeabili per ogni avventura<\/p>\n<p>Pi\u00f9 ammortizzazione. Pi\u00f9 grip. Pi\u00f9 libert\u00e0 sul sentiero.<\/p>\n<p>Le scarpe da trail running impermeabili On Cloudsurfer da donna \u2013 Nero | Eclipse sono la scelta perfetta per chi vuole affidarsi alle proprie scarpe anche sotto la pioggia e su terreni bagnati. Progettate per terreni moderati, queste scarpe combinano tecnologie innovative con il massimo comfort, per un&#8217;esperienza di corsa naturale e fluida in qualsiasi condizione atmosferica.<\/p>\n<p>Ideali per il trail running in qualsiasi condizione atmosferica<\/p>\n<p>La membrana impermeabile protegge in modo affidabile i piedi dall&#8217;umidit\u00e0, sia sotto la pioggia battente, che su sentieri fangosi nei boschi o nelle pozzanghere. Questo ti mantiene asciutto, concentrato e pronto per ogni passo.<\/p>\n<p>CloudTec Phase\u00ae \u2013 Per passi morbidi ed efficienti<\/p>\n<p>Grazie all&#8217;intersuola CloudTec Phase\u00ae, sviluppata utilizzando l&#8217;analisi degli elementi finiti all&#8217;avanguardia, godrai di un trasferimento del peso eccezionalmente fluido e di una fluidit\u00e0 notevolmente maggiore a ogni corsa.<\/p>\n<p>Aderenza antiscivolo con Missiongrip\u2122<\/p>\n<p>La robusta suola in gomma Missiongrip\u2122 offre un&#8217;aderenza ottimale su sentieri bagnati e asciutti. La versatile scolpitura garantisce la massima trazione, anche su superfici scivolose.<\/p>\n<p>Comfort e rispetto per l&#8217;ambiente combinati<\/p>\n<p>Scopri il massimo comfort con la superschiuma Helion\u2122 ammortizzante, il tallone morbidamente imbottito e la tomaia in mesh traspirante. Allo stesso tempo, la scarpa contiene meno TPU, rendendola pi\u00f9 ecologica.<\/p>\n<p>Perch\u00e9 amerai le On Cloudsurfer Trail Waterproof da donna:<\/p>\n<p>\u2022 Scarpe da trail running impermeabili da donna, ideali per tutte le condizioni atmosferiche<br \/>\n<br \/>\u2022 Sensazione di corsa fluida grazie a CloudTec Phase\u00ae<\/p>\n<p>\u2022 Aderenza antiscivolo grazie alla suola Missiongrip\u2122<\/p>\n<p>\u2022 Leggere, sicure e rispettose dell&#8217;ambiente<\/p>\n<p>\u2022 Nessun sassolino che si incastra: la suola intelligente impedisce ai sassolini di incastrarsi<\/p>\n","protected":false},"excerpt":{"rendered":"<p>On Cloudsurfer Waterproof da donna \u2013 Scarpe da trail running impermeabili per ogni avventura Pi\u00f9 ammortizzazione. Pi\u00f9 grip. Pi\u00f9 libert\u00e0 sul sentiero. Le scarpe da trail running impermeabili On Cloudsurfer da donna \u2013 Nero | Eclipse sono la scelta perfetta per chi vuole affidarsi alle proprie scarpe anche sotto la pioggia e su terreni bagnati. Progettate per terreni moderati, queste scarpe combinano tecnologie innovative con il massimo comfort, per un&#8217;esperienza di corsa naturale e fluida&hellip;<\/p>\n","protected":false},"featured_media":159474,"comment_status":"open","ping_status":"closed","template":"","meta":[],"product_brand":[],"product_cat":[38190],"product_tag":[],"class_list":{"0":"post-256547","1":"product","2":"type-product","3":"status-publish","4":"has-post-thumbnail","6":"product_cat-damenschuhe","7":"product_shipping_class-global_methods","9":"first","10":"instock","11":"taxable","12":"shipping-taxable","13":"purchasable","14":"product-type-simple"},"yoast_head":"<!-- This site is optimized with the Yoast SEO plugin v27.4 - https:\/\/yoast.com\/product\/yoast-seo-wordpress\/ -->\n<title>ON Damen Schuh Cloudsurfer Waterproof | Jetzt kaufen | Schweizversand.ch<\/title>\n<meta name=\"description\" content=\"ON Damen Schuh Cloudsurfer Waterproof g\u00fcnstig kaufen bei Schweizversand.ch. Schnelle Lieferung in der Schweiz. Gratisversand ab CHF 50.\" \/>\n<meta name=\"robots\" content=\"index, follow, max-snippet:-1, max-image-preview:large, max-video-preview:-1\" \/>\n<link rel=\"canonical\" href=\"https:\/\/schweizversand.ch\/it\/produkt\/on-damen-schuh-cloudsurfer-waterproof-2\/\" \/>\n<meta property=\"og:locale\" content=\"it_IT\" \/>\n<meta property=\"og:type\" content=\"article\" \/>\n<meta property=\"og:title\" content=\"ON Damen Schuh Cloudsurfer Waterproof | Jetzt kaufen | Schweizversand.ch\" \/>\n<meta property=\"og:description\" content=\"ON Damen Schuh Cloudsurfer Waterproof g\u00fcnstig kaufen bei Schweizversand.ch. Schnelle Lieferung in der Schweiz. Gratisversand ab CHF 50.\" \/>\n<meta property=\"og:url\" content=\"https:\/\/schweizversand.ch\/it\/produkt\/on-damen-schuh-cloudsurfer-waterproof-2\/\" \/>\n<meta property=\"og:site_name\" content=\"Schweizer Shop f\u00fcr Sport, Spiel und Freizeit\" \/>\n<meta property=\"article:publisher\" content=\"https:\/\/www.facebook.com\/Schweizversand\" \/>\n<meta property=\"article:modified_time\" content=\"2026-04-22T13:36:18+00:00\" \/>\n<meta property=\"og:image\" content=\"https:\/\/schweizversand.ch\/wp-content\/uploads\/2026\/02\/5471954279.jpg\" \/>\n\t<meta property=\"og:image:width\" content=\"1024\" \/>\n\t<meta property=\"og:image:height\" content=\"1024\" \/>\n\t<meta property=\"og:image:type\" content=\"image\/jpeg\" \/>\n<meta name=\"twitter:card\" content=\"summary_large_image\" \/>\n<meta name=\"twitter:label1\" content=\"Tempo di lettura stimato\" \/>\n\t<meta name=\"twitter:data1\" content=\"1 minuto\" \/>\n<script type=\"application\/ld+json\" class=\"yoast-schema-graph\">{\"@context\":\"https:\\\/\\\/schema.org\",\"@graph\":[{\"@type\":\"WebPage\",\"@id\":\"https:\\\/\\\/schweizversand.ch\\\/it\\\/produkt\\\/on-damen-schuh-cloudsurfer-waterproof-2\\\/\",\"url\":\"https:\\\/\\\/schweizversand.ch\\\/it\\\/produkt\\\/on-damen-schuh-cloudsurfer-waterproof-2\\\/\",\"name\":\"ON Damen Schuh Cloudsurfer Waterproof | Jetzt kaufen | Schweizversand.ch\",\"isPartOf\":{\"@id\":\"https:\\\/\\\/schweizversand.ch\\\/it\\\/#website\"},\"primaryImageOfPage\":{\"@id\":\"https:\\\/\\\/schweizversand.ch\\\/it\\\/produkt\\\/on-damen-schuh-cloudsurfer-waterproof-2\\\/#primaryimage\"},\"image\":{\"@id\":\"https:\\\/\\\/schweizversand.ch\\\/it\\\/produkt\\\/on-damen-schuh-cloudsurfer-waterproof-2\\\/#primaryimage\"},\"thumbnailUrl\":\"https:\\\/\\\/schweizversand.ch\\\/wp-content\\\/uploads\\\/2026\\\/02\\\/5471954279.jpg\",\"datePublished\":\"2026-03-14T23:55:03+00:00\",\"dateModified\":\"2026-04-22T13:36:18+00:00\",\"description\":\"ON Damen Schuh Cloudsurfer Waterproof g\u00fcnstig kaufen bei Schweizversand.ch. Schnelle Lieferung in der Schweiz. Gratisversand ab CHF 50.\",\"breadcrumb\":{\"@id\":\"https:\\\/\\\/schweizversand.ch\\\/it\\\/produkt\\\/on-damen-schuh-cloudsurfer-waterproof-2\\\/#breadcrumb\"},\"inLanguage\":\"it-IT\",\"potentialAction\":[{\"@type\":\"ReadAction\",\"target\":[\"https:\\\/\\\/schweizversand.ch\\\/it\\\/produkt\\\/on-damen-schuh-cloudsurfer-waterproof-2\\\/\"]}]},{\"@type\":\"ImageObject\",\"inLanguage\":\"it-IT\",\"@id\":\"https:\\\/\\\/schweizversand.ch\\\/it\\\/produkt\\\/on-damen-schuh-cloudsurfer-waterproof-2\\\/#primaryimage\",\"url\":\"https:\\\/\\\/schweizversand.ch\\\/wp-content\\\/uploads\\\/2026\\\/02\\\/5471954279.jpg\",\"contentUrl\":\"https:\\\/\\\/schweizversand.ch\\\/wp-content\\\/uploads\\\/2026\\\/02\\\/5471954279.jpg\",\"width\":1024,\"height\":1024},{\"@type\":\"BreadcrumbList\",\"@id\":\"https:\\\/\\\/schweizversand.ch\\\/it\\\/produkt\\\/on-damen-schuh-cloudsurfer-waterproof-2\\\/#breadcrumb\",\"itemListElement\":[{\"@type\":\"ListItem\",\"position\":1,\"name\":\"Startseite\",\"item\":\"https:\\\/\\\/schweizversand.ch\\\/it\\\/home\\\/\"},{\"@type\":\"ListItem\",\"position\":2,\"name\":\"Shop\",\"item\":\"https:\\\/\\\/schweizversand.ch\\\/it\\\/shop\\\/\"},{\"@type\":\"ListItem\",\"position\":3,\"name\":\"Moda\",\"item\":\"https:\\\/\\\/schweizversand.ch\\\/it\\\/produkt-kategorie\\\/moda\\\/\"},{\"@type\":\"ListItem\",\"position\":4,\"name\":\"Moda femminile\",\"item\":\"https:\\\/\\\/schweizversand.ch\\\/it\\\/produkt-kategorie\\\/moda\\\/moda-femminile\\\/\"},{\"@type\":\"ListItem\",\"position\":5,\"name\":\"Scarpe da donna\",\"item\":\"https:\\\/\\\/schweizversand.ch\\\/it\\\/produkt-kategorie\\\/moda\\\/moda-femminile\\\/damenschuhe\\\/\"},{\"@type\":\"ListItem\",\"position\":6,\"name\":\"Scarpe impermeabili ON Cloudsurfer da donna\"}]},{\"@type\":\"WebSite\",\"@id\":\"https:\\\/\\\/schweizversand.ch\\\/it\\\/#website\",\"url\":\"https:\\\/\\\/schweizversand.ch\\\/it\\\/\",\"name\":\"Schweizer Shop f\u00fcr Sport, Spiel und Freizeit\",\"description\":\"Gratisversand ab 50.- (netto), ab eigenem schweizer Lager, Lieferung innert 48h\",\"publisher\":{\"@id\":\"https:\\\/\\\/schweizversand.ch\\\/it\\\/#organization\"},\"alternateName\":\"Schweizversand.ch\",\"potentialAction\":[{\"@type\":\"SearchAction\",\"target\":{\"@type\":\"EntryPoint\",\"urlTemplate\":\"https:\\\/\\\/schweizversand.ch\\\/it\\\/?s={search_term_string}\"},\"query-input\":{\"@type\":\"PropertyValueSpecification\",\"valueRequired\":true,\"valueName\":\"search_term_string\"}}],\"inLanguage\":\"it-IT\"},{\"@type\":\"Organization\",\"@id\":\"https:\\\/\\\/schweizversand.ch\\\/it\\\/#organization\",\"name\":\"Schweizversand.ch\",\"url\":\"https:\\\/\\\/schweizversand.ch\\\/it\\\/\",\"logo\":{\"@type\":\"ImageObject\",\"inLanguage\":\"it-IT\",\"@id\":\"https:\\\/\\\/schweizversand.ch\\\/it\\\/#\\\/schema\\\/logo\\\/image\\\/\",\"url\":\"https:\\\/\\\/schweizversand.ch\\\/wp-content\\\/uploads\\\/2026\\\/03\\\/Logo_Rund_Final-1.png\",\"contentUrl\":\"https:\\\/\\\/schweizversand.ch\\\/wp-content\\\/uploads\\\/2026\\\/03\\\/Logo_Rund_Final-1.png\",\"width\":404,\"height\":404,\"caption\":\"Schweizversand.ch\"},\"image\":{\"@id\":\"https:\\\/\\\/schweizversand.ch\\\/it\\\/#\\\/schema\\\/logo\\\/image\\\/\"},\"sameAs\":[\"https:\\\/\\\/www.facebook.com\\\/Schweizversand\",\"https:\\\/\\\/www.instagram.com\\\/schweizversand.ch\\\/\"]}]}<\/script>\n<!-- \/ Yoast SEO plugin. -->","yoast_head_json":{"title":"ON Damen Schuh Cloudsurfer Waterproof | Jetzt kaufen | Schweizversand.ch","description":"ON Damen Schuh Cloudsurfer Waterproof g\u00fcnstig kaufen bei Schweizversand.ch. Schnelle Lieferung in der Schweiz. Gratisversand ab CHF 50.","robots":{"index":"index","follow":"follow","max-snippet":"max-snippet:-1","max-image-preview":"max-image-preview:large","max-video-preview":"max-video-preview:-1"},"canonical":"https:\/\/schweizversand.ch\/it\/produkt\/on-damen-schuh-cloudsurfer-waterproof-2\/","og_locale":"it_IT","og_type":"article","og_title":"ON Damen Schuh Cloudsurfer Waterproof | Jetzt kaufen | Schweizversand.ch","og_description":"ON Damen Schuh Cloudsurfer Waterproof g\u00fcnstig kaufen bei Schweizversand.ch. Schnelle Lieferung in der Schweiz. Gratisversand ab CHF 50.","og_url":"https:\/\/schweizversand.ch\/it\/produkt\/on-damen-schuh-cloudsurfer-waterproof-2\/","og_site_name":"Schweizer Shop f\u00fcr Sport, Spiel und Freizeit","article_publisher":"https:\/\/www.facebook.com\/Schweizversand","article_modified_time":"2026-04-22T13:36:18+00:00","og_image":[{"width":1024,"height":1024,"url":"https:\/\/schweizversand.ch\/wp-content\/uploads\/2026\/02\/5471954279.jpg","type":"image\/jpeg"}],"twitter_card":"summary_large_image","twitter_misc":{"Tempo di lettura stimato":"1 minuto"},"schema":{"@context":"https:\/\/schema.org","@graph":[{"@type":"WebPage","@id":"https:\/\/schweizversand.ch\/it\/produkt\/on-damen-schuh-cloudsurfer-waterproof-2\/","url":"https:\/\/schweizversand.ch\/it\/produkt\/on-damen-schuh-cloudsurfer-waterproof-2\/","name":"ON Damen Schuh Cloudsurfer Waterproof | Jetzt kaufen | Schweizversand.ch","isPartOf":{"@id":"https:\/\/schweizversand.ch\/it\/#website"},"primaryImageOfPage":{"@id":"https:\/\/schweizversand.ch\/it\/produkt\/on-damen-schuh-cloudsurfer-waterproof-2\/#primaryimage"},"image":{"@id":"https:\/\/schweizversand.ch\/it\/produkt\/on-damen-schuh-cloudsurfer-waterproof-2\/#primaryimage"},"thumbnailUrl":"https:\/\/schweizversand.ch\/wp-content\/uploads\/2026\/02\/5471954279.jpg","datePublished":"2026-03-14T23:55:03+00:00","dateModified":"2026-04-22T13:36:18+00:00","description":"ON Damen Schuh Cloudsurfer Waterproof g\u00fcnstig kaufen bei Schweizversand.ch. Schnelle Lieferung in der Schweiz. Gratisversand ab CHF 50.","breadcrumb":{"@id":"https:\/\/schweizversand.ch\/it\/produkt\/on-damen-schuh-cloudsurfer-waterproof-2\/#breadcrumb"},"inLanguage":"it-IT","potentialAction":[{"@type":"ReadAction","target":["https:\/\/schweizversand.ch\/it\/produkt\/on-damen-schuh-cloudsurfer-waterproof-2\/"]}]},{"@type":"ImageObject","inLanguage":"it-IT","@id":"https:\/\/schweizversand.ch\/it\/produkt\/on-damen-schuh-cloudsurfer-waterproof-2\/#primaryimage","url":"https:\/\/schweizversand.ch\/wp-content\/uploads\/2026\/02\/5471954279.jpg","contentUrl":"https:\/\/schweizversand.ch\/wp-content\/uploads\/2026\/02\/5471954279.jpg","width":1024,"height":1024},{"@type":"BreadcrumbList","@id":"https:\/\/schweizversand.ch\/it\/produkt\/on-damen-schuh-cloudsurfer-waterproof-2\/#breadcrumb","itemListElement":[{"@type":"ListItem","position":1,"name":"Startseite","item":"https:\/\/schweizversand.ch\/it\/home\/"},{"@type":"ListItem","position":2,"name":"Shop","item":"https:\/\/schweizversand.ch\/it\/shop\/"},{"@type":"ListItem","position":3,"name":"Moda","item":"https:\/\/schweizversand.ch\/it\/produkt-kategorie\/moda\/"},{"@type":"ListItem","position":4,"name":"Moda femminile","item":"https:\/\/schweizversand.ch\/it\/produkt-kategorie\/moda\/moda-femminile\/"},{"@type":"ListItem","position":5,"name":"Scarpe da donna","item":"https:\/\/schweizversand.ch\/it\/produkt-kategorie\/moda\/moda-femminile\/damenschuhe\/"},{"@type":"ListItem","position":6,"name":"Scarpe impermeabili ON Cloudsurfer da donna"}]},{"@type":"WebSite","@id":"https:\/\/schweizversand.ch\/it\/#website","url":"https:\/\/schweizversand.ch\/it\/","name":"Schweizer Shop f\u00fcr Sport, Spiel und Freizeit","description":"Gratisversand ab 50.- (netto), ab eigenem schweizer Lager, Lieferung innert 48h","publisher":{"@id":"https:\/\/schweizversand.ch\/it\/#organization"},"alternateName":"Schweizversand.ch","potentialAction":[{"@type":"SearchAction","target":{"@type":"EntryPoint","urlTemplate":"https:\/\/schweizversand.ch\/it\/?s={search_term_string}"},"query-input":{"@type":"PropertyValueSpecification","valueRequired":true,"valueName":"search_term_string"}}],"inLanguage":"it-IT"},{"@type":"Organization","@id":"https:\/\/schweizversand.ch\/it\/#organization","name":"Schweizversand.ch","url":"https:\/\/schweizversand.ch\/it\/","logo":{"@type":"ImageObject","inLanguage":"it-IT","@id":"https:\/\/schweizversand.ch\/it\/#\/schema\/logo\/image\/","url":"https:\/\/schweizversand.ch\/wp-content\/uploads\/2026\/03\/Logo_Rund_Final-1.png","contentUrl":"https:\/\/schweizversand.ch\/wp-content\/uploads\/2026\/03\/Logo_Rund_Final-1.png","width":404,"height":404,"caption":"Schweizversand.ch"},"image":{"@id":"https:\/\/schweizversand.ch\/it\/#\/schema\/logo\/image\/"},"sameAs":["https:\/\/www.facebook.com\/Schweizversand","https:\/\/www.instagram.com\/schweizversand.ch\/"]}]}},"jetpack_sharing_enabled":true,"_links":{"self":[{"href":"https:\/\/schweizversand.ch\/it\/wp-json\/wp\/v2\/product\/256547","targetHints":{"allow":["GET"]}}],"collection":[{"href":"https:\/\/schweizversand.ch\/it\/wp-json\/wp\/v2\/product"}],"about":[{"href":"https:\/\/schweizversand.ch\/it\/wp-json\/wp\/v2\/types\/product"}],"replies":[{"embeddable":true,"href":"https:\/\/schweizversand.ch\/it\/wp-json\/wp\/v2\/comments?post=256547"}],"wp:featuredmedia":[{"embeddable":true,"href":"https:\/\/schweizversand.ch\/it\/wp-json\/wp\/v2\/media\/159474"}],"wp:attachment":[{"href":"https:\/\/schweizversand.ch\/it\/wp-json\/wp\/v2\/media?parent=256547"}],"wp:term":[{"taxonomy":"product_brand","embeddable":true,"href":"https:\/\/schweizversand.ch\/it\/wp-json\/wp\/v2\/product_brand?post=256547"},{"taxonomy":"product_cat","embeddable":true,"href":"https:\/\/schweizversand.ch\/it\/wp-json\/wp\/v2\/product_cat?post=256547"},{"taxonomy":"product_tag","embeddable":true,"href":"https:\/\/schweizversand.ch\/it\/wp-json\/wp\/v2\/product_tag?post=256547"}],"curies":[{"name":"wp","href":"https:\/\/api.w.org\/{rel}","templated":true}]}}