{"id":256589,"date":"2026-03-15T00:55:19","date_gmt":"2026-03-14T23:55:19","guid":{"rendered":"https:\/\/schweizversand.ch\/produkt\/eurostick-gravity-kid1-75-87-cm-links\/"},"modified":"2026-04-28T15:36:21","modified_gmt":"2026-04-28T13:36:21","slug":"eurostick-gravity-kid1-75-87-cm-links","status":"publish","type":"product","link":"https:\/\/schweizversand.ch\/it\/produkt\/eurostick-gravity-kid1-75-87-cm-links\/","title":{"rendered":"Eurostick Gravity Kid1 75\/87 cm Sinistro"},"content":{"rendered":"<h1><strong>Mazza da floorball 75 cm Junior &#8211; Perfetta per principianti<\/strong><\/h1>\n<div>Questa <strong>mazza da floorball 75 cm<\/strong> di alta qualit\u00e0 di Eurostick \u00e8 stata sviluppata appositamente per i giovani giocatori di floorball. Offre la combinazione ideale di leggerezza e struttura robusta, cos\u00ec il tuo bambino potr\u00e0 iniziare a giocare subito con divertimento e successo.<\/p>\n<\/div>\n<div><strong>Ideale per i giovani talenti<\/strong><br \/>La <strong>mazza da floorball per bambini<\/strong>, con una lunghezza del manico di 75 cm e una lunghezza totale di 87 cm, \u00e8 perfettamente adattata alle esigenze dei giovani giocatori. Con questa <strong>mazza da floorball junior<\/strong>, getti le basi per lo sviluppo atletico del tuo bambino. Ora tutto ci\u00f2 che ti serve \u00e8 la palla e la tua piccola stella del floorball pu\u00f2 iniziare subito!<\/p>\n<\/div>\n<div><strong>Materiale e sensazione di gioco<\/strong><br \/>Il manico \u00e8 realizzato in un resistente materiale composito in fibra di vetro per floorball, che garantisce una stabilit\u00e0 ottimale con un peso ridotto (solo 215 g). La pala, denominata &#8220;Gravity&#8221;, \u00e8 realizzata in HDPE privo di ftalati e garantisce un controllo preciso della palla. La flessibilit\u00e0 del <strong>bastone da floorball da 35 mm<\/strong> offre un eccellente equilibrio tra rigidit\u00e0 e flessibilit\u00e0, ideale per i principianti.<\/p>\n<\/div>\n<div><strong>Dettagli e specifiche del prodotto<\/strong><br \/>&#8211; Lunghezza asta: 75 cm<br \/>&#8211; Lunghezza IFF (lunghezza totale): 87 cm (corrisponde allo standard del <strong>bastone da floorball da 87 cm<\/strong>)<br \/>&#8211; Peso: 215 g<br \/>&#8211; Materiale asta: composito in fibra di vetro<br \/>&#8211; Tipo di lama: Gravity (HDPE, senza ftalati)<br \/>&#8211; Flessibilit\u00e0: 35 mm<\/p>\n<\/div>\n<div><strong>Scelta del lato di gioco<\/strong><br \/>La designazione &#8220;Sinistra&#8221; significa che il bastone \u00e8 posizionato sul lato sinistro del corpo durante il gioco (mano sinistra in basso). Assicurati di scegliere il lato corretto per il tuo bambino per garantire una posizione di gioco naturale ed efficiente. Acquista questa mazza ideale per i pi\u00f9 piccoli e coltiva la passione del tuo bambino per il floorball.<\/p>\n","protected":false},"excerpt":{"rendered":"<p>Mazza da floorball 75 cm Junior &#8211; Perfetta per principianti Questa mazza da floorball 75 cm di alta qualit\u00e0 di Eurostick \u00e8 stata sviluppata appositamente per i giovani giocatori di floorball. Offre la combinazione ideale di leggerezza e struttura robusta, cos\u00ec il tuo bambino potr\u00e0 iniziare a giocare subito con divertimento e successo. Ideale per i giovani talentiLa mazza da floorball per bambini, con una lunghezza del manico di 75 cm e una lunghezza totale&hellip;<\/p>\n","protected":false},"featured_media":160216,"comment_status":"open","ping_status":"closed","template":"","meta":[],"product_brand":[],"product_cat":[38913,38914],"product_tag":[],"class_list":{"0":"post-256589","1":"product","2":"type-product","3":"status-publish","4":"has-post-thumbnail","6":"product_cat-unihockey","7":"product_cat-floorball","8":"product_shipping_class-global_methods","10":"first","11":"instock","12":"taxable","13":"shipping-taxable","14":"purchasable","15":"product-type-simple"},"yoast_head":"<!-- This site is optimized with the Yoast SEO plugin v27.4 - https:\/\/yoast.com\/product\/yoast-seo-wordpress\/ -->\n<title>Eurostick Gravity Kid1 75\/87 cm Links | Jetzt kaufen | Schweizversand.ch<\/title>\n<meta name=\"description\" content=\"Eurostick Gravity Kid1 75\/87 cm Links g\u00fcnstig kaufen bei Schweizversand.ch. Schnelle Lieferung in der Schweiz. Gratisversand ab CHF 50.\" \/>\n<meta name=\"robots\" content=\"index, follow, max-snippet:-1, max-image-preview:large, max-video-preview:-1\" \/>\n<link rel=\"canonical\" href=\"https:\/\/schweizversand.ch\/it\/produkt\/eurostick-gravity-kid1-75-87-cm-links\/\" \/>\n<meta property=\"og:locale\" content=\"it_IT\" \/>\n<meta property=\"og:type\" content=\"article\" \/>\n<meta property=\"og:title\" content=\"Eurostick Gravity Kid1 75\/87 cm Links | Jetzt kaufen | Schweizversand.ch\" \/>\n<meta property=\"og:description\" content=\"Eurostick Gravity Kid1 75\/87 cm Links g\u00fcnstig kaufen bei Schweizversand.ch. Schnelle Lieferung in der Schweiz. Gratisversand ab CHF 50.\" \/>\n<meta property=\"og:url\" content=\"https:\/\/schweizversand.ch\/it\/produkt\/eurostick-gravity-kid1-75-87-cm-links\/\" \/>\n<meta property=\"og:site_name\" content=\"Schweizer Shop f\u00fcr Sport, Spiel und Freizeit\" \/>\n<meta property=\"article:publisher\" content=\"https:\/\/www.facebook.com\/Schweizversand\" \/>\n<meta property=\"article:modified_time\" content=\"2026-04-28T13:36:21+00:00\" \/>\n<meta property=\"og:image\" content=\"https:\/\/schweizversand.ch\/wp-content\/uploads\/2026\/02\/5471483619.jpg\" \/>\n\t<meta property=\"og:image:width\" content=\"497\" \/>\n\t<meta property=\"og:image:height\" content=\"1024\" \/>\n\t<meta property=\"og:image:type\" content=\"image\/jpeg\" \/>\n<meta name=\"twitter:card\" content=\"summary_large_image\" \/>\n<meta name=\"twitter:label1\" content=\"Tempo di lettura stimato\" \/>\n\t<meta name=\"twitter:data1\" content=\"1 minuto\" \/>\n<script type=\"application\/ld+json\" class=\"yoast-schema-graph\">{\"@context\":\"https:\\\/\\\/schema.org\",\"@graph\":[{\"@type\":\"WebPage\",\"@id\":\"https:\\\/\\\/schweizversand.ch\\\/it\\\/produkt\\\/eurostick-gravity-kid1-75-87-cm-links\\\/\",\"url\":\"https:\\\/\\\/schweizversand.ch\\\/it\\\/produkt\\\/eurostick-gravity-kid1-75-87-cm-links\\\/\",\"name\":\"Eurostick Gravity Kid1 75\\\/87 cm Links | Jetzt kaufen | Schweizversand.ch\",\"isPartOf\":{\"@id\":\"https:\\\/\\\/schweizversand.ch\\\/it\\\/#website\"},\"primaryImageOfPage\":{\"@id\":\"https:\\\/\\\/schweizversand.ch\\\/it\\\/produkt\\\/eurostick-gravity-kid1-75-87-cm-links\\\/#primaryimage\"},\"image\":{\"@id\":\"https:\\\/\\\/schweizversand.ch\\\/it\\\/produkt\\\/eurostick-gravity-kid1-75-87-cm-links\\\/#primaryimage\"},\"thumbnailUrl\":\"https:\\\/\\\/schweizversand.ch\\\/wp-content\\\/uploads\\\/2026\\\/02\\\/5471483619.jpg\",\"datePublished\":\"2026-03-14T23:55:19+00:00\",\"dateModified\":\"2026-04-28T13:36:21+00:00\",\"description\":\"Eurostick Gravity Kid1 75\\\/87 cm Links g\u00fcnstig kaufen bei Schweizversand.ch. Schnelle Lieferung in der Schweiz. Gratisversand ab CHF 50.\",\"breadcrumb\":{\"@id\":\"https:\\\/\\\/schweizversand.ch\\\/it\\\/produkt\\\/eurostick-gravity-kid1-75-87-cm-links\\\/#breadcrumb\"},\"inLanguage\":\"it-IT\",\"potentialAction\":[{\"@type\":\"ReadAction\",\"target\":[\"https:\\\/\\\/schweizversand.ch\\\/it\\\/produkt\\\/eurostick-gravity-kid1-75-87-cm-links\\\/\"]}]},{\"@type\":\"ImageObject\",\"inLanguage\":\"it-IT\",\"@id\":\"https:\\\/\\\/schweizversand.ch\\\/it\\\/produkt\\\/eurostick-gravity-kid1-75-87-cm-links\\\/#primaryimage\",\"url\":\"https:\\\/\\\/schweizversand.ch\\\/wp-content\\\/uploads\\\/2026\\\/02\\\/5471483619.jpg\",\"contentUrl\":\"https:\\\/\\\/schweizversand.ch\\\/wp-content\\\/uploads\\\/2026\\\/02\\\/5471483619.jpg\",\"width\":497,\"height\":1024},{\"@type\":\"BreadcrumbList\",\"@id\":\"https:\\\/\\\/schweizversand.ch\\\/it\\\/produkt\\\/eurostick-gravity-kid1-75-87-cm-links\\\/#breadcrumb\",\"itemListElement\":[{\"@type\":\"ListItem\",\"position\":1,\"name\":\"Startseite\",\"item\":\"https:\\\/\\\/schweizversand.ch\\\/it\\\/home\\\/\"},{\"@type\":\"ListItem\",\"position\":2,\"name\":\"Shop\",\"item\":\"https:\\\/\\\/schweizversand.ch\\\/it\\\/shop\\\/\"},{\"@type\":\"ListItem\",\"position\":3,\"name\":\"Sport\",\"item\":\"https:\\\/\\\/schweizversand.ch\\\/it\\\/produkt-kategorie\\\/sport-it\\\/\"},{\"@type\":\"ListItem\",\"position\":4,\"name\":\"sport con la palla e freccette\",\"item\":\"https:\\\/\\\/schweizversand.ch\\\/it\\\/produkt-kategorie\\\/sport-it\\\/sport-con-la-palla-e-freccette\\\/\"},{\"@type\":\"ListItem\",\"position\":5,\"name\":\"Floorball\",\"item\":\"https:\\\/\\\/schweizversand.ch\\\/en\\\/produkt-kategorie\\\/unihockey\\\/\"},{\"@type\":\"ListItem\",\"position\":6,\"name\":\"Eurostick Gravity Kid1 75\\\/87 cm Sinistro\"}]},{\"@type\":\"WebSite\",\"@id\":\"https:\\\/\\\/schweizversand.ch\\\/it\\\/#website\",\"url\":\"https:\\\/\\\/schweizversand.ch\\\/it\\\/\",\"name\":\"Schweizer Shop f\u00fcr Sport, Spiel und Freizeit\",\"description\":\"Gratisversand ab 50.- (netto), ab eigenem schweizer Lager, Lieferung innert 48h\",\"publisher\":{\"@id\":\"https:\\\/\\\/schweizversand.ch\\\/it\\\/#organization\"},\"alternateName\":\"Schweizversand.ch\",\"potentialAction\":[{\"@type\":\"SearchAction\",\"target\":{\"@type\":\"EntryPoint\",\"urlTemplate\":\"https:\\\/\\\/schweizversand.ch\\\/it\\\/?s={search_term_string}\"},\"query-input\":{\"@type\":\"PropertyValueSpecification\",\"valueRequired\":true,\"valueName\":\"search_term_string\"}}],\"inLanguage\":\"it-IT\"},{\"@type\":\"Organization\",\"@id\":\"https:\\\/\\\/schweizversand.ch\\\/it\\\/#organization\",\"name\":\"Schweizversand.ch\",\"url\":\"https:\\\/\\\/schweizversand.ch\\\/it\\\/\",\"logo\":{\"@type\":\"ImageObject\",\"inLanguage\":\"it-IT\",\"@id\":\"https:\\\/\\\/schweizversand.ch\\\/it\\\/#\\\/schema\\\/logo\\\/image\\\/\",\"url\":\"https:\\\/\\\/schweizversand.ch\\\/wp-content\\\/uploads\\\/2026\\\/03\\\/Logo_Rund_Final-1.png\",\"contentUrl\":\"https:\\\/\\\/schweizversand.ch\\\/wp-content\\\/uploads\\\/2026\\\/03\\\/Logo_Rund_Final-1.png\",\"width\":404,\"height\":404,\"caption\":\"Schweizversand.ch\"},\"image\":{\"@id\":\"https:\\\/\\\/schweizversand.ch\\\/it\\\/#\\\/schema\\\/logo\\\/image\\\/\"},\"sameAs\":[\"https:\\\/\\\/www.facebook.com\\\/Schweizversand\",\"https:\\\/\\\/www.instagram.com\\\/schweizversand.ch\\\/\"]}]}<\/script>\n<!-- \/ Yoast SEO plugin. -->","yoast_head_json":{"title":"Eurostick Gravity Kid1 75\/87 cm Links | Jetzt kaufen | Schweizversand.ch","description":"Eurostick Gravity Kid1 75\/87 cm Links g\u00fcnstig kaufen bei Schweizversand.ch. Schnelle Lieferung in der Schweiz. Gratisversand ab CHF 50.","robots":{"index":"index","follow":"follow","max-snippet":"max-snippet:-1","max-image-preview":"max-image-preview:large","max-video-preview":"max-video-preview:-1"},"canonical":"https:\/\/schweizversand.ch\/it\/produkt\/eurostick-gravity-kid1-75-87-cm-links\/","og_locale":"it_IT","og_type":"article","og_title":"Eurostick Gravity Kid1 75\/87 cm Links | Jetzt kaufen | Schweizversand.ch","og_description":"Eurostick Gravity Kid1 75\/87 cm Links g\u00fcnstig kaufen bei Schweizversand.ch. Schnelle Lieferung in der Schweiz. Gratisversand ab CHF 50.","og_url":"https:\/\/schweizversand.ch\/it\/produkt\/eurostick-gravity-kid1-75-87-cm-links\/","og_site_name":"Schweizer Shop f\u00fcr Sport, Spiel und Freizeit","article_publisher":"https:\/\/www.facebook.com\/Schweizversand","article_modified_time":"2026-04-28T13:36:21+00:00","og_image":[{"width":497,"height":1024,"url":"https:\/\/schweizversand.ch\/wp-content\/uploads\/2026\/02\/5471483619.jpg","type":"image\/jpeg"}],"twitter_card":"summary_large_image","twitter_misc":{"Tempo di lettura stimato":"1 minuto"},"schema":{"@context":"https:\/\/schema.org","@graph":[{"@type":"WebPage","@id":"https:\/\/schweizversand.ch\/it\/produkt\/eurostick-gravity-kid1-75-87-cm-links\/","url":"https:\/\/schweizversand.ch\/it\/produkt\/eurostick-gravity-kid1-75-87-cm-links\/","name":"Eurostick Gravity Kid1 75\/87 cm Links | Jetzt kaufen | Schweizversand.ch","isPartOf":{"@id":"https:\/\/schweizversand.ch\/it\/#website"},"primaryImageOfPage":{"@id":"https:\/\/schweizversand.ch\/it\/produkt\/eurostick-gravity-kid1-75-87-cm-links\/#primaryimage"},"image":{"@id":"https:\/\/schweizversand.ch\/it\/produkt\/eurostick-gravity-kid1-75-87-cm-links\/#primaryimage"},"thumbnailUrl":"https:\/\/schweizversand.ch\/wp-content\/uploads\/2026\/02\/5471483619.jpg","datePublished":"2026-03-14T23:55:19+00:00","dateModified":"2026-04-28T13:36:21+00:00","description":"Eurostick Gravity Kid1 75\/87 cm Links g\u00fcnstig kaufen bei Schweizversand.ch. Schnelle Lieferung in der Schweiz. Gratisversand ab CHF 50.","breadcrumb":{"@id":"https:\/\/schweizversand.ch\/it\/produkt\/eurostick-gravity-kid1-75-87-cm-links\/#breadcrumb"},"inLanguage":"it-IT","potentialAction":[{"@type":"ReadAction","target":["https:\/\/schweizversand.ch\/it\/produkt\/eurostick-gravity-kid1-75-87-cm-links\/"]}]},{"@type":"ImageObject","inLanguage":"it-IT","@id":"https:\/\/schweizversand.ch\/it\/produkt\/eurostick-gravity-kid1-75-87-cm-links\/#primaryimage","url":"https:\/\/schweizversand.ch\/wp-content\/uploads\/2026\/02\/5471483619.jpg","contentUrl":"https:\/\/schweizversand.ch\/wp-content\/uploads\/2026\/02\/5471483619.jpg","width":497,"height":1024},{"@type":"BreadcrumbList","@id":"https:\/\/schweizversand.ch\/it\/produkt\/eurostick-gravity-kid1-75-87-cm-links\/#breadcrumb","itemListElement":[{"@type":"ListItem","position":1,"name":"Startseite","item":"https:\/\/schweizversand.ch\/it\/home\/"},{"@type":"ListItem","position":2,"name":"Shop","item":"https:\/\/schweizversand.ch\/it\/shop\/"},{"@type":"ListItem","position":3,"name":"Sport","item":"https:\/\/schweizversand.ch\/it\/produkt-kategorie\/sport-it\/"},{"@type":"ListItem","position":4,"name":"sport con la palla e freccette","item":"https:\/\/schweizversand.ch\/it\/produkt-kategorie\/sport-it\/sport-con-la-palla-e-freccette\/"},{"@type":"ListItem","position":5,"name":"Floorball","item":"https:\/\/schweizversand.ch\/en\/produkt-kategorie\/unihockey\/"},{"@type":"ListItem","position":6,"name":"Eurostick Gravity Kid1 75\/87 cm Sinistro"}]},{"@type":"WebSite","@id":"https:\/\/schweizversand.ch\/it\/#website","url":"https:\/\/schweizversand.ch\/it\/","name":"Schweizer Shop f\u00fcr Sport, Spiel und Freizeit","description":"Gratisversand ab 50.- (netto), ab eigenem schweizer Lager, Lieferung innert 48h","publisher":{"@id":"https:\/\/schweizversand.ch\/it\/#organization"},"alternateName":"Schweizversand.ch","potentialAction":[{"@type":"SearchAction","target":{"@type":"EntryPoint","urlTemplate":"https:\/\/schweizversand.ch\/it\/?s={search_term_string}"},"query-input":{"@type":"PropertyValueSpecification","valueRequired":true,"valueName":"search_term_string"}}],"inLanguage":"it-IT"},{"@type":"Organization","@id":"https:\/\/schweizversand.ch\/it\/#organization","name":"Schweizversand.ch","url":"https:\/\/schweizversand.ch\/it\/","logo":{"@type":"ImageObject","inLanguage":"it-IT","@id":"https:\/\/schweizversand.ch\/it\/#\/schema\/logo\/image\/","url":"https:\/\/schweizversand.ch\/wp-content\/uploads\/2026\/03\/Logo_Rund_Final-1.png","contentUrl":"https:\/\/schweizversand.ch\/wp-content\/uploads\/2026\/03\/Logo_Rund_Final-1.png","width":404,"height":404,"caption":"Schweizversand.ch"},"image":{"@id":"https:\/\/schweizversand.ch\/it\/#\/schema\/logo\/image\/"},"sameAs":["https:\/\/www.facebook.com\/Schweizversand","https:\/\/www.instagram.com\/schweizversand.ch\/"]}]}},"jetpack_sharing_enabled":true,"_links":{"self":[{"href":"https:\/\/schweizversand.ch\/it\/wp-json\/wp\/v2\/product\/256589","targetHints":{"allow":["GET"]}}],"collection":[{"href":"https:\/\/schweizversand.ch\/it\/wp-json\/wp\/v2\/product"}],"about":[{"href":"https:\/\/schweizversand.ch\/it\/wp-json\/wp\/v2\/types\/product"}],"replies":[{"embeddable":true,"href":"https:\/\/schweizversand.ch\/it\/wp-json\/wp\/v2\/comments?post=256589"}],"wp:featuredmedia":[{"embeddable":true,"href":"https:\/\/schweizversand.ch\/it\/wp-json\/wp\/v2\/media\/160216"}],"wp:attachment":[{"href":"https:\/\/schweizversand.ch\/it\/wp-json\/wp\/v2\/media?parent=256589"}],"wp:term":[{"taxonomy":"product_brand","embeddable":true,"href":"https:\/\/schweizversand.ch\/it\/wp-json\/wp\/v2\/product_brand?post=256589"},{"taxonomy":"product_cat","embeddable":true,"href":"https:\/\/schweizversand.ch\/it\/wp-json\/wp\/v2\/product_cat?post=256589"},{"taxonomy":"product_tag","embeddable":true,"href":"https:\/\/schweizversand.ch\/it\/wp-json\/wp\/v2\/product_tag?post=256589"}],"curies":[{"name":"wp","href":"https:\/\/api.w.org\/{rel}","templated":true}]}}