{"id":256600,"date":"2026-03-15T00:55:20","date_gmt":"2026-03-14T23:55:20","guid":{"rendered":"https:\/\/schweizversand.ch\/produkt\/eurostick-unihockeybaelle-3er-pack\/"},"modified":"2026-04-13T02:13:01","modified_gmt":"2026-04-13T00:13:01","slug":"eurostick-unihockeybaelle-3er-pack","status":"publish","type":"product","link":"https:\/\/schweizversand.ch\/it\/produkt\/eurostick-unihockeybaelle-3er-pack\/","title":{"rendered":"Confezione da 3 palline Eurostick Unihockey"},"content":{"rendered":"<h1><strong>Confezione da 3 palline da floorball &#8211; Per allenamento e partite<\/strong><\/h1>\n<div>Con questa <strong>confezione da 3 palline da floorball<\/strong>, sarai equipaggiato al meglio per ogni sessione di allenamento e partita di campionato. Queste <strong>palle da gioco da floorball<\/strong> offrono una combinazione perfetta di qualit\u00e0 e prestazioni per massimizzare le tue prestazioni in campo.<\/p>\n<\/div>\n<div><strong>Prestazioni di gioco perfette<\/strong><br \/>Queste <strong>palle da floorball lisce<\/strong> sono progettate appositamente per il floorball. Non presentano rientranze, il che garantisce una maneggevolezza fluida e <strong>uniforme<\/strong> e non influisce in alcun modo sul gioco. Sono il complemento ideale per la tua <strong>attrezzatura da floorball<\/strong>.<\/p>\n<\/div>\n<div><strong>Materiale di alta qualit\u00e0 e sicurezza<\/strong><br \/>Le palline sono realizzate in robusto <strong>polietilene termoplastico<\/strong>, un materiale che garantisce una durata eccezionale. Come importante <strong>accessorio per il floorball<\/strong>, queste palline sono anche <strong>prive di ftalati<\/strong>, il che le rende ecologiche e sicure.<\/p>\n<\/div>\n<div><strong>Dettagli e vantaggi del prodotto<\/strong><br \/>&#8211; <strong>Confezione da 3 palline da floorball<\/strong> per un uso versatile<br \/>&#8211; Ideali per l&#8217;<strong>allenamento di floorball<\/strong> e le partite ufficiali dei campionati<br \/>&#8211; Materiale: Polietilene termoplastico \u2013 <strong>robusto e durevole<\/strong><br \/>&#8211; Senza ftalati \u2013 ecologiche e sicure<br \/>&#8211; Diametro: 75 mm<br \/>&#8211; Peso: 26 g per pallina<br \/>&#8211; Colore: Bianco<\/p>\n<\/div>\n<div>Che tu voglia migliorare la tua tecnica o prepararti per la prossima competizione, questo set \u00e8 la <strong>scelta ideale<\/strong>. Acquista subito le tue palline da floorball lisce in una comoda confezione da 3 e migliora le tue prestazioni in campo!<\/p>\n","protected":false},"excerpt":{"rendered":"<p>Confezione da 3 palline da floorball &#8211; Per allenamento e partite Con questa confezione da 3 palline da floorball, sarai equipaggiato al meglio per ogni sessione di allenamento e partita di campionato. Queste palle da gioco da floorball offrono una combinazione perfetta di qualit\u00e0 e prestazioni per massimizzare le tue prestazioni in campo. Prestazioni di gioco perfetteQueste palle da floorball lisce sono progettate appositamente per il floorball. Non presentano rientranze, il che garantisce una maneggevolezza&hellip;<\/p>\n","protected":false},"featured_media":229562,"comment_status":"open","ping_status":"closed","template":"","meta":[],"product_brand":[],"product_cat":[38913,38914],"product_tag":[],"class_list":{"0":"post-256600","1":"product","2":"type-product","3":"status-publish","4":"has-post-thumbnail","6":"product_cat-unihockey","7":"product_cat-floorball","8":"product_shipping_class-global_methods","10":"first","11":"instock","12":"taxable","13":"shipping-taxable","14":"purchasable","15":"product-type-simple"},"yoast_head":"<!-- This site is optimized with the Yoast SEO plugin v27.3 - https:\/\/yoast.com\/product\/yoast-seo-wordpress\/ -->\n<title>Eurostick Unihockeyb\u00e4lle 3er Pack | Jetzt kaufen | Schweizversand.ch<\/title>\n<meta name=\"description\" content=\"Eurostick Unihockeyb\u00e4lle 3er Pack g\u00fcnstig kaufen bei Schweizversand.ch. Schnelle Lieferung in der Schweiz. Gratisversand ab CHF 50.\" \/>\n<meta name=\"robots\" content=\"index, follow, max-snippet:-1, max-image-preview:large, max-video-preview:-1\" \/>\n<link rel=\"canonical\" href=\"https:\/\/schweizversand.ch\/it\/produkt\/eurostick-unihockeybaelle-3er-pack\/\" \/>\n<meta property=\"og:locale\" content=\"it_IT\" \/>\n<meta property=\"og:type\" content=\"article\" \/>\n<meta property=\"og:title\" content=\"Eurostick Unihockeyb\u00e4lle 3er Pack | Jetzt kaufen | Schweizversand.ch\" \/>\n<meta property=\"og:description\" content=\"Eurostick Unihockeyb\u00e4lle 3er Pack g\u00fcnstig kaufen bei Schweizversand.ch. Schnelle Lieferung in der Schweiz. Gratisversand ab CHF 50.\" \/>\n<meta property=\"og:url\" content=\"https:\/\/schweizversand.ch\/it\/produkt\/eurostick-unihockeybaelle-3er-pack\/\" \/>\n<meta property=\"og:site_name\" content=\"Schweizer Shop f\u00fcr Sport, Spiel und Freizeit\" \/>\n<meta property=\"article:publisher\" content=\"https:\/\/www.facebook.com\/Schweizversand\" \/>\n<meta property=\"article:modified_time\" content=\"2026-04-13T00:13:01+00:00\" \/>\n<meta property=\"og:image\" content=\"https:\/\/schweizversand.ch\/wp-content\/uploads\/2026\/03\/5471480198.jpg\" \/>\n\t<meta property=\"og:image:width\" content=\"1024\" \/>\n\t<meta property=\"og:image:height\" content=\"1024\" \/>\n\t<meta property=\"og:image:type\" content=\"image\/jpeg\" \/>\n<meta name=\"twitter:card\" content=\"summary_large_image\" \/>\n<meta name=\"twitter:label1\" content=\"Tempo di lettura stimato\" \/>\n\t<meta name=\"twitter:data1\" content=\"1 minuto\" \/>\n<script type=\"application\/ld+json\" class=\"yoast-schema-graph\">{\"@context\":\"https:\\\/\\\/schema.org\",\"@graph\":[{\"@type\":\"WebPage\",\"@id\":\"https:\\\/\\\/schweizversand.ch\\\/it\\\/produkt\\\/eurostick-unihockeybaelle-3er-pack\\\/\",\"url\":\"https:\\\/\\\/schweizversand.ch\\\/it\\\/produkt\\\/eurostick-unihockeybaelle-3er-pack\\\/\",\"name\":\"Eurostick Unihockeyb\u00e4lle 3er Pack | Jetzt kaufen | Schweizversand.ch\",\"isPartOf\":{\"@id\":\"https:\\\/\\\/schweizversand.ch\\\/it\\\/#website\"},\"primaryImageOfPage\":{\"@id\":\"https:\\\/\\\/schweizversand.ch\\\/it\\\/produkt\\\/eurostick-unihockeybaelle-3er-pack\\\/#primaryimage\"},\"image\":{\"@id\":\"https:\\\/\\\/schweizversand.ch\\\/it\\\/produkt\\\/eurostick-unihockeybaelle-3er-pack\\\/#primaryimage\"},\"thumbnailUrl\":\"https:\\\/\\\/schweizversand.ch\\\/wp-content\\\/uploads\\\/2026\\\/03\\\/5471480198.jpg\",\"datePublished\":\"2026-03-14T23:55:20+00:00\",\"dateModified\":\"2026-04-13T00:13:01+00:00\",\"description\":\"Eurostick Unihockeyb\u00e4lle 3er Pack g\u00fcnstig kaufen bei Schweizversand.ch. Schnelle Lieferung in der Schweiz. Gratisversand ab CHF 50.\",\"breadcrumb\":{\"@id\":\"https:\\\/\\\/schweizversand.ch\\\/it\\\/produkt\\\/eurostick-unihockeybaelle-3er-pack\\\/#breadcrumb\"},\"inLanguage\":\"it-IT\",\"potentialAction\":[{\"@type\":\"ReadAction\",\"target\":[\"https:\\\/\\\/schweizversand.ch\\\/it\\\/produkt\\\/eurostick-unihockeybaelle-3er-pack\\\/\"]}]},{\"@type\":\"ImageObject\",\"inLanguage\":\"it-IT\",\"@id\":\"https:\\\/\\\/schweizversand.ch\\\/it\\\/produkt\\\/eurostick-unihockeybaelle-3er-pack\\\/#primaryimage\",\"url\":\"https:\\\/\\\/schweizversand.ch\\\/wp-content\\\/uploads\\\/2026\\\/03\\\/5471480198.jpg\",\"contentUrl\":\"https:\\\/\\\/schweizversand.ch\\\/wp-content\\\/uploads\\\/2026\\\/03\\\/5471480198.jpg\",\"width\":1024,\"height\":1024},{\"@type\":\"BreadcrumbList\",\"@id\":\"https:\\\/\\\/schweizversand.ch\\\/it\\\/produkt\\\/eurostick-unihockeybaelle-3er-pack\\\/#breadcrumb\",\"itemListElement\":[{\"@type\":\"ListItem\",\"position\":1,\"name\":\"Startseite\",\"item\":\"https:\\\/\\\/schweizversand.ch\\\/it\\\/\"},{\"@type\":\"ListItem\",\"position\":2,\"name\":\"Shop\",\"item\":\"https:\\\/\\\/schweizversand.ch\\\/it\\\/shop\\\/\"},{\"@type\":\"ListItem\",\"position\":3,\"name\":\"Confezione da 3 palline Eurostick Unihockey\"}]},{\"@type\":\"WebSite\",\"@id\":\"https:\\\/\\\/schweizversand.ch\\\/it\\\/#website\",\"url\":\"https:\\\/\\\/schweizversand.ch\\\/it\\\/\",\"name\":\"Schweizer Shop f\u00fcr Sport, Spiel und Freizeit\",\"description\":\"Gratisversand ab 50.- (netto), ab eigenem schweizer Lager, Lieferung innert 48h\",\"publisher\":{\"@id\":\"https:\\\/\\\/schweizversand.ch\\\/it\\\/#organization\"},\"alternateName\":\"Schweizversand.ch\",\"potentialAction\":[{\"@type\":\"SearchAction\",\"target\":{\"@type\":\"EntryPoint\",\"urlTemplate\":\"https:\\\/\\\/schweizversand.ch\\\/it\\\/?s={search_term_string}\"},\"query-input\":{\"@type\":\"PropertyValueSpecification\",\"valueRequired\":true,\"valueName\":\"search_term_string\"}}],\"inLanguage\":\"it-IT\"},{\"@type\":\"Organization\",\"@id\":\"https:\\\/\\\/schweizversand.ch\\\/it\\\/#organization\",\"name\":\"Schweizversand.ch\",\"url\":\"https:\\\/\\\/schweizversand.ch\\\/it\\\/\",\"logo\":{\"@type\":\"ImageObject\",\"inLanguage\":\"it-IT\",\"@id\":\"https:\\\/\\\/schweizversand.ch\\\/it\\\/#\\\/schema\\\/logo\\\/image\\\/\",\"url\":\"https:\\\/\\\/schweizversand.ch\\\/wp-content\\\/uploads\\\/2026\\\/03\\\/Logo_Rund_Final-1.png\",\"contentUrl\":\"https:\\\/\\\/schweizversand.ch\\\/wp-content\\\/uploads\\\/2026\\\/03\\\/Logo_Rund_Final-1.png\",\"width\":404,\"height\":404,\"caption\":\"Schweizversand.ch\"},\"image\":{\"@id\":\"https:\\\/\\\/schweizversand.ch\\\/it\\\/#\\\/schema\\\/logo\\\/image\\\/\"},\"sameAs\":[\"https:\\\/\\\/www.facebook.com\\\/Schweizversand\",\"https:\\\/\\\/www.instagram.com\\\/schweizversand.ch\\\/\"]}]}<\/script>\n<!-- \/ Yoast SEO plugin. -->","yoast_head_json":{"title":"Eurostick Unihockeyb\u00e4lle 3er Pack | Jetzt kaufen | Schweizversand.ch","description":"Eurostick Unihockeyb\u00e4lle 3er Pack g\u00fcnstig kaufen bei Schweizversand.ch. Schnelle Lieferung in der Schweiz. Gratisversand ab CHF 50.","robots":{"index":"index","follow":"follow","max-snippet":"max-snippet:-1","max-image-preview":"max-image-preview:large","max-video-preview":"max-video-preview:-1"},"canonical":"https:\/\/schweizversand.ch\/it\/produkt\/eurostick-unihockeybaelle-3er-pack\/","og_locale":"it_IT","og_type":"article","og_title":"Eurostick Unihockeyb\u00e4lle 3er Pack | Jetzt kaufen | Schweizversand.ch","og_description":"Eurostick Unihockeyb\u00e4lle 3er Pack g\u00fcnstig kaufen bei Schweizversand.ch. Schnelle Lieferung in der Schweiz. Gratisversand ab CHF 50.","og_url":"https:\/\/schweizversand.ch\/it\/produkt\/eurostick-unihockeybaelle-3er-pack\/","og_site_name":"Schweizer Shop f\u00fcr Sport, Spiel und Freizeit","article_publisher":"https:\/\/www.facebook.com\/Schweizversand","article_modified_time":"2026-04-13T00:13:01+00:00","og_image":[{"width":1024,"height":1024,"url":"https:\/\/schweizversand.ch\/wp-content\/uploads\/2026\/03\/5471480198.jpg","type":"image\/jpeg"}],"twitter_card":"summary_large_image","twitter_misc":{"Tempo di lettura stimato":"1 minuto"},"schema":{"@context":"https:\/\/schema.org","@graph":[{"@type":"WebPage","@id":"https:\/\/schweizversand.ch\/it\/produkt\/eurostick-unihockeybaelle-3er-pack\/","url":"https:\/\/schweizversand.ch\/it\/produkt\/eurostick-unihockeybaelle-3er-pack\/","name":"Eurostick Unihockeyb\u00e4lle 3er Pack | Jetzt kaufen | Schweizversand.ch","isPartOf":{"@id":"https:\/\/schweizversand.ch\/it\/#website"},"primaryImageOfPage":{"@id":"https:\/\/schweizversand.ch\/it\/produkt\/eurostick-unihockeybaelle-3er-pack\/#primaryimage"},"image":{"@id":"https:\/\/schweizversand.ch\/it\/produkt\/eurostick-unihockeybaelle-3er-pack\/#primaryimage"},"thumbnailUrl":"https:\/\/schweizversand.ch\/wp-content\/uploads\/2026\/03\/5471480198.jpg","datePublished":"2026-03-14T23:55:20+00:00","dateModified":"2026-04-13T00:13:01+00:00","description":"Eurostick Unihockeyb\u00e4lle 3er Pack g\u00fcnstig kaufen bei Schweizversand.ch. Schnelle Lieferung in der Schweiz. Gratisversand ab CHF 50.","breadcrumb":{"@id":"https:\/\/schweizversand.ch\/it\/produkt\/eurostick-unihockeybaelle-3er-pack\/#breadcrumb"},"inLanguage":"it-IT","potentialAction":[{"@type":"ReadAction","target":["https:\/\/schweizversand.ch\/it\/produkt\/eurostick-unihockeybaelle-3er-pack\/"]}]},{"@type":"ImageObject","inLanguage":"it-IT","@id":"https:\/\/schweizversand.ch\/it\/produkt\/eurostick-unihockeybaelle-3er-pack\/#primaryimage","url":"https:\/\/schweizversand.ch\/wp-content\/uploads\/2026\/03\/5471480198.jpg","contentUrl":"https:\/\/schweizversand.ch\/wp-content\/uploads\/2026\/03\/5471480198.jpg","width":1024,"height":1024},{"@type":"BreadcrumbList","@id":"https:\/\/schweizversand.ch\/it\/produkt\/eurostick-unihockeybaelle-3er-pack\/#breadcrumb","itemListElement":[{"@type":"ListItem","position":1,"name":"Startseite","item":"https:\/\/schweizversand.ch\/it\/"},{"@type":"ListItem","position":2,"name":"Shop","item":"https:\/\/schweizversand.ch\/it\/shop\/"},{"@type":"ListItem","position":3,"name":"Confezione da 3 palline Eurostick Unihockey"}]},{"@type":"WebSite","@id":"https:\/\/schweizversand.ch\/it\/#website","url":"https:\/\/schweizversand.ch\/it\/","name":"Schweizer Shop f\u00fcr Sport, Spiel und Freizeit","description":"Gratisversand ab 50.- (netto), ab eigenem schweizer Lager, Lieferung innert 48h","publisher":{"@id":"https:\/\/schweizversand.ch\/it\/#organization"},"alternateName":"Schweizversand.ch","potentialAction":[{"@type":"SearchAction","target":{"@type":"EntryPoint","urlTemplate":"https:\/\/schweizversand.ch\/it\/?s={search_term_string}"},"query-input":{"@type":"PropertyValueSpecification","valueRequired":true,"valueName":"search_term_string"}}],"inLanguage":"it-IT"},{"@type":"Organization","@id":"https:\/\/schweizversand.ch\/it\/#organization","name":"Schweizversand.ch","url":"https:\/\/schweizversand.ch\/it\/","logo":{"@type":"ImageObject","inLanguage":"it-IT","@id":"https:\/\/schweizversand.ch\/it\/#\/schema\/logo\/image\/","url":"https:\/\/schweizversand.ch\/wp-content\/uploads\/2026\/03\/Logo_Rund_Final-1.png","contentUrl":"https:\/\/schweizversand.ch\/wp-content\/uploads\/2026\/03\/Logo_Rund_Final-1.png","width":404,"height":404,"caption":"Schweizversand.ch"},"image":{"@id":"https:\/\/schweizversand.ch\/it\/#\/schema\/logo\/image\/"},"sameAs":["https:\/\/www.facebook.com\/Schweizversand","https:\/\/www.instagram.com\/schweizversand.ch\/"]}]}},"jetpack_sharing_enabled":true,"_links":{"self":[{"href":"https:\/\/schweizversand.ch\/it\/wp-json\/wp\/v2\/product\/256600","targetHints":{"allow":["GET"]}}],"collection":[{"href":"https:\/\/schweizversand.ch\/it\/wp-json\/wp\/v2\/product"}],"about":[{"href":"https:\/\/schweizversand.ch\/it\/wp-json\/wp\/v2\/types\/product"}],"replies":[{"embeddable":true,"href":"https:\/\/schweizversand.ch\/it\/wp-json\/wp\/v2\/comments?post=256600"}],"wp:featuredmedia":[{"embeddable":true,"href":"https:\/\/schweizversand.ch\/it\/wp-json\/wp\/v2\/media\/229562"}],"wp:attachment":[{"href":"https:\/\/schweizversand.ch\/it\/wp-json\/wp\/v2\/media?parent=256600"}],"wp:term":[{"taxonomy":"product_brand","embeddable":true,"href":"https:\/\/schweizversand.ch\/it\/wp-json\/wp\/v2\/product_brand?post=256600"},{"taxonomy":"product_cat","embeddable":true,"href":"https:\/\/schweizversand.ch\/it\/wp-json\/wp\/v2\/product_cat?post=256600"},{"taxonomy":"product_tag","embeddable":true,"href":"https:\/\/schweizversand.ch\/it\/wp-json\/wp\/v2\/product_tag?post=256600"}],"curies":[{"name":"wp","href":"https:\/\/api.w.org\/{rel}","templated":true}]}}