{"id":256605,"date":"2026-03-15T00:55:33","date_gmt":"2026-03-14T23:55:33","guid":{"rendered":"https:\/\/schweizversand.ch\/produkt\/jilong-kinderpool-ananas\/"},"modified":"2026-04-19T02:06:33","modified_gmt":"2026-04-19T00:06:33","slug":"jilong-kinderpool-ananas","status":"publish","type":"product","link":"https:\/\/schweizversand.ch\/it\/produkt\/jilong-kinderpool-ananas\/","title":{"rendered":"Piscina per bambini Jilong &#8220;Ananas&#8221;"},"content":{"rendered":"<h1><strong>Piscina per bambini, piscina gonfiabile, 150 x 41 cm, design ananas<\/strong><\/h1>\n<div>Assicurati il \u200b\u200bmodo perfetto per rinfrescarti nelle calde giornate estive! Questa <strong>piscina gonfiabile<\/strong> offre ai tuoi bambini un divertimento indimenticabile in giardino, in terrazza o persino sul balcone. Grazie al suo design intelligente, la piscina per bambini \u00e8 veloce da montare e pronta per avventure tra gli spruzzi.<\/p>\n<\/div>\n<div><strong>Facile da montare e massima flessibilit\u00e0<\/strong><br \/>Montare questa piscina non potrebbe essere pi\u00f9 semplice: scegli una superficie piana, stendi la copertura e gonfia semplicemente l&#8217;anello superiore. La <strong>piscina da giardino<\/strong> si gonfier\u00e0 da sola riempiendosi d&#8217;acqua. Una volta ripiegata, la piscina occupa pochissimo spazio, rendendola la compagna ideale per le vacanze o come piscina per bambini in campeggio. Realizzata al 100% in PVC, questa piscina per bambini \u00e8 robusta e promette una lunga durata. L&#8217;allegro design a forma di ananas rallegrer\u00e0 sicuramente la giornata di chiunque. Questa <strong>piscina da balcone per bambini<\/strong> \u00e8 conforme alla norma EN16927 e viene fornita con un adesivo di riparazione in caso di piccoli incidenti.<\/p>\n<\/div>\n<div><strong>Dettagli importanti del prodotto<\/strong><br \/>&#8211; Materiale principale: 100% PVC<br \/>&#8211; Camere: 1 camera d&#8217;aria (anello superiore)<br \/>&#8211; Montaggio: circa 10 minuti di tempo di installazione<br \/>&#8211; Fascia d&#8217;et\u00e0: dai 3 anni<br \/>&#8211; Dimensioni (diametro x altezza): 150 cm x 41 cm<br \/>&#8211; Capacit\u00e0: 457 litri (all&#8217;80% di riempimento)<br \/>&#8211; Design: motivo colorato a forma di ananas<\/p>\n<\/div>\n<div><strong>Avviso di sicurezza<\/strong><br \/>Non lasciare mai il bambino incustodito: rischio di annegamento. I bambini possono annegare anche in piccole quantit\u00e0 d&#8217;acqua. Svuotare la piscina quando non \u00e8 in uso. Non installare la piscina su una superficie dura come asfalto o cemento.<\/p>\n<\/div>\n<div>Porta a casa questa piscina compatta e robusta e goditi l&#8217;estate con il massimo divertimento in acqua per tutta la famiglia.<\/p>\n<\/div>\n<div>\n<\/div>\n","protected":false},"excerpt":{"rendered":"<p>Piscina per bambini, piscina gonfiabile, 150 x 41 cm, design ananas Assicurati il \u200b\u200bmodo perfetto per rinfrescarti nelle calde giornate estive! Questa piscina gonfiabile offre ai tuoi bambini un divertimento indimenticabile in giardino, in terrazza o persino sul balcone. Grazie al suo design intelligente, la piscina per bambini \u00e8 veloce da montare e pronta per avventure tra gli spruzzi. Facile da montare e massima flessibilit\u00e0Montare questa piscina non potrebbe essere pi\u00f9 semplice: scegli una superficie&hellip;<\/p>\n","protected":false},"featured_media":257349,"comment_status":"open","ping_status":"closed","template":"","meta":[],"product_brand":[],"product_cat":[38757],"product_tag":[],"class_list":{"0":"post-256605","1":"product","2":"type-product","3":"status-publish","4":"has-post-thumbnail","6":"product_cat-pool","7":"product_shipping_class-global_methods","9":"first","10":"instock","11":"taxable","12":"shipping-taxable","13":"purchasable","14":"product-type-simple"},"yoast_head":"<!-- This site is optimized with the Yoast SEO plugin v27.4 - https:\/\/yoast.com\/product\/yoast-seo-wordpress\/ -->\n<title>Jilong Kinderpool &quot;Ananas&quot; | Jetzt kaufen | Schweizversand.ch<\/title>\n<meta name=\"description\" content=\"Jilong Kinderpool &quot;Ananas&quot; g\u00fcnstig kaufen bei Schweizversand.ch. Schnelle Lieferung in der Schweiz. Gratisversand ab CHF 50.\" \/>\n<meta name=\"robots\" content=\"index, follow, max-snippet:-1, max-image-preview:large, max-video-preview:-1\" \/>\n<link rel=\"canonical\" href=\"https:\/\/schweizversand.ch\/it\/produkt\/jilong-kinderpool-ananas\/\" \/>\n<meta property=\"og:locale\" content=\"it_IT\" \/>\n<meta property=\"og:type\" content=\"article\" \/>\n<meta property=\"og:title\" content=\"Jilong Kinderpool &quot;Ananas&quot; | Jetzt kaufen | Schweizversand.ch\" \/>\n<meta property=\"og:description\" content=\"Jilong Kinderpool &quot;Ananas&quot; g\u00fcnstig kaufen bei Schweizversand.ch. Schnelle Lieferung in der Schweiz. Gratisversand ab CHF 50.\" \/>\n<meta property=\"og:url\" content=\"https:\/\/schweizversand.ch\/it\/produkt\/jilong-kinderpool-ananas\/\" \/>\n<meta property=\"og:site_name\" content=\"Schweizer Shop f\u00fcr Sport, Spiel und Freizeit\" \/>\n<meta property=\"article:publisher\" content=\"https:\/\/www.facebook.com\/Schweizversand\" \/>\n<meta property=\"article:modified_time\" content=\"2026-04-19T00:06:33+00:00\" \/>\n<meta property=\"og:image\" content=\"https:\/\/schweizversand.ch\/wp-content\/uploads\/2026\/02\/5471577305.png\" \/>\n\t<meta property=\"og:image:width\" content=\"1024\" \/>\n\t<meta property=\"og:image:height\" content=\"1024\" \/>\n\t<meta property=\"og:image:type\" content=\"image\/png\" \/>\n<meta name=\"twitter:card\" content=\"summary_large_image\" \/>\n<meta name=\"twitter:label1\" content=\"Tempo di lettura stimato\" \/>\n\t<meta name=\"twitter:data1\" content=\"1 minuto\" \/>\n<script type=\"application\/ld+json\" class=\"yoast-schema-graph\">{\"@context\":\"https:\\\/\\\/schema.org\",\"@graph\":[{\"@type\":\"WebPage\",\"@id\":\"https:\\\/\\\/schweizversand.ch\\\/it\\\/produkt\\\/jilong-kinderpool-ananas\\\/\",\"url\":\"https:\\\/\\\/schweizversand.ch\\\/it\\\/produkt\\\/jilong-kinderpool-ananas\\\/\",\"name\":\"Jilong Kinderpool \\\"Ananas\\\" | Jetzt kaufen | Schweizversand.ch\",\"isPartOf\":{\"@id\":\"https:\\\/\\\/schweizversand.ch\\\/it\\\/#website\"},\"primaryImageOfPage\":{\"@id\":\"https:\\\/\\\/schweizversand.ch\\\/it\\\/produkt\\\/jilong-kinderpool-ananas\\\/#primaryimage\"},\"image\":{\"@id\":\"https:\\\/\\\/schweizversand.ch\\\/it\\\/produkt\\\/jilong-kinderpool-ananas\\\/#primaryimage\"},\"thumbnailUrl\":\"https:\\\/\\\/schweizversand.ch\\\/wp-content\\\/uploads\\\/2026\\\/02\\\/5471577305.png\",\"datePublished\":\"2026-03-14T23:55:33+00:00\",\"dateModified\":\"2026-04-19T00:06:33+00:00\",\"description\":\"Jilong Kinderpool \\\"Ananas\\\" g\u00fcnstig kaufen bei Schweizversand.ch. Schnelle Lieferung in der Schweiz. Gratisversand ab CHF 50.\",\"breadcrumb\":{\"@id\":\"https:\\\/\\\/schweizversand.ch\\\/it\\\/produkt\\\/jilong-kinderpool-ananas\\\/#breadcrumb\"},\"inLanguage\":\"it-IT\",\"potentialAction\":[{\"@type\":\"ReadAction\",\"target\":[\"https:\\\/\\\/schweizversand.ch\\\/it\\\/produkt\\\/jilong-kinderpool-ananas\\\/\"]}]},{\"@type\":\"ImageObject\",\"inLanguage\":\"it-IT\",\"@id\":\"https:\\\/\\\/schweizversand.ch\\\/it\\\/produkt\\\/jilong-kinderpool-ananas\\\/#primaryimage\",\"url\":\"https:\\\/\\\/schweizversand.ch\\\/wp-content\\\/uploads\\\/2026\\\/02\\\/5471577305.png\",\"contentUrl\":\"https:\\\/\\\/schweizversand.ch\\\/wp-content\\\/uploads\\\/2026\\\/02\\\/5471577305.png\",\"width\":1024,\"height\":1024},{\"@type\":\"BreadcrumbList\",\"@id\":\"https:\\\/\\\/schweizversand.ch\\\/it\\\/produkt\\\/jilong-kinderpool-ananas\\\/#breadcrumb\",\"itemListElement\":[{\"@type\":\"ListItem\",\"position\":1,\"name\":\"Startseite\",\"item\":\"https:\\\/\\\/schweizversand.ch\\\/it\\\/home\\\/\"},{\"@type\":\"ListItem\",\"position\":2,\"name\":\"Shop\",\"item\":\"https:\\\/\\\/schweizversand.ch\\\/it\\\/shop\\\/\"},{\"@type\":\"ListItem\",\"position\":3,\"name\":\"Casa e giardino\",\"item\":\"https:\\\/\\\/schweizversand.ch\\\/it\\\/produkt-kategorie\\\/casa-e-giardino\\\/\"},{\"@type\":\"ListItem\",\"position\":4,\"name\":\"Pools &amp; Spa\",\"item\":\"https:\\\/\\\/schweizversand.ch\\\/produkt-kategorie\\\/heim-garten\\\/pools-spa-heim-garten\\\/\"},{\"@type\":\"ListItem\",\"position\":5,\"name\":\"Pool\",\"item\":\"https:\\\/\\\/schweizversand.ch\\\/produkt-kategorie\\\/heim-garten\\\/pools-spa-heim-garten\\\/pool\\\/\"},{\"@type\":\"ListItem\",\"position\":6,\"name\":\"Piscina per bambini Jilong &#8222;Ananas&#8220;\"}]},{\"@type\":\"WebSite\",\"@id\":\"https:\\\/\\\/schweizversand.ch\\\/it\\\/#website\",\"url\":\"https:\\\/\\\/schweizversand.ch\\\/it\\\/\",\"name\":\"Schweizer Shop f\u00fcr Sport, Spiel und Freizeit\",\"description\":\"Gratisversand ab 50.- (netto), ab eigenem schweizer Lager, Lieferung innert 48h\",\"publisher\":{\"@id\":\"https:\\\/\\\/schweizversand.ch\\\/it\\\/#organization\"},\"alternateName\":\"Schweizversand.ch\",\"potentialAction\":[{\"@type\":\"SearchAction\",\"target\":{\"@type\":\"EntryPoint\",\"urlTemplate\":\"https:\\\/\\\/schweizversand.ch\\\/it\\\/?s={search_term_string}\"},\"query-input\":{\"@type\":\"PropertyValueSpecification\",\"valueRequired\":true,\"valueName\":\"search_term_string\"}}],\"inLanguage\":\"it-IT\"},{\"@type\":\"Organization\",\"@id\":\"https:\\\/\\\/schweizversand.ch\\\/it\\\/#organization\",\"name\":\"Schweizversand.ch\",\"url\":\"https:\\\/\\\/schweizversand.ch\\\/it\\\/\",\"logo\":{\"@type\":\"ImageObject\",\"inLanguage\":\"it-IT\",\"@id\":\"https:\\\/\\\/schweizversand.ch\\\/it\\\/#\\\/schema\\\/logo\\\/image\\\/\",\"url\":\"https:\\\/\\\/schweizversand.ch\\\/wp-content\\\/uploads\\\/2026\\\/03\\\/Logo_Rund_Final-1.png\",\"contentUrl\":\"https:\\\/\\\/schweizversand.ch\\\/wp-content\\\/uploads\\\/2026\\\/03\\\/Logo_Rund_Final-1.png\",\"width\":404,\"height\":404,\"caption\":\"Schweizversand.ch\"},\"image\":{\"@id\":\"https:\\\/\\\/schweizversand.ch\\\/it\\\/#\\\/schema\\\/logo\\\/image\\\/\"},\"sameAs\":[\"https:\\\/\\\/www.facebook.com\\\/Schweizversand\",\"https:\\\/\\\/www.instagram.com\\\/schweizversand.ch\\\/\"]}]}<\/script>\n<!-- \/ Yoast SEO plugin. -->","yoast_head_json":{"title":"Jilong Kinderpool \"Ananas\" | Jetzt kaufen | Schweizversand.ch","description":"Jilong Kinderpool \"Ananas\" g\u00fcnstig kaufen bei Schweizversand.ch. Schnelle Lieferung in der Schweiz. Gratisversand ab CHF 50.","robots":{"index":"index","follow":"follow","max-snippet":"max-snippet:-1","max-image-preview":"max-image-preview:large","max-video-preview":"max-video-preview:-1"},"canonical":"https:\/\/schweizversand.ch\/it\/produkt\/jilong-kinderpool-ananas\/","og_locale":"it_IT","og_type":"article","og_title":"Jilong Kinderpool \"Ananas\" | Jetzt kaufen | Schweizversand.ch","og_description":"Jilong Kinderpool \"Ananas\" g\u00fcnstig kaufen bei Schweizversand.ch. Schnelle Lieferung in der Schweiz. Gratisversand ab CHF 50.","og_url":"https:\/\/schweizversand.ch\/it\/produkt\/jilong-kinderpool-ananas\/","og_site_name":"Schweizer Shop f\u00fcr Sport, Spiel und Freizeit","article_publisher":"https:\/\/www.facebook.com\/Schweizversand","article_modified_time":"2026-04-19T00:06:33+00:00","og_image":[{"width":1024,"height":1024,"url":"https:\/\/schweizversand.ch\/wp-content\/uploads\/2026\/02\/5471577305.png","type":"image\/png"}],"twitter_card":"summary_large_image","twitter_misc":{"Tempo di lettura stimato":"1 minuto"},"schema":{"@context":"https:\/\/schema.org","@graph":[{"@type":"WebPage","@id":"https:\/\/schweizversand.ch\/it\/produkt\/jilong-kinderpool-ananas\/","url":"https:\/\/schweizversand.ch\/it\/produkt\/jilong-kinderpool-ananas\/","name":"Jilong Kinderpool \"Ananas\" | Jetzt kaufen | Schweizversand.ch","isPartOf":{"@id":"https:\/\/schweizversand.ch\/it\/#website"},"primaryImageOfPage":{"@id":"https:\/\/schweizversand.ch\/it\/produkt\/jilong-kinderpool-ananas\/#primaryimage"},"image":{"@id":"https:\/\/schweizversand.ch\/it\/produkt\/jilong-kinderpool-ananas\/#primaryimage"},"thumbnailUrl":"https:\/\/schweizversand.ch\/wp-content\/uploads\/2026\/02\/5471577305.png","datePublished":"2026-03-14T23:55:33+00:00","dateModified":"2026-04-19T00:06:33+00:00","description":"Jilong Kinderpool \"Ananas\" g\u00fcnstig kaufen bei Schweizversand.ch. Schnelle Lieferung in der Schweiz. Gratisversand ab CHF 50.","breadcrumb":{"@id":"https:\/\/schweizversand.ch\/it\/produkt\/jilong-kinderpool-ananas\/#breadcrumb"},"inLanguage":"it-IT","potentialAction":[{"@type":"ReadAction","target":["https:\/\/schweizversand.ch\/it\/produkt\/jilong-kinderpool-ananas\/"]}]},{"@type":"ImageObject","inLanguage":"it-IT","@id":"https:\/\/schweizversand.ch\/it\/produkt\/jilong-kinderpool-ananas\/#primaryimage","url":"https:\/\/schweizversand.ch\/wp-content\/uploads\/2026\/02\/5471577305.png","contentUrl":"https:\/\/schweizversand.ch\/wp-content\/uploads\/2026\/02\/5471577305.png","width":1024,"height":1024},{"@type":"BreadcrumbList","@id":"https:\/\/schweizversand.ch\/it\/produkt\/jilong-kinderpool-ananas\/#breadcrumb","itemListElement":[{"@type":"ListItem","position":1,"name":"Startseite","item":"https:\/\/schweizversand.ch\/it\/home\/"},{"@type":"ListItem","position":2,"name":"Shop","item":"https:\/\/schweizversand.ch\/it\/shop\/"},{"@type":"ListItem","position":3,"name":"Casa e giardino","item":"https:\/\/schweizversand.ch\/it\/produkt-kategorie\/casa-e-giardino\/"},{"@type":"ListItem","position":4,"name":"Pools &amp; Spa","item":"https:\/\/schweizversand.ch\/produkt-kategorie\/heim-garten\/pools-spa-heim-garten\/"},{"@type":"ListItem","position":5,"name":"Pool","item":"https:\/\/schweizversand.ch\/produkt-kategorie\/heim-garten\/pools-spa-heim-garten\/pool\/"},{"@type":"ListItem","position":6,"name":"Piscina per bambini Jilong &#8222;Ananas&#8220;"}]},{"@type":"WebSite","@id":"https:\/\/schweizversand.ch\/it\/#website","url":"https:\/\/schweizversand.ch\/it\/","name":"Schweizer Shop f\u00fcr Sport, Spiel und Freizeit","description":"Gratisversand ab 50.- (netto), ab eigenem schweizer Lager, Lieferung innert 48h","publisher":{"@id":"https:\/\/schweizversand.ch\/it\/#organization"},"alternateName":"Schweizversand.ch","potentialAction":[{"@type":"SearchAction","target":{"@type":"EntryPoint","urlTemplate":"https:\/\/schweizversand.ch\/it\/?s={search_term_string}"},"query-input":{"@type":"PropertyValueSpecification","valueRequired":true,"valueName":"search_term_string"}}],"inLanguage":"it-IT"},{"@type":"Organization","@id":"https:\/\/schweizversand.ch\/it\/#organization","name":"Schweizversand.ch","url":"https:\/\/schweizversand.ch\/it\/","logo":{"@type":"ImageObject","inLanguage":"it-IT","@id":"https:\/\/schweizversand.ch\/it\/#\/schema\/logo\/image\/","url":"https:\/\/schweizversand.ch\/wp-content\/uploads\/2026\/03\/Logo_Rund_Final-1.png","contentUrl":"https:\/\/schweizversand.ch\/wp-content\/uploads\/2026\/03\/Logo_Rund_Final-1.png","width":404,"height":404,"caption":"Schweizversand.ch"},"image":{"@id":"https:\/\/schweizversand.ch\/it\/#\/schema\/logo\/image\/"},"sameAs":["https:\/\/www.facebook.com\/Schweizversand","https:\/\/www.instagram.com\/schweizversand.ch\/"]}]}},"jetpack_sharing_enabled":true,"_links":{"self":[{"href":"https:\/\/schweizversand.ch\/it\/wp-json\/wp\/v2\/product\/256605","targetHints":{"allow":["GET"]}}],"collection":[{"href":"https:\/\/schweizversand.ch\/it\/wp-json\/wp\/v2\/product"}],"about":[{"href":"https:\/\/schweizversand.ch\/it\/wp-json\/wp\/v2\/types\/product"}],"replies":[{"embeddable":true,"href":"https:\/\/schweizversand.ch\/it\/wp-json\/wp\/v2\/comments?post=256605"}],"wp:featuredmedia":[{"embeddable":true,"href":"https:\/\/schweizversand.ch\/it\/wp-json\/wp\/v2\/media\/257349"}],"wp:attachment":[{"href":"https:\/\/schweizversand.ch\/it\/wp-json\/wp\/v2\/media?parent=256605"}],"wp:term":[{"taxonomy":"product_brand","embeddable":true,"href":"https:\/\/schweizversand.ch\/it\/wp-json\/wp\/v2\/product_brand?post=256605"},{"taxonomy":"product_cat","embeddable":true,"href":"https:\/\/schweizversand.ch\/it\/wp-json\/wp\/v2\/product_cat?post=256605"},{"taxonomy":"product_tag","embeddable":true,"href":"https:\/\/schweizversand.ch\/it\/wp-json\/wp\/v2\/product_tag?post=256605"}],"curies":[{"name":"wp","href":"https:\/\/api.w.org\/{rel}","templated":true}]}}