{"id":256606,"date":"2026-03-15T00:55:33","date_gmt":"2026-03-14T23:55:33","guid":{"rendered":"https:\/\/schweizversand.ch\/produkt\/jilong-rechteckiges-rahmen-pool-set\/"},"modified":"2026-04-19T02:06:33","modified_gmt":"2026-04-19T00:06:33","slug":"jilong-rechteckiges-rahmen-pool-set","status":"publish","type":"product","link":"https:\/\/schweizversand.ch\/it\/produkt\/jilong-rechteckiges-rahmen-pool-set\/","title":{"rendered":"Set piscina con struttura rettangolare Jilong"},"content":{"rendered":"<p>Goditi l&#8217;estate in piscina! Questa piscina rettangolare Jilong \u00e8 esattamente ci\u00f2 che stavi aspettando per goderti appieno la tua stagione preferita senza uscire di casa. Sorprendi la tua famiglia e i tuoi amici con questa nuova piscina! \u00c8 un&#8217;ottima aggiunta al tuo giardino o patio ed \u00e8 dotata di una robusta struttura in metallo facile da montare.<\/p>\n<\/p>\n<p>La piscina \u00e8 lunga circa 400 cm, larga 200 cm e alta 99 cm. Questa piscina rettangolare \u00e8 dotata di una potente pompa filtro a sabbia da 2000 litri\/ora e di una scaletta, cos\u00ec avrai tutto il necessario per il montaggio.<\/p>\n<\/p>\n<p>Il sistema di montaggio rapido e semplice e la robusta struttura in alluminio garantiscono un&#8217;eccellente stabilit\u00e0. Il resistente PVC \u00e8 dotato di adesivi per garantire una lunga durata. Le dimensioni della piscina sono 400 x 200 x 99 cm, la capacit\u00e0 \u00e8 di 7020 litri e l&#8217;area di immersione misura 370 x 170 cm. Le dimensioni complessive della piscina, inclusa la struttura, sono 441 x 230 cm.<\/p>\n<\/p>\n<p>Con questa piscina potrete trascorrere ore spensierate in acqua e godervi l&#8217;estate al massimo.<\/p>\n","protected":false},"excerpt":{"rendered":"<p>Goditi l&#8217;estate in piscina! Questa piscina rettangolare Jilong \u00e8 esattamente ci\u00f2 che stavi aspettando per goderti appieno la tua stagione preferita senza uscire di casa. Sorprendi la tua famiglia e i tuoi amici con questa nuova piscina! \u00c8 un&#8217;ottima aggiunta al tuo giardino o patio ed \u00e8 dotata di una robusta struttura in metallo facile da montare. La piscina \u00e8 lunga circa 400 cm, larga 200 cm e alta 99 cm. Questa piscina rettangolare \u00e8&hellip;<\/p>\n","protected":false},"featured_media":262266,"comment_status":"open","ping_status":"closed","template":"","meta":[],"product_brand":[],"product_cat":[38757],"product_tag":[],"class_list":{"0":"post-256606","1":"product","2":"type-product","3":"status-publish","4":"has-post-thumbnail","6":"product_cat-pool","7":"product_shipping_class-global_methods","9":"first","10":"instock","11":"taxable","12":"shipping-taxable","13":"purchasable","14":"product-type-simple"},"yoast_head":"<!-- This site is optimized with the Yoast SEO plugin v27.4 - https:\/\/yoast.com\/product\/yoast-seo-wordpress\/ -->\n<title>Jilong Rechteckiges Rahmen - Pool Set<\/title>\n<meta name=\"description\" content=\"Genie\u00dfen Sie den Sommer im Pool! Dieser rechteckige Jilong Pool ist genau das, worauf Sie gewartet haben, um Ihre Lieblingsjahreszeit in vollen Z\u00fcgen zu genie\u00dfe\" \/>\n<meta name=\"robots\" content=\"index, follow, max-snippet:-1, max-image-preview:large, max-video-preview:-1\" \/>\n<link rel=\"canonical\" href=\"https:\/\/schweizversand.ch\/it\/produkt\/jilong-rechteckiges-rahmen-pool-set\/\" \/>\n<meta property=\"og:locale\" content=\"it_IT\" \/>\n<meta property=\"og:type\" content=\"article\" \/>\n<meta property=\"og:title\" content=\"Jilong Rechteckiges Rahmen - Pool Set\" \/>\n<meta property=\"og:description\" content=\"Genie\u00dfen Sie den Sommer im Pool! Dieser rechteckige Jilong Pool ist genau das, worauf Sie gewartet haben, um Ihre Lieblingsjahreszeit in vollen Z\u00fcgen zu genie\u00dfe\" \/>\n<meta property=\"og:url\" content=\"https:\/\/schweizversand.ch\/it\/produkt\/jilong-rechteckiges-rahmen-pool-set\/\" \/>\n<meta property=\"og:site_name\" content=\"Schweizer Shop f\u00fcr Sport, Spiel und Freizeit\" \/>\n<meta property=\"article:publisher\" content=\"https:\/\/www.facebook.com\/Schweizversand\" \/>\n<meta property=\"article:modified_time\" content=\"2026-04-19T00:06:33+00:00\" \/>\n<meta property=\"og:image\" content=\"https:\/\/schweizversand.ch\/wp-content\/uploads\/2026\/02\/5471622202.jpg\" \/>\n\t<meta property=\"og:image:width\" content=\"1024\" \/>\n\t<meta property=\"og:image:height\" content=\"1024\" \/>\n\t<meta property=\"og:image:type\" content=\"image\/jpeg\" \/>\n<meta name=\"twitter:card\" content=\"summary_large_image\" \/>\n<meta name=\"twitter:label1\" content=\"Tempo di lettura stimato\" \/>\n\t<meta name=\"twitter:data1\" content=\"1 minuto\" \/>\n<script type=\"application\/ld+json\" class=\"yoast-schema-graph\">{\"@context\":\"https:\\\/\\\/schema.org\",\"@graph\":[{\"@type\":\"WebPage\",\"@id\":\"https:\\\/\\\/schweizversand.ch\\\/it\\\/produkt\\\/jilong-rechteckiges-rahmen-pool-set\\\/\",\"url\":\"https:\\\/\\\/schweizversand.ch\\\/it\\\/produkt\\\/jilong-rechteckiges-rahmen-pool-set\\\/\",\"name\":\"Jilong Rechteckiges Rahmen - Pool Set\",\"isPartOf\":{\"@id\":\"https:\\\/\\\/schweizversand.ch\\\/it\\\/#website\"},\"primaryImageOfPage\":{\"@id\":\"https:\\\/\\\/schweizversand.ch\\\/it\\\/produkt\\\/jilong-rechteckiges-rahmen-pool-set\\\/#primaryimage\"},\"image\":{\"@id\":\"https:\\\/\\\/schweizversand.ch\\\/it\\\/produkt\\\/jilong-rechteckiges-rahmen-pool-set\\\/#primaryimage\"},\"thumbnailUrl\":\"https:\\\/\\\/schweizversand.ch\\\/wp-content\\\/uploads\\\/2026\\\/02\\\/5471622202.jpg\",\"datePublished\":\"2026-03-14T23:55:33+00:00\",\"dateModified\":\"2026-04-19T00:06:33+00:00\",\"description\":\"Genie\u00dfen Sie den Sommer im Pool! Dieser rechteckige Jilong Pool ist genau das, worauf Sie gewartet haben, um Ihre Lieblingsjahreszeit in vollen Z\u00fcgen zu genie\u00dfe\",\"breadcrumb\":{\"@id\":\"https:\\\/\\\/schweizversand.ch\\\/it\\\/produkt\\\/jilong-rechteckiges-rahmen-pool-set\\\/#breadcrumb\"},\"inLanguage\":\"it-IT\",\"potentialAction\":[{\"@type\":\"ReadAction\",\"target\":[\"https:\\\/\\\/schweizversand.ch\\\/it\\\/produkt\\\/jilong-rechteckiges-rahmen-pool-set\\\/\"]}]},{\"@type\":\"ImageObject\",\"inLanguage\":\"it-IT\",\"@id\":\"https:\\\/\\\/schweizversand.ch\\\/it\\\/produkt\\\/jilong-rechteckiges-rahmen-pool-set\\\/#primaryimage\",\"url\":\"https:\\\/\\\/schweizversand.ch\\\/wp-content\\\/uploads\\\/2026\\\/02\\\/5471622202.jpg\",\"contentUrl\":\"https:\\\/\\\/schweizversand.ch\\\/wp-content\\\/uploads\\\/2026\\\/02\\\/5471622202.jpg\",\"width\":1024,\"height\":1024},{\"@type\":\"BreadcrumbList\",\"@id\":\"https:\\\/\\\/schweizversand.ch\\\/it\\\/produkt\\\/jilong-rechteckiges-rahmen-pool-set\\\/#breadcrumb\",\"itemListElement\":[{\"@type\":\"ListItem\",\"position\":1,\"name\":\"Startseite\",\"item\":\"https:\\\/\\\/schweizversand.ch\\\/it\\\/home\\\/\"},{\"@type\":\"ListItem\",\"position\":2,\"name\":\"Shop\",\"item\":\"https:\\\/\\\/schweizversand.ch\\\/it\\\/shop\\\/\"},{\"@type\":\"ListItem\",\"position\":3,\"name\":\"Casa e giardino\",\"item\":\"https:\\\/\\\/schweizversand.ch\\\/it\\\/produkt-kategorie\\\/casa-e-giardino\\\/\"},{\"@type\":\"ListItem\",\"position\":4,\"name\":\"Piscine e spa\",\"item\":\"https:\\\/\\\/schweizversand.ch\\\/it\\\/produkt-kategorie\\\/casa-e-giardino\\\/piscine-e-spa\\\/\"},{\"@type\":\"ListItem\",\"position\":5,\"name\":\"Piscina\",\"item\":\"https:\\\/\\\/schweizversand.ch\\\/en\\\/produkt-kategorie\\\/pool\\\/\"},{\"@type\":\"ListItem\",\"position\":6,\"name\":\"Set piscina con struttura rettangolare Jilong\"}]},{\"@type\":\"WebSite\",\"@id\":\"https:\\\/\\\/schweizversand.ch\\\/it\\\/#website\",\"url\":\"https:\\\/\\\/schweizversand.ch\\\/it\\\/\",\"name\":\"Schweizer Shop f\u00fcr Sport, Spiel und Freizeit\",\"description\":\"Gratisversand ab 50.- (netto), ab eigenem schweizer Lager, Lieferung innert 48h\",\"publisher\":{\"@id\":\"https:\\\/\\\/schweizversand.ch\\\/it\\\/#organization\"},\"alternateName\":\"Schweizversand.ch\",\"potentialAction\":[{\"@type\":\"SearchAction\",\"target\":{\"@type\":\"EntryPoint\",\"urlTemplate\":\"https:\\\/\\\/schweizversand.ch\\\/it\\\/?s={search_term_string}\"},\"query-input\":{\"@type\":\"PropertyValueSpecification\",\"valueRequired\":true,\"valueName\":\"search_term_string\"}}],\"inLanguage\":\"it-IT\"},{\"@type\":\"Organization\",\"@id\":\"https:\\\/\\\/schweizversand.ch\\\/it\\\/#organization\",\"name\":\"Schweizversand.ch\",\"url\":\"https:\\\/\\\/schweizversand.ch\\\/it\\\/\",\"logo\":{\"@type\":\"ImageObject\",\"inLanguage\":\"it-IT\",\"@id\":\"https:\\\/\\\/schweizversand.ch\\\/it\\\/#\\\/schema\\\/logo\\\/image\\\/\",\"url\":\"https:\\\/\\\/schweizversand.ch\\\/wp-content\\\/uploads\\\/2026\\\/03\\\/Logo_Rund_Final-1.png\",\"contentUrl\":\"https:\\\/\\\/schweizversand.ch\\\/wp-content\\\/uploads\\\/2026\\\/03\\\/Logo_Rund_Final-1.png\",\"width\":404,\"height\":404,\"caption\":\"Schweizversand.ch\"},\"image\":{\"@id\":\"https:\\\/\\\/schweizversand.ch\\\/it\\\/#\\\/schema\\\/logo\\\/image\\\/\"},\"sameAs\":[\"https:\\\/\\\/www.facebook.com\\\/Schweizversand\",\"https:\\\/\\\/www.instagram.com\\\/schweizversand.ch\\\/\"]}]}<\/script>\n<!-- \/ Yoast SEO plugin. -->","yoast_head_json":{"title":"Jilong Rechteckiges Rahmen - Pool Set","description":"Genie\u00dfen Sie den Sommer im Pool! Dieser rechteckige Jilong Pool ist genau das, worauf Sie gewartet haben, um Ihre Lieblingsjahreszeit in vollen Z\u00fcgen zu genie\u00dfe","robots":{"index":"index","follow":"follow","max-snippet":"max-snippet:-1","max-image-preview":"max-image-preview:large","max-video-preview":"max-video-preview:-1"},"canonical":"https:\/\/schweizversand.ch\/it\/produkt\/jilong-rechteckiges-rahmen-pool-set\/","og_locale":"it_IT","og_type":"article","og_title":"Jilong Rechteckiges Rahmen - Pool Set","og_description":"Genie\u00dfen Sie den Sommer im Pool! Dieser rechteckige Jilong Pool ist genau das, worauf Sie gewartet haben, um Ihre Lieblingsjahreszeit in vollen Z\u00fcgen zu genie\u00dfe","og_url":"https:\/\/schweizversand.ch\/it\/produkt\/jilong-rechteckiges-rahmen-pool-set\/","og_site_name":"Schweizer Shop f\u00fcr Sport, Spiel und Freizeit","article_publisher":"https:\/\/www.facebook.com\/Schweizversand","article_modified_time":"2026-04-19T00:06:33+00:00","og_image":[{"width":1024,"height":1024,"url":"https:\/\/schweizversand.ch\/wp-content\/uploads\/2026\/02\/5471622202.jpg","type":"image\/jpeg"}],"twitter_card":"summary_large_image","twitter_misc":{"Tempo di lettura stimato":"1 minuto"},"schema":{"@context":"https:\/\/schema.org","@graph":[{"@type":"WebPage","@id":"https:\/\/schweizversand.ch\/it\/produkt\/jilong-rechteckiges-rahmen-pool-set\/","url":"https:\/\/schweizversand.ch\/it\/produkt\/jilong-rechteckiges-rahmen-pool-set\/","name":"Jilong Rechteckiges Rahmen - Pool Set","isPartOf":{"@id":"https:\/\/schweizversand.ch\/it\/#website"},"primaryImageOfPage":{"@id":"https:\/\/schweizversand.ch\/it\/produkt\/jilong-rechteckiges-rahmen-pool-set\/#primaryimage"},"image":{"@id":"https:\/\/schweizversand.ch\/it\/produkt\/jilong-rechteckiges-rahmen-pool-set\/#primaryimage"},"thumbnailUrl":"https:\/\/schweizversand.ch\/wp-content\/uploads\/2026\/02\/5471622202.jpg","datePublished":"2026-03-14T23:55:33+00:00","dateModified":"2026-04-19T00:06:33+00:00","description":"Genie\u00dfen Sie den Sommer im Pool! Dieser rechteckige Jilong Pool ist genau das, worauf Sie gewartet haben, um Ihre Lieblingsjahreszeit in vollen Z\u00fcgen zu genie\u00dfe","breadcrumb":{"@id":"https:\/\/schweizversand.ch\/it\/produkt\/jilong-rechteckiges-rahmen-pool-set\/#breadcrumb"},"inLanguage":"it-IT","potentialAction":[{"@type":"ReadAction","target":["https:\/\/schweizversand.ch\/it\/produkt\/jilong-rechteckiges-rahmen-pool-set\/"]}]},{"@type":"ImageObject","inLanguage":"it-IT","@id":"https:\/\/schweizversand.ch\/it\/produkt\/jilong-rechteckiges-rahmen-pool-set\/#primaryimage","url":"https:\/\/schweizversand.ch\/wp-content\/uploads\/2026\/02\/5471622202.jpg","contentUrl":"https:\/\/schweizversand.ch\/wp-content\/uploads\/2026\/02\/5471622202.jpg","width":1024,"height":1024},{"@type":"BreadcrumbList","@id":"https:\/\/schweizversand.ch\/it\/produkt\/jilong-rechteckiges-rahmen-pool-set\/#breadcrumb","itemListElement":[{"@type":"ListItem","position":1,"name":"Startseite","item":"https:\/\/schweizversand.ch\/it\/home\/"},{"@type":"ListItem","position":2,"name":"Shop","item":"https:\/\/schweizversand.ch\/it\/shop\/"},{"@type":"ListItem","position":3,"name":"Casa e giardino","item":"https:\/\/schweizversand.ch\/it\/produkt-kategorie\/casa-e-giardino\/"},{"@type":"ListItem","position":4,"name":"Piscine e spa","item":"https:\/\/schweizversand.ch\/it\/produkt-kategorie\/casa-e-giardino\/piscine-e-spa\/"},{"@type":"ListItem","position":5,"name":"Piscina","item":"https:\/\/schweizversand.ch\/en\/produkt-kategorie\/pool\/"},{"@type":"ListItem","position":6,"name":"Set piscina con struttura rettangolare Jilong"}]},{"@type":"WebSite","@id":"https:\/\/schweizversand.ch\/it\/#website","url":"https:\/\/schweizversand.ch\/it\/","name":"Schweizer Shop f\u00fcr Sport, Spiel und Freizeit","description":"Gratisversand ab 50.- (netto), ab eigenem schweizer Lager, Lieferung innert 48h","publisher":{"@id":"https:\/\/schweizversand.ch\/it\/#organization"},"alternateName":"Schweizversand.ch","potentialAction":[{"@type":"SearchAction","target":{"@type":"EntryPoint","urlTemplate":"https:\/\/schweizversand.ch\/it\/?s={search_term_string}"},"query-input":{"@type":"PropertyValueSpecification","valueRequired":true,"valueName":"search_term_string"}}],"inLanguage":"it-IT"},{"@type":"Organization","@id":"https:\/\/schweizversand.ch\/it\/#organization","name":"Schweizversand.ch","url":"https:\/\/schweizversand.ch\/it\/","logo":{"@type":"ImageObject","inLanguage":"it-IT","@id":"https:\/\/schweizversand.ch\/it\/#\/schema\/logo\/image\/","url":"https:\/\/schweizversand.ch\/wp-content\/uploads\/2026\/03\/Logo_Rund_Final-1.png","contentUrl":"https:\/\/schweizversand.ch\/wp-content\/uploads\/2026\/03\/Logo_Rund_Final-1.png","width":404,"height":404,"caption":"Schweizversand.ch"},"image":{"@id":"https:\/\/schweizversand.ch\/it\/#\/schema\/logo\/image\/"},"sameAs":["https:\/\/www.facebook.com\/Schweizversand","https:\/\/www.instagram.com\/schweizversand.ch\/"]}]}},"jetpack_sharing_enabled":true,"_links":{"self":[{"href":"https:\/\/schweizversand.ch\/it\/wp-json\/wp\/v2\/product\/256606","targetHints":{"allow":["GET"]}}],"collection":[{"href":"https:\/\/schweizversand.ch\/it\/wp-json\/wp\/v2\/product"}],"about":[{"href":"https:\/\/schweizversand.ch\/it\/wp-json\/wp\/v2\/types\/product"}],"replies":[{"embeddable":true,"href":"https:\/\/schweizversand.ch\/it\/wp-json\/wp\/v2\/comments?post=256606"}],"wp:featuredmedia":[{"embeddable":true,"href":"https:\/\/schweizversand.ch\/it\/wp-json\/wp\/v2\/media\/262266"}],"wp:attachment":[{"href":"https:\/\/schweizversand.ch\/it\/wp-json\/wp\/v2\/media?parent=256606"}],"wp:term":[{"taxonomy":"product_brand","embeddable":true,"href":"https:\/\/schweizversand.ch\/it\/wp-json\/wp\/v2\/product_brand?post=256606"},{"taxonomy":"product_cat","embeddable":true,"href":"https:\/\/schweizversand.ch\/it\/wp-json\/wp\/v2\/product_cat?post=256606"},{"taxonomy":"product_tag","embeddable":true,"href":"https:\/\/schweizversand.ch\/it\/wp-json\/wp\/v2\/product_tag?post=256606"}],"curies":[{"name":"wp","href":"https:\/\/api.w.org\/{rel}","templated":true}]}}