{"id":256608,"date":"2026-03-15T00:55:39","date_gmt":"2026-03-14T23:55:39","guid":{"rendered":"https:\/\/schweizversand.ch\/produkt\/jumping-clay-spielknete-gletscher-baeren\/"},"modified":"2026-04-19T02:06:35","modified_gmt":"2026-04-19T00:06:35","slug":"jumping-clay-spielknete-gletscher-baeren","status":"publish","type":"product","link":"https:\/\/schweizversand.ch\/it\/produkt\/jumping-clay-spielknete-gletscher-baeren\/","title":{"rendered":"Plastilina Jumping Clay &#8220;Glacier Bears&#8221;"},"content":{"rendered":"<h1><strong>Pasta modellabile idrosolubile Glacier Bears<\/strong><\/h1>\n<div>Scopri la <strong>pasta modellabile idrosolubile Glacier Bears<\/strong>, il set ideale per i creativi dai 3 anni in su. Questa innovativa pasta modellabile unisce divertimento senza fine a una pratica maneggevolezza e stimola in modo giocoso le capacit\u00e0 motorie fini e l&#8217;immaginazione del tuo bambino.<\/p>\n<\/div>\n<div><strong>Caratteristiche e vantaggi unici<\/strong><br \/>Questa speciale <strong>pasta modellabile<\/strong> non \u00e8 solo morbida e facile da modellare, ma anche <strong>solubile in acqua<\/strong>. Questo significa meno problemi di pulizia: piccole macchie possono essere semplicemente rimosse con acqua. La pasta si asciuga all&#8217;aria, quindi le piccole opere d&#8217;arte durano per sempre. \u00c8 la pasta modellabile idrosolubile perfetta per lavori creativi sicuri e puliti. Divertimento creativo per bambini: il set per bambini offre un&#8217;eccellente opportunit\u00e0 per liberare la creativit\u00e0. Con i colori base inclusi (bianco e nero), i bambini possono imparare a mescolare le proprie tonalit\u00e0 e creare design unici. Il set \u00e8 progettato in modo che i bambini possano imparare le forme base del modellaggio e poi progettare i propri giocattoli: un grande divertimento e un&#8217;esperienza di apprendimento significativa allo stesso tempo. Il set di puzzle in pasta modellabile: doppio divertimento! Un punto forte di questo set \u00e8 il set di puzzle in pasta modellabile incluso. Dopo che le figure sono state modellate e asciugate, possono essere combinate con il puzzle da 48 pezzi per creare mondi di gioco fantasiosi. Questo elemento offre ulteriore <strong>divertimento<\/strong> e prolunga la durata del prodotto ben oltre la semplice impastatura. Il marchio <strong>Glacier Bears<\/strong> \u00e8 sinonimo di qualit\u00e0 e design a misura di bambino.<\/p>\n<\/div>\n<div><strong>Contenuto e utilizzo<\/strong><br \/>Il set completo contiene tutto ci\u00f2 di cui il tuo bambino ha bisogno per iniziare subito. Le istruzioni incluse lo guidano attraverso i suoi primi tentativi di modellazione in semplici passaggi e ispirano le sue idee. Questo prodotto \u00e8 appositamente progettato come giocattolo per bambini dai 3 anni in su ed \u00e8 privo di sostanze nocive. Il set include: &#8211; Bustine contenenti 2 pezzi di pasta modellabile bianca &#8211; Bustine contenenti 1 pezzo di pasta modellabile nera &#8211; 1 puzzle da 48 pezzi &#8211; 1 scheda di ispirazione &#8211; 1 strumento di modellazione &#8211; 1 manuale di istruzioni dettagliato. Acquista questo versatile set e regala al tuo bambino ore di divertimento creativo con la pasta modellabile di alta qualit\u00e0 di Gletscher B\u00e4ren. Ordina ora e scopri quanto pu\u00f2 essere facile e pulito creare!<\/p>\n","protected":false},"excerpt":{"rendered":"<p>Pasta modellabile idrosolubile Glacier Bears Scopri la pasta modellabile idrosolubile Glacier Bears, il set ideale per i creativi dai 3 anni in su. Questa innovativa pasta modellabile unisce divertimento senza fine a una pratica maneggevolezza e stimola in modo giocoso le capacit\u00e0 motorie fini e l&#8217;immaginazione del tuo bambino. Caratteristiche e vantaggi uniciQuesta speciale pasta modellabile non \u00e8 solo morbida e facile da modellare, ma anche solubile in acqua. Questo significa meno problemi di pulizia:&hellip;<\/p>\n","protected":false},"featured_media":160646,"comment_status":"open","ping_status":"closed","template":"","meta":[],"product_brand":[],"product_cat":[38650],"product_tag":[],"class_list":{"0":"post-256608","1":"product","2":"type-product","3":"status-publish","4":"has-post-thumbnail","6":"product_cat-knete","7":"product_shipping_class-global_methods","9":"first","10":"instock","11":"taxable","12":"shipping-taxable","13":"purchasable","14":"product-type-simple"},"yoast_head":"<!-- This site is optimized with the Yoast SEO plugin v27.4 - https:\/\/yoast.com\/product\/yoast-seo-wordpress\/ -->\n<title>Jumping Clay Spielknete &quot;Gletscher B\u00e4ren&quot; | Jetzt kaufen | Schweizversand.ch<\/title>\n<meta name=\"description\" content=\"Jumping Clay Spielknete &quot;Gletscher B\u00e4ren&quot; g\u00fcnstig kaufen bei Schweizversand.ch. Schnelle Lieferung in der Schweiz. Gratisversand ab CHF 50.\" \/>\n<meta name=\"robots\" content=\"index, follow, max-snippet:-1, max-image-preview:large, max-video-preview:-1\" \/>\n<link rel=\"canonical\" href=\"https:\/\/schweizversand.ch\/it\/produkt\/jumping-clay-spielknete-gletscher-baeren\/\" \/>\n<meta property=\"og:locale\" content=\"it_IT\" \/>\n<meta property=\"og:type\" content=\"article\" \/>\n<meta property=\"og:title\" content=\"Jumping Clay Spielknete &quot;Gletscher B\u00e4ren&quot; | Jetzt kaufen | Schweizversand.ch\" \/>\n<meta property=\"og:description\" content=\"Jumping Clay Spielknete &quot;Gletscher B\u00e4ren&quot; g\u00fcnstig kaufen bei Schweizversand.ch. Schnelle Lieferung in der Schweiz. Gratisversand ab CHF 50.\" \/>\n<meta property=\"og:url\" content=\"https:\/\/schweizversand.ch\/it\/produkt\/jumping-clay-spielknete-gletscher-baeren\/\" \/>\n<meta property=\"og:site_name\" content=\"Schweizer Shop f\u00fcr Sport, Spiel und Freizeit\" \/>\n<meta property=\"article:publisher\" content=\"https:\/\/www.facebook.com\/Schweizversand\" \/>\n<meta property=\"article:modified_time\" content=\"2026-04-19T00:06:35+00:00\" \/>\n<meta property=\"og:image\" content=\"https:\/\/schweizversand.ch\/wp-content\/uploads\/2026\/02\/5472101177.png\" \/>\n\t<meta property=\"og:image:width\" content=\"768\" \/>\n\t<meta property=\"og:image:height\" content=\"1024\" \/>\n\t<meta property=\"og:image:type\" content=\"image\/png\" \/>\n<meta name=\"twitter:card\" content=\"summary_large_image\" \/>\n<meta name=\"twitter:label1\" content=\"Tempo di lettura stimato\" \/>\n\t<meta name=\"twitter:data1\" content=\"2 minuto\" \/>\n<script type=\"application\/ld+json\" class=\"yoast-schema-graph\">{\"@context\":\"https:\\\/\\\/schema.org\",\"@graph\":[{\"@type\":\"WebPage\",\"@id\":\"https:\\\/\\\/schweizversand.ch\\\/it\\\/produkt\\\/jumping-clay-spielknete-gletscher-baeren\\\/\",\"url\":\"https:\\\/\\\/schweizversand.ch\\\/it\\\/produkt\\\/jumping-clay-spielknete-gletscher-baeren\\\/\",\"name\":\"Jumping Clay Spielknete \\\"Gletscher B\u00e4ren\\\" | Jetzt kaufen | Schweizversand.ch\",\"isPartOf\":{\"@id\":\"https:\\\/\\\/schweizversand.ch\\\/it\\\/#website\"},\"primaryImageOfPage\":{\"@id\":\"https:\\\/\\\/schweizversand.ch\\\/it\\\/produkt\\\/jumping-clay-spielknete-gletscher-baeren\\\/#primaryimage\"},\"image\":{\"@id\":\"https:\\\/\\\/schweizversand.ch\\\/it\\\/produkt\\\/jumping-clay-spielknete-gletscher-baeren\\\/#primaryimage\"},\"thumbnailUrl\":\"https:\\\/\\\/schweizversand.ch\\\/wp-content\\\/uploads\\\/2026\\\/02\\\/5472101177.png\",\"datePublished\":\"2026-03-14T23:55:39+00:00\",\"dateModified\":\"2026-04-19T00:06:35+00:00\",\"description\":\"Jumping Clay Spielknete \\\"Gletscher B\u00e4ren\\\" g\u00fcnstig kaufen bei Schweizversand.ch. Schnelle Lieferung in der Schweiz. Gratisversand ab CHF 50.\",\"breadcrumb\":{\"@id\":\"https:\\\/\\\/schweizversand.ch\\\/it\\\/produkt\\\/jumping-clay-spielknete-gletscher-baeren\\\/#breadcrumb\"},\"inLanguage\":\"it-IT\",\"potentialAction\":[{\"@type\":\"ReadAction\",\"target\":[\"https:\\\/\\\/schweizversand.ch\\\/it\\\/produkt\\\/jumping-clay-spielknete-gletscher-baeren\\\/\"]}]},{\"@type\":\"ImageObject\",\"inLanguage\":\"it-IT\",\"@id\":\"https:\\\/\\\/schweizversand.ch\\\/it\\\/produkt\\\/jumping-clay-spielknete-gletscher-baeren\\\/#primaryimage\",\"url\":\"https:\\\/\\\/schweizversand.ch\\\/wp-content\\\/uploads\\\/2026\\\/02\\\/5472101177.png\",\"contentUrl\":\"https:\\\/\\\/schweizversand.ch\\\/wp-content\\\/uploads\\\/2026\\\/02\\\/5472101177.png\",\"width\":768,\"height\":1024},{\"@type\":\"BreadcrumbList\",\"@id\":\"https:\\\/\\\/schweizversand.ch\\\/it\\\/produkt\\\/jumping-clay-spielknete-gletscher-baeren\\\/#breadcrumb\",\"itemListElement\":[{\"@type\":\"ListItem\",\"position\":1,\"name\":\"Startseite\",\"item\":\"https:\\\/\\\/schweizversand.ch\\\/it\\\/home\\\/\"},{\"@type\":\"ListItem\",\"position\":2,\"name\":\"Shop\",\"item\":\"https:\\\/\\\/schweizversand.ch\\\/it\\\/shop\\\/\"},{\"@type\":\"ListItem\",\"position\":3,\"name\":\"Play-Doh\",\"item\":\"https:\\\/\\\/schweizversand.ch\\\/en\\\/produkt-kategorie\\\/knete\\\/\"},{\"@type\":\"ListItem\",\"position\":4,\"name\":\"Plastilina Jumping Clay &#8222;Glacier Bears&#8220;\"}]},{\"@type\":\"WebSite\",\"@id\":\"https:\\\/\\\/schweizversand.ch\\\/it\\\/#website\",\"url\":\"https:\\\/\\\/schweizversand.ch\\\/it\\\/\",\"name\":\"Schweizer Shop f\u00fcr Sport, Spiel und Freizeit\",\"description\":\"Gratisversand ab 50.- (netto), ab eigenem schweizer Lager, Lieferung innert 48h\",\"publisher\":{\"@id\":\"https:\\\/\\\/schweizversand.ch\\\/it\\\/#organization\"},\"alternateName\":\"Schweizversand.ch\",\"potentialAction\":[{\"@type\":\"SearchAction\",\"target\":{\"@type\":\"EntryPoint\",\"urlTemplate\":\"https:\\\/\\\/schweizversand.ch\\\/it\\\/?s={search_term_string}\"},\"query-input\":{\"@type\":\"PropertyValueSpecification\",\"valueRequired\":true,\"valueName\":\"search_term_string\"}}],\"inLanguage\":\"it-IT\"},{\"@type\":\"Organization\",\"@id\":\"https:\\\/\\\/schweizversand.ch\\\/it\\\/#organization\",\"name\":\"Schweizversand.ch\",\"url\":\"https:\\\/\\\/schweizversand.ch\\\/it\\\/\",\"logo\":{\"@type\":\"ImageObject\",\"inLanguage\":\"it-IT\",\"@id\":\"https:\\\/\\\/schweizversand.ch\\\/it\\\/#\\\/schema\\\/logo\\\/image\\\/\",\"url\":\"https:\\\/\\\/schweizversand.ch\\\/wp-content\\\/uploads\\\/2026\\\/03\\\/Logo_Rund_Final-1.png\",\"contentUrl\":\"https:\\\/\\\/schweizversand.ch\\\/wp-content\\\/uploads\\\/2026\\\/03\\\/Logo_Rund_Final-1.png\",\"width\":404,\"height\":404,\"caption\":\"Schweizversand.ch\"},\"image\":{\"@id\":\"https:\\\/\\\/schweizversand.ch\\\/it\\\/#\\\/schema\\\/logo\\\/image\\\/\"},\"sameAs\":[\"https:\\\/\\\/www.facebook.com\\\/Schweizversand\",\"https:\\\/\\\/www.instagram.com\\\/schweizversand.ch\\\/\"]}]}<\/script>\n<!-- \/ Yoast SEO plugin. -->","yoast_head_json":{"title":"Jumping Clay Spielknete \"Gletscher B\u00e4ren\" | Jetzt kaufen | Schweizversand.ch","description":"Jumping Clay Spielknete \"Gletscher B\u00e4ren\" g\u00fcnstig kaufen bei Schweizversand.ch. Schnelle Lieferung in der Schweiz. Gratisversand ab CHF 50.","robots":{"index":"index","follow":"follow","max-snippet":"max-snippet:-1","max-image-preview":"max-image-preview:large","max-video-preview":"max-video-preview:-1"},"canonical":"https:\/\/schweizversand.ch\/it\/produkt\/jumping-clay-spielknete-gletscher-baeren\/","og_locale":"it_IT","og_type":"article","og_title":"Jumping Clay Spielknete \"Gletscher B\u00e4ren\" | Jetzt kaufen | Schweizversand.ch","og_description":"Jumping Clay Spielknete \"Gletscher B\u00e4ren\" g\u00fcnstig kaufen bei Schweizversand.ch. Schnelle Lieferung in der Schweiz. Gratisversand ab CHF 50.","og_url":"https:\/\/schweizversand.ch\/it\/produkt\/jumping-clay-spielknete-gletscher-baeren\/","og_site_name":"Schweizer Shop f\u00fcr Sport, Spiel und Freizeit","article_publisher":"https:\/\/www.facebook.com\/Schweizversand","article_modified_time":"2026-04-19T00:06:35+00:00","og_image":[{"width":768,"height":1024,"url":"https:\/\/schweizversand.ch\/wp-content\/uploads\/2026\/02\/5472101177.png","type":"image\/png"}],"twitter_card":"summary_large_image","twitter_misc":{"Tempo di lettura stimato":"2 minuto"},"schema":{"@context":"https:\/\/schema.org","@graph":[{"@type":"WebPage","@id":"https:\/\/schweizversand.ch\/it\/produkt\/jumping-clay-spielknete-gletscher-baeren\/","url":"https:\/\/schweizversand.ch\/it\/produkt\/jumping-clay-spielknete-gletscher-baeren\/","name":"Jumping Clay Spielknete \"Gletscher B\u00e4ren\" | Jetzt kaufen | Schweizversand.ch","isPartOf":{"@id":"https:\/\/schweizversand.ch\/it\/#website"},"primaryImageOfPage":{"@id":"https:\/\/schweizversand.ch\/it\/produkt\/jumping-clay-spielknete-gletscher-baeren\/#primaryimage"},"image":{"@id":"https:\/\/schweizversand.ch\/it\/produkt\/jumping-clay-spielknete-gletscher-baeren\/#primaryimage"},"thumbnailUrl":"https:\/\/schweizversand.ch\/wp-content\/uploads\/2026\/02\/5472101177.png","datePublished":"2026-03-14T23:55:39+00:00","dateModified":"2026-04-19T00:06:35+00:00","description":"Jumping Clay Spielknete \"Gletscher B\u00e4ren\" g\u00fcnstig kaufen bei Schweizversand.ch. Schnelle Lieferung in der Schweiz. Gratisversand ab CHF 50.","breadcrumb":{"@id":"https:\/\/schweizversand.ch\/it\/produkt\/jumping-clay-spielknete-gletscher-baeren\/#breadcrumb"},"inLanguage":"it-IT","potentialAction":[{"@type":"ReadAction","target":["https:\/\/schweizversand.ch\/it\/produkt\/jumping-clay-spielknete-gletscher-baeren\/"]}]},{"@type":"ImageObject","inLanguage":"it-IT","@id":"https:\/\/schweizversand.ch\/it\/produkt\/jumping-clay-spielknete-gletscher-baeren\/#primaryimage","url":"https:\/\/schweizversand.ch\/wp-content\/uploads\/2026\/02\/5472101177.png","contentUrl":"https:\/\/schweizversand.ch\/wp-content\/uploads\/2026\/02\/5472101177.png","width":768,"height":1024},{"@type":"BreadcrumbList","@id":"https:\/\/schweizversand.ch\/it\/produkt\/jumping-clay-spielknete-gletscher-baeren\/#breadcrumb","itemListElement":[{"@type":"ListItem","position":1,"name":"Startseite","item":"https:\/\/schweizversand.ch\/it\/home\/"},{"@type":"ListItem","position":2,"name":"Shop","item":"https:\/\/schweizversand.ch\/it\/shop\/"},{"@type":"ListItem","position":3,"name":"Play-Doh","item":"https:\/\/schweizversand.ch\/en\/produkt-kategorie\/knete\/"},{"@type":"ListItem","position":4,"name":"Plastilina Jumping Clay &#8222;Glacier Bears&#8220;"}]},{"@type":"WebSite","@id":"https:\/\/schweizversand.ch\/it\/#website","url":"https:\/\/schweizversand.ch\/it\/","name":"Schweizer Shop f\u00fcr Sport, Spiel und Freizeit","description":"Gratisversand ab 50.- (netto), ab eigenem schweizer Lager, Lieferung innert 48h","publisher":{"@id":"https:\/\/schweizversand.ch\/it\/#organization"},"alternateName":"Schweizversand.ch","potentialAction":[{"@type":"SearchAction","target":{"@type":"EntryPoint","urlTemplate":"https:\/\/schweizversand.ch\/it\/?s={search_term_string}"},"query-input":{"@type":"PropertyValueSpecification","valueRequired":true,"valueName":"search_term_string"}}],"inLanguage":"it-IT"},{"@type":"Organization","@id":"https:\/\/schweizversand.ch\/it\/#organization","name":"Schweizversand.ch","url":"https:\/\/schweizversand.ch\/it\/","logo":{"@type":"ImageObject","inLanguage":"it-IT","@id":"https:\/\/schweizversand.ch\/it\/#\/schema\/logo\/image\/","url":"https:\/\/schweizversand.ch\/wp-content\/uploads\/2026\/03\/Logo_Rund_Final-1.png","contentUrl":"https:\/\/schweizversand.ch\/wp-content\/uploads\/2026\/03\/Logo_Rund_Final-1.png","width":404,"height":404,"caption":"Schweizversand.ch"},"image":{"@id":"https:\/\/schweizversand.ch\/it\/#\/schema\/logo\/image\/"},"sameAs":["https:\/\/www.facebook.com\/Schweizversand","https:\/\/www.instagram.com\/schweizversand.ch\/"]}]}},"jetpack_sharing_enabled":true,"_links":{"self":[{"href":"https:\/\/schweizversand.ch\/it\/wp-json\/wp\/v2\/product\/256608","targetHints":{"allow":["GET"]}}],"collection":[{"href":"https:\/\/schweizversand.ch\/it\/wp-json\/wp\/v2\/product"}],"about":[{"href":"https:\/\/schweizversand.ch\/it\/wp-json\/wp\/v2\/types\/product"}],"replies":[{"embeddable":true,"href":"https:\/\/schweizversand.ch\/it\/wp-json\/wp\/v2\/comments?post=256608"}],"wp:featuredmedia":[{"embeddable":true,"href":"https:\/\/schweizversand.ch\/it\/wp-json\/wp\/v2\/media\/160646"}],"wp:attachment":[{"href":"https:\/\/schweizversand.ch\/it\/wp-json\/wp\/v2\/media?parent=256608"}],"wp:term":[{"taxonomy":"product_brand","embeddable":true,"href":"https:\/\/schweizversand.ch\/it\/wp-json\/wp\/v2\/product_brand?post=256608"},{"taxonomy":"product_cat","embeddable":true,"href":"https:\/\/schweizversand.ch\/it\/wp-json\/wp\/v2\/product_cat?post=256608"},{"taxonomy":"product_tag","embeddable":true,"href":"https:\/\/schweizversand.ch\/it\/wp-json\/wp\/v2\/product_tag?post=256608"}],"curies":[{"name":"wp","href":"https:\/\/api.w.org\/{rel}","templated":true}]}}