{"id":256611,"date":"2026-03-15T00:55:44","date_gmt":"2026-03-14T23:55:44","guid":{"rendered":"https:\/\/schweizversand.ch\/produkt\/motorola-kinderkopfhoehrer-moto-jr300\/"},"modified":"2026-04-20T02:05:24","modified_gmt":"2026-04-20T00:05:24","slug":"motorola-kinderkopfhoehrer-moto-jr300","status":"publish","type":"product","link":"https:\/\/schweizversand.ch\/it\/produkt\/motorola-kinderkopfhoehrer-moto-jr300\/","title":{"rendered":"Cuffie per bambini Motorola MOTO JR300"},"content":{"rendered":"<h1><strong>Cuffie per bambini MOTO JR300 con Bluetooth: divertimento e ascolto in sicurezza dai 3 anni<\/strong><\/h1>\n<div>Dite addio ai cavi aggrovigliati e date il benvenuto alla libert\u00e0 wireless! Le <strong>cuffie per bambini MOTO JR300 con Bluetooth<\/strong> offrono ai giovani appassionati di musica dai 3 anni in su la combinazione perfetta di design moderno, massimo comfort e sicurezza essenziale.<\/p>\n<\/div>\n<div><strong>Ascolto sicuro grazie al limitatore di volume<\/strong><br \/>La salute del vostro bambino \u00e8 la nostra massima priorit\u00e0. Queste <strong>cuffie Bluetooth per bambini<\/strong> sono dotate di un <strong>limitatore di volume per cuffie per bambini<\/strong> integrato che limita in modo affidabile il livello sonoro a un livello sicuro di 85 dB. Questo protegge l&#8217;udito sensibile, permettendo al tuo bambino di ascoltare musica o audiolibri senza preoccupazioni.<\/p>\n<\/div>\n<div><strong>Libert\u00e0 wireless e batteria a lunga durata<\/strong><br \/>Le <strong>MOTO JR300<\/strong> offrono fino a 24 ore di ascolto wireless ininterrotto. La tecnologia delle <strong>cuffie wireless per bambini<\/strong> offre la massima libert\u00e0 di movimento, ideale per viaggi, lunghi viaggi in auto o per rilassarsi a casa. Il controllo \u00e8 particolarmente semplice grazie ai pulsanti intuitivi e adatti ai bambini.<\/p>\n<\/div>\n<div><strong>Comfort e pratici extra<\/strong><br \/>L&#8217;archetto regolabile e morbidamente imbottito garantisce una vestibilit\u00e0 comoda, anche in caso di utilizzo prolungato. Un punto di forza speciale \u00e8 il cavo splitter audio incluso, che consente al tuo bambino di condividere musica o audiolibri con gli amici. Il microfono integrato consente anche chiamate in vivavoce.<\/p>\n<\/div>\n<div><strong>Dettagli del prodotto MOTO JR300<\/strong><br \/>&#8211; Tipo: <strong>Cuffie per bambini dai 3 anni<\/strong><br \/>&#8211; Connettivit\u00e0: Bluetooth (wireless)<br \/>&#8211; Durata della batteria: fino a 24 ore di riproduzione<br \/>&#8211; Funzione di sicurezza: limitatore di volume a 85 dB<br \/>&#8211; Extra: microfono integrato e cavo splitter audio<br \/>&#8211; Funzionamento: comandi a pulsante semplici e adatti ai bambini<\/p>\n<\/div>\n<div>Acquista subito <strong>MOTO JR300<\/strong> e regala al tuo bambino un divertimento di ascolto sicuro, comodo e senza fili in viaggio e a casa.<\/p>\n<\/div>\n<div><\/div>\n","protected":false},"excerpt":{"rendered":"<p>Cuffie per bambini MOTO JR300 con Bluetooth: divertimento e ascolto in sicurezza dai 3 anni Dite addio ai cavi aggrovigliati e date il benvenuto alla libert\u00e0 wireless! Le cuffie per bambini MOTO JR300 con Bluetooth offrono ai giovani appassionati di musica dai 3 anni in su la combinazione perfetta di design moderno, massimo comfort e sicurezza essenziale. Ascolto sicuro grazie al limitatore di volumeLa salute del vostro bambino \u00e8 la nostra massima priorit\u00e0. Queste cuffie&hellip;<\/p>\n","protected":false},"featured_media":160680,"comment_status":"open","ping_status":"closed","template":"","meta":[],"product_brand":[],"product_cat":[38897],"product_tag":[],"class_list":{"0":"post-256611","1":"product","2":"type-product","3":"status-publish","4":"has-post-thumbnail","6":"product_cat-kopfhoerer","7":"product_shipping_class-global_methods","9":"first","10":"instock","11":"taxable","12":"shipping-taxable","13":"purchasable","14":"product-type-simple"},"yoast_head":"<!-- This site is optimized with the Yoast SEO plugin v27.4 - https:\/\/yoast.com\/product\/yoast-seo-wordpress\/ -->\n<title>Motorola Kinderkopfh\u00f6hrer MOTO JR300 | Jetzt kaufen | Schweizversand.ch<\/title>\n<meta name=\"description\" content=\"Motorola Kinderkopfh\u00f6hrer MOTO JR300 g\u00fcnstig kaufen bei Schweizversand.ch. Schnelle Lieferung in der Schweiz. Gratisversand ab CHF 50.\" \/>\n<meta name=\"robots\" content=\"index, follow, max-snippet:-1, max-image-preview:large, max-video-preview:-1\" \/>\n<link rel=\"canonical\" href=\"https:\/\/schweizversand.ch\/it\/produkt\/motorola-kinderkopfhoehrer-moto-jr300\/\" \/>\n<meta property=\"og:locale\" content=\"it_IT\" \/>\n<meta property=\"og:type\" content=\"article\" \/>\n<meta property=\"og:title\" content=\"Motorola Kinderkopfh\u00f6hrer MOTO JR300 | Jetzt kaufen | Schweizversand.ch\" \/>\n<meta property=\"og:description\" content=\"Motorola Kinderkopfh\u00f6hrer MOTO JR300 g\u00fcnstig kaufen bei Schweizversand.ch. Schnelle Lieferung in der Schweiz. Gratisversand ab CHF 50.\" \/>\n<meta property=\"og:url\" content=\"https:\/\/schweizversand.ch\/it\/produkt\/motorola-kinderkopfhoehrer-moto-jr300\/\" \/>\n<meta property=\"og:site_name\" content=\"Schweizer Shop f\u00fcr Sport, Spiel und Freizeit\" \/>\n<meta property=\"article:publisher\" content=\"https:\/\/www.facebook.com\/Schweizversand\" \/>\n<meta property=\"article:modified_time\" content=\"2026-04-20T00:05:24+00:00\" \/>\n<meta property=\"og:image\" content=\"https:\/\/schweizversand.ch\/wp-content\/uploads\/2026\/02\/5471917817.jpg\" \/>\n\t<meta property=\"og:image:width\" content=\"1024\" \/>\n\t<meta property=\"og:image:height\" content=\"582\" \/>\n\t<meta property=\"og:image:type\" content=\"image\/jpeg\" \/>\n<meta name=\"twitter:card\" content=\"summary_large_image\" \/>\n<meta name=\"twitter:label1\" content=\"Tempo di lettura stimato\" \/>\n\t<meta name=\"twitter:data1\" content=\"1 minuto\" \/>\n<script type=\"application\/ld+json\" class=\"yoast-schema-graph\">{\"@context\":\"https:\\\/\\\/schema.org\",\"@graph\":[{\"@type\":\"WebPage\",\"@id\":\"https:\\\/\\\/schweizversand.ch\\\/it\\\/produkt\\\/motorola-kinderkopfhoehrer-moto-jr300\\\/\",\"url\":\"https:\\\/\\\/schweizversand.ch\\\/it\\\/produkt\\\/motorola-kinderkopfhoehrer-moto-jr300\\\/\",\"name\":\"Motorola Kinderkopfh\u00f6hrer MOTO JR300 | Jetzt kaufen | Schweizversand.ch\",\"isPartOf\":{\"@id\":\"https:\\\/\\\/schweizversand.ch\\\/it\\\/#website\"},\"primaryImageOfPage\":{\"@id\":\"https:\\\/\\\/schweizversand.ch\\\/it\\\/produkt\\\/motorola-kinderkopfhoehrer-moto-jr300\\\/#primaryimage\"},\"image\":{\"@id\":\"https:\\\/\\\/schweizversand.ch\\\/it\\\/produkt\\\/motorola-kinderkopfhoehrer-moto-jr300\\\/#primaryimage\"},\"thumbnailUrl\":\"https:\\\/\\\/schweizversand.ch\\\/wp-content\\\/uploads\\\/2026\\\/02\\\/5471917817.jpg\",\"datePublished\":\"2026-03-14T23:55:44+00:00\",\"dateModified\":\"2026-04-20T00:05:24+00:00\",\"description\":\"Motorola Kinderkopfh\u00f6hrer MOTO JR300 g\u00fcnstig kaufen bei Schweizversand.ch. Schnelle Lieferung in der Schweiz. Gratisversand ab CHF 50.\",\"breadcrumb\":{\"@id\":\"https:\\\/\\\/schweizversand.ch\\\/it\\\/produkt\\\/motorola-kinderkopfhoehrer-moto-jr300\\\/#breadcrumb\"},\"inLanguage\":\"it-IT\",\"potentialAction\":[{\"@type\":\"ReadAction\",\"target\":[\"https:\\\/\\\/schweizversand.ch\\\/it\\\/produkt\\\/motorola-kinderkopfhoehrer-moto-jr300\\\/\"]}]},{\"@type\":\"ImageObject\",\"inLanguage\":\"it-IT\",\"@id\":\"https:\\\/\\\/schweizversand.ch\\\/it\\\/produkt\\\/motorola-kinderkopfhoehrer-moto-jr300\\\/#primaryimage\",\"url\":\"https:\\\/\\\/schweizversand.ch\\\/wp-content\\\/uploads\\\/2026\\\/02\\\/5471917817.jpg\",\"contentUrl\":\"https:\\\/\\\/schweizversand.ch\\\/wp-content\\\/uploads\\\/2026\\\/02\\\/5471917817.jpg\",\"width\":1024,\"height\":582},{\"@type\":\"BreadcrumbList\",\"@id\":\"https:\\\/\\\/schweizversand.ch\\\/it\\\/produkt\\\/motorola-kinderkopfhoehrer-moto-jr300\\\/#breadcrumb\",\"itemListElement\":[{\"@type\":\"ListItem\",\"position\":1,\"name\":\"Startseite\",\"item\":\"https:\\\/\\\/schweizversand.ch\\\/it\\\/home\\\/\"},{\"@type\":\"ListItem\",\"position\":2,\"name\":\"Shop\",\"item\":\"https:\\\/\\\/schweizversand.ch\\\/it\\\/shop\\\/\"},{\"@type\":\"ListItem\",\"position\":3,\"name\":\"Elettronica\",\"item\":\"https:\\\/\\\/schweizversand.ch\\\/it\\\/produkt-kategorie\\\/elettronica\\\/\"},{\"@type\":\"ListItem\",\"position\":4,\"name\":\"Audio\",\"item\":\"https:\\\/\\\/schweizversand.ch\\\/it\\\/produkt-kategorie\\\/elettronica\\\/audio\\\/\"},{\"@type\":\"ListItem\",\"position\":5,\"name\":\"Cuffie\",\"item\":\"https:\\\/\\\/schweizversand.ch\\\/it\\\/produkt-kategorie\\\/elettronica\\\/audio\\\/kopfhoerer\\\/\"},{\"@type\":\"ListItem\",\"position\":6,\"name\":\"Cuffie per bambini Motorola MOTO JR300\"}]},{\"@type\":\"WebSite\",\"@id\":\"https:\\\/\\\/schweizversand.ch\\\/it\\\/#website\",\"url\":\"https:\\\/\\\/schweizversand.ch\\\/it\\\/\",\"name\":\"Schweizer Shop f\u00fcr Sport, Spiel und Freizeit\",\"description\":\"Gratisversand ab 50.- (netto), ab eigenem schweizer Lager, Lieferung innert 48h\",\"publisher\":{\"@id\":\"https:\\\/\\\/schweizversand.ch\\\/it\\\/#organization\"},\"alternateName\":\"Schweizversand.ch\",\"potentialAction\":[{\"@type\":\"SearchAction\",\"target\":{\"@type\":\"EntryPoint\",\"urlTemplate\":\"https:\\\/\\\/schweizversand.ch\\\/it\\\/?s={search_term_string}\"},\"query-input\":{\"@type\":\"PropertyValueSpecification\",\"valueRequired\":true,\"valueName\":\"search_term_string\"}}],\"inLanguage\":\"it-IT\"},{\"@type\":\"Organization\",\"@id\":\"https:\\\/\\\/schweizversand.ch\\\/it\\\/#organization\",\"name\":\"Schweizversand.ch\",\"url\":\"https:\\\/\\\/schweizversand.ch\\\/it\\\/\",\"logo\":{\"@type\":\"ImageObject\",\"inLanguage\":\"it-IT\",\"@id\":\"https:\\\/\\\/schweizversand.ch\\\/it\\\/#\\\/schema\\\/logo\\\/image\\\/\",\"url\":\"https:\\\/\\\/schweizversand.ch\\\/wp-content\\\/uploads\\\/2026\\\/03\\\/Logo_Rund_Final-1.png\",\"contentUrl\":\"https:\\\/\\\/schweizversand.ch\\\/wp-content\\\/uploads\\\/2026\\\/03\\\/Logo_Rund_Final-1.png\",\"width\":404,\"height\":404,\"caption\":\"Schweizversand.ch\"},\"image\":{\"@id\":\"https:\\\/\\\/schweizversand.ch\\\/it\\\/#\\\/schema\\\/logo\\\/image\\\/\"},\"sameAs\":[\"https:\\\/\\\/www.facebook.com\\\/Schweizversand\",\"https:\\\/\\\/www.instagram.com\\\/schweizversand.ch\\\/\"]}]}<\/script>\n<!-- \/ Yoast SEO plugin. -->","yoast_head_json":{"title":"Motorola Kinderkopfh\u00f6hrer MOTO JR300 | Jetzt kaufen | Schweizversand.ch","description":"Motorola Kinderkopfh\u00f6hrer MOTO JR300 g\u00fcnstig kaufen bei Schweizversand.ch. Schnelle Lieferung in der Schweiz. Gratisversand ab CHF 50.","robots":{"index":"index","follow":"follow","max-snippet":"max-snippet:-1","max-image-preview":"max-image-preview:large","max-video-preview":"max-video-preview:-1"},"canonical":"https:\/\/schweizversand.ch\/it\/produkt\/motorola-kinderkopfhoehrer-moto-jr300\/","og_locale":"it_IT","og_type":"article","og_title":"Motorola Kinderkopfh\u00f6hrer MOTO JR300 | Jetzt kaufen | Schweizversand.ch","og_description":"Motorola Kinderkopfh\u00f6hrer MOTO JR300 g\u00fcnstig kaufen bei Schweizversand.ch. Schnelle Lieferung in der Schweiz. Gratisversand ab CHF 50.","og_url":"https:\/\/schweizversand.ch\/it\/produkt\/motorola-kinderkopfhoehrer-moto-jr300\/","og_site_name":"Schweizer Shop f\u00fcr Sport, Spiel und Freizeit","article_publisher":"https:\/\/www.facebook.com\/Schweizversand","article_modified_time":"2026-04-20T00:05:24+00:00","og_image":[{"width":1024,"height":582,"url":"https:\/\/schweizversand.ch\/wp-content\/uploads\/2026\/02\/5471917817.jpg","type":"image\/jpeg"}],"twitter_card":"summary_large_image","twitter_misc":{"Tempo di lettura stimato":"1 minuto"},"schema":{"@context":"https:\/\/schema.org","@graph":[{"@type":"WebPage","@id":"https:\/\/schweizversand.ch\/it\/produkt\/motorola-kinderkopfhoehrer-moto-jr300\/","url":"https:\/\/schweizversand.ch\/it\/produkt\/motorola-kinderkopfhoehrer-moto-jr300\/","name":"Motorola Kinderkopfh\u00f6hrer MOTO JR300 | Jetzt kaufen | Schweizversand.ch","isPartOf":{"@id":"https:\/\/schweizversand.ch\/it\/#website"},"primaryImageOfPage":{"@id":"https:\/\/schweizversand.ch\/it\/produkt\/motorola-kinderkopfhoehrer-moto-jr300\/#primaryimage"},"image":{"@id":"https:\/\/schweizversand.ch\/it\/produkt\/motorola-kinderkopfhoehrer-moto-jr300\/#primaryimage"},"thumbnailUrl":"https:\/\/schweizversand.ch\/wp-content\/uploads\/2026\/02\/5471917817.jpg","datePublished":"2026-03-14T23:55:44+00:00","dateModified":"2026-04-20T00:05:24+00:00","description":"Motorola Kinderkopfh\u00f6hrer MOTO JR300 g\u00fcnstig kaufen bei Schweizversand.ch. Schnelle Lieferung in der Schweiz. Gratisversand ab CHF 50.","breadcrumb":{"@id":"https:\/\/schweizversand.ch\/it\/produkt\/motorola-kinderkopfhoehrer-moto-jr300\/#breadcrumb"},"inLanguage":"it-IT","potentialAction":[{"@type":"ReadAction","target":["https:\/\/schweizversand.ch\/it\/produkt\/motorola-kinderkopfhoehrer-moto-jr300\/"]}]},{"@type":"ImageObject","inLanguage":"it-IT","@id":"https:\/\/schweizversand.ch\/it\/produkt\/motorola-kinderkopfhoehrer-moto-jr300\/#primaryimage","url":"https:\/\/schweizversand.ch\/wp-content\/uploads\/2026\/02\/5471917817.jpg","contentUrl":"https:\/\/schweizversand.ch\/wp-content\/uploads\/2026\/02\/5471917817.jpg","width":1024,"height":582},{"@type":"BreadcrumbList","@id":"https:\/\/schweizversand.ch\/it\/produkt\/motorola-kinderkopfhoehrer-moto-jr300\/#breadcrumb","itemListElement":[{"@type":"ListItem","position":1,"name":"Startseite","item":"https:\/\/schweizversand.ch\/it\/home\/"},{"@type":"ListItem","position":2,"name":"Shop","item":"https:\/\/schweizversand.ch\/it\/shop\/"},{"@type":"ListItem","position":3,"name":"Elettronica","item":"https:\/\/schweizversand.ch\/it\/produkt-kategorie\/elettronica\/"},{"@type":"ListItem","position":4,"name":"Audio","item":"https:\/\/schweizversand.ch\/it\/produkt-kategorie\/elettronica\/audio\/"},{"@type":"ListItem","position":5,"name":"Cuffie","item":"https:\/\/schweizversand.ch\/it\/produkt-kategorie\/elettronica\/audio\/kopfhoerer\/"},{"@type":"ListItem","position":6,"name":"Cuffie per bambini Motorola MOTO JR300"}]},{"@type":"WebSite","@id":"https:\/\/schweizversand.ch\/it\/#website","url":"https:\/\/schweizversand.ch\/it\/","name":"Schweizer Shop f\u00fcr Sport, Spiel und Freizeit","description":"Gratisversand ab 50.- (netto), ab eigenem schweizer Lager, Lieferung innert 48h","publisher":{"@id":"https:\/\/schweizversand.ch\/it\/#organization"},"alternateName":"Schweizversand.ch","potentialAction":[{"@type":"SearchAction","target":{"@type":"EntryPoint","urlTemplate":"https:\/\/schweizversand.ch\/it\/?s={search_term_string}"},"query-input":{"@type":"PropertyValueSpecification","valueRequired":true,"valueName":"search_term_string"}}],"inLanguage":"it-IT"},{"@type":"Organization","@id":"https:\/\/schweizversand.ch\/it\/#organization","name":"Schweizversand.ch","url":"https:\/\/schweizversand.ch\/it\/","logo":{"@type":"ImageObject","inLanguage":"it-IT","@id":"https:\/\/schweizversand.ch\/it\/#\/schema\/logo\/image\/","url":"https:\/\/schweizversand.ch\/wp-content\/uploads\/2026\/03\/Logo_Rund_Final-1.png","contentUrl":"https:\/\/schweizversand.ch\/wp-content\/uploads\/2026\/03\/Logo_Rund_Final-1.png","width":404,"height":404,"caption":"Schweizversand.ch"},"image":{"@id":"https:\/\/schweizversand.ch\/it\/#\/schema\/logo\/image\/"},"sameAs":["https:\/\/www.facebook.com\/Schweizversand","https:\/\/www.instagram.com\/schweizversand.ch\/"]}]}},"jetpack_sharing_enabled":true,"_links":{"self":[{"href":"https:\/\/schweizversand.ch\/it\/wp-json\/wp\/v2\/product\/256611","targetHints":{"allow":["GET"]}}],"collection":[{"href":"https:\/\/schweizversand.ch\/it\/wp-json\/wp\/v2\/product"}],"about":[{"href":"https:\/\/schweizversand.ch\/it\/wp-json\/wp\/v2\/types\/product"}],"replies":[{"embeddable":true,"href":"https:\/\/schweizversand.ch\/it\/wp-json\/wp\/v2\/comments?post=256611"}],"wp:featuredmedia":[{"embeddable":true,"href":"https:\/\/schweizversand.ch\/it\/wp-json\/wp\/v2\/media\/160680"}],"wp:attachment":[{"href":"https:\/\/schweizversand.ch\/it\/wp-json\/wp\/v2\/media?parent=256611"}],"wp:term":[{"taxonomy":"product_brand","embeddable":true,"href":"https:\/\/schweizversand.ch\/it\/wp-json\/wp\/v2\/product_brand?post=256611"},{"taxonomy":"product_cat","embeddable":true,"href":"https:\/\/schweizversand.ch\/it\/wp-json\/wp\/v2\/product_cat?post=256611"},{"taxonomy":"product_tag","embeddable":true,"href":"https:\/\/schweizversand.ch\/it\/wp-json\/wp\/v2\/product_tag?post=256611"}],"curies":[{"name":"wp","href":"https:\/\/api.w.org\/{rel}","templated":true}]}}