{"id":256628,"date":"2026-03-15T00:56:28","date_gmt":"2026-03-14T23:56:28","guid":{"rendered":"https:\/\/schweizversand.ch\/produkt\/trespass-duke-x-2-in-1-hundeweste\/"},"modified":"2026-05-02T02:05:31","modified_gmt":"2026-05-02T00:05:31","slug":"trespass-duke-x-2-in-1-hundeweste","status":"publish","type":"product","link":"https:\/\/schweizversand.ch\/it\/produkt\/trespass-duke-x-2-in-1-hundeweste\/","title":{"rendered":"Trespass DUKE X &#8211; Gilet 2 in 1 per cani"},"content":{"rendered":"<p>Il gilet per cani Trespass \u00e8 la scelta ideale per proteggere il tuo fedele compagno dal freddo. Questo gilet \u00e8 appositamente progettato per offrire al tuo cane comfort e calore, indipendentemente dalle condizioni meteorologiche avverse.<\/p>\n<\/p>\n<p>Caratteristiche principali del gilet per cani Trespass:<\/p>\n<\/p>\n<p>\u2022 Questo gilet \u00e8 dotato di isolamento AirTrap, che offre un eccellente isolamento termico. Grazie a questo isolamento, il tuo cane si sentir\u00e0 sempre al caldo e al caldo, anche quando fa freddo.<\/p>\n<\/p>\n<p>\u2022 Fodera in pile rimovibile: il gilet \u00e8 dotato di una fodera in pile rimovibile, che offre ulteriore calore e il massimo comfort al tuo cane. Questa caratteristica versatile consente di adattare il gilet alle condizioni meteorologiche prevalenti.<\/p>\n<\/p>\n<p>\u2022 Impermeabile e antivento: il materiale esterno del gilet \u00e8 realizzato in 100% poliestere ripstop 600D, impermeabile e antivento. Il tuo cane rimarr\u00e0 asciutto e protetto, anche in caso di temporale o pioggia.<\/p>\n<\/p>\n<p>\u2022 Dettagli riflettenti: il gilet presenta dettagli riflettenti per migliorare la visibilit\u00e0 del tuo cane. Questo \u00e8 particolarmente importante in condizioni di scarsa illuminazione o di oscurit\u00e0 per garantire la sicurezza del tuo cane.<\/p>\n<\/p>\n<p>\u2022 Fodera: la fodera del gilet \u00e8 realizzata in pile 100% poliestere, morbido e confortevole sulla pelle, che offre ulteriore calore.<\/p>\n<\/p>\n<p>Con il gilet per cani Trespass, puoi garantire al tuo cane calore e protezione anche durante i mesi pi\u00f9 freddi. La combinazione di materiali di alta qualit\u00e0, tecnologia isolante e dettagli pratici rende questo gilet una scelta eccellente per tutti i proprietari di cani che desiderano il meglio per il loro amico a quattro zampe.<\/p>\n","protected":false},"excerpt":{"rendered":"<p>Il gilet per cani Trespass \u00e8 la scelta ideale per proteggere il tuo fedele compagno dal freddo. Questo gilet \u00e8 appositamente progettato per offrire al tuo cane comfort e calore, indipendentemente dalle condizioni meteorologiche avverse. Caratteristiche principali del gilet per cani Trespass: \u2022 Questo gilet \u00e8 dotato di isolamento AirTrap, che offre un eccellente isolamento termico. Grazie a questo isolamento, il tuo cane si sentir\u00e0 sempre al caldo e al caldo, anche quando fa freddo.&hellip;<\/p>\n","protected":false},"featured_media":162683,"comment_status":"open","ping_status":"closed","template":"","meta":[],"product_brand":[],"product_cat":[38925],"product_tag":[],"class_list":{"0":"post-256628","1":"product","2":"type-product","3":"status-publish","4":"has-post-thumbnail","6":"product_cat-hundebekleidung","7":"product_shipping_class-global_methods","9":"first","10":"instock","11":"taxable","12":"shipping-taxable","13":"purchasable","14":"product-type-simple"},"yoast_head":"<!-- This site is optimized with the Yoast SEO plugin v27.5 - https:\/\/yoast.com\/product\/yoast-seo-wordpress\/ -->\n<title>Trespass DUKE X - 2-IN-1 Hundeweste | Jetzt kaufen | Schweizversand.ch<\/title>\n<meta name=\"description\" content=\"Trespass DUKE X - 2-IN-1 Hundeweste g\u00fcnstig kaufen bei Schweizversand.ch. Schnelle Lieferung in der Schweiz. Gratisversand ab CHF 50.\" \/>\n<meta name=\"robots\" content=\"index, follow, max-snippet:-1, max-image-preview:large, max-video-preview:-1\" \/>\n<link rel=\"canonical\" href=\"https:\/\/schweizversand.ch\/it\/produkt\/trespass-duke-x-2-in-1-hundeweste\/\" \/>\n<meta property=\"og:locale\" content=\"it_IT\" \/>\n<meta property=\"og:type\" content=\"article\" \/>\n<meta property=\"og:title\" content=\"Trespass DUKE X - 2-IN-1 Hundeweste | Jetzt kaufen | Schweizversand.ch\" \/>\n<meta property=\"og:description\" content=\"Trespass DUKE X - 2-IN-1 Hundeweste g\u00fcnstig kaufen bei Schweizversand.ch. Schnelle Lieferung in der Schweiz. Gratisversand ab CHF 50.\" \/>\n<meta property=\"og:url\" content=\"https:\/\/schweizversand.ch\/it\/produkt\/trespass-duke-x-2-in-1-hundeweste\/\" \/>\n<meta property=\"og:site_name\" content=\"Schweizer Shop f\u00fcr Sport, Spiel und Freizeit\" \/>\n<meta property=\"article:publisher\" content=\"https:\/\/www.facebook.com\/Schweizversand\" \/>\n<meta property=\"article:modified_time\" content=\"2026-05-02T00:05:31+00:00\" \/>\n<meta property=\"og:image\" content=\"https:\/\/schweizversand.ch\/wp-content\/uploads\/2026\/02\/5471570642.jpg\" \/>\n\t<meta property=\"og:image:width\" content=\"1024\" \/>\n\t<meta property=\"og:image:height\" content=\"1024\" \/>\n\t<meta property=\"og:image:type\" content=\"image\/jpeg\" \/>\n<meta name=\"twitter:card\" content=\"summary_large_image\" \/>\n<meta name=\"twitter:label1\" content=\"Tempo di lettura stimato\" \/>\n\t<meta name=\"twitter:data1\" content=\"1 minuto\" \/>\n<script type=\"application\/ld+json\" class=\"yoast-schema-graph\">{\"@context\":\"https:\\\/\\\/schema.org\",\"@graph\":[{\"@type\":\"WebPage\",\"@id\":\"https:\\\/\\\/schweizversand.ch\\\/it\\\/produkt\\\/trespass-duke-x-2-in-1-hundeweste\\\/\",\"url\":\"https:\\\/\\\/schweizversand.ch\\\/it\\\/produkt\\\/trespass-duke-x-2-in-1-hundeweste\\\/\",\"name\":\"Trespass DUKE X - 2-IN-1 Hundeweste | Jetzt kaufen | Schweizversand.ch\",\"isPartOf\":{\"@id\":\"https:\\\/\\\/schweizversand.ch\\\/it\\\/#website\"},\"primaryImageOfPage\":{\"@id\":\"https:\\\/\\\/schweizversand.ch\\\/it\\\/produkt\\\/trespass-duke-x-2-in-1-hundeweste\\\/#primaryimage\"},\"image\":{\"@id\":\"https:\\\/\\\/schweizversand.ch\\\/it\\\/produkt\\\/trespass-duke-x-2-in-1-hundeweste\\\/#primaryimage\"},\"thumbnailUrl\":\"https:\\\/\\\/schweizversand.ch\\\/wp-content\\\/uploads\\\/2026\\\/02\\\/5471570642.jpg\",\"datePublished\":\"2026-03-14T23:56:28+00:00\",\"dateModified\":\"2026-05-02T00:05:31+00:00\",\"description\":\"Trespass DUKE X - 2-IN-1 Hundeweste g\u00fcnstig kaufen bei Schweizversand.ch. Schnelle Lieferung in der Schweiz. Gratisversand ab CHF 50.\",\"breadcrumb\":{\"@id\":\"https:\\\/\\\/schweizversand.ch\\\/it\\\/produkt\\\/trespass-duke-x-2-in-1-hundeweste\\\/#breadcrumb\"},\"inLanguage\":\"it-IT\",\"potentialAction\":[{\"@type\":\"ReadAction\",\"target\":[\"https:\\\/\\\/schweizversand.ch\\\/it\\\/produkt\\\/trespass-duke-x-2-in-1-hundeweste\\\/\"]}]},{\"@type\":\"ImageObject\",\"inLanguage\":\"it-IT\",\"@id\":\"https:\\\/\\\/schweizversand.ch\\\/it\\\/produkt\\\/trespass-duke-x-2-in-1-hundeweste\\\/#primaryimage\",\"url\":\"https:\\\/\\\/schweizversand.ch\\\/wp-content\\\/uploads\\\/2026\\\/02\\\/5471570642.jpg\",\"contentUrl\":\"https:\\\/\\\/schweizversand.ch\\\/wp-content\\\/uploads\\\/2026\\\/02\\\/5471570642.jpg\",\"width\":1024,\"height\":1024},{\"@type\":\"BreadcrumbList\",\"@id\":\"https:\\\/\\\/schweizversand.ch\\\/it\\\/produkt\\\/trespass-duke-x-2-in-1-hundeweste\\\/#breadcrumb\",\"itemListElement\":[{\"@type\":\"ListItem\",\"position\":1,\"name\":\"Startseite\",\"item\":\"https:\\\/\\\/schweizversand.ch\\\/it\\\/home\\\/\"},{\"@type\":\"ListItem\",\"position\":2,\"name\":\"Shop\",\"item\":\"https:\\\/\\\/schweizversand.ch\\\/it\\\/shop\\\/\"},{\"@type\":\"ListItem\",\"position\":3,\"name\":\"Prodotti per animali domestici\",\"item\":\"https:\\\/\\\/schweizversand.ch\\\/it\\\/produkt-kategorie\\\/articoli-per-animali-domestici\\\/\"},{\"@type\":\"ListItem\",\"position\":4,\"name\":\"Cane\",\"item\":\"https:\\\/\\\/schweizversand.ch\\\/it\\\/produkt-kategorie\\\/articoli-per-animali-domestici\\\/cani\\\/\"},{\"@type\":\"ListItem\",\"position\":5,\"name\":\"Abbigliamento per cani\",\"item\":\"https:\\\/\\\/schweizversand.ch\\\/it\\\/produkt-kategorie\\\/articoli-per-animali-domestici\\\/cani\\\/hundebekleidung\\\/\"},{\"@type\":\"ListItem\",\"position\":6,\"name\":\"Trespass DUKE X &#8211; Gilet 2 in 1 per cani\"}]},{\"@type\":\"WebSite\",\"@id\":\"https:\\\/\\\/schweizversand.ch\\\/it\\\/#website\",\"url\":\"https:\\\/\\\/schweizversand.ch\\\/it\\\/\",\"name\":\"Schweizer Shop f\u00fcr Sport, Spiel und Freizeit\",\"description\":\"Gratisversand ab 50.- (netto), ab eigenem schweizer Lager, Lieferung innert 48h\",\"publisher\":{\"@id\":\"https:\\\/\\\/schweizversand.ch\\\/it\\\/#organization\"},\"alternateName\":\"Schweizversand.ch\",\"potentialAction\":[{\"@type\":\"SearchAction\",\"target\":{\"@type\":\"EntryPoint\",\"urlTemplate\":\"https:\\\/\\\/schweizversand.ch\\\/it\\\/?s={search_term_string}\"},\"query-input\":{\"@type\":\"PropertyValueSpecification\",\"valueRequired\":true,\"valueName\":\"search_term_string\"}}],\"inLanguage\":\"it-IT\"},{\"@type\":\"Organization\",\"@id\":\"https:\\\/\\\/schweizversand.ch\\\/it\\\/#organization\",\"name\":\"Schweizversand.ch\",\"url\":\"https:\\\/\\\/schweizversand.ch\\\/it\\\/\",\"logo\":{\"@type\":\"ImageObject\",\"inLanguage\":\"it-IT\",\"@id\":\"https:\\\/\\\/schweizversand.ch\\\/it\\\/#\\\/schema\\\/logo\\\/image\\\/\",\"url\":\"https:\\\/\\\/schweizversand.ch\\\/wp-content\\\/uploads\\\/2026\\\/03\\\/Logo_Rund_Final-1.png\",\"contentUrl\":\"https:\\\/\\\/schweizversand.ch\\\/wp-content\\\/uploads\\\/2026\\\/03\\\/Logo_Rund_Final-1.png\",\"width\":404,\"height\":404,\"caption\":\"Schweizversand.ch\"},\"image\":{\"@id\":\"https:\\\/\\\/schweizversand.ch\\\/it\\\/#\\\/schema\\\/logo\\\/image\\\/\"},\"sameAs\":[\"https:\\\/\\\/www.facebook.com\\\/Schweizversand\",\"https:\\\/\\\/www.instagram.com\\\/schweizversand.ch\\\/\"]}]}<\/script>\n<!-- \/ Yoast SEO plugin. -->","yoast_head_json":{"title":"Trespass DUKE X - 2-IN-1 Hundeweste | Jetzt kaufen | Schweizversand.ch","description":"Trespass DUKE X - 2-IN-1 Hundeweste g\u00fcnstig kaufen bei Schweizversand.ch. Schnelle Lieferung in der Schweiz. Gratisversand ab CHF 50.","robots":{"index":"index","follow":"follow","max-snippet":"max-snippet:-1","max-image-preview":"max-image-preview:large","max-video-preview":"max-video-preview:-1"},"canonical":"https:\/\/schweizversand.ch\/it\/produkt\/trespass-duke-x-2-in-1-hundeweste\/","og_locale":"it_IT","og_type":"article","og_title":"Trespass DUKE X - 2-IN-1 Hundeweste | Jetzt kaufen | Schweizversand.ch","og_description":"Trespass DUKE X - 2-IN-1 Hundeweste g\u00fcnstig kaufen bei Schweizversand.ch. Schnelle Lieferung in der Schweiz. Gratisversand ab CHF 50.","og_url":"https:\/\/schweizversand.ch\/it\/produkt\/trespass-duke-x-2-in-1-hundeweste\/","og_site_name":"Schweizer Shop f\u00fcr Sport, Spiel und Freizeit","article_publisher":"https:\/\/www.facebook.com\/Schweizversand","article_modified_time":"2026-05-02T00:05:31+00:00","og_image":[{"width":1024,"height":1024,"url":"https:\/\/schweizversand.ch\/wp-content\/uploads\/2026\/02\/5471570642.jpg","type":"image\/jpeg"}],"twitter_card":"summary_large_image","twitter_misc":{"Tempo di lettura stimato":"1 minuto"},"schema":{"@context":"https:\/\/schema.org","@graph":[{"@type":"WebPage","@id":"https:\/\/schweizversand.ch\/it\/produkt\/trespass-duke-x-2-in-1-hundeweste\/","url":"https:\/\/schweizversand.ch\/it\/produkt\/trespass-duke-x-2-in-1-hundeweste\/","name":"Trespass DUKE X - 2-IN-1 Hundeweste | Jetzt kaufen | Schweizversand.ch","isPartOf":{"@id":"https:\/\/schweizversand.ch\/it\/#website"},"primaryImageOfPage":{"@id":"https:\/\/schweizversand.ch\/it\/produkt\/trespass-duke-x-2-in-1-hundeweste\/#primaryimage"},"image":{"@id":"https:\/\/schweizversand.ch\/it\/produkt\/trespass-duke-x-2-in-1-hundeweste\/#primaryimage"},"thumbnailUrl":"https:\/\/schweizversand.ch\/wp-content\/uploads\/2026\/02\/5471570642.jpg","datePublished":"2026-03-14T23:56:28+00:00","dateModified":"2026-05-02T00:05:31+00:00","description":"Trespass DUKE X - 2-IN-1 Hundeweste g\u00fcnstig kaufen bei Schweizversand.ch. Schnelle Lieferung in der Schweiz. Gratisversand ab CHF 50.","breadcrumb":{"@id":"https:\/\/schweizversand.ch\/it\/produkt\/trespass-duke-x-2-in-1-hundeweste\/#breadcrumb"},"inLanguage":"it-IT","potentialAction":[{"@type":"ReadAction","target":["https:\/\/schweizversand.ch\/it\/produkt\/trespass-duke-x-2-in-1-hundeweste\/"]}]},{"@type":"ImageObject","inLanguage":"it-IT","@id":"https:\/\/schweizversand.ch\/it\/produkt\/trespass-duke-x-2-in-1-hundeweste\/#primaryimage","url":"https:\/\/schweizversand.ch\/wp-content\/uploads\/2026\/02\/5471570642.jpg","contentUrl":"https:\/\/schweizversand.ch\/wp-content\/uploads\/2026\/02\/5471570642.jpg","width":1024,"height":1024},{"@type":"BreadcrumbList","@id":"https:\/\/schweizversand.ch\/it\/produkt\/trespass-duke-x-2-in-1-hundeweste\/#breadcrumb","itemListElement":[{"@type":"ListItem","position":1,"name":"Startseite","item":"https:\/\/schweizversand.ch\/it\/home\/"},{"@type":"ListItem","position":2,"name":"Shop","item":"https:\/\/schweizversand.ch\/it\/shop\/"},{"@type":"ListItem","position":3,"name":"Prodotti per animali domestici","item":"https:\/\/schweizversand.ch\/it\/produkt-kategorie\/articoli-per-animali-domestici\/"},{"@type":"ListItem","position":4,"name":"Cane","item":"https:\/\/schweizversand.ch\/it\/produkt-kategorie\/articoli-per-animali-domestici\/cani\/"},{"@type":"ListItem","position":5,"name":"Abbigliamento per cani","item":"https:\/\/schweizversand.ch\/it\/produkt-kategorie\/articoli-per-animali-domestici\/cani\/hundebekleidung\/"},{"@type":"ListItem","position":6,"name":"Trespass DUKE X &#8211; Gilet 2 in 1 per cani"}]},{"@type":"WebSite","@id":"https:\/\/schweizversand.ch\/it\/#website","url":"https:\/\/schweizversand.ch\/it\/","name":"Schweizer Shop f\u00fcr Sport, Spiel und Freizeit","description":"Gratisversand ab 50.- (netto), ab eigenem schweizer Lager, Lieferung innert 48h","publisher":{"@id":"https:\/\/schweizversand.ch\/it\/#organization"},"alternateName":"Schweizversand.ch","potentialAction":[{"@type":"SearchAction","target":{"@type":"EntryPoint","urlTemplate":"https:\/\/schweizversand.ch\/it\/?s={search_term_string}"},"query-input":{"@type":"PropertyValueSpecification","valueRequired":true,"valueName":"search_term_string"}}],"inLanguage":"it-IT"},{"@type":"Organization","@id":"https:\/\/schweizversand.ch\/it\/#organization","name":"Schweizversand.ch","url":"https:\/\/schweizversand.ch\/it\/","logo":{"@type":"ImageObject","inLanguage":"it-IT","@id":"https:\/\/schweizversand.ch\/it\/#\/schema\/logo\/image\/","url":"https:\/\/schweizversand.ch\/wp-content\/uploads\/2026\/03\/Logo_Rund_Final-1.png","contentUrl":"https:\/\/schweizversand.ch\/wp-content\/uploads\/2026\/03\/Logo_Rund_Final-1.png","width":404,"height":404,"caption":"Schweizversand.ch"},"image":{"@id":"https:\/\/schweizversand.ch\/it\/#\/schema\/logo\/image\/"},"sameAs":["https:\/\/www.facebook.com\/Schweizversand","https:\/\/www.instagram.com\/schweizversand.ch\/"]}]}},"jetpack_sharing_enabled":true,"_links":{"self":[{"href":"https:\/\/schweizversand.ch\/it\/wp-json\/wp\/v2\/product\/256628","targetHints":{"allow":["GET"]}}],"collection":[{"href":"https:\/\/schweizversand.ch\/it\/wp-json\/wp\/v2\/product"}],"about":[{"href":"https:\/\/schweizversand.ch\/it\/wp-json\/wp\/v2\/types\/product"}],"replies":[{"embeddable":true,"href":"https:\/\/schweizversand.ch\/it\/wp-json\/wp\/v2\/comments?post=256628"}],"wp:featuredmedia":[{"embeddable":true,"href":"https:\/\/schweizversand.ch\/it\/wp-json\/wp\/v2\/media\/162683"}],"wp:attachment":[{"href":"https:\/\/schweizversand.ch\/it\/wp-json\/wp\/v2\/media?parent=256628"}],"wp:term":[{"taxonomy":"product_brand","embeddable":true,"href":"https:\/\/schweizversand.ch\/it\/wp-json\/wp\/v2\/product_brand?post=256628"},{"taxonomy":"product_cat","embeddable":true,"href":"https:\/\/schweizversand.ch\/it\/wp-json\/wp\/v2\/product_cat?post=256628"},{"taxonomy":"product_tag","embeddable":true,"href":"https:\/\/schweizversand.ch\/it\/wp-json\/wp\/v2\/product_tag?post=256628"}],"curies":[{"name":"wp","href":"https:\/\/api.w.org\/{rel}","templated":true}]}}