{"id":256720,"date":"2026-03-15T00:57:28","date_gmt":"2026-03-14T23:57:28","guid":{"rendered":"https:\/\/schweizversand.ch\/produkt\/new-era-chicago-white-sox-9fifty-mlb-baseballmuetze\/"},"modified":"2026-04-21T15:37:11","modified_gmt":"2026-04-21T13:37:11","slug":"new-era-chicago-white-sox-9fifty-mlb-baseballmuetze","status":"publish","type":"product","link":"https:\/\/schweizversand.ch\/it\/produkt\/new-era-chicago-white-sox-9fifty-mlb-baseballmuetze\/","title":{"rendered":"Cappellino da baseball MLB New Era Chicago White Sox 9FIFTY"},"content":{"rendered":"<h1><strong>New Era 9FIFTY Snapback &#8211; Cappellino da baseball dei Chicago White Sox<\/strong><\/h1>\n<div>Fai una dichiarazione audace con il <strong>Cappellino New Era 9FIFTY dei Chicago White Sox<\/strong>. Questo iconico cappellino da baseball MLB combina un design classico con uno stile street moderno ed \u00e8 l&#8217;accessorio perfetto per i tifosi e gli amanti della moda urbana.<\/p>\n<\/div>\n<div><strong>Design e comfort<\/strong><br \/>Questo cappellino New Era Snapback della popolare serie 9FIFTY \u00e8 un vero colpo d&#8217;occhio. Realizzato in <strong>100% cotone<\/strong>, offre comfort e resistenza superiori. Il sorprendente logo dei Chicago White Sox ricamato ad alto contrasto sul davanti mostra con stile l&#8217;appartenenza alla tua squadra.<\/p>\n<\/div>\n<div><strong>Vestibilit\u00e0 e stile perfetti<\/strong><br \/>Il cappellino \u00e8 dotato di una chiusura snapback regolabile, che garantisce una <strong>vestibilit\u00e0 perfetta<\/strong> per qualsiasi dimensione della testa. La visiera piatta enfatizza il look moderno e rende questo cappellino un elemento essenziale del tuo outfit. Che sia allo stadio o nella vita di tutti i giorni, questo cappellino da baseball da uomo ti permette di mostrare il tuo senso dello stile. Caratteristiche e dettagli del prodotto: &#8211; Cappellino snapback ufficiale New Era 9FIFTY &#8211; Chiusura snapback regolabile per una vestibilit\u00e0 personalizzata &#8211; Visiera piatta con un moderno look streetwear &#8211; Ricamo di alta qualit\u00e0 dei Chicago White Sox (merchandising dei Chicago White Sox) &#8211; Materiale: 100% cotone, traspirante e confortevole. Acquista subito questo must-have e mostra lo spirito della tua squadra con questo cappellino New Era 9FIFTY di alta qualit\u00e0.<\/p>\n","protected":false},"excerpt":{"rendered":"<p>New Era 9FIFTY Snapback &#8211; Cappellino da baseball dei Chicago White Sox Fai una dichiarazione audace con il Cappellino New Era 9FIFTY dei Chicago White Sox. Questo iconico cappellino da baseball MLB combina un design classico con uno stile street moderno ed \u00e8 l&#8217;accessorio perfetto per i tifosi e gli amanti della moda urbana. Design e comfortQuesto cappellino New Era Snapback della popolare serie 9FIFTY \u00e8 un vero colpo d&#8217;occhio. Realizzato in 100% cotone, offre&hellip;<\/p>\n","protected":false},"featured_media":166052,"comment_status":"open","ping_status":"closed","template":"","meta":[],"product_brand":[],"product_cat":[38196],"product_tag":[],"class_list":{"0":"post-256720","1":"product","2":"type-product","3":"status-publish","4":"has-post-thumbnail","6":"product_cat-kopfbedeckung","7":"product_shipping_class-global_methods","9":"first","10":"instock","11":"taxable","12":"shipping-taxable","13":"purchasable","14":"product-type-simple"},"yoast_head":"<!-- This site is optimized with the Yoast SEO plugin v27.4 - https:\/\/yoast.com\/product\/yoast-seo-wordpress\/ -->\n<title>New Era Chicago White Sox 9FIFTY MLB Baseballm\u00fctze | Jetzt kaufen | Schweizversand.ch<\/title>\n<meta name=\"description\" content=\"New Era Chicago White Sox 9FIFTY MLB Baseballm\u00fctze g\u00fcnstig kaufen bei Schweizversand.ch. Schnelle Lieferung in der Schweiz. Gratisversand ab CHF 50.\" \/>\n<meta name=\"robots\" content=\"index, follow, max-snippet:-1, max-image-preview:large, max-video-preview:-1\" \/>\n<link rel=\"canonical\" href=\"https:\/\/schweizversand.ch\/it\/produkt\/new-era-chicago-white-sox-9fifty-mlb-baseballmuetze\/\" \/>\n<meta property=\"og:locale\" content=\"it_IT\" \/>\n<meta property=\"og:type\" content=\"article\" \/>\n<meta property=\"og:title\" content=\"New Era Chicago White Sox 9FIFTY MLB Baseballm\u00fctze | Jetzt kaufen | Schweizversand.ch\" \/>\n<meta property=\"og:description\" content=\"New Era Chicago White Sox 9FIFTY MLB Baseballm\u00fctze g\u00fcnstig kaufen bei Schweizversand.ch. Schnelle Lieferung in der Schweiz. Gratisversand ab CHF 50.\" \/>\n<meta property=\"og:url\" content=\"https:\/\/schweizversand.ch\/it\/produkt\/new-era-chicago-white-sox-9fifty-mlb-baseballmuetze\/\" \/>\n<meta property=\"og:site_name\" content=\"Schweizer Shop f\u00fcr Sport, Spiel und Freizeit\" \/>\n<meta property=\"article:publisher\" content=\"https:\/\/www.facebook.com\/Schweizversand\" \/>\n<meta property=\"article:modified_time\" content=\"2026-04-21T13:37:11+00:00\" \/>\n<meta property=\"og:image\" content=\"https:\/\/schweizversand.ch\/wp-content\/uploads\/2026\/02\/5471867753.jpg\" \/>\n\t<meta property=\"og:image:width\" content=\"771\" \/>\n\t<meta property=\"og:image:height\" content=\"1024\" \/>\n\t<meta property=\"og:image:type\" content=\"image\/jpeg\" \/>\n<meta name=\"twitter:card\" content=\"summary_large_image\" \/>\n<meta name=\"twitter:label1\" content=\"Tempo di lettura stimato\" \/>\n\t<meta name=\"twitter:data1\" content=\"1 minuto\" \/>\n<script type=\"application\/ld+json\" class=\"yoast-schema-graph\">{\"@context\":\"https:\\\/\\\/schema.org\",\"@graph\":[{\"@type\":\"WebPage\",\"@id\":\"https:\\\/\\\/schweizversand.ch\\\/it\\\/produkt\\\/new-era-chicago-white-sox-9fifty-mlb-baseballmuetze\\\/\",\"url\":\"https:\\\/\\\/schweizversand.ch\\\/it\\\/produkt\\\/new-era-chicago-white-sox-9fifty-mlb-baseballmuetze\\\/\",\"name\":\"New Era Chicago White Sox 9FIFTY MLB Baseballm\u00fctze | Jetzt kaufen | Schweizversand.ch\",\"isPartOf\":{\"@id\":\"https:\\\/\\\/schweizversand.ch\\\/it\\\/#website\"},\"primaryImageOfPage\":{\"@id\":\"https:\\\/\\\/schweizversand.ch\\\/it\\\/produkt\\\/new-era-chicago-white-sox-9fifty-mlb-baseballmuetze\\\/#primaryimage\"},\"image\":{\"@id\":\"https:\\\/\\\/schweizversand.ch\\\/it\\\/produkt\\\/new-era-chicago-white-sox-9fifty-mlb-baseballmuetze\\\/#primaryimage\"},\"thumbnailUrl\":\"https:\\\/\\\/schweizversand.ch\\\/wp-content\\\/uploads\\\/2026\\\/02\\\/5471867753.jpg\",\"datePublished\":\"2026-03-14T23:57:28+00:00\",\"dateModified\":\"2026-04-21T13:37:11+00:00\",\"description\":\"New Era Chicago White Sox 9FIFTY MLB Baseballm\u00fctze g\u00fcnstig kaufen bei Schweizversand.ch. Schnelle Lieferung in der Schweiz. Gratisversand ab CHF 50.\",\"breadcrumb\":{\"@id\":\"https:\\\/\\\/schweizversand.ch\\\/it\\\/produkt\\\/new-era-chicago-white-sox-9fifty-mlb-baseballmuetze\\\/#breadcrumb\"},\"inLanguage\":\"it-IT\",\"potentialAction\":[{\"@type\":\"ReadAction\",\"target\":[\"https:\\\/\\\/schweizversand.ch\\\/it\\\/produkt\\\/new-era-chicago-white-sox-9fifty-mlb-baseballmuetze\\\/\"]}]},{\"@type\":\"ImageObject\",\"inLanguage\":\"it-IT\",\"@id\":\"https:\\\/\\\/schweizversand.ch\\\/it\\\/produkt\\\/new-era-chicago-white-sox-9fifty-mlb-baseballmuetze\\\/#primaryimage\",\"url\":\"https:\\\/\\\/schweizversand.ch\\\/wp-content\\\/uploads\\\/2026\\\/02\\\/5471867753.jpg\",\"contentUrl\":\"https:\\\/\\\/schweizversand.ch\\\/wp-content\\\/uploads\\\/2026\\\/02\\\/5471867753.jpg\",\"width\":771,\"height\":1024},{\"@type\":\"BreadcrumbList\",\"@id\":\"https:\\\/\\\/schweizversand.ch\\\/it\\\/produkt\\\/new-era-chicago-white-sox-9fifty-mlb-baseballmuetze\\\/#breadcrumb\",\"itemListElement\":[{\"@type\":\"ListItem\",\"position\":1,\"name\":\"Startseite\",\"item\":\"https:\\\/\\\/schweizversand.ch\\\/it\\\/home\\\/\"},{\"@type\":\"ListItem\",\"position\":2,\"name\":\"Shop\",\"item\":\"https:\\\/\\\/schweizversand.ch\\\/it\\\/shop\\\/\"},{\"@type\":\"ListItem\",\"position\":3,\"name\":\"Moda\",\"item\":\"https:\\\/\\\/schweizversand.ch\\\/it\\\/produkt-kategorie\\\/moda\\\/\"},{\"@type\":\"ListItem\",\"position\":4,\"name\":\"Accessori moda\",\"item\":\"https:\\\/\\\/schweizversand.ch\\\/it\\\/produkt-kategorie\\\/moda\\\/accessori-moda\\\/\"},{\"@type\":\"ListItem\",\"position\":5,\"name\":\"Copricapi\",\"item\":\"https:\\\/\\\/schweizversand.ch\\\/it\\\/produkt-kategorie\\\/moda\\\/accessori-moda\\\/kopfbedeckung\\\/\"},{\"@type\":\"ListItem\",\"position\":6,\"name\":\"Cappellino da baseball MLB New Era Chicago White Sox 9FIFTY\"}]},{\"@type\":\"WebSite\",\"@id\":\"https:\\\/\\\/schweizversand.ch\\\/it\\\/#website\",\"url\":\"https:\\\/\\\/schweizversand.ch\\\/it\\\/\",\"name\":\"Schweizer Shop f\u00fcr Sport, Spiel und Freizeit\",\"description\":\"Gratisversand ab 50.- (netto), ab eigenem schweizer Lager, Lieferung innert 48h\",\"publisher\":{\"@id\":\"https:\\\/\\\/schweizversand.ch\\\/it\\\/#organization\"},\"alternateName\":\"Schweizversand.ch\",\"potentialAction\":[{\"@type\":\"SearchAction\",\"target\":{\"@type\":\"EntryPoint\",\"urlTemplate\":\"https:\\\/\\\/schweizversand.ch\\\/it\\\/?s={search_term_string}\"},\"query-input\":{\"@type\":\"PropertyValueSpecification\",\"valueRequired\":true,\"valueName\":\"search_term_string\"}}],\"inLanguage\":\"it-IT\"},{\"@type\":\"Organization\",\"@id\":\"https:\\\/\\\/schweizversand.ch\\\/it\\\/#organization\",\"name\":\"Schweizversand.ch\",\"url\":\"https:\\\/\\\/schweizversand.ch\\\/it\\\/\",\"logo\":{\"@type\":\"ImageObject\",\"inLanguage\":\"it-IT\",\"@id\":\"https:\\\/\\\/schweizversand.ch\\\/it\\\/#\\\/schema\\\/logo\\\/image\\\/\",\"url\":\"https:\\\/\\\/schweizversand.ch\\\/wp-content\\\/uploads\\\/2026\\\/03\\\/Logo_Rund_Final-1.png\",\"contentUrl\":\"https:\\\/\\\/schweizversand.ch\\\/wp-content\\\/uploads\\\/2026\\\/03\\\/Logo_Rund_Final-1.png\",\"width\":404,\"height\":404,\"caption\":\"Schweizversand.ch\"},\"image\":{\"@id\":\"https:\\\/\\\/schweizversand.ch\\\/it\\\/#\\\/schema\\\/logo\\\/image\\\/\"},\"sameAs\":[\"https:\\\/\\\/www.facebook.com\\\/Schweizversand\",\"https:\\\/\\\/www.instagram.com\\\/schweizversand.ch\\\/\"]}]}<\/script>\n<!-- \/ Yoast SEO plugin. -->","yoast_head_json":{"title":"New Era Chicago White Sox 9FIFTY MLB Baseballm\u00fctze | Jetzt kaufen | Schweizversand.ch","description":"New Era Chicago White Sox 9FIFTY MLB Baseballm\u00fctze g\u00fcnstig kaufen bei Schweizversand.ch. Schnelle Lieferung in der Schweiz. Gratisversand ab CHF 50.","robots":{"index":"index","follow":"follow","max-snippet":"max-snippet:-1","max-image-preview":"max-image-preview:large","max-video-preview":"max-video-preview:-1"},"canonical":"https:\/\/schweizversand.ch\/it\/produkt\/new-era-chicago-white-sox-9fifty-mlb-baseballmuetze\/","og_locale":"it_IT","og_type":"article","og_title":"New Era Chicago White Sox 9FIFTY MLB Baseballm\u00fctze | Jetzt kaufen | Schweizversand.ch","og_description":"New Era Chicago White Sox 9FIFTY MLB Baseballm\u00fctze g\u00fcnstig kaufen bei Schweizversand.ch. Schnelle Lieferung in der Schweiz. Gratisversand ab CHF 50.","og_url":"https:\/\/schweizversand.ch\/it\/produkt\/new-era-chicago-white-sox-9fifty-mlb-baseballmuetze\/","og_site_name":"Schweizer Shop f\u00fcr Sport, Spiel und Freizeit","article_publisher":"https:\/\/www.facebook.com\/Schweizversand","article_modified_time":"2026-04-21T13:37:11+00:00","og_image":[{"width":771,"height":1024,"url":"https:\/\/schweizversand.ch\/wp-content\/uploads\/2026\/02\/5471867753.jpg","type":"image\/jpeg"}],"twitter_card":"summary_large_image","twitter_misc":{"Tempo di lettura stimato":"1 minuto"},"schema":{"@context":"https:\/\/schema.org","@graph":[{"@type":"WebPage","@id":"https:\/\/schweizversand.ch\/it\/produkt\/new-era-chicago-white-sox-9fifty-mlb-baseballmuetze\/","url":"https:\/\/schweizversand.ch\/it\/produkt\/new-era-chicago-white-sox-9fifty-mlb-baseballmuetze\/","name":"New Era Chicago White Sox 9FIFTY MLB Baseballm\u00fctze | Jetzt kaufen | Schweizversand.ch","isPartOf":{"@id":"https:\/\/schweizversand.ch\/it\/#website"},"primaryImageOfPage":{"@id":"https:\/\/schweizversand.ch\/it\/produkt\/new-era-chicago-white-sox-9fifty-mlb-baseballmuetze\/#primaryimage"},"image":{"@id":"https:\/\/schweizversand.ch\/it\/produkt\/new-era-chicago-white-sox-9fifty-mlb-baseballmuetze\/#primaryimage"},"thumbnailUrl":"https:\/\/schweizversand.ch\/wp-content\/uploads\/2026\/02\/5471867753.jpg","datePublished":"2026-03-14T23:57:28+00:00","dateModified":"2026-04-21T13:37:11+00:00","description":"New Era Chicago White Sox 9FIFTY MLB Baseballm\u00fctze g\u00fcnstig kaufen bei Schweizversand.ch. Schnelle Lieferung in der Schweiz. Gratisversand ab CHF 50.","breadcrumb":{"@id":"https:\/\/schweizversand.ch\/it\/produkt\/new-era-chicago-white-sox-9fifty-mlb-baseballmuetze\/#breadcrumb"},"inLanguage":"it-IT","potentialAction":[{"@type":"ReadAction","target":["https:\/\/schweizversand.ch\/it\/produkt\/new-era-chicago-white-sox-9fifty-mlb-baseballmuetze\/"]}]},{"@type":"ImageObject","inLanguage":"it-IT","@id":"https:\/\/schweizversand.ch\/it\/produkt\/new-era-chicago-white-sox-9fifty-mlb-baseballmuetze\/#primaryimage","url":"https:\/\/schweizversand.ch\/wp-content\/uploads\/2026\/02\/5471867753.jpg","contentUrl":"https:\/\/schweizversand.ch\/wp-content\/uploads\/2026\/02\/5471867753.jpg","width":771,"height":1024},{"@type":"BreadcrumbList","@id":"https:\/\/schweizversand.ch\/it\/produkt\/new-era-chicago-white-sox-9fifty-mlb-baseballmuetze\/#breadcrumb","itemListElement":[{"@type":"ListItem","position":1,"name":"Startseite","item":"https:\/\/schweizversand.ch\/it\/home\/"},{"@type":"ListItem","position":2,"name":"Shop","item":"https:\/\/schweizversand.ch\/it\/shop\/"},{"@type":"ListItem","position":3,"name":"Moda","item":"https:\/\/schweizversand.ch\/it\/produkt-kategorie\/moda\/"},{"@type":"ListItem","position":4,"name":"Accessori moda","item":"https:\/\/schweizversand.ch\/it\/produkt-kategorie\/moda\/accessori-moda\/"},{"@type":"ListItem","position":5,"name":"Copricapi","item":"https:\/\/schweizversand.ch\/it\/produkt-kategorie\/moda\/accessori-moda\/kopfbedeckung\/"},{"@type":"ListItem","position":6,"name":"Cappellino da baseball MLB New Era Chicago White Sox 9FIFTY"}]},{"@type":"WebSite","@id":"https:\/\/schweizversand.ch\/it\/#website","url":"https:\/\/schweizversand.ch\/it\/","name":"Schweizer Shop f\u00fcr Sport, Spiel und Freizeit","description":"Gratisversand ab 50.- (netto), ab eigenem schweizer Lager, Lieferung innert 48h","publisher":{"@id":"https:\/\/schweizversand.ch\/it\/#organization"},"alternateName":"Schweizversand.ch","potentialAction":[{"@type":"SearchAction","target":{"@type":"EntryPoint","urlTemplate":"https:\/\/schweizversand.ch\/it\/?s={search_term_string}"},"query-input":{"@type":"PropertyValueSpecification","valueRequired":true,"valueName":"search_term_string"}}],"inLanguage":"it-IT"},{"@type":"Organization","@id":"https:\/\/schweizversand.ch\/it\/#organization","name":"Schweizversand.ch","url":"https:\/\/schweizversand.ch\/it\/","logo":{"@type":"ImageObject","inLanguage":"it-IT","@id":"https:\/\/schweizversand.ch\/it\/#\/schema\/logo\/image\/","url":"https:\/\/schweizversand.ch\/wp-content\/uploads\/2026\/03\/Logo_Rund_Final-1.png","contentUrl":"https:\/\/schweizversand.ch\/wp-content\/uploads\/2026\/03\/Logo_Rund_Final-1.png","width":404,"height":404,"caption":"Schweizversand.ch"},"image":{"@id":"https:\/\/schweizversand.ch\/it\/#\/schema\/logo\/image\/"},"sameAs":["https:\/\/www.facebook.com\/Schweizversand","https:\/\/www.instagram.com\/schweizversand.ch\/"]}]}},"jetpack_sharing_enabled":true,"_links":{"self":[{"href":"https:\/\/schweizversand.ch\/it\/wp-json\/wp\/v2\/product\/256720","targetHints":{"allow":["GET"]}}],"collection":[{"href":"https:\/\/schweizversand.ch\/it\/wp-json\/wp\/v2\/product"}],"about":[{"href":"https:\/\/schweizversand.ch\/it\/wp-json\/wp\/v2\/types\/product"}],"replies":[{"embeddable":true,"href":"https:\/\/schweizversand.ch\/it\/wp-json\/wp\/v2\/comments?post=256720"}],"wp:featuredmedia":[{"embeddable":true,"href":"https:\/\/schweizversand.ch\/it\/wp-json\/wp\/v2\/media\/166052"}],"wp:attachment":[{"href":"https:\/\/schweizversand.ch\/it\/wp-json\/wp\/v2\/media?parent=256720"}],"wp:term":[{"taxonomy":"product_brand","embeddable":true,"href":"https:\/\/schweizversand.ch\/it\/wp-json\/wp\/v2\/product_brand?post=256720"},{"taxonomy":"product_cat","embeddable":true,"href":"https:\/\/schweizversand.ch\/it\/wp-json\/wp\/v2\/product_cat?post=256720"},{"taxonomy":"product_tag","embeddable":true,"href":"https:\/\/schweizversand.ch\/it\/wp-json\/wp\/v2\/product_tag?post=256720"}],"curies":[{"name":"wp","href":"https:\/\/api.w.org\/{rel}","templated":true}]}}