{"id":256726,"date":"2026-03-15T00:57:32","date_gmt":"2026-03-14T23:57:32","guid":{"rendered":"https:\/\/schweizversand.ch\/produkt\/jazwares-devseries-ueberraschungsfiguren\/"},"modified":"2026-04-22T15:37:27","modified_gmt":"2026-04-22T13:37:27","slug":"jazwares-devseries-ueberraschungsfiguren","status":"publish","type":"product","link":"https:\/\/schweizversand.ch\/it\/produkt\/jazwares-devseries-ueberraschungsfiguren\/","title":{"rendered":"Le cifre sorprendenti di DevSeries di Jazware"},"content":{"rendered":"<p>DevSeries Surprise Figures: la tua esperienza di gioco definitiva!<\/p>\n<p>Immergiti nel mondo delle DevSeries Surprise Figures e scopri i fantastici personaggi dei tuoi giochi preferiti! Ogni bustina a sorpresa contiene una delle 12 esclusive figure, alte circa 7 cm, raffiguranti personaggi unici provenienti da diversi mondi di gioco popolari. Chi sar\u00e0 il tuo nuovo compagno di giochi?<\/p>\n<p>Dettagli magici:<\/p>\n<p>\u2022 12 personaggi diversi: scopri quali delle 12 fantastiche figure troverai nella tua bustina a sorpresa! Che si tratti del Cowboy, dell&#8217;Ufficiale e del Dottore di Brookhaven, del Pirata e del Mafioso di Arsenal Reloaded o di Emma e Jake di Hide and Seek Extreme, ogni personaggio ha il suo fascino unico.<\/p>\n<p>\u2022 Figure combinabili: tutte le figure sono progettate in modo da poterle combinare e combinare per creare il tuo personaggio personale e vivere nuove ed entusiasmanti avventure.<\/p>\n<p>\u2022 Codice esclusivo per oggetti virtuali: ogni bustina a sorpresa contiene un codice virtuale che sblocca contenuti di gioco esclusivi per il rispettivo personaggio. In questo modo, non solo otterrai una fantastica statuetta, ma anche fantastici extra per il tuo gioco.<\/p>\n<p>\u2022 Prodotto con licenza ufficiale: queste statuette sono ufficialmente autorizzate da Jazwares e garantiscono un&#8217;elevata qualit\u00e0.<\/p>\n<p>\u2022 Per veri collezionisti e giocatori:<\/p>\n<p>\u2022 Oggetto da collezione perfetto: colleziona tutte e 12 le statuette e mostra il tuo amore per gli sviluppatori del gioco e i loro fantastici personaggi.<\/p>\n<p>\u2022 Divertimento per tutti dai 6 anni in su: queste statuette sono ideali per i giocatori che desiderano ampliare la propria collezione e rendere il gioco ancora pi\u00f9 emozionante con oggetti virtuali.<\/p>\n<p>Contenuto:<\/p>\n<p>\u2022 1 statuetta a sorpresa DevSeries (scelta a caso)<\/p>\n<p>Entra a far parte del mondo DevSeries e ottieni le statuette a sorpresa per un&#8217;esperienza di gioco definitiva!<\/p>\n","protected":false},"excerpt":{"rendered":"<p>DevSeries Surprise Figures: la tua esperienza di gioco definitiva! Immergiti nel mondo delle DevSeries Surprise Figures e scopri i fantastici personaggi dei tuoi giochi preferiti! Ogni bustina a sorpresa contiene una delle 12 esclusive figure, alte circa 7 cm, raffiguranti personaggi unici provenienti da diversi mondi di gioco popolari. Chi sar\u00e0 il tuo nuovo compagno di giochi? Dettagli magici: \u2022 12 personaggi diversi: scopri quali delle 12 fantastiche figure troverai nella tua bustina a sorpresa!&hellip;<\/p>\n","protected":false},"featured_media":166209,"comment_status":"open","ping_status":"closed","template":"","meta":[],"product_brand":[],"product_cat":[38183],"product_tag":[],"class_list":{"0":"post-256726","1":"product","2":"type-product","3":"status-publish","4":"has-post-thumbnail","6":"product_cat-spielzeugfigur-roboter","7":"product_shipping_class-global_methods","9":"first","10":"instock","11":"taxable","12":"shipping-taxable","13":"purchasable","14":"product-type-simple"},"yoast_head":"<!-- This site is optimized with the Yoast SEO plugin v27.4 - https:\/\/yoast.com\/product\/yoast-seo-wordpress\/ -->\n<title>Jazwares DevSeries \u00dcberraschungsfiguren | Jetzt kaufen | Schweizversand.ch<\/title>\n<meta name=\"description\" content=\"Jazwares DevSeries \u00dcberraschungsfiguren g\u00fcnstig kaufen bei Schweizversand.ch. Schnelle Lieferung in der Schweiz. Gratisversand ab CHF 50.\" \/>\n<meta name=\"robots\" content=\"index, follow, max-snippet:-1, max-image-preview:large, max-video-preview:-1\" \/>\n<link rel=\"canonical\" href=\"https:\/\/schweizversand.ch\/it\/produkt\/jazwares-devseries-ueberraschungsfiguren\/\" \/>\n<meta property=\"og:locale\" content=\"it_IT\" \/>\n<meta property=\"og:type\" content=\"article\" \/>\n<meta property=\"og:title\" content=\"Jazwares DevSeries \u00dcberraschungsfiguren | Jetzt kaufen | Schweizversand.ch\" \/>\n<meta property=\"og:description\" content=\"Jazwares DevSeries \u00dcberraschungsfiguren g\u00fcnstig kaufen bei Schweizversand.ch. Schnelle Lieferung in der Schweiz. Gratisversand ab CHF 50.\" \/>\n<meta property=\"og:url\" content=\"https:\/\/schweizversand.ch\/it\/produkt\/jazwares-devseries-ueberraschungsfiguren\/\" \/>\n<meta property=\"og:site_name\" content=\"Schweizer Shop f\u00fcr Sport, Spiel und Freizeit\" \/>\n<meta property=\"article:publisher\" content=\"https:\/\/www.facebook.com\/Schweizversand\" \/>\n<meta property=\"article:modified_time\" content=\"2026-04-22T13:37:27+00:00\" \/>\n<meta property=\"og:image\" content=\"https:\/\/schweizversand.ch\/wp-content\/uploads\/2026\/02\/5471789282.jpg\" \/>\n\t<meta property=\"og:image:width\" content=\"1024\" \/>\n\t<meta property=\"og:image:height\" content=\"1024\" \/>\n\t<meta property=\"og:image:type\" content=\"image\/jpeg\" \/>\n<meta name=\"twitter:card\" content=\"summary_large_image\" \/>\n<meta name=\"twitter:label1\" content=\"Tempo di lettura stimato\" \/>\n\t<meta name=\"twitter:data1\" content=\"1 minuto\" \/>\n<script type=\"application\/ld+json\" class=\"yoast-schema-graph\">{\"@context\":\"https:\\\/\\\/schema.org\",\"@graph\":[{\"@type\":\"WebPage\",\"@id\":\"https:\\\/\\\/schweizversand.ch\\\/it\\\/produkt\\\/jazwares-devseries-ueberraschungsfiguren\\\/\",\"url\":\"https:\\\/\\\/schweizversand.ch\\\/it\\\/produkt\\\/jazwares-devseries-ueberraschungsfiguren\\\/\",\"name\":\"Jazwares DevSeries \u00dcberraschungsfiguren | Jetzt kaufen | Schweizversand.ch\",\"isPartOf\":{\"@id\":\"https:\\\/\\\/schweizversand.ch\\\/it\\\/#website\"},\"primaryImageOfPage\":{\"@id\":\"https:\\\/\\\/schweizversand.ch\\\/it\\\/produkt\\\/jazwares-devseries-ueberraschungsfiguren\\\/#primaryimage\"},\"image\":{\"@id\":\"https:\\\/\\\/schweizversand.ch\\\/it\\\/produkt\\\/jazwares-devseries-ueberraschungsfiguren\\\/#primaryimage\"},\"thumbnailUrl\":\"https:\\\/\\\/schweizversand.ch\\\/wp-content\\\/uploads\\\/2026\\\/02\\\/5471789282.jpg\",\"datePublished\":\"2026-03-14T23:57:32+00:00\",\"dateModified\":\"2026-04-22T13:37:27+00:00\",\"description\":\"Jazwares DevSeries \u00dcberraschungsfiguren g\u00fcnstig kaufen bei Schweizversand.ch. Schnelle Lieferung in der Schweiz. Gratisversand ab CHF 50.\",\"breadcrumb\":{\"@id\":\"https:\\\/\\\/schweizversand.ch\\\/it\\\/produkt\\\/jazwares-devseries-ueberraschungsfiguren\\\/#breadcrumb\"},\"inLanguage\":\"it-IT\",\"potentialAction\":[{\"@type\":\"ReadAction\",\"target\":[\"https:\\\/\\\/schweizversand.ch\\\/it\\\/produkt\\\/jazwares-devseries-ueberraschungsfiguren\\\/\"]}]},{\"@type\":\"ImageObject\",\"inLanguage\":\"it-IT\",\"@id\":\"https:\\\/\\\/schweizversand.ch\\\/it\\\/produkt\\\/jazwares-devseries-ueberraschungsfiguren\\\/#primaryimage\",\"url\":\"https:\\\/\\\/schweizversand.ch\\\/wp-content\\\/uploads\\\/2026\\\/02\\\/5471789282.jpg\",\"contentUrl\":\"https:\\\/\\\/schweizversand.ch\\\/wp-content\\\/uploads\\\/2026\\\/02\\\/5471789282.jpg\",\"width\":1024,\"height\":1024},{\"@type\":\"BreadcrumbList\",\"@id\":\"https:\\\/\\\/schweizversand.ch\\\/it\\\/produkt\\\/jazwares-devseries-ueberraschungsfiguren\\\/#breadcrumb\",\"itemListElement\":[{\"@type\":\"ListItem\",\"position\":1,\"name\":\"Startseite\",\"item\":\"https:\\\/\\\/schweizversand.ch\\\/it\\\/home\\\/\"},{\"@type\":\"ListItem\",\"position\":2,\"name\":\"Shop\",\"item\":\"https:\\\/\\\/schweizversand.ch\\\/it\\\/shop\\\/\"},{\"@type\":\"ListItem\",\"position\":3,\"name\":\"Giocattoli e giochi\",\"item\":\"https:\\\/\\\/schweizversand.ch\\\/it\\\/produkt-kategorie\\\/giocattoli-e-giochi\\\/\"},{\"@type\":\"ListItem\",\"position\":4,\"name\":\"Personaggi e bambole\",\"item\":\"https:\\\/\\\/schweizversand.ch\\\/it\\\/produkt-kategorie\\\/giocattoli-e-giochi\\\/personaggi-e-bambole\\\/\"},{\"@type\":\"ListItem\",\"position\":5,\"name\":\"Personaggi giocattolo e robot\",\"item\":\"https:\\\/\\\/schweizversand.ch\\\/it\\\/produkt-kategorie\\\/giocattoli-e-giochi\\\/personaggi-e-bambole\\\/spielzeugfigur-roboter\\\/\"},{\"@type\":\"ListItem\",\"position\":6,\"name\":\"Le cifre sorprendenti di DevSeries di Jazware\"}]},{\"@type\":\"WebSite\",\"@id\":\"https:\\\/\\\/schweizversand.ch\\\/it\\\/#website\",\"url\":\"https:\\\/\\\/schweizversand.ch\\\/it\\\/\",\"name\":\"Schweizer Shop f\u00fcr Sport, Spiel und Freizeit\",\"description\":\"Gratisversand ab 50.- (netto), ab eigenem schweizer Lager, Lieferung innert 48h\",\"publisher\":{\"@id\":\"https:\\\/\\\/schweizversand.ch\\\/it\\\/#organization\"},\"alternateName\":\"Schweizversand.ch\",\"potentialAction\":[{\"@type\":\"SearchAction\",\"target\":{\"@type\":\"EntryPoint\",\"urlTemplate\":\"https:\\\/\\\/schweizversand.ch\\\/it\\\/?s={search_term_string}\"},\"query-input\":{\"@type\":\"PropertyValueSpecification\",\"valueRequired\":true,\"valueName\":\"search_term_string\"}}],\"inLanguage\":\"it-IT\"},{\"@type\":\"Organization\",\"@id\":\"https:\\\/\\\/schweizversand.ch\\\/it\\\/#organization\",\"name\":\"Schweizversand.ch\",\"url\":\"https:\\\/\\\/schweizversand.ch\\\/it\\\/\",\"logo\":{\"@type\":\"ImageObject\",\"inLanguage\":\"it-IT\",\"@id\":\"https:\\\/\\\/schweizversand.ch\\\/it\\\/#\\\/schema\\\/logo\\\/image\\\/\",\"url\":\"https:\\\/\\\/schweizversand.ch\\\/wp-content\\\/uploads\\\/2026\\\/03\\\/Logo_Rund_Final-1.png\",\"contentUrl\":\"https:\\\/\\\/schweizversand.ch\\\/wp-content\\\/uploads\\\/2026\\\/03\\\/Logo_Rund_Final-1.png\",\"width\":404,\"height\":404,\"caption\":\"Schweizversand.ch\"},\"image\":{\"@id\":\"https:\\\/\\\/schweizversand.ch\\\/it\\\/#\\\/schema\\\/logo\\\/image\\\/\"},\"sameAs\":[\"https:\\\/\\\/www.facebook.com\\\/Schweizversand\",\"https:\\\/\\\/www.instagram.com\\\/schweizversand.ch\\\/\"]}]}<\/script>\n<!-- \/ Yoast SEO plugin. -->","yoast_head_json":{"title":"Jazwares DevSeries \u00dcberraschungsfiguren | Jetzt kaufen | Schweizversand.ch","description":"Jazwares DevSeries \u00dcberraschungsfiguren g\u00fcnstig kaufen bei Schweizversand.ch. Schnelle Lieferung in der Schweiz. Gratisversand ab CHF 50.","robots":{"index":"index","follow":"follow","max-snippet":"max-snippet:-1","max-image-preview":"max-image-preview:large","max-video-preview":"max-video-preview:-1"},"canonical":"https:\/\/schweizversand.ch\/it\/produkt\/jazwares-devseries-ueberraschungsfiguren\/","og_locale":"it_IT","og_type":"article","og_title":"Jazwares DevSeries \u00dcberraschungsfiguren | Jetzt kaufen | Schweizversand.ch","og_description":"Jazwares DevSeries \u00dcberraschungsfiguren g\u00fcnstig kaufen bei Schweizversand.ch. Schnelle Lieferung in der Schweiz. Gratisversand ab CHF 50.","og_url":"https:\/\/schweizversand.ch\/it\/produkt\/jazwares-devseries-ueberraschungsfiguren\/","og_site_name":"Schweizer Shop f\u00fcr Sport, Spiel und Freizeit","article_publisher":"https:\/\/www.facebook.com\/Schweizversand","article_modified_time":"2026-04-22T13:37:27+00:00","og_image":[{"width":1024,"height":1024,"url":"https:\/\/schweizversand.ch\/wp-content\/uploads\/2026\/02\/5471789282.jpg","type":"image\/jpeg"}],"twitter_card":"summary_large_image","twitter_misc":{"Tempo di lettura stimato":"1 minuto"},"schema":{"@context":"https:\/\/schema.org","@graph":[{"@type":"WebPage","@id":"https:\/\/schweizversand.ch\/it\/produkt\/jazwares-devseries-ueberraschungsfiguren\/","url":"https:\/\/schweizversand.ch\/it\/produkt\/jazwares-devseries-ueberraschungsfiguren\/","name":"Jazwares DevSeries \u00dcberraschungsfiguren | Jetzt kaufen | Schweizversand.ch","isPartOf":{"@id":"https:\/\/schweizversand.ch\/it\/#website"},"primaryImageOfPage":{"@id":"https:\/\/schweizversand.ch\/it\/produkt\/jazwares-devseries-ueberraschungsfiguren\/#primaryimage"},"image":{"@id":"https:\/\/schweizversand.ch\/it\/produkt\/jazwares-devseries-ueberraschungsfiguren\/#primaryimage"},"thumbnailUrl":"https:\/\/schweizversand.ch\/wp-content\/uploads\/2026\/02\/5471789282.jpg","datePublished":"2026-03-14T23:57:32+00:00","dateModified":"2026-04-22T13:37:27+00:00","description":"Jazwares DevSeries \u00dcberraschungsfiguren g\u00fcnstig kaufen bei Schweizversand.ch. Schnelle Lieferung in der Schweiz. Gratisversand ab CHF 50.","breadcrumb":{"@id":"https:\/\/schweizversand.ch\/it\/produkt\/jazwares-devseries-ueberraschungsfiguren\/#breadcrumb"},"inLanguage":"it-IT","potentialAction":[{"@type":"ReadAction","target":["https:\/\/schweizversand.ch\/it\/produkt\/jazwares-devseries-ueberraschungsfiguren\/"]}]},{"@type":"ImageObject","inLanguage":"it-IT","@id":"https:\/\/schweizversand.ch\/it\/produkt\/jazwares-devseries-ueberraschungsfiguren\/#primaryimage","url":"https:\/\/schweizversand.ch\/wp-content\/uploads\/2026\/02\/5471789282.jpg","contentUrl":"https:\/\/schweizversand.ch\/wp-content\/uploads\/2026\/02\/5471789282.jpg","width":1024,"height":1024},{"@type":"BreadcrumbList","@id":"https:\/\/schweizversand.ch\/it\/produkt\/jazwares-devseries-ueberraschungsfiguren\/#breadcrumb","itemListElement":[{"@type":"ListItem","position":1,"name":"Startseite","item":"https:\/\/schweizversand.ch\/it\/home\/"},{"@type":"ListItem","position":2,"name":"Shop","item":"https:\/\/schweizversand.ch\/it\/shop\/"},{"@type":"ListItem","position":3,"name":"Giocattoli e giochi","item":"https:\/\/schweizversand.ch\/it\/produkt-kategorie\/giocattoli-e-giochi\/"},{"@type":"ListItem","position":4,"name":"Personaggi e bambole","item":"https:\/\/schweizversand.ch\/it\/produkt-kategorie\/giocattoli-e-giochi\/personaggi-e-bambole\/"},{"@type":"ListItem","position":5,"name":"Personaggi giocattolo e robot","item":"https:\/\/schweizversand.ch\/it\/produkt-kategorie\/giocattoli-e-giochi\/personaggi-e-bambole\/spielzeugfigur-roboter\/"},{"@type":"ListItem","position":6,"name":"Le cifre sorprendenti di DevSeries di Jazware"}]},{"@type":"WebSite","@id":"https:\/\/schweizversand.ch\/it\/#website","url":"https:\/\/schweizversand.ch\/it\/","name":"Schweizer Shop f\u00fcr Sport, Spiel und Freizeit","description":"Gratisversand ab 50.- (netto), ab eigenem schweizer Lager, Lieferung innert 48h","publisher":{"@id":"https:\/\/schweizversand.ch\/it\/#organization"},"alternateName":"Schweizversand.ch","potentialAction":[{"@type":"SearchAction","target":{"@type":"EntryPoint","urlTemplate":"https:\/\/schweizversand.ch\/it\/?s={search_term_string}"},"query-input":{"@type":"PropertyValueSpecification","valueRequired":true,"valueName":"search_term_string"}}],"inLanguage":"it-IT"},{"@type":"Organization","@id":"https:\/\/schweizversand.ch\/it\/#organization","name":"Schweizversand.ch","url":"https:\/\/schweizversand.ch\/it\/","logo":{"@type":"ImageObject","inLanguage":"it-IT","@id":"https:\/\/schweizversand.ch\/it\/#\/schema\/logo\/image\/","url":"https:\/\/schweizversand.ch\/wp-content\/uploads\/2026\/03\/Logo_Rund_Final-1.png","contentUrl":"https:\/\/schweizversand.ch\/wp-content\/uploads\/2026\/03\/Logo_Rund_Final-1.png","width":404,"height":404,"caption":"Schweizversand.ch"},"image":{"@id":"https:\/\/schweizversand.ch\/it\/#\/schema\/logo\/image\/"},"sameAs":["https:\/\/www.facebook.com\/Schweizversand","https:\/\/www.instagram.com\/schweizversand.ch\/"]}]}},"jetpack_sharing_enabled":true,"_links":{"self":[{"href":"https:\/\/schweizversand.ch\/it\/wp-json\/wp\/v2\/product\/256726","targetHints":{"allow":["GET"]}}],"collection":[{"href":"https:\/\/schweizversand.ch\/it\/wp-json\/wp\/v2\/product"}],"about":[{"href":"https:\/\/schweizversand.ch\/it\/wp-json\/wp\/v2\/types\/product"}],"replies":[{"embeddable":true,"href":"https:\/\/schweizversand.ch\/it\/wp-json\/wp\/v2\/comments?post=256726"}],"wp:featuredmedia":[{"embeddable":true,"href":"https:\/\/schweizversand.ch\/it\/wp-json\/wp\/v2\/media\/166209"}],"wp:attachment":[{"href":"https:\/\/schweizversand.ch\/it\/wp-json\/wp\/v2\/media?parent=256726"}],"wp:term":[{"taxonomy":"product_brand","embeddable":true,"href":"https:\/\/schweizversand.ch\/it\/wp-json\/wp\/v2\/product_brand?post=256726"},{"taxonomy":"product_cat","embeddable":true,"href":"https:\/\/schweizversand.ch\/it\/wp-json\/wp\/v2\/product_cat?post=256726"},{"taxonomy":"product_tag","embeddable":true,"href":"https:\/\/schweizversand.ch\/it\/wp-json\/wp\/v2\/product_tag?post=256726"}],"curies":[{"name":"wp","href":"https:\/\/api.w.org\/{rel}","templated":true}]}}