{"id":256731,"date":"2026-03-15T00:57:32","date_gmt":"2026-03-14T23:57:32","guid":{"rendered":"https:\/\/schweizversand.ch\/produkt\/jazwares-taxi-cab-mit-cabbie-actionfigur\/"},"modified":"2026-04-19T02:07:14","modified_gmt":"2026-04-19T00:07:14","slug":"jazwares-taxi-cab-mit-cabbie-actionfigur","status":"publish","type":"product","link":"https:\/\/schweizversand.ch\/it\/produkt\/jazwares-taxi-cab-mit-cabbie-actionfigur\/","title":{"rendered":"Jazwares Taxi Cab con action figure Cabbie"},"content":{"rendered":"<h1><strong>Taxi Veicolo Fortnite Joy Ride con Action Figure Cabbie<\/strong><\/h1>\n<div>Immergiti nel mondo pieno di azione di Fortnite con il set <strong>Taxi Veicolo Fortnite<\/strong> con licenza ufficiale. Questo set porta uno dei veicoli pi\u00f9 iconici direttamente dal gioco alla tua collezione, offrendo ore di divertimento per i fan dagli 8 anni in su.<\/p>\n<\/div>\n<div><strong>L&#8217;esperienza definitiva con i veicoli Fortnite<\/strong><br \/>Questo dettagliato <strong>Veicolo Fortnite<\/strong> \u00e8 modellato sul popolare Taxi del gioco, noto dall&#8217;aggiornamento Joy Ride. Che tu voglia organizzare fughe epiche o ampliare la tua collezione, questo set \u00e8 un must per ogni appassionato di Fortnite. Il design \u00e8 fedele al gioco e altamente dettagliato, massimizzando l&#8217;autenticit\u00e0 dell&#8217;esperienza di gioco. Include un&#8217;esclusiva action figure Cabbie. Il set include l&#8217;action figure Cabbie Fortnite alta 10 cm, che si adatta perfettamente al taxi. Questa action figure presenta la massima articolazione con ben 25 punti di articolazione, permettendoti di mettere in posa Cabbie praticamente in qualsiasi modo tu voglia per ricreare i tuoi momenti preferiti del gioco o inventare nuove avventure. La action figure \u00e8 ricca di dettagli autentici che i collezionisti apprezzeranno particolarmente. Qualit\u00e0 e licenza: questo giocattolo di Fortnite \u00e8 un prodotto con licenza ufficiale di Epic Games. Ti garantiamo quindi la massima qualit\u00e0 e un livello di dettaglio che soddisfa gli standard del marchio. Affidati a un prodotto robusto e in grado di resistere a intense sessioni di gioco.<\/p>\n<\/div>\n<div><strong>Caratteristiche e contenuti del prodotto<\/strong><br \/>&#8211; Nome prodotto: Fortnite FNT0817 <strong>Joy Ride Vehicle Taxi Cab<\/strong><br \/>&#8211; Include: 1 veicolo Taxi Cab dettagliato<br \/>&#8211; Include: 1 action figure Cabbie (10 cm)<br \/>&#8211; Personaggio con 25 punti di articolazione per un&#8217;elevata posabilit\u00e0<\/strong><br \/>&#8211; Et\u00e0 consigliata: adatto a bambini dagli 8 anni in su<br \/>&#8211; Licenza: con licenza Epic Games<\/strong><br \/>&#8211; Ideale per giocare e collezionare<\/p>\n<\/div>\n<div><strong>Inizia la tua collezione<\/strong><br \/>Espandi il tuo universo con questo fantastico <strong>set di action figure di Fortnite<\/strong>. Il <strong>Taxi Cab di Fortnite<\/strong> \u00e8 il punto di partenza perfetto per nuove avventure o una preziosa aggiunta alla tua collezione esistente. Colleziona tutti i veicoli e i personaggi per costruire l&#8217;intero mondo di Fortnite!<\/p>\n<\/div>\n<div><\/div>\n","protected":false},"excerpt":{"rendered":"<p>Taxi Veicolo Fortnite Joy Ride con Action Figure Cabbie Immergiti nel mondo pieno di azione di Fortnite con il set Taxi Veicolo Fortnite con licenza ufficiale. Questo set porta uno dei veicoli pi\u00f9 iconici direttamente dal gioco alla tua collezione, offrendo ore di divertimento per i fan dagli 8 anni in su. L&#8217;esperienza definitiva con i veicoli FortniteQuesto dettagliato Veicolo Fortnite \u00e8 modellato sul popolare Taxi del gioco, noto dall&#8217;aggiornamento Joy Ride. Che tu voglia&hellip;<\/p>\n","protected":false},"featured_media":166245,"comment_status":"open","ping_status":"closed","template":"","meta":[],"product_brand":[],"product_cat":[38182],"product_tag":[],"class_list":{"0":"post-256731","1":"product","2":"type-product","3":"status-publish","4":"has-post-thumbnail","6":"product_cat-spielzeugauto","7":"product_shipping_class-global_methods","9":"first","10":"instock","11":"taxable","12":"shipping-taxable","13":"purchasable","14":"product-type-simple"},"yoast_head":"<!-- This site is optimized with the Yoast SEO plugin v27.4 - https:\/\/yoast.com\/product\/yoast-seo-wordpress\/ -->\n<title>Jazwares Taxi Cab mit Cabbie Actionfigur | Jetzt kaufen | Schweizversand.ch<\/title>\n<meta name=\"description\" content=\"Jazwares Taxi Cab mit Cabbie Actionfigur g\u00fcnstig kaufen bei Schweizversand.ch. Schnelle Lieferung in der Schweiz. Gratisversand ab CHF 50.\" \/>\n<meta name=\"robots\" content=\"index, follow, max-snippet:-1, max-image-preview:large, max-video-preview:-1\" \/>\n<link rel=\"canonical\" href=\"https:\/\/schweizversand.ch\/it\/produkt\/jazwares-taxi-cab-mit-cabbie-actionfigur\/\" \/>\n<meta property=\"og:locale\" content=\"it_IT\" \/>\n<meta property=\"og:type\" content=\"article\" \/>\n<meta property=\"og:title\" content=\"Jazwares Taxi Cab mit Cabbie Actionfigur | Jetzt kaufen | Schweizversand.ch\" \/>\n<meta property=\"og:description\" content=\"Jazwares Taxi Cab mit Cabbie Actionfigur g\u00fcnstig kaufen bei Schweizversand.ch. Schnelle Lieferung in der Schweiz. Gratisversand ab CHF 50.\" \/>\n<meta property=\"og:url\" content=\"https:\/\/schweizversand.ch\/it\/produkt\/jazwares-taxi-cab-mit-cabbie-actionfigur\/\" \/>\n<meta property=\"og:site_name\" content=\"Schweizer Shop f\u00fcr Sport, Spiel und Freizeit\" \/>\n<meta property=\"article:publisher\" content=\"https:\/\/www.facebook.com\/Schweizversand\" \/>\n<meta property=\"article:modified_time\" content=\"2026-04-19T00:07:14+00:00\" \/>\n<meta property=\"og:image\" content=\"https:\/\/schweizversand.ch\/wp-content\/uploads\/2026\/02\/5476927681.jpg\" \/>\n\t<meta property=\"og:image:width\" content=\"1024\" \/>\n\t<meta property=\"og:image:height\" content=\"629\" \/>\n\t<meta property=\"og:image:type\" content=\"image\/jpeg\" \/>\n<meta name=\"twitter:card\" content=\"summary_large_image\" \/>\n<meta name=\"twitter:label1\" content=\"Tempo di lettura stimato\" \/>\n\t<meta name=\"twitter:data1\" content=\"2 minuto\" \/>\n<script type=\"application\/ld+json\" class=\"yoast-schema-graph\">{\"@context\":\"https:\\\/\\\/schema.org\",\"@graph\":[{\"@type\":\"WebPage\",\"@id\":\"https:\\\/\\\/schweizversand.ch\\\/it\\\/produkt\\\/jazwares-taxi-cab-mit-cabbie-actionfigur\\\/\",\"url\":\"https:\\\/\\\/schweizversand.ch\\\/it\\\/produkt\\\/jazwares-taxi-cab-mit-cabbie-actionfigur\\\/\",\"name\":\"Jazwares Taxi Cab mit Cabbie Actionfigur | Jetzt kaufen | Schweizversand.ch\",\"isPartOf\":{\"@id\":\"https:\\\/\\\/schweizversand.ch\\\/it\\\/#website\"},\"primaryImageOfPage\":{\"@id\":\"https:\\\/\\\/schweizversand.ch\\\/it\\\/produkt\\\/jazwares-taxi-cab-mit-cabbie-actionfigur\\\/#primaryimage\"},\"image\":{\"@id\":\"https:\\\/\\\/schweizversand.ch\\\/it\\\/produkt\\\/jazwares-taxi-cab-mit-cabbie-actionfigur\\\/#primaryimage\"},\"thumbnailUrl\":\"https:\\\/\\\/schweizversand.ch\\\/wp-content\\\/uploads\\\/2026\\\/02\\\/5476927681.jpg\",\"datePublished\":\"2026-03-14T23:57:32+00:00\",\"dateModified\":\"2026-04-19T00:07:14+00:00\",\"description\":\"Jazwares Taxi Cab mit Cabbie Actionfigur g\u00fcnstig kaufen bei Schweizversand.ch. Schnelle Lieferung in der Schweiz. Gratisversand ab CHF 50.\",\"breadcrumb\":{\"@id\":\"https:\\\/\\\/schweizversand.ch\\\/it\\\/produkt\\\/jazwares-taxi-cab-mit-cabbie-actionfigur\\\/#breadcrumb\"},\"inLanguage\":\"it-IT\",\"potentialAction\":[{\"@type\":\"ReadAction\",\"target\":[\"https:\\\/\\\/schweizversand.ch\\\/it\\\/produkt\\\/jazwares-taxi-cab-mit-cabbie-actionfigur\\\/\"]}]},{\"@type\":\"ImageObject\",\"inLanguage\":\"it-IT\",\"@id\":\"https:\\\/\\\/schweizversand.ch\\\/it\\\/produkt\\\/jazwares-taxi-cab-mit-cabbie-actionfigur\\\/#primaryimage\",\"url\":\"https:\\\/\\\/schweizversand.ch\\\/wp-content\\\/uploads\\\/2026\\\/02\\\/5476927681.jpg\",\"contentUrl\":\"https:\\\/\\\/schweizversand.ch\\\/wp-content\\\/uploads\\\/2026\\\/02\\\/5476927681.jpg\",\"width\":1024,\"height\":629},{\"@type\":\"BreadcrumbList\",\"@id\":\"https:\\\/\\\/schweizversand.ch\\\/it\\\/produkt\\\/jazwares-taxi-cab-mit-cabbie-actionfigur\\\/#breadcrumb\",\"itemListElement\":[{\"@type\":\"ListItem\",\"position\":1,\"name\":\"Startseite\",\"item\":\"https:\\\/\\\/schweizversand.ch\\\/it\\\/home\\\/\"},{\"@type\":\"ListItem\",\"position\":2,\"name\":\"Shop\",\"item\":\"https:\\\/\\\/schweizversand.ch\\\/it\\\/shop\\\/\"},{\"@type\":\"ListItem\",\"position\":3,\"name\":\"Giocattoli e giochi\",\"item\":\"https:\\\/\\\/schweizversand.ch\\\/it\\\/produkt-kategorie\\\/giocattoli-e-giochi\\\/\"},{\"@type\":\"ListItem\",\"position\":4,\"name\":\"Veicoli giocattolo\",\"item\":\"https:\\\/\\\/schweizversand.ch\\\/it\\\/produkt-kategorie\\\/giocattoli-e-giochi\\\/veicoli-giocattolo\\\/\"},{\"@type\":\"ListItem\",\"position\":5,\"name\":\"Macchinine giocattolo\",\"item\":\"https:\\\/\\\/schweizversand.ch\\\/it\\\/produkt-kategorie\\\/giocattoli-e-giochi\\\/veicoli-giocattolo\\\/spielzeugauto\\\/\"},{\"@type\":\"ListItem\",\"position\":6,\"name\":\"Jazwares Taxi Cab con action figure Cabbie\"}]},{\"@type\":\"WebSite\",\"@id\":\"https:\\\/\\\/schweizversand.ch\\\/it\\\/#website\",\"url\":\"https:\\\/\\\/schweizversand.ch\\\/it\\\/\",\"name\":\"Schweizer Shop f\u00fcr Sport, Spiel und Freizeit\",\"description\":\"Gratisversand ab 50.- (netto), ab eigenem schweizer Lager, Lieferung innert 48h\",\"publisher\":{\"@id\":\"https:\\\/\\\/schweizversand.ch\\\/it\\\/#organization\"},\"alternateName\":\"Schweizversand.ch\",\"potentialAction\":[{\"@type\":\"SearchAction\",\"target\":{\"@type\":\"EntryPoint\",\"urlTemplate\":\"https:\\\/\\\/schweizversand.ch\\\/it\\\/?s={search_term_string}\"},\"query-input\":{\"@type\":\"PropertyValueSpecification\",\"valueRequired\":true,\"valueName\":\"search_term_string\"}}],\"inLanguage\":\"it-IT\"},{\"@type\":\"Organization\",\"@id\":\"https:\\\/\\\/schweizversand.ch\\\/it\\\/#organization\",\"name\":\"Schweizversand.ch\",\"url\":\"https:\\\/\\\/schweizversand.ch\\\/it\\\/\",\"logo\":{\"@type\":\"ImageObject\",\"inLanguage\":\"it-IT\",\"@id\":\"https:\\\/\\\/schweizversand.ch\\\/it\\\/#\\\/schema\\\/logo\\\/image\\\/\",\"url\":\"https:\\\/\\\/schweizversand.ch\\\/wp-content\\\/uploads\\\/2026\\\/03\\\/Logo_Rund_Final-1.png\",\"contentUrl\":\"https:\\\/\\\/schweizversand.ch\\\/wp-content\\\/uploads\\\/2026\\\/03\\\/Logo_Rund_Final-1.png\",\"width\":404,\"height\":404,\"caption\":\"Schweizversand.ch\"},\"image\":{\"@id\":\"https:\\\/\\\/schweizversand.ch\\\/it\\\/#\\\/schema\\\/logo\\\/image\\\/\"},\"sameAs\":[\"https:\\\/\\\/www.facebook.com\\\/Schweizversand\",\"https:\\\/\\\/www.instagram.com\\\/schweizversand.ch\\\/\"]}]}<\/script>\n<!-- \/ Yoast SEO plugin. -->","yoast_head_json":{"title":"Jazwares Taxi Cab mit Cabbie Actionfigur | Jetzt kaufen | Schweizversand.ch","description":"Jazwares Taxi Cab mit Cabbie Actionfigur g\u00fcnstig kaufen bei Schweizversand.ch. Schnelle Lieferung in der Schweiz. Gratisversand ab CHF 50.","robots":{"index":"index","follow":"follow","max-snippet":"max-snippet:-1","max-image-preview":"max-image-preview:large","max-video-preview":"max-video-preview:-1"},"canonical":"https:\/\/schweizversand.ch\/it\/produkt\/jazwares-taxi-cab-mit-cabbie-actionfigur\/","og_locale":"it_IT","og_type":"article","og_title":"Jazwares Taxi Cab mit Cabbie Actionfigur | Jetzt kaufen | Schweizversand.ch","og_description":"Jazwares Taxi Cab mit Cabbie Actionfigur g\u00fcnstig kaufen bei Schweizversand.ch. Schnelle Lieferung in der Schweiz. Gratisversand ab CHF 50.","og_url":"https:\/\/schweizversand.ch\/it\/produkt\/jazwares-taxi-cab-mit-cabbie-actionfigur\/","og_site_name":"Schweizer Shop f\u00fcr Sport, Spiel und Freizeit","article_publisher":"https:\/\/www.facebook.com\/Schweizversand","article_modified_time":"2026-04-19T00:07:14+00:00","og_image":[{"width":1024,"height":629,"url":"https:\/\/schweizversand.ch\/wp-content\/uploads\/2026\/02\/5476927681.jpg","type":"image\/jpeg"}],"twitter_card":"summary_large_image","twitter_misc":{"Tempo di lettura stimato":"2 minuto"},"schema":{"@context":"https:\/\/schema.org","@graph":[{"@type":"WebPage","@id":"https:\/\/schweizversand.ch\/it\/produkt\/jazwares-taxi-cab-mit-cabbie-actionfigur\/","url":"https:\/\/schweizversand.ch\/it\/produkt\/jazwares-taxi-cab-mit-cabbie-actionfigur\/","name":"Jazwares Taxi Cab mit Cabbie Actionfigur | Jetzt kaufen | Schweizversand.ch","isPartOf":{"@id":"https:\/\/schweizversand.ch\/it\/#website"},"primaryImageOfPage":{"@id":"https:\/\/schweizversand.ch\/it\/produkt\/jazwares-taxi-cab-mit-cabbie-actionfigur\/#primaryimage"},"image":{"@id":"https:\/\/schweizversand.ch\/it\/produkt\/jazwares-taxi-cab-mit-cabbie-actionfigur\/#primaryimage"},"thumbnailUrl":"https:\/\/schweizversand.ch\/wp-content\/uploads\/2026\/02\/5476927681.jpg","datePublished":"2026-03-14T23:57:32+00:00","dateModified":"2026-04-19T00:07:14+00:00","description":"Jazwares Taxi Cab mit Cabbie Actionfigur g\u00fcnstig kaufen bei Schweizversand.ch. Schnelle Lieferung in der Schweiz. Gratisversand ab CHF 50.","breadcrumb":{"@id":"https:\/\/schweizversand.ch\/it\/produkt\/jazwares-taxi-cab-mit-cabbie-actionfigur\/#breadcrumb"},"inLanguage":"it-IT","potentialAction":[{"@type":"ReadAction","target":["https:\/\/schweizversand.ch\/it\/produkt\/jazwares-taxi-cab-mit-cabbie-actionfigur\/"]}]},{"@type":"ImageObject","inLanguage":"it-IT","@id":"https:\/\/schweizversand.ch\/it\/produkt\/jazwares-taxi-cab-mit-cabbie-actionfigur\/#primaryimage","url":"https:\/\/schweizversand.ch\/wp-content\/uploads\/2026\/02\/5476927681.jpg","contentUrl":"https:\/\/schweizversand.ch\/wp-content\/uploads\/2026\/02\/5476927681.jpg","width":1024,"height":629},{"@type":"BreadcrumbList","@id":"https:\/\/schweizversand.ch\/it\/produkt\/jazwares-taxi-cab-mit-cabbie-actionfigur\/#breadcrumb","itemListElement":[{"@type":"ListItem","position":1,"name":"Startseite","item":"https:\/\/schweizversand.ch\/it\/home\/"},{"@type":"ListItem","position":2,"name":"Shop","item":"https:\/\/schweizversand.ch\/it\/shop\/"},{"@type":"ListItem","position":3,"name":"Giocattoli e giochi","item":"https:\/\/schweizversand.ch\/it\/produkt-kategorie\/giocattoli-e-giochi\/"},{"@type":"ListItem","position":4,"name":"Veicoli giocattolo","item":"https:\/\/schweizversand.ch\/it\/produkt-kategorie\/giocattoli-e-giochi\/veicoli-giocattolo\/"},{"@type":"ListItem","position":5,"name":"Macchinine giocattolo","item":"https:\/\/schweizversand.ch\/it\/produkt-kategorie\/giocattoli-e-giochi\/veicoli-giocattolo\/spielzeugauto\/"},{"@type":"ListItem","position":6,"name":"Jazwares Taxi Cab con action figure Cabbie"}]},{"@type":"WebSite","@id":"https:\/\/schweizversand.ch\/it\/#website","url":"https:\/\/schweizversand.ch\/it\/","name":"Schweizer Shop f\u00fcr Sport, Spiel und Freizeit","description":"Gratisversand ab 50.- (netto), ab eigenem schweizer Lager, Lieferung innert 48h","publisher":{"@id":"https:\/\/schweizversand.ch\/it\/#organization"},"alternateName":"Schweizversand.ch","potentialAction":[{"@type":"SearchAction","target":{"@type":"EntryPoint","urlTemplate":"https:\/\/schweizversand.ch\/it\/?s={search_term_string}"},"query-input":{"@type":"PropertyValueSpecification","valueRequired":true,"valueName":"search_term_string"}}],"inLanguage":"it-IT"},{"@type":"Organization","@id":"https:\/\/schweizversand.ch\/it\/#organization","name":"Schweizversand.ch","url":"https:\/\/schweizversand.ch\/it\/","logo":{"@type":"ImageObject","inLanguage":"it-IT","@id":"https:\/\/schweizversand.ch\/it\/#\/schema\/logo\/image\/","url":"https:\/\/schweizversand.ch\/wp-content\/uploads\/2026\/03\/Logo_Rund_Final-1.png","contentUrl":"https:\/\/schweizversand.ch\/wp-content\/uploads\/2026\/03\/Logo_Rund_Final-1.png","width":404,"height":404,"caption":"Schweizversand.ch"},"image":{"@id":"https:\/\/schweizversand.ch\/it\/#\/schema\/logo\/image\/"},"sameAs":["https:\/\/www.facebook.com\/Schweizversand","https:\/\/www.instagram.com\/schweizversand.ch\/"]}]}},"jetpack_sharing_enabled":true,"_links":{"self":[{"href":"https:\/\/schweizversand.ch\/it\/wp-json\/wp\/v2\/product\/256731","targetHints":{"allow":["GET"]}}],"collection":[{"href":"https:\/\/schweizversand.ch\/it\/wp-json\/wp\/v2\/product"}],"about":[{"href":"https:\/\/schweizversand.ch\/it\/wp-json\/wp\/v2\/types\/product"}],"replies":[{"embeddable":true,"href":"https:\/\/schweizversand.ch\/it\/wp-json\/wp\/v2\/comments?post=256731"}],"wp:featuredmedia":[{"embeddable":true,"href":"https:\/\/schweizversand.ch\/it\/wp-json\/wp\/v2\/media\/166245"}],"wp:attachment":[{"href":"https:\/\/schweizversand.ch\/it\/wp-json\/wp\/v2\/media?parent=256731"}],"wp:term":[{"taxonomy":"product_brand","embeddable":true,"href":"https:\/\/schweizversand.ch\/it\/wp-json\/wp\/v2\/product_brand?post=256731"},{"taxonomy":"product_cat","embeddable":true,"href":"https:\/\/schweizversand.ch\/it\/wp-json\/wp\/v2\/product_cat?post=256731"},{"taxonomy":"product_tag","embeddable":true,"href":"https:\/\/schweizversand.ch\/it\/wp-json\/wp\/v2\/product_tag?post=256731"}],"curies":[{"name":"wp","href":"https:\/\/api.w.org\/{rel}","templated":true}]}}