{"id":256737,"date":"2026-03-15T00:57:33","date_gmt":"2026-03-14T23:57:33","guid":{"rendered":"https:\/\/schweizversand.ch\/produkt\/hasbro-micro-machines-core-playset-car-tuner-garage-station\/"},"modified":"2026-04-19T15:38:06","modified_gmt":"2026-04-19T13:38:06","slug":"hasbro-micro-machines-core-playset-car-tuner-garage-station","status":"publish","type":"product","link":"https:\/\/schweizversand.ch\/it\/produkt\/hasbro-micro-machines-core-playset-car-tuner-garage-station\/","title":{"rendered":"Hasbro Micro Machines Core Playset &#8220;Stazione di officina per messa a punto auto&#8221;"},"content":{"rendered":"<h1><strong>Playset Micro Machines Core, Stazione di Tuning per Auto<\/strong><\/h1>\n<div>Immergiti nell&#8217;affascinante mondo di Micro Machines con l&#8217;entusiasmante <strong>Playset Micro Machines Core<\/strong>, progettato come Stazione di Tuning per Auto. Questo innovativo playset offre ore di divertimento, permettendoti di creare le tue avventure di corsa e personalizzare i tuoi <strong>veicoli da collezione<\/strong>.<\/p>\n<\/div>\n<div><strong>Il Playset Garage per Auto definitivo<\/strong><br \/>Il Garage per Auto \u00e8 pi\u00f9 di un semplice playset: \u00e8 un <strong>playset garage per auto<\/strong> completo che invita all&#8217;esplorazione. Guida le tue Micro Machines sull&#8217;entusiasmante pista da corsa a gravit\u00e0 e usa l&#8217;ascensore funzionante per trasportare i veicoli a diversi livelli. Nel garage, puoi riparare e modificare i tuoi veicoli e metterli alla prova sul realistico banco di prova. Espandibilit\u00e0 e collezionabilit\u00e0: il Playset Micro Machines Core \u00e8 progettato per essere collegato ad altri set Micro Machines. Espandi il tuo universo Micro City collezionando e combinando altri set di gioco, come la Caserma dei Pompieri o il Cantiere Edile. Questo crea un mondo di gioco enorme e interconnesso che aumenta enormemente la creativit\u00e0 e il divertimento. Veicoli esclusivi e dettagli autentici: ogni set di gioco include un veicolo Micro Machines esclusivo che si integra perfettamente con il tema Car Tuner Garage. Le Micro Machines sono note per i loro dettagli autentici e l&#8217;alta qualit\u00e0, modellate sulle loro controparti del mondo reale. Questo le rende non solo fantastici giocattoli, ma anche oggetti da collezione molto ricercati.<\/p>\n<\/div>\n<div><strong>Un classico ritorna<\/strong><br \/>Le Micro Machines sono un classico amato da oltre 30 anni e sono apprezzate da grandi e piccini. Questo giocattolo nostalgico ritorna con tutte le sue amate caratteristiche e gli elementi modernizzati. Riscopri il fascino delle Micro Machines originali e costruisci la tua collezione. Il <strong>set da gioco Micro Machines<\/strong> \u00e8 ideale per condividere il fascino per i veicoli piccoli e dettagliati.<\/p>\n<\/div>\n<div><strong>Vantaggi a colpo d&#8217;occhio<\/strong><br \/>&#8211; <strong>set da gioco Micro Machines Core<\/strong> trasformabile in un fantastico design da garage per tuning<br \/>&#8211; Include una pista da corsa a gravit\u00e0 funzionante e un ascensore<br \/>&#8211; Banco di prova realistico per &#8220;mettere a punto&#8221; i veicoli<br \/>&#8211; Espandibile<\/strong> e collegabile ad altri set Micro Machines<br \/>&#8211; Include un esclusivo veicolo Micro Machines a tema<\/strong><br \/>&#8211; Incoraggia il gioco creativo e il collezionismo di Micro Machines<\/p>\n<\/div>\n<div>Acquista questo versatile set da gioco <strong>Car Tuner Garage<\/strong> e inizia a costruire o espandere il tuo mondo Micro Machines oggi stesso. Collezionali tutti e vivi un divertimento senza limiti!<\/p>\n<\/div>\n<div><\/div>\n","protected":false},"excerpt":{"rendered":"<p>Playset Micro Machines Core, Stazione di Tuning per Auto Immergiti nell&#8217;affascinante mondo di Micro Machines con l&#8217;entusiasmante Playset Micro Machines Core, progettato come Stazione di Tuning per Auto. Questo innovativo playset offre ore di divertimento, permettendoti di creare le tue avventure di corsa e personalizzare i tuoi veicoli da collezione. Il Playset Garage per Auto definitivoIl Garage per Auto \u00e8 pi\u00f9 di un semplice playset: \u00e8 un playset garage per auto completo che invita all&#8217;esplorazione.&hellip;<\/p>\n","protected":false},"featured_media":166268,"comment_status":"open","ping_status":"closed","template":"","meta":[],"product_brand":[],"product_cat":[38182],"product_tag":[],"class_list":{"0":"post-256737","1":"product","2":"type-product","3":"status-publish","4":"has-post-thumbnail","6":"product_cat-spielzeugauto","7":"product_shipping_class-global_methods","9":"first","10":"instock","11":"taxable","12":"shipping-taxable","13":"purchasable","14":"product-type-simple"},"yoast_head":"<!-- This site is optimized with the Yoast SEO plugin v27.4 - https:\/\/yoast.com\/product\/yoast-seo-wordpress\/ -->\n<title>Hasbro Micro Machines Core Playset &quot;Car Tuner Garage Station&quot; | Jetzt kaufen | Schweizversand.ch<\/title>\n<meta name=\"description\" content=\"Hasbro Micro Machines Core Playset &quot;Car Tuner Garage Station&quot; g\u00fcnstig kaufen bei Schweizversand.ch. Schnelle Lieferung in der Schweiz. Gratisversand ab CHF 50.\" \/>\n<meta name=\"robots\" content=\"index, follow, max-snippet:-1, max-image-preview:large, max-video-preview:-1\" \/>\n<link rel=\"canonical\" href=\"https:\/\/schweizversand.ch\/it\/produkt\/hasbro-micro-machines-core-playset-car-tuner-garage-station\/\" \/>\n<meta property=\"og:locale\" content=\"it_IT\" \/>\n<meta property=\"og:type\" content=\"article\" \/>\n<meta property=\"og:title\" content=\"Hasbro Micro Machines Core Playset &quot;Car Tuner Garage Station&quot; | Jetzt kaufen | Schweizversand.ch\" \/>\n<meta property=\"og:description\" content=\"Hasbro Micro Machines Core Playset &quot;Car Tuner Garage Station&quot; g\u00fcnstig kaufen bei Schweizversand.ch. Schnelle Lieferung in der Schweiz. Gratisversand ab CHF 50.\" \/>\n<meta property=\"og:url\" content=\"https:\/\/schweizversand.ch\/it\/produkt\/hasbro-micro-machines-core-playset-car-tuner-garage-station\/\" \/>\n<meta property=\"og:site_name\" content=\"Schweizer Shop f\u00fcr Sport, Spiel und Freizeit\" \/>\n<meta property=\"article:publisher\" content=\"https:\/\/www.facebook.com\/Schweizversand\" \/>\n<meta property=\"article:modified_time\" content=\"2026-04-19T13:38:06+00:00\" \/>\n<meta property=\"og:image\" content=\"https:\/\/schweizversand.ch\/wp-content\/uploads\/2026\/02\/5472116609.jpg\" \/>\n\t<meta property=\"og:image:width\" content=\"1024\" \/>\n\t<meta property=\"og:image:height\" content=\"642\" \/>\n\t<meta property=\"og:image:type\" content=\"image\/jpeg\" \/>\n<meta name=\"twitter:card\" content=\"summary_large_image\" \/>\n<meta name=\"twitter:label1\" content=\"Tempo di lettura stimato\" \/>\n\t<meta name=\"twitter:data1\" content=\"2 minuto\" \/>\n<script type=\"application\/ld+json\" class=\"yoast-schema-graph\">{\"@context\":\"https:\\\/\\\/schema.org\",\"@graph\":[{\"@type\":\"WebPage\",\"@id\":\"https:\\\/\\\/schweizversand.ch\\\/it\\\/produkt\\\/hasbro-micro-machines-core-playset-car-tuner-garage-station\\\/\",\"url\":\"https:\\\/\\\/schweizversand.ch\\\/it\\\/produkt\\\/hasbro-micro-machines-core-playset-car-tuner-garage-station\\\/\",\"name\":\"Hasbro Micro Machines Core Playset \\\"Car Tuner Garage Station\\\" | Jetzt kaufen | Schweizversand.ch\",\"isPartOf\":{\"@id\":\"https:\\\/\\\/schweizversand.ch\\\/it\\\/#website\"},\"primaryImageOfPage\":{\"@id\":\"https:\\\/\\\/schweizversand.ch\\\/it\\\/produkt\\\/hasbro-micro-machines-core-playset-car-tuner-garage-station\\\/#primaryimage\"},\"image\":{\"@id\":\"https:\\\/\\\/schweizversand.ch\\\/it\\\/produkt\\\/hasbro-micro-machines-core-playset-car-tuner-garage-station\\\/#primaryimage\"},\"thumbnailUrl\":\"https:\\\/\\\/schweizversand.ch\\\/wp-content\\\/uploads\\\/2026\\\/02\\\/5472116609.jpg\",\"datePublished\":\"2026-03-14T23:57:33+00:00\",\"dateModified\":\"2026-04-19T13:38:06+00:00\",\"description\":\"Hasbro Micro Machines Core Playset \\\"Car Tuner Garage Station\\\" g\u00fcnstig kaufen bei Schweizversand.ch. Schnelle Lieferung in der Schweiz. Gratisversand ab CHF 50.\",\"breadcrumb\":{\"@id\":\"https:\\\/\\\/schweizversand.ch\\\/it\\\/produkt\\\/hasbro-micro-machines-core-playset-car-tuner-garage-station\\\/#breadcrumb\"},\"inLanguage\":\"it-IT\",\"potentialAction\":[{\"@type\":\"ReadAction\",\"target\":[\"https:\\\/\\\/schweizversand.ch\\\/it\\\/produkt\\\/hasbro-micro-machines-core-playset-car-tuner-garage-station\\\/\"]}]},{\"@type\":\"ImageObject\",\"inLanguage\":\"it-IT\",\"@id\":\"https:\\\/\\\/schweizversand.ch\\\/it\\\/produkt\\\/hasbro-micro-machines-core-playset-car-tuner-garage-station\\\/#primaryimage\",\"url\":\"https:\\\/\\\/schweizversand.ch\\\/wp-content\\\/uploads\\\/2026\\\/02\\\/5472116609.jpg\",\"contentUrl\":\"https:\\\/\\\/schweizversand.ch\\\/wp-content\\\/uploads\\\/2026\\\/02\\\/5472116609.jpg\",\"width\":1024,\"height\":642},{\"@type\":\"BreadcrumbList\",\"@id\":\"https:\\\/\\\/schweizversand.ch\\\/it\\\/produkt\\\/hasbro-micro-machines-core-playset-car-tuner-garage-station\\\/#breadcrumb\",\"itemListElement\":[{\"@type\":\"ListItem\",\"position\":1,\"name\":\"Startseite\",\"item\":\"https:\\\/\\\/schweizversand.ch\\\/it\\\/home\\\/\"},{\"@type\":\"ListItem\",\"position\":2,\"name\":\"Shop\",\"item\":\"https:\\\/\\\/schweizversand.ch\\\/it\\\/shop\\\/\"},{\"@type\":\"ListItem\",\"position\":3,\"name\":\"Giocattoli e giochi\",\"item\":\"https:\\\/\\\/schweizversand.ch\\\/it\\\/produkt-kategorie\\\/giocattoli-e-giochi\\\/\"},{\"@type\":\"ListItem\",\"position\":4,\"name\":\"Veicoli giocattolo\",\"item\":\"https:\\\/\\\/schweizversand.ch\\\/it\\\/produkt-kategorie\\\/giocattoli-e-giochi\\\/veicoli-giocattolo\\\/\"},{\"@type\":\"ListItem\",\"position\":5,\"name\":\"Macchinine giocattolo\",\"item\":\"https:\\\/\\\/schweizversand.ch\\\/it\\\/produkt-kategorie\\\/giocattoli-e-giochi\\\/veicoli-giocattolo\\\/spielzeugauto\\\/\"},{\"@type\":\"ListItem\",\"position\":6,\"name\":\"Hasbro Micro Machines Core Playset &#8222;Stazione di officina per messa a punto auto&#8220;\"}]},{\"@type\":\"WebSite\",\"@id\":\"https:\\\/\\\/schweizversand.ch\\\/it\\\/#website\",\"url\":\"https:\\\/\\\/schweizversand.ch\\\/it\\\/\",\"name\":\"Schweizer Shop f\u00fcr Sport, Spiel und Freizeit\",\"description\":\"Gratisversand ab 50.- (netto), ab eigenem schweizer Lager, Lieferung innert 48h\",\"publisher\":{\"@id\":\"https:\\\/\\\/schweizversand.ch\\\/it\\\/#organization\"},\"alternateName\":\"Schweizversand.ch\",\"potentialAction\":[{\"@type\":\"SearchAction\",\"target\":{\"@type\":\"EntryPoint\",\"urlTemplate\":\"https:\\\/\\\/schweizversand.ch\\\/it\\\/?s={search_term_string}\"},\"query-input\":{\"@type\":\"PropertyValueSpecification\",\"valueRequired\":true,\"valueName\":\"search_term_string\"}}],\"inLanguage\":\"it-IT\"},{\"@type\":\"Organization\",\"@id\":\"https:\\\/\\\/schweizversand.ch\\\/it\\\/#organization\",\"name\":\"Schweizversand.ch\",\"url\":\"https:\\\/\\\/schweizversand.ch\\\/it\\\/\",\"logo\":{\"@type\":\"ImageObject\",\"inLanguage\":\"it-IT\",\"@id\":\"https:\\\/\\\/schweizversand.ch\\\/it\\\/#\\\/schema\\\/logo\\\/image\\\/\",\"url\":\"https:\\\/\\\/schweizversand.ch\\\/wp-content\\\/uploads\\\/2026\\\/03\\\/Logo_Rund_Final-1.png\",\"contentUrl\":\"https:\\\/\\\/schweizversand.ch\\\/wp-content\\\/uploads\\\/2026\\\/03\\\/Logo_Rund_Final-1.png\",\"width\":404,\"height\":404,\"caption\":\"Schweizversand.ch\"},\"image\":{\"@id\":\"https:\\\/\\\/schweizversand.ch\\\/it\\\/#\\\/schema\\\/logo\\\/image\\\/\"},\"sameAs\":[\"https:\\\/\\\/www.facebook.com\\\/Schweizversand\",\"https:\\\/\\\/www.instagram.com\\\/schweizversand.ch\\\/\"]}]}<\/script>\n<!-- \/ Yoast SEO plugin. -->","yoast_head_json":{"title":"Hasbro Micro Machines Core Playset \"Car Tuner Garage Station\" | Jetzt kaufen | Schweizversand.ch","description":"Hasbro Micro Machines Core Playset \"Car Tuner Garage Station\" g\u00fcnstig kaufen bei Schweizversand.ch. Schnelle Lieferung in der Schweiz. Gratisversand ab CHF 50.","robots":{"index":"index","follow":"follow","max-snippet":"max-snippet:-1","max-image-preview":"max-image-preview:large","max-video-preview":"max-video-preview:-1"},"canonical":"https:\/\/schweizversand.ch\/it\/produkt\/hasbro-micro-machines-core-playset-car-tuner-garage-station\/","og_locale":"it_IT","og_type":"article","og_title":"Hasbro Micro Machines Core Playset \"Car Tuner Garage Station\" | Jetzt kaufen | Schweizversand.ch","og_description":"Hasbro Micro Machines Core Playset \"Car Tuner Garage Station\" g\u00fcnstig kaufen bei Schweizversand.ch. Schnelle Lieferung in der Schweiz. Gratisversand ab CHF 50.","og_url":"https:\/\/schweizversand.ch\/it\/produkt\/hasbro-micro-machines-core-playset-car-tuner-garage-station\/","og_site_name":"Schweizer Shop f\u00fcr Sport, Spiel und Freizeit","article_publisher":"https:\/\/www.facebook.com\/Schweizversand","article_modified_time":"2026-04-19T13:38:06+00:00","og_image":[{"width":1024,"height":642,"url":"https:\/\/schweizversand.ch\/wp-content\/uploads\/2026\/02\/5472116609.jpg","type":"image\/jpeg"}],"twitter_card":"summary_large_image","twitter_misc":{"Tempo di lettura stimato":"2 minuto"},"schema":{"@context":"https:\/\/schema.org","@graph":[{"@type":"WebPage","@id":"https:\/\/schweizversand.ch\/it\/produkt\/hasbro-micro-machines-core-playset-car-tuner-garage-station\/","url":"https:\/\/schweizversand.ch\/it\/produkt\/hasbro-micro-machines-core-playset-car-tuner-garage-station\/","name":"Hasbro Micro Machines Core Playset \"Car Tuner Garage Station\" | Jetzt kaufen | Schweizversand.ch","isPartOf":{"@id":"https:\/\/schweizversand.ch\/it\/#website"},"primaryImageOfPage":{"@id":"https:\/\/schweizversand.ch\/it\/produkt\/hasbro-micro-machines-core-playset-car-tuner-garage-station\/#primaryimage"},"image":{"@id":"https:\/\/schweizversand.ch\/it\/produkt\/hasbro-micro-machines-core-playset-car-tuner-garage-station\/#primaryimage"},"thumbnailUrl":"https:\/\/schweizversand.ch\/wp-content\/uploads\/2026\/02\/5472116609.jpg","datePublished":"2026-03-14T23:57:33+00:00","dateModified":"2026-04-19T13:38:06+00:00","description":"Hasbro Micro Machines Core Playset \"Car Tuner Garage Station\" g\u00fcnstig kaufen bei Schweizversand.ch. Schnelle Lieferung in der Schweiz. Gratisversand ab CHF 50.","breadcrumb":{"@id":"https:\/\/schweizversand.ch\/it\/produkt\/hasbro-micro-machines-core-playset-car-tuner-garage-station\/#breadcrumb"},"inLanguage":"it-IT","potentialAction":[{"@type":"ReadAction","target":["https:\/\/schweizversand.ch\/it\/produkt\/hasbro-micro-machines-core-playset-car-tuner-garage-station\/"]}]},{"@type":"ImageObject","inLanguage":"it-IT","@id":"https:\/\/schweizversand.ch\/it\/produkt\/hasbro-micro-machines-core-playset-car-tuner-garage-station\/#primaryimage","url":"https:\/\/schweizversand.ch\/wp-content\/uploads\/2026\/02\/5472116609.jpg","contentUrl":"https:\/\/schweizversand.ch\/wp-content\/uploads\/2026\/02\/5472116609.jpg","width":1024,"height":642},{"@type":"BreadcrumbList","@id":"https:\/\/schweizversand.ch\/it\/produkt\/hasbro-micro-machines-core-playset-car-tuner-garage-station\/#breadcrumb","itemListElement":[{"@type":"ListItem","position":1,"name":"Startseite","item":"https:\/\/schweizversand.ch\/it\/home\/"},{"@type":"ListItem","position":2,"name":"Shop","item":"https:\/\/schweizversand.ch\/it\/shop\/"},{"@type":"ListItem","position":3,"name":"Giocattoli e giochi","item":"https:\/\/schweizversand.ch\/it\/produkt-kategorie\/giocattoli-e-giochi\/"},{"@type":"ListItem","position":4,"name":"Veicoli giocattolo","item":"https:\/\/schweizversand.ch\/it\/produkt-kategorie\/giocattoli-e-giochi\/veicoli-giocattolo\/"},{"@type":"ListItem","position":5,"name":"Macchinine giocattolo","item":"https:\/\/schweizversand.ch\/it\/produkt-kategorie\/giocattoli-e-giochi\/veicoli-giocattolo\/spielzeugauto\/"},{"@type":"ListItem","position":6,"name":"Hasbro Micro Machines Core Playset &#8222;Stazione di officina per messa a punto auto&#8220;"}]},{"@type":"WebSite","@id":"https:\/\/schweizversand.ch\/it\/#website","url":"https:\/\/schweizversand.ch\/it\/","name":"Schweizer Shop f\u00fcr Sport, Spiel und Freizeit","description":"Gratisversand ab 50.- (netto), ab eigenem schweizer Lager, Lieferung innert 48h","publisher":{"@id":"https:\/\/schweizversand.ch\/it\/#organization"},"alternateName":"Schweizversand.ch","potentialAction":[{"@type":"SearchAction","target":{"@type":"EntryPoint","urlTemplate":"https:\/\/schweizversand.ch\/it\/?s={search_term_string}"},"query-input":{"@type":"PropertyValueSpecification","valueRequired":true,"valueName":"search_term_string"}}],"inLanguage":"it-IT"},{"@type":"Organization","@id":"https:\/\/schweizversand.ch\/it\/#organization","name":"Schweizversand.ch","url":"https:\/\/schweizversand.ch\/it\/","logo":{"@type":"ImageObject","inLanguage":"it-IT","@id":"https:\/\/schweizversand.ch\/it\/#\/schema\/logo\/image\/","url":"https:\/\/schweizversand.ch\/wp-content\/uploads\/2026\/03\/Logo_Rund_Final-1.png","contentUrl":"https:\/\/schweizversand.ch\/wp-content\/uploads\/2026\/03\/Logo_Rund_Final-1.png","width":404,"height":404,"caption":"Schweizversand.ch"},"image":{"@id":"https:\/\/schweizversand.ch\/it\/#\/schema\/logo\/image\/"},"sameAs":["https:\/\/www.facebook.com\/Schweizversand","https:\/\/www.instagram.com\/schweizversand.ch\/"]}]}},"jetpack_sharing_enabled":true,"_links":{"self":[{"href":"https:\/\/schweizversand.ch\/it\/wp-json\/wp\/v2\/product\/256737","targetHints":{"allow":["GET"]}}],"collection":[{"href":"https:\/\/schweizversand.ch\/it\/wp-json\/wp\/v2\/product"}],"about":[{"href":"https:\/\/schweizversand.ch\/it\/wp-json\/wp\/v2\/types\/product"}],"replies":[{"embeddable":true,"href":"https:\/\/schweizversand.ch\/it\/wp-json\/wp\/v2\/comments?post=256737"}],"wp:featuredmedia":[{"embeddable":true,"href":"https:\/\/schweizversand.ch\/it\/wp-json\/wp\/v2\/media\/166268"}],"wp:attachment":[{"href":"https:\/\/schweizversand.ch\/it\/wp-json\/wp\/v2\/media?parent=256737"}],"wp:term":[{"taxonomy":"product_brand","embeddable":true,"href":"https:\/\/schweizversand.ch\/it\/wp-json\/wp\/v2\/product_brand?post=256737"},{"taxonomy":"product_cat","embeddable":true,"href":"https:\/\/schweizversand.ch\/it\/wp-json\/wp\/v2\/product_cat?post=256737"},{"taxonomy":"product_tag","embeddable":true,"href":"https:\/\/schweizversand.ch\/it\/wp-json\/wp\/v2\/product_tag?post=256737"}],"curies":[{"name":"wp","href":"https:\/\/api.w.org\/{rel}","templated":true}]}}