{"id":256765,"date":"2026-03-15T00:28:11","date_gmt":"2026-03-14T23:28:11","guid":{"rendered":"https:\/\/schweizversand.ch\/produkt\/lamaze-mops-popper\/"},"modified":"2026-04-19T02:06:03","modified_gmt":"2026-04-19T00:06:03","slug":"lamaze-mops-popper","status":"publish","type":"product","link":"https:\/\/schweizversand.ch\/it\/produkt\/lamaze-mops-popper\/","title":{"rendered":"Lamaze Pug Popper"},"content":{"rendered":"<h1><strong>Lamaze Pug Popper &#8211; Giocattolo per gattonare e inseguire<\/strong><\/h1>\n<div>Cerchi un giocattolo interattivo ed educativo che delizier\u00e0 il tuo bambino e ne svilupper\u00e0 le capacit\u00e0 motorie? Il <strong>Lamaze Pug Popper<\/strong> \u00e8 il giocattolo ideale per gattonare e inseguire, che garantisce ore di divertimento e supporta in modo ottimale lo sviluppo del tuo bambino dai 18 mesi in poi.<\/p>\n<\/div>\n<div><strong>Funzione unica &#8220;Prendi e scoppia&#8221;<\/strong><br \/>Questo innovativo <strong>giocattolo sensoriale per bambini<\/strong> utilizza un&#8217;affascinante funzione &#8220;prendi e scoppia&#8221; che catturer\u00e0 immediatamente l&#8217;attenzione del tuo bambino. Il tuo bambino deve semplicemente premere una delle due palline nella bocca del carlino, che esce con un divertente suono scoppiettante. Questa semplice azione favorisce la comprensione di causa ed effetto e regala grande gioia.<\/p>\n<\/div>\n<div><strong>Promuove lo sviluppo della prima infanzia<\/strong><br \/>Il Pug Popper \u00e8 appositamente progettato come <strong>giocattolo di sviluppo per i bambini dai 18 mesi<\/strong> per incoraggiare il gioco attivo nei pi\u00f9 piccoli. Il design \u00e8 facile da afferrare e incoraggia il bambino a rincorrere o gattonare il carlino. Questo lo rende il primo giocattolo attivo perfetto e supporta lo sviluppo delle <strong>capacit\u00e0 motorie grossolane<\/strong> e della <strong>coordinazione occhio-mano<\/strong>. Il giocattolo stimola anche i sensi visivi con i suoi colori vivaci.<\/p>\n<\/div>\n<div><strong>Giocattolo interattivo ideale per i pi\u00f9 piccoli<\/strong><br \/>Le palline incluse hanno diverse rientranze aperte, che facilitano la presa e il gioco da parte dei pi\u00f9 piccoli. Questa caratteristica supporta lo sviluppo delle <strong>capacit\u00e0 motorie fini<\/strong> e del senso del tatto. Il Lamaze Pug Popper non solo offre intrattenimento, ma \u00e8 anche un prezioso giocattolo didattico che cresce con le esigenze del bambino. <\/p>\n<\/div>\n<div><strong>Qualit\u00e0 e affidabilit\u00e0 Lamaze<\/strong><br \/>In qualit\u00e0 di rinomato produttore di giocattoli per bambini, Lamaze sviluppa prodotti basati su una ricerca dedicata per rafforzare il legame tra genitori e figli e promuovere in modo ottimale lo sviluppo. Con questo giocattolo, non solo regalerai al tuo bambino divertimento, ma anche un senso di sicurezza e comfort mentre impara giocando. <\/p>\n<\/div>\n<div><strong>Regalo perfetto per il baby shower<\/strong><br \/>Cerchi un regalo significativo e di alta qualit\u00e0 per i neogenitori? Il Pug Popper di Lamaze \u00e8 un eccellente regalo per il baby shower che delizier\u00e0 sia i bambini che le bambine dai 18 mesi in su. \u00c8 un regalo premuroso che mette al centro il gioco attivo e l&#8217;apprendimento.<\/p>\n<\/div>\n<div><strong>Caratteristiche e dettagli del prodotto<\/strong><br \/>&#8211; Et\u00e0 consigliata: dai 18 mesi<br \/>&#8211; Favorisce: capacit\u00e0 motorie grossolane, capacit\u00e0 motorie fini, coordinazione occhio-mano<br \/>&#8211; Funzione: meccanismo interattivo &#8220;pick-and-pop&#8221;<br \/>&#8211; Peso: solo 94,8 g<\/p>\n<\/div>\n<div>Investi nello sviluppo e nel divertimento del tuo bambino. Ordina oggi stesso il Lamaze Pug Popper e guarda il tuo bambino esplorare il mondo con gioia e migliorare le sue capacit\u00e0 motorie giocando.<\/p>\n<\/div>\n<div><\/div>\n","protected":false},"excerpt":{"rendered":"<p>Lamaze Pug Popper &#8211; Giocattolo per gattonare e inseguire Cerchi un giocattolo interattivo ed educativo che delizier\u00e0 il tuo bambino e ne svilupper\u00e0 le capacit\u00e0 motorie? Il Lamaze Pug Popper \u00e8 il giocattolo ideale per gattonare e inseguire, che garantisce ore di divertimento e supporta in modo ottimale lo sviluppo del tuo bambino dai 18 mesi in poi. Funzione unica &#8220;Prendi e scoppia&#8221;Questo innovativo giocattolo sensoriale per bambini utilizza un&#8217;affascinante funzione &#8220;prendi e scoppia&#8221; che&hellip;<\/p>\n","protected":false},"featured_media":158506,"comment_status":"open","ping_status":"closed","template":"","meta":[],"product_brand":[],"product_cat":[38201],"product_tag":[],"class_list":{"0":"post-256765","1":"product","2":"type-product","3":"status-publish","4":"has-post-thumbnail","6":"product_cat-spielsets","7":"product_shipping_class-global_methods","9":"first","10":"instock","11":"taxable","12":"shipping-taxable","13":"purchasable","14":"product-type-simple"},"yoast_head":"<!-- This site is optimized with the Yoast SEO plugin v27.4 - https:\/\/yoast.com\/product\/yoast-seo-wordpress\/ -->\n<title>Lamaze Mops Popper | Jetzt kaufen | Schweizversand.ch<\/title>\n<meta name=\"description\" content=\"Lamaze Mops Popper g\u00fcnstig kaufen bei Schweizversand.ch. Schnelle Lieferung in der Schweiz. Gratisversand ab CHF 50.\" \/>\n<meta name=\"robots\" content=\"index, follow, max-snippet:-1, max-image-preview:large, max-video-preview:-1\" \/>\n<link rel=\"canonical\" href=\"https:\/\/schweizversand.ch\/it\/produkt\/lamaze-mops-popper\/\" \/>\n<meta property=\"og:locale\" content=\"it_IT\" \/>\n<meta property=\"og:type\" content=\"article\" \/>\n<meta property=\"og:title\" content=\"Lamaze Mops Popper | Jetzt kaufen | Schweizversand.ch\" \/>\n<meta property=\"og:description\" content=\"Lamaze Mops Popper g\u00fcnstig kaufen bei Schweizversand.ch. Schnelle Lieferung in der Schweiz. Gratisversand ab CHF 50.\" \/>\n<meta property=\"og:url\" content=\"https:\/\/schweizversand.ch\/it\/produkt\/lamaze-mops-popper\/\" \/>\n<meta property=\"og:site_name\" content=\"Schweizer Shop f\u00fcr Sport, Spiel und Freizeit\" \/>\n<meta property=\"article:publisher\" content=\"https:\/\/www.facebook.com\/Schweizversand\" \/>\n<meta property=\"article:modified_time\" content=\"2026-04-19T00:06:03+00:00\" \/>\n<meta property=\"og:image\" content=\"https:\/\/schweizversand.ch\/wp-content\/uploads\/2026\/02\/5472108370.jpg\" \/>\n\t<meta property=\"og:image:width\" content=\"1024\" \/>\n\t<meta property=\"og:image:height\" content=\"1024\" \/>\n\t<meta property=\"og:image:type\" content=\"image\/jpeg\" \/>\n<meta name=\"twitter:card\" content=\"summary_large_image\" \/>\n<meta name=\"twitter:label1\" content=\"Tempo di lettura stimato\" \/>\n\t<meta name=\"twitter:data1\" content=\"2 minuto\" \/>\n<script type=\"application\/ld+json\" class=\"yoast-schema-graph\">{\"@context\":\"https:\\\/\\\/schema.org\",\"@graph\":[{\"@type\":\"WebPage\",\"@id\":\"https:\\\/\\\/schweizversand.ch\\\/it\\\/produkt\\\/lamaze-mops-popper\\\/\",\"url\":\"https:\\\/\\\/schweizversand.ch\\\/it\\\/produkt\\\/lamaze-mops-popper\\\/\",\"name\":\"Lamaze Mops Popper | Jetzt kaufen | Schweizversand.ch\",\"isPartOf\":{\"@id\":\"https:\\\/\\\/schweizversand.ch\\\/it\\\/#website\"},\"primaryImageOfPage\":{\"@id\":\"https:\\\/\\\/schweizversand.ch\\\/it\\\/produkt\\\/lamaze-mops-popper\\\/#primaryimage\"},\"image\":{\"@id\":\"https:\\\/\\\/schweizversand.ch\\\/it\\\/produkt\\\/lamaze-mops-popper\\\/#primaryimage\"},\"thumbnailUrl\":\"https:\\\/\\\/schweizversand.ch\\\/wp-content\\\/uploads\\\/2026\\\/02\\\/5472108370.jpg\",\"datePublished\":\"2026-03-14T23:28:11+00:00\",\"dateModified\":\"2026-04-19T00:06:03+00:00\",\"description\":\"Lamaze Mops Popper g\u00fcnstig kaufen bei Schweizversand.ch. Schnelle Lieferung in der Schweiz. Gratisversand ab CHF 50.\",\"breadcrumb\":{\"@id\":\"https:\\\/\\\/schweizversand.ch\\\/it\\\/produkt\\\/lamaze-mops-popper\\\/#breadcrumb\"},\"inLanguage\":\"it-IT\",\"potentialAction\":[{\"@type\":\"ReadAction\",\"target\":[\"https:\\\/\\\/schweizversand.ch\\\/it\\\/produkt\\\/lamaze-mops-popper\\\/\"]}]},{\"@type\":\"ImageObject\",\"inLanguage\":\"it-IT\",\"@id\":\"https:\\\/\\\/schweizversand.ch\\\/it\\\/produkt\\\/lamaze-mops-popper\\\/#primaryimage\",\"url\":\"https:\\\/\\\/schweizversand.ch\\\/wp-content\\\/uploads\\\/2026\\\/02\\\/5472108370.jpg\",\"contentUrl\":\"https:\\\/\\\/schweizversand.ch\\\/wp-content\\\/uploads\\\/2026\\\/02\\\/5472108370.jpg\",\"width\":1024,\"height\":1024},{\"@type\":\"BreadcrumbList\",\"@id\":\"https:\\\/\\\/schweizversand.ch\\\/it\\\/produkt\\\/lamaze-mops-popper\\\/#breadcrumb\",\"itemListElement\":[{\"@type\":\"ListItem\",\"position\":1,\"name\":\"Startseite\",\"item\":\"https:\\\/\\\/schweizversand.ch\\\/it\\\/home\\\/\"},{\"@type\":\"ListItem\",\"position\":2,\"name\":\"Shop\",\"item\":\"https:\\\/\\\/schweizversand.ch\\\/it\\\/shop\\\/\"},{\"@type\":\"ListItem\",\"position\":3,\"name\":\"Bambini e genitori\",\"item\":\"https:\\\/\\\/schweizversand.ch\\\/it\\\/produkt-kategorie\\\/bambini-e-genitori\\\/\"},{\"@type\":\"ListItem\",\"position\":4,\"name\":\"Giocattoli per bambini\",\"item\":\"https:\\\/\\\/schweizversand.ch\\\/it\\\/produkt-kategorie\\\/bambini-e-genitori\\\/giocattoli-per-bambini\\\/\"},{\"@type\":\"ListItem\",\"position\":5,\"name\":\"Set da gioco\",\"item\":\"https:\\\/\\\/schweizversand.ch\\\/it\\\/produkt-kategorie\\\/bambini-e-genitori\\\/giocattoli-per-bambini\\\/spielsets\\\/\"},{\"@type\":\"ListItem\",\"position\":6,\"name\":\"Lamaze Pug Popper\"}]},{\"@type\":\"WebSite\",\"@id\":\"https:\\\/\\\/schweizversand.ch\\\/it\\\/#website\",\"url\":\"https:\\\/\\\/schweizversand.ch\\\/it\\\/\",\"name\":\"Schweizer Shop f\u00fcr Sport, Spiel und Freizeit\",\"description\":\"Gratisversand ab 50.- (netto), ab eigenem schweizer Lager, Lieferung innert 48h\",\"publisher\":{\"@id\":\"https:\\\/\\\/schweizversand.ch\\\/it\\\/#organization\"},\"alternateName\":\"Schweizversand.ch\",\"potentialAction\":[{\"@type\":\"SearchAction\",\"target\":{\"@type\":\"EntryPoint\",\"urlTemplate\":\"https:\\\/\\\/schweizversand.ch\\\/it\\\/?s={search_term_string}\"},\"query-input\":{\"@type\":\"PropertyValueSpecification\",\"valueRequired\":true,\"valueName\":\"search_term_string\"}}],\"inLanguage\":\"it-IT\"},{\"@type\":\"Organization\",\"@id\":\"https:\\\/\\\/schweizversand.ch\\\/it\\\/#organization\",\"name\":\"Schweizversand.ch\",\"url\":\"https:\\\/\\\/schweizversand.ch\\\/it\\\/\",\"logo\":{\"@type\":\"ImageObject\",\"inLanguage\":\"it-IT\",\"@id\":\"https:\\\/\\\/schweizversand.ch\\\/it\\\/#\\\/schema\\\/logo\\\/image\\\/\",\"url\":\"https:\\\/\\\/schweizversand.ch\\\/wp-content\\\/uploads\\\/2026\\\/03\\\/Logo_Rund_Final-1.png\",\"contentUrl\":\"https:\\\/\\\/schweizversand.ch\\\/wp-content\\\/uploads\\\/2026\\\/03\\\/Logo_Rund_Final-1.png\",\"width\":404,\"height\":404,\"caption\":\"Schweizversand.ch\"},\"image\":{\"@id\":\"https:\\\/\\\/schweizversand.ch\\\/it\\\/#\\\/schema\\\/logo\\\/image\\\/\"},\"sameAs\":[\"https:\\\/\\\/www.facebook.com\\\/Schweizversand\",\"https:\\\/\\\/www.instagram.com\\\/schweizversand.ch\\\/\"]}]}<\/script>\n<!-- \/ Yoast SEO plugin. -->","yoast_head_json":{"title":"Lamaze Mops Popper | Jetzt kaufen | Schweizversand.ch","description":"Lamaze Mops Popper g\u00fcnstig kaufen bei Schweizversand.ch. Schnelle Lieferung in der Schweiz. Gratisversand ab CHF 50.","robots":{"index":"index","follow":"follow","max-snippet":"max-snippet:-1","max-image-preview":"max-image-preview:large","max-video-preview":"max-video-preview:-1"},"canonical":"https:\/\/schweizversand.ch\/it\/produkt\/lamaze-mops-popper\/","og_locale":"it_IT","og_type":"article","og_title":"Lamaze Mops Popper | Jetzt kaufen | Schweizversand.ch","og_description":"Lamaze Mops Popper g\u00fcnstig kaufen bei Schweizversand.ch. Schnelle Lieferung in der Schweiz. Gratisversand ab CHF 50.","og_url":"https:\/\/schweizversand.ch\/it\/produkt\/lamaze-mops-popper\/","og_site_name":"Schweizer Shop f\u00fcr Sport, Spiel und Freizeit","article_publisher":"https:\/\/www.facebook.com\/Schweizversand","article_modified_time":"2026-04-19T00:06:03+00:00","og_image":[{"width":1024,"height":1024,"url":"https:\/\/schweizversand.ch\/wp-content\/uploads\/2026\/02\/5472108370.jpg","type":"image\/jpeg"}],"twitter_card":"summary_large_image","twitter_misc":{"Tempo di lettura stimato":"2 minuto"},"schema":{"@context":"https:\/\/schema.org","@graph":[{"@type":"WebPage","@id":"https:\/\/schweizversand.ch\/it\/produkt\/lamaze-mops-popper\/","url":"https:\/\/schweizversand.ch\/it\/produkt\/lamaze-mops-popper\/","name":"Lamaze Mops Popper | Jetzt kaufen | Schweizversand.ch","isPartOf":{"@id":"https:\/\/schweizversand.ch\/it\/#website"},"primaryImageOfPage":{"@id":"https:\/\/schweizversand.ch\/it\/produkt\/lamaze-mops-popper\/#primaryimage"},"image":{"@id":"https:\/\/schweizversand.ch\/it\/produkt\/lamaze-mops-popper\/#primaryimage"},"thumbnailUrl":"https:\/\/schweizversand.ch\/wp-content\/uploads\/2026\/02\/5472108370.jpg","datePublished":"2026-03-14T23:28:11+00:00","dateModified":"2026-04-19T00:06:03+00:00","description":"Lamaze Mops Popper g\u00fcnstig kaufen bei Schweizversand.ch. Schnelle Lieferung in der Schweiz. Gratisversand ab CHF 50.","breadcrumb":{"@id":"https:\/\/schweizversand.ch\/it\/produkt\/lamaze-mops-popper\/#breadcrumb"},"inLanguage":"it-IT","potentialAction":[{"@type":"ReadAction","target":["https:\/\/schweizversand.ch\/it\/produkt\/lamaze-mops-popper\/"]}]},{"@type":"ImageObject","inLanguage":"it-IT","@id":"https:\/\/schweizversand.ch\/it\/produkt\/lamaze-mops-popper\/#primaryimage","url":"https:\/\/schweizversand.ch\/wp-content\/uploads\/2026\/02\/5472108370.jpg","contentUrl":"https:\/\/schweizversand.ch\/wp-content\/uploads\/2026\/02\/5472108370.jpg","width":1024,"height":1024},{"@type":"BreadcrumbList","@id":"https:\/\/schweizversand.ch\/it\/produkt\/lamaze-mops-popper\/#breadcrumb","itemListElement":[{"@type":"ListItem","position":1,"name":"Startseite","item":"https:\/\/schweizversand.ch\/it\/home\/"},{"@type":"ListItem","position":2,"name":"Shop","item":"https:\/\/schweizversand.ch\/it\/shop\/"},{"@type":"ListItem","position":3,"name":"Bambini e genitori","item":"https:\/\/schweizversand.ch\/it\/produkt-kategorie\/bambini-e-genitori\/"},{"@type":"ListItem","position":4,"name":"Giocattoli per bambini","item":"https:\/\/schweizversand.ch\/it\/produkt-kategorie\/bambini-e-genitori\/giocattoli-per-bambini\/"},{"@type":"ListItem","position":5,"name":"Set da gioco","item":"https:\/\/schweizversand.ch\/it\/produkt-kategorie\/bambini-e-genitori\/giocattoli-per-bambini\/spielsets\/"},{"@type":"ListItem","position":6,"name":"Lamaze Pug Popper"}]},{"@type":"WebSite","@id":"https:\/\/schweizversand.ch\/it\/#website","url":"https:\/\/schweizversand.ch\/it\/","name":"Schweizer Shop f\u00fcr Sport, Spiel und Freizeit","description":"Gratisversand ab 50.- (netto), ab eigenem schweizer Lager, Lieferung innert 48h","publisher":{"@id":"https:\/\/schweizversand.ch\/it\/#organization"},"alternateName":"Schweizversand.ch","potentialAction":[{"@type":"SearchAction","target":{"@type":"EntryPoint","urlTemplate":"https:\/\/schweizversand.ch\/it\/?s={search_term_string}"},"query-input":{"@type":"PropertyValueSpecification","valueRequired":true,"valueName":"search_term_string"}}],"inLanguage":"it-IT"},{"@type":"Organization","@id":"https:\/\/schweizversand.ch\/it\/#organization","name":"Schweizversand.ch","url":"https:\/\/schweizversand.ch\/it\/","logo":{"@type":"ImageObject","inLanguage":"it-IT","@id":"https:\/\/schweizversand.ch\/it\/#\/schema\/logo\/image\/","url":"https:\/\/schweizversand.ch\/wp-content\/uploads\/2026\/03\/Logo_Rund_Final-1.png","contentUrl":"https:\/\/schweizversand.ch\/wp-content\/uploads\/2026\/03\/Logo_Rund_Final-1.png","width":404,"height":404,"caption":"Schweizversand.ch"},"image":{"@id":"https:\/\/schweizversand.ch\/it\/#\/schema\/logo\/image\/"},"sameAs":["https:\/\/www.facebook.com\/Schweizversand","https:\/\/www.instagram.com\/schweizversand.ch\/"]}]}},"jetpack_sharing_enabled":true,"_links":{"self":[{"href":"https:\/\/schweizversand.ch\/it\/wp-json\/wp\/v2\/product\/256765","targetHints":{"allow":["GET"]}}],"collection":[{"href":"https:\/\/schweizversand.ch\/it\/wp-json\/wp\/v2\/product"}],"about":[{"href":"https:\/\/schweizversand.ch\/it\/wp-json\/wp\/v2\/types\/product"}],"replies":[{"embeddable":true,"href":"https:\/\/schweizversand.ch\/it\/wp-json\/wp\/v2\/comments?post=256765"}],"wp:featuredmedia":[{"embeddable":true,"href":"https:\/\/schweizversand.ch\/it\/wp-json\/wp\/v2\/media\/158506"}],"wp:attachment":[{"href":"https:\/\/schweizversand.ch\/it\/wp-json\/wp\/v2\/media?parent=256765"}],"wp:term":[{"taxonomy":"product_brand","embeddable":true,"href":"https:\/\/schweizversand.ch\/it\/wp-json\/wp\/v2\/product_brand?post=256765"},{"taxonomy":"product_cat","embeddable":true,"href":"https:\/\/schweizversand.ch\/it\/wp-json\/wp\/v2\/product_cat?post=256765"},{"taxonomy":"product_tag","embeddable":true,"href":"https:\/\/schweizversand.ch\/it\/wp-json\/wp\/v2\/product_tag?post=256765"}],"curies":[{"name":"wp","href":"https:\/\/api.w.org\/{rel}","templated":true}]}}