{"id":256813,"date":"2026-03-15T00:55:00","date_gmt":"2026-03-14T23:55:00","guid":{"rendered":"https:\/\/schweizversand.ch\/produkt\/carta-media-puzzle-lebhafte-alpenwiese-1000-teile\/"},"modified":"2026-04-19T15:36:55","modified_gmt":"2026-04-19T13:36:55","slug":"carta-media-puzzle-lebhafte-alpenwiese-1000-teile","status":"publish","type":"product","link":"https:\/\/schweizversand.ch\/it\/produkt\/carta-media-puzzle-lebhafte-alpenwiese-1000-teile\/","title":{"rendered":"Puzzle Carta Media &#8220;Prato alpino vivace&#8221; 1000 pezzi"},"content":{"rendered":"<div>Questo puzzle trasporta bambini e adulti in un mondo pieno di immaginazione e stimola in modo giocoso la loro creativit\u00e0 e le loro capacit\u00e0 motorie fini.<\/p>\n<\/div>\n<div>Un ritratto dell&#8217;artista Tina Stamelou:<\/p>\n<\/div>\n<div>Tina Stamelou \u00e8 nata in Grecia ma \u00e8 cresciuta in Gran Bretagna, dove ha studiato arte e tessuti e ha lavorato come designer, tra gli altri, per la rinomata azienda tessile svizzera Christian Fischbacher.<br \/>Pi\u00f9 di 30 anni fa, si \u00e8 trasferita nella sede centrale dell&#8217;azienda a San Gallo e, insieme ai suoi figli adulti, vive ancora oggi in Svizzera. La passione di Tina ora \u00e8 interamente rivolta all&#8217;illustrazione. Nelle sue nuove opere, si concentra sulla bellezza della natura, combinando piante, fiori, foglie e boccioli graziosi con uccelli, insetti e deliziosi ingredienti della cucina mediterranea. Un fringuello giallo appollaiato in posizione di osservazione su un limone \u00e8 solo una delle tante immagini che ispirano la creativit\u00e0 di Tina, e ogni sua opera trasmette sentimenti di gioia e vivacit\u00e0.<\/p>\n<\/div>\n","protected":false},"excerpt":{"rendered":"<p>Questo puzzle trasporta bambini e adulti in un mondo pieno di immaginazione e stimola in modo giocoso la loro creativit\u00e0 e le loro capacit\u00e0 motorie fini. Un ritratto dell&#8217;artista Tina Stamelou: Tina Stamelou \u00e8 nata in Grecia ma \u00e8 cresciuta in Gran Bretagna, dove ha studiato arte e tessuti e ha lavorato come designer, tra gli altri, per la rinomata azienda tessile svizzera Christian Fischbacher.Pi\u00f9 di 30 anni fa, si \u00e8 trasferita nella sede centrale&hellip;<\/p>\n","protected":false},"featured_media":159383,"comment_status":"open","ping_status":"closed","template":"","meta":[],"product_brand":[],"product_cat":[38918],"product_tag":[],"class_list":{"0":"post-256813","1":"product","2":"type-product","3":"status-publish","4":"has-post-thumbnail","6":"product_cat-puzzle","7":"product_shipping_class-global_methods","9":"first","10":"instock","11":"taxable","12":"shipping-taxable","13":"purchasable","14":"product-type-simple"},"yoast_head":"<!-- This site is optimized with the Yoast SEO plugin v27.4 - https:\/\/yoast.com\/product\/yoast-seo-wordpress\/ -->\n<title>Carta Media Puzzle &quot;Lebhafte Alpenwiese&quot; 1000 Teile | Jetzt kaufen | Schweizversand.ch<\/title>\n<meta name=\"description\" content=\"Carta Media Puzzle &quot;Lebhafte Alpenwiese&quot; 1000 Teile g\u00fcnstig kaufen bei Schweizversand.ch. Schnelle Lieferung in der Schweiz. Gratisversand ab CHF 50.\" \/>\n<meta name=\"robots\" content=\"index, follow, max-snippet:-1, max-image-preview:large, max-video-preview:-1\" \/>\n<link rel=\"canonical\" href=\"https:\/\/schweizversand.ch\/it\/produkt\/carta-media-puzzle-lebhafte-alpenwiese-1000-teile\/\" \/>\n<meta property=\"og:locale\" content=\"it_IT\" \/>\n<meta property=\"og:type\" content=\"article\" \/>\n<meta property=\"og:title\" content=\"Carta Media Puzzle &quot;Lebhafte Alpenwiese&quot; 1000 Teile | Jetzt kaufen | Schweizversand.ch\" \/>\n<meta property=\"og:description\" content=\"Carta Media Puzzle &quot;Lebhafte Alpenwiese&quot; 1000 Teile g\u00fcnstig kaufen bei Schweizversand.ch. Schnelle Lieferung in der Schweiz. Gratisversand ab CHF 50.\" \/>\n<meta property=\"og:url\" content=\"https:\/\/schweizversand.ch\/it\/produkt\/carta-media-puzzle-lebhafte-alpenwiese-1000-teile\/\" \/>\n<meta property=\"og:site_name\" content=\"Schweizer Shop f\u00fcr Sport, Spiel und Freizeit\" \/>\n<meta property=\"article:publisher\" content=\"https:\/\/www.facebook.com\/Schweizversand\" \/>\n<meta property=\"article:modified_time\" content=\"2026-04-19T13:36:55+00:00\" \/>\n<meta property=\"og:image\" content=\"https:\/\/schweizversand.ch\/wp-content\/uploads\/2026\/02\/5471785993.jpg\" \/>\n\t<meta property=\"og:image:width\" content=\"1024\" \/>\n\t<meta property=\"og:image:height\" content=\"1024\" \/>\n\t<meta property=\"og:image:type\" content=\"image\/jpeg\" \/>\n<meta name=\"twitter:card\" content=\"summary_large_image\" \/>\n<meta name=\"twitter:label1\" content=\"Tempo di lettura stimato\" \/>\n\t<meta name=\"twitter:data1\" content=\"1 minuto\" \/>\n<script type=\"application\/ld+json\" class=\"yoast-schema-graph\">{\"@context\":\"https:\\\/\\\/schema.org\",\"@graph\":[{\"@type\":\"WebPage\",\"@id\":\"https:\\\/\\\/schweizversand.ch\\\/it\\\/produkt\\\/carta-media-puzzle-lebhafte-alpenwiese-1000-teile\\\/\",\"url\":\"https:\\\/\\\/schweizversand.ch\\\/it\\\/produkt\\\/carta-media-puzzle-lebhafte-alpenwiese-1000-teile\\\/\",\"name\":\"Carta Media Puzzle \\\"Lebhafte Alpenwiese\\\" 1000 Teile | Jetzt kaufen | Schweizversand.ch\",\"isPartOf\":{\"@id\":\"https:\\\/\\\/schweizversand.ch\\\/it\\\/#website\"},\"primaryImageOfPage\":{\"@id\":\"https:\\\/\\\/schweizversand.ch\\\/it\\\/produkt\\\/carta-media-puzzle-lebhafte-alpenwiese-1000-teile\\\/#primaryimage\"},\"image\":{\"@id\":\"https:\\\/\\\/schweizversand.ch\\\/it\\\/produkt\\\/carta-media-puzzle-lebhafte-alpenwiese-1000-teile\\\/#primaryimage\"},\"thumbnailUrl\":\"https:\\\/\\\/schweizversand.ch\\\/wp-content\\\/uploads\\\/2026\\\/02\\\/5471785993.jpg\",\"datePublished\":\"2026-03-14T23:55:00+00:00\",\"dateModified\":\"2026-04-19T13:36:55+00:00\",\"description\":\"Carta Media Puzzle \\\"Lebhafte Alpenwiese\\\" 1000 Teile g\u00fcnstig kaufen bei Schweizversand.ch. Schnelle Lieferung in der Schweiz. Gratisversand ab CHF 50.\",\"breadcrumb\":{\"@id\":\"https:\\\/\\\/schweizversand.ch\\\/it\\\/produkt\\\/carta-media-puzzle-lebhafte-alpenwiese-1000-teile\\\/#breadcrumb\"},\"inLanguage\":\"it-IT\",\"potentialAction\":[{\"@type\":\"ReadAction\",\"target\":[\"https:\\\/\\\/schweizversand.ch\\\/it\\\/produkt\\\/carta-media-puzzle-lebhafte-alpenwiese-1000-teile\\\/\"]}]},{\"@type\":\"ImageObject\",\"inLanguage\":\"it-IT\",\"@id\":\"https:\\\/\\\/schweizversand.ch\\\/it\\\/produkt\\\/carta-media-puzzle-lebhafte-alpenwiese-1000-teile\\\/#primaryimage\",\"url\":\"https:\\\/\\\/schweizversand.ch\\\/wp-content\\\/uploads\\\/2026\\\/02\\\/5471785993.jpg\",\"contentUrl\":\"https:\\\/\\\/schweizversand.ch\\\/wp-content\\\/uploads\\\/2026\\\/02\\\/5471785993.jpg\",\"width\":1024,\"height\":1024},{\"@type\":\"BreadcrumbList\",\"@id\":\"https:\\\/\\\/schweizversand.ch\\\/it\\\/produkt\\\/carta-media-puzzle-lebhafte-alpenwiese-1000-teile\\\/#breadcrumb\",\"itemListElement\":[{\"@type\":\"ListItem\",\"position\":1,\"name\":\"Startseite\",\"item\":\"https:\\\/\\\/schweizversand.ch\\\/it\\\/home\\\/\"},{\"@type\":\"ListItem\",\"position\":2,\"name\":\"Shop\",\"item\":\"https:\\\/\\\/schweizversand.ch\\\/it\\\/shop\\\/\"},{\"@type\":\"ListItem\",\"position\":3,\"name\":\"Giocattoli e giochi\",\"item\":\"https:\\\/\\\/schweizversand.ch\\\/it\\\/produkt-kategorie\\\/giocattoli-e-giochi\\\/\"},{\"@type\":\"ListItem\",\"position\":4,\"name\":\"Giochi e puzzle\",\"item\":\"https:\\\/\\\/schweizversand.ch\\\/it\\\/produkt-kategorie\\\/giocattoli-e-giochi\\\/giochi-e-puzzle\\\/\"},{\"@type\":\"ListItem\",\"position\":5,\"name\":\"Puzzle\",\"item\":\"https:\\\/\\\/schweizversand.ch\\\/en\\\/produkt-kategorie\\\/puzzle\\\/\"},{\"@type\":\"ListItem\",\"position\":6,\"name\":\"Puzzle Carta Media &#8222;Prato alpino vivace&#8220; 1000 pezzi\"}]},{\"@type\":\"WebSite\",\"@id\":\"https:\\\/\\\/schweizversand.ch\\\/it\\\/#website\",\"url\":\"https:\\\/\\\/schweizversand.ch\\\/it\\\/\",\"name\":\"Schweizer Shop f\u00fcr Sport, Spiel und Freizeit\",\"description\":\"Gratisversand ab 50.- (netto), ab eigenem schweizer Lager, Lieferung innert 48h\",\"publisher\":{\"@id\":\"https:\\\/\\\/schweizversand.ch\\\/it\\\/#organization\"},\"alternateName\":\"Schweizversand.ch\",\"potentialAction\":[{\"@type\":\"SearchAction\",\"target\":{\"@type\":\"EntryPoint\",\"urlTemplate\":\"https:\\\/\\\/schweizversand.ch\\\/it\\\/?s={search_term_string}\"},\"query-input\":{\"@type\":\"PropertyValueSpecification\",\"valueRequired\":true,\"valueName\":\"search_term_string\"}}],\"inLanguage\":\"it-IT\"},{\"@type\":\"Organization\",\"@id\":\"https:\\\/\\\/schweizversand.ch\\\/it\\\/#organization\",\"name\":\"Schweizversand.ch\",\"url\":\"https:\\\/\\\/schweizversand.ch\\\/it\\\/\",\"logo\":{\"@type\":\"ImageObject\",\"inLanguage\":\"it-IT\",\"@id\":\"https:\\\/\\\/schweizversand.ch\\\/it\\\/#\\\/schema\\\/logo\\\/image\\\/\",\"url\":\"https:\\\/\\\/schweizversand.ch\\\/wp-content\\\/uploads\\\/2026\\\/03\\\/Logo_Rund_Final-1.png\",\"contentUrl\":\"https:\\\/\\\/schweizversand.ch\\\/wp-content\\\/uploads\\\/2026\\\/03\\\/Logo_Rund_Final-1.png\",\"width\":404,\"height\":404,\"caption\":\"Schweizversand.ch\"},\"image\":{\"@id\":\"https:\\\/\\\/schweizversand.ch\\\/it\\\/#\\\/schema\\\/logo\\\/image\\\/\"},\"sameAs\":[\"https:\\\/\\\/www.facebook.com\\\/Schweizversand\",\"https:\\\/\\\/www.instagram.com\\\/schweizversand.ch\\\/\"]}]}<\/script>\n<!-- \/ Yoast SEO plugin. -->","yoast_head_json":{"title":"Carta Media Puzzle \"Lebhafte Alpenwiese\" 1000 Teile | Jetzt kaufen | Schweizversand.ch","description":"Carta Media Puzzle \"Lebhafte Alpenwiese\" 1000 Teile g\u00fcnstig kaufen bei Schweizversand.ch. Schnelle Lieferung in der Schweiz. Gratisversand ab CHF 50.","robots":{"index":"index","follow":"follow","max-snippet":"max-snippet:-1","max-image-preview":"max-image-preview:large","max-video-preview":"max-video-preview:-1"},"canonical":"https:\/\/schweizversand.ch\/it\/produkt\/carta-media-puzzle-lebhafte-alpenwiese-1000-teile\/","og_locale":"it_IT","og_type":"article","og_title":"Carta Media Puzzle \"Lebhafte Alpenwiese\" 1000 Teile | Jetzt kaufen | Schweizversand.ch","og_description":"Carta Media Puzzle \"Lebhafte Alpenwiese\" 1000 Teile g\u00fcnstig kaufen bei Schweizversand.ch. Schnelle Lieferung in der Schweiz. Gratisversand ab CHF 50.","og_url":"https:\/\/schweizversand.ch\/it\/produkt\/carta-media-puzzle-lebhafte-alpenwiese-1000-teile\/","og_site_name":"Schweizer Shop f\u00fcr Sport, Spiel und Freizeit","article_publisher":"https:\/\/www.facebook.com\/Schweizversand","article_modified_time":"2026-04-19T13:36:55+00:00","og_image":[{"width":1024,"height":1024,"url":"https:\/\/schweizversand.ch\/wp-content\/uploads\/2026\/02\/5471785993.jpg","type":"image\/jpeg"}],"twitter_card":"summary_large_image","twitter_misc":{"Tempo di lettura stimato":"1 minuto"},"schema":{"@context":"https:\/\/schema.org","@graph":[{"@type":"WebPage","@id":"https:\/\/schweizversand.ch\/it\/produkt\/carta-media-puzzle-lebhafte-alpenwiese-1000-teile\/","url":"https:\/\/schweizversand.ch\/it\/produkt\/carta-media-puzzle-lebhafte-alpenwiese-1000-teile\/","name":"Carta Media Puzzle \"Lebhafte Alpenwiese\" 1000 Teile | Jetzt kaufen | Schweizversand.ch","isPartOf":{"@id":"https:\/\/schweizversand.ch\/it\/#website"},"primaryImageOfPage":{"@id":"https:\/\/schweizversand.ch\/it\/produkt\/carta-media-puzzle-lebhafte-alpenwiese-1000-teile\/#primaryimage"},"image":{"@id":"https:\/\/schweizversand.ch\/it\/produkt\/carta-media-puzzle-lebhafte-alpenwiese-1000-teile\/#primaryimage"},"thumbnailUrl":"https:\/\/schweizversand.ch\/wp-content\/uploads\/2026\/02\/5471785993.jpg","datePublished":"2026-03-14T23:55:00+00:00","dateModified":"2026-04-19T13:36:55+00:00","description":"Carta Media Puzzle \"Lebhafte Alpenwiese\" 1000 Teile g\u00fcnstig kaufen bei Schweizversand.ch. Schnelle Lieferung in der Schweiz. Gratisversand ab CHF 50.","breadcrumb":{"@id":"https:\/\/schweizversand.ch\/it\/produkt\/carta-media-puzzle-lebhafte-alpenwiese-1000-teile\/#breadcrumb"},"inLanguage":"it-IT","potentialAction":[{"@type":"ReadAction","target":["https:\/\/schweizversand.ch\/it\/produkt\/carta-media-puzzle-lebhafte-alpenwiese-1000-teile\/"]}]},{"@type":"ImageObject","inLanguage":"it-IT","@id":"https:\/\/schweizversand.ch\/it\/produkt\/carta-media-puzzle-lebhafte-alpenwiese-1000-teile\/#primaryimage","url":"https:\/\/schweizversand.ch\/wp-content\/uploads\/2026\/02\/5471785993.jpg","contentUrl":"https:\/\/schweizversand.ch\/wp-content\/uploads\/2026\/02\/5471785993.jpg","width":1024,"height":1024},{"@type":"BreadcrumbList","@id":"https:\/\/schweizversand.ch\/it\/produkt\/carta-media-puzzle-lebhafte-alpenwiese-1000-teile\/#breadcrumb","itemListElement":[{"@type":"ListItem","position":1,"name":"Startseite","item":"https:\/\/schweizversand.ch\/it\/home\/"},{"@type":"ListItem","position":2,"name":"Shop","item":"https:\/\/schweizversand.ch\/it\/shop\/"},{"@type":"ListItem","position":3,"name":"Giocattoli e giochi","item":"https:\/\/schweizversand.ch\/it\/produkt-kategorie\/giocattoli-e-giochi\/"},{"@type":"ListItem","position":4,"name":"Giochi e puzzle","item":"https:\/\/schweizversand.ch\/it\/produkt-kategorie\/giocattoli-e-giochi\/giochi-e-puzzle\/"},{"@type":"ListItem","position":5,"name":"Puzzle","item":"https:\/\/schweizversand.ch\/en\/produkt-kategorie\/puzzle\/"},{"@type":"ListItem","position":6,"name":"Puzzle Carta Media &#8222;Prato alpino vivace&#8220; 1000 pezzi"}]},{"@type":"WebSite","@id":"https:\/\/schweizversand.ch\/it\/#website","url":"https:\/\/schweizversand.ch\/it\/","name":"Schweizer Shop f\u00fcr Sport, Spiel und Freizeit","description":"Gratisversand ab 50.- (netto), ab eigenem schweizer Lager, Lieferung innert 48h","publisher":{"@id":"https:\/\/schweizversand.ch\/it\/#organization"},"alternateName":"Schweizversand.ch","potentialAction":[{"@type":"SearchAction","target":{"@type":"EntryPoint","urlTemplate":"https:\/\/schweizversand.ch\/it\/?s={search_term_string}"},"query-input":{"@type":"PropertyValueSpecification","valueRequired":true,"valueName":"search_term_string"}}],"inLanguage":"it-IT"},{"@type":"Organization","@id":"https:\/\/schweizversand.ch\/it\/#organization","name":"Schweizversand.ch","url":"https:\/\/schweizversand.ch\/it\/","logo":{"@type":"ImageObject","inLanguage":"it-IT","@id":"https:\/\/schweizversand.ch\/it\/#\/schema\/logo\/image\/","url":"https:\/\/schweizversand.ch\/wp-content\/uploads\/2026\/03\/Logo_Rund_Final-1.png","contentUrl":"https:\/\/schweizversand.ch\/wp-content\/uploads\/2026\/03\/Logo_Rund_Final-1.png","width":404,"height":404,"caption":"Schweizversand.ch"},"image":{"@id":"https:\/\/schweizversand.ch\/it\/#\/schema\/logo\/image\/"},"sameAs":["https:\/\/www.facebook.com\/Schweizversand","https:\/\/www.instagram.com\/schweizversand.ch\/"]}]}},"jetpack_sharing_enabled":true,"_links":{"self":[{"href":"https:\/\/schweizversand.ch\/it\/wp-json\/wp\/v2\/product\/256813","targetHints":{"allow":["GET"]}}],"collection":[{"href":"https:\/\/schweizversand.ch\/it\/wp-json\/wp\/v2\/product"}],"about":[{"href":"https:\/\/schweizversand.ch\/it\/wp-json\/wp\/v2\/types\/product"}],"replies":[{"embeddable":true,"href":"https:\/\/schweizversand.ch\/it\/wp-json\/wp\/v2\/comments?post=256813"}],"wp:featuredmedia":[{"embeddable":true,"href":"https:\/\/schweizversand.ch\/it\/wp-json\/wp\/v2\/media\/159383"}],"wp:attachment":[{"href":"https:\/\/schweizversand.ch\/it\/wp-json\/wp\/v2\/media?parent=256813"}],"wp:term":[{"taxonomy":"product_brand","embeddable":true,"href":"https:\/\/schweizversand.ch\/it\/wp-json\/wp\/v2\/product_brand?post=256813"},{"taxonomy":"product_cat","embeddable":true,"href":"https:\/\/schweizversand.ch\/it\/wp-json\/wp\/v2\/product_cat?post=256813"},{"taxonomy":"product_tag","embeddable":true,"href":"https:\/\/schweizversand.ch\/it\/wp-json\/wp\/v2\/product_tag?post=256813"}],"curies":[{"name":"wp","href":"https:\/\/api.w.org\/{rel}","templated":true}]}}