{"id":256831,"date":"2026-03-15T00:57:05","date_gmt":"2026-03-14T23:57:05","guid":{"rendered":"https:\/\/schweizversand.ch\/produkt\/kynast-schwerlastregal-175kg-pro-boden\/"},"modified":"2026-04-22T15:37:09","modified_gmt":"2026-04-22T13:37:09","slug":"kynast-schwerlastregal-175kg-pro-boden","status":"publish","type":"product","link":"https:\/\/schweizversand.ch\/it\/produkt\/kynast-schwerlastregal-175kg-pro-boden\/","title":{"rendered":"Scaffalatura per carichi pesanti Kynast, 175 kg per ripiano"},"content":{"rendered":"<p>Questa scaffalatura a incastro per carichi pesanti \u00e8 un&#8217;ottima soluzione di stoccaggio per un&#8217;ampia variet\u00e0 di applicazioni. Ecco le caratteristiche principali: \u2022 Struttura robusta: realizzata con telaio in acciaio zincato e traverse per durata e stabilit\u00e0. \u2022 Ripiani: realizzati in MDF e con una capacit\u00e0 di carico di 175 kg per ripiano (con carico uniformemente distribuito). La scaffalatura pu\u00f2 supportare fino a 875 kg di peso uniformemente distribuito. \u2022 Configurazione personalizzabile: i ripiani regolabili consentono diverse opzioni di montaggio. \u2022 Facilit\u00e0 di montaggio: i collegamenti a innesto consentono un montaggio semplice senza bisogno di attrezzi. Questa scaffalatura \u00e8 ideale per magazzini, officine e altri ambienti in cui \u00e8 necessario immagazzinare prodotti pesanti in modo sicuro ed efficiente. \u00c8 relativamente leggera, con un peso di 13,2 kg, il che la rende anche facile da trasportare o riorganizzare.<\/p>\n","protected":false},"excerpt":{"rendered":"<p>Questa scaffalatura a incastro per carichi pesanti \u00e8 un&#8217;ottima soluzione di stoccaggio per un&#8217;ampia variet\u00e0 di applicazioni. Ecco le caratteristiche principali: \u2022 Struttura robusta: realizzata con telaio in acciaio zincato e traverse per durata e stabilit\u00e0. \u2022 Ripiani: realizzati in MDF e con una capacit\u00e0 di carico di 175 kg per ripiano (con carico uniformemente distribuito). La scaffalatura pu\u00f2 supportare fino a 875 kg di peso uniformemente distribuito. \u2022 Configurazione personalizzabile: i ripiani regolabili consentono&hellip;<\/p>\n","protected":false},"featured_media":164849,"comment_status":"open","ping_status":"closed","template":"","meta":[],"product_brand":[],"product_cat":[39018],"product_tag":[],"class_list":{"0":"post-256831","1":"product","2":"type-product","3":"status-publish","4":"has-post-thumbnail","6":"product_cat-regale","7":"product_shipping_class-global_methods","9":"first","10":"instock","11":"taxable","12":"shipping-taxable","13":"purchasable","14":"product-type-simple"},"yoast_head":"<!-- This site is optimized with the Yoast SEO plugin v27.4 - https:\/\/yoast.com\/product\/yoast-seo-wordpress\/ -->\n<title>Kynast Schwerlastregal 175kg pro Boden | Jetzt kaufen | Schweizversand.ch<\/title>\n<meta name=\"description\" content=\"Kynast Schwerlastregal 175kg pro Boden g\u00fcnstig kaufen bei Schweizversand.ch. Schnelle Lieferung in der Schweiz. Gratisversand ab CHF 50.\" \/>\n<meta name=\"robots\" content=\"index, follow, max-snippet:-1, max-image-preview:large, max-video-preview:-1\" \/>\n<link rel=\"canonical\" href=\"https:\/\/schweizversand.ch\/it\/produkt\/kynast-schwerlastregal-175kg-pro-boden\/\" \/>\n<meta property=\"og:locale\" content=\"it_IT\" \/>\n<meta property=\"og:type\" content=\"article\" \/>\n<meta property=\"og:title\" content=\"Kynast Schwerlastregal 175kg pro Boden | Jetzt kaufen | Schweizversand.ch\" \/>\n<meta property=\"og:description\" content=\"Kynast Schwerlastregal 175kg pro Boden g\u00fcnstig kaufen bei Schweizversand.ch. Schnelle Lieferung in der Schweiz. Gratisversand ab CHF 50.\" \/>\n<meta property=\"og:url\" content=\"https:\/\/schweizversand.ch\/it\/produkt\/kynast-schwerlastregal-175kg-pro-boden\/\" \/>\n<meta property=\"og:site_name\" content=\"Schweizer Shop f\u00fcr Sport, Spiel und Freizeit\" \/>\n<meta property=\"article:publisher\" content=\"https:\/\/www.facebook.com\/Schweizversand\" \/>\n<meta property=\"article:modified_time\" content=\"2026-04-22T13:37:09+00:00\" \/>\n<meta property=\"og:image\" content=\"https:\/\/schweizversand.ch\/wp-content\/uploads\/2026\/02\/5471536008.jpg\" \/>\n\t<meta property=\"og:image:width\" content=\"578\" \/>\n\t<meta property=\"og:image:height\" content=\"1024\" \/>\n\t<meta property=\"og:image:type\" content=\"image\/jpeg\" \/>\n<meta name=\"twitter:card\" content=\"summary_large_image\" \/>\n<meta name=\"twitter:label1\" content=\"Tempo di lettura stimato\" \/>\n\t<meta name=\"twitter:data1\" content=\"1 minuto\" \/>\n<script type=\"application\/ld+json\" class=\"yoast-schema-graph\">{\"@context\":\"https:\\\/\\\/schema.org\",\"@graph\":[{\"@type\":\"WebPage\",\"@id\":\"https:\\\/\\\/schweizversand.ch\\\/it\\\/produkt\\\/kynast-schwerlastregal-175kg-pro-boden\\\/\",\"url\":\"https:\\\/\\\/schweizversand.ch\\\/it\\\/produkt\\\/kynast-schwerlastregal-175kg-pro-boden\\\/\",\"name\":\"Kynast Schwerlastregal 175kg pro Boden | Jetzt kaufen | Schweizversand.ch\",\"isPartOf\":{\"@id\":\"https:\\\/\\\/schweizversand.ch\\\/it\\\/#website\"},\"primaryImageOfPage\":{\"@id\":\"https:\\\/\\\/schweizversand.ch\\\/it\\\/produkt\\\/kynast-schwerlastregal-175kg-pro-boden\\\/#primaryimage\"},\"image\":{\"@id\":\"https:\\\/\\\/schweizversand.ch\\\/it\\\/produkt\\\/kynast-schwerlastregal-175kg-pro-boden\\\/#primaryimage\"},\"thumbnailUrl\":\"https:\\\/\\\/schweizversand.ch\\\/wp-content\\\/uploads\\\/2026\\\/02\\\/5471536008.jpg\",\"datePublished\":\"2026-03-14T23:57:05+00:00\",\"dateModified\":\"2026-04-22T13:37:09+00:00\",\"description\":\"Kynast Schwerlastregal 175kg pro Boden g\u00fcnstig kaufen bei Schweizversand.ch. Schnelle Lieferung in der Schweiz. Gratisversand ab CHF 50.\",\"breadcrumb\":{\"@id\":\"https:\\\/\\\/schweizversand.ch\\\/it\\\/produkt\\\/kynast-schwerlastregal-175kg-pro-boden\\\/#breadcrumb\"},\"inLanguage\":\"it-IT\",\"potentialAction\":[{\"@type\":\"ReadAction\",\"target\":[\"https:\\\/\\\/schweizversand.ch\\\/it\\\/produkt\\\/kynast-schwerlastregal-175kg-pro-boden\\\/\"]}]},{\"@type\":\"ImageObject\",\"inLanguage\":\"it-IT\",\"@id\":\"https:\\\/\\\/schweizversand.ch\\\/it\\\/produkt\\\/kynast-schwerlastregal-175kg-pro-boden\\\/#primaryimage\",\"url\":\"https:\\\/\\\/schweizversand.ch\\\/wp-content\\\/uploads\\\/2026\\\/02\\\/5471536008.jpg\",\"contentUrl\":\"https:\\\/\\\/schweizversand.ch\\\/wp-content\\\/uploads\\\/2026\\\/02\\\/5471536008.jpg\",\"width\":578,\"height\":1024},{\"@type\":\"BreadcrumbList\",\"@id\":\"https:\\\/\\\/schweizversand.ch\\\/it\\\/produkt\\\/kynast-schwerlastregal-175kg-pro-boden\\\/#breadcrumb\",\"itemListElement\":[{\"@type\":\"ListItem\",\"position\":1,\"name\":\"Startseite\",\"item\":\"https:\\\/\\\/schweizversand.ch\\\/it\\\/home\\\/\"},{\"@type\":\"ListItem\",\"position\":2,\"name\":\"Shop\",\"item\":\"https:\\\/\\\/schweizversand.ch\\\/it\\\/shop\\\/\"},{\"@type\":\"ListItem\",\"position\":3,\"name\":\"Home\",\"item\":\"https:\\\/\\\/schweizversand.ch\\\/it\\\/produkt-kategorie\\\/home\\\/\"},{\"@type\":\"ListItem\",\"position\":4,\"name\":\"Contenitori e organizzazione\",\"item\":\"https:\\\/\\\/schweizversand.ch\\\/it\\\/produkt-kategorie\\\/home\\\/conservazione-e-organizzazione\\\/\"},{\"@type\":\"ListItem\",\"position\":5,\"name\":\"Scaffali\",\"item\":\"https:\\\/\\\/schweizversand.ch\\\/en\\\/produkt-kategorie\\\/regale\\\/\"},{\"@type\":\"ListItem\",\"position\":6,\"name\":\"Scaffalatura per carichi pesanti Kynast, 175 kg per ripiano\"}]},{\"@type\":\"WebSite\",\"@id\":\"https:\\\/\\\/schweizversand.ch\\\/it\\\/#website\",\"url\":\"https:\\\/\\\/schweizversand.ch\\\/it\\\/\",\"name\":\"Schweizer Shop f\u00fcr Sport, Spiel und Freizeit\",\"description\":\"Gratisversand ab 50.- (netto), ab eigenem schweizer Lager, Lieferung innert 48h\",\"publisher\":{\"@id\":\"https:\\\/\\\/schweizversand.ch\\\/it\\\/#organization\"},\"alternateName\":\"Schweizversand.ch\",\"potentialAction\":[{\"@type\":\"SearchAction\",\"target\":{\"@type\":\"EntryPoint\",\"urlTemplate\":\"https:\\\/\\\/schweizversand.ch\\\/it\\\/?s={search_term_string}\"},\"query-input\":{\"@type\":\"PropertyValueSpecification\",\"valueRequired\":true,\"valueName\":\"search_term_string\"}}],\"inLanguage\":\"it-IT\"},{\"@type\":\"Organization\",\"@id\":\"https:\\\/\\\/schweizversand.ch\\\/it\\\/#organization\",\"name\":\"Schweizversand.ch\",\"url\":\"https:\\\/\\\/schweizversand.ch\\\/it\\\/\",\"logo\":{\"@type\":\"ImageObject\",\"inLanguage\":\"it-IT\",\"@id\":\"https:\\\/\\\/schweizversand.ch\\\/it\\\/#\\\/schema\\\/logo\\\/image\\\/\",\"url\":\"https:\\\/\\\/schweizversand.ch\\\/wp-content\\\/uploads\\\/2026\\\/03\\\/Logo_Rund_Final-1.png\",\"contentUrl\":\"https:\\\/\\\/schweizversand.ch\\\/wp-content\\\/uploads\\\/2026\\\/03\\\/Logo_Rund_Final-1.png\",\"width\":404,\"height\":404,\"caption\":\"Schweizversand.ch\"},\"image\":{\"@id\":\"https:\\\/\\\/schweizversand.ch\\\/it\\\/#\\\/schema\\\/logo\\\/image\\\/\"},\"sameAs\":[\"https:\\\/\\\/www.facebook.com\\\/Schweizversand\",\"https:\\\/\\\/www.instagram.com\\\/schweizversand.ch\\\/\"]}]}<\/script>\n<!-- \/ Yoast SEO plugin. -->","yoast_head_json":{"title":"Kynast Schwerlastregal 175kg pro Boden | Jetzt kaufen | Schweizversand.ch","description":"Kynast Schwerlastregal 175kg pro Boden g\u00fcnstig kaufen bei Schweizversand.ch. Schnelle Lieferung in der Schweiz. Gratisversand ab CHF 50.","robots":{"index":"index","follow":"follow","max-snippet":"max-snippet:-1","max-image-preview":"max-image-preview:large","max-video-preview":"max-video-preview:-1"},"canonical":"https:\/\/schweizversand.ch\/it\/produkt\/kynast-schwerlastregal-175kg-pro-boden\/","og_locale":"it_IT","og_type":"article","og_title":"Kynast Schwerlastregal 175kg pro Boden | Jetzt kaufen | Schweizversand.ch","og_description":"Kynast Schwerlastregal 175kg pro Boden g\u00fcnstig kaufen bei Schweizversand.ch. Schnelle Lieferung in der Schweiz. Gratisversand ab CHF 50.","og_url":"https:\/\/schweizversand.ch\/it\/produkt\/kynast-schwerlastregal-175kg-pro-boden\/","og_site_name":"Schweizer Shop f\u00fcr Sport, Spiel und Freizeit","article_publisher":"https:\/\/www.facebook.com\/Schweizversand","article_modified_time":"2026-04-22T13:37:09+00:00","og_image":[{"width":578,"height":1024,"url":"https:\/\/schweizversand.ch\/wp-content\/uploads\/2026\/02\/5471536008.jpg","type":"image\/jpeg"}],"twitter_card":"summary_large_image","twitter_misc":{"Tempo di lettura stimato":"1 minuto"},"schema":{"@context":"https:\/\/schema.org","@graph":[{"@type":"WebPage","@id":"https:\/\/schweizversand.ch\/it\/produkt\/kynast-schwerlastregal-175kg-pro-boden\/","url":"https:\/\/schweizversand.ch\/it\/produkt\/kynast-schwerlastregal-175kg-pro-boden\/","name":"Kynast Schwerlastregal 175kg pro Boden | Jetzt kaufen | Schweizversand.ch","isPartOf":{"@id":"https:\/\/schweizversand.ch\/it\/#website"},"primaryImageOfPage":{"@id":"https:\/\/schweizversand.ch\/it\/produkt\/kynast-schwerlastregal-175kg-pro-boden\/#primaryimage"},"image":{"@id":"https:\/\/schweizversand.ch\/it\/produkt\/kynast-schwerlastregal-175kg-pro-boden\/#primaryimage"},"thumbnailUrl":"https:\/\/schweizversand.ch\/wp-content\/uploads\/2026\/02\/5471536008.jpg","datePublished":"2026-03-14T23:57:05+00:00","dateModified":"2026-04-22T13:37:09+00:00","description":"Kynast Schwerlastregal 175kg pro Boden g\u00fcnstig kaufen bei Schweizversand.ch. Schnelle Lieferung in der Schweiz. Gratisversand ab CHF 50.","breadcrumb":{"@id":"https:\/\/schweizversand.ch\/it\/produkt\/kynast-schwerlastregal-175kg-pro-boden\/#breadcrumb"},"inLanguage":"it-IT","potentialAction":[{"@type":"ReadAction","target":["https:\/\/schweizversand.ch\/it\/produkt\/kynast-schwerlastregal-175kg-pro-boden\/"]}]},{"@type":"ImageObject","inLanguage":"it-IT","@id":"https:\/\/schweizversand.ch\/it\/produkt\/kynast-schwerlastregal-175kg-pro-boden\/#primaryimage","url":"https:\/\/schweizversand.ch\/wp-content\/uploads\/2026\/02\/5471536008.jpg","contentUrl":"https:\/\/schweizversand.ch\/wp-content\/uploads\/2026\/02\/5471536008.jpg","width":578,"height":1024},{"@type":"BreadcrumbList","@id":"https:\/\/schweizversand.ch\/it\/produkt\/kynast-schwerlastregal-175kg-pro-boden\/#breadcrumb","itemListElement":[{"@type":"ListItem","position":1,"name":"Startseite","item":"https:\/\/schweizversand.ch\/it\/home\/"},{"@type":"ListItem","position":2,"name":"Shop","item":"https:\/\/schweizversand.ch\/it\/shop\/"},{"@type":"ListItem","position":3,"name":"Home","item":"https:\/\/schweizversand.ch\/it\/produkt-kategorie\/home\/"},{"@type":"ListItem","position":4,"name":"Contenitori e organizzazione","item":"https:\/\/schweizversand.ch\/it\/produkt-kategorie\/home\/conservazione-e-organizzazione\/"},{"@type":"ListItem","position":5,"name":"Scaffali","item":"https:\/\/schweizversand.ch\/en\/produkt-kategorie\/regale\/"},{"@type":"ListItem","position":6,"name":"Scaffalatura per carichi pesanti Kynast, 175 kg per ripiano"}]},{"@type":"WebSite","@id":"https:\/\/schweizversand.ch\/it\/#website","url":"https:\/\/schweizversand.ch\/it\/","name":"Schweizer Shop f\u00fcr Sport, Spiel und Freizeit","description":"Gratisversand ab 50.- (netto), ab eigenem schweizer Lager, Lieferung innert 48h","publisher":{"@id":"https:\/\/schweizversand.ch\/it\/#organization"},"alternateName":"Schweizversand.ch","potentialAction":[{"@type":"SearchAction","target":{"@type":"EntryPoint","urlTemplate":"https:\/\/schweizversand.ch\/it\/?s={search_term_string}"},"query-input":{"@type":"PropertyValueSpecification","valueRequired":true,"valueName":"search_term_string"}}],"inLanguage":"it-IT"},{"@type":"Organization","@id":"https:\/\/schweizversand.ch\/it\/#organization","name":"Schweizversand.ch","url":"https:\/\/schweizversand.ch\/it\/","logo":{"@type":"ImageObject","inLanguage":"it-IT","@id":"https:\/\/schweizversand.ch\/it\/#\/schema\/logo\/image\/","url":"https:\/\/schweizversand.ch\/wp-content\/uploads\/2026\/03\/Logo_Rund_Final-1.png","contentUrl":"https:\/\/schweizversand.ch\/wp-content\/uploads\/2026\/03\/Logo_Rund_Final-1.png","width":404,"height":404,"caption":"Schweizversand.ch"},"image":{"@id":"https:\/\/schweizversand.ch\/it\/#\/schema\/logo\/image\/"},"sameAs":["https:\/\/www.facebook.com\/Schweizversand","https:\/\/www.instagram.com\/schweizversand.ch\/"]}]}},"jetpack_sharing_enabled":true,"_links":{"self":[{"href":"https:\/\/schweizversand.ch\/it\/wp-json\/wp\/v2\/product\/256831","targetHints":{"allow":["GET"]}}],"collection":[{"href":"https:\/\/schweizversand.ch\/it\/wp-json\/wp\/v2\/product"}],"about":[{"href":"https:\/\/schweizversand.ch\/it\/wp-json\/wp\/v2\/types\/product"}],"replies":[{"embeddable":true,"href":"https:\/\/schweizversand.ch\/it\/wp-json\/wp\/v2\/comments?post=256831"}],"wp:featuredmedia":[{"embeddable":true,"href":"https:\/\/schweizversand.ch\/it\/wp-json\/wp\/v2\/media\/164849"}],"wp:attachment":[{"href":"https:\/\/schweizversand.ch\/it\/wp-json\/wp\/v2\/media?parent=256831"}],"wp:term":[{"taxonomy":"product_brand","embeddable":true,"href":"https:\/\/schweizversand.ch\/it\/wp-json\/wp\/v2\/product_brand?post=256831"},{"taxonomy":"product_cat","embeddable":true,"href":"https:\/\/schweizversand.ch\/it\/wp-json\/wp\/v2\/product_cat?post=256831"},{"taxonomy":"product_tag","embeddable":true,"href":"https:\/\/schweizversand.ch\/it\/wp-json\/wp\/v2\/product_tag?post=256831"}],"curies":[{"name":"wp","href":"https:\/\/api.w.org\/{rel}","templated":true}]}}