{"id":256840,"date":"2026-03-15T00:57:06","date_gmt":"2026-03-14T23:57:06","guid":{"rendered":"https:\/\/schweizversand.ch\/produkt\/beedees-damen-schlafshorts\/"},"modified":"2026-04-19T02:07:00","modified_gmt":"2026-04-19T00:07:00","slug":"beedees-damen-schlafshorts","status":"publish","type":"product","link":"https:\/\/schweizversand.ch\/it\/produkt\/beedees-damen-schlafshorts\/","title":{"rendered":"Pantaloncini da notte da donna BeeDees"},"content":{"rendered":"<h1><strong>Pantaloncini da notte da donna BeeDees &#8211; Pantaloncini in jersey comodi<\/strong><\/h1>\n<div>Scopri i <strong>pantaloncini da notte BeeDees<\/strong>, la scelta perfetta per rilassarsi a casa e notti tranquille. Questi <strong>pantaloncini da notte da donna<\/strong> combinano il massimo comfort con un design elegante, assicurandoti il \u200b\u200bmassimo comfort. Goditi la leggerezza e la morbidezza di questi <strong>pantaloncini da notte corti da donna<\/strong>, che diventeranno rapidamente i tuoi nuovi preferiti.<\/p>\n<\/div>\n<div><strong>Materiale e comfort<\/strong><br \/>Questi <strong>pantaloncini in jersey da donna<\/strong> sono realizzati in un misto di <strong>cotone e viscosa<\/strong> di alta qualit\u00e0, eccezionalmente morbido e confortevole sulla pelle. Il materiale \u00e8 <strong>traspirante<\/strong> e leggero, il che lo rende ideale per le notti calde. Il taglio dritto garantisce la massima libert\u00e0 di movimento, mentre la cintura elastica comfort con coulisse assicura una vestibilit\u00e0 ottimale e personalizzata. Design e caratteristiche: Questi pantaloncini presentano un look m\u00e9lange alla moda e un&#8217;elegante stampa all-over per un aspetto accattivante. I dettagli pratici migliorano la versatilit\u00e0 di questi comodi pantaloncini, rendendoli perfetti per l&#8217;uso quotidiano. Dettagli del prodotto: &#8211; Materiale: Morbido misto cotone e viscosa (delicato sulla pelle e traspirante) &#8211; Taglio: Vestibilit\u00e0 dritta per un comfort superiore &#8211; Cintura: Elastico in vita comfort con coulisse &#8211; Tasche: 2 pratiche tasche laterali &#8211; Design: Look m\u00e9lange alla moda con un&#8217;elegante stampa all-over. Investi in questi comodi pantaloncini e scopri quanto pu\u00f2 essere elegante e rilassante il tuo tempo a casa. Ordina ora e goditi il \u200b\u200bcomfort allo stato puro.<\/p>\n<\/div>\n<div>\n<\/div>\n","protected":false},"excerpt":{"rendered":"<p>Pantaloncini da notte da donna BeeDees &#8211; Pantaloncini in jersey comodi Scopri i pantaloncini da notte BeeDees, la scelta perfetta per rilassarsi a casa e notti tranquille. Questi pantaloncini da notte da donna combinano il massimo comfort con un design elegante, assicurandoti il \u200b\u200bmassimo comfort. Goditi la leggerezza e la morbidezza di questi pantaloncini da notte corti da donna, che diventeranno rapidamente i tuoi nuovi preferiti. Materiale e comfortQuesti pantaloncini in jersey da donna sono&hellip;<\/p>\n","protected":false},"featured_media":164884,"comment_status":"open","ping_status":"closed","template":"","meta":[],"product_brand":[],"product_cat":[38223],"product_tag":[],"class_list":{"0":"post-256840","1":"product","2":"type-product","3":"status-publish","4":"has-post-thumbnail","6":"product_cat-damenbekleidung","7":"product_shipping_class-global_methods","9":"first","10":"instock","11":"taxable","12":"shipping-taxable","13":"purchasable","14":"product-type-simple"},"yoast_head":"<!-- This site is optimized with the Yoast SEO plugin v27.4 - https:\/\/yoast.com\/product\/yoast-seo-wordpress\/ -->\n<title>BeeDees Damen Schlafshorts | Jetzt kaufen | Schweizversand.ch<\/title>\n<meta name=\"description\" content=\"BeeDees Damen Schlafshorts g\u00fcnstig kaufen bei Schweizversand.ch. Schnelle Lieferung in der Schweiz. Gratisversand ab CHF 50.\" \/>\n<meta name=\"robots\" content=\"index, follow, max-snippet:-1, max-image-preview:large, max-video-preview:-1\" \/>\n<link rel=\"canonical\" href=\"https:\/\/schweizversand.ch\/it\/produkt\/beedees-damen-schlafshorts\/\" \/>\n<meta property=\"og:locale\" content=\"it_IT\" \/>\n<meta property=\"og:type\" content=\"article\" \/>\n<meta property=\"og:title\" content=\"BeeDees Damen Schlafshorts | Jetzt kaufen | Schweizversand.ch\" \/>\n<meta property=\"og:description\" content=\"BeeDees Damen Schlafshorts g\u00fcnstig kaufen bei Schweizversand.ch. Schnelle Lieferung in der Schweiz. Gratisversand ab CHF 50.\" \/>\n<meta property=\"og:url\" content=\"https:\/\/schweizversand.ch\/it\/produkt\/beedees-damen-schlafshorts\/\" \/>\n<meta property=\"og:site_name\" content=\"Schweizer Shop f\u00fcr Sport, Spiel und Freizeit\" \/>\n<meta property=\"article:publisher\" content=\"https:\/\/www.facebook.com\/Schweizversand\" \/>\n<meta property=\"article:modified_time\" content=\"2026-04-19T00:07:00+00:00\" \/>\n<meta property=\"og:image\" content=\"https:\/\/schweizversand.ch\/wp-content\/uploads\/2026\/02\/5471845155.png\" \/>\n\t<meta property=\"og:image:width\" content=\"895\" \/>\n\t<meta property=\"og:image:height\" content=\"1024\" \/>\n\t<meta property=\"og:image:type\" content=\"image\/png\" \/>\n<meta name=\"twitter:card\" content=\"summary_large_image\" \/>\n<meta name=\"twitter:label1\" content=\"Tempo di lettura stimato\" \/>\n\t<meta name=\"twitter:data1\" content=\"1 minuto\" \/>\n<script type=\"application\/ld+json\" class=\"yoast-schema-graph\">{\"@context\":\"https:\\\/\\\/schema.org\",\"@graph\":[{\"@type\":\"WebPage\",\"@id\":\"https:\\\/\\\/schweizversand.ch\\\/it\\\/produkt\\\/beedees-damen-schlafshorts\\\/\",\"url\":\"https:\\\/\\\/schweizversand.ch\\\/it\\\/produkt\\\/beedees-damen-schlafshorts\\\/\",\"name\":\"BeeDees Damen Schlafshorts | Jetzt kaufen | Schweizversand.ch\",\"isPartOf\":{\"@id\":\"https:\\\/\\\/schweizversand.ch\\\/it\\\/#website\"},\"primaryImageOfPage\":{\"@id\":\"https:\\\/\\\/schweizversand.ch\\\/it\\\/produkt\\\/beedees-damen-schlafshorts\\\/#primaryimage\"},\"image\":{\"@id\":\"https:\\\/\\\/schweizversand.ch\\\/it\\\/produkt\\\/beedees-damen-schlafshorts\\\/#primaryimage\"},\"thumbnailUrl\":\"https:\\\/\\\/schweizversand.ch\\\/wp-content\\\/uploads\\\/2026\\\/02\\\/5471845155.png\",\"datePublished\":\"2026-03-14T23:57:06+00:00\",\"dateModified\":\"2026-04-19T00:07:00+00:00\",\"description\":\"BeeDees Damen Schlafshorts g\u00fcnstig kaufen bei Schweizversand.ch. Schnelle Lieferung in der Schweiz. Gratisversand ab CHF 50.\",\"breadcrumb\":{\"@id\":\"https:\\\/\\\/schweizversand.ch\\\/it\\\/produkt\\\/beedees-damen-schlafshorts\\\/#breadcrumb\"},\"inLanguage\":\"it-IT\",\"potentialAction\":[{\"@type\":\"ReadAction\",\"target\":[\"https:\\\/\\\/schweizversand.ch\\\/it\\\/produkt\\\/beedees-damen-schlafshorts\\\/\"]}]},{\"@type\":\"ImageObject\",\"inLanguage\":\"it-IT\",\"@id\":\"https:\\\/\\\/schweizversand.ch\\\/it\\\/produkt\\\/beedees-damen-schlafshorts\\\/#primaryimage\",\"url\":\"https:\\\/\\\/schweizversand.ch\\\/wp-content\\\/uploads\\\/2026\\\/02\\\/5471845155.png\",\"contentUrl\":\"https:\\\/\\\/schweizversand.ch\\\/wp-content\\\/uploads\\\/2026\\\/02\\\/5471845155.png\",\"width\":895,\"height\":1024},{\"@type\":\"BreadcrumbList\",\"@id\":\"https:\\\/\\\/schweizversand.ch\\\/it\\\/produkt\\\/beedees-damen-schlafshorts\\\/#breadcrumb\",\"itemListElement\":[{\"@type\":\"ListItem\",\"position\":1,\"name\":\"Startseite\",\"item\":\"https:\\\/\\\/schweizversand.ch\\\/it\\\/home\\\/\"},{\"@type\":\"ListItem\",\"position\":2,\"name\":\"Shop\",\"item\":\"https:\\\/\\\/schweizversand.ch\\\/it\\\/shop\\\/\"},{\"@type\":\"ListItem\",\"position\":3,\"name\":\"Moda\",\"item\":\"https:\\\/\\\/schweizversand.ch\\\/it\\\/produkt-kategorie\\\/moda\\\/\"},{\"@type\":\"ListItem\",\"position\":4,\"name\":\"Moda femminile\",\"item\":\"https:\\\/\\\/schweizversand.ch\\\/it\\\/produkt-kategorie\\\/moda\\\/moda-femminile\\\/\"},{\"@type\":\"ListItem\",\"position\":5,\"name\":\"Abbigliamento femminile\",\"item\":\"https:\\\/\\\/schweizversand.ch\\\/it\\\/produkt-kategorie\\\/moda\\\/moda-femminile\\\/damenbekleidung\\\/\"},{\"@type\":\"ListItem\",\"position\":6,\"name\":\"Pantaloncini da notte da donna BeeDees\"}]},{\"@type\":\"WebSite\",\"@id\":\"https:\\\/\\\/schweizversand.ch\\\/it\\\/#website\",\"url\":\"https:\\\/\\\/schweizversand.ch\\\/it\\\/\",\"name\":\"Schweizer Shop f\u00fcr Sport, Spiel und Freizeit\",\"description\":\"Gratisversand ab 50.- (netto), ab eigenem schweizer Lager, Lieferung innert 48h\",\"publisher\":{\"@id\":\"https:\\\/\\\/schweizversand.ch\\\/it\\\/#organization\"},\"alternateName\":\"Schweizversand.ch\",\"potentialAction\":[{\"@type\":\"SearchAction\",\"target\":{\"@type\":\"EntryPoint\",\"urlTemplate\":\"https:\\\/\\\/schweizversand.ch\\\/it\\\/?s={search_term_string}\"},\"query-input\":{\"@type\":\"PropertyValueSpecification\",\"valueRequired\":true,\"valueName\":\"search_term_string\"}}],\"inLanguage\":\"it-IT\"},{\"@type\":\"Organization\",\"@id\":\"https:\\\/\\\/schweizversand.ch\\\/it\\\/#organization\",\"name\":\"Schweizversand.ch\",\"url\":\"https:\\\/\\\/schweizversand.ch\\\/it\\\/\",\"logo\":{\"@type\":\"ImageObject\",\"inLanguage\":\"it-IT\",\"@id\":\"https:\\\/\\\/schweizversand.ch\\\/it\\\/#\\\/schema\\\/logo\\\/image\\\/\",\"url\":\"https:\\\/\\\/schweizversand.ch\\\/wp-content\\\/uploads\\\/2026\\\/03\\\/Logo_Rund_Final-1.png\",\"contentUrl\":\"https:\\\/\\\/schweizversand.ch\\\/wp-content\\\/uploads\\\/2026\\\/03\\\/Logo_Rund_Final-1.png\",\"width\":404,\"height\":404,\"caption\":\"Schweizversand.ch\"},\"image\":{\"@id\":\"https:\\\/\\\/schweizversand.ch\\\/it\\\/#\\\/schema\\\/logo\\\/image\\\/\"},\"sameAs\":[\"https:\\\/\\\/www.facebook.com\\\/Schweizversand\",\"https:\\\/\\\/www.instagram.com\\\/schweizversand.ch\\\/\"]}]}<\/script>\n<!-- \/ Yoast SEO plugin. -->","yoast_head_json":{"title":"BeeDees Damen Schlafshorts | Jetzt kaufen | Schweizversand.ch","description":"BeeDees Damen Schlafshorts g\u00fcnstig kaufen bei Schweizversand.ch. Schnelle Lieferung in der Schweiz. Gratisversand ab CHF 50.","robots":{"index":"index","follow":"follow","max-snippet":"max-snippet:-1","max-image-preview":"max-image-preview:large","max-video-preview":"max-video-preview:-1"},"canonical":"https:\/\/schweizversand.ch\/it\/produkt\/beedees-damen-schlafshorts\/","og_locale":"it_IT","og_type":"article","og_title":"BeeDees Damen Schlafshorts | Jetzt kaufen | Schweizversand.ch","og_description":"BeeDees Damen Schlafshorts g\u00fcnstig kaufen bei Schweizversand.ch. Schnelle Lieferung in der Schweiz. Gratisversand ab CHF 50.","og_url":"https:\/\/schweizversand.ch\/it\/produkt\/beedees-damen-schlafshorts\/","og_site_name":"Schweizer Shop f\u00fcr Sport, Spiel und Freizeit","article_publisher":"https:\/\/www.facebook.com\/Schweizversand","article_modified_time":"2026-04-19T00:07:00+00:00","og_image":[{"width":895,"height":1024,"url":"https:\/\/schweizversand.ch\/wp-content\/uploads\/2026\/02\/5471845155.png","type":"image\/png"}],"twitter_card":"summary_large_image","twitter_misc":{"Tempo di lettura stimato":"1 minuto"},"schema":{"@context":"https:\/\/schema.org","@graph":[{"@type":"WebPage","@id":"https:\/\/schweizversand.ch\/it\/produkt\/beedees-damen-schlafshorts\/","url":"https:\/\/schweizversand.ch\/it\/produkt\/beedees-damen-schlafshorts\/","name":"BeeDees Damen Schlafshorts | Jetzt kaufen | Schweizversand.ch","isPartOf":{"@id":"https:\/\/schweizversand.ch\/it\/#website"},"primaryImageOfPage":{"@id":"https:\/\/schweizversand.ch\/it\/produkt\/beedees-damen-schlafshorts\/#primaryimage"},"image":{"@id":"https:\/\/schweizversand.ch\/it\/produkt\/beedees-damen-schlafshorts\/#primaryimage"},"thumbnailUrl":"https:\/\/schweizversand.ch\/wp-content\/uploads\/2026\/02\/5471845155.png","datePublished":"2026-03-14T23:57:06+00:00","dateModified":"2026-04-19T00:07:00+00:00","description":"BeeDees Damen Schlafshorts g\u00fcnstig kaufen bei Schweizversand.ch. Schnelle Lieferung in der Schweiz. Gratisversand ab CHF 50.","breadcrumb":{"@id":"https:\/\/schweizversand.ch\/it\/produkt\/beedees-damen-schlafshorts\/#breadcrumb"},"inLanguage":"it-IT","potentialAction":[{"@type":"ReadAction","target":["https:\/\/schweizversand.ch\/it\/produkt\/beedees-damen-schlafshorts\/"]}]},{"@type":"ImageObject","inLanguage":"it-IT","@id":"https:\/\/schweizversand.ch\/it\/produkt\/beedees-damen-schlafshorts\/#primaryimage","url":"https:\/\/schweizversand.ch\/wp-content\/uploads\/2026\/02\/5471845155.png","contentUrl":"https:\/\/schweizversand.ch\/wp-content\/uploads\/2026\/02\/5471845155.png","width":895,"height":1024},{"@type":"BreadcrumbList","@id":"https:\/\/schweizversand.ch\/it\/produkt\/beedees-damen-schlafshorts\/#breadcrumb","itemListElement":[{"@type":"ListItem","position":1,"name":"Startseite","item":"https:\/\/schweizversand.ch\/it\/home\/"},{"@type":"ListItem","position":2,"name":"Shop","item":"https:\/\/schweizversand.ch\/it\/shop\/"},{"@type":"ListItem","position":3,"name":"Moda","item":"https:\/\/schweizversand.ch\/it\/produkt-kategorie\/moda\/"},{"@type":"ListItem","position":4,"name":"Moda femminile","item":"https:\/\/schweizversand.ch\/it\/produkt-kategorie\/moda\/moda-femminile\/"},{"@type":"ListItem","position":5,"name":"Abbigliamento femminile","item":"https:\/\/schweizversand.ch\/it\/produkt-kategorie\/moda\/moda-femminile\/damenbekleidung\/"},{"@type":"ListItem","position":6,"name":"Pantaloncini da notte da donna BeeDees"}]},{"@type":"WebSite","@id":"https:\/\/schweizversand.ch\/it\/#website","url":"https:\/\/schweizversand.ch\/it\/","name":"Schweizer Shop f\u00fcr Sport, Spiel und Freizeit","description":"Gratisversand ab 50.- (netto), ab eigenem schweizer Lager, Lieferung innert 48h","publisher":{"@id":"https:\/\/schweizversand.ch\/it\/#organization"},"alternateName":"Schweizversand.ch","potentialAction":[{"@type":"SearchAction","target":{"@type":"EntryPoint","urlTemplate":"https:\/\/schweizversand.ch\/it\/?s={search_term_string}"},"query-input":{"@type":"PropertyValueSpecification","valueRequired":true,"valueName":"search_term_string"}}],"inLanguage":"it-IT"},{"@type":"Organization","@id":"https:\/\/schweizversand.ch\/it\/#organization","name":"Schweizversand.ch","url":"https:\/\/schweizversand.ch\/it\/","logo":{"@type":"ImageObject","inLanguage":"it-IT","@id":"https:\/\/schweizversand.ch\/it\/#\/schema\/logo\/image\/","url":"https:\/\/schweizversand.ch\/wp-content\/uploads\/2026\/03\/Logo_Rund_Final-1.png","contentUrl":"https:\/\/schweizversand.ch\/wp-content\/uploads\/2026\/03\/Logo_Rund_Final-1.png","width":404,"height":404,"caption":"Schweizversand.ch"},"image":{"@id":"https:\/\/schweizversand.ch\/it\/#\/schema\/logo\/image\/"},"sameAs":["https:\/\/www.facebook.com\/Schweizversand","https:\/\/www.instagram.com\/schweizversand.ch\/"]}]}},"jetpack_sharing_enabled":true,"_links":{"self":[{"href":"https:\/\/schweizversand.ch\/it\/wp-json\/wp\/v2\/product\/256840","targetHints":{"allow":["GET"]}}],"collection":[{"href":"https:\/\/schweizversand.ch\/it\/wp-json\/wp\/v2\/product"}],"about":[{"href":"https:\/\/schweizversand.ch\/it\/wp-json\/wp\/v2\/types\/product"}],"replies":[{"embeddable":true,"href":"https:\/\/schweizversand.ch\/it\/wp-json\/wp\/v2\/comments?post=256840"}],"wp:featuredmedia":[{"embeddable":true,"href":"https:\/\/schweizversand.ch\/it\/wp-json\/wp\/v2\/media\/164884"}],"wp:attachment":[{"href":"https:\/\/schweizversand.ch\/it\/wp-json\/wp\/v2\/media?parent=256840"}],"wp:term":[{"taxonomy":"product_brand","embeddable":true,"href":"https:\/\/schweizversand.ch\/it\/wp-json\/wp\/v2\/product_brand?post=256840"},{"taxonomy":"product_cat","embeddable":true,"href":"https:\/\/schweizversand.ch\/it\/wp-json\/wp\/v2\/product_cat?post=256840"},{"taxonomy":"product_tag","embeddable":true,"href":"https:\/\/schweizversand.ch\/it\/wp-json\/wp\/v2\/product_tag?post=256840"}],"curies":[{"name":"wp","href":"https:\/\/api.w.org\/{rel}","templated":true}]}}