{"id":256857,"date":"2026-03-15T00:54:41","date_gmt":"2026-03-14T23:54:41","guid":{"rendered":"https:\/\/schweizversand.ch\/produkt\/hudora-2-schaumstoffrohre-%e2%88%85-25-mm-ca-100-cm-lang\/"},"modified":"2026-04-21T15:35:50","modified_gmt":"2026-04-21T13:35:50","slug":"hudora-2-schaumstoffrohre-%e2%88%85-25-mm-ca-100-cm-lang","status":"publish","type":"product","link":"https:\/\/schweizversand.ch\/it\/produkt\/hudora-2-schaumstoffrohre-%e2%88%85-25-mm-ca-100-cm-lang\/","title":{"rendered":"Hudora 2 tubi di schiuma \u00d8 25 mm, lunghi circa 100 cm"},"content":{"rendered":"<h1><strong>Tubi in schiuma da 25 mm per pali della rete di sicurezza del trampolino (set da 2)<\/strong><\/h1>\n<div>Garantisci la massima sicurezza sul tuo trampolino con questo set di <strong>pezzi di ricambio per trampolino<\/strong> di alta qualit\u00e0. Questi tubi in schiuma fungono da <strong>cuscinetti protettivi per trampolino<\/strong> essenziali e proteggono in modo affidabile i tuoi bambini dalle lesioni causate dai pali metallici della rete di sicurezza.<\/p>\n<\/div>\n<div><strong>Caratteristiche del prodotto e sicurezza<\/strong><br \/>Questo set include due <strong>tubi in schiuma grigi da 25 mm<\/strong>, appositamente progettati come <strong>cuscinetti per pali del trampolino<\/strong>. Il rivestimento fornisce uno strato morbido e ammortizzante che riduce al minimo il rischio di lividi e abrasioni. L&#8217;imbottitura in schiuma \u00e8 un componente essenziale di qualsiasi sistema di trampolino sicuro. Dettagli tecnici e compatibilit\u00e0 &#8211; Quantit\u00e0: 2 pezzi &#8211; Colore: grigio &#8211; Diametro interno: 25 mm &#8211; Lunghezza per tubo: circa Italiano: 100 cm &#8211; Adatto ai modelli: 65730, 65730\/01, 65731, 65731\/01, 65740, 65740\/01, 65741, 65741\/01, 65745, 65724 Istruzioni di montaggio importanti: prima di ordinare, misurare il diametro dell&#8217;imbottitura in schiuma del palo della recinzione di sicurezza per garantire la corretta aderenza del tubo in schiuma. 25 mm<\/strong> per garantire una corretta aderenza. I tubi lunghi 100 cm sono destinati ai pali superiore e inferiore; potrebbe essere necessario tagliarli alla lunghezza richiesta. Si prega di notare che potrebbero verificarsi lievi variazioni di lunghezza (fino al 10%), colore o aspetto a causa di differenze di lotto.<\/p>\n<\/div>\n<div>Investi in questi <strong>pezzi di ricambio per trampolino<\/strong> per garantire la longevit\u00e0 e, soprattutto, la sicurezza del tuo trampolino. Ordina subito e proteggi al meglio la tua area giochi.<\/p>\n<\/div>\n<div><\/div>\n","protected":false},"excerpt":{"rendered":"<p>Tubi in schiuma da 25 mm per pali della rete di sicurezza del trampolino (set da 2) Garantisci la massima sicurezza sul tuo trampolino con questo set di pezzi di ricambio per trampolino di alta qualit\u00e0. Questi tubi in schiuma fungono da cuscinetti protettivi per trampolino essenziali e proteggono in modo affidabile i tuoi bambini dalle lesioni causate dai pali metallici della rete di sicurezza. Caratteristiche del prodotto e sicurezzaQuesto set include due tubi in&hellip;<\/p>\n","protected":false},"featured_media":159146,"comment_status":"open","ping_status":"closed","template":"","meta":[],"product_brand":[],"product_cat":[38658],"product_tag":[],"class_list":{"0":"post-256857","1":"product","2":"type-product","3":"status-publish","4":"has-post-thumbnail","6":"product_cat-trampolin","7":"product_shipping_class-global_methods","9":"first","10":"instock","11":"taxable","12":"shipping-taxable","13":"purchasable","14":"product-type-simple"},"yoast_head":"<!-- This site is optimized with the Yoast SEO plugin v27.4 - https:\/\/yoast.com\/product\/yoast-seo-wordpress\/ -->\n<title>Hudora 2 Schaumstoffrohre \u2205 25 mm, ca. 100 cm lang | Jetzt kaufen | Schweizversand.ch<\/title>\n<meta name=\"description\" content=\"Hudora 2 Schaumstoffrohre \u2205 25 mm, ca. 100 cm lang g\u00fcnstig kaufen bei Schweizversand.ch. Schnelle Lieferung in der Schweiz. Gratisversand ab CHF 50.\" \/>\n<meta name=\"robots\" content=\"index, follow, max-snippet:-1, max-image-preview:large, max-video-preview:-1\" \/>\n<link rel=\"canonical\" href=\"https:\/\/schweizversand.ch\/it\/produkt\/hudora-2-schaumstoffrohre-%e2%88%85-25-mm-ca-100-cm-lang\/\" \/>\n<meta property=\"og:locale\" content=\"it_IT\" \/>\n<meta property=\"og:type\" content=\"article\" \/>\n<meta property=\"og:title\" content=\"Hudora 2 Schaumstoffrohre \u2205 25 mm, ca. 100 cm lang | Jetzt kaufen | Schweizversand.ch\" \/>\n<meta property=\"og:description\" content=\"Hudora 2 Schaumstoffrohre \u2205 25 mm, ca. 100 cm lang g\u00fcnstig kaufen bei Schweizversand.ch. Schnelle Lieferung in der Schweiz. Gratisversand ab CHF 50.\" \/>\n<meta property=\"og:url\" content=\"https:\/\/schweizversand.ch\/it\/produkt\/hudora-2-schaumstoffrohre-%e2%88%85-25-mm-ca-100-cm-lang\/\" \/>\n<meta property=\"og:site_name\" content=\"Schweizer Shop f\u00fcr Sport, Spiel und Freizeit\" \/>\n<meta property=\"article:publisher\" content=\"https:\/\/www.facebook.com\/Schweizversand\" \/>\n<meta property=\"article:modified_time\" content=\"2026-04-21T13:35:50+00:00\" \/>\n<meta property=\"og:image\" content=\"https:\/\/schweizversand.ch\/wp-content\/uploads\/2026\/02\/5471489302.jpg\" \/>\n\t<meta property=\"og:image:width\" content=\"1024\" \/>\n\t<meta property=\"og:image:height\" content=\"246\" \/>\n\t<meta property=\"og:image:type\" content=\"image\/jpeg\" \/>\n<meta name=\"twitter:card\" content=\"summary_large_image\" \/>\n<meta name=\"twitter:label1\" content=\"Tempo di lettura stimato\" \/>\n\t<meta name=\"twitter:data1\" content=\"1 minuto\" \/>\n<script type=\"application\/ld+json\" class=\"yoast-schema-graph\">{\"@context\":\"https:\\\/\\\/schema.org\",\"@graph\":[{\"@type\":\"WebPage\",\"@id\":\"https:\\\/\\\/schweizversand.ch\\\/it\\\/produkt\\\/hudora-2-schaumstoffrohre-%e2%88%85-25-mm-ca-100-cm-lang\\\/\",\"url\":\"https:\\\/\\\/schweizversand.ch\\\/it\\\/produkt\\\/hudora-2-schaumstoffrohre-%e2%88%85-25-mm-ca-100-cm-lang\\\/\",\"name\":\"Hudora 2 Schaumstoffrohre \u2205 25 mm, ca. 100 cm lang | Jetzt kaufen | Schweizversand.ch\",\"isPartOf\":{\"@id\":\"https:\\\/\\\/schweizversand.ch\\\/it\\\/#website\"},\"primaryImageOfPage\":{\"@id\":\"https:\\\/\\\/schweizversand.ch\\\/it\\\/produkt\\\/hudora-2-schaumstoffrohre-%e2%88%85-25-mm-ca-100-cm-lang\\\/#primaryimage\"},\"image\":{\"@id\":\"https:\\\/\\\/schweizversand.ch\\\/it\\\/produkt\\\/hudora-2-schaumstoffrohre-%e2%88%85-25-mm-ca-100-cm-lang\\\/#primaryimage\"},\"thumbnailUrl\":\"https:\\\/\\\/schweizversand.ch\\\/wp-content\\\/uploads\\\/2026\\\/02\\\/5471489302.jpg\",\"datePublished\":\"2026-03-14T23:54:41+00:00\",\"dateModified\":\"2026-04-21T13:35:50+00:00\",\"description\":\"Hudora 2 Schaumstoffrohre \u2205 25 mm, ca. 100 cm lang g\u00fcnstig kaufen bei Schweizversand.ch. Schnelle Lieferung in der Schweiz. Gratisversand ab CHF 50.\",\"breadcrumb\":{\"@id\":\"https:\\\/\\\/schweizversand.ch\\\/it\\\/produkt\\\/hudora-2-schaumstoffrohre-%e2%88%85-25-mm-ca-100-cm-lang\\\/#breadcrumb\"},\"inLanguage\":\"it-IT\",\"potentialAction\":[{\"@type\":\"ReadAction\",\"target\":[\"https:\\\/\\\/schweizversand.ch\\\/it\\\/produkt\\\/hudora-2-schaumstoffrohre-%e2%88%85-25-mm-ca-100-cm-lang\\\/\"]}]},{\"@type\":\"ImageObject\",\"inLanguage\":\"it-IT\",\"@id\":\"https:\\\/\\\/schweizversand.ch\\\/it\\\/produkt\\\/hudora-2-schaumstoffrohre-%e2%88%85-25-mm-ca-100-cm-lang\\\/#primaryimage\",\"url\":\"https:\\\/\\\/schweizversand.ch\\\/wp-content\\\/uploads\\\/2026\\\/02\\\/5471489302.jpg\",\"contentUrl\":\"https:\\\/\\\/schweizversand.ch\\\/wp-content\\\/uploads\\\/2026\\\/02\\\/5471489302.jpg\",\"width\":1024,\"height\":246},{\"@type\":\"BreadcrumbList\",\"@id\":\"https:\\\/\\\/schweizversand.ch\\\/it\\\/produkt\\\/hudora-2-schaumstoffrohre-%e2%88%85-25-mm-ca-100-cm-lang\\\/#breadcrumb\",\"itemListElement\":[{\"@type\":\"ListItem\",\"position\":1,\"name\":\"Startseite\",\"item\":\"https:\\\/\\\/schweizversand.ch\\\/it\\\/home\\\/\"},{\"@type\":\"ListItem\",\"position\":2,\"name\":\"Shop\",\"item\":\"https:\\\/\\\/schweizversand.ch\\\/it\\\/shop\\\/\"},{\"@type\":\"ListItem\",\"position\":3,\"name\":\"Ricambi\",\"item\":\"https:\\\/\\\/schweizversand.ch\\\/it\\\/produkt-kategorie\\\/ricambi\\\/\"},{\"@type\":\"ListItem\",\"position\":4,\"name\":\"Hudora\",\"item\":\"https:\\\/\\\/schweizversand.ch\\\/it\\\/produkt-kategorie\\\/ricambi\\\/hudora\\\/\"},{\"@type\":\"ListItem\",\"position\":5,\"name\":\"Trampolino\",\"item\":\"https:\\\/\\\/schweizversand.ch\\\/it\\\/produkt-kategorie\\\/ricambi\\\/hudora\\\/trampolin\\\/\"},{\"@type\":\"ListItem\",\"position\":6,\"name\":\"Hudora 2 tubi di schiuma \u00d8 25 mm, lunghi circa 100 cm\"}]},{\"@type\":\"WebSite\",\"@id\":\"https:\\\/\\\/schweizversand.ch\\\/it\\\/#website\",\"url\":\"https:\\\/\\\/schweizversand.ch\\\/it\\\/\",\"name\":\"Schweizer Shop f\u00fcr Sport, Spiel und Freizeit\",\"description\":\"Gratisversand ab 50.- (netto), ab eigenem schweizer Lager, Lieferung innert 48h\",\"publisher\":{\"@id\":\"https:\\\/\\\/schweizversand.ch\\\/it\\\/#organization\"},\"alternateName\":\"Schweizversand.ch\",\"potentialAction\":[{\"@type\":\"SearchAction\",\"target\":{\"@type\":\"EntryPoint\",\"urlTemplate\":\"https:\\\/\\\/schweizversand.ch\\\/it\\\/?s={search_term_string}\"},\"query-input\":{\"@type\":\"PropertyValueSpecification\",\"valueRequired\":true,\"valueName\":\"search_term_string\"}}],\"inLanguage\":\"it-IT\"},{\"@type\":\"Organization\",\"@id\":\"https:\\\/\\\/schweizversand.ch\\\/it\\\/#organization\",\"name\":\"Schweizversand.ch\",\"url\":\"https:\\\/\\\/schweizversand.ch\\\/it\\\/\",\"logo\":{\"@type\":\"ImageObject\",\"inLanguage\":\"it-IT\",\"@id\":\"https:\\\/\\\/schweizversand.ch\\\/it\\\/#\\\/schema\\\/logo\\\/image\\\/\",\"url\":\"https:\\\/\\\/schweizversand.ch\\\/wp-content\\\/uploads\\\/2026\\\/03\\\/Logo_Rund_Final-1.png\",\"contentUrl\":\"https:\\\/\\\/schweizversand.ch\\\/wp-content\\\/uploads\\\/2026\\\/03\\\/Logo_Rund_Final-1.png\",\"width\":404,\"height\":404,\"caption\":\"Schweizversand.ch\"},\"image\":{\"@id\":\"https:\\\/\\\/schweizversand.ch\\\/it\\\/#\\\/schema\\\/logo\\\/image\\\/\"},\"sameAs\":[\"https:\\\/\\\/www.facebook.com\\\/Schweizversand\",\"https:\\\/\\\/www.instagram.com\\\/schweizversand.ch\\\/\"]}]}<\/script>\n<!-- \/ Yoast SEO plugin. -->","yoast_head_json":{"title":"Hudora 2 Schaumstoffrohre \u2205 25 mm, ca. 100 cm lang | Jetzt kaufen | Schweizversand.ch","description":"Hudora 2 Schaumstoffrohre \u2205 25 mm, ca. 100 cm lang g\u00fcnstig kaufen bei Schweizversand.ch. Schnelle Lieferung in der Schweiz. Gratisversand ab CHF 50.","robots":{"index":"index","follow":"follow","max-snippet":"max-snippet:-1","max-image-preview":"max-image-preview:large","max-video-preview":"max-video-preview:-1"},"canonical":"https:\/\/schweizversand.ch\/it\/produkt\/hudora-2-schaumstoffrohre-%e2%88%85-25-mm-ca-100-cm-lang\/","og_locale":"it_IT","og_type":"article","og_title":"Hudora 2 Schaumstoffrohre \u2205 25 mm, ca. 100 cm lang | Jetzt kaufen | Schweizversand.ch","og_description":"Hudora 2 Schaumstoffrohre \u2205 25 mm, ca. 100 cm lang g\u00fcnstig kaufen bei Schweizversand.ch. Schnelle Lieferung in der Schweiz. Gratisversand ab CHF 50.","og_url":"https:\/\/schweizversand.ch\/it\/produkt\/hudora-2-schaumstoffrohre-%e2%88%85-25-mm-ca-100-cm-lang\/","og_site_name":"Schweizer Shop f\u00fcr Sport, Spiel und Freizeit","article_publisher":"https:\/\/www.facebook.com\/Schweizversand","article_modified_time":"2026-04-21T13:35:50+00:00","og_image":[{"width":1024,"height":246,"url":"https:\/\/schweizversand.ch\/wp-content\/uploads\/2026\/02\/5471489302.jpg","type":"image\/jpeg"}],"twitter_card":"summary_large_image","twitter_misc":{"Tempo di lettura stimato":"1 minuto"},"schema":{"@context":"https:\/\/schema.org","@graph":[{"@type":"WebPage","@id":"https:\/\/schweizversand.ch\/it\/produkt\/hudora-2-schaumstoffrohre-%e2%88%85-25-mm-ca-100-cm-lang\/","url":"https:\/\/schweizversand.ch\/it\/produkt\/hudora-2-schaumstoffrohre-%e2%88%85-25-mm-ca-100-cm-lang\/","name":"Hudora 2 Schaumstoffrohre \u2205 25 mm, ca. 100 cm lang | Jetzt kaufen | Schweizversand.ch","isPartOf":{"@id":"https:\/\/schweizversand.ch\/it\/#website"},"primaryImageOfPage":{"@id":"https:\/\/schweizversand.ch\/it\/produkt\/hudora-2-schaumstoffrohre-%e2%88%85-25-mm-ca-100-cm-lang\/#primaryimage"},"image":{"@id":"https:\/\/schweizversand.ch\/it\/produkt\/hudora-2-schaumstoffrohre-%e2%88%85-25-mm-ca-100-cm-lang\/#primaryimage"},"thumbnailUrl":"https:\/\/schweizversand.ch\/wp-content\/uploads\/2026\/02\/5471489302.jpg","datePublished":"2026-03-14T23:54:41+00:00","dateModified":"2026-04-21T13:35:50+00:00","description":"Hudora 2 Schaumstoffrohre \u2205 25 mm, ca. 100 cm lang g\u00fcnstig kaufen bei Schweizversand.ch. Schnelle Lieferung in der Schweiz. Gratisversand ab CHF 50.","breadcrumb":{"@id":"https:\/\/schweizversand.ch\/it\/produkt\/hudora-2-schaumstoffrohre-%e2%88%85-25-mm-ca-100-cm-lang\/#breadcrumb"},"inLanguage":"it-IT","potentialAction":[{"@type":"ReadAction","target":["https:\/\/schweizversand.ch\/it\/produkt\/hudora-2-schaumstoffrohre-%e2%88%85-25-mm-ca-100-cm-lang\/"]}]},{"@type":"ImageObject","inLanguage":"it-IT","@id":"https:\/\/schweizversand.ch\/it\/produkt\/hudora-2-schaumstoffrohre-%e2%88%85-25-mm-ca-100-cm-lang\/#primaryimage","url":"https:\/\/schweizversand.ch\/wp-content\/uploads\/2026\/02\/5471489302.jpg","contentUrl":"https:\/\/schweizversand.ch\/wp-content\/uploads\/2026\/02\/5471489302.jpg","width":1024,"height":246},{"@type":"BreadcrumbList","@id":"https:\/\/schweizversand.ch\/it\/produkt\/hudora-2-schaumstoffrohre-%e2%88%85-25-mm-ca-100-cm-lang\/#breadcrumb","itemListElement":[{"@type":"ListItem","position":1,"name":"Startseite","item":"https:\/\/schweizversand.ch\/it\/home\/"},{"@type":"ListItem","position":2,"name":"Shop","item":"https:\/\/schweizversand.ch\/it\/shop\/"},{"@type":"ListItem","position":3,"name":"Ricambi","item":"https:\/\/schweizversand.ch\/it\/produkt-kategorie\/ricambi\/"},{"@type":"ListItem","position":4,"name":"Hudora","item":"https:\/\/schweizversand.ch\/it\/produkt-kategorie\/ricambi\/hudora\/"},{"@type":"ListItem","position":5,"name":"Trampolino","item":"https:\/\/schweizversand.ch\/it\/produkt-kategorie\/ricambi\/hudora\/trampolin\/"},{"@type":"ListItem","position":6,"name":"Hudora 2 tubi di schiuma \u00d8 25 mm, lunghi circa 100 cm"}]},{"@type":"WebSite","@id":"https:\/\/schweizversand.ch\/it\/#website","url":"https:\/\/schweizversand.ch\/it\/","name":"Schweizer Shop f\u00fcr Sport, Spiel und Freizeit","description":"Gratisversand ab 50.- (netto), ab eigenem schweizer Lager, Lieferung innert 48h","publisher":{"@id":"https:\/\/schweizversand.ch\/it\/#organization"},"alternateName":"Schweizversand.ch","potentialAction":[{"@type":"SearchAction","target":{"@type":"EntryPoint","urlTemplate":"https:\/\/schweizversand.ch\/it\/?s={search_term_string}"},"query-input":{"@type":"PropertyValueSpecification","valueRequired":true,"valueName":"search_term_string"}}],"inLanguage":"it-IT"},{"@type":"Organization","@id":"https:\/\/schweizversand.ch\/it\/#organization","name":"Schweizversand.ch","url":"https:\/\/schweizversand.ch\/it\/","logo":{"@type":"ImageObject","inLanguage":"it-IT","@id":"https:\/\/schweizversand.ch\/it\/#\/schema\/logo\/image\/","url":"https:\/\/schweizversand.ch\/wp-content\/uploads\/2026\/03\/Logo_Rund_Final-1.png","contentUrl":"https:\/\/schweizversand.ch\/wp-content\/uploads\/2026\/03\/Logo_Rund_Final-1.png","width":404,"height":404,"caption":"Schweizversand.ch"},"image":{"@id":"https:\/\/schweizversand.ch\/it\/#\/schema\/logo\/image\/"},"sameAs":["https:\/\/www.facebook.com\/Schweizversand","https:\/\/www.instagram.com\/schweizversand.ch\/"]}]}},"jetpack_sharing_enabled":true,"_links":{"self":[{"href":"https:\/\/schweizversand.ch\/it\/wp-json\/wp\/v2\/product\/256857","targetHints":{"allow":["GET"]}}],"collection":[{"href":"https:\/\/schweizversand.ch\/it\/wp-json\/wp\/v2\/product"}],"about":[{"href":"https:\/\/schweizversand.ch\/it\/wp-json\/wp\/v2\/types\/product"}],"replies":[{"embeddable":true,"href":"https:\/\/schweizversand.ch\/it\/wp-json\/wp\/v2\/comments?post=256857"}],"wp:featuredmedia":[{"embeddable":true,"href":"https:\/\/schweizversand.ch\/it\/wp-json\/wp\/v2\/media\/159146"}],"wp:attachment":[{"href":"https:\/\/schweizversand.ch\/it\/wp-json\/wp\/v2\/media?parent=256857"}],"wp:term":[{"taxonomy":"product_brand","embeddable":true,"href":"https:\/\/schweizversand.ch\/it\/wp-json\/wp\/v2\/product_brand?post=256857"},{"taxonomy":"product_cat","embeddable":true,"href":"https:\/\/schweizversand.ch\/it\/wp-json\/wp\/v2\/product_cat?post=256857"},{"taxonomy":"product_tag","embeddable":true,"href":"https:\/\/schweizversand.ch\/it\/wp-json\/wp\/v2\/product_tag?post=256857"}],"curies":[{"name":"wp","href":"https:\/\/api.w.org\/{rel}","templated":true}]}}