{"id":257108,"date":"2026-03-18T02:00:23","date_gmt":"2026-03-18T01:00:23","guid":{"rendered":"https:\/\/schweizversand.ch\/produkt\/slazenger-tischtennis-set-6teilig\/"},"modified":"2026-04-11T15:35:07","modified_gmt":"2026-04-11T13:35:07","slug":"slazenger-tischtennis-set-6teilig","status":"publish","type":"product","link":"https:\/\/schweizversand.ch\/it\/produkt\/slazenger-tischtennis-set-6teilig\/","title":{"rendered":"Set da ping pong Slazenger, 6 pezzi"},"content":{"rendered":"<h1><strong>Set da ping pong Slazenger da 6 pezzi: il set ideale per il tempo libero<\/strong><\/h1>\n<div>Questo completo <strong>set da ping pong<\/strong> di Slazenger \u00e8 la scelta perfetta per <strong>principianti<\/strong>, famiglie e tutti i giocatori di <strong>ping pong amatoriale<\/strong> che desiderano iniziare subito. Offre un set completo di attrezzatura per godersi partite emozionanti a casa, al parco o in vacanza.<\/p>\n<\/div>\n<div><strong>Tutto ci\u00f2 che serve per divertirsi<\/strong><br \/>Il <strong>set da ping pong Slazenger da 6 pezzi<\/strong> \u00e8 stato creato per offrirti il \u200b\u200bmassimo comfort e un divertimento immediato. Il set include due componenti di racchette da ping pong di alta qualit\u00e0, progettate in modo ottimale per le esigenze dei giocatori amatoriali, nonch\u00e9 tre palline per un gioco fluido e dinamico. Racchette di alta qualit\u00e0 per un controllo ottimale: le due racchette da ping pong del set sono robuste e offrono un eccellente controllo della palla grazie al loro rivestimento speciale. Questo \u00e8 particolarmente vantaggioso per i principianti, poich\u00e9 accelera la curva di apprendimento e consente colpi pi\u00f9 precisi. I lati rossi e neri permettono di provare diverse tecniche di gioco e quindi di migliorare costantemente il proprio gioco. I tuoi vantaggi: Mobilit\u00e0 e protezione: Grazie alla pratica borsa per il trasporto inclusa nel set, puoi trasportare facilmente e riporre in sicurezza l&#8217;intero set da ping pong. La borsa protegge racchette e palline da sporco e danni, garantendo che la tua attrezzatura sia sempre pronta all&#8217;uso. Che si tratti di una partita improvvisata in giardino o di una partita pianificata con gli amici, sei sempre perfettamente equipaggiato.<\/p>\n<\/div>\n<div><strong>Dettagli del prodotto e contenuto della confezione<\/strong><br \/>&#8211; 2 racchette da ping pong (circa 25 cm x 14,8 cm)<br \/>&#8211; Spessore spugna: circa 2 mm (nero e rosso)<br \/>&#8211; 3 palline da ping pong (diametro circa 4 cm)<br \/>&#8211; 1 pratica borsa per il trasporto con cerniera<\/p>\n<\/div>\n<div><strong>Promuove la tua coordinazione<\/strong><br \/>Il ping pong non \u00e8 solo uno sport divertente, ma promuove efficacemente anche il <strong>tempo di reazione<\/strong> e la <strong>coordinazione<\/strong>. Con questo <strong>set da ping pong Slazenger<\/strong>, investi in un divertimento sano e attivo per tutta la famiglia. Ordina subito il tuo <strong>set da ping pong<\/strong> e vivi partite indimenticabili!<\/p>\n<\/div>\n<div><\/div>\n","protected":false},"excerpt":{"rendered":"<p>Set da ping pong Slazenger da 6 pezzi: il set ideale per il tempo libero Questo completo set da ping pong di Slazenger \u00e8 la scelta perfetta per principianti, famiglie e tutti i giocatori di ping pong amatoriale che desiderano iniziare subito. Offre un set completo di attrezzatura per godersi partite emozionanti a casa, al parco o in vacanza. Tutto ci\u00f2 che serve per divertirsiIl set da ping pong Slazenger da 6 pezzi \u00e8 stato&hellip;<\/p>\n","protected":false},"featured_media":257149,"comment_status":"open","ping_status":"closed","template":"","meta":[],"product_brand":[],"product_cat":[38412,38413],"product_tag":[],"class_list":{"0":"post-257108","1":"product","2":"type-product","3":"status-publish","4":"has-post-thumbnail","6":"product_cat-tischtennis","7":"product_cat-tennistavolo","8":"product_shipping_class-global_methods","10":"first","11":"instock","12":"taxable","13":"shipping-taxable","14":"purchasable","15":"product-type-simple"},"yoast_head":"<!-- This site is optimized with the Yoast SEO plugin v27.3 - https:\/\/yoast.com\/product\/yoast-seo-wordpress\/ -->\n<title>Slazenger Tischtennis-Set 6teilig | Jetzt kaufen | Schweizversand.ch<\/title>\n<meta name=\"description\" content=\"Slazenger Tischtennis-Set 6teilig g\u00fcnstig kaufen bei Schweizversand.ch. Schnelle Lieferung in der Schweiz. Gratisversand ab CHF 50.\" \/>\n<meta name=\"robots\" content=\"index, follow, max-snippet:-1, max-image-preview:large, max-video-preview:-1\" \/>\n<link rel=\"canonical\" href=\"https:\/\/schweizversand.ch\/it\/produkt\/slazenger-tischtennis-set-6teilig\/\" \/>\n<meta property=\"og:locale\" content=\"it_IT\" \/>\n<meta property=\"og:type\" content=\"article\" \/>\n<meta property=\"og:title\" content=\"Slazenger Tischtennis-Set 6teilig | Jetzt kaufen | Schweizversand.ch\" \/>\n<meta property=\"og:description\" content=\"Slazenger Tischtennis-Set 6teilig g\u00fcnstig kaufen bei Schweizversand.ch. Schnelle Lieferung in der Schweiz. Gratisversand ab CHF 50.\" \/>\n<meta property=\"og:url\" content=\"https:\/\/schweizversand.ch\/it\/produkt\/slazenger-tischtennis-set-6teilig\/\" \/>\n<meta property=\"og:site_name\" content=\"Schweizer Shop f\u00fcr Sport, Spiel und Freizeit\" \/>\n<meta property=\"article:publisher\" content=\"https:\/\/www.facebook.com\/Schweizversand\" \/>\n<meta property=\"article:modified_time\" content=\"2026-04-11T13:35:07+00:00\" \/>\n<meta name=\"twitter:card\" content=\"summary_large_image\" \/>\n<meta name=\"twitter:label1\" content=\"Tempo di lettura stimato\" \/>\n\t<meta name=\"twitter:data1\" content=\"2 minuto\" \/>\n<script type=\"application\/ld+json\" class=\"yoast-schema-graph\">{\"@context\":\"https:\\\/\\\/schema.org\",\"@graph\":[{\"@type\":\"WebPage\",\"@id\":\"https:\\\/\\\/schweizversand.ch\\\/it\\\/produkt\\\/slazenger-tischtennis-set-6teilig\\\/\",\"url\":\"https:\\\/\\\/schweizversand.ch\\\/it\\\/produkt\\\/slazenger-tischtennis-set-6teilig\\\/\",\"name\":\"Slazenger Tischtennis-Set 6teilig | Jetzt kaufen | Schweizversand.ch\",\"isPartOf\":{\"@id\":\"https:\\\/\\\/schweizversand.ch\\\/it\\\/#website\"},\"primaryImageOfPage\":{\"@id\":\"https:\\\/\\\/schweizversand.ch\\\/it\\\/produkt\\\/slazenger-tischtennis-set-6teilig\\\/#primaryimage\"},\"image\":{\"@id\":\"https:\\\/\\\/schweizversand.ch\\\/it\\\/produkt\\\/slazenger-tischtennis-set-6teilig\\\/#primaryimage\"},\"thumbnailUrl\":\"https:\\\/\\\/schweizversand.ch\\\/wp-content\\\/uploads\\\/2026\\\/03\\\/5471559116.jpg\",\"datePublished\":\"2026-03-18T01:00:23+00:00\",\"dateModified\":\"2026-04-11T13:35:07+00:00\",\"description\":\"Slazenger Tischtennis-Set 6teilig g\u00fcnstig kaufen bei Schweizversand.ch. Schnelle Lieferung in der Schweiz. Gratisversand ab CHF 50.\",\"breadcrumb\":{\"@id\":\"https:\\\/\\\/schweizversand.ch\\\/it\\\/produkt\\\/slazenger-tischtennis-set-6teilig\\\/#breadcrumb\"},\"inLanguage\":\"it-IT\",\"potentialAction\":[{\"@type\":\"ReadAction\",\"target\":[\"https:\\\/\\\/schweizversand.ch\\\/it\\\/produkt\\\/slazenger-tischtennis-set-6teilig\\\/\"]}]},{\"@type\":\"ImageObject\",\"inLanguage\":\"it-IT\",\"@id\":\"https:\\\/\\\/schweizversand.ch\\\/it\\\/produkt\\\/slazenger-tischtennis-set-6teilig\\\/#primaryimage\",\"url\":\"https:\\\/\\\/schweizversand.ch\\\/wp-content\\\/uploads\\\/2026\\\/03\\\/5471559116.jpg\",\"contentUrl\":\"https:\\\/\\\/schweizversand.ch\\\/wp-content\\\/uploads\\\/2026\\\/03\\\/5471559116.jpg\",\"width\":1024,\"height\":1024},{\"@type\":\"BreadcrumbList\",\"@id\":\"https:\\\/\\\/schweizversand.ch\\\/it\\\/produkt\\\/slazenger-tischtennis-set-6teilig\\\/#breadcrumb\",\"itemListElement\":[{\"@type\":\"ListItem\",\"position\":1,\"name\":\"Startseite\",\"item\":\"https:\\\/\\\/schweizversand.ch\\\/it\\\/\"},{\"@type\":\"ListItem\",\"position\":2,\"name\":\"Shop\",\"item\":\"https:\\\/\\\/schweizversand.ch\\\/it\\\/shop\\\/\"},{\"@type\":\"ListItem\",\"position\":3,\"name\":\"Set da ping pong Slazenger, 6 pezzi\"}]},{\"@type\":\"WebSite\",\"@id\":\"https:\\\/\\\/schweizversand.ch\\\/it\\\/#website\",\"url\":\"https:\\\/\\\/schweizversand.ch\\\/it\\\/\",\"name\":\"Schweizer Shop f\u00fcr Sport, Spiel und Freizeit\",\"description\":\"Gratisversand ab 50.- (netto), ab eigenem schweizer Lager, Lieferung innert 48h\",\"publisher\":{\"@id\":\"https:\\\/\\\/schweizversand.ch\\\/it\\\/#organization\"},\"alternateName\":\"Schweizversand.ch\",\"potentialAction\":[{\"@type\":\"SearchAction\",\"target\":{\"@type\":\"EntryPoint\",\"urlTemplate\":\"https:\\\/\\\/schweizversand.ch\\\/it\\\/?s={search_term_string}\"},\"query-input\":{\"@type\":\"PropertyValueSpecification\",\"valueRequired\":true,\"valueName\":\"search_term_string\"}}],\"inLanguage\":\"it-IT\"},{\"@type\":\"Organization\",\"@id\":\"https:\\\/\\\/schweizversand.ch\\\/it\\\/#organization\",\"name\":\"Schweizversand.ch\",\"url\":\"https:\\\/\\\/schweizversand.ch\\\/it\\\/\",\"logo\":{\"@type\":\"ImageObject\",\"inLanguage\":\"it-IT\",\"@id\":\"https:\\\/\\\/schweizversand.ch\\\/it\\\/#\\\/schema\\\/logo\\\/image\\\/\",\"url\":\"https:\\\/\\\/schweizversand.ch\\\/wp-content\\\/uploads\\\/2026\\\/03\\\/Logo_Rund_Final-1.png\",\"contentUrl\":\"https:\\\/\\\/schweizversand.ch\\\/wp-content\\\/uploads\\\/2026\\\/03\\\/Logo_Rund_Final-1.png\",\"width\":404,\"height\":404,\"caption\":\"Schweizversand.ch\"},\"image\":{\"@id\":\"https:\\\/\\\/schweizversand.ch\\\/it\\\/#\\\/schema\\\/logo\\\/image\\\/\"},\"sameAs\":[\"https:\\\/\\\/www.facebook.com\\\/Schweizversand\",\"https:\\\/\\\/www.instagram.com\\\/schweizversand.ch\\\/\"]}]}<\/script>\n<!-- \/ Yoast SEO plugin. -->","yoast_head_json":{"title":"Slazenger Tischtennis-Set 6teilig | Jetzt kaufen | Schweizversand.ch","description":"Slazenger Tischtennis-Set 6teilig g\u00fcnstig kaufen bei Schweizversand.ch. Schnelle Lieferung in der Schweiz. Gratisversand ab CHF 50.","robots":{"index":"index","follow":"follow","max-snippet":"max-snippet:-1","max-image-preview":"max-image-preview:large","max-video-preview":"max-video-preview:-1"},"canonical":"https:\/\/schweizversand.ch\/it\/produkt\/slazenger-tischtennis-set-6teilig\/","og_locale":"it_IT","og_type":"article","og_title":"Slazenger Tischtennis-Set 6teilig | Jetzt kaufen | Schweizversand.ch","og_description":"Slazenger Tischtennis-Set 6teilig g\u00fcnstig kaufen bei Schweizversand.ch. Schnelle Lieferung in der Schweiz. Gratisversand ab CHF 50.","og_url":"https:\/\/schweizversand.ch\/it\/produkt\/slazenger-tischtennis-set-6teilig\/","og_site_name":"Schweizer Shop f\u00fcr Sport, Spiel und Freizeit","article_publisher":"https:\/\/www.facebook.com\/Schweizversand","article_modified_time":"2026-04-11T13:35:07+00:00","twitter_card":"summary_large_image","twitter_misc":{"Tempo di lettura stimato":"2 minuto"},"schema":{"@context":"https:\/\/schema.org","@graph":[{"@type":"WebPage","@id":"https:\/\/schweizversand.ch\/it\/produkt\/slazenger-tischtennis-set-6teilig\/","url":"https:\/\/schweizversand.ch\/it\/produkt\/slazenger-tischtennis-set-6teilig\/","name":"Slazenger Tischtennis-Set 6teilig | Jetzt kaufen | Schweizversand.ch","isPartOf":{"@id":"https:\/\/schweizversand.ch\/it\/#website"},"primaryImageOfPage":{"@id":"https:\/\/schweizversand.ch\/it\/produkt\/slazenger-tischtennis-set-6teilig\/#primaryimage"},"image":{"@id":"https:\/\/schweizversand.ch\/it\/produkt\/slazenger-tischtennis-set-6teilig\/#primaryimage"},"thumbnailUrl":"https:\/\/schweizversand.ch\/wp-content\/uploads\/2026\/03\/5471559116.jpg","datePublished":"2026-03-18T01:00:23+00:00","dateModified":"2026-04-11T13:35:07+00:00","description":"Slazenger Tischtennis-Set 6teilig g\u00fcnstig kaufen bei Schweizversand.ch. Schnelle Lieferung in der Schweiz. Gratisversand ab CHF 50.","breadcrumb":{"@id":"https:\/\/schweizversand.ch\/it\/produkt\/slazenger-tischtennis-set-6teilig\/#breadcrumb"},"inLanguage":"it-IT","potentialAction":[{"@type":"ReadAction","target":["https:\/\/schweizversand.ch\/it\/produkt\/slazenger-tischtennis-set-6teilig\/"]}]},{"@type":"ImageObject","inLanguage":"it-IT","@id":"https:\/\/schweizversand.ch\/it\/produkt\/slazenger-tischtennis-set-6teilig\/#primaryimage","url":"https:\/\/schweizversand.ch\/wp-content\/uploads\/2026\/03\/5471559116.jpg","contentUrl":"https:\/\/schweizversand.ch\/wp-content\/uploads\/2026\/03\/5471559116.jpg","width":1024,"height":1024},{"@type":"BreadcrumbList","@id":"https:\/\/schweizversand.ch\/it\/produkt\/slazenger-tischtennis-set-6teilig\/#breadcrumb","itemListElement":[{"@type":"ListItem","position":1,"name":"Startseite","item":"https:\/\/schweizversand.ch\/it\/"},{"@type":"ListItem","position":2,"name":"Shop","item":"https:\/\/schweizversand.ch\/it\/shop\/"},{"@type":"ListItem","position":3,"name":"Set da ping pong Slazenger, 6 pezzi"}]},{"@type":"WebSite","@id":"https:\/\/schweizversand.ch\/it\/#website","url":"https:\/\/schweizversand.ch\/it\/","name":"Schweizer Shop f\u00fcr Sport, Spiel und Freizeit","description":"Gratisversand ab 50.- (netto), ab eigenem schweizer Lager, Lieferung innert 48h","publisher":{"@id":"https:\/\/schweizversand.ch\/it\/#organization"},"alternateName":"Schweizversand.ch","potentialAction":[{"@type":"SearchAction","target":{"@type":"EntryPoint","urlTemplate":"https:\/\/schweizversand.ch\/it\/?s={search_term_string}"},"query-input":{"@type":"PropertyValueSpecification","valueRequired":true,"valueName":"search_term_string"}}],"inLanguage":"it-IT"},{"@type":"Organization","@id":"https:\/\/schweizversand.ch\/it\/#organization","name":"Schweizversand.ch","url":"https:\/\/schweizversand.ch\/it\/","logo":{"@type":"ImageObject","inLanguage":"it-IT","@id":"https:\/\/schweizversand.ch\/it\/#\/schema\/logo\/image\/","url":"https:\/\/schweizversand.ch\/wp-content\/uploads\/2026\/03\/Logo_Rund_Final-1.png","contentUrl":"https:\/\/schweizversand.ch\/wp-content\/uploads\/2026\/03\/Logo_Rund_Final-1.png","width":404,"height":404,"caption":"Schweizversand.ch"},"image":{"@id":"https:\/\/schweizversand.ch\/it\/#\/schema\/logo\/image\/"},"sameAs":["https:\/\/www.facebook.com\/Schweizversand","https:\/\/www.instagram.com\/schweizversand.ch\/"]}]}},"jetpack_sharing_enabled":true,"_links":{"self":[{"href":"https:\/\/schweizversand.ch\/it\/wp-json\/wp\/v2\/product\/257108","targetHints":{"allow":["GET"]}}],"collection":[{"href":"https:\/\/schweizversand.ch\/it\/wp-json\/wp\/v2\/product"}],"about":[{"href":"https:\/\/schweizversand.ch\/it\/wp-json\/wp\/v2\/types\/product"}],"replies":[{"embeddable":true,"href":"https:\/\/schweizversand.ch\/it\/wp-json\/wp\/v2\/comments?post=257108"}],"wp:featuredmedia":[{"embeddable":true,"href":"https:\/\/schweizversand.ch\/it\/wp-json\/wp\/v2\/media\/257149"}],"wp:attachment":[{"href":"https:\/\/schweizversand.ch\/it\/wp-json\/wp\/v2\/media?parent=257108"}],"wp:term":[{"taxonomy":"product_brand","embeddable":true,"href":"https:\/\/schweizversand.ch\/it\/wp-json\/wp\/v2\/product_brand?post=257108"},{"taxonomy":"product_cat","embeddable":true,"href":"https:\/\/schweizversand.ch\/it\/wp-json\/wp\/v2\/product_cat?post=257108"},{"taxonomy":"product_tag","embeddable":true,"href":"https:\/\/schweizversand.ch\/it\/wp-json\/wp\/v2\/product_tag?post=257108"}],"curies":[{"name":"wp","href":"https:\/\/api.w.org\/{rel}","templated":true}]}}