{"id":257112,"date":"2026-03-18T02:00:25","date_gmt":"2026-03-18T01:00:25","guid":{"rendered":"https:\/\/schweizversand.ch\/produkt\/philips-batterien-multilife-aaa-r03b4a70-wiederaufladbar\/"},"modified":"2026-04-07T15:35:33","modified_gmt":"2026-04-07T13:35:33","slug":"philips-batterien-multilife-aaa-r03b4a70-wiederaufladbar","status":"publish","type":"product","link":"https:\/\/schweizversand.ch\/it\/produkt\/philips-batterien-multilife-aaa-r03b4a70-wiederaufladbar\/","title":{"rendered":"Batterie Philips Multilife AAA (R03B4A70) \u2013 Ricaricabili"},"content":{"rendered":"<p>Batterie Philips Multilife AAA (R03B4A70) \u2013 Ricaricabili, affidabili ed ecologiche<\/p>\n<p>Scegli qualit\u00e0 e sostenibilit\u00e0 con le batterie Philips Multilife AAA (R03B4A70). Queste micro batterie ricaricabili (tipo AAA) con una capacit\u00e0 di 700 mAh forniscono energia affidabile per i tuoi dispositivi di uso quotidiano: ideali per telecomandi, mouse wireless, torce, orologi e molto altro.<\/p>\n<p>La tecnologia NiMH (nichel-metallo idruro) garantisce prestazioni stabili per molti cicli di ricarica, senza effetto memoria. Questo ti fa risparmiare denaro a lungo termine e riduce l&#8217;impatto ambientale.<\/p>\n<p>La tecnologia NiMH garantisce prestazioni stabili per molti cicli di ricarica, senza effetto memoria. Caratteristiche principali del prodotto:<\/p>\n<p>\u2022 4 batterie ricaricabili AAA (Micro, R03)<\/p>\n<p>\u2022 Capacit\u00e0: 700 mAh \u2013 ideale per dispositivi con consumo energetico da basso a medio<\/p>\n<p>\u2022 Tecnologia NiMH \u2013 nessun effetto memoria, lunga durata<\/p>\n<p>\u2022 Ecologiche ed economiche \u2013 ricaricabili fino a 1.000 volte<\/p>\n<p>\u2022 Qualit\u00e0 del marchio Philips \u2013 prestazioni comprovate da decenni<\/p>\n<p>Le batterie ricaricabili Philips Multilife R03B4A70 AAA sono la scelta perfetta per chi desidera combinare un&#8217;alimentazione affidabile con la consapevolezza ambientale.<\/p>\n","protected":false},"excerpt":{"rendered":"<p>Batterie Philips Multilife AAA (R03B4A70) \u2013 Ricaricabili, affidabili ed ecologiche Scegli qualit\u00e0 e sostenibilit\u00e0 con le batterie Philips Multilife AAA (R03B4A70). Queste micro batterie ricaricabili (tipo AAA) con una capacit\u00e0 di 700 mAh forniscono energia affidabile per i tuoi dispositivi di uso quotidiano: ideali per telecomandi, mouse wireless, torce, orologi e molto altro. La tecnologia NiMH (nichel-metallo idruro) garantisce prestazioni stabili per molti cicli di ricarica, senza effetto memoria. Questo ti fa risparmiare denaro a&hellip;<\/p>\n","protected":false},"featured_media":257162,"comment_status":"open","ping_status":"closed","template":"","meta":[],"product_brand":[],"product_cat":[38213,38216],"product_tag":[],"class_list":{"0":"post-257112","1":"product","2":"type-product","3":"status-publish","4":"has-post-thumbnail","6":"product_cat-batterien-akkus","7":"product_cat-batterie-ricaricabili","8":"product_shipping_class-global_methods","10":"first","11":"instock","12":"taxable","13":"shipping-taxable","14":"purchasable","15":"product-type-simple"},"yoast_head":"<!-- This site is optimized with the Yoast SEO plugin v27.3 - https:\/\/yoast.com\/product\/yoast-seo-wordpress\/ -->\n<title>Philips Batterien Multilife AAA- (R03B4A70) \u2013 Wiederaufladbar | Jetzt kaufen | Schweizversand.ch<\/title>\n<meta name=\"description\" content=\"Philips Batterien Multilife AAA- (R03B4A70) \u2013 Wiederaufladbar g\u00fcnstig kaufen bei Schweizversand.ch. Schnelle Lieferung in der Schweiz. Gratisversand ab CHF 50.\" \/>\n<meta name=\"robots\" content=\"index, follow, max-snippet:-1, max-image-preview:large, max-video-preview:-1\" \/>\n<link rel=\"canonical\" href=\"https:\/\/schweizversand.ch\/it\/produkt\/philips-batterien-multilife-aaa-r03b4a70-wiederaufladbar\/\" \/>\n<meta property=\"og:locale\" content=\"it_IT\" \/>\n<meta property=\"og:type\" content=\"article\" \/>\n<meta property=\"og:title\" content=\"Philips Batterien Multilife AAA- (R03B4A70) \u2013 Wiederaufladbar | Jetzt kaufen | Schweizversand.ch\" \/>\n<meta property=\"og:description\" content=\"Philips Batterien Multilife AAA- (R03B4A70) \u2013 Wiederaufladbar g\u00fcnstig kaufen bei Schweizversand.ch. Schnelle Lieferung in der Schweiz. Gratisversand ab CHF 50.\" \/>\n<meta property=\"og:url\" content=\"https:\/\/schweizversand.ch\/it\/produkt\/philips-batterien-multilife-aaa-r03b4a70-wiederaufladbar\/\" \/>\n<meta property=\"og:site_name\" content=\"Schweizer Shop f\u00fcr Sport, Spiel und Freizeit\" \/>\n<meta property=\"article:publisher\" content=\"https:\/\/www.facebook.com\/Schweizversand\" \/>\n<meta property=\"article:modified_time\" content=\"2026-04-07T13:35:33+00:00\" \/>\n<meta name=\"twitter:card\" content=\"summary_large_image\" \/>\n<meta name=\"twitter:label1\" content=\"Tempo di lettura stimato\" \/>\n\t<meta name=\"twitter:data1\" content=\"1 minuto\" \/>\n<script type=\"application\/ld+json\" class=\"yoast-schema-graph\">{\"@context\":\"https:\\\/\\\/schema.org\",\"@graph\":[{\"@type\":\"WebPage\",\"@id\":\"https:\\\/\\\/schweizversand.ch\\\/it\\\/produkt\\\/philips-batterien-multilife-aaa-r03b4a70-wiederaufladbar\\\/\",\"url\":\"https:\\\/\\\/schweizversand.ch\\\/it\\\/produkt\\\/philips-batterien-multilife-aaa-r03b4a70-wiederaufladbar\\\/\",\"name\":\"Philips Batterien Multilife AAA- (R03B4A70) \u2013 Wiederaufladbar | Jetzt kaufen | Schweizversand.ch\",\"isPartOf\":{\"@id\":\"https:\\\/\\\/schweizversand.ch\\\/it\\\/#website\"},\"primaryImageOfPage\":{\"@id\":\"https:\\\/\\\/schweizversand.ch\\\/it\\\/produkt\\\/philips-batterien-multilife-aaa-r03b4a70-wiederaufladbar\\\/#primaryimage\"},\"image\":{\"@id\":\"https:\\\/\\\/schweizversand.ch\\\/it\\\/produkt\\\/philips-batterien-multilife-aaa-r03b4a70-wiederaufladbar\\\/#primaryimage\"},\"thumbnailUrl\":\"https:\\\/\\\/schweizversand.ch\\\/wp-content\\\/uploads\\\/2026\\\/03\\\/5471917156.jpg\",\"datePublished\":\"2026-03-18T01:00:25+00:00\",\"dateModified\":\"2026-04-07T13:35:33+00:00\",\"description\":\"Philips Batterien Multilife AAA- (R03B4A70) \u2013 Wiederaufladbar g\u00fcnstig kaufen bei Schweizversand.ch. Schnelle Lieferung in der Schweiz. Gratisversand ab CHF 50.\",\"breadcrumb\":{\"@id\":\"https:\\\/\\\/schweizversand.ch\\\/it\\\/produkt\\\/philips-batterien-multilife-aaa-r03b4a70-wiederaufladbar\\\/#breadcrumb\"},\"inLanguage\":\"it-IT\",\"potentialAction\":[{\"@type\":\"ReadAction\",\"target\":[\"https:\\\/\\\/schweizversand.ch\\\/it\\\/produkt\\\/philips-batterien-multilife-aaa-r03b4a70-wiederaufladbar\\\/\"]}]},{\"@type\":\"ImageObject\",\"inLanguage\":\"it-IT\",\"@id\":\"https:\\\/\\\/schweizversand.ch\\\/it\\\/produkt\\\/philips-batterien-multilife-aaa-r03b4a70-wiederaufladbar\\\/#primaryimage\",\"url\":\"https:\\\/\\\/schweizversand.ch\\\/wp-content\\\/uploads\\\/2026\\\/03\\\/5471917156.jpg\",\"contentUrl\":\"https:\\\/\\\/schweizversand.ch\\\/wp-content\\\/uploads\\\/2026\\\/03\\\/5471917156.jpg\",\"width\":1024,\"height\":1024},{\"@type\":\"BreadcrumbList\",\"@id\":\"https:\\\/\\\/schweizversand.ch\\\/it\\\/produkt\\\/philips-batterien-multilife-aaa-r03b4a70-wiederaufladbar\\\/#breadcrumb\",\"itemListElement\":[{\"@type\":\"ListItem\",\"position\":1,\"name\":\"Startseite\",\"item\":\"https:\\\/\\\/schweizversand.ch\\\/it\\\/\"},{\"@type\":\"ListItem\",\"position\":2,\"name\":\"Shop\",\"item\":\"https:\\\/\\\/schweizversand.ch\\\/it\\\/shop\\\/\"},{\"@type\":\"ListItem\",\"position\":3,\"name\":\"Batterie Philips Multilife AAA (R03B4A70) \u2013 Ricaricabili\"}]},{\"@type\":\"WebSite\",\"@id\":\"https:\\\/\\\/schweizversand.ch\\\/it\\\/#website\",\"url\":\"https:\\\/\\\/schweizversand.ch\\\/it\\\/\",\"name\":\"Schweizer Shop f\u00fcr Sport, Spiel und Freizeit\",\"description\":\"Gratisversand ab 50.- (netto), ab eigenem schweizer Lager, Lieferung innert 48h\",\"publisher\":{\"@id\":\"https:\\\/\\\/schweizversand.ch\\\/it\\\/#organization\"},\"alternateName\":\"Schweizversand.ch\",\"potentialAction\":[{\"@type\":\"SearchAction\",\"target\":{\"@type\":\"EntryPoint\",\"urlTemplate\":\"https:\\\/\\\/schweizversand.ch\\\/it\\\/?s={search_term_string}\"},\"query-input\":{\"@type\":\"PropertyValueSpecification\",\"valueRequired\":true,\"valueName\":\"search_term_string\"}}],\"inLanguage\":\"it-IT\"},{\"@type\":\"Organization\",\"@id\":\"https:\\\/\\\/schweizversand.ch\\\/it\\\/#organization\",\"name\":\"Schweizversand.ch\",\"url\":\"https:\\\/\\\/schweizversand.ch\\\/it\\\/\",\"logo\":{\"@type\":\"ImageObject\",\"inLanguage\":\"it-IT\",\"@id\":\"https:\\\/\\\/schweizversand.ch\\\/it\\\/#\\\/schema\\\/logo\\\/image\\\/\",\"url\":\"https:\\\/\\\/schweizversand.ch\\\/wp-content\\\/uploads\\\/2026\\\/03\\\/Logo_Rund_Final-1.png\",\"contentUrl\":\"https:\\\/\\\/schweizversand.ch\\\/wp-content\\\/uploads\\\/2026\\\/03\\\/Logo_Rund_Final-1.png\",\"width\":404,\"height\":404,\"caption\":\"Schweizversand.ch\"},\"image\":{\"@id\":\"https:\\\/\\\/schweizversand.ch\\\/it\\\/#\\\/schema\\\/logo\\\/image\\\/\"},\"sameAs\":[\"https:\\\/\\\/www.facebook.com\\\/Schweizversand\",\"https:\\\/\\\/www.instagram.com\\\/schweizversand.ch\\\/\"]}]}<\/script>\n<!-- \/ Yoast SEO plugin. -->","yoast_head_json":{"title":"Philips Batterien Multilife AAA- (R03B4A70) \u2013 Wiederaufladbar | Jetzt kaufen | Schweizversand.ch","description":"Philips Batterien Multilife AAA- (R03B4A70) \u2013 Wiederaufladbar g\u00fcnstig kaufen bei Schweizversand.ch. Schnelle Lieferung in der Schweiz. Gratisversand ab CHF 50.","robots":{"index":"index","follow":"follow","max-snippet":"max-snippet:-1","max-image-preview":"max-image-preview:large","max-video-preview":"max-video-preview:-1"},"canonical":"https:\/\/schweizversand.ch\/it\/produkt\/philips-batterien-multilife-aaa-r03b4a70-wiederaufladbar\/","og_locale":"it_IT","og_type":"article","og_title":"Philips Batterien Multilife AAA- (R03B4A70) \u2013 Wiederaufladbar | Jetzt kaufen | Schweizversand.ch","og_description":"Philips Batterien Multilife AAA- (R03B4A70) \u2013 Wiederaufladbar g\u00fcnstig kaufen bei Schweizversand.ch. Schnelle Lieferung in der Schweiz. Gratisversand ab CHF 50.","og_url":"https:\/\/schweizversand.ch\/it\/produkt\/philips-batterien-multilife-aaa-r03b4a70-wiederaufladbar\/","og_site_name":"Schweizer Shop f\u00fcr Sport, Spiel und Freizeit","article_publisher":"https:\/\/www.facebook.com\/Schweizversand","article_modified_time":"2026-04-07T13:35:33+00:00","twitter_card":"summary_large_image","twitter_misc":{"Tempo di lettura stimato":"1 minuto"},"schema":{"@context":"https:\/\/schema.org","@graph":[{"@type":"WebPage","@id":"https:\/\/schweizversand.ch\/it\/produkt\/philips-batterien-multilife-aaa-r03b4a70-wiederaufladbar\/","url":"https:\/\/schweizversand.ch\/it\/produkt\/philips-batterien-multilife-aaa-r03b4a70-wiederaufladbar\/","name":"Philips Batterien Multilife AAA- (R03B4A70) \u2013 Wiederaufladbar | Jetzt kaufen | Schweizversand.ch","isPartOf":{"@id":"https:\/\/schweizversand.ch\/it\/#website"},"primaryImageOfPage":{"@id":"https:\/\/schweizversand.ch\/it\/produkt\/philips-batterien-multilife-aaa-r03b4a70-wiederaufladbar\/#primaryimage"},"image":{"@id":"https:\/\/schweizversand.ch\/it\/produkt\/philips-batterien-multilife-aaa-r03b4a70-wiederaufladbar\/#primaryimage"},"thumbnailUrl":"https:\/\/schweizversand.ch\/wp-content\/uploads\/2026\/03\/5471917156.jpg","datePublished":"2026-03-18T01:00:25+00:00","dateModified":"2026-04-07T13:35:33+00:00","description":"Philips Batterien Multilife AAA- (R03B4A70) \u2013 Wiederaufladbar g\u00fcnstig kaufen bei Schweizversand.ch. Schnelle Lieferung in der Schweiz. Gratisversand ab CHF 50.","breadcrumb":{"@id":"https:\/\/schweizversand.ch\/it\/produkt\/philips-batterien-multilife-aaa-r03b4a70-wiederaufladbar\/#breadcrumb"},"inLanguage":"it-IT","potentialAction":[{"@type":"ReadAction","target":["https:\/\/schweizversand.ch\/it\/produkt\/philips-batterien-multilife-aaa-r03b4a70-wiederaufladbar\/"]}]},{"@type":"ImageObject","inLanguage":"it-IT","@id":"https:\/\/schweizversand.ch\/it\/produkt\/philips-batterien-multilife-aaa-r03b4a70-wiederaufladbar\/#primaryimage","url":"https:\/\/schweizversand.ch\/wp-content\/uploads\/2026\/03\/5471917156.jpg","contentUrl":"https:\/\/schweizversand.ch\/wp-content\/uploads\/2026\/03\/5471917156.jpg","width":1024,"height":1024},{"@type":"BreadcrumbList","@id":"https:\/\/schweizversand.ch\/it\/produkt\/philips-batterien-multilife-aaa-r03b4a70-wiederaufladbar\/#breadcrumb","itemListElement":[{"@type":"ListItem","position":1,"name":"Startseite","item":"https:\/\/schweizversand.ch\/it\/"},{"@type":"ListItem","position":2,"name":"Shop","item":"https:\/\/schweizversand.ch\/it\/shop\/"},{"@type":"ListItem","position":3,"name":"Batterie Philips Multilife AAA (R03B4A70) \u2013 Ricaricabili"}]},{"@type":"WebSite","@id":"https:\/\/schweizversand.ch\/it\/#website","url":"https:\/\/schweizversand.ch\/it\/","name":"Schweizer Shop f\u00fcr Sport, Spiel und Freizeit","description":"Gratisversand ab 50.- (netto), ab eigenem schweizer Lager, Lieferung innert 48h","publisher":{"@id":"https:\/\/schweizversand.ch\/it\/#organization"},"alternateName":"Schweizversand.ch","potentialAction":[{"@type":"SearchAction","target":{"@type":"EntryPoint","urlTemplate":"https:\/\/schweizversand.ch\/it\/?s={search_term_string}"},"query-input":{"@type":"PropertyValueSpecification","valueRequired":true,"valueName":"search_term_string"}}],"inLanguage":"it-IT"},{"@type":"Organization","@id":"https:\/\/schweizversand.ch\/it\/#organization","name":"Schweizversand.ch","url":"https:\/\/schweizversand.ch\/it\/","logo":{"@type":"ImageObject","inLanguage":"it-IT","@id":"https:\/\/schweizversand.ch\/it\/#\/schema\/logo\/image\/","url":"https:\/\/schweizversand.ch\/wp-content\/uploads\/2026\/03\/Logo_Rund_Final-1.png","contentUrl":"https:\/\/schweizversand.ch\/wp-content\/uploads\/2026\/03\/Logo_Rund_Final-1.png","width":404,"height":404,"caption":"Schweizversand.ch"},"image":{"@id":"https:\/\/schweizversand.ch\/it\/#\/schema\/logo\/image\/"},"sameAs":["https:\/\/www.facebook.com\/Schweizversand","https:\/\/www.instagram.com\/schweizversand.ch\/"]}]}},"jetpack_sharing_enabled":true,"_links":{"self":[{"href":"https:\/\/schweizversand.ch\/it\/wp-json\/wp\/v2\/product\/257112","targetHints":{"allow":["GET"]}}],"collection":[{"href":"https:\/\/schweizversand.ch\/it\/wp-json\/wp\/v2\/product"}],"about":[{"href":"https:\/\/schweizversand.ch\/it\/wp-json\/wp\/v2\/types\/product"}],"replies":[{"embeddable":true,"href":"https:\/\/schweizversand.ch\/it\/wp-json\/wp\/v2\/comments?post=257112"}],"wp:featuredmedia":[{"embeddable":true,"href":"https:\/\/schweizversand.ch\/it\/wp-json\/wp\/v2\/media\/257162"}],"wp:attachment":[{"href":"https:\/\/schweizversand.ch\/it\/wp-json\/wp\/v2\/media?parent=257112"}],"wp:term":[{"taxonomy":"product_brand","embeddable":true,"href":"https:\/\/schweizversand.ch\/it\/wp-json\/wp\/v2\/product_brand?post=257112"},{"taxonomy":"product_cat","embeddable":true,"href":"https:\/\/schweizversand.ch\/it\/wp-json\/wp\/v2\/product_cat?post=257112"},{"taxonomy":"product_tag","embeddable":true,"href":"https:\/\/schweizversand.ch\/it\/wp-json\/wp\/v2\/product_tag?post=257112"}],"curies":[{"name":"wp","href":"https:\/\/api.w.org\/{rel}","templated":true}]}}