{"id":257992,"date":"2026-03-20T02:01:07","date_gmt":"2026-03-20T01:01:07","guid":{"rendered":"https:\/\/schweizversand.ch\/produkt\/trespass-abbott-herren-jacke-7\/"},"modified":"2026-04-09T15:36:22","modified_gmt":"2026-04-09T13:36:22","slug":"trespass-abbott-herren-jacke-7","status":"publish","type":"product","link":"https:\/\/schweizversand.ch\/it\/produkt\/trespass-abbott-herren-jacke-7\/","title":{"rendered":"Giacca da uomo Trespass ABBOTT"},"content":{"rendered":"<h1><strong>Giacca softshell Abbott da uomo con cappuccio<\/strong><\/h1>\n<div>La giacca softshell Abbott da uomo \u00e8 la compagna ideale per tutte le attivit\u00e0 all&#8217;aperto. Grazie alla sua completa protezione da vento e acqua, sei perfettamente equipaggiato per raggiungere qualsiasi obiettivo, indipendentemente dalle condizioni meteorologiche. Scopri la perfetta combinazione di <strong>funzionalit\u00e0, comfort e design moderno<\/strong>.<\/p>\n<\/div>\n<div><strong>Concetto softshell rivoluzionario<\/strong><br \/>L&#8217;abbigliamento softshell offre un&#8217;interpretazione moderna del classico capospalla hardshell. Questa giacca garantisce un&#8217;esperienza pi\u00f9 flessibile, rendendola la scelta ideale per lo sport, l&#8217;abbigliamento sportivo e l&#8217;uso quotidiano. La giacca softshell Abbott con cappuccio offre la libert\u00e0 di movimento di cui hai bisogno per la tua prossima escursione o per la vita di tutti i giorni. Protezione affidabile dagli elementi: questa giacca antivento \u00e8 stata ampiamente testata per mantenerti asciutto e comodo anche durante i temporali prolungati. Sebbene le giacche softshell non abbiano cuciture sigillate, le caratteristiche tecniche offrono un&#8217;eccellente protezione dalle intemperie. \u00c8 la giacca outdoor ideale per chi apprezza le prestazioni. Specifiche tecniche e materiali: &#8211; Grado di impermeabilit\u00e0: 8.000 mm &#8211; Traspirabilit\u00e0: 3.000 mvp &#8211; Antivento: S\u00ec, protezione completa &#8211; Materiale: Tessuto intrecciato per un&#8217;elevata resistenza &#8211; Composizione: 96% poliestere \/ 4% elastan &#8211; Membrana: Membrana TPU integrata per propriet\u00e0 idrorepellenti. I tuoi vantaggi: Comfort e flessibilit\u00e0. La combinazione di poliestere e 4% elastan rende questa giacca softshell idrorepellente particolarmente flessibile e resistente. La struttura del tessuto garantisce resistenza e mantenimento della forma. Goditi l&#8217;elevato livello di comfort mentre la traspirabilit\u00e0 di 3.000 mvp ti impedisce di surriscaldarti, anche durante l&#8217;attivit\u00e0 intensa. Questa versatile giacca da trekking si adatta perfettamente alle tue esigenze. Che tu stia pianificando un&#8217;impegnativa escursione in montagna o semplicemente cercando una giacca affidabile per l&#8217;uso quotidiano, la giacca softshell da uomo Abbott \u00e8 la scelta giusta. Ti protegge in modo affidabile da vento e pioggia offrendo al contempo il comfort e la flessibilit\u00e0 che ti aspetti da un abbigliamento tecnico di alta qualit\u00e0. Acquista subito la tua giacca softshell Abbott e sperimenta la massima protezione e il massimo comfort in tutte le tue avventure.<\/p>\n","protected":false},"excerpt":{"rendered":"<p>Giacca softshell Abbott da uomo con cappuccio La giacca softshell Abbott da uomo \u00e8 la compagna ideale per tutte le attivit\u00e0 all&#8217;aperto. Grazie alla sua completa protezione da vento e acqua, sei perfettamente equipaggiato per raggiungere qualsiasi obiettivo, indipendentemente dalle condizioni meteorologiche. Scopri la perfetta combinazione di funzionalit\u00e0, comfort e design moderno. Concetto softshell rivoluzionarioL&#8217;abbigliamento softshell offre un&#8217;interpretazione moderna del classico capospalla hardshell. Questa giacca garantisce un&#8217;esperienza pi\u00f9 flessibile, rendendola la scelta ideale per lo&hellip;<\/p>\n","protected":false},"featured_media":258335,"comment_status":"open","ping_status":"closed","template":"","meta":[],"product_brand":[],"product_cat":[38220],"product_tag":[],"class_list":{"0":"post-257992","1":"product","2":"type-product","3":"status-publish","4":"has-post-thumbnail","6":"product_cat-herrenbekleidung","7":"product_shipping_class-global_methods","9":"first","10":"instock","11":"taxable","12":"shipping-taxable","13":"purchasable","14":"product-type-simple"},"yoast_head":"<!-- This site is optimized with the Yoast SEO plugin v27.3 - https:\/\/yoast.com\/product\/yoast-seo-wordpress\/ -->\n<title>Trespass ABBOTT Herren Jacke | Jetzt kaufen | Schweizversand.ch<\/title>\n<meta name=\"description\" content=\"Trespass ABBOTT Herren Jacke g\u00fcnstig kaufen bei Schweizversand.ch. Schnelle Lieferung in der Schweiz. Gratisversand ab CHF 50.\" \/>\n<meta name=\"robots\" content=\"index, follow, max-snippet:-1, max-image-preview:large, max-video-preview:-1\" \/>\n<link rel=\"canonical\" href=\"https:\/\/schweizversand.ch\/it\/produkt\/trespass-abbott-herren-jacke-7\/\" \/>\n<meta property=\"og:locale\" content=\"it_IT\" \/>\n<meta property=\"og:type\" content=\"article\" \/>\n<meta property=\"og:title\" content=\"Trespass ABBOTT Herren Jacke | Jetzt kaufen | Schweizversand.ch\" \/>\n<meta property=\"og:description\" content=\"Trespass ABBOTT Herren Jacke g\u00fcnstig kaufen bei Schweizversand.ch. Schnelle Lieferung in der Schweiz. Gratisversand ab CHF 50.\" \/>\n<meta property=\"og:url\" content=\"https:\/\/schweizversand.ch\/it\/produkt\/trespass-abbott-herren-jacke-7\/\" \/>\n<meta property=\"og:site_name\" content=\"Schweizer Shop f\u00fcr Sport, Spiel und Freizeit\" \/>\n<meta property=\"article:publisher\" content=\"https:\/\/www.facebook.com\/Schweizversand\" \/>\n<meta property=\"article:modified_time\" content=\"2026-04-09T13:36:22+00:00\" \/>\n<meta name=\"twitter:card\" content=\"summary_large_image\" \/>\n<meta name=\"twitter:label1\" content=\"Tempo di lettura stimato\" \/>\n\t<meta name=\"twitter:data1\" content=\"2 minuto\" \/>\n<script type=\"application\/ld+json\" class=\"yoast-schema-graph\">{\"@context\":\"https:\\\/\\\/schema.org\",\"@graph\":[{\"@type\":\"WebPage\",\"@id\":\"https:\\\/\\\/schweizversand.ch\\\/it\\\/produkt\\\/trespass-abbott-herren-jacke-7\\\/\",\"url\":\"https:\\\/\\\/schweizversand.ch\\\/it\\\/produkt\\\/trespass-abbott-herren-jacke-7\\\/\",\"name\":\"Trespass ABBOTT Herren Jacke | Jetzt kaufen | Schweizversand.ch\",\"isPartOf\":{\"@id\":\"https:\\\/\\\/schweizversand.ch\\\/it\\\/#website\"},\"primaryImageOfPage\":{\"@id\":\"https:\\\/\\\/schweizversand.ch\\\/it\\\/produkt\\\/trespass-abbott-herren-jacke-7\\\/#primaryimage\"},\"image\":{\"@id\":\"https:\\\/\\\/schweizversand.ch\\\/it\\\/produkt\\\/trespass-abbott-herren-jacke-7\\\/#primaryimage\"},\"thumbnailUrl\":\"https:\\\/\\\/schweizversand.ch\\\/wp-content\\\/uploads\\\/2026\\\/03\\\/5471682973.jpg\",\"datePublished\":\"2026-03-20T01:01:07+00:00\",\"dateModified\":\"2026-04-09T13:36:22+00:00\",\"description\":\"Trespass ABBOTT Herren Jacke g\u00fcnstig kaufen bei Schweizversand.ch. Schnelle Lieferung in der Schweiz. Gratisversand ab CHF 50.\",\"breadcrumb\":{\"@id\":\"https:\\\/\\\/schweizversand.ch\\\/it\\\/produkt\\\/trespass-abbott-herren-jacke-7\\\/#breadcrumb\"},\"inLanguage\":\"it-IT\",\"potentialAction\":[{\"@type\":\"ReadAction\",\"target\":[\"https:\\\/\\\/schweizversand.ch\\\/it\\\/produkt\\\/trespass-abbott-herren-jacke-7\\\/\"]}]},{\"@type\":\"ImageObject\",\"inLanguage\":\"it-IT\",\"@id\":\"https:\\\/\\\/schweizversand.ch\\\/it\\\/produkt\\\/trespass-abbott-herren-jacke-7\\\/#primaryimage\",\"url\":\"https:\\\/\\\/schweizversand.ch\\\/wp-content\\\/uploads\\\/2026\\\/03\\\/5471682973.jpg\",\"contentUrl\":\"https:\\\/\\\/schweizversand.ch\\\/wp-content\\\/uploads\\\/2026\\\/03\\\/5471682973.jpg\",\"width\":1024,\"height\":1024},{\"@type\":\"BreadcrumbList\",\"@id\":\"https:\\\/\\\/schweizversand.ch\\\/it\\\/produkt\\\/trespass-abbott-herren-jacke-7\\\/#breadcrumb\",\"itemListElement\":[{\"@type\":\"ListItem\",\"position\":1,\"name\":\"Startseite\",\"item\":\"https:\\\/\\\/schweizversand.ch\\\/it\\\/\"},{\"@type\":\"ListItem\",\"position\":2,\"name\":\"Shop\",\"item\":\"https:\\\/\\\/schweizversand.ch\\\/it\\\/shop\\\/\"},{\"@type\":\"ListItem\",\"position\":3,\"name\":\"Giacca da uomo Trespass ABBOTT\"}]},{\"@type\":\"WebSite\",\"@id\":\"https:\\\/\\\/schweizversand.ch\\\/it\\\/#website\",\"url\":\"https:\\\/\\\/schweizversand.ch\\\/it\\\/\",\"name\":\"Schweizer Shop f\u00fcr Sport, Spiel und Freizeit\",\"description\":\"Gratisversand ab 50.- (netto), ab eigenem schweizer Lager, Lieferung innert 48h\",\"publisher\":{\"@id\":\"https:\\\/\\\/schweizversand.ch\\\/it\\\/#organization\"},\"alternateName\":\"Schweizversand.ch\",\"potentialAction\":[{\"@type\":\"SearchAction\",\"target\":{\"@type\":\"EntryPoint\",\"urlTemplate\":\"https:\\\/\\\/schweizversand.ch\\\/it\\\/?s={search_term_string}\"},\"query-input\":{\"@type\":\"PropertyValueSpecification\",\"valueRequired\":true,\"valueName\":\"search_term_string\"}}],\"inLanguage\":\"it-IT\"},{\"@type\":\"Organization\",\"@id\":\"https:\\\/\\\/schweizversand.ch\\\/it\\\/#organization\",\"name\":\"Schweizversand.ch\",\"url\":\"https:\\\/\\\/schweizversand.ch\\\/it\\\/\",\"logo\":{\"@type\":\"ImageObject\",\"inLanguage\":\"it-IT\",\"@id\":\"https:\\\/\\\/schweizversand.ch\\\/it\\\/#\\\/schema\\\/logo\\\/image\\\/\",\"url\":\"https:\\\/\\\/schweizversand.ch\\\/wp-content\\\/uploads\\\/2026\\\/03\\\/Logo_Rund_Final-1.png\",\"contentUrl\":\"https:\\\/\\\/schweizversand.ch\\\/wp-content\\\/uploads\\\/2026\\\/03\\\/Logo_Rund_Final-1.png\",\"width\":404,\"height\":404,\"caption\":\"Schweizversand.ch\"},\"image\":{\"@id\":\"https:\\\/\\\/schweizversand.ch\\\/it\\\/#\\\/schema\\\/logo\\\/image\\\/\"},\"sameAs\":[\"https:\\\/\\\/www.facebook.com\\\/Schweizversand\",\"https:\\\/\\\/www.instagram.com\\\/schweizversand.ch\\\/\"]}]}<\/script>\n<!-- \/ Yoast SEO plugin. -->","yoast_head_json":{"title":"Trespass ABBOTT Herren Jacke | Jetzt kaufen | Schweizversand.ch","description":"Trespass ABBOTT Herren Jacke g\u00fcnstig kaufen bei Schweizversand.ch. Schnelle Lieferung in der Schweiz. Gratisversand ab CHF 50.","robots":{"index":"index","follow":"follow","max-snippet":"max-snippet:-1","max-image-preview":"max-image-preview:large","max-video-preview":"max-video-preview:-1"},"canonical":"https:\/\/schweizversand.ch\/it\/produkt\/trespass-abbott-herren-jacke-7\/","og_locale":"it_IT","og_type":"article","og_title":"Trespass ABBOTT Herren Jacke | Jetzt kaufen | Schweizversand.ch","og_description":"Trespass ABBOTT Herren Jacke g\u00fcnstig kaufen bei Schweizversand.ch. Schnelle Lieferung in der Schweiz. Gratisversand ab CHF 50.","og_url":"https:\/\/schweizversand.ch\/it\/produkt\/trespass-abbott-herren-jacke-7\/","og_site_name":"Schweizer Shop f\u00fcr Sport, Spiel und Freizeit","article_publisher":"https:\/\/www.facebook.com\/Schweizversand","article_modified_time":"2026-04-09T13:36:22+00:00","twitter_card":"summary_large_image","twitter_misc":{"Tempo di lettura stimato":"2 minuto"},"schema":{"@context":"https:\/\/schema.org","@graph":[{"@type":"WebPage","@id":"https:\/\/schweizversand.ch\/it\/produkt\/trespass-abbott-herren-jacke-7\/","url":"https:\/\/schweizversand.ch\/it\/produkt\/trespass-abbott-herren-jacke-7\/","name":"Trespass ABBOTT Herren Jacke | Jetzt kaufen | Schweizversand.ch","isPartOf":{"@id":"https:\/\/schweizversand.ch\/it\/#website"},"primaryImageOfPage":{"@id":"https:\/\/schweizversand.ch\/it\/produkt\/trespass-abbott-herren-jacke-7\/#primaryimage"},"image":{"@id":"https:\/\/schweizversand.ch\/it\/produkt\/trespass-abbott-herren-jacke-7\/#primaryimage"},"thumbnailUrl":"https:\/\/schweizversand.ch\/wp-content\/uploads\/2026\/03\/5471682973.jpg","datePublished":"2026-03-20T01:01:07+00:00","dateModified":"2026-04-09T13:36:22+00:00","description":"Trespass ABBOTT Herren Jacke g\u00fcnstig kaufen bei Schweizversand.ch. Schnelle Lieferung in der Schweiz. Gratisversand ab CHF 50.","breadcrumb":{"@id":"https:\/\/schweizversand.ch\/it\/produkt\/trespass-abbott-herren-jacke-7\/#breadcrumb"},"inLanguage":"it-IT","potentialAction":[{"@type":"ReadAction","target":["https:\/\/schweizversand.ch\/it\/produkt\/trespass-abbott-herren-jacke-7\/"]}]},{"@type":"ImageObject","inLanguage":"it-IT","@id":"https:\/\/schweizversand.ch\/it\/produkt\/trespass-abbott-herren-jacke-7\/#primaryimage","url":"https:\/\/schweizversand.ch\/wp-content\/uploads\/2026\/03\/5471682973.jpg","contentUrl":"https:\/\/schweizversand.ch\/wp-content\/uploads\/2026\/03\/5471682973.jpg","width":1024,"height":1024},{"@type":"BreadcrumbList","@id":"https:\/\/schweizversand.ch\/it\/produkt\/trespass-abbott-herren-jacke-7\/#breadcrumb","itemListElement":[{"@type":"ListItem","position":1,"name":"Startseite","item":"https:\/\/schweizversand.ch\/it\/"},{"@type":"ListItem","position":2,"name":"Shop","item":"https:\/\/schweizversand.ch\/it\/shop\/"},{"@type":"ListItem","position":3,"name":"Giacca da uomo Trespass ABBOTT"}]},{"@type":"WebSite","@id":"https:\/\/schweizversand.ch\/it\/#website","url":"https:\/\/schweizversand.ch\/it\/","name":"Schweizer Shop f\u00fcr Sport, Spiel und Freizeit","description":"Gratisversand ab 50.- (netto), ab eigenem schweizer Lager, Lieferung innert 48h","publisher":{"@id":"https:\/\/schweizversand.ch\/it\/#organization"},"alternateName":"Schweizversand.ch","potentialAction":[{"@type":"SearchAction","target":{"@type":"EntryPoint","urlTemplate":"https:\/\/schweizversand.ch\/it\/?s={search_term_string}"},"query-input":{"@type":"PropertyValueSpecification","valueRequired":true,"valueName":"search_term_string"}}],"inLanguage":"it-IT"},{"@type":"Organization","@id":"https:\/\/schweizversand.ch\/it\/#organization","name":"Schweizversand.ch","url":"https:\/\/schweizversand.ch\/it\/","logo":{"@type":"ImageObject","inLanguage":"it-IT","@id":"https:\/\/schweizversand.ch\/it\/#\/schema\/logo\/image\/","url":"https:\/\/schweizversand.ch\/wp-content\/uploads\/2026\/03\/Logo_Rund_Final-1.png","contentUrl":"https:\/\/schweizversand.ch\/wp-content\/uploads\/2026\/03\/Logo_Rund_Final-1.png","width":404,"height":404,"caption":"Schweizversand.ch"},"image":{"@id":"https:\/\/schweizversand.ch\/it\/#\/schema\/logo\/image\/"},"sameAs":["https:\/\/www.facebook.com\/Schweizversand","https:\/\/www.instagram.com\/schweizversand.ch\/"]}]}},"jetpack_sharing_enabled":true,"_links":{"self":[{"href":"https:\/\/schweizversand.ch\/it\/wp-json\/wp\/v2\/product\/257992","targetHints":{"allow":["GET"]}}],"collection":[{"href":"https:\/\/schweizversand.ch\/it\/wp-json\/wp\/v2\/product"}],"about":[{"href":"https:\/\/schweizversand.ch\/it\/wp-json\/wp\/v2\/types\/product"}],"replies":[{"embeddable":true,"href":"https:\/\/schweizversand.ch\/it\/wp-json\/wp\/v2\/comments?post=257992"}],"wp:featuredmedia":[{"embeddable":true,"href":"https:\/\/schweizversand.ch\/it\/wp-json\/wp\/v2\/media\/258335"}],"wp:attachment":[{"href":"https:\/\/schweizversand.ch\/it\/wp-json\/wp\/v2\/media?parent=257992"}],"wp:term":[{"taxonomy":"product_brand","embeddable":true,"href":"https:\/\/schweizversand.ch\/it\/wp-json\/wp\/v2\/product_brand?post=257992"},{"taxonomy":"product_cat","embeddable":true,"href":"https:\/\/schweizversand.ch\/it\/wp-json\/wp\/v2\/product_cat?post=257992"},{"taxonomy":"product_tag","embeddable":true,"href":"https:\/\/schweizversand.ch\/it\/wp-json\/wp\/v2\/product_tag?post=257992"}],"curies":[{"name":"wp","href":"https:\/\/api.w.org\/{rel}","templated":true}]}}