{"id":258479,"date":"2026-03-21T02:00:53","date_gmt":"2026-03-21T01:00:53","guid":{"rendered":"https:\/\/schweizversand.ch\/produkt\/hudora-turnreck-vario\/"},"modified":"2026-04-11T09:46:43","modified_gmt":"2026-04-11T07:46:43","slug":"hudora-turnreck-vario","status":"publish","type":"product","link":"https:\/\/schweizversand.ch\/it\/produkt\/hudora-turnreck-vario\/","title":{"rendered":"Hudora Gymnastics Rack Vario"},"content":{"rendered":"<h1><strong>Sbarra da ginnastica Vario &#8211; Attrezzatura da ginnastica regolabile in altezza per bambini<\/strong><\/h1>\n<div>Aumenta l&#8217;agilit\u00e0 e il divertimento dei tuoi bambini con la <strong>Sbarra da ginnastica Vario<\/strong>, la <strong>sbarra da ginnastica da giardino<\/strong> ideale. Questa barra da ginnastica di alta qualit\u00e0 e <strong>stabile<\/strong> \u00e8 stata progettata appositamente per l&#8217;uso all&#8217;aperto e offre divertimento e sicurezza duraturi.<\/p>\n<\/div>\n<div><strong>Flessibilit\u00e0 e crescita<\/strong><br \/>La <strong>sbarra da ginnastica regolabile in altezza<\/strong> si adatta perfettamente alle esigenze del tuo bambino. Grazie a sette posizioni predefinite, l&#8217;altezza pu\u00f2 essere regolata senza sforzo da circa 72 cm a 170 cm. Questo la rende l&#8217;attrezzatura da ginnastica ideale per bambini dai 6 ai 12 anni e garantisce che la barra orizzontale cresca con il tuo bambino. Massima qualit\u00e0 e stabilit\u00e0: la sicurezza \u00e8 fondamentale. Il robusto telaio quadrato da 50 x 50 mm in acciaio verniciato a polvere con uno spessore di 1,9 mm garantisce una stabilit\u00e0 eccezionale. La barra orizzontale in acciaio inossidabile \u00e8 lunga 118 cm, ha un diametro di 25 mm ed \u00e8 resistente alla corrosione per resistere agli agenti atmosferici. Il peso massimo dell&#8217;utente \u00e8 di ben 120 kg.<\/p>\n<\/div>\n<div><strong>Dettagli e dimensioni del prodotto<\/strong><br \/>&#8211; Regolazione dell&#8217;altezza in 7 posizioni: circa 72 \u2013 170 cm<br \/>&#8211; 4 pali, ciascuno alto 115 cm<br \/>&#8211; Materiale del telaio: tubolare d&#8217;acciaio quadrato da 50 x 50 mm (verniciato a polvere, spessore di 1,9 mm)<br \/>&#8211; <strong>Barra per trazioni in acciaio inossidabile<\/strong>: lunghezza 118 cm, \u00d8 25 mm (spessore di 2,5 mm)<br \/>&#8211; Dimensioni da assemblato (con 50 cm di profondit\u00e0): circa 180 x 115 x 5 cm<br \/>&#8211; Peso massimo utente: 120 kg<\/p>\n<\/div>\n<div><strong>Dotazione e montaggio<\/strong><br \/>Grazie alle sue dimensioni compatte, la barra per trazioni <strong>Vario<\/strong> pu\u00f2 essere installata anche in giardini pi\u00f9 piccoli. La confezione include tutto il materiale di montaggio necessario per un montaggio sicuro e per il getto di cemento, consentendo di realizzare rapidamente una struttura da gioco per esterni sicura e durevole.<\/p>\n","protected":false},"excerpt":{"rendered":"<p>Sbarra da ginnastica Vario &#8211; Attrezzatura da ginnastica regolabile in altezza per bambini Aumenta l&#8217;agilit\u00e0 e il divertimento dei tuoi bambini con la Sbarra da ginnastica Vario, la sbarra da ginnastica da giardino ideale. Questa barra da ginnastica di alta qualit\u00e0 e stabile \u00e8 stata progettata appositamente per l&#8217;uso all&#8217;aperto e offre divertimento e sicurezza duraturi. Flessibilit\u00e0 e crescitaLa sbarra da ginnastica regolabile in altezza si adatta perfettamente alle esigenze del tuo bambino. Grazie a&hellip;<\/p>\n","protected":false},"featured_media":165362,"comment_status":"open","ping_status":"closed","template":"","meta":[],"product_brand":[],"product_cat":[38558],"product_tag":[],"class_list":{"0":"post-258479","1":"product","2":"type-product","3":"status-publish","4":"has-post-thumbnail","6":"product_cat-gartenspielgeraete","7":"product_shipping_class-global_methods","9":"first","10":"instock","11":"taxable","12":"shipping-taxable","13":"purchasable","14":"product-type-simple"},"yoast_head":"<!-- This site is optimized with the Yoast SEO plugin v27.3 - https:\/\/yoast.com\/product\/yoast-seo-wordpress\/ -->\n<title>Hudora Turnreck Vario | Jetzt kaufen | Schweizversand.ch<\/title>\n<meta name=\"description\" content=\"Hudora Turnreck Vario g\u00fcnstig kaufen bei Schweizversand.ch. Schnelle Lieferung in der Schweiz. Gratisversand ab CHF 50.\" \/>\n<meta name=\"robots\" content=\"index, follow, max-snippet:-1, max-image-preview:large, max-video-preview:-1\" \/>\n<link rel=\"canonical\" href=\"https:\/\/schweizversand.ch\/it\/produkt\/hudora-turnreck-vario\/\" \/>\n<meta property=\"og:locale\" content=\"it_IT\" \/>\n<meta property=\"og:type\" content=\"article\" \/>\n<meta property=\"og:title\" content=\"Hudora Turnreck Vario | Jetzt kaufen | Schweizversand.ch\" \/>\n<meta property=\"og:description\" content=\"Hudora Turnreck Vario g\u00fcnstig kaufen bei Schweizversand.ch. Schnelle Lieferung in der Schweiz. Gratisversand ab CHF 50.\" \/>\n<meta property=\"og:url\" content=\"https:\/\/schweizversand.ch\/it\/produkt\/hudora-turnreck-vario\/\" \/>\n<meta property=\"og:site_name\" content=\"Schweizer Shop f\u00fcr Sport, Spiel und Freizeit\" \/>\n<meta property=\"article:publisher\" content=\"https:\/\/www.facebook.com\/Schweizversand\" \/>\n<meta property=\"article:modified_time\" content=\"2026-04-11T07:46:43+00:00\" \/>\n<meta name=\"twitter:card\" content=\"summary_large_image\" \/>\n<meta name=\"twitter:label1\" content=\"Tempo di lettura stimato\" \/>\n\t<meta name=\"twitter:data1\" content=\"1 minuto\" \/>\n<script type=\"application\/ld+json\" class=\"yoast-schema-graph\">{\"@context\":\"https:\\\/\\\/schema.org\",\"@graph\":[{\"@type\":\"WebPage\",\"@id\":\"https:\\\/\\\/schweizversand.ch\\\/it\\\/produkt\\\/hudora-turnreck-vario\\\/\",\"url\":\"https:\\\/\\\/schweizversand.ch\\\/it\\\/produkt\\\/hudora-turnreck-vario\\\/\",\"name\":\"Hudora Turnreck Vario | Jetzt kaufen | Schweizversand.ch\",\"isPartOf\":{\"@id\":\"https:\\\/\\\/schweizversand.ch\\\/it\\\/#website\"},\"primaryImageOfPage\":{\"@id\":\"https:\\\/\\\/schweizversand.ch\\\/it\\\/produkt\\\/hudora-turnreck-vario\\\/#primaryimage\"},\"image\":{\"@id\":\"https:\\\/\\\/schweizversand.ch\\\/it\\\/produkt\\\/hudora-turnreck-vario\\\/#primaryimage\"},\"thumbnailUrl\":\"https:\\\/\\\/schweizversand.ch\\\/wp-content\\\/uploads\\\/2026\\\/02\\\/5471588424.png\",\"datePublished\":\"2026-03-21T01:00:53+00:00\",\"dateModified\":\"2026-04-11T07:46:43+00:00\",\"description\":\"Hudora Turnreck Vario g\u00fcnstig kaufen bei Schweizversand.ch. Schnelle Lieferung in der Schweiz. Gratisversand ab CHF 50.\",\"breadcrumb\":{\"@id\":\"https:\\\/\\\/schweizversand.ch\\\/it\\\/produkt\\\/hudora-turnreck-vario\\\/#breadcrumb\"},\"inLanguage\":\"it-IT\",\"potentialAction\":[{\"@type\":\"ReadAction\",\"target\":[\"https:\\\/\\\/schweizversand.ch\\\/it\\\/produkt\\\/hudora-turnreck-vario\\\/\"]}]},{\"@type\":\"ImageObject\",\"inLanguage\":\"it-IT\",\"@id\":\"https:\\\/\\\/schweizversand.ch\\\/it\\\/produkt\\\/hudora-turnreck-vario\\\/#primaryimage\",\"url\":\"https:\\\/\\\/schweizversand.ch\\\/wp-content\\\/uploads\\\/2026\\\/02\\\/5471588424.png\",\"contentUrl\":\"https:\\\/\\\/schweizversand.ch\\\/wp-content\\\/uploads\\\/2026\\\/02\\\/5471588424.png\",\"width\":648,\"height\":1024},{\"@type\":\"BreadcrumbList\",\"@id\":\"https:\\\/\\\/schweizversand.ch\\\/it\\\/produkt\\\/hudora-turnreck-vario\\\/#breadcrumb\",\"itemListElement\":[{\"@type\":\"ListItem\",\"position\":1,\"name\":\"Startseite\",\"item\":\"https:\\\/\\\/schweizversand.ch\\\/it\\\/\"},{\"@type\":\"ListItem\",\"position\":2,\"name\":\"Shop\",\"item\":\"https:\\\/\\\/schweizversand.ch\\\/it\\\/shop\\\/\"},{\"@type\":\"ListItem\",\"position\":3,\"name\":\"Hudora Gymnastics Rack Vario\"}]},{\"@type\":\"WebSite\",\"@id\":\"https:\\\/\\\/schweizversand.ch\\\/it\\\/#website\",\"url\":\"https:\\\/\\\/schweizversand.ch\\\/it\\\/\",\"name\":\"Schweizer Shop f\u00fcr Sport, Spiel und Freizeit\",\"description\":\"Gratisversand ab 50.- (netto), ab eigenem schweizer Lager, Lieferung innert 48h\",\"publisher\":{\"@id\":\"https:\\\/\\\/schweizversand.ch\\\/it\\\/#organization\"},\"alternateName\":\"Schweizversand.ch\",\"potentialAction\":[{\"@type\":\"SearchAction\",\"target\":{\"@type\":\"EntryPoint\",\"urlTemplate\":\"https:\\\/\\\/schweizversand.ch\\\/it\\\/?s={search_term_string}\"},\"query-input\":{\"@type\":\"PropertyValueSpecification\",\"valueRequired\":true,\"valueName\":\"search_term_string\"}}],\"inLanguage\":\"it-IT\"},{\"@type\":\"Organization\",\"@id\":\"https:\\\/\\\/schweizversand.ch\\\/it\\\/#organization\",\"name\":\"Schweizversand.ch\",\"url\":\"https:\\\/\\\/schweizversand.ch\\\/it\\\/\",\"logo\":{\"@type\":\"ImageObject\",\"inLanguage\":\"it-IT\",\"@id\":\"https:\\\/\\\/schweizversand.ch\\\/it\\\/#\\\/schema\\\/logo\\\/image\\\/\",\"url\":\"https:\\\/\\\/schweizversand.ch\\\/wp-content\\\/uploads\\\/2026\\\/03\\\/Logo_Rund_Final-1.png\",\"contentUrl\":\"https:\\\/\\\/schweizversand.ch\\\/wp-content\\\/uploads\\\/2026\\\/03\\\/Logo_Rund_Final-1.png\",\"width\":404,\"height\":404,\"caption\":\"Schweizversand.ch\"},\"image\":{\"@id\":\"https:\\\/\\\/schweizversand.ch\\\/it\\\/#\\\/schema\\\/logo\\\/image\\\/\"},\"sameAs\":[\"https:\\\/\\\/www.facebook.com\\\/Schweizversand\",\"https:\\\/\\\/www.instagram.com\\\/schweizversand.ch\\\/\"]}]}<\/script>\n<!-- \/ Yoast SEO plugin. -->","yoast_head_json":{"title":"Hudora Turnreck Vario | Jetzt kaufen | Schweizversand.ch","description":"Hudora Turnreck Vario g\u00fcnstig kaufen bei Schweizversand.ch. Schnelle Lieferung in der Schweiz. Gratisversand ab CHF 50.","robots":{"index":"index","follow":"follow","max-snippet":"max-snippet:-1","max-image-preview":"max-image-preview:large","max-video-preview":"max-video-preview:-1"},"canonical":"https:\/\/schweizversand.ch\/it\/produkt\/hudora-turnreck-vario\/","og_locale":"it_IT","og_type":"article","og_title":"Hudora Turnreck Vario | Jetzt kaufen | Schweizversand.ch","og_description":"Hudora Turnreck Vario g\u00fcnstig kaufen bei Schweizversand.ch. Schnelle Lieferung in der Schweiz. Gratisversand ab CHF 50.","og_url":"https:\/\/schweizversand.ch\/it\/produkt\/hudora-turnreck-vario\/","og_site_name":"Schweizer Shop f\u00fcr Sport, Spiel und Freizeit","article_publisher":"https:\/\/www.facebook.com\/Schweizversand","article_modified_time":"2026-04-11T07:46:43+00:00","twitter_card":"summary_large_image","twitter_misc":{"Tempo di lettura stimato":"1 minuto"},"schema":{"@context":"https:\/\/schema.org","@graph":[{"@type":"WebPage","@id":"https:\/\/schweizversand.ch\/it\/produkt\/hudora-turnreck-vario\/","url":"https:\/\/schweizversand.ch\/it\/produkt\/hudora-turnreck-vario\/","name":"Hudora Turnreck Vario | Jetzt kaufen | Schweizversand.ch","isPartOf":{"@id":"https:\/\/schweizversand.ch\/it\/#website"},"primaryImageOfPage":{"@id":"https:\/\/schweizversand.ch\/it\/produkt\/hudora-turnreck-vario\/#primaryimage"},"image":{"@id":"https:\/\/schweizversand.ch\/it\/produkt\/hudora-turnreck-vario\/#primaryimage"},"thumbnailUrl":"https:\/\/schweizversand.ch\/wp-content\/uploads\/2026\/02\/5471588424.png","datePublished":"2026-03-21T01:00:53+00:00","dateModified":"2026-04-11T07:46:43+00:00","description":"Hudora Turnreck Vario g\u00fcnstig kaufen bei Schweizversand.ch. Schnelle Lieferung in der Schweiz. Gratisversand ab CHF 50.","breadcrumb":{"@id":"https:\/\/schweizversand.ch\/it\/produkt\/hudora-turnreck-vario\/#breadcrumb"},"inLanguage":"it-IT","potentialAction":[{"@type":"ReadAction","target":["https:\/\/schweizversand.ch\/it\/produkt\/hudora-turnreck-vario\/"]}]},{"@type":"ImageObject","inLanguage":"it-IT","@id":"https:\/\/schweizversand.ch\/it\/produkt\/hudora-turnreck-vario\/#primaryimage","url":"https:\/\/schweizversand.ch\/wp-content\/uploads\/2026\/02\/5471588424.png","contentUrl":"https:\/\/schweizversand.ch\/wp-content\/uploads\/2026\/02\/5471588424.png","width":648,"height":1024},{"@type":"BreadcrumbList","@id":"https:\/\/schweizversand.ch\/it\/produkt\/hudora-turnreck-vario\/#breadcrumb","itemListElement":[{"@type":"ListItem","position":1,"name":"Startseite","item":"https:\/\/schweizversand.ch\/it\/"},{"@type":"ListItem","position":2,"name":"Shop","item":"https:\/\/schweizversand.ch\/it\/shop\/"},{"@type":"ListItem","position":3,"name":"Hudora Gymnastics Rack Vario"}]},{"@type":"WebSite","@id":"https:\/\/schweizversand.ch\/it\/#website","url":"https:\/\/schweizversand.ch\/it\/","name":"Schweizer Shop f\u00fcr Sport, Spiel und Freizeit","description":"Gratisversand ab 50.- (netto), ab eigenem schweizer Lager, Lieferung innert 48h","publisher":{"@id":"https:\/\/schweizversand.ch\/it\/#organization"},"alternateName":"Schweizversand.ch","potentialAction":[{"@type":"SearchAction","target":{"@type":"EntryPoint","urlTemplate":"https:\/\/schweizversand.ch\/it\/?s={search_term_string}"},"query-input":{"@type":"PropertyValueSpecification","valueRequired":true,"valueName":"search_term_string"}}],"inLanguage":"it-IT"},{"@type":"Organization","@id":"https:\/\/schweizversand.ch\/it\/#organization","name":"Schweizversand.ch","url":"https:\/\/schweizversand.ch\/it\/","logo":{"@type":"ImageObject","inLanguage":"it-IT","@id":"https:\/\/schweizversand.ch\/it\/#\/schema\/logo\/image\/","url":"https:\/\/schweizversand.ch\/wp-content\/uploads\/2026\/03\/Logo_Rund_Final-1.png","contentUrl":"https:\/\/schweizversand.ch\/wp-content\/uploads\/2026\/03\/Logo_Rund_Final-1.png","width":404,"height":404,"caption":"Schweizversand.ch"},"image":{"@id":"https:\/\/schweizversand.ch\/it\/#\/schema\/logo\/image\/"},"sameAs":["https:\/\/www.facebook.com\/Schweizversand","https:\/\/www.instagram.com\/schweizversand.ch\/"]}]}},"jetpack_sharing_enabled":true,"_links":{"self":[{"href":"https:\/\/schweizversand.ch\/it\/wp-json\/wp\/v2\/product\/258479","targetHints":{"allow":["GET"]}}],"collection":[{"href":"https:\/\/schweizversand.ch\/it\/wp-json\/wp\/v2\/product"}],"about":[{"href":"https:\/\/schweizversand.ch\/it\/wp-json\/wp\/v2\/types\/product"}],"replies":[{"embeddable":true,"href":"https:\/\/schweizversand.ch\/it\/wp-json\/wp\/v2\/comments?post=258479"}],"wp:featuredmedia":[{"embeddable":true,"href":"https:\/\/schweizversand.ch\/it\/wp-json\/wp\/v2\/media\/165362"}],"wp:attachment":[{"href":"https:\/\/schweizversand.ch\/it\/wp-json\/wp\/v2\/media?parent=258479"}],"wp:term":[{"taxonomy":"product_brand","embeddable":true,"href":"https:\/\/schweizversand.ch\/it\/wp-json\/wp\/v2\/product_brand?post=258479"},{"taxonomy":"product_cat","embeddable":true,"href":"https:\/\/schweizversand.ch\/it\/wp-json\/wp\/v2\/product_cat?post=258479"},{"taxonomy":"product_tag","embeddable":true,"href":"https:\/\/schweizversand.ch\/it\/wp-json\/wp\/v2\/product_tag?post=258479"}],"curies":[{"name":"wp","href":"https:\/\/api.w.org\/{rel}","templated":true}]}}