{"id":258482,"date":"2026-03-21T02:00:54","date_gmt":"2026-03-21T01:00:54","guid":{"rendered":"https:\/\/schweizversand.ch\/produkt\/hudora-schaukel-vario-basismodul-210x120x206cm\/"},"modified":"2026-04-11T09:46:44","modified_gmt":"2026-04-11T07:46:44","slug":"hudora-schaukel-vario-basismodul-210x120x206cm","status":"publish","type":"product","link":"https:\/\/schweizversand.ch\/it\/produkt\/hudora-schaukel-vario-basismodul-210x120x206cm\/","title":{"rendered":"Modulo base Hudora Swing VARIO (210x120x206cm)"},"content":{"rendered":"<h1><strong>Robusta struttura per altalena in acciaio con tavola \u2013 Verniciata a polvere<\/strong><\/h1>\n<div>Trasforma il tuo giardino in un paradiso di giochi con questa <strong>robusta struttura per altalena in acciaio<\/strong>. Questa <strong>struttura in metallo<\/strong> di alta qualit\u00e0 offre la massima sicurezza e durata, permettendo ai tuoi bambini di godersi ore spensierate all&#8217;aperto.<\/p>\n<\/div>\n<div><strong>Costruzione e sicurezza<\/strong><br \/>La struttura dell&#8217;altalena \u00e8 realizzata in robusto acciaio zincato e <strong>verniciato a polvere<\/strong>. Il solido <strong>telaio quadrato<\/strong> (70&#215;30 mm) garantisce una stabilit\u00e0 eccezionale. Il set di altalene in plastica incluso \u00e8 dotato di un sistema di sospensione sicuro e chiuso e tutte le parti dell&#8217;altalena sono regolabili individualmente per adattarsi alla crescita del tuo bambino. Durata e montaggio: Grazie alla verniciatura a polvere di alta qualit\u00e0, questa struttura \u00e8 protetta in modo ottimale dagli agenti atmosferici. Per la massima stabilit\u00e0, l&#8217;altalena \u00e8 fornita con ancoraggi a terra. Quattro speciali ancoraggi a terra per il fissaggio al calcestruzzo garantiscono la tenuta sicura della struttura anche in caso di utilizzo intensivo.<\/p>\n<\/div>\n<div><strong>Dettagli e dimensioni del prodotto<\/strong><br \/>&#8211; Dimensioni da assemblato: circa 210 x 120 x 206 cm<br \/>&#8211; Materiale della struttura: acciaio zincato e verniciato a polvere<br \/>&#8211; Profilo della struttura: telaio quadrato 70 x 30 mm<br \/>&#8211; Spessore della parete: 1,8 mm<br \/>&#8211; Peso massimo dell&#8217;utente (altalena a pannello): 50 kg<br \/>&#8211; Peso: circa 35 kg<\/p>\n<\/div>\n<div>Investi in questa <strong>struttura per altalena in acciaio<\/strong> resistente e sicura che garantisce anni di divertimento. Ordinala subito e regala ai tuoi bambini momenti indimenticabili in giardino.<\/p>\n<\/div>\n<div>\n<\/div>\n","protected":false},"excerpt":{"rendered":"<p>Robusta struttura per altalena in acciaio con tavola \u2013 Verniciata a polvere Trasforma il tuo giardino in un paradiso di giochi con questa robusta struttura per altalena in acciaio. Questa struttura in metallo di alta qualit\u00e0 offre la massima sicurezza e durata, permettendo ai tuoi bambini di godersi ore spensierate all&#8217;aperto. Costruzione e sicurezzaLa struttura dell&#8217;altalena \u00e8 realizzata in robusto acciaio zincato e verniciato a polvere. Il solido telaio quadrato (70&#215;30 mm) garantisce una stabilit\u00e0&hellip;<\/p>\n","protected":false},"featured_media":165466,"comment_status":"open","ping_status":"closed","template":"","meta":[],"product_brand":[],"product_cat":[38558],"product_tag":[],"class_list":{"0":"post-258482","1":"product","2":"type-product","3":"status-publish","4":"has-post-thumbnail","6":"product_cat-gartenspielgeraete","7":"product_shipping_class-global_methods","9":"first","10":"instock","11":"taxable","12":"shipping-taxable","13":"purchasable","14":"product-type-simple"},"yoast_head":"<!-- This site is optimized with the Yoast SEO plugin v27.3 - https:\/\/yoast.com\/product\/yoast-seo-wordpress\/ -->\n<title>Hudora Schaukel VARIO Basismodul (210x120x206cm) | Jetzt kaufen | Schweizversand.ch<\/title>\n<meta name=\"description\" content=\"Hudora Schaukel VARIO Basismodul (210x120x206cm) g\u00fcnstig kaufen bei Schweizversand.ch. Schnelle Lieferung in der Schweiz. Gratisversand ab CHF 50.\" \/>\n<meta name=\"robots\" content=\"index, follow, max-snippet:-1, max-image-preview:large, max-video-preview:-1\" \/>\n<link rel=\"canonical\" href=\"https:\/\/schweizversand.ch\/it\/produkt\/hudora-schaukel-vario-basismodul-210x120x206cm\/\" \/>\n<meta property=\"og:locale\" content=\"it_IT\" \/>\n<meta property=\"og:type\" content=\"article\" \/>\n<meta property=\"og:title\" content=\"Hudora Schaukel VARIO Basismodul (210x120x206cm) | Jetzt kaufen | Schweizversand.ch\" \/>\n<meta property=\"og:description\" content=\"Hudora Schaukel VARIO Basismodul (210x120x206cm) g\u00fcnstig kaufen bei Schweizversand.ch. Schnelle Lieferung in der Schweiz. Gratisversand ab CHF 50.\" \/>\n<meta property=\"og:url\" content=\"https:\/\/schweizversand.ch\/it\/produkt\/hudora-schaukel-vario-basismodul-210x120x206cm\/\" \/>\n<meta property=\"og:site_name\" content=\"Schweizer Shop f\u00fcr Sport, Spiel und Freizeit\" \/>\n<meta property=\"article:publisher\" content=\"https:\/\/www.facebook.com\/Schweizversand\" \/>\n<meta property=\"article:modified_time\" content=\"2026-04-11T07:46:44+00:00\" \/>\n<meta name=\"twitter:card\" content=\"summary_large_image\" \/>\n<meta name=\"twitter:label1\" content=\"Tempo di lettura stimato\" \/>\n\t<meta name=\"twitter:data1\" content=\"1 minuto\" \/>\n<script type=\"application\/ld+json\" class=\"yoast-schema-graph\">{\"@context\":\"https:\\\/\\\/schema.org\",\"@graph\":[{\"@type\":\"WebPage\",\"@id\":\"https:\\\/\\\/schweizversand.ch\\\/it\\\/produkt\\\/hudora-schaukel-vario-basismodul-210x120x206cm\\\/\",\"url\":\"https:\\\/\\\/schweizversand.ch\\\/it\\\/produkt\\\/hudora-schaukel-vario-basismodul-210x120x206cm\\\/\",\"name\":\"Hudora Schaukel VARIO Basismodul (210x120x206cm) | Jetzt kaufen | Schweizversand.ch\",\"isPartOf\":{\"@id\":\"https:\\\/\\\/schweizversand.ch\\\/it\\\/#website\"},\"primaryImageOfPage\":{\"@id\":\"https:\\\/\\\/schweizversand.ch\\\/it\\\/produkt\\\/hudora-schaukel-vario-basismodul-210x120x206cm\\\/#primaryimage\"},\"image\":{\"@id\":\"https:\\\/\\\/schweizversand.ch\\\/it\\\/produkt\\\/hudora-schaukel-vario-basismodul-210x120x206cm\\\/#primaryimage\"},\"thumbnailUrl\":\"https:\\\/\\\/schweizversand.ch\\\/wp-content\\\/uploads\\\/2026\\\/02\\\/5471527413.jpg\",\"datePublished\":\"2026-03-21T01:00:54+00:00\",\"dateModified\":\"2026-04-11T07:46:44+00:00\",\"description\":\"Hudora Schaukel VARIO Basismodul (210x120x206cm) g\u00fcnstig kaufen bei Schweizversand.ch. Schnelle Lieferung in der Schweiz. Gratisversand ab CHF 50.\",\"breadcrumb\":{\"@id\":\"https:\\\/\\\/schweizversand.ch\\\/it\\\/produkt\\\/hudora-schaukel-vario-basismodul-210x120x206cm\\\/#breadcrumb\"},\"inLanguage\":\"it-IT\",\"potentialAction\":[{\"@type\":\"ReadAction\",\"target\":[\"https:\\\/\\\/schweizversand.ch\\\/it\\\/produkt\\\/hudora-schaukel-vario-basismodul-210x120x206cm\\\/\"]}]},{\"@type\":\"ImageObject\",\"inLanguage\":\"it-IT\",\"@id\":\"https:\\\/\\\/schweizversand.ch\\\/it\\\/produkt\\\/hudora-schaukel-vario-basismodul-210x120x206cm\\\/#primaryimage\",\"url\":\"https:\\\/\\\/schweizversand.ch\\\/wp-content\\\/uploads\\\/2026\\\/02\\\/5471527413.jpg\",\"contentUrl\":\"https:\\\/\\\/schweizversand.ch\\\/wp-content\\\/uploads\\\/2026\\\/02\\\/5471527413.jpg\",\"width\":819,\"height\":1024},{\"@type\":\"BreadcrumbList\",\"@id\":\"https:\\\/\\\/schweizversand.ch\\\/it\\\/produkt\\\/hudora-schaukel-vario-basismodul-210x120x206cm\\\/#breadcrumb\",\"itemListElement\":[{\"@type\":\"ListItem\",\"position\":1,\"name\":\"Startseite\",\"item\":\"https:\\\/\\\/schweizversand.ch\\\/it\\\/\"},{\"@type\":\"ListItem\",\"position\":2,\"name\":\"Shop\",\"item\":\"https:\\\/\\\/schweizversand.ch\\\/it\\\/shop\\\/\"},{\"@type\":\"ListItem\",\"position\":3,\"name\":\"Modulo base Hudora Swing VARIO (210x120x206cm)\"}]},{\"@type\":\"WebSite\",\"@id\":\"https:\\\/\\\/schweizversand.ch\\\/it\\\/#website\",\"url\":\"https:\\\/\\\/schweizversand.ch\\\/it\\\/\",\"name\":\"Schweizer Shop f\u00fcr Sport, Spiel und Freizeit\",\"description\":\"Gratisversand ab 50.- (netto), ab eigenem schweizer Lager, Lieferung innert 48h\",\"publisher\":{\"@id\":\"https:\\\/\\\/schweizversand.ch\\\/it\\\/#organization\"},\"alternateName\":\"Schweizversand.ch\",\"potentialAction\":[{\"@type\":\"SearchAction\",\"target\":{\"@type\":\"EntryPoint\",\"urlTemplate\":\"https:\\\/\\\/schweizversand.ch\\\/it\\\/?s={search_term_string}\"},\"query-input\":{\"@type\":\"PropertyValueSpecification\",\"valueRequired\":true,\"valueName\":\"search_term_string\"}}],\"inLanguage\":\"it-IT\"},{\"@type\":\"Organization\",\"@id\":\"https:\\\/\\\/schweizversand.ch\\\/it\\\/#organization\",\"name\":\"Schweizversand.ch\",\"url\":\"https:\\\/\\\/schweizversand.ch\\\/it\\\/\",\"logo\":{\"@type\":\"ImageObject\",\"inLanguage\":\"it-IT\",\"@id\":\"https:\\\/\\\/schweizversand.ch\\\/it\\\/#\\\/schema\\\/logo\\\/image\\\/\",\"url\":\"https:\\\/\\\/schweizversand.ch\\\/wp-content\\\/uploads\\\/2026\\\/03\\\/Logo_Rund_Final-1.png\",\"contentUrl\":\"https:\\\/\\\/schweizversand.ch\\\/wp-content\\\/uploads\\\/2026\\\/03\\\/Logo_Rund_Final-1.png\",\"width\":404,\"height\":404,\"caption\":\"Schweizversand.ch\"},\"image\":{\"@id\":\"https:\\\/\\\/schweizversand.ch\\\/it\\\/#\\\/schema\\\/logo\\\/image\\\/\"},\"sameAs\":[\"https:\\\/\\\/www.facebook.com\\\/Schweizversand\",\"https:\\\/\\\/www.instagram.com\\\/schweizversand.ch\\\/\"]}]}<\/script>\n<!-- \/ Yoast SEO plugin. -->","yoast_head_json":{"title":"Hudora Schaukel VARIO Basismodul (210x120x206cm) | Jetzt kaufen | Schweizversand.ch","description":"Hudora Schaukel VARIO Basismodul (210x120x206cm) g\u00fcnstig kaufen bei Schweizversand.ch. Schnelle Lieferung in der Schweiz. Gratisversand ab CHF 50.","robots":{"index":"index","follow":"follow","max-snippet":"max-snippet:-1","max-image-preview":"max-image-preview:large","max-video-preview":"max-video-preview:-1"},"canonical":"https:\/\/schweizversand.ch\/it\/produkt\/hudora-schaukel-vario-basismodul-210x120x206cm\/","og_locale":"it_IT","og_type":"article","og_title":"Hudora Schaukel VARIO Basismodul (210x120x206cm) | Jetzt kaufen | Schweizversand.ch","og_description":"Hudora Schaukel VARIO Basismodul (210x120x206cm) g\u00fcnstig kaufen bei Schweizversand.ch. Schnelle Lieferung in der Schweiz. Gratisversand ab CHF 50.","og_url":"https:\/\/schweizversand.ch\/it\/produkt\/hudora-schaukel-vario-basismodul-210x120x206cm\/","og_site_name":"Schweizer Shop f\u00fcr Sport, Spiel und Freizeit","article_publisher":"https:\/\/www.facebook.com\/Schweizversand","article_modified_time":"2026-04-11T07:46:44+00:00","twitter_card":"summary_large_image","twitter_misc":{"Tempo di lettura stimato":"1 minuto"},"schema":{"@context":"https:\/\/schema.org","@graph":[{"@type":"WebPage","@id":"https:\/\/schweizversand.ch\/it\/produkt\/hudora-schaukel-vario-basismodul-210x120x206cm\/","url":"https:\/\/schweizversand.ch\/it\/produkt\/hudora-schaukel-vario-basismodul-210x120x206cm\/","name":"Hudora Schaukel VARIO Basismodul (210x120x206cm) | Jetzt kaufen | Schweizversand.ch","isPartOf":{"@id":"https:\/\/schweizversand.ch\/it\/#website"},"primaryImageOfPage":{"@id":"https:\/\/schweizversand.ch\/it\/produkt\/hudora-schaukel-vario-basismodul-210x120x206cm\/#primaryimage"},"image":{"@id":"https:\/\/schweizversand.ch\/it\/produkt\/hudora-schaukel-vario-basismodul-210x120x206cm\/#primaryimage"},"thumbnailUrl":"https:\/\/schweizversand.ch\/wp-content\/uploads\/2026\/02\/5471527413.jpg","datePublished":"2026-03-21T01:00:54+00:00","dateModified":"2026-04-11T07:46:44+00:00","description":"Hudora Schaukel VARIO Basismodul (210x120x206cm) g\u00fcnstig kaufen bei Schweizversand.ch. Schnelle Lieferung in der Schweiz. Gratisversand ab CHF 50.","breadcrumb":{"@id":"https:\/\/schweizversand.ch\/it\/produkt\/hudora-schaukel-vario-basismodul-210x120x206cm\/#breadcrumb"},"inLanguage":"it-IT","potentialAction":[{"@type":"ReadAction","target":["https:\/\/schweizversand.ch\/it\/produkt\/hudora-schaukel-vario-basismodul-210x120x206cm\/"]}]},{"@type":"ImageObject","inLanguage":"it-IT","@id":"https:\/\/schweizversand.ch\/it\/produkt\/hudora-schaukel-vario-basismodul-210x120x206cm\/#primaryimage","url":"https:\/\/schweizversand.ch\/wp-content\/uploads\/2026\/02\/5471527413.jpg","contentUrl":"https:\/\/schweizversand.ch\/wp-content\/uploads\/2026\/02\/5471527413.jpg","width":819,"height":1024},{"@type":"BreadcrumbList","@id":"https:\/\/schweizversand.ch\/it\/produkt\/hudora-schaukel-vario-basismodul-210x120x206cm\/#breadcrumb","itemListElement":[{"@type":"ListItem","position":1,"name":"Startseite","item":"https:\/\/schweizversand.ch\/it\/"},{"@type":"ListItem","position":2,"name":"Shop","item":"https:\/\/schweizversand.ch\/it\/shop\/"},{"@type":"ListItem","position":3,"name":"Modulo base Hudora Swing VARIO (210x120x206cm)"}]},{"@type":"WebSite","@id":"https:\/\/schweizversand.ch\/it\/#website","url":"https:\/\/schweizversand.ch\/it\/","name":"Schweizer Shop f\u00fcr Sport, Spiel und Freizeit","description":"Gratisversand ab 50.- (netto), ab eigenem schweizer Lager, Lieferung innert 48h","publisher":{"@id":"https:\/\/schweizversand.ch\/it\/#organization"},"alternateName":"Schweizversand.ch","potentialAction":[{"@type":"SearchAction","target":{"@type":"EntryPoint","urlTemplate":"https:\/\/schweizversand.ch\/it\/?s={search_term_string}"},"query-input":{"@type":"PropertyValueSpecification","valueRequired":true,"valueName":"search_term_string"}}],"inLanguage":"it-IT"},{"@type":"Organization","@id":"https:\/\/schweizversand.ch\/it\/#organization","name":"Schweizversand.ch","url":"https:\/\/schweizversand.ch\/it\/","logo":{"@type":"ImageObject","inLanguage":"it-IT","@id":"https:\/\/schweizversand.ch\/it\/#\/schema\/logo\/image\/","url":"https:\/\/schweizversand.ch\/wp-content\/uploads\/2026\/03\/Logo_Rund_Final-1.png","contentUrl":"https:\/\/schweizversand.ch\/wp-content\/uploads\/2026\/03\/Logo_Rund_Final-1.png","width":404,"height":404,"caption":"Schweizversand.ch"},"image":{"@id":"https:\/\/schweizversand.ch\/it\/#\/schema\/logo\/image\/"},"sameAs":["https:\/\/www.facebook.com\/Schweizversand","https:\/\/www.instagram.com\/schweizversand.ch\/"]}]}},"jetpack_sharing_enabled":true,"_links":{"self":[{"href":"https:\/\/schweizversand.ch\/it\/wp-json\/wp\/v2\/product\/258482","targetHints":{"allow":["GET"]}}],"collection":[{"href":"https:\/\/schweizversand.ch\/it\/wp-json\/wp\/v2\/product"}],"about":[{"href":"https:\/\/schweizversand.ch\/it\/wp-json\/wp\/v2\/types\/product"}],"replies":[{"embeddable":true,"href":"https:\/\/schweizversand.ch\/it\/wp-json\/wp\/v2\/comments?post=258482"}],"wp:featuredmedia":[{"embeddable":true,"href":"https:\/\/schweizversand.ch\/it\/wp-json\/wp\/v2\/media\/165466"}],"wp:attachment":[{"href":"https:\/\/schweizversand.ch\/it\/wp-json\/wp\/v2\/media?parent=258482"}],"wp:term":[{"taxonomy":"product_brand","embeddable":true,"href":"https:\/\/schweizversand.ch\/it\/wp-json\/wp\/v2\/product_brand?post=258482"},{"taxonomy":"product_cat","embeddable":true,"href":"https:\/\/schweizversand.ch\/it\/wp-json\/wp\/v2\/product_cat?post=258482"},{"taxonomy":"product_tag","embeddable":true,"href":"https:\/\/schweizversand.ch\/it\/wp-json\/wp\/v2\/product_tag?post=258482"}],"curies":[{"name":"wp","href":"https:\/\/api.w.org\/{rel}","templated":true}]}}