{"id":258810,"date":"2026-03-25T02:00:34","date_gmt":"2026-03-25T01:00:34","guid":{"rendered":"https:\/\/schweizversand.ch\/produkt\/eurostick-start-your-engines-80-91-rechts\/"},"modified":"2026-04-04T02:09:28","modified_gmt":"2026-04-04T00:09:28","slug":"eurostick-start-your-engines-80-91-rechts","status":"publish","type":"product","link":"https:\/\/schweizversand.ch\/it\/produkt\/eurostick-start-your-engines-80-91-rechts\/","title":{"rendered":"Eurostick Avvia i tuoi motori 80\/91 correttamente"},"content":{"rendered":"<h1><strong>Bastone da floorball Eurostick Premium &#8220;Accendi i motori&#8221;<\/strong><\/h1>\n<div>Inizia con il bastone da floorball Eurostick Premium, progettato per massimizzare le tue prestazioni in campo. Questo bastone da floorball di alta qualit\u00e0 offre la perfetta combinazione di precisione, leggerezza e durata per i giocatori ambiziosi.<\/p>\n<\/div>\n<div><strong>Dimensioni e maneggevolezza perfette<\/strong><br \/>Questo bastone da floorball ha una lunghezza totale di 91 cm, con il bastone da floorball effettivo che misura 80 cm. Con un diametro del manico di 26 mm, il bastone si adatta perfettamente alla mano e garantisce un eccellente controllo della palla. Il peso leggero di soli 246 g consente reazioni fulminee e giochi dinamici. <\/p>\n<\/div>\n<div><strong>Materiale e costruzione<\/strong><br \/>Il manico del bastone \u00e8 realizzato in robusto PP (polipropilene), che ne garantisce la durata. La lama \u00e8 realizzata in resistente PEHD, ideale per un uso intensivo. La lama &#8220;Master&#8221; inclusa \u00e8 appositamente progettata per offrire la massima potenza di tiro e un controllo di palla superiore.<\/p>\n<\/div>\n<div><strong>Dettagli del prodotto a colpo d&#8217;occhio<\/strong><br \/>&#8211; Modello: Mazza da Floorball Eurostick Premium<br \/>&#8211; Lunghezza totale: <strong>Mazza da Floorball 91 cm<\/strong><br \/>&#8211; Lunghezza della mazza: 80 cm<br \/>&#8211; Materiale dell&#8217;asta: Polipropilene (PP)<br \/>&#8211; Materiale della lama: PEHD<br \/>&#8211; Peso: 246 g<br \/>&#8211; Tipo di lama: Master (massima potenza di tiro)<br \/>&#8211; Orientamento: Destra (la mazza \u00e8 sul lato destro del corpo)<\/p>\n<\/div>\n<div><strong>Il tuo vantaggio in campo<\/strong><br \/>Che tu sia un principiante o un giocatore amatoriale ambizioso, la <strong>mazza da Floorball Eurostick<\/strong> \u00e8 il tuo partner affidabile per l&#8217;allenamento e le partite. Scopri la qualit\u00e0 e la potenza che porteranno il tuo gioco a un livello superiore.<\/p>\n<\/div>\n<div>\n<\/div>\n","protected":false},"excerpt":{"rendered":"<p>Bastone da floorball Eurostick Premium &#8220;Accendi i motori&#8221; Inizia con il bastone da floorball Eurostick Premium, progettato per massimizzare le tue prestazioni in campo. Questo bastone da floorball di alta qualit\u00e0 offre la perfetta combinazione di precisione, leggerezza e durata per i giocatori ambiziosi. Dimensioni e maneggevolezza perfetteQuesto bastone da floorball ha una lunghezza totale di 91 cm, con il bastone da floorball effettivo che misura 80 cm. Con un diametro del manico di 26&hellip;<\/p>\n","protected":false},"featured_media":258852,"comment_status":"open","ping_status":"closed","template":"","meta":[],"product_brand":[],"product_cat":[38913,38914],"product_tag":[],"class_list":{"0":"post-258810","1":"product","2":"type-product","3":"status-publish","4":"has-post-thumbnail","6":"product_cat-unihockey","7":"product_cat-floorball","8":"product_shipping_class-global_methods","10":"first","11":"instock","12":"taxable","13":"shipping-taxable","14":"purchasable","15":"product-type-simple"},"yoast_head":"<!-- This site is optimized with the Yoast SEO plugin v27.3 - https:\/\/yoast.com\/product\/yoast-seo-wordpress\/ -->\n<title>Eurostick Start Your Engines 80\/91 rechts | Jetzt kaufen | Schweizversand.ch<\/title>\n<meta name=\"description\" content=\"Eurostick Start Your Engines 80\/91 rechts g\u00fcnstig kaufen bei Schweizversand.ch. Schnelle Lieferung in der Schweiz. Gratisversand ab CHF 50.\" \/>\n<meta name=\"robots\" content=\"index, follow, max-snippet:-1, max-image-preview:large, max-video-preview:-1\" \/>\n<link rel=\"canonical\" href=\"https:\/\/schweizversand.ch\/it\/produkt\/eurostick-start-your-engines-80-91-rechts\/\" \/>\n<meta property=\"og:locale\" content=\"it_IT\" \/>\n<meta property=\"og:type\" content=\"article\" \/>\n<meta property=\"og:title\" content=\"Eurostick Start Your Engines 80\/91 rechts | Jetzt kaufen | Schweizversand.ch\" \/>\n<meta property=\"og:description\" content=\"Eurostick Start Your Engines 80\/91 rechts g\u00fcnstig kaufen bei Schweizversand.ch. Schnelle Lieferung in der Schweiz. Gratisversand ab CHF 50.\" \/>\n<meta property=\"og:url\" content=\"https:\/\/schweizversand.ch\/it\/produkt\/eurostick-start-your-engines-80-91-rechts\/\" \/>\n<meta property=\"og:site_name\" content=\"Schweizer Shop f\u00fcr Sport, Spiel und Freizeit\" \/>\n<meta property=\"article:publisher\" content=\"https:\/\/www.facebook.com\/Schweizversand\" \/>\n<meta property=\"article:modified_time\" content=\"2026-04-04T00:09:28+00:00\" \/>\n<meta name=\"twitter:card\" content=\"summary_large_image\" \/>\n<meta name=\"twitter:label1\" content=\"Tempo di lettura stimato\" \/>\n\t<meta name=\"twitter:data1\" content=\"1 minuto\" \/>\n<script type=\"application\/ld+json\" class=\"yoast-schema-graph\">{\"@context\":\"https:\\\/\\\/schema.org\",\"@graph\":[{\"@type\":\"WebPage\",\"@id\":\"https:\\\/\\\/schweizversand.ch\\\/it\\\/produkt\\\/eurostick-start-your-engines-80-91-rechts\\\/\",\"url\":\"https:\\\/\\\/schweizversand.ch\\\/it\\\/produkt\\\/eurostick-start-your-engines-80-91-rechts\\\/\",\"name\":\"Eurostick Start Your Engines 80\\\/91 rechts | Jetzt kaufen | Schweizversand.ch\",\"isPartOf\":{\"@id\":\"https:\\\/\\\/schweizversand.ch\\\/it\\\/#website\"},\"primaryImageOfPage\":{\"@id\":\"https:\\\/\\\/schweizversand.ch\\\/it\\\/produkt\\\/eurostick-start-your-engines-80-91-rechts\\\/#primaryimage\"},\"image\":{\"@id\":\"https:\\\/\\\/schweizversand.ch\\\/it\\\/produkt\\\/eurostick-start-your-engines-80-91-rechts\\\/#primaryimage\"},\"thumbnailUrl\":\"https:\\\/\\\/schweizversand.ch\\\/wp-content\\\/uploads\\\/2026\\\/03\\\/5471887948.jpg\",\"datePublished\":\"2026-03-25T01:00:34+00:00\",\"dateModified\":\"2026-04-04T00:09:28+00:00\",\"description\":\"Eurostick Start Your Engines 80\\\/91 rechts g\u00fcnstig kaufen bei Schweizversand.ch. Schnelle Lieferung in der Schweiz. Gratisversand ab CHF 50.\",\"breadcrumb\":{\"@id\":\"https:\\\/\\\/schweizversand.ch\\\/it\\\/produkt\\\/eurostick-start-your-engines-80-91-rechts\\\/#breadcrumb\"},\"inLanguage\":\"it-IT\",\"potentialAction\":[{\"@type\":\"ReadAction\",\"target\":[\"https:\\\/\\\/schweizversand.ch\\\/it\\\/produkt\\\/eurostick-start-your-engines-80-91-rechts\\\/\"]}]},{\"@type\":\"ImageObject\",\"inLanguage\":\"it-IT\",\"@id\":\"https:\\\/\\\/schweizversand.ch\\\/it\\\/produkt\\\/eurostick-start-your-engines-80-91-rechts\\\/#primaryimage\",\"url\":\"https:\\\/\\\/schweizversand.ch\\\/wp-content\\\/uploads\\\/2026\\\/03\\\/5471887948.jpg\",\"contentUrl\":\"https:\\\/\\\/schweizversand.ch\\\/wp-content\\\/uploads\\\/2026\\\/03\\\/5471887948.jpg\",\"width\":310,\"height\":1024},{\"@type\":\"BreadcrumbList\",\"@id\":\"https:\\\/\\\/schweizversand.ch\\\/it\\\/produkt\\\/eurostick-start-your-engines-80-91-rechts\\\/#breadcrumb\",\"itemListElement\":[{\"@type\":\"ListItem\",\"position\":1,\"name\":\"Startseite\",\"item\":\"https:\\\/\\\/schweizversand.ch\\\/it\\\/\"},{\"@type\":\"ListItem\",\"position\":2,\"name\":\"Shop\",\"item\":\"https:\\\/\\\/schweizversand.ch\\\/it\\\/shop\\\/\"},{\"@type\":\"ListItem\",\"position\":3,\"name\":\"Eurostick Avvia i tuoi motori 80\\\/91 correttamente\"}]},{\"@type\":\"WebSite\",\"@id\":\"https:\\\/\\\/schweizversand.ch\\\/it\\\/#website\",\"url\":\"https:\\\/\\\/schweizversand.ch\\\/it\\\/\",\"name\":\"Schweizer Shop f\u00fcr Sport, Spiel und Freizeit\",\"description\":\"Gratisversand ab 50.- (netto), ab eigenem schweizer Lager, Lieferung innert 48h\",\"publisher\":{\"@id\":\"https:\\\/\\\/schweizversand.ch\\\/it\\\/#organization\"},\"alternateName\":\"Schweizversand.ch\",\"potentialAction\":[{\"@type\":\"SearchAction\",\"target\":{\"@type\":\"EntryPoint\",\"urlTemplate\":\"https:\\\/\\\/schweizversand.ch\\\/it\\\/?s={search_term_string}\"},\"query-input\":{\"@type\":\"PropertyValueSpecification\",\"valueRequired\":true,\"valueName\":\"search_term_string\"}}],\"inLanguage\":\"it-IT\"},{\"@type\":\"Organization\",\"@id\":\"https:\\\/\\\/schweizversand.ch\\\/it\\\/#organization\",\"name\":\"Schweizversand.ch\",\"url\":\"https:\\\/\\\/schweizversand.ch\\\/it\\\/\",\"logo\":{\"@type\":\"ImageObject\",\"inLanguage\":\"it-IT\",\"@id\":\"https:\\\/\\\/schweizversand.ch\\\/it\\\/#\\\/schema\\\/logo\\\/image\\\/\",\"url\":\"https:\\\/\\\/schweizversand.ch\\\/wp-content\\\/uploads\\\/2026\\\/03\\\/Logo_Rund_Final-1.png\",\"contentUrl\":\"https:\\\/\\\/schweizversand.ch\\\/wp-content\\\/uploads\\\/2026\\\/03\\\/Logo_Rund_Final-1.png\",\"width\":404,\"height\":404,\"caption\":\"Schweizversand.ch\"},\"image\":{\"@id\":\"https:\\\/\\\/schweizversand.ch\\\/it\\\/#\\\/schema\\\/logo\\\/image\\\/\"},\"sameAs\":[\"https:\\\/\\\/www.facebook.com\\\/Schweizversand\",\"https:\\\/\\\/www.instagram.com\\\/schweizversand.ch\\\/\"]}]}<\/script>\n<!-- \/ Yoast SEO plugin. -->","yoast_head_json":{"title":"Eurostick Start Your Engines 80\/91 rechts | Jetzt kaufen | Schweizversand.ch","description":"Eurostick Start Your Engines 80\/91 rechts g\u00fcnstig kaufen bei Schweizversand.ch. Schnelle Lieferung in der Schweiz. Gratisversand ab CHF 50.","robots":{"index":"index","follow":"follow","max-snippet":"max-snippet:-1","max-image-preview":"max-image-preview:large","max-video-preview":"max-video-preview:-1"},"canonical":"https:\/\/schweizversand.ch\/it\/produkt\/eurostick-start-your-engines-80-91-rechts\/","og_locale":"it_IT","og_type":"article","og_title":"Eurostick Start Your Engines 80\/91 rechts | Jetzt kaufen | Schweizversand.ch","og_description":"Eurostick Start Your Engines 80\/91 rechts g\u00fcnstig kaufen bei Schweizversand.ch. Schnelle Lieferung in der Schweiz. Gratisversand ab CHF 50.","og_url":"https:\/\/schweizversand.ch\/it\/produkt\/eurostick-start-your-engines-80-91-rechts\/","og_site_name":"Schweizer Shop f\u00fcr Sport, Spiel und Freizeit","article_publisher":"https:\/\/www.facebook.com\/Schweizversand","article_modified_time":"2026-04-04T00:09:28+00:00","twitter_card":"summary_large_image","twitter_misc":{"Tempo di lettura stimato":"1 minuto"},"schema":{"@context":"https:\/\/schema.org","@graph":[{"@type":"WebPage","@id":"https:\/\/schweizversand.ch\/it\/produkt\/eurostick-start-your-engines-80-91-rechts\/","url":"https:\/\/schweizversand.ch\/it\/produkt\/eurostick-start-your-engines-80-91-rechts\/","name":"Eurostick Start Your Engines 80\/91 rechts | Jetzt kaufen | Schweizversand.ch","isPartOf":{"@id":"https:\/\/schweizversand.ch\/it\/#website"},"primaryImageOfPage":{"@id":"https:\/\/schweizversand.ch\/it\/produkt\/eurostick-start-your-engines-80-91-rechts\/#primaryimage"},"image":{"@id":"https:\/\/schweizversand.ch\/it\/produkt\/eurostick-start-your-engines-80-91-rechts\/#primaryimage"},"thumbnailUrl":"https:\/\/schweizversand.ch\/wp-content\/uploads\/2026\/03\/5471887948.jpg","datePublished":"2026-03-25T01:00:34+00:00","dateModified":"2026-04-04T00:09:28+00:00","description":"Eurostick Start Your Engines 80\/91 rechts g\u00fcnstig kaufen bei Schweizversand.ch. Schnelle Lieferung in der Schweiz. Gratisversand ab CHF 50.","breadcrumb":{"@id":"https:\/\/schweizversand.ch\/it\/produkt\/eurostick-start-your-engines-80-91-rechts\/#breadcrumb"},"inLanguage":"it-IT","potentialAction":[{"@type":"ReadAction","target":["https:\/\/schweizversand.ch\/it\/produkt\/eurostick-start-your-engines-80-91-rechts\/"]}]},{"@type":"ImageObject","inLanguage":"it-IT","@id":"https:\/\/schweizversand.ch\/it\/produkt\/eurostick-start-your-engines-80-91-rechts\/#primaryimage","url":"https:\/\/schweizversand.ch\/wp-content\/uploads\/2026\/03\/5471887948.jpg","contentUrl":"https:\/\/schweizversand.ch\/wp-content\/uploads\/2026\/03\/5471887948.jpg","width":310,"height":1024},{"@type":"BreadcrumbList","@id":"https:\/\/schweizversand.ch\/it\/produkt\/eurostick-start-your-engines-80-91-rechts\/#breadcrumb","itemListElement":[{"@type":"ListItem","position":1,"name":"Startseite","item":"https:\/\/schweizversand.ch\/it\/"},{"@type":"ListItem","position":2,"name":"Shop","item":"https:\/\/schweizversand.ch\/it\/shop\/"},{"@type":"ListItem","position":3,"name":"Eurostick Avvia i tuoi motori 80\/91 correttamente"}]},{"@type":"WebSite","@id":"https:\/\/schweizversand.ch\/it\/#website","url":"https:\/\/schweizversand.ch\/it\/","name":"Schweizer Shop f\u00fcr Sport, Spiel und Freizeit","description":"Gratisversand ab 50.- (netto), ab eigenem schweizer Lager, Lieferung innert 48h","publisher":{"@id":"https:\/\/schweizversand.ch\/it\/#organization"},"alternateName":"Schweizversand.ch","potentialAction":[{"@type":"SearchAction","target":{"@type":"EntryPoint","urlTemplate":"https:\/\/schweizversand.ch\/it\/?s={search_term_string}"},"query-input":{"@type":"PropertyValueSpecification","valueRequired":true,"valueName":"search_term_string"}}],"inLanguage":"it-IT"},{"@type":"Organization","@id":"https:\/\/schweizversand.ch\/it\/#organization","name":"Schweizversand.ch","url":"https:\/\/schweizversand.ch\/it\/","logo":{"@type":"ImageObject","inLanguage":"it-IT","@id":"https:\/\/schweizversand.ch\/it\/#\/schema\/logo\/image\/","url":"https:\/\/schweizversand.ch\/wp-content\/uploads\/2026\/03\/Logo_Rund_Final-1.png","contentUrl":"https:\/\/schweizversand.ch\/wp-content\/uploads\/2026\/03\/Logo_Rund_Final-1.png","width":404,"height":404,"caption":"Schweizversand.ch"},"image":{"@id":"https:\/\/schweizversand.ch\/it\/#\/schema\/logo\/image\/"},"sameAs":["https:\/\/www.facebook.com\/Schweizversand","https:\/\/www.instagram.com\/schweizversand.ch\/"]}]}},"jetpack_sharing_enabled":true,"_links":{"self":[{"href":"https:\/\/schweizversand.ch\/it\/wp-json\/wp\/v2\/product\/258810","targetHints":{"allow":["GET"]}}],"collection":[{"href":"https:\/\/schweizversand.ch\/it\/wp-json\/wp\/v2\/product"}],"about":[{"href":"https:\/\/schweizversand.ch\/it\/wp-json\/wp\/v2\/types\/product"}],"replies":[{"embeddable":true,"href":"https:\/\/schweizversand.ch\/it\/wp-json\/wp\/v2\/comments?post=258810"}],"wp:featuredmedia":[{"embeddable":true,"href":"https:\/\/schweizversand.ch\/it\/wp-json\/wp\/v2\/media\/258852"}],"wp:attachment":[{"href":"https:\/\/schweizversand.ch\/it\/wp-json\/wp\/v2\/media?parent=258810"}],"wp:term":[{"taxonomy":"product_brand","embeddable":true,"href":"https:\/\/schweizversand.ch\/it\/wp-json\/wp\/v2\/product_brand?post=258810"},{"taxonomy":"product_cat","embeddable":true,"href":"https:\/\/schweizversand.ch\/it\/wp-json\/wp\/v2\/product_cat?post=258810"},{"taxonomy":"product_tag","embeddable":true,"href":"https:\/\/schweizversand.ch\/it\/wp-json\/wp\/v2\/product_tag?post=258810"}],"curies":[{"name":"wp","href":"https:\/\/api.w.org\/{rel}","templated":true}]}}