{"id":258813,"date":"2026-03-25T02:00:34","date_gmt":"2026-03-25T01:00:34","guid":{"rendered":"https:\/\/schweizversand.ch\/produkt\/eurostick-apache-80-91-rechts-3\/"},"modified":"2026-04-06T02:10:36","modified_gmt":"2026-04-06T00:10:36","slug":"eurostick-apache-80-91-rechts-3","status":"publish","type":"product","link":"https:\/\/schweizversand.ch\/it\/produkt\/eurostick-apache-80-91-rechts-3\/","title":{"rendered":"Eurostick Apache 80\/91 Destro"},"content":{"rendered":"<p>Mazza da floorball ideale per scuole e bambini che vogliono iniziare a praticare questo sport. Questa mazza da floorball \u00e8 progettata appositamente per i principianti che vogliono imparare a palleggiare, controllare, ricevere e tirare la palla.<\/p>\n<p>Lunghezza asta: 80 cm<\/p>\n<p>Lunghezza totale: 91 cm<\/p>\n<p>Diametro asta: 26 mm<\/p>\n<p>Peso: 222 g<\/p>\n<p>Materiale: asta &#8211; PP, lama &#8211; HDPE<\/p>\n<p>Per destrorsi: la mazza \u00e8 posizionata sul lato destro del corpo.<\/p>\n","protected":false},"excerpt":{"rendered":"<p>Mazza da floorball ideale per scuole e bambini che vogliono iniziare a praticare questo sport. Questa mazza da floorball \u00e8 progettata appositamente per i principianti che vogliono imparare a palleggiare, controllare, ricevere e tirare la palla. Lunghezza asta: 80 cm Lunghezza totale: 91 cm Diametro asta: 26 mm Peso: 222 g Materiale: asta &#8211; PP, lama &#8211; HDPE Per destrorsi: la mazza \u00e8 posizionata sul lato destro del corpo.<\/p>\n","protected":false},"featured_media":262562,"comment_status":"open","ping_status":"closed","template":"","meta":[],"product_brand":[],"product_cat":[38914],"product_tag":[],"class_list":{"0":"post-258813","1":"product","2":"type-product","3":"status-publish","4":"has-post-thumbnail","6":"product_cat-floorball","7":"product_shipping_class-global_methods","9":"first","10":"instock","11":"taxable","12":"shipping-taxable","13":"purchasable","14":"product-type-simple"},"yoast_head":"<!-- This site is optimized with the Yoast SEO plugin v27.3 - https:\/\/yoast.com\/product\/yoast-seo-wordpress\/ -->\n<title>Eurostick Apache 80\/91 Rechts<\/title>\n<meta name=\"description\" content=\"Idealer Unihockeyschl\u00e4ger f\u00fcr Schulen und f\u00fcr Kinder, welche mit diesem Sport beginnen m\u00f6chten. Dieser Unihockeyschl\u00e4ger ist speziell f\u00fcr Anf\u00e4nger, welche lerne\" \/>\n<meta name=\"robots\" content=\"index, follow, max-snippet:-1, max-image-preview:large, max-video-preview:-1\" \/>\n<link rel=\"canonical\" href=\"https:\/\/schweizversand.ch\/it\/produkt\/eurostick-apache-80-91-rechts-3\/\" \/>\n<meta property=\"og:locale\" content=\"it_IT\" \/>\n<meta property=\"og:type\" content=\"article\" \/>\n<meta property=\"og:title\" content=\"Eurostick Apache 80\/91 Rechts\" \/>\n<meta property=\"og:description\" content=\"Idealer Unihockeyschl\u00e4ger f\u00fcr Schulen und f\u00fcr Kinder, welche mit diesem Sport beginnen m\u00f6chten. Dieser Unihockeyschl\u00e4ger ist speziell f\u00fcr Anf\u00e4nger, welche lerne\" \/>\n<meta property=\"og:url\" content=\"https:\/\/schweizversand.ch\/it\/produkt\/eurostick-apache-80-91-rechts-3\/\" \/>\n<meta property=\"og:site_name\" content=\"Schweizer Shop f\u00fcr Sport, Spiel und Freizeit\" \/>\n<meta property=\"article:publisher\" content=\"https:\/\/www.facebook.com\/Schweizversand\" \/>\n<meta property=\"article:modified_time\" content=\"2026-04-06T00:10:36+00:00\" \/>\n<meta property=\"og:image\" content=\"https:\/\/schweizversand.ch\/wp-content\/uploads\/2026\/03\/5471533326.jpg\" \/>\n\t<meta property=\"og:image:width\" content=\"512\" \/>\n\t<meta property=\"og:image:height\" content=\"1024\" \/>\n\t<meta property=\"og:image:type\" content=\"image\/jpeg\" \/>\n<meta name=\"twitter:card\" content=\"summary_large_image\" \/>\n<script type=\"application\/ld+json\" class=\"yoast-schema-graph\">{\"@context\":\"https:\\\/\\\/schema.org\",\"@graph\":[{\"@type\":\"WebPage\",\"@id\":\"https:\\\/\\\/schweizversand.ch\\\/it\\\/produkt\\\/eurostick-apache-80-91-rechts-3\\\/\",\"url\":\"https:\\\/\\\/schweizversand.ch\\\/it\\\/produkt\\\/eurostick-apache-80-91-rechts-3\\\/\",\"name\":\"Eurostick Apache 80\\\/91 Rechts\",\"isPartOf\":{\"@id\":\"https:\\\/\\\/schweizversand.ch\\\/it\\\/#website\"},\"primaryImageOfPage\":{\"@id\":\"https:\\\/\\\/schweizversand.ch\\\/it\\\/produkt\\\/eurostick-apache-80-91-rechts-3\\\/#primaryimage\"},\"image\":{\"@id\":\"https:\\\/\\\/schweizversand.ch\\\/it\\\/produkt\\\/eurostick-apache-80-91-rechts-3\\\/#primaryimage\"},\"thumbnailUrl\":\"https:\\\/\\\/schweizversand.ch\\\/wp-content\\\/uploads\\\/2026\\\/03\\\/5471533326.jpg\",\"datePublished\":\"2026-03-25T01:00:34+00:00\",\"dateModified\":\"2026-04-06T00:10:36+00:00\",\"description\":\"Idealer Unihockeyschl\u00e4ger f\u00fcr Schulen und f\u00fcr Kinder, welche mit diesem Sport beginnen m\u00f6chten. Dieser Unihockeyschl\u00e4ger ist speziell f\u00fcr Anf\u00e4nger, welche lerne\",\"breadcrumb\":{\"@id\":\"https:\\\/\\\/schweizversand.ch\\\/it\\\/produkt\\\/eurostick-apache-80-91-rechts-3\\\/#breadcrumb\"},\"inLanguage\":\"it-IT\",\"potentialAction\":[{\"@type\":\"ReadAction\",\"target\":[\"https:\\\/\\\/schweizversand.ch\\\/it\\\/produkt\\\/eurostick-apache-80-91-rechts-3\\\/\"]}]},{\"@type\":\"ImageObject\",\"inLanguage\":\"it-IT\",\"@id\":\"https:\\\/\\\/schweizversand.ch\\\/it\\\/produkt\\\/eurostick-apache-80-91-rechts-3\\\/#primaryimage\",\"url\":\"https:\\\/\\\/schweizversand.ch\\\/wp-content\\\/uploads\\\/2026\\\/03\\\/5471533326.jpg\",\"contentUrl\":\"https:\\\/\\\/schweizversand.ch\\\/wp-content\\\/uploads\\\/2026\\\/03\\\/5471533326.jpg\",\"width\":512,\"height\":1024},{\"@type\":\"BreadcrumbList\",\"@id\":\"https:\\\/\\\/schweizversand.ch\\\/it\\\/produkt\\\/eurostick-apache-80-91-rechts-3\\\/#breadcrumb\",\"itemListElement\":[{\"@type\":\"ListItem\",\"position\":1,\"name\":\"Startseite\",\"item\":\"https:\\\/\\\/schweizversand.ch\\\/it\\\/\"},{\"@type\":\"ListItem\",\"position\":2,\"name\":\"Shop\",\"item\":\"https:\\\/\\\/schweizversand.ch\\\/it\\\/shop\\\/\"},{\"@type\":\"ListItem\",\"position\":3,\"name\":\"Eurostick Apache 80\\\/91 Destro\"}]},{\"@type\":\"WebSite\",\"@id\":\"https:\\\/\\\/schweizversand.ch\\\/it\\\/#website\",\"url\":\"https:\\\/\\\/schweizversand.ch\\\/it\\\/\",\"name\":\"Schweizer Shop f\u00fcr Sport, Spiel und Freizeit\",\"description\":\"Gratisversand ab 50.- (netto), ab eigenem schweizer Lager, Lieferung innert 48h\",\"publisher\":{\"@id\":\"https:\\\/\\\/schweizversand.ch\\\/it\\\/#organization\"},\"alternateName\":\"Schweizversand.ch\",\"potentialAction\":[{\"@type\":\"SearchAction\",\"target\":{\"@type\":\"EntryPoint\",\"urlTemplate\":\"https:\\\/\\\/schweizversand.ch\\\/it\\\/?s={search_term_string}\"},\"query-input\":{\"@type\":\"PropertyValueSpecification\",\"valueRequired\":true,\"valueName\":\"search_term_string\"}}],\"inLanguage\":\"it-IT\"},{\"@type\":\"Organization\",\"@id\":\"https:\\\/\\\/schweizversand.ch\\\/it\\\/#organization\",\"name\":\"Schweizversand.ch\",\"url\":\"https:\\\/\\\/schweizversand.ch\\\/it\\\/\",\"logo\":{\"@type\":\"ImageObject\",\"inLanguage\":\"it-IT\",\"@id\":\"https:\\\/\\\/schweizversand.ch\\\/it\\\/#\\\/schema\\\/logo\\\/image\\\/\",\"url\":\"https:\\\/\\\/schweizversand.ch\\\/wp-content\\\/uploads\\\/2026\\\/03\\\/Logo_Rund_Final-1.png\",\"contentUrl\":\"https:\\\/\\\/schweizversand.ch\\\/wp-content\\\/uploads\\\/2026\\\/03\\\/Logo_Rund_Final-1.png\",\"width\":404,\"height\":404,\"caption\":\"Schweizversand.ch\"},\"image\":{\"@id\":\"https:\\\/\\\/schweizversand.ch\\\/it\\\/#\\\/schema\\\/logo\\\/image\\\/\"},\"sameAs\":[\"https:\\\/\\\/www.facebook.com\\\/Schweizversand\",\"https:\\\/\\\/www.instagram.com\\\/schweizversand.ch\\\/\"]}]}<\/script>\n<!-- \/ Yoast SEO plugin. -->","yoast_head_json":{"title":"Eurostick Apache 80\/91 Rechts","description":"Idealer Unihockeyschl\u00e4ger f\u00fcr Schulen und f\u00fcr Kinder, welche mit diesem Sport beginnen m\u00f6chten. Dieser Unihockeyschl\u00e4ger ist speziell f\u00fcr Anf\u00e4nger, welche lerne","robots":{"index":"index","follow":"follow","max-snippet":"max-snippet:-1","max-image-preview":"max-image-preview:large","max-video-preview":"max-video-preview:-1"},"canonical":"https:\/\/schweizversand.ch\/it\/produkt\/eurostick-apache-80-91-rechts-3\/","og_locale":"it_IT","og_type":"article","og_title":"Eurostick Apache 80\/91 Rechts","og_description":"Idealer Unihockeyschl\u00e4ger f\u00fcr Schulen und f\u00fcr Kinder, welche mit diesem Sport beginnen m\u00f6chten. Dieser Unihockeyschl\u00e4ger ist speziell f\u00fcr Anf\u00e4nger, welche lerne","og_url":"https:\/\/schweizversand.ch\/it\/produkt\/eurostick-apache-80-91-rechts-3\/","og_site_name":"Schweizer Shop f\u00fcr Sport, Spiel und Freizeit","article_publisher":"https:\/\/www.facebook.com\/Schweizversand","article_modified_time":"2026-04-06T00:10:36+00:00","og_image":[{"width":512,"height":1024,"url":"https:\/\/schweizversand.ch\/wp-content\/uploads\/2026\/03\/5471533326.jpg","type":"image\/jpeg"}],"twitter_card":"summary_large_image","schema":{"@context":"https:\/\/schema.org","@graph":[{"@type":"WebPage","@id":"https:\/\/schweizversand.ch\/it\/produkt\/eurostick-apache-80-91-rechts-3\/","url":"https:\/\/schweizversand.ch\/it\/produkt\/eurostick-apache-80-91-rechts-3\/","name":"Eurostick Apache 80\/91 Rechts","isPartOf":{"@id":"https:\/\/schweizversand.ch\/it\/#website"},"primaryImageOfPage":{"@id":"https:\/\/schweizversand.ch\/it\/produkt\/eurostick-apache-80-91-rechts-3\/#primaryimage"},"image":{"@id":"https:\/\/schweizversand.ch\/it\/produkt\/eurostick-apache-80-91-rechts-3\/#primaryimage"},"thumbnailUrl":"https:\/\/schweizversand.ch\/wp-content\/uploads\/2026\/03\/5471533326.jpg","datePublished":"2026-03-25T01:00:34+00:00","dateModified":"2026-04-06T00:10:36+00:00","description":"Idealer Unihockeyschl\u00e4ger f\u00fcr Schulen und f\u00fcr Kinder, welche mit diesem Sport beginnen m\u00f6chten. Dieser Unihockeyschl\u00e4ger ist speziell f\u00fcr Anf\u00e4nger, welche lerne","breadcrumb":{"@id":"https:\/\/schweizversand.ch\/it\/produkt\/eurostick-apache-80-91-rechts-3\/#breadcrumb"},"inLanguage":"it-IT","potentialAction":[{"@type":"ReadAction","target":["https:\/\/schweizversand.ch\/it\/produkt\/eurostick-apache-80-91-rechts-3\/"]}]},{"@type":"ImageObject","inLanguage":"it-IT","@id":"https:\/\/schweizversand.ch\/it\/produkt\/eurostick-apache-80-91-rechts-3\/#primaryimage","url":"https:\/\/schweizversand.ch\/wp-content\/uploads\/2026\/03\/5471533326.jpg","contentUrl":"https:\/\/schweizversand.ch\/wp-content\/uploads\/2026\/03\/5471533326.jpg","width":512,"height":1024},{"@type":"BreadcrumbList","@id":"https:\/\/schweizversand.ch\/it\/produkt\/eurostick-apache-80-91-rechts-3\/#breadcrumb","itemListElement":[{"@type":"ListItem","position":1,"name":"Startseite","item":"https:\/\/schweizversand.ch\/it\/"},{"@type":"ListItem","position":2,"name":"Shop","item":"https:\/\/schweizversand.ch\/it\/shop\/"},{"@type":"ListItem","position":3,"name":"Eurostick Apache 80\/91 Destro"}]},{"@type":"WebSite","@id":"https:\/\/schweizversand.ch\/it\/#website","url":"https:\/\/schweizversand.ch\/it\/","name":"Schweizer Shop f\u00fcr Sport, Spiel und Freizeit","description":"Gratisversand ab 50.- (netto), ab eigenem schweizer Lager, Lieferung innert 48h","publisher":{"@id":"https:\/\/schweizversand.ch\/it\/#organization"},"alternateName":"Schweizversand.ch","potentialAction":[{"@type":"SearchAction","target":{"@type":"EntryPoint","urlTemplate":"https:\/\/schweizversand.ch\/it\/?s={search_term_string}"},"query-input":{"@type":"PropertyValueSpecification","valueRequired":true,"valueName":"search_term_string"}}],"inLanguage":"it-IT"},{"@type":"Organization","@id":"https:\/\/schweizversand.ch\/it\/#organization","name":"Schweizversand.ch","url":"https:\/\/schweizversand.ch\/it\/","logo":{"@type":"ImageObject","inLanguage":"it-IT","@id":"https:\/\/schweizversand.ch\/it\/#\/schema\/logo\/image\/","url":"https:\/\/schweizversand.ch\/wp-content\/uploads\/2026\/03\/Logo_Rund_Final-1.png","contentUrl":"https:\/\/schweizversand.ch\/wp-content\/uploads\/2026\/03\/Logo_Rund_Final-1.png","width":404,"height":404,"caption":"Schweizversand.ch"},"image":{"@id":"https:\/\/schweizversand.ch\/it\/#\/schema\/logo\/image\/"},"sameAs":["https:\/\/www.facebook.com\/Schweizversand","https:\/\/www.instagram.com\/schweizversand.ch\/"]}]}},"jetpack_sharing_enabled":true,"_links":{"self":[{"href":"https:\/\/schweizversand.ch\/it\/wp-json\/wp\/v2\/product\/258813","targetHints":{"allow":["GET"]}}],"collection":[{"href":"https:\/\/schweizversand.ch\/it\/wp-json\/wp\/v2\/product"}],"about":[{"href":"https:\/\/schweizversand.ch\/it\/wp-json\/wp\/v2\/types\/product"}],"replies":[{"embeddable":true,"href":"https:\/\/schweizversand.ch\/it\/wp-json\/wp\/v2\/comments?post=258813"}],"wp:featuredmedia":[{"embeddable":true,"href":"https:\/\/schweizversand.ch\/it\/wp-json\/wp\/v2\/media\/262562"}],"wp:attachment":[{"href":"https:\/\/schweizversand.ch\/it\/wp-json\/wp\/v2\/media?parent=258813"}],"wp:term":[{"taxonomy":"product_brand","embeddable":true,"href":"https:\/\/schweizversand.ch\/it\/wp-json\/wp\/v2\/product_brand?post=258813"},{"taxonomy":"product_cat","embeddable":true,"href":"https:\/\/schweizversand.ch\/it\/wp-json\/wp\/v2\/product_cat?post=258813"},{"taxonomy":"product_tag","embeddable":true,"href":"https:\/\/schweizversand.ch\/it\/wp-json\/wp\/v2\/product_tag?post=258813"}],"curies":[{"name":"wp","href":"https:\/\/api.w.org\/{rel}","templated":true}]}}