{"id":260354,"date":"2026-03-14T23:20:57","date_gmt":"2026-03-14T22:20:57","guid":{"rendered":"https:\/\/schweizversand.ch\/produkt\/wahu-lets-go-fishin\/"},"modified":"2026-04-19T02:05:41","modified_gmt":"2026-04-19T00:05:41","slug":"wahu-lets-go-fishin","status":"publish","type":"product","link":"https:\/\/schweizversand.ch\/it\/produkt\/wahu-lets-go-fishin\/","title":{"rendered":"Wahu Andiamo a pescare"},"content":{"rendered":"<p>Andiamo a Pescare &#8211; Il classico gioco in formato XXL!<\/p>\n<p>Pescare \u00e8 ancora pi\u00f9 divertente! Con il popolare gioco &#8220;Andiamo a Pescare&#8221; nella sua versione XXL, bambini e famiglie possono vivere il classico divertimento della pesca in un modo completamente nuovo. Che sia in piscina, nella vasca da bagno o nella piscina per bambini, i pesci colorati (\u00d8 6,5 cm) garantiscono entusiasmo, abilit\u00e0 e tanto divertimento!<\/p>\n<p>Divertimento con movimento e abilit\u00e0<\/p>\n<p>I divertenti pesci affondano nell&#8217;acqua e aspettano solo di essere catturati con la canna da pesca. Con la bocca aperta e le espressioni allegre, incoraggiano i bambini a pescare pi\u00f9 e pi\u00f9 volte.<\/p>\n<p>Un fantastico gioco per promuovere la coordinazione occhio-mano e la concentrazione, ideale per i piccoli amanti dell&#8217;acqua!<\/p>\n<p>Con punteggio per un divertimento competitivo<\/p>\n<p>Ogni pesce ha un valore in punti individuale, perfetto per gare amichevoli con amici o fratelli.<\/p>\n<p>Chi catturer\u00e0 il pesce pi\u00f9 prezioso e diventer\u00e0 il campione di pesca della giornata?<\/p>\n<p>Adatto per giocare sia in casa che all&#8217;aperto<\/p>\n<p>Che sia estate in giardino, sguazzare in piscina o un pomeriggio di divertimento in casa, questo gioco ti strapper\u00e0 sicuramente un sorriso.<\/p>\n<p>Che sia estate in giardino, sguazzare in piscina o un pomeriggio di divertimento in casa, questo gioco ti garantir\u00e0 gioia ovunque tu giochi. <br \/>Grazie ai suoi materiali robusti, \u00e8 durevole, facile da pulire e perfetto per le mani dei bambini.<\/p>\n<p>Incluso nel set<\/p>\n<p>5 pesci colorati (diametro circa 6,5 \u200b\u200bcm)<\/p>\n<p>1 canna da pesca: leggera, robusta e perfetta per i bambini<\/p>\n<p>Tutto il necessario per tante divertenti partite di pesca<\/p>\n<p>Caratteristiche principali del prodotto<\/p>\n<p>Classico gioco di pesca in versione XXL<br \/>\n<br \/>Adatto per piscina, vasca da bagno o giardino<br \/>\n<br \/>Pesci con valori a punti: ideali per mini-gare<br \/>\n<br \/>Promuove destrezza, pazienza e tempi di reazione<br \/>\n<br \/>Robusto, colorato e adatto ai bambini<br \/>\n<br \/>Contenuto: 5 pesci + 1 canna da pesca<\/p>\n<p>Conclusione<\/p>\n<p>Con &#8220;Andiamo a Pescare &#8211; Il Classico Gioco in XXL&#8221;, divertimento, esercizio e gioia arrivano in acqua!<\/p>\n<p>Un regalo perfetto per bambini dai 3 anni in su e un momento clou di ogni festa estiva, in vacanza o a casa.<br \/>\n<br \/>Chi catturer\u00e0 la preda pi\u00f9 grossa?<\/p>\n","protected":false},"excerpt":{"rendered":"<p>Wahu Let\u2019s Go Fishin: XXL Angelspiel mit bunten Fischen f\u00fcr Pool &amp; Badewanne. F\u00f6rdert Geschick, Konzentration und sorgt f\u00fcr spannenden Familienspa\u00df!<\/p>\n","protected":false},"featured_media":157038,"comment_status":"open","ping_status":"closed","template":"","meta":[],"product_brand":[],"product_cat":[38551],"product_tag":[],"class_list":{"0":"post-260354","1":"product","2":"type-product","3":"status-publish","4":"has-post-thumbnail","6":"product_cat-wasserspielzeug","7":"product_shipping_class-global_methods","9":"first","10":"instock","11":"taxable","12":"shipping-taxable","13":"purchasable","14":"product-type-simple"},"yoast_head":"<!-- This site is optimized with the Yoast SEO plugin v27.4 - https:\/\/yoast.com\/product\/yoast-seo-wordpress\/ -->\n<title>Wahu Let`s Go fishin<\/title>\n<meta name=\"description\" content=\"Let\u2019s Go Fishing \u2013 Der Spieleklassiker in XXL! Jetzt wird Angeln zum Riesenspa\u00df! Mit dem beliebten \u201eLet\u2019s Go Fishing\u201c Spiel in der XXL-Version erleben Kinder\" \/>\n<meta name=\"robots\" content=\"index, follow, max-snippet:-1, max-image-preview:large, max-video-preview:-1\" \/>\n<link rel=\"canonical\" href=\"https:\/\/schweizversand.ch\/it\/produkt\/wahu-lets-go-fishin\/\" \/>\n<meta property=\"og:locale\" content=\"it_IT\" \/>\n<meta property=\"og:type\" content=\"article\" \/>\n<meta property=\"og:title\" content=\"Wahu Let`s Go fishin\" \/>\n<meta property=\"og:description\" content=\"Let\u2019s Go Fishing \u2013 Der Spieleklassiker in XXL! Jetzt wird Angeln zum Riesenspa\u00df! Mit dem beliebten \u201eLet\u2019s Go Fishing\u201c Spiel in der XXL-Version erleben Kinder\" \/>\n<meta property=\"og:url\" content=\"https:\/\/schweizversand.ch\/it\/produkt\/wahu-lets-go-fishin\/\" \/>\n<meta property=\"og:site_name\" content=\"Schweizer Shop f\u00fcr Sport, Spiel und Freizeit\" \/>\n<meta property=\"article:publisher\" content=\"https:\/\/www.facebook.com\/Schweizversand\" \/>\n<meta property=\"article:modified_time\" content=\"2026-04-19T00:05:41+00:00\" \/>\n<meta property=\"og:image\" content=\"https:\/\/schweizversand.ch\/wp-content\/uploads\/2026\/02\/5472113180.jpg\" \/>\n\t<meta property=\"og:image:width\" content=\"1024\" \/>\n\t<meta property=\"og:image:height\" content=\"1024\" \/>\n\t<meta property=\"og:image:type\" content=\"image\/jpeg\" \/>\n<meta name=\"twitter:card\" content=\"summary_large_image\" \/>\n<meta name=\"twitter:label1\" content=\"Tempo di lettura stimato\" \/>\n\t<meta name=\"twitter:data1\" content=\"2 minuto\" \/>\n<script type=\"application\/ld+json\" class=\"yoast-schema-graph\">{\"@context\":\"https:\\\/\\\/schema.org\",\"@graph\":[{\"@type\":\"WebPage\",\"@id\":\"https:\\\/\\\/schweizversand.ch\\\/it\\\/produkt\\\/wahu-lets-go-fishin\\\/\",\"url\":\"https:\\\/\\\/schweizversand.ch\\\/it\\\/produkt\\\/wahu-lets-go-fishin\\\/\",\"name\":\"Wahu Let`s Go fishin\",\"isPartOf\":{\"@id\":\"https:\\\/\\\/schweizversand.ch\\\/it\\\/#website\"},\"primaryImageOfPage\":{\"@id\":\"https:\\\/\\\/schweizversand.ch\\\/it\\\/produkt\\\/wahu-lets-go-fishin\\\/#primaryimage\"},\"image\":{\"@id\":\"https:\\\/\\\/schweizversand.ch\\\/it\\\/produkt\\\/wahu-lets-go-fishin\\\/#primaryimage\"},\"thumbnailUrl\":\"https:\\\/\\\/schweizversand.ch\\\/wp-content\\\/uploads\\\/2026\\\/02\\\/5472113180.jpg\",\"datePublished\":\"2026-03-14T22:20:57+00:00\",\"dateModified\":\"2026-04-19T00:05:41+00:00\",\"description\":\"Let\u2019s Go Fishing \u2013 Der Spieleklassiker in XXL! Jetzt wird Angeln zum Riesenspa\u00df! Mit dem beliebten \u201eLet\u2019s Go Fishing\u201c Spiel in der XXL-Version erleben Kinder\",\"breadcrumb\":{\"@id\":\"https:\\\/\\\/schweizversand.ch\\\/it\\\/produkt\\\/wahu-lets-go-fishin\\\/#breadcrumb\"},\"inLanguage\":\"it-IT\",\"potentialAction\":[{\"@type\":\"ReadAction\",\"target\":[\"https:\\\/\\\/schweizversand.ch\\\/it\\\/produkt\\\/wahu-lets-go-fishin\\\/\"]}]},{\"@type\":\"ImageObject\",\"inLanguage\":\"it-IT\",\"@id\":\"https:\\\/\\\/schweizversand.ch\\\/it\\\/produkt\\\/wahu-lets-go-fishin\\\/#primaryimage\",\"url\":\"https:\\\/\\\/schweizversand.ch\\\/wp-content\\\/uploads\\\/2026\\\/02\\\/5472113180.jpg\",\"contentUrl\":\"https:\\\/\\\/schweizversand.ch\\\/wp-content\\\/uploads\\\/2026\\\/02\\\/5472113180.jpg\",\"width\":1024,\"height\":1024},{\"@type\":\"BreadcrumbList\",\"@id\":\"https:\\\/\\\/schweizversand.ch\\\/it\\\/produkt\\\/wahu-lets-go-fishin\\\/#breadcrumb\",\"itemListElement\":[{\"@type\":\"ListItem\",\"position\":1,\"name\":\"Startseite\",\"item\":\"https:\\\/\\\/schweizversand.ch\\\/it\\\/home\\\/\"},{\"@type\":\"ListItem\",\"position\":2,\"name\":\"Shop\",\"item\":\"https:\\\/\\\/schweizversand.ch\\\/it\\\/shop\\\/\"},{\"@type\":\"ListItem\",\"position\":3,\"name\":\"Giocattoli e giochi\",\"item\":\"https:\\\/\\\/schweizversand.ch\\\/it\\\/produkt-kategorie\\\/giocattoli-e-giochi\\\/\"},{\"@type\":\"ListItem\",\"position\":4,\"name\":\"Giochi all'aperto\",\"item\":\"https:\\\/\\\/schweizversand.ch\\\/it\\\/produkt-kategorie\\\/giocattoli-e-giochi\\\/giochi-allaperto\\\/\"},{\"@type\":\"ListItem\",\"position\":5,\"name\":\"Giochi d'acqua\",\"item\":\"https:\\\/\\\/schweizversand.ch\\\/it\\\/produkt-kategorie\\\/giocattoli-e-giochi\\\/giochi-allaperto\\\/wasserspielzeug\\\/\"},{\"@type\":\"ListItem\",\"position\":6,\"name\":\"Wahu Andiamo a pescare\"}]},{\"@type\":\"WebSite\",\"@id\":\"https:\\\/\\\/schweizversand.ch\\\/it\\\/#website\",\"url\":\"https:\\\/\\\/schweizversand.ch\\\/it\\\/\",\"name\":\"Schweizer Shop f\u00fcr Sport, Spiel und Freizeit\",\"description\":\"Gratisversand ab 50.- (netto), ab eigenem schweizer Lager, Lieferung innert 48h\",\"publisher\":{\"@id\":\"https:\\\/\\\/schweizversand.ch\\\/it\\\/#organization\"},\"alternateName\":\"Schweizversand.ch\",\"potentialAction\":[{\"@type\":\"SearchAction\",\"target\":{\"@type\":\"EntryPoint\",\"urlTemplate\":\"https:\\\/\\\/schweizversand.ch\\\/it\\\/?s={search_term_string}\"},\"query-input\":{\"@type\":\"PropertyValueSpecification\",\"valueRequired\":true,\"valueName\":\"search_term_string\"}}],\"inLanguage\":\"it-IT\"},{\"@type\":\"Organization\",\"@id\":\"https:\\\/\\\/schweizversand.ch\\\/it\\\/#organization\",\"name\":\"Schweizversand.ch\",\"url\":\"https:\\\/\\\/schweizversand.ch\\\/it\\\/\",\"logo\":{\"@type\":\"ImageObject\",\"inLanguage\":\"it-IT\",\"@id\":\"https:\\\/\\\/schweizversand.ch\\\/it\\\/#\\\/schema\\\/logo\\\/image\\\/\",\"url\":\"https:\\\/\\\/schweizversand.ch\\\/wp-content\\\/uploads\\\/2026\\\/03\\\/Logo_Rund_Final-1.png\",\"contentUrl\":\"https:\\\/\\\/schweizversand.ch\\\/wp-content\\\/uploads\\\/2026\\\/03\\\/Logo_Rund_Final-1.png\",\"width\":404,\"height\":404,\"caption\":\"Schweizversand.ch\"},\"image\":{\"@id\":\"https:\\\/\\\/schweizversand.ch\\\/it\\\/#\\\/schema\\\/logo\\\/image\\\/\"},\"sameAs\":[\"https:\\\/\\\/www.facebook.com\\\/Schweizversand\",\"https:\\\/\\\/www.instagram.com\\\/schweizversand.ch\\\/\"]}]}<\/script>\n<!-- \/ Yoast SEO plugin. -->","yoast_head_json":{"title":"Wahu Let`s Go fishin","description":"Let\u2019s Go Fishing \u2013 Der Spieleklassiker in XXL! Jetzt wird Angeln zum Riesenspa\u00df! Mit dem beliebten \u201eLet\u2019s Go Fishing\u201c Spiel in der XXL-Version erleben Kinder","robots":{"index":"index","follow":"follow","max-snippet":"max-snippet:-1","max-image-preview":"max-image-preview:large","max-video-preview":"max-video-preview:-1"},"canonical":"https:\/\/schweizversand.ch\/it\/produkt\/wahu-lets-go-fishin\/","og_locale":"it_IT","og_type":"article","og_title":"Wahu Let`s Go fishin","og_description":"Let\u2019s Go Fishing \u2013 Der Spieleklassiker in XXL! Jetzt wird Angeln zum Riesenspa\u00df! Mit dem beliebten \u201eLet\u2019s Go Fishing\u201c Spiel in der XXL-Version erleben Kinder","og_url":"https:\/\/schweizversand.ch\/it\/produkt\/wahu-lets-go-fishin\/","og_site_name":"Schweizer Shop f\u00fcr Sport, Spiel und Freizeit","article_publisher":"https:\/\/www.facebook.com\/Schweizversand","article_modified_time":"2026-04-19T00:05:41+00:00","og_image":[{"width":1024,"height":1024,"url":"https:\/\/schweizversand.ch\/wp-content\/uploads\/2026\/02\/5472113180.jpg","type":"image\/jpeg"}],"twitter_card":"summary_large_image","twitter_misc":{"Tempo di lettura stimato":"2 minuto"},"schema":{"@context":"https:\/\/schema.org","@graph":[{"@type":"WebPage","@id":"https:\/\/schweizversand.ch\/it\/produkt\/wahu-lets-go-fishin\/","url":"https:\/\/schweizversand.ch\/it\/produkt\/wahu-lets-go-fishin\/","name":"Wahu Let`s Go fishin","isPartOf":{"@id":"https:\/\/schweizversand.ch\/it\/#website"},"primaryImageOfPage":{"@id":"https:\/\/schweizversand.ch\/it\/produkt\/wahu-lets-go-fishin\/#primaryimage"},"image":{"@id":"https:\/\/schweizversand.ch\/it\/produkt\/wahu-lets-go-fishin\/#primaryimage"},"thumbnailUrl":"https:\/\/schweizversand.ch\/wp-content\/uploads\/2026\/02\/5472113180.jpg","datePublished":"2026-03-14T22:20:57+00:00","dateModified":"2026-04-19T00:05:41+00:00","description":"Let\u2019s Go Fishing \u2013 Der Spieleklassiker in XXL! Jetzt wird Angeln zum Riesenspa\u00df! Mit dem beliebten \u201eLet\u2019s Go Fishing\u201c Spiel in der XXL-Version erleben Kinder","breadcrumb":{"@id":"https:\/\/schweizversand.ch\/it\/produkt\/wahu-lets-go-fishin\/#breadcrumb"},"inLanguage":"it-IT","potentialAction":[{"@type":"ReadAction","target":["https:\/\/schweizversand.ch\/it\/produkt\/wahu-lets-go-fishin\/"]}]},{"@type":"ImageObject","inLanguage":"it-IT","@id":"https:\/\/schweizversand.ch\/it\/produkt\/wahu-lets-go-fishin\/#primaryimage","url":"https:\/\/schweizversand.ch\/wp-content\/uploads\/2026\/02\/5472113180.jpg","contentUrl":"https:\/\/schweizversand.ch\/wp-content\/uploads\/2026\/02\/5472113180.jpg","width":1024,"height":1024},{"@type":"BreadcrumbList","@id":"https:\/\/schweizversand.ch\/it\/produkt\/wahu-lets-go-fishin\/#breadcrumb","itemListElement":[{"@type":"ListItem","position":1,"name":"Startseite","item":"https:\/\/schweizversand.ch\/it\/home\/"},{"@type":"ListItem","position":2,"name":"Shop","item":"https:\/\/schweizversand.ch\/it\/shop\/"},{"@type":"ListItem","position":3,"name":"Giocattoli e giochi","item":"https:\/\/schweizversand.ch\/it\/produkt-kategorie\/giocattoli-e-giochi\/"},{"@type":"ListItem","position":4,"name":"Giochi all'aperto","item":"https:\/\/schweizversand.ch\/it\/produkt-kategorie\/giocattoli-e-giochi\/giochi-allaperto\/"},{"@type":"ListItem","position":5,"name":"Giochi d'acqua","item":"https:\/\/schweizversand.ch\/it\/produkt-kategorie\/giocattoli-e-giochi\/giochi-allaperto\/wasserspielzeug\/"},{"@type":"ListItem","position":6,"name":"Wahu Andiamo a pescare"}]},{"@type":"WebSite","@id":"https:\/\/schweizversand.ch\/it\/#website","url":"https:\/\/schweizversand.ch\/it\/","name":"Schweizer Shop f\u00fcr Sport, Spiel und Freizeit","description":"Gratisversand ab 50.- (netto), ab eigenem schweizer Lager, Lieferung innert 48h","publisher":{"@id":"https:\/\/schweizversand.ch\/it\/#organization"},"alternateName":"Schweizversand.ch","potentialAction":[{"@type":"SearchAction","target":{"@type":"EntryPoint","urlTemplate":"https:\/\/schweizversand.ch\/it\/?s={search_term_string}"},"query-input":{"@type":"PropertyValueSpecification","valueRequired":true,"valueName":"search_term_string"}}],"inLanguage":"it-IT"},{"@type":"Organization","@id":"https:\/\/schweizversand.ch\/it\/#organization","name":"Schweizversand.ch","url":"https:\/\/schweizversand.ch\/it\/","logo":{"@type":"ImageObject","inLanguage":"it-IT","@id":"https:\/\/schweizversand.ch\/it\/#\/schema\/logo\/image\/","url":"https:\/\/schweizversand.ch\/wp-content\/uploads\/2026\/03\/Logo_Rund_Final-1.png","contentUrl":"https:\/\/schweizversand.ch\/wp-content\/uploads\/2026\/03\/Logo_Rund_Final-1.png","width":404,"height":404,"caption":"Schweizversand.ch"},"image":{"@id":"https:\/\/schweizversand.ch\/it\/#\/schema\/logo\/image\/"},"sameAs":["https:\/\/www.facebook.com\/Schweizversand","https:\/\/www.instagram.com\/schweizversand.ch\/"]}]}},"jetpack_sharing_enabled":true,"_links":{"self":[{"href":"https:\/\/schweizversand.ch\/it\/wp-json\/wp\/v2\/product\/260354","targetHints":{"allow":["GET"]}}],"collection":[{"href":"https:\/\/schweizversand.ch\/it\/wp-json\/wp\/v2\/product"}],"about":[{"href":"https:\/\/schweizversand.ch\/it\/wp-json\/wp\/v2\/types\/product"}],"replies":[{"embeddable":true,"href":"https:\/\/schweizversand.ch\/it\/wp-json\/wp\/v2\/comments?post=260354"}],"wp:featuredmedia":[{"embeddable":true,"href":"https:\/\/schweizversand.ch\/it\/wp-json\/wp\/v2\/media\/157038"}],"wp:attachment":[{"href":"https:\/\/schweizversand.ch\/it\/wp-json\/wp\/v2\/media?parent=260354"}],"wp:term":[{"taxonomy":"product_brand","embeddable":true,"href":"https:\/\/schweizversand.ch\/it\/wp-json\/wp\/v2\/product_brand?post=260354"},{"taxonomy":"product_cat","embeddable":true,"href":"https:\/\/schweizversand.ch\/it\/wp-json\/wp\/v2\/product_cat?post=260354"},{"taxonomy":"product_tag","embeddable":true,"href":"https:\/\/schweizversand.ch\/it\/wp-json\/wp\/v2\/product_tag?post=260354"}],"curies":[{"name":"wp","href":"https:\/\/api.w.org\/{rel}","templated":true}]}}