{"id":260356,"date":"2026-03-14T23:20:59","date_gmt":"2026-03-14T22:20:59","guid":{"rendered":"https:\/\/schweizversand.ch\/produkt\/xq-max-fenix-flight-shaft-34mm\/"},"modified":"2026-04-19T02:05:42","modified_gmt":"2026-04-19T00:05:42","slug":"xq-max-fenix-flight-shaft-34mm","status":"publish","type":"product","link":"https:\/\/schweizversand.ch\/it\/produkt\/xq-max-fenix-flight-shaft-34mm\/","title":{"rendered":"XQ Max Fenix \u200b\u200bFlight &#038; Shaft 34mm"},"content":{"rendered":"<div>XQ Max Fenix \u200b\u200bFlight &#038; Shaft &#8211; Asta e aletta in uno<br \/>L&#8217;XQ Max Fenix \u200b\u200bFlight &#038; Shaft combina aletta e aletta in un unico pratico accessorio per l&#8217;estremit\u00e0 del barrel. In questo modo, non perderai mai pi\u00f9 le alette durante il gioco e le tue freccette manterranno sempre una forma aerodinamica ottimizzata per un lancio pi\u00f9 stabile e uniforme. L&#8217;intelligente design monoblocco mantiene l&#8217;aletta a un angolo perfetto di 90\u00b0, per la massima stabilit\u00e0 e una traiettoria uniforme rispetto alle configurazioni convenzionali. Caratteristiche del prodotto: \u2022 Asta e ala in uno: niente pi\u00f9 ale allentate \u2022 Angolo fisso di 90\u00b0 per lanci costanti \u2022 Facile da avvitare grazie alla filettatura integrata \u2022 Ala di forma standard per una stabilit\u00e0 di volo ottimale \u2022 Realizzata in plastica resistente Dimensioni: \u2022 Media: lunghezza asta 34 mm \u2013 lunghezza totale 74 mm mm<\/p>\n<\/div>\n<div>Nota: la lunghezza dell&#8217;asta specificata \u00e8 misurata senza la filettatura.<br \/>Ala e asta sono collegati in modo permanente e non possono essere separati.<br \/>Fornitura:<br \/>1 set = 3x XQ Max Fenix \u200b\u200bAla e Asta<\/p>\n<\/div>\n","protected":false},"excerpt":{"rendered":"<p>XQ Max Fenix Flight &amp; Shaft 34mm vereint Schaft und Flight in einem Teil f\u00fcr maximale Stabilit\u00e4t, festen 90\u00b0-Winkel und konstant pr\u00e4zise Dartw\u00fcrfe ohne verlorene Flights.<\/p>\n","protected":false},"featured_media":262244,"comment_status":"open","ping_status":"closed","template":"","meta":[],"product_brand":[],"product_cat":[39192],"product_tag":[],"class_list":{"0":"post-260356","1":"product","2":"type-product","3":"status-publish","4":"has-post-thumbnail","6":"product_cat-dart","7":"product_shipping_class-global_methods","9":"first","10":"instock","11":"taxable","12":"shipping-taxable","13":"purchasable","14":"product-type-simple"},"yoast_head":"<!-- This site is optimized with the Yoast SEO plugin v27.4 - https:\/\/yoast.com\/product\/yoast-seo-wordpress\/ -->\n<title>XQ Max Fenix Flight &amp; Shaft 34mm<\/title>\n<meta name=\"description\" content=\"XQ Max Fenix Flight &amp; Shaft \u2013 Schaft und Flight in einem\u00a0 Der XQ Max Fenix Flight &amp; Shaft vereint Dart-Schaft und Flight in einem praktischen Zubeh\u00f6rteil f\u00fcr da\" \/>\n<meta name=\"robots\" content=\"index, follow, max-snippet:-1, max-image-preview:large, max-video-preview:-1\" \/>\n<link rel=\"canonical\" href=\"https:\/\/schweizversand.ch\/it\/produkt\/xq-max-fenix-flight-shaft-34mm\/\" \/>\n<meta property=\"og:locale\" content=\"it_IT\" \/>\n<meta property=\"og:type\" content=\"article\" \/>\n<meta property=\"og:title\" content=\"XQ Max Fenix Flight &amp; Shaft 34mm\" \/>\n<meta property=\"og:description\" content=\"XQ Max Fenix Flight &amp; Shaft \u2013 Schaft und Flight in einem\u00a0 Der XQ Max Fenix Flight &amp; Shaft vereint Dart-Schaft und Flight in einem praktischen Zubeh\u00f6rteil f\u00fcr da\" \/>\n<meta property=\"og:url\" content=\"https:\/\/schweizversand.ch\/it\/produkt\/xq-max-fenix-flight-shaft-34mm\/\" \/>\n<meta property=\"og:site_name\" content=\"Schweizer Shop f\u00fcr Sport, Spiel und Freizeit\" \/>\n<meta property=\"article:publisher\" content=\"https:\/\/www.facebook.com\/Schweizversand\" \/>\n<meta property=\"article:modified_time\" content=\"2026-04-19T00:05:42+00:00\" \/>\n<meta property=\"og:image\" content=\"https:\/\/schweizversand.ch\/wp-content\/uploads\/2026\/02\/5471921729.jpg\" \/>\n\t<meta property=\"og:image:width\" content=\"355\" \/>\n\t<meta property=\"og:image:height\" content=\"1024\" \/>\n\t<meta property=\"og:image:type\" content=\"image\/jpeg\" \/>\n<meta name=\"twitter:card\" content=\"summary_large_image\" \/>\n<meta name=\"twitter:label1\" content=\"Tempo di lettura stimato\" \/>\n\t<meta name=\"twitter:data1\" content=\"1 minuto\" \/>\n<script type=\"application\/ld+json\" class=\"yoast-schema-graph\">{\"@context\":\"https:\\\/\\\/schema.org\",\"@graph\":[{\"@type\":\"WebPage\",\"@id\":\"https:\\\/\\\/schweizversand.ch\\\/it\\\/produkt\\\/xq-max-fenix-flight-shaft-34mm\\\/\",\"url\":\"https:\\\/\\\/schweizversand.ch\\\/it\\\/produkt\\\/xq-max-fenix-flight-shaft-34mm\\\/\",\"name\":\"XQ Max Fenix Flight & Shaft 34mm\",\"isPartOf\":{\"@id\":\"https:\\\/\\\/schweizversand.ch\\\/it\\\/#website\"},\"primaryImageOfPage\":{\"@id\":\"https:\\\/\\\/schweizversand.ch\\\/it\\\/produkt\\\/xq-max-fenix-flight-shaft-34mm\\\/#primaryimage\"},\"image\":{\"@id\":\"https:\\\/\\\/schweizversand.ch\\\/it\\\/produkt\\\/xq-max-fenix-flight-shaft-34mm\\\/#primaryimage\"},\"thumbnailUrl\":\"https:\\\/\\\/schweizversand.ch\\\/wp-content\\\/uploads\\\/2026\\\/02\\\/5471921729.jpg\",\"datePublished\":\"2026-03-14T22:20:59+00:00\",\"dateModified\":\"2026-04-19T00:05:42+00:00\",\"description\":\"XQ Max Fenix Flight & Shaft \u2013 Schaft und Flight in einem\u00a0 Der XQ Max Fenix Flight & Shaft vereint Dart-Schaft und Flight in einem praktischen Zubeh\u00f6rteil f\u00fcr da\",\"breadcrumb\":{\"@id\":\"https:\\\/\\\/schweizversand.ch\\\/it\\\/produkt\\\/xq-max-fenix-flight-shaft-34mm\\\/#breadcrumb\"},\"inLanguage\":\"it-IT\",\"potentialAction\":[{\"@type\":\"ReadAction\",\"target\":[\"https:\\\/\\\/schweizversand.ch\\\/it\\\/produkt\\\/xq-max-fenix-flight-shaft-34mm\\\/\"]}]},{\"@type\":\"ImageObject\",\"inLanguage\":\"it-IT\",\"@id\":\"https:\\\/\\\/schweizversand.ch\\\/it\\\/produkt\\\/xq-max-fenix-flight-shaft-34mm\\\/#primaryimage\",\"url\":\"https:\\\/\\\/schweizversand.ch\\\/wp-content\\\/uploads\\\/2026\\\/02\\\/5471921729.jpg\",\"contentUrl\":\"https:\\\/\\\/schweizversand.ch\\\/wp-content\\\/uploads\\\/2026\\\/02\\\/5471921729.jpg\",\"width\":355,\"height\":1024},{\"@type\":\"BreadcrumbList\",\"@id\":\"https:\\\/\\\/schweizversand.ch\\\/it\\\/produkt\\\/xq-max-fenix-flight-shaft-34mm\\\/#breadcrumb\",\"itemListElement\":[{\"@type\":\"ListItem\",\"position\":1,\"name\":\"Startseite\",\"item\":\"https:\\\/\\\/schweizversand.ch\\\/it\\\/home\\\/\"},{\"@type\":\"ListItem\",\"position\":2,\"name\":\"Shop\",\"item\":\"https:\\\/\\\/schweizversand.ch\\\/it\\\/shop\\\/\"},{\"@type\":\"ListItem\",\"position\":3,\"name\":\"Sport\",\"item\":\"https:\\\/\\\/schweizversand.ch\\\/it\\\/produkt-kategorie\\\/sport-it\\\/\"},{\"@type\":\"ListItem\",\"position\":4,\"name\":\"sport con la palla e freccette\",\"item\":\"https:\\\/\\\/schweizversand.ch\\\/it\\\/produkt-kategorie\\\/sport-it\\\/sport-con-la-palla-e-freccette\\\/\"},{\"@type\":\"ListItem\",\"position\":5,\"name\":\"Freccette\",\"item\":\"https:\\\/\\\/schweizversand.ch\\\/it\\\/produkt-kategorie\\\/dart\\\/\"},{\"@type\":\"ListItem\",\"position\":6,\"name\":\"XQ Max Fenix \u200b\u200bFlight &#038; Shaft 34mm\"}]},{\"@type\":\"WebSite\",\"@id\":\"https:\\\/\\\/schweizversand.ch\\\/it\\\/#website\",\"url\":\"https:\\\/\\\/schweizversand.ch\\\/it\\\/\",\"name\":\"Schweizer Shop f\u00fcr Sport, Spiel und Freizeit\",\"description\":\"Gratisversand ab 50.- (netto), ab eigenem schweizer Lager, Lieferung innert 48h\",\"publisher\":{\"@id\":\"https:\\\/\\\/schweizversand.ch\\\/it\\\/#organization\"},\"alternateName\":\"Schweizversand.ch\",\"potentialAction\":[{\"@type\":\"SearchAction\",\"target\":{\"@type\":\"EntryPoint\",\"urlTemplate\":\"https:\\\/\\\/schweizversand.ch\\\/it\\\/?s={search_term_string}\"},\"query-input\":{\"@type\":\"PropertyValueSpecification\",\"valueRequired\":true,\"valueName\":\"search_term_string\"}}],\"inLanguage\":\"it-IT\"},{\"@type\":\"Organization\",\"@id\":\"https:\\\/\\\/schweizversand.ch\\\/it\\\/#organization\",\"name\":\"Schweizversand.ch\",\"url\":\"https:\\\/\\\/schweizversand.ch\\\/it\\\/\",\"logo\":{\"@type\":\"ImageObject\",\"inLanguage\":\"it-IT\",\"@id\":\"https:\\\/\\\/schweizversand.ch\\\/it\\\/#\\\/schema\\\/logo\\\/image\\\/\",\"url\":\"https:\\\/\\\/schweizversand.ch\\\/wp-content\\\/uploads\\\/2026\\\/03\\\/Logo_Rund_Final-1.png\",\"contentUrl\":\"https:\\\/\\\/schweizversand.ch\\\/wp-content\\\/uploads\\\/2026\\\/03\\\/Logo_Rund_Final-1.png\",\"width\":404,\"height\":404,\"caption\":\"Schweizversand.ch\"},\"image\":{\"@id\":\"https:\\\/\\\/schweizversand.ch\\\/it\\\/#\\\/schema\\\/logo\\\/image\\\/\"},\"sameAs\":[\"https:\\\/\\\/www.facebook.com\\\/Schweizversand\",\"https:\\\/\\\/www.instagram.com\\\/schweizversand.ch\\\/\"]}]}<\/script>\n<!-- \/ Yoast SEO plugin. -->","yoast_head_json":{"title":"XQ Max Fenix Flight & Shaft 34mm","description":"XQ Max Fenix Flight & Shaft \u2013 Schaft und Flight in einem\u00a0 Der XQ Max Fenix Flight & Shaft vereint Dart-Schaft und Flight in einem praktischen Zubeh\u00f6rteil f\u00fcr da","robots":{"index":"index","follow":"follow","max-snippet":"max-snippet:-1","max-image-preview":"max-image-preview:large","max-video-preview":"max-video-preview:-1"},"canonical":"https:\/\/schweizversand.ch\/it\/produkt\/xq-max-fenix-flight-shaft-34mm\/","og_locale":"it_IT","og_type":"article","og_title":"XQ Max Fenix Flight & Shaft 34mm","og_description":"XQ Max Fenix Flight & Shaft \u2013 Schaft und Flight in einem\u00a0 Der XQ Max Fenix Flight & Shaft vereint Dart-Schaft und Flight in einem praktischen Zubeh\u00f6rteil f\u00fcr da","og_url":"https:\/\/schweizversand.ch\/it\/produkt\/xq-max-fenix-flight-shaft-34mm\/","og_site_name":"Schweizer Shop f\u00fcr Sport, Spiel und Freizeit","article_publisher":"https:\/\/www.facebook.com\/Schweizversand","article_modified_time":"2026-04-19T00:05:42+00:00","og_image":[{"width":355,"height":1024,"url":"https:\/\/schweizversand.ch\/wp-content\/uploads\/2026\/02\/5471921729.jpg","type":"image\/jpeg"}],"twitter_card":"summary_large_image","twitter_misc":{"Tempo di lettura stimato":"1 minuto"},"schema":{"@context":"https:\/\/schema.org","@graph":[{"@type":"WebPage","@id":"https:\/\/schweizversand.ch\/it\/produkt\/xq-max-fenix-flight-shaft-34mm\/","url":"https:\/\/schweizversand.ch\/it\/produkt\/xq-max-fenix-flight-shaft-34mm\/","name":"XQ Max Fenix Flight & Shaft 34mm","isPartOf":{"@id":"https:\/\/schweizversand.ch\/it\/#website"},"primaryImageOfPage":{"@id":"https:\/\/schweizversand.ch\/it\/produkt\/xq-max-fenix-flight-shaft-34mm\/#primaryimage"},"image":{"@id":"https:\/\/schweizversand.ch\/it\/produkt\/xq-max-fenix-flight-shaft-34mm\/#primaryimage"},"thumbnailUrl":"https:\/\/schweizversand.ch\/wp-content\/uploads\/2026\/02\/5471921729.jpg","datePublished":"2026-03-14T22:20:59+00:00","dateModified":"2026-04-19T00:05:42+00:00","description":"XQ Max Fenix Flight & Shaft \u2013 Schaft und Flight in einem\u00a0 Der XQ Max Fenix Flight & Shaft vereint Dart-Schaft und Flight in einem praktischen Zubeh\u00f6rteil f\u00fcr da","breadcrumb":{"@id":"https:\/\/schweizversand.ch\/it\/produkt\/xq-max-fenix-flight-shaft-34mm\/#breadcrumb"},"inLanguage":"it-IT","potentialAction":[{"@type":"ReadAction","target":["https:\/\/schweizversand.ch\/it\/produkt\/xq-max-fenix-flight-shaft-34mm\/"]}]},{"@type":"ImageObject","inLanguage":"it-IT","@id":"https:\/\/schweizversand.ch\/it\/produkt\/xq-max-fenix-flight-shaft-34mm\/#primaryimage","url":"https:\/\/schweizversand.ch\/wp-content\/uploads\/2026\/02\/5471921729.jpg","contentUrl":"https:\/\/schweizversand.ch\/wp-content\/uploads\/2026\/02\/5471921729.jpg","width":355,"height":1024},{"@type":"BreadcrumbList","@id":"https:\/\/schweizversand.ch\/it\/produkt\/xq-max-fenix-flight-shaft-34mm\/#breadcrumb","itemListElement":[{"@type":"ListItem","position":1,"name":"Startseite","item":"https:\/\/schweizversand.ch\/it\/home\/"},{"@type":"ListItem","position":2,"name":"Shop","item":"https:\/\/schweizversand.ch\/it\/shop\/"},{"@type":"ListItem","position":3,"name":"Sport","item":"https:\/\/schweizversand.ch\/it\/produkt-kategorie\/sport-it\/"},{"@type":"ListItem","position":4,"name":"sport con la palla e freccette","item":"https:\/\/schweizversand.ch\/it\/produkt-kategorie\/sport-it\/sport-con-la-palla-e-freccette\/"},{"@type":"ListItem","position":5,"name":"Freccette","item":"https:\/\/schweizversand.ch\/it\/produkt-kategorie\/dart\/"},{"@type":"ListItem","position":6,"name":"XQ Max Fenix \u200b\u200bFlight &#038; Shaft 34mm"}]},{"@type":"WebSite","@id":"https:\/\/schweizversand.ch\/it\/#website","url":"https:\/\/schweizversand.ch\/it\/","name":"Schweizer Shop f\u00fcr Sport, Spiel und Freizeit","description":"Gratisversand ab 50.- (netto), ab eigenem schweizer Lager, Lieferung innert 48h","publisher":{"@id":"https:\/\/schweizversand.ch\/it\/#organization"},"alternateName":"Schweizversand.ch","potentialAction":[{"@type":"SearchAction","target":{"@type":"EntryPoint","urlTemplate":"https:\/\/schweizversand.ch\/it\/?s={search_term_string}"},"query-input":{"@type":"PropertyValueSpecification","valueRequired":true,"valueName":"search_term_string"}}],"inLanguage":"it-IT"},{"@type":"Organization","@id":"https:\/\/schweizversand.ch\/it\/#organization","name":"Schweizversand.ch","url":"https:\/\/schweizversand.ch\/it\/","logo":{"@type":"ImageObject","inLanguage":"it-IT","@id":"https:\/\/schweizversand.ch\/it\/#\/schema\/logo\/image\/","url":"https:\/\/schweizversand.ch\/wp-content\/uploads\/2026\/03\/Logo_Rund_Final-1.png","contentUrl":"https:\/\/schweizversand.ch\/wp-content\/uploads\/2026\/03\/Logo_Rund_Final-1.png","width":404,"height":404,"caption":"Schweizversand.ch"},"image":{"@id":"https:\/\/schweizversand.ch\/it\/#\/schema\/logo\/image\/"},"sameAs":["https:\/\/www.facebook.com\/Schweizversand","https:\/\/www.instagram.com\/schweizversand.ch\/"]}]}},"jetpack_sharing_enabled":true,"_links":{"self":[{"href":"https:\/\/schweizversand.ch\/it\/wp-json\/wp\/v2\/product\/260356","targetHints":{"allow":["GET"]}}],"collection":[{"href":"https:\/\/schweizversand.ch\/it\/wp-json\/wp\/v2\/product"}],"about":[{"href":"https:\/\/schweizversand.ch\/it\/wp-json\/wp\/v2\/types\/product"}],"replies":[{"embeddable":true,"href":"https:\/\/schweizversand.ch\/it\/wp-json\/wp\/v2\/comments?post=260356"}],"wp:featuredmedia":[{"embeddable":true,"href":"https:\/\/schweizversand.ch\/it\/wp-json\/wp\/v2\/media\/262244"}],"wp:attachment":[{"href":"https:\/\/schweizversand.ch\/it\/wp-json\/wp\/v2\/media?parent=260356"}],"wp:term":[{"taxonomy":"product_brand","embeddable":true,"href":"https:\/\/schweizversand.ch\/it\/wp-json\/wp\/v2\/product_brand?post=260356"},{"taxonomy":"product_cat","embeddable":true,"href":"https:\/\/schweizversand.ch\/it\/wp-json\/wp\/v2\/product_cat?post=260356"},{"taxonomy":"product_tag","embeddable":true,"href":"https:\/\/schweizversand.ch\/it\/wp-json\/wp\/v2\/product_tag?post=260356"}],"curies":[{"name":"wp","href":"https:\/\/api.w.org\/{rel}","templated":true}]}}