{"id":260366,"date":"2026-03-14T23:49:06","date_gmt":"2026-03-14T22:49:06","guid":{"rendered":"https:\/\/schweizversand.ch\/produkt\/xq-max-schwimmweste-3\/"},"modified":"2026-04-19T02:05:49","modified_gmt":"2026-04-19T00:05:49","slug":"xq-max-schwimmweste-3","status":"publish","type":"product","link":"https:\/\/schweizversand.ch\/it\/produkt\/xq-max-schwimmweste-3\/","title":{"rendered":"Giubbotto di salvataggio XQ Max"},"content":{"rendered":"<p>Questo giubbotto di salvataggio mantiene a galla i nuotatori di peso compreso tra 25 e 40 kg.<\/p>\n<p>Dettagli:<\/p>\n<p>\u2022 Tessuto Oxford con schiuma di galleggiamento in EPE<\/p>\n<p>\u2022 Tessuto interno grigio scuro e chiaro con tessuto esterno met\u00e0 grigio e met\u00e0 arancione<\/p>\n<p>\u2022 Fibbie e cinturini neri<\/p>\n<p>\u2022 Toppa con logo XQ Max in gomma<\/p>\n<p>\u2022 Conforme ai requisiti REACH e ISO EN-12402-5 40n<\/p>\n<p>\u2022 Include cinghia inguinale<\/p>\n","protected":false},"excerpt":{"rendered":"<p>XQ Max Schwimmweste sch\u00fctzt sicher bei 25-40 kg K\u00f6rpergewicht. Robust, zertifiziert nach EN-12402-5, mit praktischem Schrittgurt f\u00fcr optimalen Halt und Komfort.<\/p>\n","protected":false},"featured_media":157341,"comment_status":"open","ping_status":"closed","template":"","meta":[],"product_brand":[],"product_cat":[38761],"product_tag":[],"class_list":{"0":"post-260366","1":"product","2":"type-product","3":"status-publish","4":"has-post-thumbnail","6":"product_cat-schwimmen-tauchen","7":"product_shipping_class-global_methods","9":"first","10":"instock","11":"taxable","12":"shipping-taxable","13":"purchasable","14":"product-type-simple"},"yoast_head":"<!-- This site is optimized with the Yoast SEO plugin v27.4 - https:\/\/yoast.com\/product\/yoast-seo-wordpress\/ -->\n<title>XQ Max Schwimmweste<\/title>\n<meta name=\"description\" content=\"Diese Auftriebsweste h\u00e4lt den Schwimmer mit einem K\u00f6rpergewicht von 25-40 kg \u00fcber Wasser. Details:\u00a0 \u2022 Oxford Tuch mit EPE Schwimmschaum\u00a0 \u2022 dunkel- und hellgr\" \/>\n<meta name=\"robots\" content=\"index, follow, max-snippet:-1, max-image-preview:large, max-video-preview:-1\" \/>\n<link rel=\"canonical\" href=\"https:\/\/schweizversand.ch\/it\/produkt\/xq-max-schwimmweste-3\/\" \/>\n<meta property=\"og:locale\" content=\"it_IT\" \/>\n<meta property=\"og:type\" content=\"article\" \/>\n<meta property=\"og:title\" content=\"XQ Max Schwimmweste\" \/>\n<meta property=\"og:description\" content=\"Diese Auftriebsweste h\u00e4lt den Schwimmer mit einem K\u00f6rpergewicht von 25-40 kg \u00fcber Wasser. Details:\u00a0 \u2022 Oxford Tuch mit EPE Schwimmschaum\u00a0 \u2022 dunkel- und hellgr\" \/>\n<meta property=\"og:url\" content=\"https:\/\/schweizversand.ch\/it\/produkt\/xq-max-schwimmweste-3\/\" \/>\n<meta property=\"og:site_name\" content=\"Schweizer Shop f\u00fcr Sport, Spiel und Freizeit\" \/>\n<meta property=\"article:publisher\" content=\"https:\/\/www.facebook.com\/Schweizversand\" \/>\n<meta property=\"article:modified_time\" content=\"2026-04-19T00:05:49+00:00\" \/>\n<meta property=\"og:image\" content=\"https:\/\/schweizversand.ch\/wp-content\/uploads\/2026\/02\/5471617365.jpg\" \/>\n\t<meta property=\"og:image:width\" content=\"906\" \/>\n\t<meta property=\"og:image:height\" content=\"1024\" \/>\n\t<meta property=\"og:image:type\" content=\"image\/jpeg\" \/>\n<meta name=\"twitter:card\" content=\"summary_large_image\" \/>\n<script type=\"application\/ld+json\" class=\"yoast-schema-graph\">{\"@context\":\"https:\\\/\\\/schema.org\",\"@graph\":[{\"@type\":\"WebPage\",\"@id\":\"https:\\\/\\\/schweizversand.ch\\\/it\\\/produkt\\\/xq-max-schwimmweste-3\\\/\",\"url\":\"https:\\\/\\\/schweizversand.ch\\\/it\\\/produkt\\\/xq-max-schwimmweste-3\\\/\",\"name\":\"XQ Max Schwimmweste\",\"isPartOf\":{\"@id\":\"https:\\\/\\\/schweizversand.ch\\\/it\\\/#website\"},\"primaryImageOfPage\":{\"@id\":\"https:\\\/\\\/schweizversand.ch\\\/it\\\/produkt\\\/xq-max-schwimmweste-3\\\/#primaryimage\"},\"image\":{\"@id\":\"https:\\\/\\\/schweizversand.ch\\\/it\\\/produkt\\\/xq-max-schwimmweste-3\\\/#primaryimage\"},\"thumbnailUrl\":\"https:\\\/\\\/schweizversand.ch\\\/wp-content\\\/uploads\\\/2026\\\/02\\\/5471617365.jpg\",\"datePublished\":\"2026-03-14T22:49:06+00:00\",\"dateModified\":\"2026-04-19T00:05:49+00:00\",\"description\":\"Diese Auftriebsweste h\u00e4lt den Schwimmer mit einem K\u00f6rpergewicht von 25-40 kg \u00fcber Wasser. Details:\u00a0 \u2022 Oxford Tuch mit EPE Schwimmschaum\u00a0 \u2022 dunkel- und hellgr\",\"breadcrumb\":{\"@id\":\"https:\\\/\\\/schweizversand.ch\\\/it\\\/produkt\\\/xq-max-schwimmweste-3\\\/#breadcrumb\"},\"inLanguage\":\"it-IT\",\"potentialAction\":[{\"@type\":\"ReadAction\",\"target\":[\"https:\\\/\\\/schweizversand.ch\\\/it\\\/produkt\\\/xq-max-schwimmweste-3\\\/\"]}]},{\"@type\":\"ImageObject\",\"inLanguage\":\"it-IT\",\"@id\":\"https:\\\/\\\/schweizversand.ch\\\/it\\\/produkt\\\/xq-max-schwimmweste-3\\\/#primaryimage\",\"url\":\"https:\\\/\\\/schweizversand.ch\\\/wp-content\\\/uploads\\\/2026\\\/02\\\/5471617365.jpg\",\"contentUrl\":\"https:\\\/\\\/schweizversand.ch\\\/wp-content\\\/uploads\\\/2026\\\/02\\\/5471617365.jpg\",\"width\":906,\"height\":1024},{\"@type\":\"BreadcrumbList\",\"@id\":\"https:\\\/\\\/schweizversand.ch\\\/it\\\/produkt\\\/xq-max-schwimmweste-3\\\/#breadcrumb\",\"itemListElement\":[{\"@type\":\"ListItem\",\"position\":1,\"name\":\"Startseite\",\"item\":\"https:\\\/\\\/schweizversand.ch\\\/it\\\/home\\\/\"},{\"@type\":\"ListItem\",\"position\":2,\"name\":\"Shop\",\"item\":\"https:\\\/\\\/schweizversand.ch\\\/it\\\/shop\\\/\"},{\"@type\":\"ListItem\",\"position\":3,\"name\":\"Sport\",\"item\":\"https:\\\/\\\/schweizversand.ch\\\/it\\\/produkt-kategorie\\\/sport-it\\\/\"},{\"@type\":\"ListItem\",\"position\":4,\"name\":\"Sport acquatici\",\"item\":\"https:\\\/\\\/schweizversand.ch\\\/it\\\/produkt-kategorie\\\/sport-it\\\/sport-acquatici\\\/\"},{\"@type\":\"ListItem\",\"position\":5,\"name\":\"Nuoto e immersioni\",\"item\":\"https:\\\/\\\/schweizversand.ch\\\/it\\\/produkt-kategorie\\\/sport-it\\\/sport-acquatici\\\/schwimmen-tauchen\\\/\"},{\"@type\":\"ListItem\",\"position\":6,\"name\":\"Giubbotto di salvataggio XQ Max\"}]},{\"@type\":\"WebSite\",\"@id\":\"https:\\\/\\\/schweizversand.ch\\\/it\\\/#website\",\"url\":\"https:\\\/\\\/schweizversand.ch\\\/it\\\/\",\"name\":\"Schweizer Shop f\u00fcr Sport, Spiel und Freizeit\",\"description\":\"Gratisversand ab 50.- (netto), ab eigenem schweizer Lager, Lieferung innert 48h\",\"publisher\":{\"@id\":\"https:\\\/\\\/schweizversand.ch\\\/it\\\/#organization\"},\"alternateName\":\"Schweizversand.ch\",\"potentialAction\":[{\"@type\":\"SearchAction\",\"target\":{\"@type\":\"EntryPoint\",\"urlTemplate\":\"https:\\\/\\\/schweizversand.ch\\\/it\\\/?s={search_term_string}\"},\"query-input\":{\"@type\":\"PropertyValueSpecification\",\"valueRequired\":true,\"valueName\":\"search_term_string\"}}],\"inLanguage\":\"it-IT\"},{\"@type\":\"Organization\",\"@id\":\"https:\\\/\\\/schweizversand.ch\\\/it\\\/#organization\",\"name\":\"Schweizversand.ch\",\"url\":\"https:\\\/\\\/schweizversand.ch\\\/it\\\/\",\"logo\":{\"@type\":\"ImageObject\",\"inLanguage\":\"it-IT\",\"@id\":\"https:\\\/\\\/schweizversand.ch\\\/it\\\/#\\\/schema\\\/logo\\\/image\\\/\",\"url\":\"https:\\\/\\\/schweizversand.ch\\\/wp-content\\\/uploads\\\/2026\\\/03\\\/Logo_Rund_Final-1.png\",\"contentUrl\":\"https:\\\/\\\/schweizversand.ch\\\/wp-content\\\/uploads\\\/2026\\\/03\\\/Logo_Rund_Final-1.png\",\"width\":404,\"height\":404,\"caption\":\"Schweizversand.ch\"},\"image\":{\"@id\":\"https:\\\/\\\/schweizversand.ch\\\/it\\\/#\\\/schema\\\/logo\\\/image\\\/\"},\"sameAs\":[\"https:\\\/\\\/www.facebook.com\\\/Schweizversand\",\"https:\\\/\\\/www.instagram.com\\\/schweizversand.ch\\\/\"]}]}<\/script>\n<!-- \/ Yoast SEO plugin. -->","yoast_head_json":{"title":"XQ Max Schwimmweste","description":"Diese Auftriebsweste h\u00e4lt den Schwimmer mit einem K\u00f6rpergewicht von 25-40 kg \u00fcber Wasser. Details:\u00a0 \u2022 Oxford Tuch mit EPE Schwimmschaum\u00a0 \u2022 dunkel- und hellgr","robots":{"index":"index","follow":"follow","max-snippet":"max-snippet:-1","max-image-preview":"max-image-preview:large","max-video-preview":"max-video-preview:-1"},"canonical":"https:\/\/schweizversand.ch\/it\/produkt\/xq-max-schwimmweste-3\/","og_locale":"it_IT","og_type":"article","og_title":"XQ Max Schwimmweste","og_description":"Diese Auftriebsweste h\u00e4lt den Schwimmer mit einem K\u00f6rpergewicht von 25-40 kg \u00fcber Wasser. Details:\u00a0 \u2022 Oxford Tuch mit EPE Schwimmschaum\u00a0 \u2022 dunkel- und hellgr","og_url":"https:\/\/schweizversand.ch\/it\/produkt\/xq-max-schwimmweste-3\/","og_site_name":"Schweizer Shop f\u00fcr Sport, Spiel und Freizeit","article_publisher":"https:\/\/www.facebook.com\/Schweizversand","article_modified_time":"2026-04-19T00:05:49+00:00","og_image":[{"width":906,"height":1024,"url":"https:\/\/schweizversand.ch\/wp-content\/uploads\/2026\/02\/5471617365.jpg","type":"image\/jpeg"}],"twitter_card":"summary_large_image","schema":{"@context":"https:\/\/schema.org","@graph":[{"@type":"WebPage","@id":"https:\/\/schweizversand.ch\/it\/produkt\/xq-max-schwimmweste-3\/","url":"https:\/\/schweizversand.ch\/it\/produkt\/xq-max-schwimmweste-3\/","name":"XQ Max Schwimmweste","isPartOf":{"@id":"https:\/\/schweizversand.ch\/it\/#website"},"primaryImageOfPage":{"@id":"https:\/\/schweizversand.ch\/it\/produkt\/xq-max-schwimmweste-3\/#primaryimage"},"image":{"@id":"https:\/\/schweizversand.ch\/it\/produkt\/xq-max-schwimmweste-3\/#primaryimage"},"thumbnailUrl":"https:\/\/schweizversand.ch\/wp-content\/uploads\/2026\/02\/5471617365.jpg","datePublished":"2026-03-14T22:49:06+00:00","dateModified":"2026-04-19T00:05:49+00:00","description":"Diese Auftriebsweste h\u00e4lt den Schwimmer mit einem K\u00f6rpergewicht von 25-40 kg \u00fcber Wasser. Details:\u00a0 \u2022 Oxford Tuch mit EPE Schwimmschaum\u00a0 \u2022 dunkel- und hellgr","breadcrumb":{"@id":"https:\/\/schweizversand.ch\/it\/produkt\/xq-max-schwimmweste-3\/#breadcrumb"},"inLanguage":"it-IT","potentialAction":[{"@type":"ReadAction","target":["https:\/\/schweizversand.ch\/it\/produkt\/xq-max-schwimmweste-3\/"]}]},{"@type":"ImageObject","inLanguage":"it-IT","@id":"https:\/\/schweizversand.ch\/it\/produkt\/xq-max-schwimmweste-3\/#primaryimage","url":"https:\/\/schweizversand.ch\/wp-content\/uploads\/2026\/02\/5471617365.jpg","contentUrl":"https:\/\/schweizversand.ch\/wp-content\/uploads\/2026\/02\/5471617365.jpg","width":906,"height":1024},{"@type":"BreadcrumbList","@id":"https:\/\/schweizversand.ch\/it\/produkt\/xq-max-schwimmweste-3\/#breadcrumb","itemListElement":[{"@type":"ListItem","position":1,"name":"Startseite","item":"https:\/\/schweizversand.ch\/it\/home\/"},{"@type":"ListItem","position":2,"name":"Shop","item":"https:\/\/schweizversand.ch\/it\/shop\/"},{"@type":"ListItem","position":3,"name":"Sport","item":"https:\/\/schweizversand.ch\/it\/produkt-kategorie\/sport-it\/"},{"@type":"ListItem","position":4,"name":"Sport acquatici","item":"https:\/\/schweizversand.ch\/it\/produkt-kategorie\/sport-it\/sport-acquatici\/"},{"@type":"ListItem","position":5,"name":"Nuoto e immersioni","item":"https:\/\/schweizversand.ch\/it\/produkt-kategorie\/sport-it\/sport-acquatici\/schwimmen-tauchen\/"},{"@type":"ListItem","position":6,"name":"Giubbotto di salvataggio XQ Max"}]},{"@type":"WebSite","@id":"https:\/\/schweizversand.ch\/it\/#website","url":"https:\/\/schweizversand.ch\/it\/","name":"Schweizer Shop f\u00fcr Sport, Spiel und Freizeit","description":"Gratisversand ab 50.- (netto), ab eigenem schweizer Lager, Lieferung innert 48h","publisher":{"@id":"https:\/\/schweizversand.ch\/it\/#organization"},"alternateName":"Schweizversand.ch","potentialAction":[{"@type":"SearchAction","target":{"@type":"EntryPoint","urlTemplate":"https:\/\/schweizversand.ch\/it\/?s={search_term_string}"},"query-input":{"@type":"PropertyValueSpecification","valueRequired":true,"valueName":"search_term_string"}}],"inLanguage":"it-IT"},{"@type":"Organization","@id":"https:\/\/schweizversand.ch\/it\/#organization","name":"Schweizversand.ch","url":"https:\/\/schweizversand.ch\/it\/","logo":{"@type":"ImageObject","inLanguage":"it-IT","@id":"https:\/\/schweizversand.ch\/it\/#\/schema\/logo\/image\/","url":"https:\/\/schweizversand.ch\/wp-content\/uploads\/2026\/03\/Logo_Rund_Final-1.png","contentUrl":"https:\/\/schweizversand.ch\/wp-content\/uploads\/2026\/03\/Logo_Rund_Final-1.png","width":404,"height":404,"caption":"Schweizversand.ch"},"image":{"@id":"https:\/\/schweizversand.ch\/it\/#\/schema\/logo\/image\/"},"sameAs":["https:\/\/www.facebook.com\/Schweizversand","https:\/\/www.instagram.com\/schweizversand.ch\/"]}]}},"jetpack_sharing_enabled":true,"_links":{"self":[{"href":"https:\/\/schweizversand.ch\/it\/wp-json\/wp\/v2\/product\/260366","targetHints":{"allow":["GET"]}}],"collection":[{"href":"https:\/\/schweizversand.ch\/it\/wp-json\/wp\/v2\/product"}],"about":[{"href":"https:\/\/schweizversand.ch\/it\/wp-json\/wp\/v2\/types\/product"}],"replies":[{"embeddable":true,"href":"https:\/\/schweizversand.ch\/it\/wp-json\/wp\/v2\/comments?post=260366"}],"wp:featuredmedia":[{"embeddable":true,"href":"https:\/\/schweizversand.ch\/it\/wp-json\/wp\/v2\/media\/157341"}],"wp:attachment":[{"href":"https:\/\/schweizversand.ch\/it\/wp-json\/wp\/v2\/media?parent=260366"}],"wp:term":[{"taxonomy":"product_brand","embeddable":true,"href":"https:\/\/schweizversand.ch\/it\/wp-json\/wp\/v2\/product_brand?post=260366"},{"taxonomy":"product_cat","embeddable":true,"href":"https:\/\/schweizversand.ch\/it\/wp-json\/wp\/v2\/product_cat?post=260366"},{"taxonomy":"product_tag","embeddable":true,"href":"https:\/\/schweizversand.ch\/it\/wp-json\/wp\/v2\/product_tag?post=260366"}],"curies":[{"name":"wp","href":"https:\/\/api.w.org\/{rel}","templated":true}]}}