{"id":260371,"date":"2026-03-14T23:49:11","date_gmt":"2026-03-14T22:49:11","guid":{"rendered":"https:\/\/schweizversand.ch\/produkt\/xq-max-tischtennis-set-2-schlaeger-3-baelle\/"},"modified":"2026-04-20T02:04:46","modified_gmt":"2026-04-20T00:04:46","slug":"xq-max-tischtennis-set-2-schlaeger-3-baelle","status":"publish","type":"product","link":"https:\/\/schweizversand.ch\/it\/produkt\/xq-max-tischtennis-set-2-schlaeger-3-baelle\/","title":{"rendered":"Set da ping pong XQ Max &#8211; 2 racchette, 3 palline"},"content":{"rendered":"<h1><strong>Set da ping pong XQ Max &#8211; Set completo per un divertimento immediato<\/strong><\/h1>\n<div>Con il <strong>set da ping pong XQ Max<\/strong>, avrai l&#8217;attrezzatura perfetta per iniziare subito partite emozionanti. Questo completo <strong>set da ping pong completo<\/strong> \u00e8 ideale per il tempo libero e l&#8217;hobby e garantisce un divertimento rapido, sia in giardino che in casa.<\/p>\n<\/div>\n<div><strong>Pronti per una partita &#8211; Set da ping pong per 2 giocatori<\/strong><br \/>Questo pratico <strong>set da ping pong per 2 giocatori<\/strong> contiene tutti i componenti necessari per giocare subito. \u00c8 la soluzione ideale per famiglie e amici che desiderano giocare una partita spontanea e offre un eccellente rapporto qualit\u00e0-prezzo.<\/p>\n<\/div>\n<div><strong>Racchette e palline di alta qualit\u00e0<\/strong><br \/>Il <strong>set di racchette da ping pong<\/strong> include due racchette robuste e tre palline. Queste racchette sono progettate appositamente per i giocatori amatoriali e offrono un buon equilibrio tra controllo e velocit\u00e0. Il comodo manico in legno garantisce una maneggevolezza sicura e piacevole.<\/p>\n<\/div>\n<div><strong>Dettagli del prodotto \u2013 Racchette e palline da ping pong<\/strong><br \/>&#8211; Set da ping pong<\/strong> per due giocatori<br \/>&#8211; 2 racchette con manico in legno<br \/>&#8211; 3 palline da ping pong<br \/>&#8211; Materiale della racchetta: legno e gomma<br \/>&#8211; Spessore della spugna: 1 mm<br \/>&#8211; Spessore della gomma: 1 mm<br \/>&#8211; Spessore del legno: 6 mm<\/p>\n<\/div>\n<div>Assicurati oggi stesso questo set da ping pong<\/strong> e vivi momenti indimenticabili pieni di azione e sfida sportiva.<\/p>\n<\/div>\n<div><\/div>\n","protected":false},"excerpt":{"rendered":"<p>XQ Max Tischtennis Set \u2013 2 robuste Schl\u00e4ger und 3 B\u00e4lle f\u00fcr sofortigen Spielspa\u00df. Perfekt f\u00fcr Freizeit und Hobby, drinnen und drau\u00dfen. Jetzt direkt loslegen!<\/p>\n","protected":false},"featured_media":157446,"comment_status":"open","ping_status":"closed","template":"","meta":[],"product_brand":[],"product_cat":[38412],"product_tag":[],"class_list":{"0":"post-260371","1":"product","2":"type-product","3":"status-publish","4":"has-post-thumbnail","6":"product_cat-tischtennis","7":"product_shipping_class-global_methods","9":"first","10":"instock","11":"taxable","12":"shipping-taxable","13":"purchasable","14":"product-type-simple"},"yoast_head":"<!-- This site is optimized with the Yoast SEO plugin v27.4 - https:\/\/yoast.com\/product\/yoast-seo-wordpress\/ -->\n<title>XQ Max Tischtennis Set - 2 Schl\u00e4ger, 3 B\u00e4lle<\/title>\n<meta name=\"description\" content=\"XQ Max Tischtennis-Set \u2013 Komplettset f\u00fcr den schnellen Spielspass Mit dem XQ Max Tischtennis-Set erwerben Sie die perfekte Ausr\u00fcstung, um sofort in spannende Du\" \/>\n<meta name=\"robots\" content=\"index, follow, max-snippet:-1, max-image-preview:large, max-video-preview:-1\" \/>\n<link rel=\"canonical\" href=\"https:\/\/schweizversand.ch\/it\/produkt\/xq-max-tischtennis-set-2-schlaeger-3-baelle\/\" \/>\n<meta property=\"og:locale\" content=\"it_IT\" \/>\n<meta property=\"og:type\" content=\"article\" \/>\n<meta property=\"og:title\" content=\"XQ Max Tischtennis Set - 2 Schl\u00e4ger, 3 B\u00e4lle\" \/>\n<meta property=\"og:description\" content=\"XQ Max Tischtennis-Set \u2013 Komplettset f\u00fcr den schnellen Spielspass Mit dem XQ Max Tischtennis-Set erwerben Sie die perfekte Ausr\u00fcstung, um sofort in spannende Du\" \/>\n<meta property=\"og:url\" content=\"https:\/\/schweizversand.ch\/it\/produkt\/xq-max-tischtennis-set-2-schlaeger-3-baelle\/\" \/>\n<meta property=\"og:site_name\" content=\"Schweizer Shop f\u00fcr Sport, Spiel und Freizeit\" \/>\n<meta property=\"article:publisher\" content=\"https:\/\/www.facebook.com\/Schweizversand\" \/>\n<meta property=\"article:modified_time\" content=\"2026-04-20T00:04:46+00:00\" \/>\n<meta property=\"og:image\" content=\"https:\/\/schweizversand.ch\/wp-content\/uploads\/2026\/02\/5471890614.jpg\" \/>\n\t<meta property=\"og:image:width\" content=\"698\" \/>\n\t<meta property=\"og:image:height\" content=\"1024\" \/>\n\t<meta property=\"og:image:type\" content=\"image\/jpeg\" \/>\n<meta name=\"twitter:card\" content=\"summary_large_image\" \/>\n<meta name=\"twitter:label1\" content=\"Tempo di lettura stimato\" \/>\n\t<meta name=\"twitter:data1\" content=\"1 minuto\" \/>\n<script type=\"application\/ld+json\" class=\"yoast-schema-graph\">{\"@context\":\"https:\\\/\\\/schema.org\",\"@graph\":[{\"@type\":\"WebPage\",\"@id\":\"https:\\\/\\\/schweizversand.ch\\\/it\\\/produkt\\\/xq-max-tischtennis-set-2-schlaeger-3-baelle\\\/\",\"url\":\"https:\\\/\\\/schweizversand.ch\\\/it\\\/produkt\\\/xq-max-tischtennis-set-2-schlaeger-3-baelle\\\/\",\"name\":\"XQ Max Tischtennis Set - 2 Schl\u00e4ger, 3 B\u00e4lle\",\"isPartOf\":{\"@id\":\"https:\\\/\\\/schweizversand.ch\\\/it\\\/#website\"},\"primaryImageOfPage\":{\"@id\":\"https:\\\/\\\/schweizversand.ch\\\/it\\\/produkt\\\/xq-max-tischtennis-set-2-schlaeger-3-baelle\\\/#primaryimage\"},\"image\":{\"@id\":\"https:\\\/\\\/schweizversand.ch\\\/it\\\/produkt\\\/xq-max-tischtennis-set-2-schlaeger-3-baelle\\\/#primaryimage\"},\"thumbnailUrl\":\"https:\\\/\\\/schweizversand.ch\\\/wp-content\\\/uploads\\\/2026\\\/02\\\/5471890614.jpg\",\"datePublished\":\"2026-03-14T22:49:11+00:00\",\"dateModified\":\"2026-04-20T00:04:46+00:00\",\"description\":\"XQ Max Tischtennis-Set \u2013 Komplettset f\u00fcr den schnellen Spielspass Mit dem XQ Max Tischtennis-Set erwerben Sie die perfekte Ausr\u00fcstung, um sofort in spannende Du\",\"breadcrumb\":{\"@id\":\"https:\\\/\\\/schweizversand.ch\\\/it\\\/produkt\\\/xq-max-tischtennis-set-2-schlaeger-3-baelle\\\/#breadcrumb\"},\"inLanguage\":\"it-IT\",\"potentialAction\":[{\"@type\":\"ReadAction\",\"target\":[\"https:\\\/\\\/schweizversand.ch\\\/it\\\/produkt\\\/xq-max-tischtennis-set-2-schlaeger-3-baelle\\\/\"]}]},{\"@type\":\"ImageObject\",\"inLanguage\":\"it-IT\",\"@id\":\"https:\\\/\\\/schweizversand.ch\\\/it\\\/produkt\\\/xq-max-tischtennis-set-2-schlaeger-3-baelle\\\/#primaryimage\",\"url\":\"https:\\\/\\\/schweizversand.ch\\\/wp-content\\\/uploads\\\/2026\\\/02\\\/5471890614.jpg\",\"contentUrl\":\"https:\\\/\\\/schweizversand.ch\\\/wp-content\\\/uploads\\\/2026\\\/02\\\/5471890614.jpg\",\"width\":698,\"height\":1024},{\"@type\":\"BreadcrumbList\",\"@id\":\"https:\\\/\\\/schweizversand.ch\\\/it\\\/produkt\\\/xq-max-tischtennis-set-2-schlaeger-3-baelle\\\/#breadcrumb\",\"itemListElement\":[{\"@type\":\"ListItem\",\"position\":1,\"name\":\"Startseite\",\"item\":\"https:\\\/\\\/schweizversand.ch\\\/it\\\/home\\\/\"},{\"@type\":\"ListItem\",\"position\":2,\"name\":\"Shop\",\"item\":\"https:\\\/\\\/schweizversand.ch\\\/it\\\/shop\\\/\"},{\"@type\":\"ListItem\",\"position\":3,\"name\":\"Sport\",\"item\":\"https:\\\/\\\/schweizversand.ch\\\/it\\\/produkt-kategorie\\\/sport-it\\\/\"},{\"@type\":\"ListItem\",\"position\":4,\"name\":\"sport con la palla e freccette\",\"item\":\"https:\\\/\\\/schweizversand.ch\\\/it\\\/produkt-kategorie\\\/sport-it\\\/sport-con-la-palla-e-freccette\\\/\"},{\"@type\":\"ListItem\",\"position\":5,\"name\":\"Tennistavolo\",\"item\":\"https:\\\/\\\/schweizversand.ch\\\/en\\\/produkt-kategorie\\\/tischtennis\\\/\"},{\"@type\":\"ListItem\",\"position\":6,\"name\":\"Set da ping pong XQ Max &#8211; 2 racchette, 3 palline\"}]},{\"@type\":\"WebSite\",\"@id\":\"https:\\\/\\\/schweizversand.ch\\\/it\\\/#website\",\"url\":\"https:\\\/\\\/schweizversand.ch\\\/it\\\/\",\"name\":\"Schweizer Shop f\u00fcr Sport, Spiel und Freizeit\",\"description\":\"Gratisversand ab 50.- (netto), ab eigenem schweizer Lager, Lieferung innert 48h\",\"publisher\":{\"@id\":\"https:\\\/\\\/schweizversand.ch\\\/it\\\/#organization\"},\"alternateName\":\"Schweizversand.ch\",\"potentialAction\":[{\"@type\":\"SearchAction\",\"target\":{\"@type\":\"EntryPoint\",\"urlTemplate\":\"https:\\\/\\\/schweizversand.ch\\\/it\\\/?s={search_term_string}\"},\"query-input\":{\"@type\":\"PropertyValueSpecification\",\"valueRequired\":true,\"valueName\":\"search_term_string\"}}],\"inLanguage\":\"it-IT\"},{\"@type\":\"Organization\",\"@id\":\"https:\\\/\\\/schweizversand.ch\\\/it\\\/#organization\",\"name\":\"Schweizversand.ch\",\"url\":\"https:\\\/\\\/schweizversand.ch\\\/it\\\/\",\"logo\":{\"@type\":\"ImageObject\",\"inLanguage\":\"it-IT\",\"@id\":\"https:\\\/\\\/schweizversand.ch\\\/it\\\/#\\\/schema\\\/logo\\\/image\\\/\",\"url\":\"https:\\\/\\\/schweizversand.ch\\\/wp-content\\\/uploads\\\/2026\\\/03\\\/Logo_Rund_Final-1.png\",\"contentUrl\":\"https:\\\/\\\/schweizversand.ch\\\/wp-content\\\/uploads\\\/2026\\\/03\\\/Logo_Rund_Final-1.png\",\"width\":404,\"height\":404,\"caption\":\"Schweizversand.ch\"},\"image\":{\"@id\":\"https:\\\/\\\/schweizversand.ch\\\/it\\\/#\\\/schema\\\/logo\\\/image\\\/\"},\"sameAs\":[\"https:\\\/\\\/www.facebook.com\\\/Schweizversand\",\"https:\\\/\\\/www.instagram.com\\\/schweizversand.ch\\\/\"]}]}<\/script>\n<!-- \/ Yoast SEO plugin. -->","yoast_head_json":{"title":"XQ Max Tischtennis Set - 2 Schl\u00e4ger, 3 B\u00e4lle","description":"XQ Max Tischtennis-Set \u2013 Komplettset f\u00fcr den schnellen Spielspass Mit dem XQ Max Tischtennis-Set erwerben Sie die perfekte Ausr\u00fcstung, um sofort in spannende Du","robots":{"index":"index","follow":"follow","max-snippet":"max-snippet:-1","max-image-preview":"max-image-preview:large","max-video-preview":"max-video-preview:-1"},"canonical":"https:\/\/schweizversand.ch\/it\/produkt\/xq-max-tischtennis-set-2-schlaeger-3-baelle\/","og_locale":"it_IT","og_type":"article","og_title":"XQ Max Tischtennis Set - 2 Schl\u00e4ger, 3 B\u00e4lle","og_description":"XQ Max Tischtennis-Set \u2013 Komplettset f\u00fcr den schnellen Spielspass Mit dem XQ Max Tischtennis-Set erwerben Sie die perfekte Ausr\u00fcstung, um sofort in spannende Du","og_url":"https:\/\/schweizversand.ch\/it\/produkt\/xq-max-tischtennis-set-2-schlaeger-3-baelle\/","og_site_name":"Schweizer Shop f\u00fcr Sport, Spiel und Freizeit","article_publisher":"https:\/\/www.facebook.com\/Schweizversand","article_modified_time":"2026-04-20T00:04:46+00:00","og_image":[{"width":698,"height":1024,"url":"https:\/\/schweizversand.ch\/wp-content\/uploads\/2026\/02\/5471890614.jpg","type":"image\/jpeg"}],"twitter_card":"summary_large_image","twitter_misc":{"Tempo di lettura stimato":"1 minuto"},"schema":{"@context":"https:\/\/schema.org","@graph":[{"@type":"WebPage","@id":"https:\/\/schweizversand.ch\/it\/produkt\/xq-max-tischtennis-set-2-schlaeger-3-baelle\/","url":"https:\/\/schweizversand.ch\/it\/produkt\/xq-max-tischtennis-set-2-schlaeger-3-baelle\/","name":"XQ Max Tischtennis Set - 2 Schl\u00e4ger, 3 B\u00e4lle","isPartOf":{"@id":"https:\/\/schweizversand.ch\/it\/#website"},"primaryImageOfPage":{"@id":"https:\/\/schweizversand.ch\/it\/produkt\/xq-max-tischtennis-set-2-schlaeger-3-baelle\/#primaryimage"},"image":{"@id":"https:\/\/schweizversand.ch\/it\/produkt\/xq-max-tischtennis-set-2-schlaeger-3-baelle\/#primaryimage"},"thumbnailUrl":"https:\/\/schweizversand.ch\/wp-content\/uploads\/2026\/02\/5471890614.jpg","datePublished":"2026-03-14T22:49:11+00:00","dateModified":"2026-04-20T00:04:46+00:00","description":"XQ Max Tischtennis-Set \u2013 Komplettset f\u00fcr den schnellen Spielspass Mit dem XQ Max Tischtennis-Set erwerben Sie die perfekte Ausr\u00fcstung, um sofort in spannende Du","breadcrumb":{"@id":"https:\/\/schweizversand.ch\/it\/produkt\/xq-max-tischtennis-set-2-schlaeger-3-baelle\/#breadcrumb"},"inLanguage":"it-IT","potentialAction":[{"@type":"ReadAction","target":["https:\/\/schweizversand.ch\/it\/produkt\/xq-max-tischtennis-set-2-schlaeger-3-baelle\/"]}]},{"@type":"ImageObject","inLanguage":"it-IT","@id":"https:\/\/schweizversand.ch\/it\/produkt\/xq-max-tischtennis-set-2-schlaeger-3-baelle\/#primaryimage","url":"https:\/\/schweizversand.ch\/wp-content\/uploads\/2026\/02\/5471890614.jpg","contentUrl":"https:\/\/schweizversand.ch\/wp-content\/uploads\/2026\/02\/5471890614.jpg","width":698,"height":1024},{"@type":"BreadcrumbList","@id":"https:\/\/schweizversand.ch\/it\/produkt\/xq-max-tischtennis-set-2-schlaeger-3-baelle\/#breadcrumb","itemListElement":[{"@type":"ListItem","position":1,"name":"Startseite","item":"https:\/\/schweizversand.ch\/it\/home\/"},{"@type":"ListItem","position":2,"name":"Shop","item":"https:\/\/schweizversand.ch\/it\/shop\/"},{"@type":"ListItem","position":3,"name":"Sport","item":"https:\/\/schweizversand.ch\/it\/produkt-kategorie\/sport-it\/"},{"@type":"ListItem","position":4,"name":"sport con la palla e freccette","item":"https:\/\/schweizversand.ch\/it\/produkt-kategorie\/sport-it\/sport-con-la-palla-e-freccette\/"},{"@type":"ListItem","position":5,"name":"Tennistavolo","item":"https:\/\/schweizversand.ch\/en\/produkt-kategorie\/tischtennis\/"},{"@type":"ListItem","position":6,"name":"Set da ping pong XQ Max &#8211; 2 racchette, 3 palline"}]},{"@type":"WebSite","@id":"https:\/\/schweizversand.ch\/it\/#website","url":"https:\/\/schweizversand.ch\/it\/","name":"Schweizer Shop f\u00fcr Sport, Spiel und Freizeit","description":"Gratisversand ab 50.- (netto), ab eigenem schweizer Lager, Lieferung innert 48h","publisher":{"@id":"https:\/\/schweizversand.ch\/it\/#organization"},"alternateName":"Schweizversand.ch","potentialAction":[{"@type":"SearchAction","target":{"@type":"EntryPoint","urlTemplate":"https:\/\/schweizversand.ch\/it\/?s={search_term_string}"},"query-input":{"@type":"PropertyValueSpecification","valueRequired":true,"valueName":"search_term_string"}}],"inLanguage":"it-IT"},{"@type":"Organization","@id":"https:\/\/schweizversand.ch\/it\/#organization","name":"Schweizversand.ch","url":"https:\/\/schweizversand.ch\/it\/","logo":{"@type":"ImageObject","inLanguage":"it-IT","@id":"https:\/\/schweizversand.ch\/it\/#\/schema\/logo\/image\/","url":"https:\/\/schweizversand.ch\/wp-content\/uploads\/2026\/03\/Logo_Rund_Final-1.png","contentUrl":"https:\/\/schweizversand.ch\/wp-content\/uploads\/2026\/03\/Logo_Rund_Final-1.png","width":404,"height":404,"caption":"Schweizversand.ch"},"image":{"@id":"https:\/\/schweizversand.ch\/it\/#\/schema\/logo\/image\/"},"sameAs":["https:\/\/www.facebook.com\/Schweizversand","https:\/\/www.instagram.com\/schweizversand.ch\/"]}]}},"jetpack_sharing_enabled":true,"_links":{"self":[{"href":"https:\/\/schweizversand.ch\/it\/wp-json\/wp\/v2\/product\/260371","targetHints":{"allow":["GET"]}}],"collection":[{"href":"https:\/\/schweizversand.ch\/it\/wp-json\/wp\/v2\/product"}],"about":[{"href":"https:\/\/schweizversand.ch\/it\/wp-json\/wp\/v2\/types\/product"}],"replies":[{"embeddable":true,"href":"https:\/\/schweizversand.ch\/it\/wp-json\/wp\/v2\/comments?post=260371"}],"wp:featuredmedia":[{"embeddable":true,"href":"https:\/\/schweizversand.ch\/it\/wp-json\/wp\/v2\/media\/157446"}],"wp:attachment":[{"href":"https:\/\/schweizversand.ch\/it\/wp-json\/wp\/v2\/media?parent=260371"}],"wp:term":[{"taxonomy":"product_brand","embeddable":true,"href":"https:\/\/schweizversand.ch\/it\/wp-json\/wp\/v2\/product_brand?post=260371"},{"taxonomy":"product_cat","embeddable":true,"href":"https:\/\/schweizversand.ch\/it\/wp-json\/wp\/v2\/product_cat?post=260371"},{"taxonomy":"product_tag","embeddable":true,"href":"https:\/\/schweizversand.ch\/it\/wp-json\/wp\/v2\/product_tag?post=260371"}],"curies":[{"name":"wp","href":"https:\/\/api.w.org\/{rel}","templated":true}]}}